{"id":4425,"date":"2022-02-20T09:10:27","date_gmt":"2022-02-20T09:10:27","guid":{"rendered":"https:\/\/medicinasinc.com\/lt\/?post_type=product&#038;p=4425"},"modified":"2022-03-20T12:42:03","modified_gmt":"2022-03-20T12:42:03","slug":"pirk-skywalker-og-thc-distillate-kosher-extract","status":"publish","type":"product","link":"https:\/\/medicinasinc.com\/lt\/product\/pirk-skywalker-og-thc-distillate-kosher-extract\/","title":{"rendered":"Pirkite Skywalker OG THC distiliat\u0105 \u2013 ko\u0161erio ekstrakt\u0105"},"content":{"rendered":"<p>THC distiliato ko\u0161erinis ekstraktas<\/p>\n<p>THC distiliatas yra vienas gryniausi\u0173 ir stipriausi\u0173 kanapi\u0173 ekstrakt\u0173 rinkoje, suteikiantis daug \u012fvairi\u0173 gydom\u0173j\u0173 privalum\u0173 ir savybi\u0173. Kanap\u0117s skaidomos naudojant molekulin\u0119 trumpojo kelio distiliacij\u0105, kol beveik kiekvienas komponentas yra atskirtas nuo THC (tai apima: terpenus, augal\u0173 lipidus, pesticidus ir kitus ter\u0161alus). \u0160iuo metodu gaunamas itin grynas kanapi\u0173 ekstraktas, nenaudojant tirpikli\u0173 THC ekstrahuoti. Be \u0161io grynumo, distiliuojant gaunamas produktas, kuris yra daug stipresnis nei saus\u0173 \u017eoleli\u0173 ar kit\u0173 kanapi\u0173 ekstrakt\u0173. THC distiliate gali b\u016bti nuo 85 iki 99 procent\u0173 THC!<\/p>\n","protected":false},"excerpt":{"rendered":"<p><em>Pirkite Skywalker OG distiliat\u0105<\/em>\u00a0Syringe yra atpalaiduojantis Indikos aliejus, kuris ramina prot\u0105, atpalaiduoja k\u016bn\u0105 ir sukelia visi\u0161k\u0105 euforijos b\u016bsen\u0105.<\/p>\n<p><em>Pirkite. Skywalker OG THC distiliatas<\/em>\u00a0&#8211; ko\u0161erinis ekstraktas internetu Kanadoje i\u0161 did\u017eiausios internetin\u0117s vaistin\u0117s \u201eBuy My Weed Online\u201c.<\/p>\n<ul>\n<li><\/li>\n<li>Pristatymas visame pasaulyje<\/li>\n<li>Ma\u017eiausias u\u017esakymo kiekis yra 5<\/li>\n<li><strong>Susisiekite su mumis<\/strong>\u00a0d\u0117l didesni\u0173 u\u017esakym\u0173<\/li>\n<\/ul>\n","protected":false},"featured_media":4459,"comment_status":"open","ping_status":"closed","template":"","meta":[],"product_brand":[],"product_cat":[440],"product_tag":[],"class_list":{"0":"post-4425","1":"product","2":"type-product","3":"status-publish","4":"has-post-thumbnail","6":"product_cat-pirkti-kanapi-cbd-aliej","8":"first","9":"instock","10":"shipping-taxable","11":"purchasable","12":"product-type-variable","13":"has-default-attributes"},"yoast_head":"<!-- This site is optimized with the Yoast SEO plugin v27.3 - https:\/\/yoast.com\/product\/yoast-seo-wordpress\/ -->\n<title>Pirkite Skywalker OG THC distiliat\u0105 \u2013 ko\u0161erin\u012f ekstrakt\u0105 \u2013 geriausios pasaulin\u0117s MedsMeta apra\u0161ymo per\u017ei\u016bra:<\/title>\n<meta name=\"description\" content=\"Pirkite Skywalker OG THC distiliato \u2013 ko\u0161erinio ekstrakto i\u0161pardavim\u0105 internetu i\u0161 did\u017eiausios internetin\u0117s ambulatorijos \u201eBuy My Weed Online\u201c.\" \/>\n<meta name=\"robots\" content=\"index, follow, max-snippet:-1, max-image-preview:large, max-video-preview:-1\" \/>\n<link rel=\"canonical\" href=\"https:\/\/medicinasinc.com\/lt\/product\/pirk-skywalker-og-thc-distillate-kosher-extract\/\" \/>\n<meta property=\"og:locale\" content=\"en_US\" \/>\n<meta property=\"og:type\" content=\"article\" \/>\n<meta property=\"og:title\" content=\"Pirkite Skywalker OG THC distiliat\u0105 \u2013 ko\u0161erin\u012f ekstrakt\u0105 \u2013 geriausios pasaulin\u0117s MedsMeta apra\u0161ymo per\u017ei\u016bra:\" \/>\n<meta property=\"og:description\" content=\"Pirkite Skywalker OG THC distiliato \u2013 ko\u0161erinio ekstrakto i\u0161pardavim\u0105 internetu i\u0161 did\u017eiausios internetin\u0117s ambulatorijos \u201eBuy My Weed Online\u201c.\" \/>\n<meta property=\"og:url\" content=\"https:\/\/medicinasinc.com\/lt\/product\/pirk-skywalker-og-thc-distillate-kosher-extract\/\" \/>\n<meta property=\"og:site_name\" content=\"Medicinas Inc\" \/>\n<meta property=\"article:modified_time\" content=\"2022-03-20T12:42:03+00:00\" \/>\n<meta property=\"og:image\" content=\"https:\/\/medicinasinc.com\/lt\/wp-content\/uploads\/sites\/9\/2022\/02\/Buy-Skywalker-OG-THC-Distillate.jpg\" \/>\n\t<meta property=\"og:image:width\" content=\"980\" \/>\n\t<meta property=\"og:image:height\" content=\"980\" \/>\n\t<meta property=\"og:image:type\" content=\"image\/jpeg\" \/>\n<meta name=\"twitter:card\" content=\"summary_large_image\" \/>\n<meta name=\"twitter:label1\" content=\"Est. reading time\" \/>\n\t<meta name=\"twitter:data1\" content=\"1 minute\" \/>\n<script type=\"application\/ld+json\" class=\"yoast-schema-graph\">{\"@context\":\"https:\\\/\\\/schema.org\",\"@graph\":[{\"@type\":\"WebPage\",\"@id\":\"https:\\\/\\\/medicinasinc.com\\\/lt\\\/product\\\/pirk-skywalker-og-thc-distillate-kosher-extract\\\/\",\"url\":\"https:\\\/\\\/medicinasinc.com\\\/lt\\\/product\\\/pirk-skywalker-og-thc-distillate-kosher-extract\\\/\",\"name\":\"Pirkite Skywalker OG THC distiliat\u0105 \u2013 ko\u0161erin\u012f ekstrakt\u0105 \u2013 geriausios pasaulin\u0117s MedsMeta apra\u0161ymo per\u017ei\u016bra:\",\"isPartOf\":{\"@id\":\"https:\\\/\\\/medicinasinc.com\\\/lt\\\/#website\"},\"primaryImageOfPage\":{\"@id\":\"https:\\\/\\\/medicinasinc.com\\\/lt\\\/product\\\/pirk-skywalker-og-thc-distillate-kosher-extract\\\/#primaryimage\"},\"image\":{\"@id\":\"https:\\\/\\\/medicinasinc.com\\\/lt\\\/product\\\/pirk-skywalker-og-thc-distillate-kosher-extract\\\/#primaryimage\"},\"thumbnailUrl\":\"https:\\\/\\\/medicinasinc.com\\\/lt\\\/wp-content\\\/uploads\\\/sites\\\/9\\\/2022\\\/02\\\/Buy-Skywalker-OG-THC-Distillate.jpg\",\"datePublished\":\"2022-02-20T09:10:27+00:00\",\"dateModified\":\"2022-03-20T12:42:03+00:00\",\"description\":\"Pirkite Skywalker OG THC distiliato \u2013 ko\u0161erinio ekstrakto i\u0161pardavim\u0105 internetu i\u0161 did\u017eiausios internetin\u0117s ambulatorijos \u201eBuy My Weed Online\u201c.\",\"breadcrumb\":{\"@id\":\"https:\\\/\\\/medicinasinc.com\\\/lt\\\/product\\\/pirk-skywalker-og-thc-distillate-kosher-extract\\\/#breadcrumb\"},\"inLanguage\":\"en-US\",\"potentialAction\":[{\"@type\":\"ReadAction\",\"target\":[\"https:\\\/\\\/medicinasinc.com\\\/lt\\\/product\\\/pirk-skywalker-og-thc-distillate-kosher-extract\\\/\"]}]},{\"@type\":\"ImageObject\",\"inLanguage\":\"en-US\",\"@id\":\"https:\\\/\\\/medicinasinc.com\\\/lt\\\/product\\\/pirk-skywalker-og-thc-distillate-kosher-extract\\\/#primaryimage\",\"url\":\"https:\\\/\\\/medicinasinc.com\\\/lt\\\/wp-content\\\/uploads\\\/sites\\\/9\\\/2022\\\/02\\\/Buy-Skywalker-OG-THC-Distillate.jpg\",\"contentUrl\":\"https:\\\/\\\/medicinasinc.com\\\/lt\\\/wp-content\\\/uploads\\\/sites\\\/9\\\/2022\\\/02\\\/Buy-Skywalker-OG-THC-Distillate.jpg\",\"width\":980,\"height\":980},{\"@type\":\"BreadcrumbList\",\"@id\":\"https:\\\/\\\/medicinasinc.com\\\/lt\\\/product\\\/pirk-skywalker-og-thc-distillate-kosher-extract\\\/#breadcrumb\",\"itemListElement\":[{\"@type\":\"ListItem\",\"position\":1,\"name\":\"Parduotuv\u0117\",\"item\":\"https:\\\/\\\/medicinasinc.com\\\/lt\\\/parduotuve\\\/\"},{\"@type\":\"ListItem\",\"position\":2,\"name\":\"Pirkite Skywalker OG THC distiliat\u0105 \u2013 ko\u0161erio ekstrakt\u0105\"}]},{\"@type\":\"WebSite\",\"@id\":\"https:\\\/\\\/medicinasinc.com\\\/lt\\\/#website\",\"url\":\"https:\\\/\\\/medicinasinc.com\\\/lt\\\/\",\"name\":\"Medicinas Inc\",\"description\":\"Sveikatos medicinos klinika\",\"potentialAction\":[{\"@type\":\"SearchAction\",\"target\":{\"@type\":\"EntryPoint\",\"urlTemplate\":\"https:\\\/\\\/medicinasinc.com\\\/lt\\\/?s={search_term_string}\"},\"query-input\":{\"@type\":\"PropertyValueSpecification\",\"valueRequired\":true,\"valueName\":\"search_term_string\"}}],\"inLanguage\":\"en-US\"}]}<\/script>\n<!-- \/ Yoast SEO plugin. -->","yoast_head_json":{"title":"Pirkite Skywalker OG THC distiliat\u0105 \u2013 ko\u0161erin\u012f ekstrakt\u0105 \u2013 geriausios pasaulin\u0117s MedsMeta apra\u0161ymo per\u017ei\u016bra:","description":"Pirkite Skywalker OG THC distiliato \u2013 ko\u0161erinio ekstrakto i\u0161pardavim\u0105 internetu i\u0161 did\u017eiausios internetin\u0117s ambulatorijos \u201eBuy My Weed Online\u201c.","robots":{"index":"index","follow":"follow","max-snippet":"max-snippet:-1","max-image-preview":"max-image-preview:large","max-video-preview":"max-video-preview:-1"},"canonical":"https:\/\/medicinasinc.com\/lt\/product\/pirk-skywalker-og-thc-distillate-kosher-extract\/","og_locale":"en_US","og_type":"article","og_title":"Pirkite Skywalker OG THC distiliat\u0105 \u2013 ko\u0161erin\u012f ekstrakt\u0105 \u2013 geriausios pasaulin\u0117s MedsMeta apra\u0161ymo per\u017ei\u016bra:","og_description":"Pirkite Skywalker OG THC distiliato \u2013 ko\u0161erinio ekstrakto i\u0161pardavim\u0105 internetu i\u0161 did\u017eiausios internetin\u0117s ambulatorijos \u201eBuy My Weed Online\u201c.","og_url":"https:\/\/medicinasinc.com\/lt\/product\/pirk-skywalker-og-thc-distillate-kosher-extract\/","og_site_name":"Medicinas Inc","article_modified_time":"2022-03-20T12:42:03+00:00","og_image":[{"width":980,"height":980,"url":"https:\/\/medicinasinc.com\/lt\/wp-content\/uploads\/sites\/9\/2022\/02\/Buy-Skywalker-OG-THC-Distillate.jpg","type":"image\/jpeg"}],"twitter_card":"summary_large_image","twitter_misc":{"Est. reading time":"1 minute"},"schema":{"@context":"https:\/\/schema.org","@graph":[{"@type":"WebPage","@id":"https:\/\/medicinasinc.com\/lt\/product\/pirk-skywalker-og-thc-distillate-kosher-extract\/","url":"https:\/\/medicinasinc.com\/lt\/product\/pirk-skywalker-og-thc-distillate-kosher-extract\/","name":"Pirkite Skywalker OG THC distiliat\u0105 \u2013 ko\u0161erin\u012f ekstrakt\u0105 \u2013 geriausios pasaulin\u0117s MedsMeta apra\u0161ymo per\u017ei\u016bra:","isPartOf":{"@id":"https:\/\/medicinasinc.com\/lt\/#website"},"primaryImageOfPage":{"@id":"https:\/\/medicinasinc.com\/lt\/product\/pirk-skywalker-og-thc-distillate-kosher-extract\/#primaryimage"},"image":{"@id":"https:\/\/medicinasinc.com\/lt\/product\/pirk-skywalker-og-thc-distillate-kosher-extract\/#primaryimage"},"thumbnailUrl":"https:\/\/medicinasinc.com\/lt\/wp-content\/uploads\/sites\/9\/2022\/02\/Buy-Skywalker-OG-THC-Distillate.jpg","datePublished":"2022-02-20T09:10:27+00:00","dateModified":"2022-03-20T12:42:03+00:00","description":"Pirkite Skywalker OG THC distiliato \u2013 ko\u0161erinio ekstrakto i\u0161pardavim\u0105 internetu i\u0161 did\u017eiausios internetin\u0117s ambulatorijos \u201eBuy My Weed Online\u201c.","breadcrumb":{"@id":"https:\/\/medicinasinc.com\/lt\/product\/pirk-skywalker-og-thc-distillate-kosher-extract\/#breadcrumb"},"inLanguage":"en-US","potentialAction":[{"@type":"ReadAction","target":["https:\/\/medicinasinc.com\/lt\/product\/pirk-skywalker-og-thc-distillate-kosher-extract\/"]}]},{"@type":"ImageObject","inLanguage":"en-US","@id":"https:\/\/medicinasinc.com\/lt\/product\/pirk-skywalker-og-thc-distillate-kosher-extract\/#primaryimage","url":"https:\/\/medicinasinc.com\/lt\/wp-content\/uploads\/sites\/9\/2022\/02\/Buy-Skywalker-OG-THC-Distillate.jpg","contentUrl":"https:\/\/medicinasinc.com\/lt\/wp-content\/uploads\/sites\/9\/2022\/02\/Buy-Skywalker-OG-THC-Distillate.jpg","width":980,"height":980},{"@type":"BreadcrumbList","@id":"https:\/\/medicinasinc.com\/lt\/product\/pirk-skywalker-og-thc-distillate-kosher-extract\/#breadcrumb","itemListElement":[{"@type":"ListItem","position":1,"name":"Parduotuv\u0117","item":"https:\/\/medicinasinc.com\/lt\/parduotuve\/"},{"@type":"ListItem","position":2,"name":"Pirkite Skywalker OG THC distiliat\u0105 \u2013 ko\u0161erio ekstrakt\u0105"}]},{"@type":"WebSite","@id":"https:\/\/medicinasinc.com\/lt\/#website","url":"https:\/\/medicinasinc.com\/lt\/","name":"Medicinas Inc","description":"Sveikatos medicinos klinika","potentialAction":[{"@type":"SearchAction","target":{"@type":"EntryPoint","urlTemplate":"https:\/\/medicinasinc.com\/lt\/?s={search_term_string}"},"query-input":{"@type":"PropertyValueSpecification","valueRequired":true,"valueName":"search_term_string"}}],"inLanguage":"en-US"}]}},"_links":{"self":[{"href":"https:\/\/medicinasinc.com\/lt\/wp-json\/wp\/v2\/product\/4425","targetHints":{"allow":["GET"]}}],"collection":[{"href":"https:\/\/medicinasinc.com\/lt\/wp-json\/wp\/v2\/product"}],"about":[{"href":"https:\/\/medicinasinc.com\/lt\/wp-json\/wp\/v2\/types\/product"}],"replies":[{"embeddable":true,"href":"https:\/\/medicinasinc.com\/lt\/wp-json\/wp\/v2\/comments?post=4425"}],"wp:featuredmedia":[{"embeddable":true,"href":"https:\/\/medicinasinc.com\/lt\/wp-json\/wp\/v2\/media\/4459"}],"wp:attachment":[{"href":"https:\/\/medicinasinc.com\/lt\/wp-json\/wp\/v2\/media?parent=4425"}],"wp:term":[{"taxonomy":"product_brand","embeddable":true,"href":"https:\/\/medicinasinc.com\/lt\/wp-json\/wp\/v2\/product_brand?post=4425"},{"taxonomy":"product_cat","embeddable":true,"href":"https:\/\/medicinasinc.com\/lt\/wp-json\/wp\/v2\/product_cat?post=4425"},{"taxonomy":"product_tag","embeddable":true,"href":"https:\/\/medicinasinc.com\/lt\/wp-json\/wp\/v2\/product_tag?post=4425"}],"curies":[{"name":"wp","href":"https:\/\/api.w.org\/{rel}","templated":true}]}}