{"id":4413,"date":"2022-02-20T09:01:25","date_gmt":"2022-02-20T09:01:25","guid":{"rendered":"https:\/\/medicinasinc.com\/lt\/?post_type=product&#038;p=4413"},"modified":"2022-03-20T12:42:11","modified_gmt":"2022-03-20T12:42:11","slug":"rso-rozinis-kush-oil-5ml","status":"publish","type":"product","link":"https:\/\/medicinasinc.com\/lt\/product\/rso-rozinis-kush-oil-5ml\/","title":{"rendered":"RSO | Pink Kush aliejus \u2013 5 ml"},"content":{"rendered":"<p>Kush Pink (Rick Simpson Oil)<\/p>\n<p>5 ml \u201eEos\u201c dozatoriuje, pagamintame i\u0161 polipropileno su \u017ealiu si\u016blu tiksliam dozavimui.<\/p>\n<p>\u0160is Ricko Simpsono aliejus gaunamas i\u0161 ro\u017ein\u0117s spalvos Kush g\u0117l\u0117s, auginamos ve\u0161liame Brit\u0173 Kolumbijos interjere!<\/p>\n<p>Manoma, kad Pink Kush yra tolimas legendinio OG Kush (vienos populiariausi\u0173 kanapi\u0173 atmain\u0173 istorijoje) giminaitis. Pink Kush t\u0119sia tradicijas, suteikdamas tvirt\u0105 k\u016bn\u0105, tod\u0117l tai yra viena i\u0161 labiausiai gydom\u0173j\u0173 padermi\u0173. \u0160ios paderm\u0117s poveikis pasirei\u0161kia beveik akimirksniu. Vartotoj\u0105 u\u017elieja \u0161ildantis k\u016bno poj\u016btis, kur\u012f lydi intensyvus eufori\u0161kas smegen\u0173 \u016b\u017eesys. Hibridas, kuriame dominuoja sativa, u\u017etikrina intensyv\u0173 k\u016bno d\u0117mes\u012f. Tod\u0117l Pink Kush yra veiksmingas nerimo, depresijos, u\u017edegimo, l\u0117tinio skausmo, galvos skausmo, nemigos ir apetito praradimo gydymas.<\/p>\n<p>Nepriklausomi tyrimai MB laboratorijose parod\u0117, kad \u0161iame auk\u0161\u010diausios kokyb\u0117s RSO yra daugiau nei 73,27 proc. kanabinoid\u0173, \u012fskaitant 68,80 proc. procent\u0173 THC!<\/p>\n<p>Nustat\u0117me, kad \u0161iame produkte yra 90 % indikacij\u0173.<\/p>\n<p>1) Delta-9 THC = 68,80 %<br \/> 2) CBG = 1,80 %<br \/> 3) CBC = 0,96 %<br \/> 4) CBN = 0,89 %<br \/> 5) CBD = 0,44 %<\/p>\n<div class=\"product-next-previous\">\n<div class=\"product-prev \"><\/div><\/div>\n","protected":false},"excerpt":{"rendered":"<p>Pirkite RSO | Pink Kush Oil &#8211; 5 ml pardavimas internetu JAV, Europoje i\u0161 did\u017eiausios internetin\u0117s vaistin\u0117s, Parduodamas \u201eBuy My Weed Online\u201c.<\/p>\n<p><em>Pirkite<\/em>\u00a0Viridesco\u00a0<em>RSO Pink Kush 5 ml<\/em> &gt;\u00a0\u0161iandien patogiai namuose. <em>\u012esigykite RSO<\/em>\u00a0saugiai ir atsargiai i\u0161 bet kurios Kanados provincijos. U\u017esisakykite internetu \u0161iandien!<\/p>\n<ul>\n<li><\/li>\n<li>Pristatymas visame pasaulyje<\/li>\n<li>Ma\u017eiausias u\u017esakymo kiekis yra 5<\/li>\n<li><strong>Susisiekite su mumis<\/li>\n<p> strong&gt;\u00a0didesniems u\u017esakymams<\/li>\n<\/ul>\n","protected":false},"featured_media":4447,"comment_status":"open","ping_status":"closed","template":"","meta":[],"product_brand":[],"product_cat":[440],"product_tag":[],"class_list":{"0":"post-4413","1":"product","2":"type-product","3":"status-publish","4":"has-post-thumbnail","6":"product_cat-pirkti-kanapi-cbd-aliej","8":"first","9":"instock","10":"shipping-taxable","11":"purchasable","12":"product-type-variable","13":"has-default-attributes"},"yoast_head":"<!-- This site is optimized with the Yoast SEO plugin v27.3 - https:\/\/yoast.com\/product\/yoast-seo-wordpress\/ -->\n<title>RSO | Pink Kush Oil \u2013 5ml \u2013 Pirk My Weed internetu \u2013 Global Medicnas<\/title>\n<meta name=\"description\" content=\"Pirkti RSO | Pink Kush Oil \u2013 5 ml pardavimas internetu JAV, Europoje i\u0161 did\u017eiausios internetin\u0117s ambulatorijos, Parduodamas \u201eBuy My Weed Online\u201c.\" \/>\n<meta name=\"robots\" content=\"index, follow, max-snippet:-1, max-image-preview:large, max-video-preview:-1\" \/>\n<link rel=\"canonical\" href=\"https:\/\/medicinasinc.com\/lt\/product\/rso-rozinis-kush-oil-5ml\/\" \/>\n<meta property=\"og:locale\" content=\"en_US\" \/>\n<meta property=\"og:type\" content=\"article\" \/>\n<meta property=\"og:title\" content=\"RSO | Pink Kush Oil \u2013 5ml \u2013 Pirk My Weed internetu \u2013 Global Medicnas\" \/>\n<meta property=\"og:description\" content=\"Pirkti RSO | Pink Kush Oil \u2013 5 ml pardavimas internetu JAV, Europoje i\u0161 did\u017eiausios internetin\u0117s ambulatorijos, Parduodamas \u201eBuy My Weed Online\u201c.\" \/>\n<meta property=\"og:url\" content=\"https:\/\/medicinasinc.com\/lt\/product\/rso-rozinis-kush-oil-5ml\/\" \/>\n<meta property=\"og:site_name\" content=\"Medicinas Inc\" \/>\n<meta property=\"article:modified_time\" content=\"2022-03-20T12:42:11+00:00\" \/>\n<meta property=\"og:image\" content=\"https:\/\/medicinasinc.com\/lt\/wp-content\/uploads\/sites\/9\/2022\/02\/Buy-RSO-Pink-Kush-Oil-\u2013-5ml.jpg\" \/>\n\t<meta property=\"og:image:width\" content=\"800\" \/>\n\t<meta property=\"og:image:height\" content=\"800\" \/>\n\t<meta property=\"og:image:type\" content=\"image\/jpeg\" \/>\n<meta name=\"twitter:card\" content=\"summary_large_image\" \/>\n<meta name=\"twitter:label1\" content=\"Est. reading time\" \/>\n\t<meta name=\"twitter:data1\" content=\"1 minute\" \/>\n<script type=\"application\/ld+json\" class=\"yoast-schema-graph\">{\"@context\":\"https:\\\/\\\/schema.org\",\"@graph\":[{\"@type\":\"WebPage\",\"@id\":\"https:\\\/\\\/medicinasinc.com\\\/lt\\\/product\\\/rso-rozinis-kush-oil-5ml\\\/\",\"url\":\"https:\\\/\\\/medicinasinc.com\\\/lt\\\/product\\\/rso-rozinis-kush-oil-5ml\\\/\",\"name\":\"RSO | Pink Kush Oil \u2013 5ml \u2013 Pirk My Weed internetu \u2013 Global Medicnas\",\"isPartOf\":{\"@id\":\"https:\\\/\\\/medicinasinc.com\\\/lt\\\/#website\"},\"primaryImageOfPage\":{\"@id\":\"https:\\\/\\\/medicinasinc.com\\\/lt\\\/product\\\/rso-rozinis-kush-oil-5ml\\\/#primaryimage\"},\"image\":{\"@id\":\"https:\\\/\\\/medicinasinc.com\\\/lt\\\/product\\\/rso-rozinis-kush-oil-5ml\\\/#primaryimage\"},\"thumbnailUrl\":\"https:\\\/\\\/medicinasinc.com\\\/lt\\\/wp-content\\\/uploads\\\/sites\\\/9\\\/2022\\\/02\\\/Buy-RSO-Pink-Kush-Oil-\u2013-5ml.jpg\",\"datePublished\":\"2022-02-20T09:01:25+00:00\",\"dateModified\":\"2022-03-20T12:42:11+00:00\",\"description\":\"Pirkti RSO | Pink Kush Oil \u2013 5 ml pardavimas internetu JAV, Europoje i\u0161 did\u017eiausios internetin\u0117s ambulatorijos, Parduodamas \u201eBuy My Weed Online\u201c.\",\"breadcrumb\":{\"@id\":\"https:\\\/\\\/medicinasinc.com\\\/lt\\\/product\\\/rso-rozinis-kush-oil-5ml\\\/#breadcrumb\"},\"inLanguage\":\"en-US\",\"potentialAction\":[{\"@type\":\"ReadAction\",\"target\":[\"https:\\\/\\\/medicinasinc.com\\\/lt\\\/product\\\/rso-rozinis-kush-oil-5ml\\\/\"]}]},{\"@type\":\"ImageObject\",\"inLanguage\":\"en-US\",\"@id\":\"https:\\\/\\\/medicinasinc.com\\\/lt\\\/product\\\/rso-rozinis-kush-oil-5ml\\\/#primaryimage\",\"url\":\"https:\\\/\\\/medicinasinc.com\\\/lt\\\/wp-content\\\/uploads\\\/sites\\\/9\\\/2022\\\/02\\\/Buy-RSO-Pink-Kush-Oil-\u2013-5ml.jpg\",\"contentUrl\":\"https:\\\/\\\/medicinasinc.com\\\/lt\\\/wp-content\\\/uploads\\\/sites\\\/9\\\/2022\\\/02\\\/Buy-RSO-Pink-Kush-Oil-\u2013-5ml.jpg\",\"width\":800,\"height\":800},{\"@type\":\"BreadcrumbList\",\"@id\":\"https:\\\/\\\/medicinasinc.com\\\/lt\\\/product\\\/rso-rozinis-kush-oil-5ml\\\/#breadcrumb\",\"itemListElement\":[{\"@type\":\"ListItem\",\"position\":1,\"name\":\"Parduotuv\u0117\",\"item\":\"https:\\\/\\\/medicinasinc.com\\\/lt\\\/parduotuve\\\/\"},{\"@type\":\"ListItem\",\"position\":2,\"name\":\"RSO | Pink Kush aliejus \u2013 5 ml\"}]},{\"@type\":\"WebSite\",\"@id\":\"https:\\\/\\\/medicinasinc.com\\\/lt\\\/#website\",\"url\":\"https:\\\/\\\/medicinasinc.com\\\/lt\\\/\",\"name\":\"Medicinas Inc\",\"description\":\"Sveikatos medicinos klinika\",\"potentialAction\":[{\"@type\":\"SearchAction\",\"target\":{\"@type\":\"EntryPoint\",\"urlTemplate\":\"https:\\\/\\\/medicinasinc.com\\\/lt\\\/?s={search_term_string}\"},\"query-input\":{\"@type\":\"PropertyValueSpecification\",\"valueRequired\":true,\"valueName\":\"search_term_string\"}}],\"inLanguage\":\"en-US\"}]}<\/script>\n<!-- \/ Yoast SEO plugin. -->","yoast_head_json":{"title":"RSO | Pink Kush Oil \u2013 5ml \u2013 Pirk My Weed internetu \u2013 Global Medicnas","description":"Pirkti RSO | Pink Kush Oil \u2013 5 ml pardavimas internetu JAV, Europoje i\u0161 did\u017eiausios internetin\u0117s ambulatorijos, Parduodamas \u201eBuy My Weed Online\u201c.","robots":{"index":"index","follow":"follow","max-snippet":"max-snippet:-1","max-image-preview":"max-image-preview:large","max-video-preview":"max-video-preview:-1"},"canonical":"https:\/\/medicinasinc.com\/lt\/product\/rso-rozinis-kush-oil-5ml\/","og_locale":"en_US","og_type":"article","og_title":"RSO | Pink Kush Oil \u2013 5ml \u2013 Pirk My Weed internetu \u2013 Global Medicnas","og_description":"Pirkti RSO | Pink Kush Oil \u2013 5 ml pardavimas internetu JAV, Europoje i\u0161 did\u017eiausios internetin\u0117s ambulatorijos, Parduodamas \u201eBuy My Weed Online\u201c.","og_url":"https:\/\/medicinasinc.com\/lt\/product\/rso-rozinis-kush-oil-5ml\/","og_site_name":"Medicinas Inc","article_modified_time":"2022-03-20T12:42:11+00:00","og_image":[{"width":800,"height":800,"url":"https:\/\/medicinasinc.com\/lt\/wp-content\/uploads\/sites\/9\/2022\/02\/Buy-RSO-Pink-Kush-Oil-\u2013-5ml.jpg","type":"image\/jpeg"}],"twitter_card":"summary_large_image","twitter_misc":{"Est. reading time":"1 minute"},"schema":{"@context":"https:\/\/schema.org","@graph":[{"@type":"WebPage","@id":"https:\/\/medicinasinc.com\/lt\/product\/rso-rozinis-kush-oil-5ml\/","url":"https:\/\/medicinasinc.com\/lt\/product\/rso-rozinis-kush-oil-5ml\/","name":"RSO | Pink Kush Oil \u2013 5ml \u2013 Pirk My Weed internetu \u2013 Global Medicnas","isPartOf":{"@id":"https:\/\/medicinasinc.com\/lt\/#website"},"primaryImageOfPage":{"@id":"https:\/\/medicinasinc.com\/lt\/product\/rso-rozinis-kush-oil-5ml\/#primaryimage"},"image":{"@id":"https:\/\/medicinasinc.com\/lt\/product\/rso-rozinis-kush-oil-5ml\/#primaryimage"},"thumbnailUrl":"https:\/\/medicinasinc.com\/lt\/wp-content\/uploads\/sites\/9\/2022\/02\/Buy-RSO-Pink-Kush-Oil-\u2013-5ml.jpg","datePublished":"2022-02-20T09:01:25+00:00","dateModified":"2022-03-20T12:42:11+00:00","description":"Pirkti RSO | Pink Kush Oil \u2013 5 ml pardavimas internetu JAV, Europoje i\u0161 did\u017eiausios internetin\u0117s ambulatorijos, Parduodamas \u201eBuy My Weed Online\u201c.","breadcrumb":{"@id":"https:\/\/medicinasinc.com\/lt\/product\/rso-rozinis-kush-oil-5ml\/#breadcrumb"},"inLanguage":"en-US","potentialAction":[{"@type":"ReadAction","target":["https:\/\/medicinasinc.com\/lt\/product\/rso-rozinis-kush-oil-5ml\/"]}]},{"@type":"ImageObject","inLanguage":"en-US","@id":"https:\/\/medicinasinc.com\/lt\/product\/rso-rozinis-kush-oil-5ml\/#primaryimage","url":"https:\/\/medicinasinc.com\/lt\/wp-content\/uploads\/sites\/9\/2022\/02\/Buy-RSO-Pink-Kush-Oil-\u2013-5ml.jpg","contentUrl":"https:\/\/medicinasinc.com\/lt\/wp-content\/uploads\/sites\/9\/2022\/02\/Buy-RSO-Pink-Kush-Oil-\u2013-5ml.jpg","width":800,"height":800},{"@type":"BreadcrumbList","@id":"https:\/\/medicinasinc.com\/lt\/product\/rso-rozinis-kush-oil-5ml\/#breadcrumb","itemListElement":[{"@type":"ListItem","position":1,"name":"Parduotuv\u0117","item":"https:\/\/medicinasinc.com\/lt\/parduotuve\/"},{"@type":"ListItem","position":2,"name":"RSO | Pink Kush aliejus \u2013 5 ml"}]},{"@type":"WebSite","@id":"https:\/\/medicinasinc.com\/lt\/#website","url":"https:\/\/medicinasinc.com\/lt\/","name":"Medicinas Inc","description":"Sveikatos medicinos klinika","potentialAction":[{"@type":"SearchAction","target":{"@type":"EntryPoint","urlTemplate":"https:\/\/medicinasinc.com\/lt\/?s={search_term_string}"},"query-input":{"@type":"PropertyValueSpecification","valueRequired":true,"valueName":"search_term_string"}}],"inLanguage":"en-US"}]}},"_links":{"self":[{"href":"https:\/\/medicinasinc.com\/lt\/wp-json\/wp\/v2\/product\/4413","targetHints":{"allow":["GET"]}}],"collection":[{"href":"https:\/\/medicinasinc.com\/lt\/wp-json\/wp\/v2\/product"}],"about":[{"href":"https:\/\/medicinasinc.com\/lt\/wp-json\/wp\/v2\/types\/product"}],"replies":[{"embeddable":true,"href":"https:\/\/medicinasinc.com\/lt\/wp-json\/wp\/v2\/comments?post=4413"}],"wp:featuredmedia":[{"embeddable":true,"href":"https:\/\/medicinasinc.com\/lt\/wp-json\/wp\/v2\/media\/4447"}],"wp:attachment":[{"href":"https:\/\/medicinasinc.com\/lt\/wp-json\/wp\/v2\/media?parent=4413"}],"wp:term":[{"taxonomy":"product_brand","embeddable":true,"href":"https:\/\/medicinasinc.com\/lt\/wp-json\/wp\/v2\/product_brand?post=4413"},{"taxonomy":"product_cat","embeddable":true,"href":"https:\/\/medicinasinc.com\/lt\/wp-json\/wp\/v2\/product_cat?post=4413"},{"taxonomy":"product_tag","embeddable":true,"href":"https:\/\/medicinasinc.com\/lt\/wp-json\/wp\/v2\/product_tag?post=4413"}],"curies":[{"name":"wp","href":"https:\/\/api.w.org\/{rel}","templated":true}]}}