{"id":4412,"date":"2022-02-20T09:00:17","date_gmt":"2022-02-20T09:00:17","guid":{"rendered":"https:\/\/medicinasinc.com\/lt\/?post_type=product&#038;p=4412"},"modified":"2022-03-20T12:42:19","modified_gmt":"2022-03-20T12:42:19","slug":"pirk-rick-simpson-oil","status":"publish","type":"product","link":"https:\/\/medicinasinc.com\/lt\/product\/pirk-rick-simpson-oil\/","title":{"rendered":"Pirkite Ricko Simpsono aliej\u0173"},"content":{"rendered":"<p><strong>Pirkite Ricko Simpsono aliej\u0173<\/strong><\/p>\n<div class=\"woocommerce-tabs wc-tabs-wrapper\">\n<div id=\"tab-description\" class=\"woocommerce-Tabs-panel woocommerce-Tabs-panel--description panel entry-content wc-tab\" role=\"tabpanel\" aria-labelledby=\"tab-title-description\">\n<p><strong>RSO yra i\u0161 tirpiklio pagamintas aliejus, gaunamas plaunant kanapes pumpurus tirpiklyje, pvz., gryname \u0161viesiame pirminiame benzine, o tada tirpikl\u012f nuvirinti, kad i\u0161gaut\u0173 aliej\u0173.<\/strong><br \/> <strong>RSO yra bendras produktas. Tai rei\u0161kia, kad \u201eRick Simpson Oil\u201c n\u0117ra galima \u012fsigyti. Simpsonas savo svetain\u0117je demonstruoja, kaip pasigaminti to paties pavadinimo aliej\u0173. Ta\u010diau jis negauna pelno i\u0161 aliejaus.<\/strong><\/p>\n<\/p><\/div><\/div>\n<div class=\"susij\u0119 produktai\">\n<div class=\"woocommerce-tabs wc-tabs-wrapper\">\n<div id=\"tab-description\" class=\"woocommerce-Tabs-panel woocommerce-Tabs-panel--description panel entry-content wc-tab\" role=\"tabpanel\" aria-labelledby=\"tab-title-description\">\n<p>&nbsp;<\/p>\n<\/p><\/div><\/div><\/div>\n<p>&nbsp;<\/p>\n","protected":false},"excerpt":{"rendered":"<p>Pirkite Rick Simpson Oil (RSO) pardavimui JK, Europoje U\u017esisakykite internetu. Parduodame auk\u0161\u010diausios kokyb\u0117s Rick Simpson alyv\u0105. Si\u016blome originali\u0105 RSO formul\u0119 su dideliu THC kiekiu.<\/p>\n<p><em>\u012esigykite<\/em>\u00a0m\u016bs\u0173\u00a0<em>Rick Simpson aliejaus<\/em>\u00a0pardavimui ir naudokite j\u012f tinkamai. Klasikinis\u00a0<em>RSO<\/em>\u00a0paprastai gaminamas naudojant Indica dominuojan\u010dias padermes, nes jose yra didesnis\u00a0<em>CBD<\/em> kiekis.<\/p>\n<ul>\n<li>Pristatymas visame pasaulyje<\/li>\n<li>Minimalus u\u017esakymo kiekis yra 5<\/li>\n<li><strong>Susisiekite su mumis<\/strong>\u00a0d\u0117l didesni\u0173 u\u017esakym\u0173<\/li>\n<\/ul>\n","protected":false},"featured_media":4445,"comment_status":"open","ping_status":"closed","template":"","meta":[],"product_brand":[],"product_cat":[440],"product_tag":[489,490,492,491,494,495,493,496],"class_list":{"0":"post-4412","1":"product","2":"type-product","3":"status-publish","4":"has-post-thumbnail","6":"product_cat-pirkti-kanapi-cbd-aliej","7":"product_tag-mainistas-cbd-rso","8":"product_tag-high-cbd-rso","9":"product_tag-rick-simpson-oil-wiki","10":"product_tag-rick-simpson-oil-california","11":"product_tag-rso-alyva-nuo-skausmo","12":"product_tag-rso-oil-parduodamas-ohajo-valstijoje","13":"product_tag-rso-cbd-aliejus-nerimui","14":"product_tag-rso-naftos-kaina-koloradas","16":"first","17":"instock","18":"shipping-taxable","19":"purchasable","20":"product-type-variable","21":"has-default-attributes"},"yoast_head":"<!-- This site is optimized with the Yoast SEO plugin v27.3 - https:\/\/yoast.com\/product\/yoast-seo-wordpress\/ -->\n<title>Pirkite Rick Simpson Oil \u2013 JAV \u2013 Europa \u2013 geriausius pasaulinius vaistus<\/title>\n<meta name=\"description\" content=\"Pirkite Rick Simpson Oil (RSO) pardavimui JK, Europoje U\u017esisakykite internetu. Parduodame auk\u0161\u010diausios kokyb\u0117s Rick Simpson alyv\u0105. Si\u016blome originali\u0105 RSO auk\u0161to THC formul\u0119.\" \/>\n<meta name=\"robots\" content=\"index, follow, max-snippet:-1, max-image-preview:large, max-video-preview:-1\" \/>\n<link rel=\"canonical\" href=\"https:\/\/medicinasinc.com\/lt\/product\/pirk-rick-simpson-oil\/\" \/>\n<meta property=\"og:locale\" content=\"en_US\" \/>\n<meta property=\"og:type\" content=\"article\" \/>\n<meta property=\"og:title\" content=\"Pirkite Rick Simpson Oil \u2013 JAV \u2013 Europa \u2013 geriausius pasaulinius vaistus\" \/>\n<meta property=\"og:description\" content=\"Pirkite Rick Simpson Oil (RSO) pardavimui JK, Europoje U\u017esisakykite internetu. Parduodame auk\u0161\u010diausios kokyb\u0117s Rick Simpson alyv\u0105. Si\u016blome originali\u0105 RSO auk\u0161to THC formul\u0119.\" \/>\n<meta property=\"og:url\" content=\"https:\/\/medicinasinc.com\/lt\/product\/pirk-rick-simpson-oil\/\" \/>\n<meta property=\"og:site_name\" content=\"Medicinas Inc\" \/>\n<meta property=\"article:modified_time\" content=\"2022-03-20T12:42:19+00:00\" \/>\n<meta property=\"og:image\" content=\"https:\/\/medicinasinc.com\/lt\/wp-content\/uploads\/sites\/9\/2022\/02\/Buy-Rick-Simpson-Oil.jpg\" \/>\n\t<meta property=\"og:image:width\" content=\"1170\" \/>\n\t<meta property=\"og:image:height\" content=\"658\" \/>\n\t<meta property=\"og:image:type\" content=\"image\/jpeg\" \/>\n<meta name=\"twitter:card\" content=\"summary_large_image\" \/>\n<meta name=\"twitter:label1\" content=\"Est. reading time\" \/>\n\t<meta name=\"twitter:data1\" content=\"1 minute\" \/>\n<script type=\"application\/ld+json\" class=\"yoast-schema-graph\">{\"@context\":\"https:\\\/\\\/schema.org\",\"@graph\":[{\"@type\":\"WebPage\",\"@id\":\"https:\\\/\\\/medicinasinc.com\\\/lt\\\/product\\\/pirk-rick-simpson-oil\\\/\",\"url\":\"https:\\\/\\\/medicinasinc.com\\\/lt\\\/product\\\/pirk-rick-simpson-oil\\\/\",\"name\":\"Pirkite Rick Simpson Oil \u2013 JAV \u2013 Europa \u2013 geriausius pasaulinius vaistus\",\"isPartOf\":{\"@id\":\"https:\\\/\\\/medicinasinc.com\\\/lt\\\/#website\"},\"primaryImageOfPage\":{\"@id\":\"https:\\\/\\\/medicinasinc.com\\\/lt\\\/product\\\/pirk-rick-simpson-oil\\\/#primaryimage\"},\"image\":{\"@id\":\"https:\\\/\\\/medicinasinc.com\\\/lt\\\/product\\\/pirk-rick-simpson-oil\\\/#primaryimage\"},\"thumbnailUrl\":\"https:\\\/\\\/medicinasinc.com\\\/lt\\\/wp-content\\\/uploads\\\/sites\\\/9\\\/2022\\\/02\\\/Buy-Rick-Simpson-Oil.jpg\",\"datePublished\":\"2022-02-20T09:00:17+00:00\",\"dateModified\":\"2022-03-20T12:42:19+00:00\",\"description\":\"Pirkite Rick Simpson Oil (RSO) pardavimui JK, Europoje U\u017esisakykite internetu. Parduodame auk\u0161\u010diausios kokyb\u0117s Rick Simpson alyv\u0105. Si\u016blome originali\u0105 RSO auk\u0161to THC formul\u0119.\",\"breadcrumb\":{\"@id\":\"https:\\\/\\\/medicinasinc.com\\\/lt\\\/product\\\/pirk-rick-simpson-oil\\\/#breadcrumb\"},\"inLanguage\":\"en-US\",\"potentialAction\":[{\"@type\":\"ReadAction\",\"target\":[\"https:\\\/\\\/medicinasinc.com\\\/lt\\\/product\\\/pirk-rick-simpson-oil\\\/\"]}]},{\"@type\":\"ImageObject\",\"inLanguage\":\"en-US\",\"@id\":\"https:\\\/\\\/medicinasinc.com\\\/lt\\\/product\\\/pirk-rick-simpson-oil\\\/#primaryimage\",\"url\":\"https:\\\/\\\/medicinasinc.com\\\/lt\\\/wp-content\\\/uploads\\\/sites\\\/9\\\/2022\\\/02\\\/Buy-Rick-Simpson-Oil.jpg\",\"contentUrl\":\"https:\\\/\\\/medicinasinc.com\\\/lt\\\/wp-content\\\/uploads\\\/sites\\\/9\\\/2022\\\/02\\\/Buy-Rick-Simpson-Oil.jpg\",\"width\":1170,\"height\":658},{\"@type\":\"BreadcrumbList\",\"@id\":\"https:\\\/\\\/medicinasinc.com\\\/lt\\\/product\\\/pirk-rick-simpson-oil\\\/#breadcrumb\",\"itemListElement\":[{\"@type\":\"ListItem\",\"position\":1,\"name\":\"Parduotuv\u0117\",\"item\":\"https:\\\/\\\/medicinasinc.com\\\/lt\\\/parduotuve\\\/\"},{\"@type\":\"ListItem\",\"position\":2,\"name\":\"Pirkite Ricko Simpsono aliej\u0173\"}]},{\"@type\":\"WebSite\",\"@id\":\"https:\\\/\\\/medicinasinc.com\\\/lt\\\/#website\",\"url\":\"https:\\\/\\\/medicinasinc.com\\\/lt\\\/\",\"name\":\"Medicinas Inc\",\"description\":\"Sveikatos medicinos klinika\",\"potentialAction\":[{\"@type\":\"SearchAction\",\"target\":{\"@type\":\"EntryPoint\",\"urlTemplate\":\"https:\\\/\\\/medicinasinc.com\\\/lt\\\/?s={search_term_string}\"},\"query-input\":{\"@type\":\"PropertyValueSpecification\",\"valueRequired\":true,\"valueName\":\"search_term_string\"}}],\"inLanguage\":\"en-US\"}]}<\/script>\n<!-- \/ Yoast SEO plugin. -->","yoast_head_json":{"title":"Pirkite Rick Simpson Oil \u2013 JAV \u2013 Europa \u2013 geriausius pasaulinius vaistus","description":"Pirkite Rick Simpson Oil (RSO) pardavimui JK, Europoje U\u017esisakykite internetu. Parduodame auk\u0161\u010diausios kokyb\u0117s Rick Simpson alyv\u0105. Si\u016blome originali\u0105 RSO auk\u0161to THC formul\u0119.","robots":{"index":"index","follow":"follow","max-snippet":"max-snippet:-1","max-image-preview":"max-image-preview:large","max-video-preview":"max-video-preview:-1"},"canonical":"https:\/\/medicinasinc.com\/lt\/product\/pirk-rick-simpson-oil\/","og_locale":"en_US","og_type":"article","og_title":"Pirkite Rick Simpson Oil \u2013 JAV \u2013 Europa \u2013 geriausius pasaulinius vaistus","og_description":"Pirkite Rick Simpson Oil (RSO) pardavimui JK, Europoje U\u017esisakykite internetu. Parduodame auk\u0161\u010diausios kokyb\u0117s Rick Simpson alyv\u0105. Si\u016blome originali\u0105 RSO auk\u0161to THC formul\u0119.","og_url":"https:\/\/medicinasinc.com\/lt\/product\/pirk-rick-simpson-oil\/","og_site_name":"Medicinas Inc","article_modified_time":"2022-03-20T12:42:19+00:00","og_image":[{"width":1170,"height":658,"url":"https:\/\/medicinasinc.com\/lt\/wp-content\/uploads\/sites\/9\/2022\/02\/Buy-Rick-Simpson-Oil.jpg","type":"image\/jpeg"}],"twitter_card":"summary_large_image","twitter_misc":{"Est. reading time":"1 minute"},"schema":{"@context":"https:\/\/schema.org","@graph":[{"@type":"WebPage","@id":"https:\/\/medicinasinc.com\/lt\/product\/pirk-rick-simpson-oil\/","url":"https:\/\/medicinasinc.com\/lt\/product\/pirk-rick-simpson-oil\/","name":"Pirkite Rick Simpson Oil \u2013 JAV \u2013 Europa \u2013 geriausius pasaulinius vaistus","isPartOf":{"@id":"https:\/\/medicinasinc.com\/lt\/#website"},"primaryImageOfPage":{"@id":"https:\/\/medicinasinc.com\/lt\/product\/pirk-rick-simpson-oil\/#primaryimage"},"image":{"@id":"https:\/\/medicinasinc.com\/lt\/product\/pirk-rick-simpson-oil\/#primaryimage"},"thumbnailUrl":"https:\/\/medicinasinc.com\/lt\/wp-content\/uploads\/sites\/9\/2022\/02\/Buy-Rick-Simpson-Oil.jpg","datePublished":"2022-02-20T09:00:17+00:00","dateModified":"2022-03-20T12:42:19+00:00","description":"Pirkite Rick Simpson Oil (RSO) pardavimui JK, Europoje U\u017esisakykite internetu. Parduodame auk\u0161\u010diausios kokyb\u0117s Rick Simpson alyv\u0105. Si\u016blome originali\u0105 RSO auk\u0161to THC formul\u0119.","breadcrumb":{"@id":"https:\/\/medicinasinc.com\/lt\/product\/pirk-rick-simpson-oil\/#breadcrumb"},"inLanguage":"en-US","potentialAction":[{"@type":"ReadAction","target":["https:\/\/medicinasinc.com\/lt\/product\/pirk-rick-simpson-oil\/"]}]},{"@type":"ImageObject","inLanguage":"en-US","@id":"https:\/\/medicinasinc.com\/lt\/product\/pirk-rick-simpson-oil\/#primaryimage","url":"https:\/\/medicinasinc.com\/lt\/wp-content\/uploads\/sites\/9\/2022\/02\/Buy-Rick-Simpson-Oil.jpg","contentUrl":"https:\/\/medicinasinc.com\/lt\/wp-content\/uploads\/sites\/9\/2022\/02\/Buy-Rick-Simpson-Oil.jpg","width":1170,"height":658},{"@type":"BreadcrumbList","@id":"https:\/\/medicinasinc.com\/lt\/product\/pirk-rick-simpson-oil\/#breadcrumb","itemListElement":[{"@type":"ListItem","position":1,"name":"Parduotuv\u0117","item":"https:\/\/medicinasinc.com\/lt\/parduotuve\/"},{"@type":"ListItem","position":2,"name":"Pirkite Ricko Simpsono aliej\u0173"}]},{"@type":"WebSite","@id":"https:\/\/medicinasinc.com\/lt\/#website","url":"https:\/\/medicinasinc.com\/lt\/","name":"Medicinas Inc","description":"Sveikatos medicinos klinika","potentialAction":[{"@type":"SearchAction","target":{"@type":"EntryPoint","urlTemplate":"https:\/\/medicinasinc.com\/lt\/?s={search_term_string}"},"query-input":{"@type":"PropertyValueSpecification","valueRequired":true,"valueName":"search_term_string"}}],"inLanguage":"en-US"}]}},"_links":{"self":[{"href":"https:\/\/medicinasinc.com\/lt\/wp-json\/wp\/v2\/product\/4412","targetHints":{"allow":["GET"]}}],"collection":[{"href":"https:\/\/medicinasinc.com\/lt\/wp-json\/wp\/v2\/product"}],"about":[{"href":"https:\/\/medicinasinc.com\/lt\/wp-json\/wp\/v2\/types\/product"}],"replies":[{"embeddable":true,"href":"https:\/\/medicinasinc.com\/lt\/wp-json\/wp\/v2\/comments?post=4412"}],"wp:featuredmedia":[{"embeddable":true,"href":"https:\/\/medicinasinc.com\/lt\/wp-json\/wp\/v2\/media\/4445"}],"wp:attachment":[{"href":"https:\/\/medicinasinc.com\/lt\/wp-json\/wp\/v2\/media?parent=4412"}],"wp:term":[{"taxonomy":"product_brand","embeddable":true,"href":"https:\/\/medicinasinc.com\/lt\/wp-json\/wp\/v2\/product_brand?post=4412"},{"taxonomy":"product_cat","embeddable":true,"href":"https:\/\/medicinasinc.com\/lt\/wp-json\/wp\/v2\/product_cat?post=4412"},{"taxonomy":"product_tag","embeddable":true,"href":"https:\/\/medicinasinc.com\/lt\/wp-json\/wp\/v2\/product_tag?post=4412"}],"curies":[{"name":"wp","href":"https:\/\/api.w.org\/{rel}","templated":true}]}}