{"id":4404,"date":"2022-02-20T08:55:28","date_gmt":"2022-02-20T08:55:28","guid":{"rendered":"https:\/\/medicinasinc.com\/lt\/?post_type=product&#038;p=4404"},"modified":"2022-03-20T12:42:28","modified_gmt":"2022-03-20T12:42:28","slug":"pirk-pink-kush-thc-distillate-dabeast","status":"publish","type":"product","link":"https:\/\/medicinasinc.com\/lt\/product\/pirk-pink-kush-thc-distillate-dabeast\/","title":{"rendered":"Pirkite Pink Kush THC distiliat\u0105 \u2013 Dabeast"},"content":{"rendered":"<p>Parduodamas Pink Kush THC distiliatas \u2013 Dabeast<\/p>\n<p>Saber Vape Pen su Pink Kush THC distiliatu \u2013 Dabeast<\/p>\n<p>1 x Sabre elektronin\u0117 cigaret\u0117<br \/> 1 x Pink Kush i\u0161 anksto u\u017epildyta d\u0117\u017eut\u0117<br \/> 1 x mikro USB laidas IR (ARBA) 1 x Pink Kush u\u017epildytas kilim\u0117lis<\/p>\n<p>\u012ed\u0117kite kapsul\u0119 \u012f Saber Pen ir nedelsdami prad\u0117kite garinti. Visi\u0161kas poveikis gali u\u017etrukti iki penkiolikos minu\u010di\u0173. Pacientams, kurie ilg\u0105 laik\u0105 nevartojo, rekomenduojami du ar keturi \u012fpur\u0161kimai, ta\u010diau tiems, kurie vartoja da\u017eniau, tur\u0117t\u0173 pakakti iki de\u0161imties \u012fkv\u0117pim\u0173.<\/p>\n<p>Kush Pink<br \/> Pink Kush genetin\u0117 kilm\u0117 ne\u017einoma \u2013 ta\u010diau pla\u010diai manoma, kad tai legendinio OG Kush giminaitis. \u0160is hibridas, kuriame dominuoja Indika, duoda stipr\u0173 fizin\u012f auk\u0161t\u012f, tod\u0117l yra viena i\u0161 labiausiai vaistini\u0173 padermi\u0173. Pink Kush yra saldaus aromato, primenan\u010dio vanil\u0119 arba sald\u017eius saldainius, su \u0161vie\u017eios pu\u0161ies atspalviais. \u201ePink Kush\u201c suteikia ilgai i\u0161liekant\u012f, \u012f k\u016bn\u0105 orientuot\u0105, eufori\u0161k\u0105 ir pakeliant\u012f poveik\u012f. Vartojant dideles dozes, kai kurie vartotojai gali patirti stipr\u0173 gurk\u0161n\u012f, tod\u0117l Pink Kush yra puiki priemon\u0117 apetito praradimui skatinti. Pink Kush yra universalus vaistas, kuriuo galima gydyti depresij\u0105, nerim\u0105, u\u017edegim\u0105, l\u0117tin\u012f skausm\u0105, migren\u0105, galvos skausm\u0105, nemig\u0105 ir apetito praradim\u0105.<\/p>\n","protected":false},"excerpt":{"rendered":"<p>\u012esigykite Pink Kush THC Distillate Saber Vape Pens pardavimui Jungtin\u0117je Karalyst\u0117je, Europoje ir Jungtin\u0117se Amerikos Valstijose i\u0161 did\u017eiausios pasaulyje internetin\u0117s ambulatorijos \u201eBuy My Weed Online\u201c.<\/p>\n<p>Pirkite. Pink Kush THC Indica distiliato \u0161virk\u0161tai i\u0161 #1 patikimiausios marihuanos u\u017esakymo pa\u0161tu svetain\u0117s &#8211; Geriausi vaista\u017eoli\u0173 vaistai su nemokamu pristatymu! Daugiau nei 150 USD.<\/p>\n<p>&nbsp;<\/p>\n<ul>\n<li>Pristatymas visame pasaulyje<\/li>\n<li>Minimalus u\u017esakymo kiekis \u2013 5 kaset\u0117s<\/li>\n<li><strong>Susisiekite su mumis <\/strong>\u00a0didesniems u\u017esakymams<\/li>\n<\/ul>\n","protected":false},"featured_media":4438,"comment_status":"open","ping_status":"closed","template":"","meta":[],"product_brand":[],"product_cat":[440],"product_tag":[],"class_list":{"0":"post-4404","1":"product","2":"type-product","3":"status-publish","4":"has-post-thumbnail","6":"product_cat-pirkti-kanapi-cbd-aliej","8":"first","9":"instock","10":"shipping-taxable","11":"purchasable","12":"product-type-simple"},"yoast_head":"<!-- This site is optimized with the Yoast SEO plugin v27.3 - https:\/\/yoast.com\/product\/yoast-seo-wordpress\/ -->\n<title>Pirkite Pink Kush THC distiliat\u0105 \u2013 Dabeast \u2013 geriausius pasaulinius vaistus<\/title>\n<meta name=\"description\" content=\"Pirkite Pink Kush THC Distillate Saber Vape Pen pardavimui JK, EuropE- Dabeast internetu JAV i\u0161 did\u017eiausios internetin\u0117s ambulatorijos, Pirkite My Weed internetu.\" \/>\n<meta name=\"robots\" content=\"index, follow, max-snippet:-1, max-image-preview:large, max-video-preview:-1\" \/>\n<link rel=\"canonical\" href=\"https:\/\/medicinasinc.com\/lt\/product\/pirk-pink-kush-thc-distillate-dabeast\/\" \/>\n<meta property=\"og:locale\" content=\"en_US\" \/>\n<meta property=\"og:type\" content=\"article\" \/>\n<meta property=\"og:title\" content=\"Pirkite Pink Kush THC distiliat\u0105 \u2013 Dabeast \u2013 geriausius pasaulinius vaistus\" \/>\n<meta property=\"og:description\" content=\"Pirkite Pink Kush THC Distillate Saber Vape Pen pardavimui JK, EuropE- Dabeast internetu JAV i\u0161 did\u017eiausios internetin\u0117s ambulatorijos, Pirkite My Weed internetu.\" \/>\n<meta property=\"og:url\" content=\"https:\/\/medicinasinc.com\/lt\/product\/pirk-pink-kush-thc-distillate-dabeast\/\" \/>\n<meta property=\"og:site_name\" content=\"Medicinas Inc\" \/>\n<meta property=\"article:modified_time\" content=\"2022-03-20T12:42:28+00:00\" \/>\n<meta property=\"og:image\" content=\"https:\/\/medicinasinc.com\/lt\/wp-content\/uploads\/sites\/9\/2022\/02\/Buy-Pink-Kush-THC-Distillate-\u2013-Dabeast.jpg\" \/>\n\t<meta property=\"og:image:width\" content=\"600\" \/>\n\t<meta property=\"og:image:height\" content=\"600\" \/>\n\t<meta property=\"og:image:type\" content=\"image\/jpeg\" \/>\n<meta name=\"twitter:card\" content=\"summary_large_image\" \/>\n<meta name=\"twitter:label1\" content=\"Est. reading time\" \/>\n\t<meta name=\"twitter:data1\" content=\"1 minute\" \/>\n<script type=\"application\/ld+json\" class=\"yoast-schema-graph\">{\"@context\":\"https:\\\/\\\/schema.org\",\"@graph\":[{\"@type\":\"WebPage\",\"@id\":\"https:\\\/\\\/medicinasinc.com\\\/lt\\\/product\\\/pirk-pink-kush-thc-distillate-dabeast\\\/\",\"url\":\"https:\\\/\\\/medicinasinc.com\\\/lt\\\/product\\\/pirk-pink-kush-thc-distillate-dabeast\\\/\",\"name\":\"Pirkite Pink Kush THC distiliat\u0105 \u2013 Dabeast \u2013 geriausius pasaulinius vaistus\",\"isPartOf\":{\"@id\":\"https:\\\/\\\/medicinasinc.com\\\/lt\\\/#website\"},\"primaryImageOfPage\":{\"@id\":\"https:\\\/\\\/medicinasinc.com\\\/lt\\\/product\\\/pirk-pink-kush-thc-distillate-dabeast\\\/#primaryimage\"},\"image\":{\"@id\":\"https:\\\/\\\/medicinasinc.com\\\/lt\\\/product\\\/pirk-pink-kush-thc-distillate-dabeast\\\/#primaryimage\"},\"thumbnailUrl\":\"https:\\\/\\\/medicinasinc.com\\\/lt\\\/wp-content\\\/uploads\\\/sites\\\/9\\\/2022\\\/02\\\/Buy-Pink-Kush-THC-Distillate-\u2013-Dabeast.jpg\",\"datePublished\":\"2022-02-20T08:55:28+00:00\",\"dateModified\":\"2022-03-20T12:42:28+00:00\",\"description\":\"Pirkite Pink Kush THC Distillate Saber Vape Pen pardavimui JK, EuropE- Dabeast internetu JAV i\u0161 did\u017eiausios internetin\u0117s ambulatorijos, Pirkite My Weed internetu.\",\"breadcrumb\":{\"@id\":\"https:\\\/\\\/medicinasinc.com\\\/lt\\\/product\\\/pirk-pink-kush-thc-distillate-dabeast\\\/#breadcrumb\"},\"inLanguage\":\"en-US\",\"potentialAction\":[{\"@type\":\"ReadAction\",\"target\":[\"https:\\\/\\\/medicinasinc.com\\\/lt\\\/product\\\/pirk-pink-kush-thc-distillate-dabeast\\\/\"]}]},{\"@type\":\"ImageObject\",\"inLanguage\":\"en-US\",\"@id\":\"https:\\\/\\\/medicinasinc.com\\\/lt\\\/product\\\/pirk-pink-kush-thc-distillate-dabeast\\\/#primaryimage\",\"url\":\"https:\\\/\\\/medicinasinc.com\\\/lt\\\/wp-content\\\/uploads\\\/sites\\\/9\\\/2022\\\/02\\\/Buy-Pink-Kush-THC-Distillate-\u2013-Dabeast.jpg\",\"contentUrl\":\"https:\\\/\\\/medicinasinc.com\\\/lt\\\/wp-content\\\/uploads\\\/sites\\\/9\\\/2022\\\/02\\\/Buy-Pink-Kush-THC-Distillate-\u2013-Dabeast.jpg\",\"width\":600,\"height\":600},{\"@type\":\"BreadcrumbList\",\"@id\":\"https:\\\/\\\/medicinasinc.com\\\/lt\\\/product\\\/pirk-pink-kush-thc-distillate-dabeast\\\/#breadcrumb\",\"itemListElement\":[{\"@type\":\"ListItem\",\"position\":1,\"name\":\"Parduotuv\u0117\",\"item\":\"https:\\\/\\\/medicinasinc.com\\\/lt\\\/parduotuve\\\/\"},{\"@type\":\"ListItem\",\"position\":2,\"name\":\"Pirkite Pink Kush THC distiliat\u0105 \u2013 Dabeast\"}]},{\"@type\":\"WebSite\",\"@id\":\"https:\\\/\\\/medicinasinc.com\\\/lt\\\/#website\",\"url\":\"https:\\\/\\\/medicinasinc.com\\\/lt\\\/\",\"name\":\"Medicinas Inc\",\"description\":\"Sveikatos medicinos klinika\",\"potentialAction\":[{\"@type\":\"SearchAction\",\"target\":{\"@type\":\"EntryPoint\",\"urlTemplate\":\"https:\\\/\\\/medicinasinc.com\\\/lt\\\/?s={search_term_string}\"},\"query-input\":{\"@type\":\"PropertyValueSpecification\",\"valueRequired\":true,\"valueName\":\"search_term_string\"}}],\"inLanguage\":\"en-US\"}]}<\/script>\n<!-- \/ Yoast SEO plugin. -->","yoast_head_json":{"title":"Pirkite Pink Kush THC distiliat\u0105 \u2013 Dabeast \u2013 geriausius pasaulinius vaistus","description":"Pirkite Pink Kush THC Distillate Saber Vape Pen pardavimui JK, EuropE- Dabeast internetu JAV i\u0161 did\u017eiausios internetin\u0117s ambulatorijos, Pirkite My Weed internetu.","robots":{"index":"index","follow":"follow","max-snippet":"max-snippet:-1","max-image-preview":"max-image-preview:large","max-video-preview":"max-video-preview:-1"},"canonical":"https:\/\/medicinasinc.com\/lt\/product\/pirk-pink-kush-thc-distillate-dabeast\/","og_locale":"en_US","og_type":"article","og_title":"Pirkite Pink Kush THC distiliat\u0105 \u2013 Dabeast \u2013 geriausius pasaulinius vaistus","og_description":"Pirkite Pink Kush THC Distillate Saber Vape Pen pardavimui JK, EuropE- Dabeast internetu JAV i\u0161 did\u017eiausios internetin\u0117s ambulatorijos, Pirkite My Weed internetu.","og_url":"https:\/\/medicinasinc.com\/lt\/product\/pirk-pink-kush-thc-distillate-dabeast\/","og_site_name":"Medicinas Inc","article_modified_time":"2022-03-20T12:42:28+00:00","og_image":[{"width":600,"height":600,"url":"https:\/\/medicinasinc.com\/lt\/wp-content\/uploads\/sites\/9\/2022\/02\/Buy-Pink-Kush-THC-Distillate-\u2013-Dabeast.jpg","type":"image\/jpeg"}],"twitter_card":"summary_large_image","twitter_misc":{"Est. reading time":"1 minute"},"schema":{"@context":"https:\/\/schema.org","@graph":[{"@type":"WebPage","@id":"https:\/\/medicinasinc.com\/lt\/product\/pirk-pink-kush-thc-distillate-dabeast\/","url":"https:\/\/medicinasinc.com\/lt\/product\/pirk-pink-kush-thc-distillate-dabeast\/","name":"Pirkite Pink Kush THC distiliat\u0105 \u2013 Dabeast \u2013 geriausius pasaulinius vaistus","isPartOf":{"@id":"https:\/\/medicinasinc.com\/lt\/#website"},"primaryImageOfPage":{"@id":"https:\/\/medicinasinc.com\/lt\/product\/pirk-pink-kush-thc-distillate-dabeast\/#primaryimage"},"image":{"@id":"https:\/\/medicinasinc.com\/lt\/product\/pirk-pink-kush-thc-distillate-dabeast\/#primaryimage"},"thumbnailUrl":"https:\/\/medicinasinc.com\/lt\/wp-content\/uploads\/sites\/9\/2022\/02\/Buy-Pink-Kush-THC-Distillate-\u2013-Dabeast.jpg","datePublished":"2022-02-20T08:55:28+00:00","dateModified":"2022-03-20T12:42:28+00:00","description":"Pirkite Pink Kush THC Distillate Saber Vape Pen pardavimui JK, EuropE- Dabeast internetu JAV i\u0161 did\u017eiausios internetin\u0117s ambulatorijos, Pirkite My Weed internetu.","breadcrumb":{"@id":"https:\/\/medicinasinc.com\/lt\/product\/pirk-pink-kush-thc-distillate-dabeast\/#breadcrumb"},"inLanguage":"en-US","potentialAction":[{"@type":"ReadAction","target":["https:\/\/medicinasinc.com\/lt\/product\/pirk-pink-kush-thc-distillate-dabeast\/"]}]},{"@type":"ImageObject","inLanguage":"en-US","@id":"https:\/\/medicinasinc.com\/lt\/product\/pirk-pink-kush-thc-distillate-dabeast\/#primaryimage","url":"https:\/\/medicinasinc.com\/lt\/wp-content\/uploads\/sites\/9\/2022\/02\/Buy-Pink-Kush-THC-Distillate-\u2013-Dabeast.jpg","contentUrl":"https:\/\/medicinasinc.com\/lt\/wp-content\/uploads\/sites\/9\/2022\/02\/Buy-Pink-Kush-THC-Distillate-\u2013-Dabeast.jpg","width":600,"height":600},{"@type":"BreadcrumbList","@id":"https:\/\/medicinasinc.com\/lt\/product\/pirk-pink-kush-thc-distillate-dabeast\/#breadcrumb","itemListElement":[{"@type":"ListItem","position":1,"name":"Parduotuv\u0117","item":"https:\/\/medicinasinc.com\/lt\/parduotuve\/"},{"@type":"ListItem","position":2,"name":"Pirkite Pink Kush THC distiliat\u0105 \u2013 Dabeast"}]},{"@type":"WebSite","@id":"https:\/\/medicinasinc.com\/lt\/#website","url":"https:\/\/medicinasinc.com\/lt\/","name":"Medicinas Inc","description":"Sveikatos medicinos klinika","potentialAction":[{"@type":"SearchAction","target":{"@type":"EntryPoint","urlTemplate":"https:\/\/medicinasinc.com\/lt\/?s={search_term_string}"},"query-input":{"@type":"PropertyValueSpecification","valueRequired":true,"valueName":"search_term_string"}}],"inLanguage":"en-US"}]}},"_links":{"self":[{"href":"https:\/\/medicinasinc.com\/lt\/wp-json\/wp\/v2\/product\/4404","targetHints":{"allow":["GET"]}}],"collection":[{"href":"https:\/\/medicinasinc.com\/lt\/wp-json\/wp\/v2\/product"}],"about":[{"href":"https:\/\/medicinasinc.com\/lt\/wp-json\/wp\/v2\/types\/product"}],"replies":[{"embeddable":true,"href":"https:\/\/medicinasinc.com\/lt\/wp-json\/wp\/v2\/comments?post=4404"}],"wp:featuredmedia":[{"embeddable":true,"href":"https:\/\/medicinasinc.com\/lt\/wp-json\/wp\/v2\/media\/4438"}],"wp:attachment":[{"href":"https:\/\/medicinasinc.com\/lt\/wp-json\/wp\/v2\/media?parent=4404"}],"wp:term":[{"taxonomy":"product_brand","embeddable":true,"href":"https:\/\/medicinasinc.com\/lt\/wp-json\/wp\/v2\/product_brand?post=4404"},{"taxonomy":"product_cat","embeddable":true,"href":"https:\/\/medicinasinc.com\/lt\/wp-json\/wp\/v2\/product_cat?post=4404"},{"taxonomy":"product_tag","embeddable":true,"href":"https:\/\/medicinasinc.com\/lt\/wp-json\/wp\/v2\/product_tag?post=4404"}],"curies":[{"name":"wp","href":"https:\/\/api.w.org\/{rel}","templated":true}]}}