{"id":4403,"date":"2022-02-20T08:54:28","date_gmt":"2022-02-20T08:54:28","guid":{"rendered":"https:\/\/medicinasinc.com\/lt\/?post_type=product&#038;p=4403"},"modified":"2022-03-20T12:42:40","modified_gmt":"2022-03-20T12:42:40","slug":"pirkti-citrina-kalke-thc-distillate-dabeast","status":"publish","type":"product","link":"https:\/\/medicinasinc.com\/lt\/product\/pirkti-citrina-kalke-thc-distillate-dabeast\/","title":{"rendered":"Pirkite citrin\u0173 kalki\u0173 THC distiliat\u0105 \u2013 Dabeast"},"content":{"rendered":"<p>Kur \u012fsigyti citrin\u0173 kalki\u0173 THC distiliato \u2013 Dabeast<\/p>\n<p>M\u016bs\u0173 aromatizuotas THC distiliatas yra \u012fvairi\u0173 skoni\u0173, kurie tikrai prad\u017eiugins j\u016bs\u0173 skonio receptorius!<br \/> M\u016bs\u0173 THC distiliatai yra patobulinti organiniai ir nat\u016bral\u016bs terpenai, sukuriantys burnoje tirpstan\u010di\u0105 patirt\u012f, nepana\u0161i\u0105 \u012f bet kuri\u0105 kit\u0105.<\/p>\n<ul>\n<li>1 x Saber Vape Pen<\/li>\n<li>1 x U\u017epildytas\u00a0<strong>\u00a0<span class=\"hidden- xs\">Citrin\u0173 citrin\u0173 skonio<\/span>\u00a0THC distiliatas<\/strong>\u00a0ank\u0161tel\u0117<\/li>\n<li>1 x mikro USB laidas<\/li>\n<\/ul>\n<div class=\"product-next-previous\">\n<div class=\"product-prev\"><\/div><\/div>\n","protected":false},"excerpt":{"rendered":"<p>\u012esigykite citrin\u0173 ir kalki\u0173 THC distiliato kardo ra\u0161ikl\u012f &#8211; Auk\u0161\u010diausia lentyna internetu Europoje, JK i\u0161 did\u017eiausios internetin\u0117s vaistin\u0117s, \u201eBuy My Weed Online\u201c.<\/p>\n<p><em>Lemon Lime THC distiliatas<\/em> Saber Pen \u2013 auk\u0161\u010diausia lentyna u\u017e prieinam\u0105 kain\u0105 u\u017e geriausius pasaulinius vaistus! Visi produktai yra kvalifikuoti laboratorijoje ir yra auk\u0161\u010diausios kokyb\u0117s.<\/p>\n<ul>\n<li>Pristatymas visame pasaulyje<\/li>\n<li>Minimalus u\u017esakymo kiekis yra 5<\/li>\n<li>D\u0117l didesni\u0173 u\u017esakym\u0173 susisiekite su mumis<\/li>\n<\/ul>\n","protected":false},"featured_media":4436,"comment_status":"open","ping_status":"closed","template":"","meta":[],"product_brand":[],"product_cat":[440],"product_tag":[],"class_list":{"0":"post-4403","1":"product","2":"type-product","3":"status-publish","4":"has-post-thumbnail","6":"product_cat-pirkti-kanapi-cbd-aliej","8":"first","9":"instock","10":"shipping-taxable","11":"purchasable","12":"product-type-variable","13":"has-default-attributes"},"yoast_head":"<!-- This site is optimized with the Yoast SEO plugin v27.3 - https:\/\/yoast.com\/product\/yoast-seo-wordpress\/ -->\n<title>Pirkite citrin\u0173 kalki\u0173 THC distiliat\u0105 \u2013 Dabeast \u2013 geriausius pasaulinius vaistus<\/title>\n<meta name=\"description\" content=\"\u012esigykite citrin\u0173 citrin\u0173 kalki\u0173 THC distiliato kardo ra\u0161ikl\u012f. Parduodami geriausios lentynos internetu, Europoje, JK i\u0161 did\u017eiausios internetin\u0117s vaistin\u0117s, Pirkite mano pikt\u017eoles internetu.\" \/>\n<meta name=\"robots\" content=\"index, follow, max-snippet:-1, max-image-preview:large, max-video-preview:-1\" \/>\n<link rel=\"canonical\" href=\"https:\/\/medicinasinc.com\/lt\/product\/pirkti-citrina-kalke-thc-distillate-dabeast\/\" \/>\n<meta property=\"og:locale\" content=\"en_US\" \/>\n<meta property=\"og:type\" content=\"article\" \/>\n<meta property=\"og:title\" content=\"Pirkite citrin\u0173 kalki\u0173 THC distiliat\u0105 \u2013 Dabeast \u2013 geriausius pasaulinius vaistus\" \/>\n<meta property=\"og:description\" content=\"\u012esigykite citrin\u0173 citrin\u0173 kalki\u0173 THC distiliato kardo ra\u0161ikl\u012f. Parduodami geriausios lentynos internetu, Europoje, JK i\u0161 did\u017eiausios internetin\u0117s vaistin\u0117s, Pirkite mano pikt\u017eoles internetu.\" \/>\n<meta property=\"og:url\" content=\"https:\/\/medicinasinc.com\/lt\/product\/pirkti-citrina-kalke-thc-distillate-dabeast\/\" \/>\n<meta property=\"og:site_name\" content=\"Medicinas Inc\" \/>\n<meta property=\"article:modified_time\" content=\"2022-03-20T12:42:40+00:00\" \/>\n<meta property=\"og:image\" content=\"https:\/\/medicinasinc.com\/lt\/wp-content\/uploads\/sites\/9\/2022\/02\/Buy-Lemon-Lime-THC-Distillate.jpg\" \/>\n\t<meta property=\"og:image:width\" content=\"800\" \/>\n\t<meta property=\"og:image:height\" content=\"800\" \/>\n\t<meta property=\"og:image:type\" content=\"image\/jpeg\" \/>\n<meta name=\"twitter:card\" content=\"summary_large_image\" \/>\n<meta name=\"twitter:label1\" content=\"Est. reading time\" \/>\n\t<meta name=\"twitter:data1\" content=\"1 minute\" \/>\n<script type=\"application\/ld+json\" class=\"yoast-schema-graph\">{\"@context\":\"https:\\\/\\\/schema.org\",\"@graph\":[{\"@type\":\"WebPage\",\"@id\":\"https:\\\/\\\/medicinasinc.com\\\/lt\\\/product\\\/pirkti-citrina-kalke-thc-distillate-dabeast\\\/\",\"url\":\"https:\\\/\\\/medicinasinc.com\\\/lt\\\/product\\\/pirkti-citrina-kalke-thc-distillate-dabeast\\\/\",\"name\":\"Pirkite citrin\u0173 kalki\u0173 THC distiliat\u0105 \u2013 Dabeast \u2013 geriausius pasaulinius vaistus\",\"isPartOf\":{\"@id\":\"https:\\\/\\\/medicinasinc.com\\\/lt\\\/#website\"},\"primaryImageOfPage\":{\"@id\":\"https:\\\/\\\/medicinasinc.com\\\/lt\\\/product\\\/pirkti-citrina-kalke-thc-distillate-dabeast\\\/#primaryimage\"},\"image\":{\"@id\":\"https:\\\/\\\/medicinasinc.com\\\/lt\\\/product\\\/pirkti-citrina-kalke-thc-distillate-dabeast\\\/#primaryimage\"},\"thumbnailUrl\":\"https:\\\/\\\/medicinasinc.com\\\/lt\\\/wp-content\\\/uploads\\\/sites\\\/9\\\/2022\\\/02\\\/Buy-Lemon-Lime-THC-Distillate.jpg\",\"datePublished\":\"2022-02-20T08:54:28+00:00\",\"dateModified\":\"2022-03-20T12:42:40+00:00\",\"description\":\"\u012esigykite citrin\u0173 citrin\u0173 kalki\u0173 THC distiliato kardo ra\u0161ikl\u012f. Parduodami geriausios lentynos internetu, Europoje, JK i\u0161 did\u017eiausios internetin\u0117s vaistin\u0117s, Pirkite mano pikt\u017eoles internetu.\",\"breadcrumb\":{\"@id\":\"https:\\\/\\\/medicinasinc.com\\\/lt\\\/product\\\/pirkti-citrina-kalke-thc-distillate-dabeast\\\/#breadcrumb\"},\"inLanguage\":\"en-US\",\"potentialAction\":[{\"@type\":\"ReadAction\",\"target\":[\"https:\\\/\\\/medicinasinc.com\\\/lt\\\/product\\\/pirkti-citrina-kalke-thc-distillate-dabeast\\\/\"]}]},{\"@type\":\"ImageObject\",\"inLanguage\":\"en-US\",\"@id\":\"https:\\\/\\\/medicinasinc.com\\\/lt\\\/product\\\/pirkti-citrina-kalke-thc-distillate-dabeast\\\/#primaryimage\",\"url\":\"https:\\\/\\\/medicinasinc.com\\\/lt\\\/wp-content\\\/uploads\\\/sites\\\/9\\\/2022\\\/02\\\/Buy-Lemon-Lime-THC-Distillate.jpg\",\"contentUrl\":\"https:\\\/\\\/medicinasinc.com\\\/lt\\\/wp-content\\\/uploads\\\/sites\\\/9\\\/2022\\\/02\\\/Buy-Lemon-Lime-THC-Distillate.jpg\",\"width\":800,\"height\":800},{\"@type\":\"BreadcrumbList\",\"@id\":\"https:\\\/\\\/medicinasinc.com\\\/lt\\\/product\\\/pirkti-citrina-kalke-thc-distillate-dabeast\\\/#breadcrumb\",\"itemListElement\":[{\"@type\":\"ListItem\",\"position\":1,\"name\":\"Parduotuv\u0117\",\"item\":\"https:\\\/\\\/medicinasinc.com\\\/lt\\\/parduotuve\\\/\"},{\"@type\":\"ListItem\",\"position\":2,\"name\":\"Pirkite citrin\u0173 kalki\u0173 THC distiliat\u0105 \u2013 Dabeast\"}]},{\"@type\":\"WebSite\",\"@id\":\"https:\\\/\\\/medicinasinc.com\\\/lt\\\/#website\",\"url\":\"https:\\\/\\\/medicinasinc.com\\\/lt\\\/\",\"name\":\"Medicinas Inc\",\"description\":\"Sveikatos medicinos klinika\",\"potentialAction\":[{\"@type\":\"SearchAction\",\"target\":{\"@type\":\"EntryPoint\",\"urlTemplate\":\"https:\\\/\\\/medicinasinc.com\\\/lt\\\/?s={search_term_string}\"},\"query-input\":{\"@type\":\"PropertyValueSpecification\",\"valueRequired\":true,\"valueName\":\"search_term_string\"}}],\"inLanguage\":\"en-US\"}]}<\/script>\n<!-- \/ Yoast SEO plugin. -->","yoast_head_json":{"title":"Pirkite citrin\u0173 kalki\u0173 THC distiliat\u0105 \u2013 Dabeast \u2013 geriausius pasaulinius vaistus","description":"\u012esigykite citrin\u0173 citrin\u0173 kalki\u0173 THC distiliato kardo ra\u0161ikl\u012f. Parduodami geriausios lentynos internetu, Europoje, JK i\u0161 did\u017eiausios internetin\u0117s vaistin\u0117s, Pirkite mano pikt\u017eoles internetu.","robots":{"index":"index","follow":"follow","max-snippet":"max-snippet:-1","max-image-preview":"max-image-preview:large","max-video-preview":"max-video-preview:-1"},"canonical":"https:\/\/medicinasinc.com\/lt\/product\/pirkti-citrina-kalke-thc-distillate-dabeast\/","og_locale":"en_US","og_type":"article","og_title":"Pirkite citrin\u0173 kalki\u0173 THC distiliat\u0105 \u2013 Dabeast \u2013 geriausius pasaulinius vaistus","og_description":"\u012esigykite citrin\u0173 citrin\u0173 kalki\u0173 THC distiliato kardo ra\u0161ikl\u012f. Parduodami geriausios lentynos internetu, Europoje, JK i\u0161 did\u017eiausios internetin\u0117s vaistin\u0117s, Pirkite mano pikt\u017eoles internetu.","og_url":"https:\/\/medicinasinc.com\/lt\/product\/pirkti-citrina-kalke-thc-distillate-dabeast\/","og_site_name":"Medicinas Inc","article_modified_time":"2022-03-20T12:42:40+00:00","og_image":[{"width":800,"height":800,"url":"https:\/\/medicinasinc.com\/lt\/wp-content\/uploads\/sites\/9\/2022\/02\/Buy-Lemon-Lime-THC-Distillate.jpg","type":"image\/jpeg"}],"twitter_card":"summary_large_image","twitter_misc":{"Est. reading time":"1 minute"},"schema":{"@context":"https:\/\/schema.org","@graph":[{"@type":"WebPage","@id":"https:\/\/medicinasinc.com\/lt\/product\/pirkti-citrina-kalke-thc-distillate-dabeast\/","url":"https:\/\/medicinasinc.com\/lt\/product\/pirkti-citrina-kalke-thc-distillate-dabeast\/","name":"Pirkite citrin\u0173 kalki\u0173 THC distiliat\u0105 \u2013 Dabeast \u2013 geriausius pasaulinius vaistus","isPartOf":{"@id":"https:\/\/medicinasinc.com\/lt\/#website"},"primaryImageOfPage":{"@id":"https:\/\/medicinasinc.com\/lt\/product\/pirkti-citrina-kalke-thc-distillate-dabeast\/#primaryimage"},"image":{"@id":"https:\/\/medicinasinc.com\/lt\/product\/pirkti-citrina-kalke-thc-distillate-dabeast\/#primaryimage"},"thumbnailUrl":"https:\/\/medicinasinc.com\/lt\/wp-content\/uploads\/sites\/9\/2022\/02\/Buy-Lemon-Lime-THC-Distillate.jpg","datePublished":"2022-02-20T08:54:28+00:00","dateModified":"2022-03-20T12:42:40+00:00","description":"\u012esigykite citrin\u0173 citrin\u0173 kalki\u0173 THC distiliato kardo ra\u0161ikl\u012f. Parduodami geriausios lentynos internetu, Europoje, JK i\u0161 did\u017eiausios internetin\u0117s vaistin\u0117s, Pirkite mano pikt\u017eoles internetu.","breadcrumb":{"@id":"https:\/\/medicinasinc.com\/lt\/product\/pirkti-citrina-kalke-thc-distillate-dabeast\/#breadcrumb"},"inLanguage":"en-US","potentialAction":[{"@type":"ReadAction","target":["https:\/\/medicinasinc.com\/lt\/product\/pirkti-citrina-kalke-thc-distillate-dabeast\/"]}]},{"@type":"ImageObject","inLanguage":"en-US","@id":"https:\/\/medicinasinc.com\/lt\/product\/pirkti-citrina-kalke-thc-distillate-dabeast\/#primaryimage","url":"https:\/\/medicinasinc.com\/lt\/wp-content\/uploads\/sites\/9\/2022\/02\/Buy-Lemon-Lime-THC-Distillate.jpg","contentUrl":"https:\/\/medicinasinc.com\/lt\/wp-content\/uploads\/sites\/9\/2022\/02\/Buy-Lemon-Lime-THC-Distillate.jpg","width":800,"height":800},{"@type":"BreadcrumbList","@id":"https:\/\/medicinasinc.com\/lt\/product\/pirkti-citrina-kalke-thc-distillate-dabeast\/#breadcrumb","itemListElement":[{"@type":"ListItem","position":1,"name":"Parduotuv\u0117","item":"https:\/\/medicinasinc.com\/lt\/parduotuve\/"},{"@type":"ListItem","position":2,"name":"Pirkite citrin\u0173 kalki\u0173 THC distiliat\u0105 \u2013 Dabeast"}]},{"@type":"WebSite","@id":"https:\/\/medicinasinc.com\/lt\/#website","url":"https:\/\/medicinasinc.com\/lt\/","name":"Medicinas Inc","description":"Sveikatos medicinos klinika","potentialAction":[{"@type":"SearchAction","target":{"@type":"EntryPoint","urlTemplate":"https:\/\/medicinasinc.com\/lt\/?s={search_term_string}"},"query-input":{"@type":"PropertyValueSpecification","valueRequired":true,"valueName":"search_term_string"}}],"inLanguage":"en-US"}]}},"_links":{"self":[{"href":"https:\/\/medicinasinc.com\/lt\/wp-json\/wp\/v2\/product\/4403","targetHints":{"allow":["GET"]}}],"collection":[{"href":"https:\/\/medicinasinc.com\/lt\/wp-json\/wp\/v2\/product"}],"about":[{"href":"https:\/\/medicinasinc.com\/lt\/wp-json\/wp\/v2\/types\/product"}],"replies":[{"embeddable":true,"href":"https:\/\/medicinasinc.com\/lt\/wp-json\/wp\/v2\/comments?post=4403"}],"wp:featuredmedia":[{"embeddable":true,"href":"https:\/\/medicinasinc.com\/lt\/wp-json\/wp\/v2\/media\/4436"}],"wp:attachment":[{"href":"https:\/\/medicinasinc.com\/lt\/wp-json\/wp\/v2\/media?parent=4403"}],"wp:term":[{"taxonomy":"product_brand","embeddable":true,"href":"https:\/\/medicinasinc.com\/lt\/wp-json\/wp\/v2\/product_brand?post=4403"},{"taxonomy":"product_cat","embeddable":true,"href":"https:\/\/medicinasinc.com\/lt\/wp-json\/wp\/v2\/product_cat?post=4403"},{"taxonomy":"product_tag","embeddable":true,"href":"https:\/\/medicinasinc.com\/lt\/wp-json\/wp\/v2\/product_tag?post=4403"}],"curies":[{"name":"wp","href":"https:\/\/api.w.org\/{rel}","templated":true}]}}