{"id":4390,"date":"2022-02-20T08:47:42","date_gmt":"2022-02-20T08:47:42","guid":{"rendered":"https:\/\/medicinasinc.com\/lt\/?post_type=product&#038;p=4390"},"modified":"2022-03-20T12:42:48","modified_gmt":"2022-03-20T12:42:48","slug":"pirkite-citrinos-haze-co2-1g-vape-kasete","status":"publish","type":"product","link":"https:\/\/medicinasinc.com\/lt\/product\/pirkite-citrinos-haze-co2-1g-vape-kasete\/","title":{"rendered":"Pirkite Lemon Haze CO2 1g vape kaset\u0119"},"content":{"rendered":"<p>Parduodama Lemon Haze CO2 1g vape kaset\u0117.<\/p>\n<p>Parduodama Lemon Haze CO2 1g vape kaset\u0117.<\/p>\n<p>Parduodama Lemon Haze CO2 vape kaset\u0117. \u201ePure\u201c siekia tiekti gryniausi\u0105, saugiausi\u0105 ir nuosekliausi\u0105 aliej\u0173. M\u016bs\u0173 skoniai yra pagaminti tik i\u0161 nat\u016brali\u0173 vaisi\u0173 terpen\u0173. 1 gramas be pried\u0173 kanapi\u0173 aliejaus<br \/> Green House Seeds Lemon Skunk Super Silver Haze yra Sativa dominuojantis Lemon Skunk ir Super Silver Haze hibridas, kuris laim\u0117jo du kanapi\u0173 taures. Super Lemon Haze yra \u012fvairiaspalvis stebuklas. Kaip matyti i\u0161 pavadinimo, \u0161i atmaina pasi\u017eymi i\u0161skirtin\u0117mis citrin\u0173 savyb\u0117mis. Aromatas yra citrusinis, a\u0161trus ir \u0161iek tiek saldus. Skonis yra b\u016btent toks, kokio galima tik\u0117tis i\u0161 bendravard\u017eio; aitrus ir saldus, pana\u0161us \u012f Lemonheads saldainius \u2013 nors ir ne toks a\u0161trus, kaip galima tik\u0117tis.<\/p>\n<p>THC kiekis: 65,22 proc. CBD kiekis: 2,86 proc.<\/p>\n","protected":false},"excerpt":{"rendered":"<p>Co2 Vape Cartridge Super Lemon Haze<\/p>\n<p>\u012esigykite Super Lemon Haze Cannabis Oil Vape Cartridge Strain Jungtin\u0117je Karalyst\u0117je ir Europoje. SativaOil ekstrahavimo metodas: Subkritinis CO2. Vape kaset\u0117, skirta Super Lemon Haze kanapi\u0173 aliejui.<\/p>\n<p>Viena i\u0161 geriausi\u0173 Co2 Vape kase\u010di\u0173 rinkoje yra Super Lemon Haze. Tiksliau, aromatas yra a\u0161trus, citrusinis ir \u0161iek tiek saldus. Skonis aitrus ir saldus, primenantis citringalvi\u0173 saldainius. X-trates CO2 vape kaset\u0117se yra tik grynas kanapi\u0173 aliejus, kuriame yra platus organini\u0173 kanabinoid\u0173 ir terpen\u0173 spektras. Papildomai yra 1g ir 0,5ml kaset\u0117s.<\/p>\n<p>Produkto kaina tokia: u\u017e 1g kaset\u0119<br \/> Minimalus u\u017esakymo kiekis yra 5 kaset\u0117s.<\/p>\n","protected":false},"featured_media":4423,"comment_status":"open","ping_status":"closed","template":"","meta":[],"product_brand":[],"product_cat":[440],"product_tag":[481,486,482,485,488,487,483,484],"class_list":{"0":"post-4390","1":"product","2":"type-product","3":"status-publish","4":"has-post-thumbnail","6":"product_cat-pirkti-kanapi-cbd-aliej","7":"product_tag-i-anksto-upildytos-vape-cartridges-europe-tags-super-lemon-haze-allbud","8":"product_tag-super-citrinos-miglos-kaina","9":"product_tag-super-citrinos-miglos-kaset","10":"product_tag-super-citrinos-miglos-aliejaus-kaset","11":"product_tag-super-citrinos-miglos-derliaus-apraymas-apvalgos-0","12":"product_tag-super-citrin-miglos-sklos","13":"product_tag-super-citrinos-haze-co2-vape-kaset","14":"product_tag-super-citrina-rkas-karaliukas","16":"first","17":"instock","18":"shipping-taxable","19":"purchasable","20":"product-type-variable","21":"has-default-attributes"},"yoast_head":"<!-- This site is optimized with the Yoast SEO plugin v27.3 - https:\/\/yoast.com\/product\/yoast-seo-wordpress\/ -->\n<title>Pirkite Lemon Haze CO2 vape kaset\u0119 \u2013 geriausius pasaulinius vaistus<\/title>\n<meta name=\"description\" content=\"Pirkite Super Lemon Haze Cannabis Oil Vape Cartridge Strain pardavimui JK, Europoje. SativaOil ekstrahavimo metodas: Subkritinis CO2. Super Lemon Haze kanapi\u0173 aliejaus Vape kaset\u0117.\" \/>\n<meta name=\"robots\" content=\"index, follow, max-snippet:-1, max-image-preview:large, max-video-preview:-1\" \/>\n<link rel=\"canonical\" href=\"https:\/\/medicinasinc.com\/lt\/product\/pirkite-citrinos-haze-co2-1g-vape-kasete\/\" \/>\n<meta property=\"og:locale\" content=\"en_US\" \/>\n<meta property=\"og:type\" content=\"article\" \/>\n<meta property=\"og:title\" content=\"Pirkite Lemon Haze CO2 vape kaset\u0119 \u2013 geriausius pasaulinius vaistus\" \/>\n<meta property=\"og:description\" content=\"Pirkite Super Lemon Haze Cannabis Oil Vape Cartridge Strain pardavimui JK, Europoje. SativaOil ekstrahavimo metodas: Subkritinis CO2. Super Lemon Haze kanapi\u0173 aliejaus Vape kaset\u0117.\" \/>\n<meta property=\"og:url\" content=\"https:\/\/medicinasinc.com\/lt\/product\/pirkite-citrinos-haze-co2-1g-vape-kasete\/\" \/>\n<meta property=\"og:site_name\" content=\"Medicinas Inc\" \/>\n<meta property=\"article:modified_time\" content=\"2022-03-20T12:42:48+00:00\" \/>\n<meta property=\"og:image\" content=\"https:\/\/medicinasinc.com\/lt\/wp-content\/uploads\/sites\/9\/2022\/02\/Buy-High-THC-Cannabis-Oil-1g-cartridge-online.jpg\" \/>\n\t<meta property=\"og:image:width\" content=\"600\" \/>\n\t<meta property=\"og:image:height\" content=\"600\" \/>\n\t<meta property=\"og:image:type\" content=\"image\/jpeg\" \/>\n<meta name=\"twitter:card\" content=\"summary_large_image\" \/>\n<meta name=\"twitter:label1\" content=\"Est. reading time\" \/>\n\t<meta name=\"twitter:data1\" content=\"1 minute\" \/>\n<script type=\"application\/ld+json\" class=\"yoast-schema-graph\">{\"@context\":\"https:\\\/\\\/schema.org\",\"@graph\":[{\"@type\":\"WebPage\",\"@id\":\"https:\\\/\\\/medicinasinc.com\\\/lt\\\/product\\\/pirkite-citrinos-haze-co2-1g-vape-kasete\\\/\",\"url\":\"https:\\\/\\\/medicinasinc.com\\\/lt\\\/product\\\/pirkite-citrinos-haze-co2-1g-vape-kasete\\\/\",\"name\":\"Pirkite Lemon Haze CO2 vape kaset\u0119 \u2013 geriausius pasaulinius vaistus\",\"isPartOf\":{\"@id\":\"https:\\\/\\\/medicinasinc.com\\\/lt\\\/#website\"},\"primaryImageOfPage\":{\"@id\":\"https:\\\/\\\/medicinasinc.com\\\/lt\\\/product\\\/pirkite-citrinos-haze-co2-1g-vape-kasete\\\/#primaryimage\"},\"image\":{\"@id\":\"https:\\\/\\\/medicinasinc.com\\\/lt\\\/product\\\/pirkite-citrinos-haze-co2-1g-vape-kasete\\\/#primaryimage\"},\"thumbnailUrl\":\"https:\\\/\\\/medicinasinc.com\\\/lt\\\/wp-content\\\/uploads\\\/sites\\\/9\\\/2022\\\/02\\\/Buy-High-THC-Cannabis-Oil-1g-cartridge-online.jpg\",\"datePublished\":\"2022-02-20T08:47:42+00:00\",\"dateModified\":\"2022-03-20T12:42:48+00:00\",\"description\":\"Pirkite Super Lemon Haze Cannabis Oil Vape Cartridge Strain pardavimui JK, Europoje. SativaOil ekstrahavimo metodas: Subkritinis CO2. Super Lemon Haze kanapi\u0173 aliejaus Vape kaset\u0117.\",\"breadcrumb\":{\"@id\":\"https:\\\/\\\/medicinasinc.com\\\/lt\\\/product\\\/pirkite-citrinos-haze-co2-1g-vape-kasete\\\/#breadcrumb\"},\"inLanguage\":\"en-US\",\"potentialAction\":[{\"@type\":\"ReadAction\",\"target\":[\"https:\\\/\\\/medicinasinc.com\\\/lt\\\/product\\\/pirkite-citrinos-haze-co2-1g-vape-kasete\\\/\"]}]},{\"@type\":\"ImageObject\",\"inLanguage\":\"en-US\",\"@id\":\"https:\\\/\\\/medicinasinc.com\\\/lt\\\/product\\\/pirkite-citrinos-haze-co2-1g-vape-kasete\\\/#primaryimage\",\"url\":\"https:\\\/\\\/medicinasinc.com\\\/lt\\\/wp-content\\\/uploads\\\/sites\\\/9\\\/2022\\\/02\\\/Buy-High-THC-Cannabis-Oil-1g-cartridge-online.jpg\",\"contentUrl\":\"https:\\\/\\\/medicinasinc.com\\\/lt\\\/wp-content\\\/uploads\\\/sites\\\/9\\\/2022\\\/02\\\/Buy-High-THC-Cannabis-Oil-1g-cartridge-online.jpg\",\"width\":600,\"height\":600},{\"@type\":\"BreadcrumbList\",\"@id\":\"https:\\\/\\\/medicinasinc.com\\\/lt\\\/product\\\/pirkite-citrinos-haze-co2-1g-vape-kasete\\\/#breadcrumb\",\"itemListElement\":[{\"@type\":\"ListItem\",\"position\":1,\"name\":\"Parduotuv\u0117\",\"item\":\"https:\\\/\\\/medicinasinc.com\\\/lt\\\/parduotuve\\\/\"},{\"@type\":\"ListItem\",\"position\":2,\"name\":\"Pirkite Lemon Haze CO2 1g vape kaset\u0119\"}]},{\"@type\":\"WebSite\",\"@id\":\"https:\\\/\\\/medicinasinc.com\\\/lt\\\/#website\",\"url\":\"https:\\\/\\\/medicinasinc.com\\\/lt\\\/\",\"name\":\"Medicinas Inc\",\"description\":\"Sveikatos medicinos klinika\",\"potentialAction\":[{\"@type\":\"SearchAction\",\"target\":{\"@type\":\"EntryPoint\",\"urlTemplate\":\"https:\\\/\\\/medicinasinc.com\\\/lt\\\/?s={search_term_string}\"},\"query-input\":{\"@type\":\"PropertyValueSpecification\",\"valueRequired\":true,\"valueName\":\"search_term_string\"}}],\"inLanguage\":\"en-US\"}]}<\/script>\n<!-- \/ Yoast SEO plugin. -->","yoast_head_json":{"title":"Pirkite Lemon Haze CO2 vape kaset\u0119 \u2013 geriausius pasaulinius vaistus","description":"Pirkite Super Lemon Haze Cannabis Oil Vape Cartridge Strain pardavimui JK, Europoje. SativaOil ekstrahavimo metodas: Subkritinis CO2. Super Lemon Haze kanapi\u0173 aliejaus Vape kaset\u0117.","robots":{"index":"index","follow":"follow","max-snippet":"max-snippet:-1","max-image-preview":"max-image-preview:large","max-video-preview":"max-video-preview:-1"},"canonical":"https:\/\/medicinasinc.com\/lt\/product\/pirkite-citrinos-haze-co2-1g-vape-kasete\/","og_locale":"en_US","og_type":"article","og_title":"Pirkite Lemon Haze CO2 vape kaset\u0119 \u2013 geriausius pasaulinius vaistus","og_description":"Pirkite Super Lemon Haze Cannabis Oil Vape Cartridge Strain pardavimui JK, Europoje. SativaOil ekstrahavimo metodas: Subkritinis CO2. Super Lemon Haze kanapi\u0173 aliejaus Vape kaset\u0117.","og_url":"https:\/\/medicinasinc.com\/lt\/product\/pirkite-citrinos-haze-co2-1g-vape-kasete\/","og_site_name":"Medicinas Inc","article_modified_time":"2022-03-20T12:42:48+00:00","og_image":[{"width":600,"height":600,"url":"https:\/\/medicinasinc.com\/lt\/wp-content\/uploads\/sites\/9\/2022\/02\/Buy-High-THC-Cannabis-Oil-1g-cartridge-online.jpg","type":"image\/jpeg"}],"twitter_card":"summary_large_image","twitter_misc":{"Est. reading time":"1 minute"},"schema":{"@context":"https:\/\/schema.org","@graph":[{"@type":"WebPage","@id":"https:\/\/medicinasinc.com\/lt\/product\/pirkite-citrinos-haze-co2-1g-vape-kasete\/","url":"https:\/\/medicinasinc.com\/lt\/product\/pirkite-citrinos-haze-co2-1g-vape-kasete\/","name":"Pirkite Lemon Haze CO2 vape kaset\u0119 \u2013 geriausius pasaulinius vaistus","isPartOf":{"@id":"https:\/\/medicinasinc.com\/lt\/#website"},"primaryImageOfPage":{"@id":"https:\/\/medicinasinc.com\/lt\/product\/pirkite-citrinos-haze-co2-1g-vape-kasete\/#primaryimage"},"image":{"@id":"https:\/\/medicinasinc.com\/lt\/product\/pirkite-citrinos-haze-co2-1g-vape-kasete\/#primaryimage"},"thumbnailUrl":"https:\/\/medicinasinc.com\/lt\/wp-content\/uploads\/sites\/9\/2022\/02\/Buy-High-THC-Cannabis-Oil-1g-cartridge-online.jpg","datePublished":"2022-02-20T08:47:42+00:00","dateModified":"2022-03-20T12:42:48+00:00","description":"Pirkite Super Lemon Haze Cannabis Oil Vape Cartridge Strain pardavimui JK, Europoje. SativaOil ekstrahavimo metodas: Subkritinis CO2. Super Lemon Haze kanapi\u0173 aliejaus Vape kaset\u0117.","breadcrumb":{"@id":"https:\/\/medicinasinc.com\/lt\/product\/pirkite-citrinos-haze-co2-1g-vape-kasete\/#breadcrumb"},"inLanguage":"en-US","potentialAction":[{"@type":"ReadAction","target":["https:\/\/medicinasinc.com\/lt\/product\/pirkite-citrinos-haze-co2-1g-vape-kasete\/"]}]},{"@type":"ImageObject","inLanguage":"en-US","@id":"https:\/\/medicinasinc.com\/lt\/product\/pirkite-citrinos-haze-co2-1g-vape-kasete\/#primaryimage","url":"https:\/\/medicinasinc.com\/lt\/wp-content\/uploads\/sites\/9\/2022\/02\/Buy-High-THC-Cannabis-Oil-1g-cartridge-online.jpg","contentUrl":"https:\/\/medicinasinc.com\/lt\/wp-content\/uploads\/sites\/9\/2022\/02\/Buy-High-THC-Cannabis-Oil-1g-cartridge-online.jpg","width":600,"height":600},{"@type":"BreadcrumbList","@id":"https:\/\/medicinasinc.com\/lt\/product\/pirkite-citrinos-haze-co2-1g-vape-kasete\/#breadcrumb","itemListElement":[{"@type":"ListItem","position":1,"name":"Parduotuv\u0117","item":"https:\/\/medicinasinc.com\/lt\/parduotuve\/"},{"@type":"ListItem","position":2,"name":"Pirkite Lemon Haze CO2 1g vape kaset\u0119"}]},{"@type":"WebSite","@id":"https:\/\/medicinasinc.com\/lt\/#website","url":"https:\/\/medicinasinc.com\/lt\/","name":"Medicinas Inc","description":"Sveikatos medicinos klinika","potentialAction":[{"@type":"SearchAction","target":{"@type":"EntryPoint","urlTemplate":"https:\/\/medicinasinc.com\/lt\/?s={search_term_string}"},"query-input":{"@type":"PropertyValueSpecification","valueRequired":true,"valueName":"search_term_string"}}],"inLanguage":"en-US"}]}},"_links":{"self":[{"href":"https:\/\/medicinasinc.com\/lt\/wp-json\/wp\/v2\/product\/4390","targetHints":{"allow":["GET"]}}],"collection":[{"href":"https:\/\/medicinasinc.com\/lt\/wp-json\/wp\/v2\/product"}],"about":[{"href":"https:\/\/medicinasinc.com\/lt\/wp-json\/wp\/v2\/types\/product"}],"replies":[{"embeddable":true,"href":"https:\/\/medicinasinc.com\/lt\/wp-json\/wp\/v2\/comments?post=4390"}],"wp:featuredmedia":[{"embeddable":true,"href":"https:\/\/medicinasinc.com\/lt\/wp-json\/wp\/v2\/media\/4423"}],"wp:attachment":[{"href":"https:\/\/medicinasinc.com\/lt\/wp-json\/wp\/v2\/media?parent=4390"}],"wp:term":[{"taxonomy":"product_brand","embeddable":true,"href":"https:\/\/medicinasinc.com\/lt\/wp-json\/wp\/v2\/product_brand?post=4390"},{"taxonomy":"product_cat","embeddable":true,"href":"https:\/\/medicinasinc.com\/lt\/wp-json\/wp\/v2\/product_cat?post=4390"},{"taxonomy":"product_tag","embeddable":true,"href":"https:\/\/medicinasinc.com\/lt\/wp-json\/wp\/v2\/product_tag?post=4390"}],"curies":[{"name":"wp","href":"https:\/\/api.w.org\/{rel}","templated":true}]}}