{"id":4388,"date":"2022-02-20T08:46:53","date_gmt":"2022-02-20T08:46:53","guid":{"rendered":"https:\/\/medicinasinc.com\/lt\/?post_type=product&#038;p=4388"},"modified":"2022-03-20T12:43:00","modified_gmt":"2022-03-20T12:43:00","slug":"pirkite-high-thc-kanapiu-aliejaus-1g-kasete-internete","status":"publish","type":"product","link":"https:\/\/medicinasinc.com\/lt\/product\/pirkite-high-thc-kanapiu-aliejaus-1g-kasete-internete\/","title":{"rendered":"Pirkite 1 g kanapi\u0173 aliejaus u\u017etais\u0105 su dideliu THC kiekiu internetu"},"content":{"rendered":"<p>\u012esigykite 1 g kaset\u0119 didelio THC kanapi\u0173 aliejaus internetu.<\/p>\n<p>U\u017euot mai\u0161\u0119 kanapi\u0173, si\u016blome 18 skirting\u0173 atmain\u0173 u\u017etaisus. Joki\u0173 pried\u0173 nenaudojame. M\u016bs\u0173 kanap\u0117s nat\u016braliai auginamos \u0160iaur\u0117s Kalifornijos auk\u0161\u010diausios kokyb\u0117s kanapi\u0173 regione ir tada \u0161variai ekstrahuojamos naudojant patentuot\u0105 superkritinio CO2 metod\u0105.<\/p>\n<p>Kanapi\u0173 aliejus medicinos reikm\u0117ms. Hibridas, sativa ir indica<\/p>\n<p>Kanapi\u0173 aliejaus medicinin\u0117 nauda<br \/> Imunin\u0117s sistemos apsauga \u017dymiai padidina remisijos tikimyb\u0119<br \/> Padeda stabilizuoti ir panaikinti \u016bmin\u012f ar l\u0117tin\u012f skausm\u0105<br \/> Pa\u0161alina potencialiai \u017ealingi farmaciniai protokolai<br \/> Suma\u017eina arba pa\u0161alina piktybini\u0173 l\u0105steli\u0173 augim\u0105. Suma\u017eina arba pa\u0161alina pykinim\u0105.<\/p>\n<p>Istori\u0161kai kanap\u0117se buvo nuo 12 iki 21 % THC.<\/p>\n<p>CBD koncentracija daugumoje kanapi\u0173 augal\u0173 svyruoja nuo 0,1 iki 0,3 procento. Ta\u010diau dabar yra daugiau CBD turin\u010di\u0173 kanapi\u0173 atmain\u0173, tod\u0117l CBD turtingi kanapi\u0173 aliejai tampa prieinamesni. \u0160iuos kanapi\u0173 aliejus galima \u012fsigyti ir juos galima saugiai u\u017esisakyti internetu. mai\u0161os aliejus parduodamas internetu, kaip pirkti mai\u0161os aliej\u0173 internetu, didelis thc aliejus parduodamas, mai\u0161os aliejaus u\u017esakymas internetu, mai\u0161os aliejaus pirkimas internetu, mai\u0161os aliejaus kaset\u0117 parduodama, kur galima nusipirkti thc aliejaus internetu, thc mai\u0161os aliejus parduodamas, mai\u0161a alyvos kaset\u0117s parduodamos internetu, kur nusipirkti thc aliejaus internetu, pirkite mai\u0161os aliejaus kasetes internetu<\/p>\n<p>Be to, CBD turtingi aliejai pirmenyb\u0119 teikia tokioms s\u0105lygoms kaip epilepsija, nerimas, stresas ir pykinimas. CBD aliejai taip pat pad\u0117s atsipalaiduoti ir pad\u0117s gydyti nemig\u0105, \u012ftampos galvos skausm\u0105, nuotaikos sutrikimus ir d\u0117mesio stokos sutrikim\u0105.<\/p>\n<p>Prie\u0161 perkant mai\u0161\u0105 internetu, labai svarbu suprasti poveik\u012f ir jo ry\u0161\u012f. kanap\u0117ms ir kuo jos i\u0161siskiria i\u0161 kit\u0173 pikt\u017eoli\u0173 produkt\u0173. Ha\u0161as, kitas valstijoje vartojamas \u201eha\u0161i\u0161o\u201c terminas, yra kanapi\u0173 koncentratas, perduodamas per marihuanos augalo pik\u012f. Tai pasiekiama atskiriant kanapi\u0173 augalo sul\u010di\u0173 organus, kurie bendrai vadinami trichomomis, nuo jo \u017eied\u0173. \u017dinoma, kad \u0161iuose trichomuose yra did\u017eiausia kanabinoid\u0173 ir terpen\u0173 koncentracija \u2013 cheminiai junginiai, atsakingi u\u017e unikalias Maryjane savybes ir savybes. D\u0117l didel\u0117s kanabinoid\u0173 ir terpen\u0173 koncentracijos mai\u0161elyje jis turi nepaprast\u0105 geb\u0117jim\u0105 sukurti jaudinan\u010dius psichoaktyvius ir medicininius susitikimus kanapi\u0173 vartojimo klientams. Ha\u0161o aliejus yra labai koncentruota kanapi\u0173 forma, kuri\u0105 galima r\u016bkyti, garinti, vartoti arba nu\u0161veisti ant odos. Kartais mai\u0161os aliejaus naudojimas vadinamas \u201epasiekimu\u201c arba \u201evartojimu\u201c. Ha\u0161o aliejus yra gaunamas i\u0161 kanapi\u0173 augal\u0173 ir jame yra THC (delta-9-tetrahidrokanabinolio), to paties revoliucinio junginio, kuris yra kituose Maryjane produktuose. Nepaisant to, mai\u0161os aliejus yra stipresnis, jame yra iki 90% gryno THC. Nat\u016bralu, kad kitose kanapi\u0173 augalo dalyse THC kiekis paprastai yra apie 12%. Patikimas CO2 ekstrahavimas \u0161iuo metu yra efektyviausias THC aliejaus gavybos b\u016bdas. Be to, tai yra labiausiai paplit\u0119s ir saugiausias kanapi\u0173 aliejaus, distiliato ir gyvos dervos gamybos b\u016bdas. Prie\u017eastis, kod\u0117l \u0161iais laikais taip paplitusi, yra ta, kad \u0161iame THC aliejuje n\u0117ra papildom\u0173 tirpikli\u0173, toki\u0173 kaip skystis ar butanas. Daugumoje THC aliej\u0173 yra tam tikros r\u016b\u0161ies ma\u017e\u0117jantis pasirengimas. Tai b\u016btina norint u\u017etikrinti, kad aliejus i\u0161laikyt\u0173 ideali\u0105 garinimo konsistencij\u0105. \u017dymiausi ma\u017e\u0117jantys specialistai yra augalinis glicerinas ir propilenglikolis (VG ir PG), kurie da\u017eniausiai randami standartiniuose e-skys\u010diuose. Kai kuriuose yra \u012fvairi\u0173 u\u017epild\u0173, toki\u0173 kaip PEG ir neseniai TEC Temper, kuri yra dar viena s\u0105lyga, gaunama i\u0161 nat\u016brali\u0173 terpen\u0173. Galima \u012fsigyti mai\u0161os aliejaus.<\/p>\n","protected":false},"excerpt":{"rendered":"<p>Pirkite auk\u0161to THC marihuanos aliejaus pardavimui JK, Europoje internetu. Pirkite 100% gryno thc kanapi\u0173 aliejaus pardavimui JAV. Viso spektro kanapi\u0173 aliejus. Parduodamas THC aliejaus v\u0117\u017eys. Potencija: 85% THC ir amp; 15 % CBD<\/p>\n<p>produkto kaina yra tokia: u\u017e 5 kasetes<\/p>\n<p>Ma\u017eiausias u\u017esakymo kiekis: 5 kaset\u0117s<\/p>\n","protected":false},"featured_media":4423,"comment_status":"open","ping_status":"closed","template":"","meta":[],"product_brand":[],"product_cat":[440],"product_tag":[],"class_list":{"0":"post-4388","1":"product","2":"type-product","3":"status-publish","4":"has-post-thumbnail","6":"product_cat-pirkti-kanapi-cbd-aliej","8":"first","9":"instock","10":"shipping-taxable","11":"purchasable","12":"product-type-variable","13":"has-default-attributes"},"yoast_head":"<!-- This site is optimized with the Yoast SEO plugin v27.3 - https:\/\/yoast.com\/product\/yoast-seo-wordpress\/ -->\n<title>Pirkite 1 g kanapi\u0173 aliejaus u\u017etais\u0105 su auk\u0161tu THC kiekiu \u2013 geriausi pasaulyje vaistai<\/title>\n<meta name=\"description\" content=\"Pirkite auk\u0161to THC marihuanos aliejaus pardavimui JK, Europoje internetu. Pirkite 100% gryno thc kanapi\u0173 aliejaus pardavimui JAV. Viso spektro kanapi\u0173 aliejus. Parduodamas THC aliejaus v\u0117\u017eys. Potencija: 85% THC ir amp; 15% CBD\" \/>\n<meta name=\"robots\" content=\"index, follow, max-snippet:-1, max-image-preview:large, max-video-preview:-1\" \/>\n<link rel=\"canonical\" href=\"https:\/\/medicinasinc.com\/lt\/product\/pirkite-high-thc-kanapiu-aliejaus-1g-kasete-internete\/\" \/>\n<meta property=\"og:locale\" content=\"en_US\" \/>\n<meta property=\"og:type\" content=\"article\" \/>\n<meta property=\"og:title\" content=\"Pirkite 1 g kanapi\u0173 aliejaus u\u017etais\u0105 su auk\u0161tu THC kiekiu \u2013 geriausi pasaulyje vaistai\" \/>\n<meta property=\"og:description\" content=\"Pirkite auk\u0161to THC marihuanos aliejaus pardavimui JK, Europoje internetu. Pirkite 100% gryno thc kanapi\u0173 aliejaus pardavimui JAV. Viso spektro kanapi\u0173 aliejus. Parduodamas THC aliejaus v\u0117\u017eys. Potencija: 85% THC ir amp; 15% CBD\" \/>\n<meta property=\"og:url\" content=\"https:\/\/medicinasinc.com\/lt\/product\/pirkite-high-thc-kanapiu-aliejaus-1g-kasete-internete\/\" \/>\n<meta property=\"og:site_name\" content=\"Medicinas Inc\" \/>\n<meta property=\"article:modified_time\" content=\"2022-03-20T12:43:00+00:00\" \/>\n<meta property=\"og:image\" content=\"https:\/\/medicinasinc.com\/lt\/wp-content\/uploads\/sites\/9\/2022\/02\/Buy-High-THC-Cannabis-Oil-1g-cartridge-online.jpg\" \/>\n\t<meta property=\"og:image:width\" content=\"600\" \/>\n\t<meta property=\"og:image:height\" content=\"600\" \/>\n\t<meta property=\"og:image:type\" content=\"image\/jpeg\" \/>\n<meta name=\"twitter:card\" content=\"summary_large_image\" \/>\n<meta name=\"twitter:label1\" content=\"Est. reading time\" \/>\n\t<meta name=\"twitter:data1\" content=\"3 minutes\" \/>\n<script type=\"application\/ld+json\" class=\"yoast-schema-graph\">{\"@context\":\"https:\\\/\\\/schema.org\",\"@graph\":[{\"@type\":\"WebPage\",\"@id\":\"https:\\\/\\\/medicinasinc.com\\\/lt\\\/product\\\/pirkite-high-thc-kanapiu-aliejaus-1g-kasete-internete\\\/\",\"url\":\"https:\\\/\\\/medicinasinc.com\\\/lt\\\/product\\\/pirkite-high-thc-kanapiu-aliejaus-1g-kasete-internete\\\/\",\"name\":\"Pirkite 1 g kanapi\u0173 aliejaus u\u017etais\u0105 su auk\u0161tu THC kiekiu \u2013 geriausi pasaulyje vaistai\",\"isPartOf\":{\"@id\":\"https:\\\/\\\/medicinasinc.com\\\/lt\\\/#website\"},\"primaryImageOfPage\":{\"@id\":\"https:\\\/\\\/medicinasinc.com\\\/lt\\\/product\\\/pirkite-high-thc-kanapiu-aliejaus-1g-kasete-internete\\\/#primaryimage\"},\"image\":{\"@id\":\"https:\\\/\\\/medicinasinc.com\\\/lt\\\/product\\\/pirkite-high-thc-kanapiu-aliejaus-1g-kasete-internete\\\/#primaryimage\"},\"thumbnailUrl\":\"https:\\\/\\\/medicinasinc.com\\\/lt\\\/wp-content\\\/uploads\\\/sites\\\/9\\\/2022\\\/02\\\/Buy-High-THC-Cannabis-Oil-1g-cartridge-online.jpg\",\"datePublished\":\"2022-02-20T08:46:53+00:00\",\"dateModified\":\"2022-03-20T12:43:00+00:00\",\"description\":\"Pirkite auk\u0161to THC marihuanos aliejaus pardavimui JK, Europoje internetu. Pirkite 100% gryno thc kanapi\u0173 aliejaus pardavimui JAV. Viso spektro kanapi\u0173 aliejus. Parduodamas THC aliejaus v\u0117\u017eys. Potencija: 85% THC ir amp; 15% CBD\",\"breadcrumb\":{\"@id\":\"https:\\\/\\\/medicinasinc.com\\\/lt\\\/product\\\/pirkite-high-thc-kanapiu-aliejaus-1g-kasete-internete\\\/#breadcrumb\"},\"inLanguage\":\"en-US\",\"potentialAction\":[{\"@type\":\"ReadAction\",\"target\":[\"https:\\\/\\\/medicinasinc.com\\\/lt\\\/product\\\/pirkite-high-thc-kanapiu-aliejaus-1g-kasete-internete\\\/\"]}]},{\"@type\":\"ImageObject\",\"inLanguage\":\"en-US\",\"@id\":\"https:\\\/\\\/medicinasinc.com\\\/lt\\\/product\\\/pirkite-high-thc-kanapiu-aliejaus-1g-kasete-internete\\\/#primaryimage\",\"url\":\"https:\\\/\\\/medicinasinc.com\\\/lt\\\/wp-content\\\/uploads\\\/sites\\\/9\\\/2022\\\/02\\\/Buy-High-THC-Cannabis-Oil-1g-cartridge-online.jpg\",\"contentUrl\":\"https:\\\/\\\/medicinasinc.com\\\/lt\\\/wp-content\\\/uploads\\\/sites\\\/9\\\/2022\\\/02\\\/Buy-High-THC-Cannabis-Oil-1g-cartridge-online.jpg\",\"width\":600,\"height\":600},{\"@type\":\"BreadcrumbList\",\"@id\":\"https:\\\/\\\/medicinasinc.com\\\/lt\\\/product\\\/pirkite-high-thc-kanapiu-aliejaus-1g-kasete-internete\\\/#breadcrumb\",\"itemListElement\":[{\"@type\":\"ListItem\",\"position\":1,\"name\":\"Parduotuv\u0117\",\"item\":\"https:\\\/\\\/medicinasinc.com\\\/lt\\\/parduotuve\\\/\"},{\"@type\":\"ListItem\",\"position\":2,\"name\":\"Pirkite 1 g kanapi\u0173 aliejaus u\u017etais\u0105 su dideliu THC kiekiu internetu\"}]},{\"@type\":\"WebSite\",\"@id\":\"https:\\\/\\\/medicinasinc.com\\\/lt\\\/#website\",\"url\":\"https:\\\/\\\/medicinasinc.com\\\/lt\\\/\",\"name\":\"Medicinas Inc\",\"description\":\"Sveikatos medicinos klinika\",\"potentialAction\":[{\"@type\":\"SearchAction\",\"target\":{\"@type\":\"EntryPoint\",\"urlTemplate\":\"https:\\\/\\\/medicinasinc.com\\\/lt\\\/?s={search_term_string}\"},\"query-input\":{\"@type\":\"PropertyValueSpecification\",\"valueRequired\":true,\"valueName\":\"search_term_string\"}}],\"inLanguage\":\"en-US\"}]}<\/script>\n<!-- \/ Yoast SEO plugin. -->","yoast_head_json":{"title":"Pirkite 1 g kanapi\u0173 aliejaus u\u017etais\u0105 su auk\u0161tu THC kiekiu \u2013 geriausi pasaulyje vaistai","description":"Pirkite auk\u0161to THC marihuanos aliejaus pardavimui JK, Europoje internetu. Pirkite 100% gryno thc kanapi\u0173 aliejaus pardavimui JAV. Viso spektro kanapi\u0173 aliejus. Parduodamas THC aliejaus v\u0117\u017eys. Potencija: 85% THC ir amp; 15% CBD","robots":{"index":"index","follow":"follow","max-snippet":"max-snippet:-1","max-image-preview":"max-image-preview:large","max-video-preview":"max-video-preview:-1"},"canonical":"https:\/\/medicinasinc.com\/lt\/product\/pirkite-high-thc-kanapiu-aliejaus-1g-kasete-internete\/","og_locale":"en_US","og_type":"article","og_title":"Pirkite 1 g kanapi\u0173 aliejaus u\u017etais\u0105 su auk\u0161tu THC kiekiu \u2013 geriausi pasaulyje vaistai","og_description":"Pirkite auk\u0161to THC marihuanos aliejaus pardavimui JK, Europoje internetu. Pirkite 100% gryno thc kanapi\u0173 aliejaus pardavimui JAV. Viso spektro kanapi\u0173 aliejus. Parduodamas THC aliejaus v\u0117\u017eys. Potencija: 85% THC ir amp; 15% CBD","og_url":"https:\/\/medicinasinc.com\/lt\/product\/pirkite-high-thc-kanapiu-aliejaus-1g-kasete-internete\/","og_site_name":"Medicinas Inc","article_modified_time":"2022-03-20T12:43:00+00:00","og_image":[{"width":600,"height":600,"url":"https:\/\/medicinasinc.com\/lt\/wp-content\/uploads\/sites\/9\/2022\/02\/Buy-High-THC-Cannabis-Oil-1g-cartridge-online.jpg","type":"image\/jpeg"}],"twitter_card":"summary_large_image","twitter_misc":{"Est. reading time":"3 minutes"},"schema":{"@context":"https:\/\/schema.org","@graph":[{"@type":"WebPage","@id":"https:\/\/medicinasinc.com\/lt\/product\/pirkite-high-thc-kanapiu-aliejaus-1g-kasete-internete\/","url":"https:\/\/medicinasinc.com\/lt\/product\/pirkite-high-thc-kanapiu-aliejaus-1g-kasete-internete\/","name":"Pirkite 1 g kanapi\u0173 aliejaus u\u017etais\u0105 su auk\u0161tu THC kiekiu \u2013 geriausi pasaulyje vaistai","isPartOf":{"@id":"https:\/\/medicinasinc.com\/lt\/#website"},"primaryImageOfPage":{"@id":"https:\/\/medicinasinc.com\/lt\/product\/pirkite-high-thc-kanapiu-aliejaus-1g-kasete-internete\/#primaryimage"},"image":{"@id":"https:\/\/medicinasinc.com\/lt\/product\/pirkite-high-thc-kanapiu-aliejaus-1g-kasete-internete\/#primaryimage"},"thumbnailUrl":"https:\/\/medicinasinc.com\/lt\/wp-content\/uploads\/sites\/9\/2022\/02\/Buy-High-THC-Cannabis-Oil-1g-cartridge-online.jpg","datePublished":"2022-02-20T08:46:53+00:00","dateModified":"2022-03-20T12:43:00+00:00","description":"Pirkite auk\u0161to THC marihuanos aliejaus pardavimui JK, Europoje internetu. Pirkite 100% gryno thc kanapi\u0173 aliejaus pardavimui JAV. Viso spektro kanapi\u0173 aliejus. Parduodamas THC aliejaus v\u0117\u017eys. Potencija: 85% THC ir amp; 15% CBD","breadcrumb":{"@id":"https:\/\/medicinasinc.com\/lt\/product\/pirkite-high-thc-kanapiu-aliejaus-1g-kasete-internete\/#breadcrumb"},"inLanguage":"en-US","potentialAction":[{"@type":"ReadAction","target":["https:\/\/medicinasinc.com\/lt\/product\/pirkite-high-thc-kanapiu-aliejaus-1g-kasete-internete\/"]}]},{"@type":"ImageObject","inLanguage":"en-US","@id":"https:\/\/medicinasinc.com\/lt\/product\/pirkite-high-thc-kanapiu-aliejaus-1g-kasete-internete\/#primaryimage","url":"https:\/\/medicinasinc.com\/lt\/wp-content\/uploads\/sites\/9\/2022\/02\/Buy-High-THC-Cannabis-Oil-1g-cartridge-online.jpg","contentUrl":"https:\/\/medicinasinc.com\/lt\/wp-content\/uploads\/sites\/9\/2022\/02\/Buy-High-THC-Cannabis-Oil-1g-cartridge-online.jpg","width":600,"height":600},{"@type":"BreadcrumbList","@id":"https:\/\/medicinasinc.com\/lt\/product\/pirkite-high-thc-kanapiu-aliejaus-1g-kasete-internete\/#breadcrumb","itemListElement":[{"@type":"ListItem","position":1,"name":"Parduotuv\u0117","item":"https:\/\/medicinasinc.com\/lt\/parduotuve\/"},{"@type":"ListItem","position":2,"name":"Pirkite 1 g kanapi\u0173 aliejaus u\u017etais\u0105 su dideliu THC kiekiu internetu"}]},{"@type":"WebSite","@id":"https:\/\/medicinasinc.com\/lt\/#website","url":"https:\/\/medicinasinc.com\/lt\/","name":"Medicinas Inc","description":"Sveikatos medicinos klinika","potentialAction":[{"@type":"SearchAction","target":{"@type":"EntryPoint","urlTemplate":"https:\/\/medicinasinc.com\/lt\/?s={search_term_string}"},"query-input":{"@type":"PropertyValueSpecification","valueRequired":true,"valueName":"search_term_string"}}],"inLanguage":"en-US"}]}},"_links":{"self":[{"href":"https:\/\/medicinasinc.com\/lt\/wp-json\/wp\/v2\/product\/4388","targetHints":{"allow":["GET"]}}],"collection":[{"href":"https:\/\/medicinasinc.com\/lt\/wp-json\/wp\/v2\/product"}],"about":[{"href":"https:\/\/medicinasinc.com\/lt\/wp-json\/wp\/v2\/types\/product"}],"replies":[{"embeddable":true,"href":"https:\/\/medicinasinc.com\/lt\/wp-json\/wp\/v2\/comments?post=4388"}],"wp:featuredmedia":[{"embeddable":true,"href":"https:\/\/medicinasinc.com\/lt\/wp-json\/wp\/v2\/media\/4423"}],"wp:attachment":[{"href":"https:\/\/medicinasinc.com\/lt\/wp-json\/wp\/v2\/media?parent=4388"}],"wp:term":[{"taxonomy":"product_brand","embeddable":true,"href":"https:\/\/medicinasinc.com\/lt\/wp-json\/wp\/v2\/product_brand?post=4388"},{"taxonomy":"product_cat","embeddable":true,"href":"https:\/\/medicinasinc.com\/lt\/wp-json\/wp\/v2\/product_cat?post=4388"},{"taxonomy":"product_tag","embeddable":true,"href":"https:\/\/medicinasinc.com\/lt\/wp-json\/wp\/v2\/product_tag?post=4388"}],"curies":[{"name":"wp","href":"https:\/\/api.w.org\/{rel}","templated":true}]}}