{"id":4374,"date":"2022-02-20T08:40:15","date_gmt":"2022-02-20T08:40:15","guid":{"rendered":"https:\/\/medicinasinc.com\/lt\/?post_type=product&#038;p=4374"},"modified":"2022-03-20T12:43:24","modified_gmt":"2022-03-20T12:43:24","slug":"pirkti-harlequin-co2-oil-1g-kasete","status":"publish","type":"product","link":"https:\/\/medicinasinc.com\/lt\/product\/pirkti-harlequin-co2-oil-1g-kasete\/","title":{"rendered":"Pirkite Harlequin CO2 aliejaus 1 g kaset\u0119"},"content":{"rendered":"<p>Harlequin CO2 aliejaus 1 g kaset\u0117s pirkimas internetu.<\/p>\n<p>Arlequin CO2 aliejaus 1 g kaset\u0117s pirkimas internetu.<\/p>\n<p>Harlequin CO2 alyvos kase\u010di\u0173 pirkimas internetu. 13,02 proc. THCA | 6,54 procento THC | 49,10 procent\u0173 CBDA | 5,35 proc. CBD<\/p>\n<p>Harlequin yra \u0161iek tiek psichoaktyvi Sativa r\u016b\u0161is, dominuojanti su skrudintais rie\u0161utais, \u0161okoladu ir, svarbiausia, vy\u0161niomis kvepian\u010diomis g\u0117l\u0117mis. Harlequin yra didelio CBD paderm\u0117, pasi\u017eyminti nereik\u0161mingomis psichoaktyviomis ir analgezin\u0117mis savyb\u0117mis. Arlekinas da\u017enai naudojamas skausmui mal\u0161inti ir yra tinkamas naudoti dien\u0105 d\u0117l didelio CBD kiekio ir ai\u0161kaus poveikio.<\/p>\n<p>KOLOMBIJOS AUKSAS + NEPALAS + TAID\u0116S + \u0160VEICAR\u0172 LANDRACE LINEAGE<\/p>\n<p>\u017dEM\u0116 \u2013 PIRTINGAS \u2013 MEDIENOS \u2013 MANGO SKAI\u010cI\u0172<\/p>\n<p>SKAUSMAS \u2013 STRESAS \u2013 U\u017dDEGIMAS \u2013 DEPRESIJA \u2013 Pykinimas \u2013 MEDICINOS<\/p>\n<p>Pakyl\u0117tas \u2013 ATSIpalaidav\u0119s \u2013 \u0160velnus \u2013 D\u0116MESIO \u2013 LAIMINGAS \/ P<\/p>\n","protected":false},"excerpt":{"rendered":"<p>Pirkite parduodamas \u201eHarlequin Co2\u201c kasetes, \u201eharlequin vape\u201c kaset\u0119, \u201eharlequin cbd vape\u201c kaset\u0119, &#8230; Pirkite THC Vape Pen alyvos kasetes, THC kasetes pardavimui internetu. Pirkite Harlequin CO2 aliejaus 1 g kaset\u0119 internetu. Parduodamos JK THC kaset\u0117s. Pirkite co2 Vape aliejaus kasetes.<\/p>\n<h2>Pirkite THC kanapi\u0173 aliejaus kasetes<\/h2>\n<p>produkto kaina nurodyta: u\u017e 1 g kaset\u0119<br \/> <strong>Ma\u017eiausias u\u017esakymo kiekis: 5 kaset\u0117s<\/h2>\n<p> stiprus&gt;<\/p>\n","protected":false},"featured_media":4409,"comment_status":"open","ping_status":"closed","template":"","meta":[],"product_brand":[],"product_cat":[440],"product_tag":[],"class_list":{"0":"post-4374","1":"product","2":"type-product","3":"status-publish","4":"has-post-thumbnail","6":"product_cat-pirkti-kanapi-cbd-aliej","8":"first","9":"instock","10":"shipping-taxable","11":"purchasable","12":"product-type-variable","13":"has-default-attributes"},"yoast_head":"<!-- This site is optimized with the Yoast SEO plugin v27.3 - https:\/\/yoast.com\/product\/yoast-seo-wordpress\/ -->\n<title>Pirkite Harlequin CO2 aliejaus 1 g kaset\u0119 internetu \u2013 geriausi pasauliniai vaistai<\/title>\n<meta name=\"description\" content=\"Pirkite parduodamas Harlequin Co2 kasetes, arlequin vape kaset\u0119, arlequin cbd vape kaset\u0119, ... Pirkite THC Vape Pen alyvos kasetes, THC kasetes pardavimui internetu. Pirkite Harlequin CO2 aliejaus 1 g kaset\u0119 internetu. Parduodamos JK THC kaset\u0117s. Pirkite co2 Vape alyvos kasetes.\" \/>\n<meta name=\"robots\" content=\"index, follow, max-snippet:-1, max-image-preview:large, max-video-preview:-1\" \/>\n<link rel=\"canonical\" href=\"https:\/\/medicinasinc.com\/lt\/product\/pirkti-harlequin-co2-oil-1g-kasete\/\" \/>\n<meta property=\"og:locale\" content=\"en_US\" \/>\n<meta property=\"og:type\" content=\"article\" \/>\n<meta property=\"og:title\" content=\"Pirkite Harlequin CO2 aliejaus 1 g kaset\u0119 internetu \u2013 geriausi pasauliniai vaistai\" \/>\n<meta property=\"og:description\" content=\"Pirkite parduodamas Harlequin Co2 kasetes, arlequin vape kaset\u0119, arlequin cbd vape kaset\u0119, ... Pirkite THC Vape Pen alyvos kasetes, THC kasetes pardavimui internetu. Pirkite Harlequin CO2 aliejaus 1 g kaset\u0119 internetu. Parduodamos JK THC kaset\u0117s. Pirkite co2 Vape alyvos kasetes.\" \/>\n<meta property=\"og:url\" content=\"https:\/\/medicinasinc.com\/lt\/product\/pirkti-harlequin-co2-oil-1g-kasete\/\" \/>\n<meta property=\"og:site_name\" content=\"Medicinas Inc\" \/>\n<meta property=\"article:modified_time\" content=\"2022-03-20T12:43:24+00:00\" \/>\n<meta property=\"og:image\" content=\"https:\/\/medicinasinc.com\/lt\/wp-content\/uploads\/sites\/9\/2022\/02\/Buy-Harlequin-CO2-Oil-1g-Cartridge-Online.jpg\" \/>\n\t<meta property=\"og:image:width\" content=\"600\" \/>\n\t<meta property=\"og:image:height\" content=\"600\" \/>\n\t<meta property=\"og:image:type\" content=\"image\/jpeg\" \/>\n<meta name=\"twitter:card\" content=\"summary_large_image\" \/>\n<meta name=\"twitter:label1\" content=\"Est. reading time\" \/>\n\t<meta name=\"twitter:data1\" content=\"1 minute\" \/>\n<script type=\"application\/ld+json\" class=\"yoast-schema-graph\">{\"@context\":\"https:\\\/\\\/schema.org\",\"@graph\":[{\"@type\":\"WebPage\",\"@id\":\"https:\\\/\\\/medicinasinc.com\\\/lt\\\/product\\\/pirkti-harlequin-co2-oil-1g-kasete\\\/\",\"url\":\"https:\\\/\\\/medicinasinc.com\\\/lt\\\/product\\\/pirkti-harlequin-co2-oil-1g-kasete\\\/\",\"name\":\"Pirkite Harlequin CO2 aliejaus 1 g kaset\u0119 internetu \u2013 geriausi pasauliniai vaistai\",\"isPartOf\":{\"@id\":\"https:\\\/\\\/medicinasinc.com\\\/lt\\\/#website\"},\"primaryImageOfPage\":{\"@id\":\"https:\\\/\\\/medicinasinc.com\\\/lt\\\/product\\\/pirkti-harlequin-co2-oil-1g-kasete\\\/#primaryimage\"},\"image\":{\"@id\":\"https:\\\/\\\/medicinasinc.com\\\/lt\\\/product\\\/pirkti-harlequin-co2-oil-1g-kasete\\\/#primaryimage\"},\"thumbnailUrl\":\"https:\\\/\\\/medicinasinc.com\\\/lt\\\/wp-content\\\/uploads\\\/sites\\\/9\\\/2022\\\/02\\\/Buy-Harlequin-CO2-Oil-1g-Cartridge-Online.jpg\",\"datePublished\":\"2022-02-20T08:40:15+00:00\",\"dateModified\":\"2022-03-20T12:43:24+00:00\",\"description\":\"Pirkite parduodamas Harlequin Co2 kasetes, arlequin vape kaset\u0119, arlequin cbd vape kaset\u0119, ... Pirkite THC Vape Pen alyvos kasetes, THC kasetes pardavimui internetu. Pirkite Harlequin CO2 aliejaus 1 g kaset\u0119 internetu. Parduodamos JK THC kaset\u0117s. Pirkite co2 Vape alyvos kasetes.\",\"breadcrumb\":{\"@id\":\"https:\\\/\\\/medicinasinc.com\\\/lt\\\/product\\\/pirkti-harlequin-co2-oil-1g-kasete\\\/#breadcrumb\"},\"inLanguage\":\"en-US\",\"potentialAction\":[{\"@type\":\"ReadAction\",\"target\":[\"https:\\\/\\\/medicinasinc.com\\\/lt\\\/product\\\/pirkti-harlequin-co2-oil-1g-kasete\\\/\"]}]},{\"@type\":\"ImageObject\",\"inLanguage\":\"en-US\",\"@id\":\"https:\\\/\\\/medicinasinc.com\\\/lt\\\/product\\\/pirkti-harlequin-co2-oil-1g-kasete\\\/#primaryimage\",\"url\":\"https:\\\/\\\/medicinasinc.com\\\/lt\\\/wp-content\\\/uploads\\\/sites\\\/9\\\/2022\\\/02\\\/Buy-Harlequin-CO2-Oil-1g-Cartridge-Online.jpg\",\"contentUrl\":\"https:\\\/\\\/medicinasinc.com\\\/lt\\\/wp-content\\\/uploads\\\/sites\\\/9\\\/2022\\\/02\\\/Buy-Harlequin-CO2-Oil-1g-Cartridge-Online.jpg\",\"width\":600,\"height\":600},{\"@type\":\"BreadcrumbList\",\"@id\":\"https:\\\/\\\/medicinasinc.com\\\/lt\\\/product\\\/pirkti-harlequin-co2-oil-1g-kasete\\\/#breadcrumb\",\"itemListElement\":[{\"@type\":\"ListItem\",\"position\":1,\"name\":\"Parduotuv\u0117\",\"item\":\"https:\\\/\\\/medicinasinc.com\\\/lt\\\/parduotuve\\\/\"},{\"@type\":\"ListItem\",\"position\":2,\"name\":\"Pirkite Harlequin CO2 aliejaus 1 g kaset\u0119\"}]},{\"@type\":\"WebSite\",\"@id\":\"https:\\\/\\\/medicinasinc.com\\\/lt\\\/#website\",\"url\":\"https:\\\/\\\/medicinasinc.com\\\/lt\\\/\",\"name\":\"Medicinas Inc\",\"description\":\"Sveikatos medicinos klinika\",\"potentialAction\":[{\"@type\":\"SearchAction\",\"target\":{\"@type\":\"EntryPoint\",\"urlTemplate\":\"https:\\\/\\\/medicinasinc.com\\\/lt\\\/?s={search_term_string}\"},\"query-input\":{\"@type\":\"PropertyValueSpecification\",\"valueRequired\":true,\"valueName\":\"search_term_string\"}}],\"inLanguage\":\"en-US\"}]}<\/script>\n<!-- \/ Yoast SEO plugin. -->","yoast_head_json":{"title":"Pirkite Harlequin CO2 aliejaus 1 g kaset\u0119 internetu \u2013 geriausi pasauliniai vaistai","description":"Pirkite parduodamas Harlequin Co2 kasetes, arlequin vape kaset\u0119, arlequin cbd vape kaset\u0119, ... Pirkite THC Vape Pen alyvos kasetes, THC kasetes pardavimui internetu. Pirkite Harlequin CO2 aliejaus 1 g kaset\u0119 internetu. Parduodamos JK THC kaset\u0117s. Pirkite co2 Vape alyvos kasetes.","robots":{"index":"index","follow":"follow","max-snippet":"max-snippet:-1","max-image-preview":"max-image-preview:large","max-video-preview":"max-video-preview:-1"},"canonical":"https:\/\/medicinasinc.com\/lt\/product\/pirkti-harlequin-co2-oil-1g-kasete\/","og_locale":"en_US","og_type":"article","og_title":"Pirkite Harlequin CO2 aliejaus 1 g kaset\u0119 internetu \u2013 geriausi pasauliniai vaistai","og_description":"Pirkite parduodamas Harlequin Co2 kasetes, arlequin vape kaset\u0119, arlequin cbd vape kaset\u0119, ... Pirkite THC Vape Pen alyvos kasetes, THC kasetes pardavimui internetu. Pirkite Harlequin CO2 aliejaus 1 g kaset\u0119 internetu. Parduodamos JK THC kaset\u0117s. Pirkite co2 Vape alyvos kasetes.","og_url":"https:\/\/medicinasinc.com\/lt\/product\/pirkti-harlequin-co2-oil-1g-kasete\/","og_site_name":"Medicinas Inc","article_modified_time":"2022-03-20T12:43:24+00:00","og_image":[{"width":600,"height":600,"url":"https:\/\/medicinasinc.com\/lt\/wp-content\/uploads\/sites\/9\/2022\/02\/Buy-Harlequin-CO2-Oil-1g-Cartridge-Online.jpg","type":"image\/jpeg"}],"twitter_card":"summary_large_image","twitter_misc":{"Est. reading time":"1 minute"},"schema":{"@context":"https:\/\/schema.org","@graph":[{"@type":"WebPage","@id":"https:\/\/medicinasinc.com\/lt\/product\/pirkti-harlequin-co2-oil-1g-kasete\/","url":"https:\/\/medicinasinc.com\/lt\/product\/pirkti-harlequin-co2-oil-1g-kasete\/","name":"Pirkite Harlequin CO2 aliejaus 1 g kaset\u0119 internetu \u2013 geriausi pasauliniai vaistai","isPartOf":{"@id":"https:\/\/medicinasinc.com\/lt\/#website"},"primaryImageOfPage":{"@id":"https:\/\/medicinasinc.com\/lt\/product\/pirkti-harlequin-co2-oil-1g-kasete\/#primaryimage"},"image":{"@id":"https:\/\/medicinasinc.com\/lt\/product\/pirkti-harlequin-co2-oil-1g-kasete\/#primaryimage"},"thumbnailUrl":"https:\/\/medicinasinc.com\/lt\/wp-content\/uploads\/sites\/9\/2022\/02\/Buy-Harlequin-CO2-Oil-1g-Cartridge-Online.jpg","datePublished":"2022-02-20T08:40:15+00:00","dateModified":"2022-03-20T12:43:24+00:00","description":"Pirkite parduodamas Harlequin Co2 kasetes, arlequin vape kaset\u0119, arlequin cbd vape kaset\u0119, ... Pirkite THC Vape Pen alyvos kasetes, THC kasetes pardavimui internetu. Pirkite Harlequin CO2 aliejaus 1 g kaset\u0119 internetu. Parduodamos JK THC kaset\u0117s. Pirkite co2 Vape alyvos kasetes.","breadcrumb":{"@id":"https:\/\/medicinasinc.com\/lt\/product\/pirkti-harlequin-co2-oil-1g-kasete\/#breadcrumb"},"inLanguage":"en-US","potentialAction":[{"@type":"ReadAction","target":["https:\/\/medicinasinc.com\/lt\/product\/pirkti-harlequin-co2-oil-1g-kasete\/"]}]},{"@type":"ImageObject","inLanguage":"en-US","@id":"https:\/\/medicinasinc.com\/lt\/product\/pirkti-harlequin-co2-oil-1g-kasete\/#primaryimage","url":"https:\/\/medicinasinc.com\/lt\/wp-content\/uploads\/sites\/9\/2022\/02\/Buy-Harlequin-CO2-Oil-1g-Cartridge-Online.jpg","contentUrl":"https:\/\/medicinasinc.com\/lt\/wp-content\/uploads\/sites\/9\/2022\/02\/Buy-Harlequin-CO2-Oil-1g-Cartridge-Online.jpg","width":600,"height":600},{"@type":"BreadcrumbList","@id":"https:\/\/medicinasinc.com\/lt\/product\/pirkti-harlequin-co2-oil-1g-kasete\/#breadcrumb","itemListElement":[{"@type":"ListItem","position":1,"name":"Parduotuv\u0117","item":"https:\/\/medicinasinc.com\/lt\/parduotuve\/"},{"@type":"ListItem","position":2,"name":"Pirkite Harlequin CO2 aliejaus 1 g kaset\u0119"}]},{"@type":"WebSite","@id":"https:\/\/medicinasinc.com\/lt\/#website","url":"https:\/\/medicinasinc.com\/lt\/","name":"Medicinas Inc","description":"Sveikatos medicinos klinika","potentialAction":[{"@type":"SearchAction","target":{"@type":"EntryPoint","urlTemplate":"https:\/\/medicinasinc.com\/lt\/?s={search_term_string}"},"query-input":{"@type":"PropertyValueSpecification","valueRequired":true,"valueName":"search_term_string"}}],"inLanguage":"en-US"}]}},"_links":{"self":[{"href":"https:\/\/medicinasinc.com\/lt\/wp-json\/wp\/v2\/product\/4374","targetHints":{"allow":["GET"]}}],"collection":[{"href":"https:\/\/medicinasinc.com\/lt\/wp-json\/wp\/v2\/product"}],"about":[{"href":"https:\/\/medicinasinc.com\/lt\/wp-json\/wp\/v2\/types\/product"}],"replies":[{"embeddable":true,"href":"https:\/\/medicinasinc.com\/lt\/wp-json\/wp\/v2\/comments?post=4374"}],"wp:featuredmedia":[{"embeddable":true,"href":"https:\/\/medicinasinc.com\/lt\/wp-json\/wp\/v2\/media\/4409"}],"wp:attachment":[{"href":"https:\/\/medicinasinc.com\/lt\/wp-json\/wp\/v2\/media?parent=4374"}],"wp:term":[{"taxonomy":"product_brand","embeddable":true,"href":"https:\/\/medicinasinc.com\/lt\/wp-json\/wp\/v2\/product_brand?post=4374"},{"taxonomy":"product_cat","embeddable":true,"href":"https:\/\/medicinasinc.com\/lt\/wp-json\/wp\/v2\/product_cat?post=4374"},{"taxonomy":"product_tag","embeddable":true,"href":"https:\/\/medicinasinc.com\/lt\/wp-json\/wp\/v2\/product_tag?post=4374"}],"curies":[{"name":"wp","href":"https:\/\/api.w.org\/{rel}","templated":true}]}}