{"id":4367,"date":"2022-02-20T08:35:49","date_gmt":"2022-02-20T08:35:49","guid":{"rendered":"https:\/\/medicinasinc.com\/lt\/?post_type=product&#038;p=4367"},"modified":"2022-03-20T12:43:33","modified_gmt":"2022-03-20T12:43:33","slug":"pirkti-cannatonic-co2-alyvos-kasete","status":"publish","type":"product","link":"https:\/\/medicinasinc.com\/lt\/product\/pirkti-cannatonic-co2-alyvos-kasete\/","title":{"rendered":"Pirkite Cannatonic CO2 alyvos kaset\u0119"},"content":{"rendered":"<p>Pirkite Ricko Simpsono kanapi\u0173 aliejaus 1g kasetes internetu Jungtin\u0117se Amerikos Valstijose.<\/p>\n<p>Pirkite Ricko Simpsono kanapi\u0173 aliejaus 1g kasetes internetu Jungtin\u0117se Amerikos Valstijose.<\/p>\n<p>I\u0161mirk\u0119 geriausios kanap\u0117s gryname pirminiame benzine arba izopropilo alkoholyje, gydomieji junginiai i\u0161gaunami i\u0161 augalo, paliekant \u012f degut\u0105 skyst\u012f, kai tirpiklis visi\u0161kai i\u0161garuoja. Mes gauname auk\u0161tos kokyb\u0117s Ricko Simpsono kanapi\u0173 aliej\u0173. J\u012f galima gerti arba tepti tiesiai ant odos.<\/p>\n<p>Va\u0161ingtonas, DC, Ricko Simpsono aliejus<\/p>\n<p>Rick Simpson aliejus yra i\u0161 kanapi\u0173 gautas i\u0161garintas tirpalas. Daugeliui \u017emoni\u0173 tai buvo i\u0161eitis i\u0161 v\u0117\u017eio. Be to, aliejus vadinamas Ricko Simpsono kanapi\u0173 aliejumi ir Ricko Simpsono kanapi\u0173 aliejumi.<\/p>\n<p>Jei ie\u0161kojote marihuanos medicininiais tikslais, galb\u016bt susid\u016br\u0117te su Ricko Simpsono aliejumi. RSO yra unikalus kanapi\u0173 ekstraktas, kuris gavo savo pavadinim\u0105 i\u0161 \u017emogaus, vardu Rickas Simpsonas.<\/p>\n<p>Tai itin stiprus kanapi\u0173 ekstraktas, kuriame yra didel\u0117 THC, psichoaktyviosios med\u017eiagos koncentracija. kanapi\u0173 sudedamoji dalis. Aliejus gaunamas koncentruojant d\u017eiovint\u0173 indikatorini\u0173 \u017eied\u0173 THC kiek\u012f naudojant tirpi\u0105j\u0105 med\u017eiag\u0105. Indica pirmenyb\u0117 teikiama kitoms paderm\u0117ms d\u0117l raminamojo poveikio. D\u0117l didel\u0117s augalin\u0117s med\u017eiagos koncentracijos ir perne\u0161\u0117j\u0173 aliej\u0173 nebuvimo gaunamas aliejus yra tamsiai \u017eemi\u0161kos spalvos ir tir\u0161tas, prie\u0161ingai nei daugyb\u0117 koncentrat\u0173, kuriuos esame \u012fprat\u0119 matyti.<\/p>\n<p>Aliejus buvo rastas m. 2003 m. Rickui Simpsonui buvo diagnozuotas odos v\u0117\u017eys ir jis kreip\u0117si \u012f kanapi\u0173 gydym\u0105. Neseniai jis pasiteiravo, ar kanap\u0117s gali pad\u0117ti nuo \u012fvairi\u0173 negalavim\u0173, ta\u010diau sulauk\u0117 nepasitenkinimo. Jis pats ie\u0161kojo augalo ir tik\u0117jo, kad tai nuramino jo po\u017eymius. Su\u017einoj\u0119s, kad serga v\u0117\u017eiu, jis per\u017ei\u016br\u0117jo tyrim\u0105, kuriame buvo nustatyta, kad kanap\u0117s gali suma\u017einti peli\u0173 auglius, ir nusprend\u0117 pabandyti sukurti veiksming\u0105 kanapi\u0173 gydym\u0105.<\/p>\n<p>Keturias dienas jis tep\u0117 marl\u0119 kanapi\u0173 koncentratais ir u\u017edeng\u0117 auglius. Kai jis pa\u0161alino pradalges, augliai i\u0161nyko. \u0160is aprei\u0161kimas paskatino \u012fkurti Rick Simpson Oil. Jis prad\u0117jo dalytis savo \u012f\u017evalgomis, bet kuriuo atveju, rinkdamas kanapes ir gamindamas aliej\u0173 kitiems, kurie buvo atimti prie\u0161 susid\u016br\u0119 su teisiniais sunkumais. \u0160iuo metu Rickas Simpsonas skatina kitus pasigaminti savo aliej\u0173 ir pateikia gaires.<\/p>\n<p>Jei ie\u0161kote geriausios pasaulyje naftos, geriausia rinktis ricko Simpsono alyv\u0105 Va\u0161ingtone. Va\u0161ingtonui tiekiame gryn\u0105 Ricko Simpsono aliej\u0173. Pateikite u\u017esakym\u0105 dabar ir jis bus pristatytas prie j\u016bs\u0173 dur\u0173 per kelias dienas.<\/p>\n<p>Saugus ir veiksmingas vaistas<br \/> Ricko Simpsono kanapi\u0173 aliejus priklauso savo klasei, nes jis n\u0117ra &#8211; toksi\u0161kas pob\u016bdis. Jei ie\u0161kote saugaus b\u016bdo gydyti v\u0117\u017e\u012f ar daugyb\u0119 kit\u0173 negalavim\u0173, atsakymas gali b\u016bti Ricko Simpsono kanapi\u0173 aliejus. Norint naudoti \u0161\u012f aliej\u0173, net nereikia gydytojo prie\u017ei\u016bros.<\/p>\n","protected":false},"excerpt":{"rendered":"<p>Saugiai ir nebrangiai pirkite Cannatonic CO2 alyvos kasetes internetu. Atraskite \u012fvair\u0173 auk\u0161tos kokyb\u0117s marihuanos produkt\u0173 pasirinkim\u0105, parduodam\u0105 Jungtin\u0117se Amerikos Valstijose, Europoje ir Jungtin\u0117je Karalyst\u0117je!<\/p>\n<p>Pirkite Ricko Simpsono kanapi\u0173 aliejaus 1 g kasetes internetu Jungtin\u0117se Amerikos Valstijose.<\/p>\n<p> p&gt; <\/p>\n<p>Ricko Simpsono kanapi\u0173 aliejus yra \u012fvairi\u0173 atmain\u0173. \u012evair\u016bs CBD ir amp; THC koncentracijos v\u0117\u017eio ir amp; daugiau.<\/p>\n<p>\u012esigykite Ricko Simpsono 1 g kanapi\u0173 aliejaus kasetes<\/p>\n<p>Produkto kaina yra tokia: u\u017e 1 g kaset\u0119<br \/> Reikalingas minimalus u\u017esakymo kiekis \u2013 5 kaset\u0117s. <\/p>\n","protected":false},"featured_media":4402,"comment_status":"open","ping_status":"closed","template":"","meta":[],"product_brand":[],"product_cat":[440],"product_tag":[454,455,456,457,458,460,461,462,463,464,465,466,471,474,476,472,480,479,478,477,470,452,453,459,467,473,475,469,468,451],"class_list":{"0":"post-4367","1":"product","2":"type-product","3":"status-publish","4":"has-post-thumbnail","6":"product_cat-pirkti-kanapi-cbd-aliej","7":"product_tag-buy-marijuana-edibles-online","8":"product_tag-buy-marijuana-online","9":"product_tag-buy-marijuana-online-bitcoin","10":"product_tag-buy-marijuana-online-europe","11":"product_tag-buy-marijuana-online-in-usa","12":"product_tag-buy-marijuana-wax-online-usa","13":"product_tag-buy-medical-marijuana-online","14":"product_tag-buy-moonrock-online-bitcoin","15":"product_tag-buy-moonrock-online-uk","16":"product_tag-buy-moonrocks-online","17":"product_tag-buy-weed-in-australia","18":"product_tag-buy-weed-in-france","19":"product_tag-buy-weed-online-bitcoin","20":"product_tag-buy-weed-online-legally","21":"product_tag-buying-marijuana-online","22":"product_tag-pirkti-ravti-internetu-diskretikai","23":"product_tag-kur-pirkti-marihuan-internetu","24":"product_tag-marihuana-parduodama","25":"product_tag-kush-parduodamas","26":"product_tag-pirkimas-picksols-internetu","27":"product_tag-pirkti-oles-internetu","28":"product_tag-pirkti-cannatonic-co2-alyvos-kaset","29":"product_tag-pirkti-cannatonic-co2-oil-cartridge-online","30":"product_tag-pirkite-marihuan-internetu-jav","31":"product_tag-pirkti-piktol-airijoje","32":"product_tag-pirk-piktol-internetu-europe","33":"product_tag-pirkite-weed-online-uk","34":"product_tag-pirkti-piktol-jav","35":"product_tag-pirk-piktol-veicarijoje","36":"product_tag-pirk-kanapes-su-bitcoin","38":"first","39":"instock","40":"shipping-taxable","41":"purchasable","42":"product-type-variable","43":"has-default-attributes"},"yoast_head":"<!-- This site is optimized with the Yoast SEO plugin v27.3 - https:\/\/yoast.com\/product\/yoast-seo-wordpress\/ -->\n<title>Pirkite Cannatonic CO2 aliejaus 1 g kaset\u0119 internetu (kopija) \u2013 geriausi pasaulio vaistai<\/title>\n<meta name=\"description\" content=\"Pirkite Cannatonic CO2 alyvos kaset\u0119 parduodamai internetu saugiai u\u017e prieinam\u0105 kain\u0105. Atraskite plat\u0173 kokybi\u0161k\u0173 pikt\u017eoli\u0173 produkt\u0173 asortiment\u0105, parduodam\u0105 JAV, ES, JK!\" \/>\n<meta name=\"robots\" content=\"index, follow, max-snippet:-1, max-image-preview:large, max-video-preview:-1\" \/>\n<link rel=\"canonical\" href=\"https:\/\/medicinasinc.com\/lt\/product\/pirkti-cannatonic-co2-alyvos-kasete\/\" \/>\n<meta property=\"og:locale\" content=\"en_US\" \/>\n<meta property=\"og:type\" content=\"article\" \/>\n<meta property=\"og:title\" content=\"Pirkite Cannatonic CO2 aliejaus 1 g kaset\u0119 internetu (kopija) \u2013 geriausi pasaulio vaistai\" \/>\n<meta property=\"og:description\" content=\"Pirkite Cannatonic CO2 alyvos kaset\u0119 parduodamai internetu saugiai u\u017e prieinam\u0105 kain\u0105. Atraskite plat\u0173 kokybi\u0161k\u0173 pikt\u017eoli\u0173 produkt\u0173 asortiment\u0105, parduodam\u0105 JAV, ES, JK!\" \/>\n<meta property=\"og:url\" content=\"https:\/\/medicinasinc.com\/lt\/product\/pirkti-cannatonic-co2-alyvos-kasete\/\" \/>\n<meta property=\"og:site_name\" content=\"Medicinas Inc\" \/>\n<meta property=\"article:modified_time\" content=\"2022-03-20T12:43:33+00:00\" \/>\n<meta property=\"og:image\" content=\"https:\/\/medicinasinc.com\/lt\/wp-content\/uploads\/sites\/9\/2022\/02\/Buy-Cannatonic-CO2-Oil-Cartridge.png\" \/>\n\t<meta property=\"og:image:width\" content=\"542\" \/>\n\t<meta property=\"og:image:height\" content=\"420\" \/>\n\t<meta property=\"og:image:type\" content=\"image\/png\" \/>\n<meta name=\"twitter:card\" content=\"summary_large_image\" \/>\n<meta name=\"twitter:label1\" content=\"Est. reading time\" \/>\n\t<meta name=\"twitter:data1\" content=\"3 minutes\" \/>\n<script type=\"application\/ld+json\" class=\"yoast-schema-graph\">{\"@context\":\"https:\\\/\\\/schema.org\",\"@graph\":[{\"@type\":\"WebPage\",\"@id\":\"https:\\\/\\\/medicinasinc.com\\\/lt\\\/product\\\/pirkti-cannatonic-co2-alyvos-kasete\\\/\",\"url\":\"https:\\\/\\\/medicinasinc.com\\\/lt\\\/product\\\/pirkti-cannatonic-co2-alyvos-kasete\\\/\",\"name\":\"Pirkite Cannatonic CO2 aliejaus 1 g kaset\u0119 internetu (kopija) \u2013 geriausi pasaulio vaistai\",\"isPartOf\":{\"@id\":\"https:\\\/\\\/medicinasinc.com\\\/lt\\\/#website\"},\"primaryImageOfPage\":{\"@id\":\"https:\\\/\\\/medicinasinc.com\\\/lt\\\/product\\\/pirkti-cannatonic-co2-alyvos-kasete\\\/#primaryimage\"},\"image\":{\"@id\":\"https:\\\/\\\/medicinasinc.com\\\/lt\\\/product\\\/pirkti-cannatonic-co2-alyvos-kasete\\\/#primaryimage\"},\"thumbnailUrl\":\"https:\\\/\\\/medicinasinc.com\\\/lt\\\/wp-content\\\/uploads\\\/sites\\\/9\\\/2022\\\/02\\\/Buy-Cannatonic-CO2-Oil-Cartridge.png\",\"datePublished\":\"2022-02-20T08:35:49+00:00\",\"dateModified\":\"2022-03-20T12:43:33+00:00\",\"description\":\"Pirkite Cannatonic CO2 alyvos kaset\u0119 parduodamai internetu saugiai u\u017e prieinam\u0105 kain\u0105. Atraskite plat\u0173 kokybi\u0161k\u0173 pikt\u017eoli\u0173 produkt\u0173 asortiment\u0105, parduodam\u0105 JAV, ES, JK!\",\"breadcrumb\":{\"@id\":\"https:\\\/\\\/medicinasinc.com\\\/lt\\\/product\\\/pirkti-cannatonic-co2-alyvos-kasete\\\/#breadcrumb\"},\"inLanguage\":\"en-US\",\"potentialAction\":[{\"@type\":\"ReadAction\",\"target\":[\"https:\\\/\\\/medicinasinc.com\\\/lt\\\/product\\\/pirkti-cannatonic-co2-alyvos-kasete\\\/\"]}]},{\"@type\":\"ImageObject\",\"inLanguage\":\"en-US\",\"@id\":\"https:\\\/\\\/medicinasinc.com\\\/lt\\\/product\\\/pirkti-cannatonic-co2-alyvos-kasete\\\/#primaryimage\",\"url\":\"https:\\\/\\\/medicinasinc.com\\\/lt\\\/wp-content\\\/uploads\\\/sites\\\/9\\\/2022\\\/02\\\/Buy-Cannatonic-CO2-Oil-Cartridge.png\",\"contentUrl\":\"https:\\\/\\\/medicinasinc.com\\\/lt\\\/wp-content\\\/uploads\\\/sites\\\/9\\\/2022\\\/02\\\/Buy-Cannatonic-CO2-Oil-Cartridge.png\",\"width\":542,\"height\":420},{\"@type\":\"BreadcrumbList\",\"@id\":\"https:\\\/\\\/medicinasinc.com\\\/lt\\\/product\\\/pirkti-cannatonic-co2-alyvos-kasete\\\/#breadcrumb\",\"itemListElement\":[{\"@type\":\"ListItem\",\"position\":1,\"name\":\"Parduotuv\u0117\",\"item\":\"https:\\\/\\\/medicinasinc.com\\\/lt\\\/parduotuve\\\/\"},{\"@type\":\"ListItem\",\"position\":2,\"name\":\"Pirkite Cannatonic CO2 alyvos kaset\u0119\"}]},{\"@type\":\"WebSite\",\"@id\":\"https:\\\/\\\/medicinasinc.com\\\/lt\\\/#website\",\"url\":\"https:\\\/\\\/medicinasinc.com\\\/lt\\\/\",\"name\":\"Medicinas Inc\",\"description\":\"Sveikatos medicinos klinika\",\"potentialAction\":[{\"@type\":\"SearchAction\",\"target\":{\"@type\":\"EntryPoint\",\"urlTemplate\":\"https:\\\/\\\/medicinasinc.com\\\/lt\\\/?s={search_term_string}\"},\"query-input\":{\"@type\":\"PropertyValueSpecification\",\"valueRequired\":true,\"valueName\":\"search_term_string\"}}],\"inLanguage\":\"en-US\"}]}<\/script>\n<!-- \/ Yoast SEO plugin. -->","yoast_head_json":{"title":"Pirkite Cannatonic CO2 aliejaus 1 g kaset\u0119 internetu (kopija) \u2013 geriausi pasaulio vaistai","description":"Pirkite Cannatonic CO2 alyvos kaset\u0119 parduodamai internetu saugiai u\u017e prieinam\u0105 kain\u0105. Atraskite plat\u0173 kokybi\u0161k\u0173 pikt\u017eoli\u0173 produkt\u0173 asortiment\u0105, parduodam\u0105 JAV, ES, JK!","robots":{"index":"index","follow":"follow","max-snippet":"max-snippet:-1","max-image-preview":"max-image-preview:large","max-video-preview":"max-video-preview:-1"},"canonical":"https:\/\/medicinasinc.com\/lt\/product\/pirkti-cannatonic-co2-alyvos-kasete\/","og_locale":"en_US","og_type":"article","og_title":"Pirkite Cannatonic CO2 aliejaus 1 g kaset\u0119 internetu (kopija) \u2013 geriausi pasaulio vaistai","og_description":"Pirkite Cannatonic CO2 alyvos kaset\u0119 parduodamai internetu saugiai u\u017e prieinam\u0105 kain\u0105. Atraskite plat\u0173 kokybi\u0161k\u0173 pikt\u017eoli\u0173 produkt\u0173 asortiment\u0105, parduodam\u0105 JAV, ES, JK!","og_url":"https:\/\/medicinasinc.com\/lt\/product\/pirkti-cannatonic-co2-alyvos-kasete\/","og_site_name":"Medicinas Inc","article_modified_time":"2022-03-20T12:43:33+00:00","og_image":[{"width":542,"height":420,"url":"https:\/\/medicinasinc.com\/lt\/wp-content\/uploads\/sites\/9\/2022\/02\/Buy-Cannatonic-CO2-Oil-Cartridge.png","type":"image\/png"}],"twitter_card":"summary_large_image","twitter_misc":{"Est. reading time":"3 minutes"},"schema":{"@context":"https:\/\/schema.org","@graph":[{"@type":"WebPage","@id":"https:\/\/medicinasinc.com\/lt\/product\/pirkti-cannatonic-co2-alyvos-kasete\/","url":"https:\/\/medicinasinc.com\/lt\/product\/pirkti-cannatonic-co2-alyvos-kasete\/","name":"Pirkite Cannatonic CO2 aliejaus 1 g kaset\u0119 internetu (kopija) \u2013 geriausi pasaulio vaistai","isPartOf":{"@id":"https:\/\/medicinasinc.com\/lt\/#website"},"primaryImageOfPage":{"@id":"https:\/\/medicinasinc.com\/lt\/product\/pirkti-cannatonic-co2-alyvos-kasete\/#primaryimage"},"image":{"@id":"https:\/\/medicinasinc.com\/lt\/product\/pirkti-cannatonic-co2-alyvos-kasete\/#primaryimage"},"thumbnailUrl":"https:\/\/medicinasinc.com\/lt\/wp-content\/uploads\/sites\/9\/2022\/02\/Buy-Cannatonic-CO2-Oil-Cartridge.png","datePublished":"2022-02-20T08:35:49+00:00","dateModified":"2022-03-20T12:43:33+00:00","description":"Pirkite Cannatonic CO2 alyvos kaset\u0119 parduodamai internetu saugiai u\u017e prieinam\u0105 kain\u0105. Atraskite plat\u0173 kokybi\u0161k\u0173 pikt\u017eoli\u0173 produkt\u0173 asortiment\u0105, parduodam\u0105 JAV, ES, JK!","breadcrumb":{"@id":"https:\/\/medicinasinc.com\/lt\/product\/pirkti-cannatonic-co2-alyvos-kasete\/#breadcrumb"},"inLanguage":"en-US","potentialAction":[{"@type":"ReadAction","target":["https:\/\/medicinasinc.com\/lt\/product\/pirkti-cannatonic-co2-alyvos-kasete\/"]}]},{"@type":"ImageObject","inLanguage":"en-US","@id":"https:\/\/medicinasinc.com\/lt\/product\/pirkti-cannatonic-co2-alyvos-kasete\/#primaryimage","url":"https:\/\/medicinasinc.com\/lt\/wp-content\/uploads\/sites\/9\/2022\/02\/Buy-Cannatonic-CO2-Oil-Cartridge.png","contentUrl":"https:\/\/medicinasinc.com\/lt\/wp-content\/uploads\/sites\/9\/2022\/02\/Buy-Cannatonic-CO2-Oil-Cartridge.png","width":542,"height":420},{"@type":"BreadcrumbList","@id":"https:\/\/medicinasinc.com\/lt\/product\/pirkti-cannatonic-co2-alyvos-kasete\/#breadcrumb","itemListElement":[{"@type":"ListItem","position":1,"name":"Parduotuv\u0117","item":"https:\/\/medicinasinc.com\/lt\/parduotuve\/"},{"@type":"ListItem","position":2,"name":"Pirkite Cannatonic CO2 alyvos kaset\u0119"}]},{"@type":"WebSite","@id":"https:\/\/medicinasinc.com\/lt\/#website","url":"https:\/\/medicinasinc.com\/lt\/","name":"Medicinas Inc","description":"Sveikatos medicinos klinika","potentialAction":[{"@type":"SearchAction","target":{"@type":"EntryPoint","urlTemplate":"https:\/\/medicinasinc.com\/lt\/?s={search_term_string}"},"query-input":{"@type":"PropertyValueSpecification","valueRequired":true,"valueName":"search_term_string"}}],"inLanguage":"en-US"}]}},"_links":{"self":[{"href":"https:\/\/medicinasinc.com\/lt\/wp-json\/wp\/v2\/product\/4367","targetHints":{"allow":["GET"]}}],"collection":[{"href":"https:\/\/medicinasinc.com\/lt\/wp-json\/wp\/v2\/product"}],"about":[{"href":"https:\/\/medicinasinc.com\/lt\/wp-json\/wp\/v2\/types\/product"}],"replies":[{"embeddable":true,"href":"https:\/\/medicinasinc.com\/lt\/wp-json\/wp\/v2\/comments?post=4367"}],"wp:featuredmedia":[{"embeddable":true,"href":"https:\/\/medicinasinc.com\/lt\/wp-json\/wp\/v2\/media\/4402"}],"wp:attachment":[{"href":"https:\/\/medicinasinc.com\/lt\/wp-json\/wp\/v2\/media?parent=4367"}],"wp:term":[{"taxonomy":"product_brand","embeddable":true,"href":"https:\/\/medicinasinc.com\/lt\/wp-json\/wp\/v2\/product_brand?post=4367"},{"taxonomy":"product_cat","embeddable":true,"href":"https:\/\/medicinasinc.com\/lt\/wp-json\/wp\/v2\/product_cat?post=4367"},{"taxonomy":"product_tag","embeddable":true,"href":"https:\/\/medicinasinc.com\/lt\/wp-json\/wp\/v2\/product_tag?post=4367"}],"curies":[{"name":"wp","href":"https:\/\/api.w.org\/{rel}","templated":true}]}}