{"id":4359,"date":"2022-02-20T08:31:50","date_gmt":"2022-02-20T08:31:50","guid":{"rendered":"https:\/\/medicinasinc.com\/lt\/?post_type=product&#038;p=4359"},"modified":"2022-03-20T12:43:42","modified_gmt":"2022-03-20T12:43:42","slug":"pirkti-fab-cbd-oil-300mg-600mg-1200mg","status":"publish","type":"product","link":"https:\/\/medicinasinc.com\/lt\/product\/pirkti-fab-cbd-oil-300mg-600mg-1200mg\/","title":{"rendered":"Pirkite Fab CBD aliej\u0173 300mg, 600mg, 1200mg"},"content":{"rendered":"<p>CBD aliejaus la\u0161ai yra puikus b\u016bdas pagerinti bendr\u0105 savijaut\u0105 ir gyvybingum\u0105. Mes si\u016blome \u012fvairi\u0173 CBD kanapi\u0173 aliejaus skoni\u0173, kurie yra populiar\u016bs tarp m\u016bs\u0173 klient\u0173, \u012fskaitant citrusinius, m\u0117t\u0173, nat\u016bralius, uog\u0173 ir vanil\u0117s. FAB CBD aliejaus kvapioji med\u017eiaga gaunama i\u0161 geriausi\u0173 ingredient\u0173. M\u0117gaukit\u0117s skaniu \u0161i\u0173 aromatizuot\u0173 CBD aliej\u0173 skoniu ir aromatu arba tradiciniu m\u016bs\u0173 nat\u016bralaus CBD aliejaus skoniu.<\/p>\n","protected":false},"excerpt":{"rendered":"<p>Pirkite Fab CBD Oil 300mg, Pirkite Fab CBD Oil 600mg, Pirkite fab cbd 2400 mg,cbd aliejus, kuris jus d\u017eiugina,geriausias cbd izoliato aliejus,pirkite cbd tinkt\u016bros internetu,gnc cbd aliejus nuo nerimo,cbd aliejaus valgomieji la\u0161ai fab cbd, fab cbd balta etiket\u0117,<\/p>\n<p><strong>Minimalus u\u017esakymo kiekis: 5 kaset\u0117s<\/strong><\/p>\n","protected":false},"featured_media":4394,"comment_status":"open","ping_status":"closed","template":"","meta":[],"product_brand":[],"product_cat":[440],"product_tag":[441,443,447,448,449,442,450,444,445,446],"class_list":{"0":"post-4359","1":"product","2":"type-product","3":"status-publish","4":"has-post-thumbnail","6":"product_cat-pirkti-kanapi-cbd-aliej","7":"product_tag-amazon-fab-cbd","8":"product_tag-buy-cbd-tincture-online","9":"product_tag-cbd-aliejus-valgomi-laai","10":"product_tag-cbd-aliejus-kuris-jus-daro-laiming","11":"product_tag-fab-cbd-white-label","12":"product_tag-geriausias-cbd-izoliatas-aliejus","13":"product_tag-gnc-cbd-aliejus-nerimui","14":"product_tag-pirkti-fab-cbd-2400-mg","15":"product_tag-pirkti-fab-cbd-oil-300mg","16":"product_tag-pirkti-fab-cbd-oil-600mg","18":"first","19":"instock","20":"shipping-taxable","21":"purchasable","22":"product-type-variable","23":"has-default-attributes"},"yoast_head":"<!-- This site is optimized with the Yoast SEO plugin v27.3 - https:\/\/yoast.com\/product\/yoast-seo-wordpress\/ -->\n<title>Pirkite Fab CBD aliej\u0173 300 mg, 600 mg, 1200 mg \u2013 geriausi pasaulyje vaistai<\/title>\n<meta name=\"description\" content=\"Pirkite Fab CBD Oil 300mg, Pirkite Fab CBD Oil 600mg, Pirkite fab cbd 2400 mg,cbd aliejus, kuris jus d\u017eiugina,geriausias cbd izoliato aliejus,pirkite cbd tinkt\u016bros internetu,gnc cbd aliejus nuo nerimo,cbd aliejaus valgomieji la\u0161ai,mazon\u0117s fab fab cbd balta etiket\u0117,\" \/>\n<meta name=\"robots\" content=\"index, follow, max-snippet:-1, max-image-preview:large, max-video-preview:-1\" \/>\n<link rel=\"canonical\" href=\"https:\/\/medicinasinc.com\/lt\/product\/pirkti-fab-cbd-oil-300mg-600mg-1200mg\/\" \/>\n<meta property=\"og:locale\" content=\"en_US\" \/>\n<meta property=\"og:type\" content=\"article\" \/>\n<meta property=\"og:title\" content=\"Pirkite Fab CBD aliej\u0173 300 mg, 600 mg, 1200 mg \u2013 geriausi pasaulyje vaistai\" \/>\n<meta property=\"og:description\" content=\"Pirkite Fab CBD Oil 300mg, Pirkite Fab CBD Oil 600mg, Pirkite fab cbd 2400 mg,cbd aliejus, kuris jus d\u017eiugina,geriausias cbd izoliato aliejus,pirkite cbd tinkt\u016bros internetu,gnc cbd aliejus nuo nerimo,cbd aliejaus valgomieji la\u0161ai,mazon\u0117s fab fab cbd balta etiket\u0117,\" \/>\n<meta property=\"og:url\" content=\"https:\/\/medicinasinc.com\/lt\/product\/pirkti-fab-cbd-oil-300mg-600mg-1200mg\/\" \/>\n<meta property=\"og:site_name\" content=\"Medicinas Inc\" \/>\n<meta property=\"article:modified_time\" content=\"2022-03-20T12:43:42+00:00\" \/>\n<meta property=\"og:image\" content=\"https:\/\/medicinasinc.com\/lt\/wp-content\/uploads\/sites\/9\/2022\/02\/Buy-Fab-CBD-Oil.jpg\" \/>\n\t<meta property=\"og:image:width\" content=\"600\" \/>\n\t<meta property=\"og:image:height\" content=\"600\" \/>\n\t<meta property=\"og:image:type\" content=\"image\/jpeg\" \/>\n<meta name=\"twitter:card\" content=\"summary_large_image\" \/>\n<meta name=\"twitter:label1\" content=\"Est. reading time\" \/>\n\t<meta name=\"twitter:data1\" content=\"1 minute\" \/>\n<script type=\"application\/ld+json\" class=\"yoast-schema-graph\">{\"@context\":\"https:\\\/\\\/schema.org\",\"@graph\":[{\"@type\":\"WebPage\",\"@id\":\"https:\\\/\\\/medicinasinc.com\\\/lt\\\/product\\\/pirkti-fab-cbd-oil-300mg-600mg-1200mg\\\/\",\"url\":\"https:\\\/\\\/medicinasinc.com\\\/lt\\\/product\\\/pirkti-fab-cbd-oil-300mg-600mg-1200mg\\\/\",\"name\":\"Pirkite Fab CBD aliej\u0173 300 mg, 600 mg, 1200 mg \u2013 geriausi pasaulyje vaistai\",\"isPartOf\":{\"@id\":\"https:\\\/\\\/medicinasinc.com\\\/lt\\\/#website\"},\"primaryImageOfPage\":{\"@id\":\"https:\\\/\\\/medicinasinc.com\\\/lt\\\/product\\\/pirkti-fab-cbd-oil-300mg-600mg-1200mg\\\/#primaryimage\"},\"image\":{\"@id\":\"https:\\\/\\\/medicinasinc.com\\\/lt\\\/product\\\/pirkti-fab-cbd-oil-300mg-600mg-1200mg\\\/#primaryimage\"},\"thumbnailUrl\":\"https:\\\/\\\/medicinasinc.com\\\/lt\\\/wp-content\\\/uploads\\\/sites\\\/9\\\/2022\\\/02\\\/Buy-Fab-CBD-Oil.jpg\",\"datePublished\":\"2022-02-20T08:31:50+00:00\",\"dateModified\":\"2022-03-20T12:43:42+00:00\",\"description\":\"Pirkite Fab CBD Oil 300mg, Pirkite Fab CBD Oil 600mg, Pirkite fab cbd 2400 mg,cbd aliejus, kuris jus d\u017eiugina,geriausias cbd izoliato aliejus,pirkite cbd tinkt\u016bros internetu,gnc cbd aliejus nuo nerimo,cbd aliejaus valgomieji la\u0161ai,mazon\u0117s fab fab cbd balta etiket\u0117,\",\"breadcrumb\":{\"@id\":\"https:\\\/\\\/medicinasinc.com\\\/lt\\\/product\\\/pirkti-fab-cbd-oil-300mg-600mg-1200mg\\\/#breadcrumb\"},\"inLanguage\":\"en-US\",\"potentialAction\":[{\"@type\":\"ReadAction\",\"target\":[\"https:\\\/\\\/medicinasinc.com\\\/lt\\\/product\\\/pirkti-fab-cbd-oil-300mg-600mg-1200mg\\\/\"]}]},{\"@type\":\"ImageObject\",\"inLanguage\":\"en-US\",\"@id\":\"https:\\\/\\\/medicinasinc.com\\\/lt\\\/product\\\/pirkti-fab-cbd-oil-300mg-600mg-1200mg\\\/#primaryimage\",\"url\":\"https:\\\/\\\/medicinasinc.com\\\/lt\\\/wp-content\\\/uploads\\\/sites\\\/9\\\/2022\\\/02\\\/Buy-Fab-CBD-Oil.jpg\",\"contentUrl\":\"https:\\\/\\\/medicinasinc.com\\\/lt\\\/wp-content\\\/uploads\\\/sites\\\/9\\\/2022\\\/02\\\/Buy-Fab-CBD-Oil.jpg\",\"width\":600,\"height\":600},{\"@type\":\"BreadcrumbList\",\"@id\":\"https:\\\/\\\/medicinasinc.com\\\/lt\\\/product\\\/pirkti-fab-cbd-oil-300mg-600mg-1200mg\\\/#breadcrumb\",\"itemListElement\":[{\"@type\":\"ListItem\",\"position\":1,\"name\":\"Parduotuv\u0117\",\"item\":\"https:\\\/\\\/medicinasinc.com\\\/lt\\\/parduotuve\\\/\"},{\"@type\":\"ListItem\",\"position\":2,\"name\":\"Pirkite Fab CBD aliej\u0173 300mg, 600mg, 1200mg\"}]},{\"@type\":\"WebSite\",\"@id\":\"https:\\\/\\\/medicinasinc.com\\\/lt\\\/#website\",\"url\":\"https:\\\/\\\/medicinasinc.com\\\/lt\\\/\",\"name\":\"Medicinas Inc\",\"description\":\"Sveikatos medicinos klinika\",\"potentialAction\":[{\"@type\":\"SearchAction\",\"target\":{\"@type\":\"EntryPoint\",\"urlTemplate\":\"https:\\\/\\\/medicinasinc.com\\\/lt\\\/?s={search_term_string}\"},\"query-input\":{\"@type\":\"PropertyValueSpecification\",\"valueRequired\":true,\"valueName\":\"search_term_string\"}}],\"inLanguage\":\"en-US\"}]}<\/script>\n<!-- \/ Yoast SEO plugin. -->","yoast_head_json":{"title":"Pirkite Fab CBD aliej\u0173 300 mg, 600 mg, 1200 mg \u2013 geriausi pasaulyje vaistai","description":"Pirkite Fab CBD Oil 300mg, Pirkite Fab CBD Oil 600mg, Pirkite fab cbd 2400 mg,cbd aliejus, kuris jus d\u017eiugina,geriausias cbd izoliato aliejus,pirkite cbd tinkt\u016bros internetu,gnc cbd aliejus nuo nerimo,cbd aliejaus valgomieji la\u0161ai,mazon\u0117s fab fab cbd balta etiket\u0117,","robots":{"index":"index","follow":"follow","max-snippet":"max-snippet:-1","max-image-preview":"max-image-preview:large","max-video-preview":"max-video-preview:-1"},"canonical":"https:\/\/medicinasinc.com\/lt\/product\/pirkti-fab-cbd-oil-300mg-600mg-1200mg\/","og_locale":"en_US","og_type":"article","og_title":"Pirkite Fab CBD aliej\u0173 300 mg, 600 mg, 1200 mg \u2013 geriausi pasaulyje vaistai","og_description":"Pirkite Fab CBD Oil 300mg, Pirkite Fab CBD Oil 600mg, Pirkite fab cbd 2400 mg,cbd aliejus, kuris jus d\u017eiugina,geriausias cbd izoliato aliejus,pirkite cbd tinkt\u016bros internetu,gnc cbd aliejus nuo nerimo,cbd aliejaus valgomieji la\u0161ai,mazon\u0117s fab fab cbd balta etiket\u0117,","og_url":"https:\/\/medicinasinc.com\/lt\/product\/pirkti-fab-cbd-oil-300mg-600mg-1200mg\/","og_site_name":"Medicinas Inc","article_modified_time":"2022-03-20T12:43:42+00:00","og_image":[{"width":600,"height":600,"url":"https:\/\/medicinasinc.com\/lt\/wp-content\/uploads\/sites\/9\/2022\/02\/Buy-Fab-CBD-Oil.jpg","type":"image\/jpeg"}],"twitter_card":"summary_large_image","twitter_misc":{"Est. reading time":"1 minute"},"schema":{"@context":"https:\/\/schema.org","@graph":[{"@type":"WebPage","@id":"https:\/\/medicinasinc.com\/lt\/product\/pirkti-fab-cbd-oil-300mg-600mg-1200mg\/","url":"https:\/\/medicinasinc.com\/lt\/product\/pirkti-fab-cbd-oil-300mg-600mg-1200mg\/","name":"Pirkite Fab CBD aliej\u0173 300 mg, 600 mg, 1200 mg \u2013 geriausi pasaulyje vaistai","isPartOf":{"@id":"https:\/\/medicinasinc.com\/lt\/#website"},"primaryImageOfPage":{"@id":"https:\/\/medicinasinc.com\/lt\/product\/pirkti-fab-cbd-oil-300mg-600mg-1200mg\/#primaryimage"},"image":{"@id":"https:\/\/medicinasinc.com\/lt\/product\/pirkti-fab-cbd-oil-300mg-600mg-1200mg\/#primaryimage"},"thumbnailUrl":"https:\/\/medicinasinc.com\/lt\/wp-content\/uploads\/sites\/9\/2022\/02\/Buy-Fab-CBD-Oil.jpg","datePublished":"2022-02-20T08:31:50+00:00","dateModified":"2022-03-20T12:43:42+00:00","description":"Pirkite Fab CBD Oil 300mg, Pirkite Fab CBD Oil 600mg, Pirkite fab cbd 2400 mg,cbd aliejus, kuris jus d\u017eiugina,geriausias cbd izoliato aliejus,pirkite cbd tinkt\u016bros internetu,gnc cbd aliejus nuo nerimo,cbd aliejaus valgomieji la\u0161ai,mazon\u0117s fab fab cbd balta etiket\u0117,","breadcrumb":{"@id":"https:\/\/medicinasinc.com\/lt\/product\/pirkti-fab-cbd-oil-300mg-600mg-1200mg\/#breadcrumb"},"inLanguage":"en-US","potentialAction":[{"@type":"ReadAction","target":["https:\/\/medicinasinc.com\/lt\/product\/pirkti-fab-cbd-oil-300mg-600mg-1200mg\/"]}]},{"@type":"ImageObject","inLanguage":"en-US","@id":"https:\/\/medicinasinc.com\/lt\/product\/pirkti-fab-cbd-oil-300mg-600mg-1200mg\/#primaryimage","url":"https:\/\/medicinasinc.com\/lt\/wp-content\/uploads\/sites\/9\/2022\/02\/Buy-Fab-CBD-Oil.jpg","contentUrl":"https:\/\/medicinasinc.com\/lt\/wp-content\/uploads\/sites\/9\/2022\/02\/Buy-Fab-CBD-Oil.jpg","width":600,"height":600},{"@type":"BreadcrumbList","@id":"https:\/\/medicinasinc.com\/lt\/product\/pirkti-fab-cbd-oil-300mg-600mg-1200mg\/#breadcrumb","itemListElement":[{"@type":"ListItem","position":1,"name":"Parduotuv\u0117","item":"https:\/\/medicinasinc.com\/lt\/parduotuve\/"},{"@type":"ListItem","position":2,"name":"Pirkite Fab CBD aliej\u0173 300mg, 600mg, 1200mg"}]},{"@type":"WebSite","@id":"https:\/\/medicinasinc.com\/lt\/#website","url":"https:\/\/medicinasinc.com\/lt\/","name":"Medicinas Inc","description":"Sveikatos medicinos klinika","potentialAction":[{"@type":"SearchAction","target":{"@type":"EntryPoint","urlTemplate":"https:\/\/medicinasinc.com\/lt\/?s={search_term_string}"},"query-input":{"@type":"PropertyValueSpecification","valueRequired":true,"valueName":"search_term_string"}}],"inLanguage":"en-US"}]}},"_links":{"self":[{"href":"https:\/\/medicinasinc.com\/lt\/wp-json\/wp\/v2\/product\/4359","targetHints":{"allow":["GET"]}}],"collection":[{"href":"https:\/\/medicinasinc.com\/lt\/wp-json\/wp\/v2\/product"}],"about":[{"href":"https:\/\/medicinasinc.com\/lt\/wp-json\/wp\/v2\/types\/product"}],"replies":[{"embeddable":true,"href":"https:\/\/medicinasinc.com\/lt\/wp-json\/wp\/v2\/comments?post=4359"}],"wp:featuredmedia":[{"embeddable":true,"href":"https:\/\/medicinasinc.com\/lt\/wp-json\/wp\/v2\/media\/4394"}],"wp:attachment":[{"href":"https:\/\/medicinasinc.com\/lt\/wp-json\/wp\/v2\/media?parent=4359"}],"wp:term":[{"taxonomy":"product_brand","embeddable":true,"href":"https:\/\/medicinasinc.com\/lt\/wp-json\/wp\/v2\/product_brand?post=4359"},{"taxonomy":"product_cat","embeddable":true,"href":"https:\/\/medicinasinc.com\/lt\/wp-json\/wp\/v2\/product_cat?post=4359"},{"taxonomy":"product_tag","embeddable":true,"href":"https:\/\/medicinasinc.com\/lt\/wp-json\/wp\/v2\/product_tag?post=4359"}],"curies":[{"name":"wp","href":"https:\/\/api.w.org\/{rel}","templated":true}]}}