{"id":4353,"date":"2022-02-20T08:29:33","date_gmt":"2022-02-20T08:29:33","guid":{"rendered":"https:\/\/medicinasinc.com\/lt\/?post_type=product&#038;p=4353"},"modified":"2022-03-20T12:43:52","modified_gmt":"2022-03-20T12:43:52","slug":"pirkti-500mg-cbd-blackberry-keey-flava-blast","status":"publish","type":"product","link":"https:\/\/medicinasinc.com\/lt\/product\/pirkti-500mg-cbd-blackberry-keey-flava-blast\/","title":{"rendered":"Pirkite 500 mg CBD Blackberry Key FLAVA BLAST"},"content":{"rendered":"<div class=\"woocommerce-tabs wc-tabs-wrapper\">\n<div id=\"tab-description\" class=\"woocommerce-Tabs-panel woocommerce-Tabs-panel--description panel entry-content wc-tab\" role=\"tabpanel\" aria-labelledby=\"tab-title-description\">\n<p>FLAVA BLAST 500mg CBD Blackberry Keey<\/p>\n<p>Keey CBD yra sveikatos ir savijautos gerinimo sprendimas. CBD yra naudingas padedant \u012fveikti kasdien\u012f stres\u0105, palaikyti rami\u0105 ir susikaupusi\u0105 dvasios b\u016bsen\u0105, suma\u017einti u\u017edegim\u0105, pykinim\u0105 ir galvos svaigim\u0105 bei pad\u0117ti atsigauti po fizinio skausmo ar skausmo. Dabar su 500 mg CBD FLAVA BLAST galite \u012ftraukti skani\u0105 CBD tinkt\u016br\u0105 \u012f savo kasdienyb\u0119.<\/p>\n<p>Keey sujungia organini\u0173 terpen\u0173 u\u017epilus, nat\u016bralius kvapi\u0105sias med\u017eiagas ir CBD ekstraktus su MCT aliejumi (KOKON\u0172 ALIEJUS), kad pagreitint\u0173 absorbcij\u0105. j\u016bs\u0173 vir\u0161kinimui ir pastiprinimui j\u016bs\u0173 dien\u0105.<\/p>\n<p>Keey CBD 500mg FLAVA BLAST si\u016blo \u012fvairi\u0173 skoni\u0173 BLASTS! 30 ml buteliukas su la\u0161intuvu tinkt\u016brai.<\/p>\n<\/p><\/div><\/div>\n<div class=\"susij\u0119 produktai\"><\/div>\n","protected":false},"excerpt":{"rendered":"<p>Pirkite 500 mg CBD Blackberry Keey FLAVA BLAST internetu i\u0161 Sigma Vape Shop su greitu pristatymu visame pasaulyje. Galite rasti parduodam\u0105 500 mg CBD Blackberry Keey FLAVA BLAST<\/p>\n<ul>\n<li>Pristatymas visame pasaulyje<\/li>\n<li>Minimalus u\u017esakymo kiekis yra 5<\/li>\n<li><strong>Susisiekite su mumis<\/strong> &gt;\u00a0didesniems u\u017esakymams<\/li>\n<\/ul>\n","protected":false},"featured_media":4389,"comment_status":"open","ping_status":"closed","template":"","meta":[],"product_brand":[],"product_cat":[440],"product_tag":[],"class_list":{"0":"post-4353","1":"product","2":"type-product","3":"status-publish","4":"has-post-thumbnail","6":"product_cat-pirkti-kanapi-cbd-aliej","8":"first","9":"instock","10":"shipping-taxable","11":"purchasable","12":"product-type-variable","13":"has-default-attributes"},"yoast_head":"<!-- This site is optimized with the Yoast SEO plugin v27.3 - https:\/\/yoast.com\/product\/yoast-seo-wordpress\/ -->\n<title>Pirkite 500 mg CBD Blackberry Keey FLAVA BLAST \u2013 geriausius pasaulinius vaistus<\/title>\n<meta name=\"description\" content=\"Pirkite 500mg CBD Blackberry Keey FLAVA BLAST internetu i\u0161 Sigma Vape Shop su greitu pristatymu visame pasaulyje. Parduodant galite rasti 500mg CBD Blackberry Keey FLAVA BLAST\" \/>\n<meta name=\"robots\" content=\"index, follow, max-snippet:-1, max-image-preview:large, max-video-preview:-1\" \/>\n<link rel=\"canonical\" href=\"https:\/\/medicinasinc.com\/lt\/product\/pirkti-500mg-cbd-blackberry-keey-flava-blast\/\" \/>\n<meta property=\"og:locale\" content=\"en_US\" \/>\n<meta property=\"og:type\" content=\"article\" \/>\n<meta property=\"og:title\" content=\"Pirkite 500 mg CBD Blackberry Keey FLAVA BLAST \u2013 geriausius pasaulinius vaistus\" \/>\n<meta property=\"og:description\" content=\"Pirkite 500mg CBD Blackberry Keey FLAVA BLAST internetu i\u0161 Sigma Vape Shop su greitu pristatymu visame pasaulyje. Parduodant galite rasti 500mg CBD Blackberry Keey FLAVA BLAST\" \/>\n<meta property=\"og:url\" content=\"https:\/\/medicinasinc.com\/lt\/product\/pirkti-500mg-cbd-blackberry-keey-flava-blast\/\" \/>\n<meta property=\"og:site_name\" content=\"Medicinas Inc\" \/>\n<meta property=\"article:modified_time\" content=\"2022-03-20T12:43:52+00:00\" \/>\n<meta property=\"og:image\" content=\"https:\/\/medicinasinc.com\/lt\/wp-content\/uploads\/sites\/9\/2022\/02\/Buy-500mg-CBD-Blackberry-Keey-FLAVA-BLAST.jpg\" \/>\n\t<meta property=\"og:image:width\" content=\"800\" \/>\n\t<meta property=\"og:image:height\" content=\"800\" \/>\n\t<meta property=\"og:image:type\" content=\"image\/jpeg\" \/>\n<meta name=\"twitter:card\" content=\"summary_large_image\" \/>\n<meta name=\"twitter:label1\" content=\"Est. reading time\" \/>\n\t<meta name=\"twitter:data1\" content=\"1 minute\" \/>\n<script type=\"application\/ld+json\" class=\"yoast-schema-graph\">{\"@context\":\"https:\\\/\\\/schema.org\",\"@graph\":[{\"@type\":\"WebPage\",\"@id\":\"https:\\\/\\\/medicinasinc.com\\\/lt\\\/product\\\/pirkti-500mg-cbd-blackberry-keey-flava-blast\\\/\",\"url\":\"https:\\\/\\\/medicinasinc.com\\\/lt\\\/product\\\/pirkti-500mg-cbd-blackberry-keey-flava-blast\\\/\",\"name\":\"Pirkite 500 mg CBD Blackberry Keey FLAVA BLAST \u2013 geriausius pasaulinius vaistus\",\"isPartOf\":{\"@id\":\"https:\\\/\\\/medicinasinc.com\\\/lt\\\/#website\"},\"primaryImageOfPage\":{\"@id\":\"https:\\\/\\\/medicinasinc.com\\\/lt\\\/product\\\/pirkti-500mg-cbd-blackberry-keey-flava-blast\\\/#primaryimage\"},\"image\":{\"@id\":\"https:\\\/\\\/medicinasinc.com\\\/lt\\\/product\\\/pirkti-500mg-cbd-blackberry-keey-flava-blast\\\/#primaryimage\"},\"thumbnailUrl\":\"https:\\\/\\\/medicinasinc.com\\\/lt\\\/wp-content\\\/uploads\\\/sites\\\/9\\\/2022\\\/02\\\/Buy-500mg-CBD-Blackberry-Keey-FLAVA-BLAST.jpg\",\"datePublished\":\"2022-02-20T08:29:33+00:00\",\"dateModified\":\"2022-03-20T12:43:52+00:00\",\"description\":\"Pirkite 500mg CBD Blackberry Keey FLAVA BLAST internetu i\u0161 Sigma Vape Shop su greitu pristatymu visame pasaulyje. Parduodant galite rasti 500mg CBD Blackberry Keey FLAVA BLAST\",\"breadcrumb\":{\"@id\":\"https:\\\/\\\/medicinasinc.com\\\/lt\\\/product\\\/pirkti-500mg-cbd-blackberry-keey-flava-blast\\\/#breadcrumb\"},\"inLanguage\":\"en-US\",\"potentialAction\":[{\"@type\":\"ReadAction\",\"target\":[\"https:\\\/\\\/medicinasinc.com\\\/lt\\\/product\\\/pirkti-500mg-cbd-blackberry-keey-flava-blast\\\/\"]}]},{\"@type\":\"ImageObject\",\"inLanguage\":\"en-US\",\"@id\":\"https:\\\/\\\/medicinasinc.com\\\/lt\\\/product\\\/pirkti-500mg-cbd-blackberry-keey-flava-blast\\\/#primaryimage\",\"url\":\"https:\\\/\\\/medicinasinc.com\\\/lt\\\/wp-content\\\/uploads\\\/sites\\\/9\\\/2022\\\/02\\\/Buy-500mg-CBD-Blackberry-Keey-FLAVA-BLAST.jpg\",\"contentUrl\":\"https:\\\/\\\/medicinasinc.com\\\/lt\\\/wp-content\\\/uploads\\\/sites\\\/9\\\/2022\\\/02\\\/Buy-500mg-CBD-Blackberry-Keey-FLAVA-BLAST.jpg\",\"width\":800,\"height\":800},{\"@type\":\"BreadcrumbList\",\"@id\":\"https:\\\/\\\/medicinasinc.com\\\/lt\\\/product\\\/pirkti-500mg-cbd-blackberry-keey-flava-blast\\\/#breadcrumb\",\"itemListElement\":[{\"@type\":\"ListItem\",\"position\":1,\"name\":\"Parduotuv\u0117\",\"item\":\"https:\\\/\\\/medicinasinc.com\\\/lt\\\/parduotuve\\\/\"},{\"@type\":\"ListItem\",\"position\":2,\"name\":\"Pirkite 500 mg CBD Blackberry Key FLAVA BLAST\"}]},{\"@type\":\"WebSite\",\"@id\":\"https:\\\/\\\/medicinasinc.com\\\/lt\\\/#website\",\"url\":\"https:\\\/\\\/medicinasinc.com\\\/lt\\\/\",\"name\":\"Medicinas Inc\",\"description\":\"Sveikatos medicinos klinika\",\"potentialAction\":[{\"@type\":\"SearchAction\",\"target\":{\"@type\":\"EntryPoint\",\"urlTemplate\":\"https:\\\/\\\/medicinasinc.com\\\/lt\\\/?s={search_term_string}\"},\"query-input\":{\"@type\":\"PropertyValueSpecification\",\"valueRequired\":true,\"valueName\":\"search_term_string\"}}],\"inLanguage\":\"en-US\"}]}<\/script>\n<!-- \/ Yoast SEO plugin. -->","yoast_head_json":{"title":"Pirkite 500 mg CBD Blackberry Keey FLAVA BLAST \u2013 geriausius pasaulinius vaistus","description":"Pirkite 500mg CBD Blackberry Keey FLAVA BLAST internetu i\u0161 Sigma Vape Shop su greitu pristatymu visame pasaulyje. Parduodant galite rasti 500mg CBD Blackberry Keey FLAVA BLAST","robots":{"index":"index","follow":"follow","max-snippet":"max-snippet:-1","max-image-preview":"max-image-preview:large","max-video-preview":"max-video-preview:-1"},"canonical":"https:\/\/medicinasinc.com\/lt\/product\/pirkti-500mg-cbd-blackberry-keey-flava-blast\/","og_locale":"en_US","og_type":"article","og_title":"Pirkite 500 mg CBD Blackberry Keey FLAVA BLAST \u2013 geriausius pasaulinius vaistus","og_description":"Pirkite 500mg CBD Blackberry Keey FLAVA BLAST internetu i\u0161 Sigma Vape Shop su greitu pristatymu visame pasaulyje. Parduodant galite rasti 500mg CBD Blackberry Keey FLAVA BLAST","og_url":"https:\/\/medicinasinc.com\/lt\/product\/pirkti-500mg-cbd-blackberry-keey-flava-blast\/","og_site_name":"Medicinas Inc","article_modified_time":"2022-03-20T12:43:52+00:00","og_image":[{"width":800,"height":800,"url":"https:\/\/medicinasinc.com\/lt\/wp-content\/uploads\/sites\/9\/2022\/02\/Buy-500mg-CBD-Blackberry-Keey-FLAVA-BLAST.jpg","type":"image\/jpeg"}],"twitter_card":"summary_large_image","twitter_misc":{"Est. reading time":"1 minute"},"schema":{"@context":"https:\/\/schema.org","@graph":[{"@type":"WebPage","@id":"https:\/\/medicinasinc.com\/lt\/product\/pirkti-500mg-cbd-blackberry-keey-flava-blast\/","url":"https:\/\/medicinasinc.com\/lt\/product\/pirkti-500mg-cbd-blackberry-keey-flava-blast\/","name":"Pirkite 500 mg CBD Blackberry Keey FLAVA BLAST \u2013 geriausius pasaulinius vaistus","isPartOf":{"@id":"https:\/\/medicinasinc.com\/lt\/#website"},"primaryImageOfPage":{"@id":"https:\/\/medicinasinc.com\/lt\/product\/pirkti-500mg-cbd-blackberry-keey-flava-blast\/#primaryimage"},"image":{"@id":"https:\/\/medicinasinc.com\/lt\/product\/pirkti-500mg-cbd-blackberry-keey-flava-blast\/#primaryimage"},"thumbnailUrl":"https:\/\/medicinasinc.com\/lt\/wp-content\/uploads\/sites\/9\/2022\/02\/Buy-500mg-CBD-Blackberry-Keey-FLAVA-BLAST.jpg","datePublished":"2022-02-20T08:29:33+00:00","dateModified":"2022-03-20T12:43:52+00:00","description":"Pirkite 500mg CBD Blackberry Keey FLAVA BLAST internetu i\u0161 Sigma Vape Shop su greitu pristatymu visame pasaulyje. Parduodant galite rasti 500mg CBD Blackberry Keey FLAVA BLAST","breadcrumb":{"@id":"https:\/\/medicinasinc.com\/lt\/product\/pirkti-500mg-cbd-blackberry-keey-flava-blast\/#breadcrumb"},"inLanguage":"en-US","potentialAction":[{"@type":"ReadAction","target":["https:\/\/medicinasinc.com\/lt\/product\/pirkti-500mg-cbd-blackberry-keey-flava-blast\/"]}]},{"@type":"ImageObject","inLanguage":"en-US","@id":"https:\/\/medicinasinc.com\/lt\/product\/pirkti-500mg-cbd-blackberry-keey-flava-blast\/#primaryimage","url":"https:\/\/medicinasinc.com\/lt\/wp-content\/uploads\/sites\/9\/2022\/02\/Buy-500mg-CBD-Blackberry-Keey-FLAVA-BLAST.jpg","contentUrl":"https:\/\/medicinasinc.com\/lt\/wp-content\/uploads\/sites\/9\/2022\/02\/Buy-500mg-CBD-Blackberry-Keey-FLAVA-BLAST.jpg","width":800,"height":800},{"@type":"BreadcrumbList","@id":"https:\/\/medicinasinc.com\/lt\/product\/pirkti-500mg-cbd-blackberry-keey-flava-blast\/#breadcrumb","itemListElement":[{"@type":"ListItem","position":1,"name":"Parduotuv\u0117","item":"https:\/\/medicinasinc.com\/lt\/parduotuve\/"},{"@type":"ListItem","position":2,"name":"Pirkite 500 mg CBD Blackberry Key FLAVA BLAST"}]},{"@type":"WebSite","@id":"https:\/\/medicinasinc.com\/lt\/#website","url":"https:\/\/medicinasinc.com\/lt\/","name":"Medicinas Inc","description":"Sveikatos medicinos klinika","potentialAction":[{"@type":"SearchAction","target":{"@type":"EntryPoint","urlTemplate":"https:\/\/medicinasinc.com\/lt\/?s={search_term_string}"},"query-input":{"@type":"PropertyValueSpecification","valueRequired":true,"valueName":"search_term_string"}}],"inLanguage":"en-US"}]}},"_links":{"self":[{"href":"https:\/\/medicinasinc.com\/lt\/wp-json\/wp\/v2\/product\/4353","targetHints":{"allow":["GET"]}}],"collection":[{"href":"https:\/\/medicinasinc.com\/lt\/wp-json\/wp\/v2\/product"}],"about":[{"href":"https:\/\/medicinasinc.com\/lt\/wp-json\/wp\/v2\/types\/product"}],"replies":[{"embeddable":true,"href":"https:\/\/medicinasinc.com\/lt\/wp-json\/wp\/v2\/comments?post=4353"}],"wp:featuredmedia":[{"embeddable":true,"href":"https:\/\/medicinasinc.com\/lt\/wp-json\/wp\/v2\/media\/4389"}],"wp:attachment":[{"href":"https:\/\/medicinasinc.com\/lt\/wp-json\/wp\/v2\/media?parent=4353"}],"wp:term":[{"taxonomy":"product_brand","embeddable":true,"href":"https:\/\/medicinasinc.com\/lt\/wp-json\/wp\/v2\/product_brand?post=4353"},{"taxonomy":"product_cat","embeddable":true,"href":"https:\/\/medicinasinc.com\/lt\/wp-json\/wp\/v2\/product_cat?post=4353"},{"taxonomy":"product_tag","embeddable":true,"href":"https:\/\/medicinasinc.com\/lt\/wp-json\/wp\/v2\/product_tag?post=4353"}],"curies":[{"name":"wp","href":"https:\/\/api.w.org\/{rel}","templated":true}]}}