{"id":4348,"date":"2022-02-20T08:28:43","date_gmt":"2022-02-20T08:28:43","guid":{"rendered":"https:\/\/medicinasinc.com\/lt\/?post_type=product&#038;p=4348"},"modified":"2022-03-20T12:44:04","modified_gmt":"2022-03-20T12:44:04","slug":"pirkti-41-tinkturos-30ml-metes-skonio-zalia-deive","status":"publish","type":"product","link":"https:\/\/medicinasinc.com\/lt\/product\/pirkti-41-tinkturos-30ml-metes-skonio-zalia-deive\/","title":{"rendered":"Pirkite 4:1 tinkt\u016bros (30 ml) \u0161altm\u0117\u010di\u0173 skonio \u017eali\u0105j\u0105 deiv\u0119"},"content":{"rendered":"<p>Pirkite \u017eali\u0105, deiv\u0117 4:1 tinkt\u016br\u0105 (30 ml) pipirm\u0117\u010di\u0173 skonio<\/p>\n<p>Tinkt\u016bros la\u0161ai turi reik\u0161ming\u0173 prana\u0161um\u0173, palyginti su kitais medicinini\u0173 kanabinoid\u0173 vartojimo b\u016bdais: 30 ml indelis su lengvai naudojama la\u0161eli\u0173 aplikacija leid\u017eia tiksli doz\u0117, kuri\u0105 reikia suleisti po lie\u017euviu \u012f burn\u0105. Rezorbcija \u012f krauj\u0105 per burnos gleivin\u0119 yra greita ir nuosekli. Vir\u0161kinimo sistemoje ar kepenyse tinkt\u016bros nekei\u010diama \u012f metabolitus, kaip tai daroma vartojant per burn\u0105 vartojamus kanabinoidus valgomuosiuose produktuose.<\/p>\n<p>Sukurta naudojant viso kanapi\u0173 augalo ekstrakt\u0105. Prid\u0117jome visi\u0161kai nat\u016bralaus C8+C10 aliejaus, kuris yra i\u0161gaunamas tik i\u0161 kokos\u0173 ir yra puikus galing\u0173 vidutin\u0117s grandin\u0117s riebal\u0173 r\u016bg\u0161\u010di\u0173 \u0161altinis, padedantis palaikyti optimal\u0173 k\u016bno ir proto funkcionavim\u0105.<\/p>\n<p>13 miligram\u0173 viename la\u0161elyje. 400 miligram\u0173 CBD 100 miligram\u0173 THC<\/p>\n<p>Ingredientai:<\/p>\n<p>MCT aliejus su \u0161altm\u0117\u010di\u0173 kvapi\u0105ja med\u017eiaga Viso kanapi\u0173 augalo ekstraktas (CBD)<\/p>\n","protected":false},"excerpt":{"rendered":"<p>Pirkite 4:1 tinkt\u016br\u0105 (30 ml) \u201eSpearmmint Flavor Green Goddess\u201c pardavimui Jungtin\u0117je Karalyst\u0117je, Europoje internetu JAV i\u0161 did\u017eiausios internetin\u0117s vaistin\u0117s \u201eBuy My Weed Online\u201c.<\/p>\n<ul>\n<li>Pristatymas visame pasaulyje<\/li>\n<li>30 ml indikacinis la\u0161intuvas<\/li>\n<li>400 mg CBD: 100 mg THC tinkt\u016bros<\/li>\n<li>M\u0117t\u0173 skonio<\/li>\n<li>Ma\u017eiausias u\u017esakomas kiekis yra 5<\/li>\n<\/ul>\n","protected":false},"featured_media":4383,"comment_status":"open","ping_status":"closed","template":"","meta":[],"product_brand":[],"product_cat":[440],"product_tag":[],"class_list":{"0":"post-4348","1":"product","2":"type-product","3":"status-publish","4":"has-post-thumbnail","6":"product_cat-pirkti-kanapi-cbd-aliej","8":"first","9":"instock","10":"shipping-taxable","11":"purchasable","12":"product-type-variable","13":"has-default-attributes"},"yoast_head":"<!-- This site is optimized with the Yoast SEO plugin v27.3 - https:\/\/yoast.com\/product\/yoast-seo-wordpress\/ -->\n<title>Pirkite 4:1 tinkt\u016bros (30 ml) m\u0117t\u0173 skonio \u017eali\u0105j\u0105 deiv\u0119 \u2013 geriausius pasaulinius vaistus<\/title>\n<meta name=\"description\" content=\"\u012esigykite 4:1 tinkt\u016bros (30 ml) \u201ePearmint Flavor Green Goddess\u201c pardavimui JK, Europoje internetu JAV i\u0161 did\u017eiausios internetin\u0117s ambulatorijos, \u201eBuy My Weed Online\u201c.\" \/>\n<meta name=\"robots\" content=\"index, follow, max-snippet:-1, max-image-preview:large, max-video-preview:-1\" \/>\n<link rel=\"canonical\" href=\"https:\/\/medicinasinc.com\/lt\/product\/pirkti-41-tinkturos-30ml-metes-skonio-zalia-deive\/\" \/>\n<meta property=\"og:locale\" content=\"en_US\" \/>\n<meta property=\"og:type\" content=\"article\" \/>\n<meta property=\"og:title\" content=\"Pirkite 4:1 tinkt\u016bros (30 ml) m\u0117t\u0173 skonio \u017eali\u0105j\u0105 deiv\u0119 \u2013 geriausius pasaulinius vaistus\" \/>\n<meta property=\"og:description\" content=\"\u012esigykite 4:1 tinkt\u016bros (30 ml) \u201ePearmint Flavor Green Goddess\u201c pardavimui JK, Europoje internetu JAV i\u0161 did\u017eiausios internetin\u0117s ambulatorijos, \u201eBuy My Weed Online\u201c.\" \/>\n<meta property=\"og:url\" content=\"https:\/\/medicinasinc.com\/lt\/product\/pirkti-41-tinkturos-30ml-metes-skonio-zalia-deive\/\" \/>\n<meta property=\"og:site_name\" content=\"Medicinas Inc\" \/>\n<meta property=\"article:modified_time\" content=\"2022-03-20T12:44:04+00:00\" \/>\n<meta property=\"og:image\" content=\"https:\/\/medicinasinc.com\/lt\/wp-content\/uploads\/sites\/9\/2022\/02\/Spearmint-Flavour-Green-Goddess.jpg\" \/>\n\t<meta property=\"og:image:width\" content=\"483\" \/>\n\t<meta property=\"og:image:height\" content=\"483\" \/>\n\t<meta property=\"og:image:type\" content=\"image\/jpeg\" \/>\n<meta name=\"twitter:card\" content=\"summary_large_image\" \/>\n<meta name=\"twitter:label1\" content=\"Est. reading time\" \/>\n\t<meta name=\"twitter:data1\" content=\"1 minute\" \/>\n<script type=\"application\/ld+json\" class=\"yoast-schema-graph\">{\"@context\":\"https:\\\/\\\/schema.org\",\"@graph\":[{\"@type\":\"WebPage\",\"@id\":\"https:\\\/\\\/medicinasinc.com\\\/lt\\\/product\\\/pirkti-41-tinkturos-30ml-metes-skonio-zalia-deive\\\/\",\"url\":\"https:\\\/\\\/medicinasinc.com\\\/lt\\\/product\\\/pirkti-41-tinkturos-30ml-metes-skonio-zalia-deive\\\/\",\"name\":\"Pirkite 4:1 tinkt\u016bros (30 ml) m\u0117t\u0173 skonio \u017eali\u0105j\u0105 deiv\u0119 \u2013 geriausius pasaulinius vaistus\",\"isPartOf\":{\"@id\":\"https:\\\/\\\/medicinasinc.com\\\/lt\\\/#website\"},\"primaryImageOfPage\":{\"@id\":\"https:\\\/\\\/medicinasinc.com\\\/lt\\\/product\\\/pirkti-41-tinkturos-30ml-metes-skonio-zalia-deive\\\/#primaryimage\"},\"image\":{\"@id\":\"https:\\\/\\\/medicinasinc.com\\\/lt\\\/product\\\/pirkti-41-tinkturos-30ml-metes-skonio-zalia-deive\\\/#primaryimage\"},\"thumbnailUrl\":\"https:\\\/\\\/medicinasinc.com\\\/lt\\\/wp-content\\\/uploads\\\/sites\\\/9\\\/2022\\\/02\\\/Spearmint-Flavour-Green-Goddess.jpg\",\"datePublished\":\"2022-02-20T08:28:43+00:00\",\"dateModified\":\"2022-03-20T12:44:04+00:00\",\"description\":\"\u012esigykite 4:1 tinkt\u016bros (30 ml) \u201ePearmint Flavor Green Goddess\u201c pardavimui JK, Europoje internetu JAV i\u0161 did\u017eiausios internetin\u0117s ambulatorijos, \u201eBuy My Weed Online\u201c.\",\"breadcrumb\":{\"@id\":\"https:\\\/\\\/medicinasinc.com\\\/lt\\\/product\\\/pirkti-41-tinkturos-30ml-metes-skonio-zalia-deive\\\/#breadcrumb\"},\"inLanguage\":\"en-US\",\"potentialAction\":[{\"@type\":\"ReadAction\",\"target\":[\"https:\\\/\\\/medicinasinc.com\\\/lt\\\/product\\\/pirkti-41-tinkturos-30ml-metes-skonio-zalia-deive\\\/\"]}]},{\"@type\":\"ImageObject\",\"inLanguage\":\"en-US\",\"@id\":\"https:\\\/\\\/medicinasinc.com\\\/lt\\\/product\\\/pirkti-41-tinkturos-30ml-metes-skonio-zalia-deive\\\/#primaryimage\",\"url\":\"https:\\\/\\\/medicinasinc.com\\\/lt\\\/wp-content\\\/uploads\\\/sites\\\/9\\\/2022\\\/02\\\/Spearmint-Flavour-Green-Goddess.jpg\",\"contentUrl\":\"https:\\\/\\\/medicinasinc.com\\\/lt\\\/wp-content\\\/uploads\\\/sites\\\/9\\\/2022\\\/02\\\/Spearmint-Flavour-Green-Goddess.jpg\",\"width\":483,\"height\":483},{\"@type\":\"BreadcrumbList\",\"@id\":\"https:\\\/\\\/medicinasinc.com\\\/lt\\\/product\\\/pirkti-41-tinkturos-30ml-metes-skonio-zalia-deive\\\/#breadcrumb\",\"itemListElement\":[{\"@type\":\"ListItem\",\"position\":1,\"name\":\"Parduotuv\u0117\",\"item\":\"https:\\\/\\\/medicinasinc.com\\\/lt\\\/parduotuve\\\/\"},{\"@type\":\"ListItem\",\"position\":2,\"name\":\"Pirkite 4:1 tinkt\u016bros (30 ml) \u0161altm\u0117\u010di\u0173 skonio \u017eali\u0105j\u0105 deiv\u0119\"}]},{\"@type\":\"WebSite\",\"@id\":\"https:\\\/\\\/medicinasinc.com\\\/lt\\\/#website\",\"url\":\"https:\\\/\\\/medicinasinc.com\\\/lt\\\/\",\"name\":\"Medicinas Inc\",\"description\":\"Sveikatos medicinos klinika\",\"potentialAction\":[{\"@type\":\"SearchAction\",\"target\":{\"@type\":\"EntryPoint\",\"urlTemplate\":\"https:\\\/\\\/medicinasinc.com\\\/lt\\\/?s={search_term_string}\"},\"query-input\":{\"@type\":\"PropertyValueSpecification\",\"valueRequired\":true,\"valueName\":\"search_term_string\"}}],\"inLanguage\":\"en-US\"}]}<\/script>\n<!-- \/ Yoast SEO plugin. -->","yoast_head_json":{"title":"Pirkite 4:1 tinkt\u016bros (30 ml) m\u0117t\u0173 skonio \u017eali\u0105j\u0105 deiv\u0119 \u2013 geriausius pasaulinius vaistus","description":"\u012esigykite 4:1 tinkt\u016bros (30 ml) \u201ePearmint Flavor Green Goddess\u201c pardavimui JK, Europoje internetu JAV i\u0161 did\u017eiausios internetin\u0117s ambulatorijos, \u201eBuy My Weed Online\u201c.","robots":{"index":"index","follow":"follow","max-snippet":"max-snippet:-1","max-image-preview":"max-image-preview:large","max-video-preview":"max-video-preview:-1"},"canonical":"https:\/\/medicinasinc.com\/lt\/product\/pirkti-41-tinkturos-30ml-metes-skonio-zalia-deive\/","og_locale":"en_US","og_type":"article","og_title":"Pirkite 4:1 tinkt\u016bros (30 ml) m\u0117t\u0173 skonio \u017eali\u0105j\u0105 deiv\u0119 \u2013 geriausius pasaulinius vaistus","og_description":"\u012esigykite 4:1 tinkt\u016bros (30 ml) \u201ePearmint Flavor Green Goddess\u201c pardavimui JK, Europoje internetu JAV i\u0161 did\u017eiausios internetin\u0117s ambulatorijos, \u201eBuy My Weed Online\u201c.","og_url":"https:\/\/medicinasinc.com\/lt\/product\/pirkti-41-tinkturos-30ml-metes-skonio-zalia-deive\/","og_site_name":"Medicinas Inc","article_modified_time":"2022-03-20T12:44:04+00:00","og_image":[{"width":483,"height":483,"url":"https:\/\/medicinasinc.com\/lt\/wp-content\/uploads\/sites\/9\/2022\/02\/Spearmint-Flavour-Green-Goddess.jpg","type":"image\/jpeg"}],"twitter_card":"summary_large_image","twitter_misc":{"Est. reading time":"1 minute"},"schema":{"@context":"https:\/\/schema.org","@graph":[{"@type":"WebPage","@id":"https:\/\/medicinasinc.com\/lt\/product\/pirkti-41-tinkturos-30ml-metes-skonio-zalia-deive\/","url":"https:\/\/medicinasinc.com\/lt\/product\/pirkti-41-tinkturos-30ml-metes-skonio-zalia-deive\/","name":"Pirkite 4:1 tinkt\u016bros (30 ml) m\u0117t\u0173 skonio \u017eali\u0105j\u0105 deiv\u0119 \u2013 geriausius pasaulinius vaistus","isPartOf":{"@id":"https:\/\/medicinasinc.com\/lt\/#website"},"primaryImageOfPage":{"@id":"https:\/\/medicinasinc.com\/lt\/product\/pirkti-41-tinkturos-30ml-metes-skonio-zalia-deive\/#primaryimage"},"image":{"@id":"https:\/\/medicinasinc.com\/lt\/product\/pirkti-41-tinkturos-30ml-metes-skonio-zalia-deive\/#primaryimage"},"thumbnailUrl":"https:\/\/medicinasinc.com\/lt\/wp-content\/uploads\/sites\/9\/2022\/02\/Spearmint-Flavour-Green-Goddess.jpg","datePublished":"2022-02-20T08:28:43+00:00","dateModified":"2022-03-20T12:44:04+00:00","description":"\u012esigykite 4:1 tinkt\u016bros (30 ml) \u201ePearmint Flavor Green Goddess\u201c pardavimui JK, Europoje internetu JAV i\u0161 did\u017eiausios internetin\u0117s ambulatorijos, \u201eBuy My Weed Online\u201c.","breadcrumb":{"@id":"https:\/\/medicinasinc.com\/lt\/product\/pirkti-41-tinkturos-30ml-metes-skonio-zalia-deive\/#breadcrumb"},"inLanguage":"en-US","potentialAction":[{"@type":"ReadAction","target":["https:\/\/medicinasinc.com\/lt\/product\/pirkti-41-tinkturos-30ml-metes-skonio-zalia-deive\/"]}]},{"@type":"ImageObject","inLanguage":"en-US","@id":"https:\/\/medicinasinc.com\/lt\/product\/pirkti-41-tinkturos-30ml-metes-skonio-zalia-deive\/#primaryimage","url":"https:\/\/medicinasinc.com\/lt\/wp-content\/uploads\/sites\/9\/2022\/02\/Spearmint-Flavour-Green-Goddess.jpg","contentUrl":"https:\/\/medicinasinc.com\/lt\/wp-content\/uploads\/sites\/9\/2022\/02\/Spearmint-Flavour-Green-Goddess.jpg","width":483,"height":483},{"@type":"BreadcrumbList","@id":"https:\/\/medicinasinc.com\/lt\/product\/pirkti-41-tinkturos-30ml-metes-skonio-zalia-deive\/#breadcrumb","itemListElement":[{"@type":"ListItem","position":1,"name":"Parduotuv\u0117","item":"https:\/\/medicinasinc.com\/lt\/parduotuve\/"},{"@type":"ListItem","position":2,"name":"Pirkite 4:1 tinkt\u016bros (30 ml) \u0161altm\u0117\u010di\u0173 skonio \u017eali\u0105j\u0105 deiv\u0119"}]},{"@type":"WebSite","@id":"https:\/\/medicinasinc.com\/lt\/#website","url":"https:\/\/medicinasinc.com\/lt\/","name":"Medicinas Inc","description":"Sveikatos medicinos klinika","potentialAction":[{"@type":"SearchAction","target":{"@type":"EntryPoint","urlTemplate":"https:\/\/medicinasinc.com\/lt\/?s={search_term_string}"},"query-input":{"@type":"PropertyValueSpecification","valueRequired":true,"valueName":"search_term_string"}}],"inLanguage":"en-US"}]}},"_links":{"self":[{"href":"https:\/\/medicinasinc.com\/lt\/wp-json\/wp\/v2\/product\/4348","targetHints":{"allow":["GET"]}}],"collection":[{"href":"https:\/\/medicinasinc.com\/lt\/wp-json\/wp\/v2\/product"}],"about":[{"href":"https:\/\/medicinasinc.com\/lt\/wp-json\/wp\/v2\/types\/product"}],"replies":[{"embeddable":true,"href":"https:\/\/medicinasinc.com\/lt\/wp-json\/wp\/v2\/comments?post=4348"}],"wp:featuredmedia":[{"embeddable":true,"href":"https:\/\/medicinasinc.com\/lt\/wp-json\/wp\/v2\/media\/4383"}],"wp:attachment":[{"href":"https:\/\/medicinasinc.com\/lt\/wp-json\/wp\/v2\/media?parent=4348"}],"wp:term":[{"taxonomy":"product_brand","embeddable":true,"href":"https:\/\/medicinasinc.com\/lt\/wp-json\/wp\/v2\/product_brand?post=4348"},{"taxonomy":"product_cat","embeddable":true,"href":"https:\/\/medicinasinc.com\/lt\/wp-json\/wp\/v2\/product_cat?post=4348"},{"taxonomy":"product_tag","embeddable":true,"href":"https:\/\/medicinasinc.com\/lt\/wp-json\/wp\/v2\/product_tag?post=4348"}],"curies":[{"name":"wp","href":"https:\/\/api.w.org\/{rel}","templated":true}]}}