{"id":4338,"date":"2022-02-20T08:27:22","date_gmt":"2022-02-20T08:27:22","guid":{"rendered":"https:\/\/medicinasinc.com\/lt\/?post_type=product&#038;p=4338"},"modified":"2022-03-20T12:44:21","modified_gmt":"2022-03-20T12:44:21","slug":"pirkti-250mg-thc-mist-purskalas-10ml-lengva","status":"publish","type":"product","link":"https:\/\/medicinasinc.com\/lt\/product\/pirkti-250mg-thc-mist-purskalas-10ml-lengva\/","title":{"rendered":"Pirkite 250 mg THC r\u016bko pur\u0161kikl\u012f 10 ml \u2013 lengva"},"content":{"rendered":"<p>Pirkite 10 ml 250 mg THC r\u016bko pur\u0161kalo \u2013 lengva<\/p>\n<p>Su m\u016bs\u0173 skaniu kanapi\u0173 u\u017epilu pur\u0161kikliu Ease polie\u017euviniam pur\u0161kimui tradicin\u0119 tinkt\u016bros koncepcij\u0105 pakelia \u012f visi\u0161kai nauj\u0105 lyg\u012f. \u201eEase Spray\u201c suteikia galimyb\u0119 dozuoti pagal poreik\u012f, neatsi\u017evelgiant \u012f viet\u0105, nebijant stigmos, kuri tradici\u0161kai siejama su dauguma kanapi\u0173 produkt\u0173. Viename pur\u0161kime \u201eEase Spray\u201c yra did\u017eiuliai 5 mg vaist\u0173, tod\u0117l galite tiksliai su\u0161virk\u0161ti vaistus iki j\u016bs\u0173 poreikius atitinkan\u010dio lygio. \u201eEase Sprays\u201c sud\u0117tyje n\u0117ra alkoholio, tirpikli\u0173 ar naftos chemijos med\u017eiag\u0173, nes j\u0173 sud\u0117tyje yra visi\u0161kai nat\u016bralios kokos\u0173 ekstrakt\u0173, terpen\u0173 ir kanapi\u0173 ekstrakt\u0173 formul\u0117s.<\/p>\n<p>\u0160is produktas supaprastina vaist\u0173 vartojim\u0105 keliaujant! Su visi\u0161kai naujuoju \u201eEase Shake n Spray Extra Strength\u201c!<\/p>\n<p>DOZ\u0116S PO lie\u017euviniams PURK\u0160KAMIEMS BUTELIAMS<\/p>\n<p>250 \u200b\u200bmg THC 10 ml stikliniame buteliuke<\/p>\n<p>Kiekviename buteliuke yra 50 -60 i\u0161pur\u0161kim\u0173.<\/p>\n","protected":false},"excerpt":{"rendered":"<p>\u012esigykite 250 mg THC Mist Spray UK 10 ml pardavimui Europoje internetu. \u201eEase Spray\u201c suteikia jums laisv\u0119 dozuoti, kiek reikia, bet kur, nesijaudindami d\u0117l tradici\u0161kai stigmos<\/p>\n<ul>\n<li>Pristatymas visame pasaulyje<\/li>\n<li>ypatingo stiprumo THC MIST SPRAY<\/li>\n<li>10 ml stiklinis butelis 250 mg THC<\/li>\n<li>Minimalus u\u017esakymo kiekis yra 5<\/li>\n<li><strong>Susisiekite su mumis<\/strong>\u00a0jei norite u\u017esakyti didesnius u\u017esakymus.<\/li>\n<\/ul>\n","protected":false},"featured_media":4371,"comment_status":"open","ping_status":"closed","template":"","meta":[],"product_brand":[],"product_cat":[440],"product_tag":[],"class_list":{"0":"post-4338","1":"product","2":"type-product","3":"status-publish","4":"has-post-thumbnail","6":"product_cat-pirkti-kanapi-cbd-aliej","8":"first","9":"instock","10":"shipping-taxable","11":"purchasable","12":"product-type-variable","13":"has-default-attributes"},"yoast_head":"<!-- This site is optimized with the Yoast SEO plugin v27.3 - https:\/\/yoast.com\/product\/yoast-seo-wordpress\/ -->\n<title>Pirkite 250 mg THC r\u016bko pur\u0161kikl\u012f 10 ml \u2013 Lengva \u2013 geriausi pasaulyje vaistai<\/title>\n<meta name=\"description\" content=\"Pirkite 250mg THC Mist Spray UK 10ml pardavimui Europoje internetu. \u201eEase Spray\u201c suteikia jums laisv\u0119 dozuoti pagal poreik\u012f bet kur, nesijaudinant d\u0117l \u200b\u200bstigmos tradici\u0161kai\" \/>\n<meta name=\"robots\" content=\"index, follow, max-snippet:-1, max-image-preview:large, max-video-preview:-1\" \/>\n<link rel=\"canonical\" href=\"https:\/\/medicinasinc.com\/lt\/product\/pirkti-250mg-thc-mist-purskalas-10ml-lengva\/\" \/>\n<meta property=\"og:locale\" content=\"en_US\" \/>\n<meta property=\"og:type\" content=\"article\" \/>\n<meta property=\"og:title\" content=\"Pirkite 250 mg THC r\u016bko pur\u0161kikl\u012f 10 ml \u2013 Lengva \u2013 geriausi pasaulyje vaistai\" \/>\n<meta property=\"og:description\" content=\"Pirkite 250mg THC Mist Spray UK 10ml pardavimui Europoje internetu. \u201eEase Spray\u201c suteikia jums laisv\u0119 dozuoti pagal poreik\u012f bet kur, nesijaudinant d\u0117l \u200b\u200bstigmos tradici\u0161kai\" \/>\n<meta property=\"og:url\" content=\"https:\/\/medicinasinc.com\/lt\/product\/pirkti-250mg-thc-mist-purskalas-10ml-lengva\/\" \/>\n<meta property=\"og:site_name\" content=\"Medicinas Inc\" \/>\n<meta property=\"article:modified_time\" content=\"2022-03-20T12:44:21+00:00\" \/>\n<meta property=\"og:image\" content=\"https:\/\/medicinasinc.com\/lt\/wp-content\/uploads\/sites\/9\/2022\/02\/Buy-250mg-THC-Mist-Spray-10ml.jpg\" \/>\n\t<meta property=\"og:image:width\" content=\"1500\" \/>\n\t<meta property=\"og:image:height\" content=\"1500\" \/>\n\t<meta property=\"og:image:type\" content=\"image\/jpeg\" \/>\n<meta name=\"twitter:card\" content=\"summary_large_image\" \/>\n<meta name=\"twitter:label1\" content=\"Est. reading time\" \/>\n\t<meta name=\"twitter:data1\" content=\"1 minute\" \/>\n<script type=\"application\/ld+json\" class=\"yoast-schema-graph\">{\"@context\":\"https:\\\/\\\/schema.org\",\"@graph\":[{\"@type\":\"WebPage\",\"@id\":\"https:\\\/\\\/medicinasinc.com\\\/lt\\\/product\\\/pirkti-250mg-thc-mist-purskalas-10ml-lengva\\\/\",\"url\":\"https:\\\/\\\/medicinasinc.com\\\/lt\\\/product\\\/pirkti-250mg-thc-mist-purskalas-10ml-lengva\\\/\",\"name\":\"Pirkite 250 mg THC r\u016bko pur\u0161kikl\u012f 10 ml \u2013 Lengva \u2013 geriausi pasaulyje vaistai\",\"isPartOf\":{\"@id\":\"https:\\\/\\\/medicinasinc.com\\\/lt\\\/#website\"},\"primaryImageOfPage\":{\"@id\":\"https:\\\/\\\/medicinasinc.com\\\/lt\\\/product\\\/pirkti-250mg-thc-mist-purskalas-10ml-lengva\\\/#primaryimage\"},\"image\":{\"@id\":\"https:\\\/\\\/medicinasinc.com\\\/lt\\\/product\\\/pirkti-250mg-thc-mist-purskalas-10ml-lengva\\\/#primaryimage\"},\"thumbnailUrl\":\"https:\\\/\\\/medicinasinc.com\\\/lt\\\/wp-content\\\/uploads\\\/sites\\\/9\\\/2022\\\/02\\\/Buy-250mg-THC-Mist-Spray-10ml.jpg\",\"datePublished\":\"2022-02-20T08:27:22+00:00\",\"dateModified\":\"2022-03-20T12:44:21+00:00\",\"description\":\"Pirkite 250mg THC Mist Spray UK 10ml pardavimui Europoje internetu. \u201eEase Spray\u201c suteikia jums laisv\u0119 dozuoti pagal poreik\u012f bet kur, nesijaudinant d\u0117l \u200b\u200bstigmos tradici\u0161kai\",\"breadcrumb\":{\"@id\":\"https:\\\/\\\/medicinasinc.com\\\/lt\\\/product\\\/pirkti-250mg-thc-mist-purskalas-10ml-lengva\\\/#breadcrumb\"},\"inLanguage\":\"en-US\",\"potentialAction\":[{\"@type\":\"ReadAction\",\"target\":[\"https:\\\/\\\/medicinasinc.com\\\/lt\\\/product\\\/pirkti-250mg-thc-mist-purskalas-10ml-lengva\\\/\"]}]},{\"@type\":\"ImageObject\",\"inLanguage\":\"en-US\",\"@id\":\"https:\\\/\\\/medicinasinc.com\\\/lt\\\/product\\\/pirkti-250mg-thc-mist-purskalas-10ml-lengva\\\/#primaryimage\",\"url\":\"https:\\\/\\\/medicinasinc.com\\\/lt\\\/wp-content\\\/uploads\\\/sites\\\/9\\\/2022\\\/02\\\/Buy-250mg-THC-Mist-Spray-10ml.jpg\",\"contentUrl\":\"https:\\\/\\\/medicinasinc.com\\\/lt\\\/wp-content\\\/uploads\\\/sites\\\/9\\\/2022\\\/02\\\/Buy-250mg-THC-Mist-Spray-10ml.jpg\",\"width\":1500,\"height\":1500},{\"@type\":\"BreadcrumbList\",\"@id\":\"https:\\\/\\\/medicinasinc.com\\\/lt\\\/product\\\/pirkti-250mg-thc-mist-purskalas-10ml-lengva\\\/#breadcrumb\",\"itemListElement\":[{\"@type\":\"ListItem\",\"position\":1,\"name\":\"Parduotuv\u0117\",\"item\":\"https:\\\/\\\/medicinasinc.com\\\/lt\\\/parduotuve\\\/\"},{\"@type\":\"ListItem\",\"position\":2,\"name\":\"Pirkite 250 mg THC r\u016bko pur\u0161kikl\u012f 10 ml \u2013 lengva\"}]},{\"@type\":\"WebSite\",\"@id\":\"https:\\\/\\\/medicinasinc.com\\\/lt\\\/#website\",\"url\":\"https:\\\/\\\/medicinasinc.com\\\/lt\\\/\",\"name\":\"Medicinas Inc\",\"description\":\"Sveikatos medicinos klinika\",\"potentialAction\":[{\"@type\":\"SearchAction\",\"target\":{\"@type\":\"EntryPoint\",\"urlTemplate\":\"https:\\\/\\\/medicinasinc.com\\\/lt\\\/?s={search_term_string}\"},\"query-input\":{\"@type\":\"PropertyValueSpecification\",\"valueRequired\":true,\"valueName\":\"search_term_string\"}}],\"inLanguage\":\"en-US\"}]}<\/script>\n<!-- \/ Yoast SEO plugin. -->","yoast_head_json":{"title":"Pirkite 250 mg THC r\u016bko pur\u0161kikl\u012f 10 ml \u2013 Lengva \u2013 geriausi pasaulyje vaistai","description":"Pirkite 250mg THC Mist Spray UK 10ml pardavimui Europoje internetu. \u201eEase Spray\u201c suteikia jums laisv\u0119 dozuoti pagal poreik\u012f bet kur, nesijaudinant d\u0117l \u200b\u200bstigmos tradici\u0161kai","robots":{"index":"index","follow":"follow","max-snippet":"max-snippet:-1","max-image-preview":"max-image-preview:large","max-video-preview":"max-video-preview:-1"},"canonical":"https:\/\/medicinasinc.com\/lt\/product\/pirkti-250mg-thc-mist-purskalas-10ml-lengva\/","og_locale":"en_US","og_type":"article","og_title":"Pirkite 250 mg THC r\u016bko pur\u0161kikl\u012f 10 ml \u2013 Lengva \u2013 geriausi pasaulyje vaistai","og_description":"Pirkite 250mg THC Mist Spray UK 10ml pardavimui Europoje internetu. \u201eEase Spray\u201c suteikia jums laisv\u0119 dozuoti pagal poreik\u012f bet kur, nesijaudinant d\u0117l \u200b\u200bstigmos tradici\u0161kai","og_url":"https:\/\/medicinasinc.com\/lt\/product\/pirkti-250mg-thc-mist-purskalas-10ml-lengva\/","og_site_name":"Medicinas Inc","article_modified_time":"2022-03-20T12:44:21+00:00","og_image":[{"width":1500,"height":1500,"url":"https:\/\/medicinasinc.com\/lt\/wp-content\/uploads\/sites\/9\/2022\/02\/Buy-250mg-THC-Mist-Spray-10ml.jpg","type":"image\/jpeg"}],"twitter_card":"summary_large_image","twitter_misc":{"Est. reading time":"1 minute"},"schema":{"@context":"https:\/\/schema.org","@graph":[{"@type":"WebPage","@id":"https:\/\/medicinasinc.com\/lt\/product\/pirkti-250mg-thc-mist-purskalas-10ml-lengva\/","url":"https:\/\/medicinasinc.com\/lt\/product\/pirkti-250mg-thc-mist-purskalas-10ml-lengva\/","name":"Pirkite 250 mg THC r\u016bko pur\u0161kikl\u012f 10 ml \u2013 Lengva \u2013 geriausi pasaulyje vaistai","isPartOf":{"@id":"https:\/\/medicinasinc.com\/lt\/#website"},"primaryImageOfPage":{"@id":"https:\/\/medicinasinc.com\/lt\/product\/pirkti-250mg-thc-mist-purskalas-10ml-lengva\/#primaryimage"},"image":{"@id":"https:\/\/medicinasinc.com\/lt\/product\/pirkti-250mg-thc-mist-purskalas-10ml-lengva\/#primaryimage"},"thumbnailUrl":"https:\/\/medicinasinc.com\/lt\/wp-content\/uploads\/sites\/9\/2022\/02\/Buy-250mg-THC-Mist-Spray-10ml.jpg","datePublished":"2022-02-20T08:27:22+00:00","dateModified":"2022-03-20T12:44:21+00:00","description":"Pirkite 250mg THC Mist Spray UK 10ml pardavimui Europoje internetu. \u201eEase Spray\u201c suteikia jums laisv\u0119 dozuoti pagal poreik\u012f bet kur, nesijaudinant d\u0117l \u200b\u200bstigmos tradici\u0161kai","breadcrumb":{"@id":"https:\/\/medicinasinc.com\/lt\/product\/pirkti-250mg-thc-mist-purskalas-10ml-lengva\/#breadcrumb"},"inLanguage":"en-US","potentialAction":[{"@type":"ReadAction","target":["https:\/\/medicinasinc.com\/lt\/product\/pirkti-250mg-thc-mist-purskalas-10ml-lengva\/"]}]},{"@type":"ImageObject","inLanguage":"en-US","@id":"https:\/\/medicinasinc.com\/lt\/product\/pirkti-250mg-thc-mist-purskalas-10ml-lengva\/#primaryimage","url":"https:\/\/medicinasinc.com\/lt\/wp-content\/uploads\/sites\/9\/2022\/02\/Buy-250mg-THC-Mist-Spray-10ml.jpg","contentUrl":"https:\/\/medicinasinc.com\/lt\/wp-content\/uploads\/sites\/9\/2022\/02\/Buy-250mg-THC-Mist-Spray-10ml.jpg","width":1500,"height":1500},{"@type":"BreadcrumbList","@id":"https:\/\/medicinasinc.com\/lt\/product\/pirkti-250mg-thc-mist-purskalas-10ml-lengva\/#breadcrumb","itemListElement":[{"@type":"ListItem","position":1,"name":"Parduotuv\u0117","item":"https:\/\/medicinasinc.com\/lt\/parduotuve\/"},{"@type":"ListItem","position":2,"name":"Pirkite 250 mg THC r\u016bko pur\u0161kikl\u012f 10 ml \u2013 lengva"}]},{"@type":"WebSite","@id":"https:\/\/medicinasinc.com\/lt\/#website","url":"https:\/\/medicinasinc.com\/lt\/","name":"Medicinas Inc","description":"Sveikatos medicinos klinika","potentialAction":[{"@type":"SearchAction","target":{"@type":"EntryPoint","urlTemplate":"https:\/\/medicinasinc.com\/lt\/?s={search_term_string}"},"query-input":{"@type":"PropertyValueSpecification","valueRequired":true,"valueName":"search_term_string"}}],"inLanguage":"en-US"}]}},"_links":{"self":[{"href":"https:\/\/medicinasinc.com\/lt\/wp-json\/wp\/v2\/product\/4338","targetHints":{"allow":["GET"]}}],"collection":[{"href":"https:\/\/medicinasinc.com\/lt\/wp-json\/wp\/v2\/product"}],"about":[{"href":"https:\/\/medicinasinc.com\/lt\/wp-json\/wp\/v2\/types\/product"}],"replies":[{"embeddable":true,"href":"https:\/\/medicinasinc.com\/lt\/wp-json\/wp\/v2\/comments?post=4338"}],"wp:featuredmedia":[{"embeddable":true,"href":"https:\/\/medicinasinc.com\/lt\/wp-json\/wp\/v2\/media\/4371"}],"wp:attachment":[{"href":"https:\/\/medicinasinc.com\/lt\/wp-json\/wp\/v2\/media?parent=4338"}],"wp:term":[{"taxonomy":"product_brand","embeddable":true,"href":"https:\/\/medicinasinc.com\/lt\/wp-json\/wp\/v2\/product_brand?post=4338"},{"taxonomy":"product_cat","embeddable":true,"href":"https:\/\/medicinasinc.com\/lt\/wp-json\/wp\/v2\/product_cat?post=4338"},{"taxonomy":"product_tag","embeddable":true,"href":"https:\/\/medicinasinc.com\/lt\/wp-json\/wp\/v2\/product_tag?post=4338"}],"curies":[{"name":"wp","href":"https:\/\/api.w.org\/{rel}","templated":true}]}}