{"id":4333,"date":"2022-02-20T08:26:46","date_gmt":"2022-02-20T08:26:46","guid":{"rendered":"https:\/\/medicinasinc.com\/lt\/?post_type=product&#038;p=4333"},"modified":"2022-03-20T12:44:29","modified_gmt":"2022-03-20T12:44:29","slug":"pirkti-100mg-thc-kanapiu-seklu-aliejaus-kapsules","status":"publish","type":"product","link":"https:\/\/medicinasinc.com\/lt\/product\/pirkti-100mg-thc-kanapiu-seklu-aliejaus-kapsules\/","title":{"rendered":"Pirkite 100 mg THC kanapi\u0173 s\u0117kl\u0173 aliejaus kapsules"},"content":{"rendered":"<p>\u012esigykite kanapi\u0173 s\u0117kl\u0173 aliejaus kapsules 100 mg THC<\/p>\n<p>Kad atskirtum\u0117te \u0161ias kapsules nuo pla\u010diai prieinam\u0173, bet prastesn\u0117s kokyb\u0117s THC milteli\u0173 kapsuli\u0173, kiekvienoje kapsul\u0117je yra 100 mg THC kanapi\u0173 s\u0117kl\u0173 aliejaus.<\/p>\n<p>Parduota. trijose pakuot\u0117se<\/p>\n<p>M\u016bs\u0173 THC aliejaus kapsul\u0117s yra gautos i\u0161 viso kanapi\u0173 augalo ir jose ypa\u010d daug terpen\u0173. \u0160iose kapsul\u0117se yra gryniausias THC ir kanapi\u0173 s\u0117kl\u0173 aliejus. Kanapi\u0173 s\u0117kl\u0173 aliejuje yra 3:1 omega 6 ir omega 3 riebal\u0173 r\u016bg\u0161\u010di\u0173 santykis, kuris atitinka optimalius ilgalaik\u0117s sveikatos reikalavimus. Kiekviena THC aliejaus partija yra laboratori\u0161kai i\u0161bandyta siekiant u\u017etikrinti jos grynum\u0105 ir saugum\u0105.<\/p>\n","protected":false},"excerpt":{"rendered":"<p>Pirk 100mg THC kanapi\u0173 s\u0117kl\u0173 aliejaus kapsul\u0117s yra pagamintos i\u0161 viso kanapi\u0173 augalo ir yra daug terpen\u0173. \u0160iose kapsul\u0117se yra auk\u0161\u010diausios kokyb\u0117s THC ir kanapi\u0173 s\u0117kl\u0173 aliejaus.<\/p>\n<ul>\n<li>Pristatymas visame pasaulyje<\/li>\n<li>Kiekvienoje kapsul\u0117je yra 100 mg THC.<\/li>\n<li>Kiekviename buteliuke yra 3 kapsul\u0117s.<\/li>\n<li>Minimalus u\u017esakymo kiekis \u2013 5<strong><em>\u00a0buteliai<\/em><\/strong><\/li>\n<li>D\u0117l didesni\u0173 u\u017esakym\u0173 susisiekite su mumis.<\/li>\n<\/ul>\n","protected":false},"featured_media":4365,"comment_status":"open","ping_status":"closed","template":"","meta":[],"product_brand":[],"product_cat":[440],"product_tag":[],"class_list":{"0":"post-4333","1":"product","2":"type-product","3":"status-publish","4":"has-post-thumbnail","6":"product_cat-pirkti-kanapi-cbd-aliej","8":"first","9":"instock","10":"shipping-taxable","11":"purchasable","12":"product-type-variable","13":"has-default-attributes"},"yoast_head":"<!-- This site is optimized with the Yoast SEO plugin v27.3 - https:\/\/yoast.com\/product\/yoast-seo-wordpress\/ -->\n<title>Pirkite 100 mg THC kanapi\u0173 s\u0117kl\u0173 aliejaus kapsules \u2013 geriausius pasaulinius vaistus<\/title>\n<meta name=\"description\" content=\"Parduodamos 100 mg THC kanapi\u0173 s\u0117kl\u0173 aliejaus kapsul\u0117s yra pagamintos i\u0161 viso kanapi\u0173 augalo ir yra daug terpen\u0173. \u0160iose kapsul\u0117se yra auk\u0161\u010diausios kokyb\u0117s THC ir kanapi\u0173 s\u0117kl\u0173 aliejaus.\" \/>\n<meta name=\"robots\" content=\"index, follow, max-snippet:-1, max-image-preview:large, max-video-preview:-1\" \/>\n<link rel=\"canonical\" href=\"https:\/\/medicinasinc.com\/lt\/product\/pirkti-100mg-thc-kanapiu-seklu-aliejaus-kapsules\/\" \/>\n<meta property=\"og:locale\" content=\"en_US\" \/>\n<meta property=\"og:type\" content=\"article\" \/>\n<meta property=\"og:title\" content=\"Pirkite 100 mg THC kanapi\u0173 s\u0117kl\u0173 aliejaus kapsules \u2013 geriausius pasaulinius vaistus\" \/>\n<meta property=\"og:description\" content=\"Parduodamos 100 mg THC kanapi\u0173 s\u0117kl\u0173 aliejaus kapsul\u0117s yra pagamintos i\u0161 viso kanapi\u0173 augalo ir yra daug terpen\u0173. \u0160iose kapsul\u0117se yra auk\u0161\u010diausios kokyb\u0117s THC ir kanapi\u0173 s\u0117kl\u0173 aliejaus.\" \/>\n<meta property=\"og:url\" content=\"https:\/\/medicinasinc.com\/lt\/product\/pirkti-100mg-thc-kanapiu-seklu-aliejaus-kapsules\/\" \/>\n<meta property=\"og:site_name\" content=\"Medicinas Inc\" \/>\n<meta property=\"article:modified_time\" content=\"2022-03-20T12:44:29+00:00\" \/>\n<meta property=\"og:image\" content=\"https:\/\/medicinasinc.com\/lt\/wp-content\/uploads\/sites\/9\/2022\/02\/Buy-100mg-THC-Hemp-Seed-Oil-Capsules-2.jpg\" \/>\n\t<meta property=\"og:image:width\" content=\"344\" \/>\n\t<meta property=\"og:image:height\" content=\"400\" \/>\n\t<meta property=\"og:image:type\" content=\"image\/jpeg\" \/>\n<meta name=\"twitter:card\" content=\"summary_large_image\" \/>\n<meta name=\"twitter:label1\" content=\"Est. reading time\" \/>\n\t<meta name=\"twitter:data1\" content=\"1 minute\" \/>\n<script type=\"application\/ld+json\" class=\"yoast-schema-graph\">{\"@context\":\"https:\\\/\\\/schema.org\",\"@graph\":[{\"@type\":\"WebPage\",\"@id\":\"https:\\\/\\\/medicinasinc.com\\\/lt\\\/product\\\/pirkti-100mg-thc-kanapiu-seklu-aliejaus-kapsules\\\/\",\"url\":\"https:\\\/\\\/medicinasinc.com\\\/lt\\\/product\\\/pirkti-100mg-thc-kanapiu-seklu-aliejaus-kapsules\\\/\",\"name\":\"Pirkite 100 mg THC kanapi\u0173 s\u0117kl\u0173 aliejaus kapsules \u2013 geriausius pasaulinius vaistus\",\"isPartOf\":{\"@id\":\"https:\\\/\\\/medicinasinc.com\\\/lt\\\/#website\"},\"primaryImageOfPage\":{\"@id\":\"https:\\\/\\\/medicinasinc.com\\\/lt\\\/product\\\/pirkti-100mg-thc-kanapiu-seklu-aliejaus-kapsules\\\/#primaryimage\"},\"image\":{\"@id\":\"https:\\\/\\\/medicinasinc.com\\\/lt\\\/product\\\/pirkti-100mg-thc-kanapiu-seklu-aliejaus-kapsules\\\/#primaryimage\"},\"thumbnailUrl\":\"https:\\\/\\\/medicinasinc.com\\\/lt\\\/wp-content\\\/uploads\\\/sites\\\/9\\\/2022\\\/02\\\/Buy-100mg-THC-Hemp-Seed-Oil-Capsules-2.jpg\",\"datePublished\":\"2022-02-20T08:26:46+00:00\",\"dateModified\":\"2022-03-20T12:44:29+00:00\",\"description\":\"Parduodamos 100 mg THC kanapi\u0173 s\u0117kl\u0173 aliejaus kapsul\u0117s yra pagamintos i\u0161 viso kanapi\u0173 augalo ir yra daug terpen\u0173. \u0160iose kapsul\u0117se yra auk\u0161\u010diausios kokyb\u0117s THC ir kanapi\u0173 s\u0117kl\u0173 aliejaus.\",\"breadcrumb\":{\"@id\":\"https:\\\/\\\/medicinasinc.com\\\/lt\\\/product\\\/pirkti-100mg-thc-kanapiu-seklu-aliejaus-kapsules\\\/#breadcrumb\"},\"inLanguage\":\"en-US\",\"potentialAction\":[{\"@type\":\"ReadAction\",\"target\":[\"https:\\\/\\\/medicinasinc.com\\\/lt\\\/product\\\/pirkti-100mg-thc-kanapiu-seklu-aliejaus-kapsules\\\/\"]}]},{\"@type\":\"ImageObject\",\"inLanguage\":\"en-US\",\"@id\":\"https:\\\/\\\/medicinasinc.com\\\/lt\\\/product\\\/pirkti-100mg-thc-kanapiu-seklu-aliejaus-kapsules\\\/#primaryimage\",\"url\":\"https:\\\/\\\/medicinasinc.com\\\/lt\\\/wp-content\\\/uploads\\\/sites\\\/9\\\/2022\\\/02\\\/Buy-100mg-THC-Hemp-Seed-Oil-Capsules-2.jpg\",\"contentUrl\":\"https:\\\/\\\/medicinasinc.com\\\/lt\\\/wp-content\\\/uploads\\\/sites\\\/9\\\/2022\\\/02\\\/Buy-100mg-THC-Hemp-Seed-Oil-Capsules-2.jpg\",\"width\":344,\"height\":400},{\"@type\":\"BreadcrumbList\",\"@id\":\"https:\\\/\\\/medicinasinc.com\\\/lt\\\/product\\\/pirkti-100mg-thc-kanapiu-seklu-aliejaus-kapsules\\\/#breadcrumb\",\"itemListElement\":[{\"@type\":\"ListItem\",\"position\":1,\"name\":\"Parduotuv\u0117\",\"item\":\"https:\\\/\\\/medicinasinc.com\\\/lt\\\/parduotuve\\\/\"},{\"@type\":\"ListItem\",\"position\":2,\"name\":\"Pirkite 100 mg THC kanapi\u0173 s\u0117kl\u0173 aliejaus kapsules\"}]},{\"@type\":\"WebSite\",\"@id\":\"https:\\\/\\\/medicinasinc.com\\\/lt\\\/#website\",\"url\":\"https:\\\/\\\/medicinasinc.com\\\/lt\\\/\",\"name\":\"Medicinas Inc\",\"description\":\"Sveikatos medicinos klinika\",\"potentialAction\":[{\"@type\":\"SearchAction\",\"target\":{\"@type\":\"EntryPoint\",\"urlTemplate\":\"https:\\\/\\\/medicinasinc.com\\\/lt\\\/?s={search_term_string}\"},\"query-input\":{\"@type\":\"PropertyValueSpecification\",\"valueRequired\":true,\"valueName\":\"search_term_string\"}}],\"inLanguage\":\"en-US\"}]}<\/script>\n<!-- \/ Yoast SEO plugin. -->","yoast_head_json":{"title":"Pirkite 100 mg THC kanapi\u0173 s\u0117kl\u0173 aliejaus kapsules \u2013 geriausius pasaulinius vaistus","description":"Parduodamos 100 mg THC kanapi\u0173 s\u0117kl\u0173 aliejaus kapsul\u0117s yra pagamintos i\u0161 viso kanapi\u0173 augalo ir yra daug terpen\u0173. \u0160iose kapsul\u0117se yra auk\u0161\u010diausios kokyb\u0117s THC ir kanapi\u0173 s\u0117kl\u0173 aliejaus.","robots":{"index":"index","follow":"follow","max-snippet":"max-snippet:-1","max-image-preview":"max-image-preview:large","max-video-preview":"max-video-preview:-1"},"canonical":"https:\/\/medicinasinc.com\/lt\/product\/pirkti-100mg-thc-kanapiu-seklu-aliejaus-kapsules\/","og_locale":"en_US","og_type":"article","og_title":"Pirkite 100 mg THC kanapi\u0173 s\u0117kl\u0173 aliejaus kapsules \u2013 geriausius pasaulinius vaistus","og_description":"Parduodamos 100 mg THC kanapi\u0173 s\u0117kl\u0173 aliejaus kapsul\u0117s yra pagamintos i\u0161 viso kanapi\u0173 augalo ir yra daug terpen\u0173. \u0160iose kapsul\u0117se yra auk\u0161\u010diausios kokyb\u0117s THC ir kanapi\u0173 s\u0117kl\u0173 aliejaus.","og_url":"https:\/\/medicinasinc.com\/lt\/product\/pirkti-100mg-thc-kanapiu-seklu-aliejaus-kapsules\/","og_site_name":"Medicinas Inc","article_modified_time":"2022-03-20T12:44:29+00:00","og_image":[{"width":344,"height":400,"url":"https:\/\/medicinasinc.com\/lt\/wp-content\/uploads\/sites\/9\/2022\/02\/Buy-100mg-THC-Hemp-Seed-Oil-Capsules-2.jpg","type":"image\/jpeg"}],"twitter_card":"summary_large_image","twitter_misc":{"Est. reading time":"1 minute"},"schema":{"@context":"https:\/\/schema.org","@graph":[{"@type":"WebPage","@id":"https:\/\/medicinasinc.com\/lt\/product\/pirkti-100mg-thc-kanapiu-seklu-aliejaus-kapsules\/","url":"https:\/\/medicinasinc.com\/lt\/product\/pirkti-100mg-thc-kanapiu-seklu-aliejaus-kapsules\/","name":"Pirkite 100 mg THC kanapi\u0173 s\u0117kl\u0173 aliejaus kapsules \u2013 geriausius pasaulinius vaistus","isPartOf":{"@id":"https:\/\/medicinasinc.com\/lt\/#website"},"primaryImageOfPage":{"@id":"https:\/\/medicinasinc.com\/lt\/product\/pirkti-100mg-thc-kanapiu-seklu-aliejaus-kapsules\/#primaryimage"},"image":{"@id":"https:\/\/medicinasinc.com\/lt\/product\/pirkti-100mg-thc-kanapiu-seklu-aliejaus-kapsules\/#primaryimage"},"thumbnailUrl":"https:\/\/medicinasinc.com\/lt\/wp-content\/uploads\/sites\/9\/2022\/02\/Buy-100mg-THC-Hemp-Seed-Oil-Capsules-2.jpg","datePublished":"2022-02-20T08:26:46+00:00","dateModified":"2022-03-20T12:44:29+00:00","description":"Parduodamos 100 mg THC kanapi\u0173 s\u0117kl\u0173 aliejaus kapsul\u0117s yra pagamintos i\u0161 viso kanapi\u0173 augalo ir yra daug terpen\u0173. \u0160iose kapsul\u0117se yra auk\u0161\u010diausios kokyb\u0117s THC ir kanapi\u0173 s\u0117kl\u0173 aliejaus.","breadcrumb":{"@id":"https:\/\/medicinasinc.com\/lt\/product\/pirkti-100mg-thc-kanapiu-seklu-aliejaus-kapsules\/#breadcrumb"},"inLanguage":"en-US","potentialAction":[{"@type":"ReadAction","target":["https:\/\/medicinasinc.com\/lt\/product\/pirkti-100mg-thc-kanapiu-seklu-aliejaus-kapsules\/"]}]},{"@type":"ImageObject","inLanguage":"en-US","@id":"https:\/\/medicinasinc.com\/lt\/product\/pirkti-100mg-thc-kanapiu-seklu-aliejaus-kapsules\/#primaryimage","url":"https:\/\/medicinasinc.com\/lt\/wp-content\/uploads\/sites\/9\/2022\/02\/Buy-100mg-THC-Hemp-Seed-Oil-Capsules-2.jpg","contentUrl":"https:\/\/medicinasinc.com\/lt\/wp-content\/uploads\/sites\/9\/2022\/02\/Buy-100mg-THC-Hemp-Seed-Oil-Capsules-2.jpg","width":344,"height":400},{"@type":"BreadcrumbList","@id":"https:\/\/medicinasinc.com\/lt\/product\/pirkti-100mg-thc-kanapiu-seklu-aliejaus-kapsules\/#breadcrumb","itemListElement":[{"@type":"ListItem","position":1,"name":"Parduotuv\u0117","item":"https:\/\/medicinasinc.com\/lt\/parduotuve\/"},{"@type":"ListItem","position":2,"name":"Pirkite 100 mg THC kanapi\u0173 s\u0117kl\u0173 aliejaus kapsules"}]},{"@type":"WebSite","@id":"https:\/\/medicinasinc.com\/lt\/#website","url":"https:\/\/medicinasinc.com\/lt\/","name":"Medicinas Inc","description":"Sveikatos medicinos klinika","potentialAction":[{"@type":"SearchAction","target":{"@type":"EntryPoint","urlTemplate":"https:\/\/medicinasinc.com\/lt\/?s={search_term_string}"},"query-input":{"@type":"PropertyValueSpecification","valueRequired":true,"valueName":"search_term_string"}}],"inLanguage":"en-US"}]}},"_links":{"self":[{"href":"https:\/\/medicinasinc.com\/lt\/wp-json\/wp\/v2\/product\/4333","targetHints":{"allow":["GET"]}}],"collection":[{"href":"https:\/\/medicinasinc.com\/lt\/wp-json\/wp\/v2\/product"}],"about":[{"href":"https:\/\/medicinasinc.com\/lt\/wp-json\/wp\/v2\/types\/product"}],"replies":[{"embeddable":true,"href":"https:\/\/medicinasinc.com\/lt\/wp-json\/wp\/v2\/comments?post=4333"}],"wp:featuredmedia":[{"embeddable":true,"href":"https:\/\/medicinasinc.com\/lt\/wp-json\/wp\/v2\/media\/4365"}],"wp:attachment":[{"href":"https:\/\/medicinasinc.com\/lt\/wp-json\/wp\/v2\/media?parent=4333"}],"wp:term":[{"taxonomy":"product_brand","embeddable":true,"href":"https:\/\/medicinasinc.com\/lt\/wp-json\/wp\/v2\/product_brand?post=4333"},{"taxonomy":"product_cat","embeddable":true,"href":"https:\/\/medicinasinc.com\/lt\/wp-json\/wp\/v2\/product_cat?post=4333"},{"taxonomy":"product_tag","embeddable":true,"href":"https:\/\/medicinasinc.com\/lt\/wp-json\/wp\/v2\/product_tag?post=4333"}],"curies":[{"name":"wp","href":"https:\/\/api.w.org\/{rel}","templated":true}]}}