{"id":4332,"date":"2022-02-20T08:26:42","date_gmt":"2022-02-20T08:26:42","guid":{"rendered":"https:\/\/medicinasinc.com\/lt\/?post_type=product&#038;p=4332"},"modified":"2022-03-20T12:44:40","modified_gmt":"2022-03-20T12:44:40","slug":"pirkti-1000mg-thc-kvapiosios-tinkturos-keey","status":"publish","type":"product","link":"https:\/\/medicinasinc.com\/lt\/product\/pirkti-1000mg-thc-kvapiosios-tinkturos-keey\/","title":{"rendered":"Pirkite 1000 mg THC skonio tinkt\u016bros \u2013 \u201eKeey\u201c."},"content":{"rendered":"<h1>\u012esigykite 1000 mg THC skonio tinkt\u016bros \u2013 Keey<\/h1>\n<p>Rim\u0117m\u0117\u010di\u0173, m\u0117lyni\u0173, vy\u0161ni\u0173, \u017eali\u0173 obuoli\u0173, mang\u0173, apelsin\u0173, bra\u0161ki\u0173, arb\u016bz\u0173<\/p>\n","protected":false},"excerpt":{"rendered":"<p>Pirkite 1000 mg THC skonio tinkt\u016bros &#8211; \u201eKeey\u201c parduodamas internetu Europoje, JK i\u0161 did\u017eiausios internetin\u0117s vaistin\u0117s \u201eBuy My Weed Online\u201c.<\/p>\n<ul>\n<li>Pristatymas visame pasaulyje<\/li>\n<li>Minimalus u\u017esakymo kiekis \u2013 5 buteliai<\/li>\n<li> D\u0117l didesni\u0173 u\u017esakym\u0173 susisiekite su mumis<\/li>\n<\/ul>\n","protected":false},"featured_media":4362,"comment_status":"open","ping_status":"closed","template":"","meta":[],"product_brand":[],"product_cat":[440],"product_tag":[],"class_list":{"0":"post-4332","1":"product","2":"type-product","3":"status-publish","4":"has-post-thumbnail","6":"product_cat-pirkti-kanapi-cbd-aliej","8":"first","9":"instock","10":"shipping-taxable","11":"purchasable","12":"product-type-simple"},"yoast_head":"<!-- This site is optimized with the Yoast SEO plugin v27.3 - https:\/\/yoast.com\/product\/yoast-seo-wordpress\/ -->\n<title>Pirkite 1000 mg THC skonio tinkt\u016bros \u2013 \u201eKeey\u201c \u2013 geriausius pasaulinius vaistus<\/title>\n<meta name=\"description\" content=\"Pirkite 1000 mg THC aromatizuot\u0105 tinkt\u016br\u0105 \u2013 \u201eKeey\u201c pardavimui internetu Europoje, JK i\u0161 did\u017eiausios internetin\u0117s ambulatorijos \u201eBuy My Weed Online\u201c.\" \/>\n<meta name=\"robots\" content=\"index, follow, max-snippet:-1, max-image-preview:large, max-video-preview:-1\" \/>\n<link rel=\"canonical\" href=\"https:\/\/medicinasinc.com\/lt\/product\/pirkti-1000mg-thc-kvapiosios-tinkturos-keey\/\" \/>\n<meta property=\"og:locale\" content=\"en_US\" \/>\n<meta property=\"og:type\" content=\"article\" \/>\n<meta property=\"og:title\" content=\"Pirkite 1000 mg THC skonio tinkt\u016bros \u2013 \u201eKeey\u201c \u2013 geriausius pasaulinius vaistus\" \/>\n<meta property=\"og:description\" content=\"Pirkite 1000 mg THC aromatizuot\u0105 tinkt\u016br\u0105 \u2013 \u201eKeey\u201c pardavimui internetu Europoje, JK i\u0161 did\u017eiausios internetin\u0117s ambulatorijos \u201eBuy My Weed Online\u201c.\" \/>\n<meta property=\"og:url\" content=\"https:\/\/medicinasinc.com\/lt\/product\/pirkti-1000mg-thc-kvapiosios-tinkturos-keey\/\" \/>\n<meta property=\"og:site_name\" content=\"Medicinas Inc\" \/>\n<meta property=\"article:modified_time\" content=\"2022-03-20T12:44:40+00:00\" \/>\n<meta property=\"og:image\" content=\"https:\/\/medicinasinc.com\/lt\/wp-content\/uploads\/sites\/9\/2022\/02\/Buy-1000mg-THC-Flavoured-Tincture.jpg\" \/>\n\t<meta property=\"og:image:width\" content=\"600\" \/>\n\t<meta property=\"og:image:height\" content=\"600\" \/>\n\t<meta property=\"og:image:type\" content=\"image\/jpeg\" \/>\n<meta name=\"twitter:card\" content=\"summary_large_image\" \/>\n<meta name=\"twitter:label1\" content=\"Est. reading time\" \/>\n\t<meta name=\"twitter:data1\" content=\"1 minute\" \/>\n<script type=\"application\/ld+json\" class=\"yoast-schema-graph\">{\"@context\":\"https:\\\/\\\/schema.org\",\"@graph\":[{\"@type\":\"WebPage\",\"@id\":\"https:\\\/\\\/medicinasinc.com\\\/lt\\\/product\\\/pirkti-1000mg-thc-kvapiosios-tinkturos-keey\\\/\",\"url\":\"https:\\\/\\\/medicinasinc.com\\\/lt\\\/product\\\/pirkti-1000mg-thc-kvapiosios-tinkturos-keey\\\/\",\"name\":\"Pirkite 1000 mg THC skonio tinkt\u016bros \u2013 \u201eKeey\u201c \u2013 geriausius pasaulinius vaistus\",\"isPartOf\":{\"@id\":\"https:\\\/\\\/medicinasinc.com\\\/lt\\\/#website\"},\"primaryImageOfPage\":{\"@id\":\"https:\\\/\\\/medicinasinc.com\\\/lt\\\/product\\\/pirkti-1000mg-thc-kvapiosios-tinkturos-keey\\\/#primaryimage\"},\"image\":{\"@id\":\"https:\\\/\\\/medicinasinc.com\\\/lt\\\/product\\\/pirkti-1000mg-thc-kvapiosios-tinkturos-keey\\\/#primaryimage\"},\"thumbnailUrl\":\"https:\\\/\\\/medicinasinc.com\\\/lt\\\/wp-content\\\/uploads\\\/sites\\\/9\\\/2022\\\/02\\\/Buy-1000mg-THC-Flavoured-Tincture.jpg\",\"datePublished\":\"2022-02-20T08:26:42+00:00\",\"dateModified\":\"2022-03-20T12:44:40+00:00\",\"description\":\"Pirkite 1000 mg THC aromatizuot\u0105 tinkt\u016br\u0105 \u2013 \u201eKeey\u201c pardavimui internetu Europoje, JK i\u0161 did\u017eiausios internetin\u0117s ambulatorijos \u201eBuy My Weed Online\u201c.\",\"breadcrumb\":{\"@id\":\"https:\\\/\\\/medicinasinc.com\\\/lt\\\/product\\\/pirkti-1000mg-thc-kvapiosios-tinkturos-keey\\\/#breadcrumb\"},\"inLanguage\":\"en-US\",\"potentialAction\":[{\"@type\":\"ReadAction\",\"target\":[\"https:\\\/\\\/medicinasinc.com\\\/lt\\\/product\\\/pirkti-1000mg-thc-kvapiosios-tinkturos-keey\\\/\"]}]},{\"@type\":\"ImageObject\",\"inLanguage\":\"en-US\",\"@id\":\"https:\\\/\\\/medicinasinc.com\\\/lt\\\/product\\\/pirkti-1000mg-thc-kvapiosios-tinkturos-keey\\\/#primaryimage\",\"url\":\"https:\\\/\\\/medicinasinc.com\\\/lt\\\/wp-content\\\/uploads\\\/sites\\\/9\\\/2022\\\/02\\\/Buy-1000mg-THC-Flavoured-Tincture.jpg\",\"contentUrl\":\"https:\\\/\\\/medicinasinc.com\\\/lt\\\/wp-content\\\/uploads\\\/sites\\\/9\\\/2022\\\/02\\\/Buy-1000mg-THC-Flavoured-Tincture.jpg\",\"width\":600,\"height\":600},{\"@type\":\"BreadcrumbList\",\"@id\":\"https:\\\/\\\/medicinasinc.com\\\/lt\\\/product\\\/pirkti-1000mg-thc-kvapiosios-tinkturos-keey\\\/#breadcrumb\",\"itemListElement\":[{\"@type\":\"ListItem\",\"position\":1,\"name\":\"Parduotuv\u0117\",\"item\":\"https:\\\/\\\/medicinasinc.com\\\/lt\\\/parduotuve\\\/\"},{\"@type\":\"ListItem\",\"position\":2,\"name\":\"Pirkite 1000 mg THC skonio tinkt\u016bros \u2013 \u201eKeey\u201c.\"}]},{\"@type\":\"WebSite\",\"@id\":\"https:\\\/\\\/medicinasinc.com\\\/lt\\\/#website\",\"url\":\"https:\\\/\\\/medicinasinc.com\\\/lt\\\/\",\"name\":\"Medicinas Inc\",\"description\":\"Sveikatos medicinos klinika\",\"potentialAction\":[{\"@type\":\"SearchAction\",\"target\":{\"@type\":\"EntryPoint\",\"urlTemplate\":\"https:\\\/\\\/medicinasinc.com\\\/lt\\\/?s={search_term_string}\"},\"query-input\":{\"@type\":\"PropertyValueSpecification\",\"valueRequired\":true,\"valueName\":\"search_term_string\"}}],\"inLanguage\":\"en-US\"}]}<\/script>\n<!-- \/ Yoast SEO plugin. -->","yoast_head_json":{"title":"Pirkite 1000 mg THC skonio tinkt\u016bros \u2013 \u201eKeey\u201c \u2013 geriausius pasaulinius vaistus","description":"Pirkite 1000 mg THC aromatizuot\u0105 tinkt\u016br\u0105 \u2013 \u201eKeey\u201c pardavimui internetu Europoje, JK i\u0161 did\u017eiausios internetin\u0117s ambulatorijos \u201eBuy My Weed Online\u201c.","robots":{"index":"index","follow":"follow","max-snippet":"max-snippet:-1","max-image-preview":"max-image-preview:large","max-video-preview":"max-video-preview:-1"},"canonical":"https:\/\/medicinasinc.com\/lt\/product\/pirkti-1000mg-thc-kvapiosios-tinkturos-keey\/","og_locale":"en_US","og_type":"article","og_title":"Pirkite 1000 mg THC skonio tinkt\u016bros \u2013 \u201eKeey\u201c \u2013 geriausius pasaulinius vaistus","og_description":"Pirkite 1000 mg THC aromatizuot\u0105 tinkt\u016br\u0105 \u2013 \u201eKeey\u201c pardavimui internetu Europoje, JK i\u0161 did\u017eiausios internetin\u0117s ambulatorijos \u201eBuy My Weed Online\u201c.","og_url":"https:\/\/medicinasinc.com\/lt\/product\/pirkti-1000mg-thc-kvapiosios-tinkturos-keey\/","og_site_name":"Medicinas Inc","article_modified_time":"2022-03-20T12:44:40+00:00","og_image":[{"width":600,"height":600,"url":"https:\/\/medicinasinc.com\/lt\/wp-content\/uploads\/sites\/9\/2022\/02\/Buy-1000mg-THC-Flavoured-Tincture.jpg","type":"image\/jpeg"}],"twitter_card":"summary_large_image","twitter_misc":{"Est. reading time":"1 minute"},"schema":{"@context":"https:\/\/schema.org","@graph":[{"@type":"WebPage","@id":"https:\/\/medicinasinc.com\/lt\/product\/pirkti-1000mg-thc-kvapiosios-tinkturos-keey\/","url":"https:\/\/medicinasinc.com\/lt\/product\/pirkti-1000mg-thc-kvapiosios-tinkturos-keey\/","name":"Pirkite 1000 mg THC skonio tinkt\u016bros \u2013 \u201eKeey\u201c \u2013 geriausius pasaulinius vaistus","isPartOf":{"@id":"https:\/\/medicinasinc.com\/lt\/#website"},"primaryImageOfPage":{"@id":"https:\/\/medicinasinc.com\/lt\/product\/pirkti-1000mg-thc-kvapiosios-tinkturos-keey\/#primaryimage"},"image":{"@id":"https:\/\/medicinasinc.com\/lt\/product\/pirkti-1000mg-thc-kvapiosios-tinkturos-keey\/#primaryimage"},"thumbnailUrl":"https:\/\/medicinasinc.com\/lt\/wp-content\/uploads\/sites\/9\/2022\/02\/Buy-1000mg-THC-Flavoured-Tincture.jpg","datePublished":"2022-02-20T08:26:42+00:00","dateModified":"2022-03-20T12:44:40+00:00","description":"Pirkite 1000 mg THC aromatizuot\u0105 tinkt\u016br\u0105 \u2013 \u201eKeey\u201c pardavimui internetu Europoje, JK i\u0161 did\u017eiausios internetin\u0117s ambulatorijos \u201eBuy My Weed Online\u201c.","breadcrumb":{"@id":"https:\/\/medicinasinc.com\/lt\/product\/pirkti-1000mg-thc-kvapiosios-tinkturos-keey\/#breadcrumb"},"inLanguage":"en-US","potentialAction":[{"@type":"ReadAction","target":["https:\/\/medicinasinc.com\/lt\/product\/pirkti-1000mg-thc-kvapiosios-tinkturos-keey\/"]}]},{"@type":"ImageObject","inLanguage":"en-US","@id":"https:\/\/medicinasinc.com\/lt\/product\/pirkti-1000mg-thc-kvapiosios-tinkturos-keey\/#primaryimage","url":"https:\/\/medicinasinc.com\/lt\/wp-content\/uploads\/sites\/9\/2022\/02\/Buy-1000mg-THC-Flavoured-Tincture.jpg","contentUrl":"https:\/\/medicinasinc.com\/lt\/wp-content\/uploads\/sites\/9\/2022\/02\/Buy-1000mg-THC-Flavoured-Tincture.jpg","width":600,"height":600},{"@type":"BreadcrumbList","@id":"https:\/\/medicinasinc.com\/lt\/product\/pirkti-1000mg-thc-kvapiosios-tinkturos-keey\/#breadcrumb","itemListElement":[{"@type":"ListItem","position":1,"name":"Parduotuv\u0117","item":"https:\/\/medicinasinc.com\/lt\/parduotuve\/"},{"@type":"ListItem","position":2,"name":"Pirkite 1000 mg THC skonio tinkt\u016bros \u2013 \u201eKeey\u201c."}]},{"@type":"WebSite","@id":"https:\/\/medicinasinc.com\/lt\/#website","url":"https:\/\/medicinasinc.com\/lt\/","name":"Medicinas Inc","description":"Sveikatos medicinos klinika","potentialAction":[{"@type":"SearchAction","target":{"@type":"EntryPoint","urlTemplate":"https:\/\/medicinasinc.com\/lt\/?s={search_term_string}"},"query-input":{"@type":"PropertyValueSpecification","valueRequired":true,"valueName":"search_term_string"}}],"inLanguage":"en-US"}]}},"_links":{"self":[{"href":"https:\/\/medicinasinc.com\/lt\/wp-json\/wp\/v2\/product\/4332","targetHints":{"allow":["GET"]}}],"collection":[{"href":"https:\/\/medicinasinc.com\/lt\/wp-json\/wp\/v2\/product"}],"about":[{"href":"https:\/\/medicinasinc.com\/lt\/wp-json\/wp\/v2\/types\/product"}],"replies":[{"embeddable":true,"href":"https:\/\/medicinasinc.com\/lt\/wp-json\/wp\/v2\/comments?post=4332"}],"wp:featuredmedia":[{"embeddable":true,"href":"https:\/\/medicinasinc.com\/lt\/wp-json\/wp\/v2\/media\/4362"}],"wp:attachment":[{"href":"https:\/\/medicinasinc.com\/lt\/wp-json\/wp\/v2\/media?parent=4332"}],"wp:term":[{"taxonomy":"product_brand","embeddable":true,"href":"https:\/\/medicinasinc.com\/lt\/wp-json\/wp\/v2\/product_brand?post=4332"},{"taxonomy":"product_cat","embeddable":true,"href":"https:\/\/medicinasinc.com\/lt\/wp-json\/wp\/v2\/product_cat?post=4332"},{"taxonomy":"product_tag","embeddable":true,"href":"https:\/\/medicinasinc.com\/lt\/wp-json\/wp\/v2\/product_tag?post=4332"}],"curies":[{"name":"wp","href":"https:\/\/api.w.org\/{rel}","templated":true}]}}