{"id":4327,"date":"2022-02-20T08:26:03","date_gmt":"2022-02-20T08:26:03","guid":{"rendered":"https:\/\/medicinasinc.com\/lt\/?post_type=product&#038;p=4327"},"modified":"2022-03-20T12:44:48","modified_gmt":"2022-03-20T12:44:48","slug":"distiliatas-tinktura-1000mg-thc-zalia-deive","status":"publish","type":"product","link":"https:\/\/medicinasinc.com\/lt\/product\/distiliatas-tinktura-1000mg-thc-zalia-deive\/","title":{"rendered":"Distiliato tinkt\u016bra \u2013 1000mg THC \u2013 \u017dalioji deiv\u0117"},"content":{"rendered":"<p>Green Goddess \u2013 1000mg THC tinkt\u016bra<\/p>\n<p>Green Goddess Tinkt\u016bros la\u0161ai turi kelet\u0105 prana\u0161um\u0173, palyginti su kitais medicinini\u0173 kanabinoid\u0173 skyrimo b\u016bdais: 30 ml indelis su paprasta naudoti la\u0161eliniu b\u016bdu leid\u017eia tiksliai ir patikimai dozuoti po lie\u017euviu. Burnos gleivin\u0117 palengvina greit\u0105 ir nuosekl\u0173 absorbcij\u0105 \u012f krauj\u0105. Vir\u0161kinimo sistema ir kepenys nedalyvauja apdorojant \u0161ias tinkt\u016bras, nes jos yra su per burn\u0105 vartojamais kanabinoidais, esan\u010diais valgomuosiuose produktuose. Diskreti\u0161kas ir idealus ner\u016bkantiems, ie\u0161kantiems THC naudos, bet neturintiems r\u016bkyti b\u016btino kv\u0117pavimo paj\u0117gumo.<\/p>\n<p>Pagaminta naudojant viso kanapi\u0173 augalo ekstrakt\u0105. Prid\u0117jome visi\u0161kai nat\u016bralaus C8+C10 aliejaus, 100 procent\u0173 ekologi\u0161ko kokoso \u0161altinio stipri\u0173 vidutin\u0117s grandin\u0117s riebal\u0173 r\u016bg\u0161\u010di\u0173, kurios padeda k\u016bnui ir protui veikti geriausiai. Prid\u0117ta nat\u016brali\u0173 kvapi\u0173j\u0173 med\u017eiag\u0173.<\/p>\n<p>Ingredientai:<\/p>\n<p>MCT aliejus, u\u017epiltas viso kanapi\u0173 augalo ekstraktu (THC)<\/p>\n<p>Naudojimo pasi\u016blymai<\/p>\n<p>1 -2 la\u0161intuvus kas tris ar keturias valandas, la\u0161inkite po lie\u017euviu ir palaikykite 30 sekund\u017ei\u0173, kad palengv\u0117t\u0173. Nor\u0117dami nustatyti tinkam\u0105 doz\u0119, pasitarkite su gydytoju. Nerekomenduojama vartoti tu\u0161\u010diu skrand\u017eiu.<\/p>\n","protected":false},"excerpt":{"rendered":"<p>M\u016bs\u0173 auk\u0161\u010diausios kokyb\u0117s CBD distiliatas 1000 mg THC tinkt\u016bros kanapi\u0173 aliejuje yra 1000 mg CBD, i\u0161gaut\u0173 i\u0161 Kolorado valstijoje u\u017eaugint\u0173 ekologi\u0161k\u0173 kanapi\u0173. Kasdien vartokite \u0161i\u0105 tinkt\u016br\u0105, kad sveikatintum\u0117te augalus!<\/p>\n<ul>\n<li>Pristatymas visame pasaulyje<\/li>\n<li>1000 mg THC 30 ml<\/li>\n<li>Minimalus u\u017esakymo kiekis yra 5<\/li>\n<li>D\u0117l didesni\u0173 u\u017esakym\u0173 susisiekite su mumis<\/li>\n<\/ul>\n","protected":false},"featured_media":4357,"comment_status":"open","ping_status":"closed","template":"","meta":[],"product_brand":[],"product_cat":[440],"product_tag":[],"class_list":{"0":"post-4327","1":"product","2":"type-product","3":"status-publish","4":"has-post-thumbnail","6":"product_cat-pirkti-kanapi-cbd-aliej","8":"first","9":"instock","10":"shipping-taxable","11":"purchasable","12":"product-type-variable","13":"has-default-attributes"},"yoast_head":"<!-- This site is optimized with the Yoast SEO plugin v27.3 - https:\/\/yoast.com\/product\/yoast-seo-wordpress\/ -->\n<title>Distiliatas 1000 mg THC tinkt\u016bros \u2013 \u017ealioji deiv\u0117 \u2013 geriausi pasaulyje vaistai<\/title>\n<meta name=\"description\" content=\"M\u016bs\u0173 auk\u0161\u010diausios kokyb\u0117s CBD distiliatas 1000 mg THC tinkt\u016bros kanapi\u0173 aliejus turi 1000 mg CBD, i\u0161gaut\u0173 i\u0161 Kolorado valstijoje u\u017eaugint\u0173 ekologi\u0161k\u0173 kanapi\u0173. Kasdien vartokite \u0161i\u0105 tinkt\u016br\u0105, kad sveikatintum\u0117te augalus!\" \/>\n<meta name=\"robots\" content=\"index, follow, max-snippet:-1, max-image-preview:large, max-video-preview:-1\" \/>\n<link rel=\"canonical\" href=\"https:\/\/medicinasinc.com\/lt\/product\/distiliatas-tinktura-1000mg-thc-zalia-deive\/\" \/>\n<meta property=\"og:locale\" content=\"en_US\" \/>\n<meta property=\"og:type\" content=\"article\" \/>\n<meta property=\"og:title\" content=\"Distiliatas 1000 mg THC tinkt\u016bros \u2013 \u017ealioji deiv\u0117 \u2013 geriausi pasaulyje vaistai\" \/>\n<meta property=\"og:description\" content=\"M\u016bs\u0173 auk\u0161\u010diausios kokyb\u0117s CBD distiliatas 1000 mg THC tinkt\u016bros kanapi\u0173 aliejus turi 1000 mg CBD, i\u0161gaut\u0173 i\u0161 Kolorado valstijoje u\u017eaugint\u0173 ekologi\u0161k\u0173 kanapi\u0173. Kasdien vartokite \u0161i\u0105 tinkt\u016br\u0105, kad sveikatintum\u0117te augalus!\" \/>\n<meta property=\"og:url\" content=\"https:\/\/medicinasinc.com\/lt\/product\/distiliatas-tinktura-1000mg-thc-zalia-deive\/\" \/>\n<meta property=\"og:site_name\" content=\"Medicinas Inc\" \/>\n<meta property=\"article:modified_time\" content=\"2022-03-20T12:44:48+00:00\" \/>\n<meta property=\"og:image\" content=\"https:\/\/medicinasinc.com\/lt\/wp-content\/uploads\/sites\/9\/2022\/02\/1000mg-THC-Tincture.jpg\" \/>\n\t<meta property=\"og:image:width\" content=\"600\" \/>\n\t<meta property=\"og:image:height\" content=\"600\" \/>\n\t<meta property=\"og:image:type\" content=\"image\/jpeg\" \/>\n<meta name=\"twitter:card\" content=\"summary_large_image\" \/>\n<meta name=\"twitter:label1\" content=\"Est. reading time\" \/>\n\t<meta name=\"twitter:data1\" content=\"1 minute\" \/>\n<script type=\"application\/ld+json\" class=\"yoast-schema-graph\">{\"@context\":\"https:\\\/\\\/schema.org\",\"@graph\":[{\"@type\":\"WebPage\",\"@id\":\"https:\\\/\\\/medicinasinc.com\\\/lt\\\/product\\\/distiliatas-tinktura-1000mg-thc-zalia-deive\\\/\",\"url\":\"https:\\\/\\\/medicinasinc.com\\\/lt\\\/product\\\/distiliatas-tinktura-1000mg-thc-zalia-deive\\\/\",\"name\":\"Distiliatas 1000 mg THC tinkt\u016bros \u2013 \u017ealioji deiv\u0117 \u2013 geriausi pasaulyje vaistai\",\"isPartOf\":{\"@id\":\"https:\\\/\\\/medicinasinc.com\\\/lt\\\/#website\"},\"primaryImageOfPage\":{\"@id\":\"https:\\\/\\\/medicinasinc.com\\\/lt\\\/product\\\/distiliatas-tinktura-1000mg-thc-zalia-deive\\\/#primaryimage\"},\"image\":{\"@id\":\"https:\\\/\\\/medicinasinc.com\\\/lt\\\/product\\\/distiliatas-tinktura-1000mg-thc-zalia-deive\\\/#primaryimage\"},\"thumbnailUrl\":\"https:\\\/\\\/medicinasinc.com\\\/lt\\\/wp-content\\\/uploads\\\/sites\\\/9\\\/2022\\\/02\\\/1000mg-THC-Tincture.jpg\",\"datePublished\":\"2022-02-20T08:26:03+00:00\",\"dateModified\":\"2022-03-20T12:44:48+00:00\",\"description\":\"M\u016bs\u0173 auk\u0161\u010diausios kokyb\u0117s CBD distiliatas 1000 mg THC tinkt\u016bros kanapi\u0173 aliejus turi 1000 mg CBD, i\u0161gaut\u0173 i\u0161 Kolorado valstijoje u\u017eaugint\u0173 ekologi\u0161k\u0173 kanapi\u0173. Kasdien vartokite \u0161i\u0105 tinkt\u016br\u0105, kad sveikatintum\u0117te augalus!\",\"breadcrumb\":{\"@id\":\"https:\\\/\\\/medicinasinc.com\\\/lt\\\/product\\\/distiliatas-tinktura-1000mg-thc-zalia-deive\\\/#breadcrumb\"},\"inLanguage\":\"en-US\",\"potentialAction\":[{\"@type\":\"ReadAction\",\"target\":[\"https:\\\/\\\/medicinasinc.com\\\/lt\\\/product\\\/distiliatas-tinktura-1000mg-thc-zalia-deive\\\/\"]}]},{\"@type\":\"ImageObject\",\"inLanguage\":\"en-US\",\"@id\":\"https:\\\/\\\/medicinasinc.com\\\/lt\\\/product\\\/distiliatas-tinktura-1000mg-thc-zalia-deive\\\/#primaryimage\",\"url\":\"https:\\\/\\\/medicinasinc.com\\\/lt\\\/wp-content\\\/uploads\\\/sites\\\/9\\\/2022\\\/02\\\/1000mg-THC-Tincture.jpg\",\"contentUrl\":\"https:\\\/\\\/medicinasinc.com\\\/lt\\\/wp-content\\\/uploads\\\/sites\\\/9\\\/2022\\\/02\\\/1000mg-THC-Tincture.jpg\",\"width\":600,\"height\":600},{\"@type\":\"BreadcrumbList\",\"@id\":\"https:\\\/\\\/medicinasinc.com\\\/lt\\\/product\\\/distiliatas-tinktura-1000mg-thc-zalia-deive\\\/#breadcrumb\",\"itemListElement\":[{\"@type\":\"ListItem\",\"position\":1,\"name\":\"Parduotuv\u0117\",\"item\":\"https:\\\/\\\/medicinasinc.com\\\/lt\\\/parduotuve\\\/\"},{\"@type\":\"ListItem\",\"position\":2,\"name\":\"Distiliato tinkt\u016bra \u2013 1000mg THC \u2013 \u017dalioji deiv\u0117\"}]},{\"@type\":\"WebSite\",\"@id\":\"https:\\\/\\\/medicinasinc.com\\\/lt\\\/#website\",\"url\":\"https:\\\/\\\/medicinasinc.com\\\/lt\\\/\",\"name\":\"Medicinas Inc\",\"description\":\"Sveikatos medicinos klinika\",\"potentialAction\":[{\"@type\":\"SearchAction\",\"target\":{\"@type\":\"EntryPoint\",\"urlTemplate\":\"https:\\\/\\\/medicinasinc.com\\\/lt\\\/?s={search_term_string}\"},\"query-input\":{\"@type\":\"PropertyValueSpecification\",\"valueRequired\":true,\"valueName\":\"search_term_string\"}}],\"inLanguage\":\"en-US\"}]}<\/script>\n<!-- \/ Yoast SEO plugin. -->","yoast_head_json":{"title":"Distiliatas 1000 mg THC tinkt\u016bros \u2013 \u017ealioji deiv\u0117 \u2013 geriausi pasaulyje vaistai","description":"M\u016bs\u0173 auk\u0161\u010diausios kokyb\u0117s CBD distiliatas 1000 mg THC tinkt\u016bros kanapi\u0173 aliejus turi 1000 mg CBD, i\u0161gaut\u0173 i\u0161 Kolorado valstijoje u\u017eaugint\u0173 ekologi\u0161k\u0173 kanapi\u0173. Kasdien vartokite \u0161i\u0105 tinkt\u016br\u0105, kad sveikatintum\u0117te augalus!","robots":{"index":"index","follow":"follow","max-snippet":"max-snippet:-1","max-image-preview":"max-image-preview:large","max-video-preview":"max-video-preview:-1"},"canonical":"https:\/\/medicinasinc.com\/lt\/product\/distiliatas-tinktura-1000mg-thc-zalia-deive\/","og_locale":"en_US","og_type":"article","og_title":"Distiliatas 1000 mg THC tinkt\u016bros \u2013 \u017ealioji deiv\u0117 \u2013 geriausi pasaulyje vaistai","og_description":"M\u016bs\u0173 auk\u0161\u010diausios kokyb\u0117s CBD distiliatas 1000 mg THC tinkt\u016bros kanapi\u0173 aliejus turi 1000 mg CBD, i\u0161gaut\u0173 i\u0161 Kolorado valstijoje u\u017eaugint\u0173 ekologi\u0161k\u0173 kanapi\u0173. Kasdien vartokite \u0161i\u0105 tinkt\u016br\u0105, kad sveikatintum\u0117te augalus!","og_url":"https:\/\/medicinasinc.com\/lt\/product\/distiliatas-tinktura-1000mg-thc-zalia-deive\/","og_site_name":"Medicinas Inc","article_modified_time":"2022-03-20T12:44:48+00:00","og_image":[{"width":600,"height":600,"url":"https:\/\/medicinasinc.com\/lt\/wp-content\/uploads\/sites\/9\/2022\/02\/1000mg-THC-Tincture.jpg","type":"image\/jpeg"}],"twitter_card":"summary_large_image","twitter_misc":{"Est. reading time":"1 minute"},"schema":{"@context":"https:\/\/schema.org","@graph":[{"@type":"WebPage","@id":"https:\/\/medicinasinc.com\/lt\/product\/distiliatas-tinktura-1000mg-thc-zalia-deive\/","url":"https:\/\/medicinasinc.com\/lt\/product\/distiliatas-tinktura-1000mg-thc-zalia-deive\/","name":"Distiliatas 1000 mg THC tinkt\u016bros \u2013 \u017ealioji deiv\u0117 \u2013 geriausi pasaulyje vaistai","isPartOf":{"@id":"https:\/\/medicinasinc.com\/lt\/#website"},"primaryImageOfPage":{"@id":"https:\/\/medicinasinc.com\/lt\/product\/distiliatas-tinktura-1000mg-thc-zalia-deive\/#primaryimage"},"image":{"@id":"https:\/\/medicinasinc.com\/lt\/product\/distiliatas-tinktura-1000mg-thc-zalia-deive\/#primaryimage"},"thumbnailUrl":"https:\/\/medicinasinc.com\/lt\/wp-content\/uploads\/sites\/9\/2022\/02\/1000mg-THC-Tincture.jpg","datePublished":"2022-02-20T08:26:03+00:00","dateModified":"2022-03-20T12:44:48+00:00","description":"M\u016bs\u0173 auk\u0161\u010diausios kokyb\u0117s CBD distiliatas 1000 mg THC tinkt\u016bros kanapi\u0173 aliejus turi 1000 mg CBD, i\u0161gaut\u0173 i\u0161 Kolorado valstijoje u\u017eaugint\u0173 ekologi\u0161k\u0173 kanapi\u0173. Kasdien vartokite \u0161i\u0105 tinkt\u016br\u0105, kad sveikatintum\u0117te augalus!","breadcrumb":{"@id":"https:\/\/medicinasinc.com\/lt\/product\/distiliatas-tinktura-1000mg-thc-zalia-deive\/#breadcrumb"},"inLanguage":"en-US","potentialAction":[{"@type":"ReadAction","target":["https:\/\/medicinasinc.com\/lt\/product\/distiliatas-tinktura-1000mg-thc-zalia-deive\/"]}]},{"@type":"ImageObject","inLanguage":"en-US","@id":"https:\/\/medicinasinc.com\/lt\/product\/distiliatas-tinktura-1000mg-thc-zalia-deive\/#primaryimage","url":"https:\/\/medicinasinc.com\/lt\/wp-content\/uploads\/sites\/9\/2022\/02\/1000mg-THC-Tincture.jpg","contentUrl":"https:\/\/medicinasinc.com\/lt\/wp-content\/uploads\/sites\/9\/2022\/02\/1000mg-THC-Tincture.jpg","width":600,"height":600},{"@type":"BreadcrumbList","@id":"https:\/\/medicinasinc.com\/lt\/product\/distiliatas-tinktura-1000mg-thc-zalia-deive\/#breadcrumb","itemListElement":[{"@type":"ListItem","position":1,"name":"Parduotuv\u0117","item":"https:\/\/medicinasinc.com\/lt\/parduotuve\/"},{"@type":"ListItem","position":2,"name":"Distiliato tinkt\u016bra \u2013 1000mg THC \u2013 \u017dalioji deiv\u0117"}]},{"@type":"WebSite","@id":"https:\/\/medicinasinc.com\/lt\/#website","url":"https:\/\/medicinasinc.com\/lt\/","name":"Medicinas Inc","description":"Sveikatos medicinos klinika","potentialAction":[{"@type":"SearchAction","target":{"@type":"EntryPoint","urlTemplate":"https:\/\/medicinasinc.com\/lt\/?s={search_term_string}"},"query-input":{"@type":"PropertyValueSpecification","valueRequired":true,"valueName":"search_term_string"}}],"inLanguage":"en-US"}]}},"_links":{"self":[{"href":"https:\/\/medicinasinc.com\/lt\/wp-json\/wp\/v2\/product\/4327","targetHints":{"allow":["GET"]}}],"collection":[{"href":"https:\/\/medicinasinc.com\/lt\/wp-json\/wp\/v2\/product"}],"about":[{"href":"https:\/\/medicinasinc.com\/lt\/wp-json\/wp\/v2\/types\/product"}],"replies":[{"embeddable":true,"href":"https:\/\/medicinasinc.com\/lt\/wp-json\/wp\/v2\/comments?post=4327"}],"wp:featuredmedia":[{"embeddable":true,"href":"https:\/\/medicinasinc.com\/lt\/wp-json\/wp\/v2\/media\/4357"}],"wp:attachment":[{"href":"https:\/\/medicinasinc.com\/lt\/wp-json\/wp\/v2\/media?parent=4327"}],"wp:term":[{"taxonomy":"product_brand","embeddable":true,"href":"https:\/\/medicinasinc.com\/lt\/wp-json\/wp\/v2\/product_brand?post=4327"},{"taxonomy":"product_cat","embeddable":true,"href":"https:\/\/medicinasinc.com\/lt\/wp-json\/wp\/v2\/product_cat?post=4327"},{"taxonomy":"product_tag","embeddable":true,"href":"https:\/\/medicinasinc.com\/lt\/wp-json\/wp\/v2\/product_tag?post=4327"}],"curies":[{"name":"wp","href":"https:\/\/api.w.org\/{rel}","templated":true}]}}