{"id":3817,"date":"2018-10-25T12:40:12","date_gmt":"2018-10-25T12:40:12","guid":{"rendered":"http:\/\/quanticalabs.com\/wptest\/medicenter-new\/?page_id=3817"},"modified":"2022-04-05T17:07:35","modified_gmt":"2022-04-05T17:07:35","slug":"kontaktas","status":"publish","type":"page","link":"https:\/\/medicinasinc.com\/lt\/kontaktas\/","title":{"rendered":"kontaktas"},"content":{"rendered":"<p>[vc_section][vc_row type=&#8221;full-width&#8221;][vc_column][vc_column_text]<iframe loading=\"lazy\" style=\"border: 0;\" src=\"https:\/\/www.google.com\/maps\/embed?pb=!1m14!1m8!1m3!1d13222.01743971855!2d-118.383645!3d34.056583!3m2!1i1024!2i768!4f13.1!3m3!1m2!1s0x80c2b95d0653b875%3A0x184fb986b48c7910!2s1169%20S%20Robertson%20Blvd%2C%20Los%20Angeles%2C%20CA%2090035%2C%20USA!5e0!3m2!1sen!2scm!4v1645344128040!5m2!1sen!2scm\" width=\"100%\" height=\"450\" allowfullscreen=\"allowfullscreen\"><\/iframe>[\/vc_column_text][\/vc_column][\/vc_row][\/vc_section][vc_row top_margin=&#8221;page-margin-top-section&#8221;][vc_column width=&#8221;1\/3&#8243;]<h2 class=\"box-header large no-border\">Medicinas Inc.<\/h2>[vc_column_text el_class=&#8221;large margin-top-10&#8243;]1169 S Robertson Blvd<br \/>\nLos Angeles, CA 90035<br \/>\nUSA[\/vc_column_text][\/vc_column][vc_column width=&#8221;1\/3&#8243;][\/vc_column][vc_column width=&#8221;1\/3&#8243;][\/vc_column][\/vc_row][vc_section][vc_row top_margin=&#8221;page-margin-top&#8221; el_position=&#8221;last&#8221; css=&#8221;.vc_custom_1540298553080{border-top-width: 1px !important;border-top-color: #e5e5e5 !important;border-top-style: solid !important;}&#8221;][vc_column][vc_column_text el_class=&#8221;large align-center page-margin-top&#8221;]Toliau pateikite savo informacij\u0105 ir palaukite 1\u20132 darbo dienas, kol gausite atsakym\u0105.[\/vc_column_text]<form class=\"contact-form \" id=\"contact_form\" method=\"post\" action=\"\"><div class=\"vc_row wpb_row vc_inner\">\n\t\t\t<fieldset class=\"vc_col-sm-6 wpb_column vc_column_container\"><label>PIRMAS VARDAS<\/label>\n\t\t\t\t<div class=\"block\">\n\t\t\t\t\t<input class=\"text_input\" name=\"first_name\" type=\"text\" value=\"\" tabindex=\"1\" data-required=\"1\">\n\t\t\t\t<\/div><label>TELEFONO NUMERIS (NEPRIVALOMAS)<\/label>\n\t\t\t\t<div class=\"block\">\n\t\t\t\t\t<input class=\"text_input\" name=\"phone_number\" type=\"text\" value=\"\" tabindex=\"5\">\n\t\t\t\t<\/div><\/fieldset>\n\t\t\t<fieldset class=\"vc_col-sm-6 wpb_column vc_column_container\"><label>PAVARD\u0116<\/label>\n\t\t\t\t<div class=\"block\">\n\t\t\t\t\t<input class=\"text_input\" name=\"last_name\" type=\"text\" value=\"\" tabindex=\"2\" data-required=\"1\">\n\t\t\t\t<\/div><label>EL.PA\u0160TAS<\/label>\n\t\t\t\t<div class=\"block\">\n\t\t\t\t\t<input class=\"text_input\" name=\"email\" type=\"text\" value=\"\" tabindex=\"6\" data-required=\"1\">\n\t\t\t\t<\/div><\/fieldset>\n\t\t<\/div><div class=\"vc_row wpb_row vc_inner\">\n\t\t\t<fieldset>\n\t\t\t\t<label>TAVO \u017dINUT\u0116<\/label>\n\t\t\t\t<div class=\"block\">\n\t\t\t\t\t<textarea name=\"message\" tabindex=\"7\" data-required=\"1\"><\/textarea>\n\t\t\t\t<\/div>\n\t\t\t<\/fieldset>\n\t\t<\/div><div class=\"vc_row wpb_row vc_inner submit-container margin-top-30\"><div class=\"vc_col-sm-6 wpb_column vc_column_container\">\n\t\t\t\t<p>Susisieksime su Jumis per vien\u0105 darbo dien\u0105<\/p>\n\t\t\t<\/div>\n\t\t\t<div class=\"vc_col-sm-6 wpb_column vc_column_container \"><input type=\"hidden\" name=\"action\" value=\"theme_contact_form\" \/>\n\t\t\t\t<input type=\"hidden\" name=\"id\" value=\"contact_form\" \/><div class=\"vc_row wpb_row vc_inner\">\n\t\t\t\t<input type=\"submit\" name=\"submit\" value=\"SI\u0172STI \u017dINUT\u0118\" class=\"more mc-button\" \/>\n\t\t\t<\/div><\/div><\/div>\n\t<\/form>[\/vc_column][\/vc_row][\/vc_section]<\/p>\n","protected":false},"excerpt":{"rendered":"<p>[vc_section][vc_row type=&#8221;full-width&#8221;][vc_column][vc_column_text][\/vc_column_text][\/vc_column][\/vc_row][\/vc_section][vc_row top_margin=&#8221;page-margin-top-section&#8221;][vc_column width=&#8221;1\/3&#8243;][vc_column_text el_class=&#8221;large margin-top-10&#8243;]1169 S Robertson Blvd Los Angeles, CA 90035 USA[\/vc_column_text][\/vc_column][vc_column width=&#8221;1\/3&#8243;][\/vc_column][vc_column width=&#8221;1\/3&#8243;][\/vc_column][\/vc_row][vc_section][vc_row top_margin=&#8221;page-margin-top&#8221; el_position=&#8221;last&#8221; css=&#8221;.vc_custom_1540298553080{border-top-width: 1px !important;border-top-color: #e5e5e5 !important;border-top-style: solid !important;}&#8221;][vc_column][vc_column_text el_class=&#8221;large align-center page-margin-top&#8221;]Toliau pateikite savo informacij\u0105 ir palaukite 1\u20132 darbo dienas, kol gausite atsakym\u0105.[\/vc_column_text][\/vc_column][\/vc_row][\/vc_section]<\/p>\n","protected":false},"author":1,"featured_media":6020,"parent":0,"menu_order":0,"comment_status":"closed","ping_status":"closed","template":"template-default-without-breadcrumbs.php","meta":{"footnotes":""},"class_list":["post-3817","page","type-page","status-publish","has-post-thumbnail","hentry"],"yoast_head":"<!-- This site is optimized with the Yoast SEO plugin v27.3 - https:\/\/yoast.com\/product\/yoast-seo-wordpress\/ -->\n<title>kontaktas - Medicinas Inc<\/title>\n<meta name=\"robots\" content=\"index, follow, max-snippet:-1, max-image-preview:large, max-video-preview:-1\" \/>\n<link rel=\"canonical\" href=\"https:\/\/medicinasinc.com\/lt\/kontaktas\/\" \/>\n<meta property=\"og:locale\" content=\"en_US\" \/>\n<meta property=\"og:type\" content=\"article\" \/>\n<meta property=\"og:title\" content=\"kontaktas - Medicinas Inc\" \/>\n<meta property=\"og:description\" content=\"[vc_section][vc_row type=&#8221;full-width&#8221;][vc_column][vc_column_text][\/vc_column_text][\/vc_column][\/vc_row][\/vc_section][vc_row top_margin=&#8221;page-margin-top-section&#8221;][vc_column width=&#8221;1\/3&#8243;][vc_column_text el_class=&#8221;large margin-top-10&#8243;]1169 S Robertson Blvd Los Angeles, CA 90035 USA[\/vc_column_text][\/vc_column][vc_column width=&#8221;1\/3&#8243;][\/vc_column][vc_column width=&#8221;1\/3&#8243;][\/vc_column][\/vc_row][vc_section][vc_row top_margin=&#8221;page-margin-top&#8221; el_position=&#8221;last&#8221; css=&#8221;.vc_custom_1540298553080{border-top-width: 1px !important;border-top-color: #e5e5e5 !important;border-top-style: solid !important;}&#8221;][vc_column][vc_column_text el_class=&#8221;large align-center page-margin-top&#8221;]Toliau pateikite savo informacij\u0105 ir palaukite 1\u20132 darbo dienas, kol gausite atsakym\u0105.[\/vc_column_text][\/vc_column][\/vc_row][\/vc_section]\" \/>\n<meta property=\"og:url\" content=\"https:\/\/medicinasinc.com\/lt\/kontaktas\/\" \/>\n<meta property=\"og:site_name\" content=\"Medicinas Inc\" \/>\n<meta property=\"article:modified_time\" content=\"2022-04-05T17:07:35+00:00\" \/>\n<meta name=\"twitter:card\" content=\"summary_large_image\" \/>\n<meta name=\"twitter:label1\" content=\"Est. reading time\" \/>\n\t<meta name=\"twitter:data1\" content=\"1 minute\" \/>\n<script type=\"application\/ld+json\" class=\"yoast-schema-graph\">{\"@context\":\"https:\\\/\\\/schema.org\",\"@graph\":[{\"@type\":\"WebPage\",\"@id\":\"https:\\\/\\\/medicinasinc.com\\\/lt\\\/kontaktas\\\/\",\"url\":\"https:\\\/\\\/medicinasinc.com\\\/lt\\\/kontaktas\\\/\",\"name\":\"kontaktas - Medicinas Inc\",\"isPartOf\":{\"@id\":\"https:\\\/\\\/medicinasinc.com\\\/lt\\\/#website\"},\"primaryImageOfPage\":{\"@id\":\"https:\\\/\\\/medicinasinc.com\\\/lt\\\/kontaktas\\\/#primaryimage\"},\"image\":{\"@id\":\"https:\\\/\\\/medicinasinc.com\\\/lt\\\/kontaktas\\\/#primaryimage\"},\"thumbnailUrl\":\"https:\\\/\\\/medicinasinc.com\\\/lt\\\/wp-content\\\/uploads\\\/sites\\\/9\\\/2022\\\/04\\\/woocommerce-placeholder-medicinasinc.com_.png\",\"datePublished\":\"2018-10-25T12:40:12+00:00\",\"dateModified\":\"2022-04-05T17:07:35+00:00\",\"inLanguage\":\"en-US\",\"potentialAction\":[{\"@type\":\"ReadAction\",\"target\":[\"https:\\\/\\\/medicinasinc.com\\\/lt\\\/kontaktas\\\/\"]}]},{\"@type\":\"ImageObject\",\"inLanguage\":\"en-US\",\"@id\":\"https:\\\/\\\/medicinasinc.com\\\/lt\\\/kontaktas\\\/#primaryimage\",\"url\":\"https:\\\/\\\/medicinasinc.com\\\/lt\\\/wp-content\\\/uploads\\\/sites\\\/9\\\/2022\\\/04\\\/woocommerce-placeholder-medicinasinc.com_.png\",\"contentUrl\":\"https:\\\/\\\/medicinasinc.com\\\/lt\\\/wp-content\\\/uploads\\\/sites\\\/9\\\/2022\\\/04\\\/woocommerce-placeholder-medicinasinc.com_.png\",\"width\":1200,\"height\":1200},{\"@type\":\"WebSite\",\"@id\":\"https:\\\/\\\/medicinasinc.com\\\/lt\\\/#website\",\"url\":\"https:\\\/\\\/medicinasinc.com\\\/lt\\\/\",\"name\":\"Medicinas Inc\",\"description\":\"Sveikatos medicinos klinika\",\"potentialAction\":[{\"@type\":\"SearchAction\",\"target\":{\"@type\":\"EntryPoint\",\"urlTemplate\":\"https:\\\/\\\/medicinasinc.com\\\/lt\\\/?s={search_term_string}\"},\"query-input\":{\"@type\":\"PropertyValueSpecification\",\"valueRequired\":true,\"valueName\":\"search_term_string\"}}],\"inLanguage\":\"en-US\"}]}<\/script>\n<!-- \/ Yoast SEO plugin. -->","yoast_head_json":{"title":"kontaktas - Medicinas Inc","robots":{"index":"index","follow":"follow","max-snippet":"max-snippet:-1","max-image-preview":"max-image-preview:large","max-video-preview":"max-video-preview:-1"},"canonical":"https:\/\/medicinasinc.com\/lt\/kontaktas\/","og_locale":"en_US","og_type":"article","og_title":"kontaktas - Medicinas Inc","og_description":"[vc_section][vc_row type=&#8221;full-width&#8221;][vc_column][vc_column_text][\/vc_column_text][\/vc_column][\/vc_row][\/vc_section][vc_row top_margin=&#8221;page-margin-top-section&#8221;][vc_column width=&#8221;1\/3&#8243;][vc_column_text el_class=&#8221;large margin-top-10&#8243;]1169 S Robertson Blvd Los Angeles, CA 90035 USA[\/vc_column_text][\/vc_column][vc_column width=&#8221;1\/3&#8243;][\/vc_column][vc_column width=&#8221;1\/3&#8243;][\/vc_column][\/vc_row][vc_section][vc_row top_margin=&#8221;page-margin-top&#8221; el_position=&#8221;last&#8221; css=&#8221;.vc_custom_1540298553080{border-top-width: 1px !important;border-top-color: #e5e5e5 !important;border-top-style: solid !important;}&#8221;][vc_column][vc_column_text el_class=&#8221;large align-center page-margin-top&#8221;]Toliau pateikite savo informacij\u0105 ir palaukite 1\u20132 darbo dienas, kol gausite atsakym\u0105.[\/vc_column_text][\/vc_column][\/vc_row][\/vc_section]","og_url":"https:\/\/medicinasinc.com\/lt\/kontaktas\/","og_site_name":"Medicinas Inc","article_modified_time":"2022-04-05T17:07:35+00:00","twitter_card":"summary_large_image","twitter_misc":{"Est. reading time":"1 minute"},"schema":{"@context":"https:\/\/schema.org","@graph":[{"@type":"WebPage","@id":"https:\/\/medicinasinc.com\/lt\/kontaktas\/","url":"https:\/\/medicinasinc.com\/lt\/kontaktas\/","name":"kontaktas - Medicinas Inc","isPartOf":{"@id":"https:\/\/medicinasinc.com\/lt\/#website"},"primaryImageOfPage":{"@id":"https:\/\/medicinasinc.com\/lt\/kontaktas\/#primaryimage"},"image":{"@id":"https:\/\/medicinasinc.com\/lt\/kontaktas\/#primaryimage"},"thumbnailUrl":"https:\/\/medicinasinc.com\/lt\/wp-content\/uploads\/sites\/9\/2022\/04\/woocommerce-placeholder-medicinasinc.com_.png","datePublished":"2018-10-25T12:40:12+00:00","dateModified":"2022-04-05T17:07:35+00:00","inLanguage":"en-US","potentialAction":[{"@type":"ReadAction","target":["https:\/\/medicinasinc.com\/lt\/kontaktas\/"]}]},{"@type":"ImageObject","inLanguage":"en-US","@id":"https:\/\/medicinasinc.com\/lt\/kontaktas\/#primaryimage","url":"https:\/\/medicinasinc.com\/lt\/wp-content\/uploads\/sites\/9\/2022\/04\/woocommerce-placeholder-medicinasinc.com_.png","contentUrl":"https:\/\/medicinasinc.com\/lt\/wp-content\/uploads\/sites\/9\/2022\/04\/woocommerce-placeholder-medicinasinc.com_.png","width":1200,"height":1200},{"@type":"WebSite","@id":"https:\/\/medicinasinc.com\/lt\/#website","url":"https:\/\/medicinasinc.com\/lt\/","name":"Medicinas Inc","description":"Sveikatos medicinos klinika","potentialAction":[{"@type":"SearchAction","target":{"@type":"EntryPoint","urlTemplate":"https:\/\/medicinasinc.com\/lt\/?s={search_term_string}"},"query-input":{"@type":"PropertyValueSpecification","valueRequired":true,"valueName":"search_term_string"}}],"inLanguage":"en-US"}]}},"_links":{"self":[{"href":"https:\/\/medicinasinc.com\/lt\/wp-json\/wp\/v2\/pages\/3817","targetHints":{"allow":["GET"]}}],"collection":[{"href":"https:\/\/medicinasinc.com\/lt\/wp-json\/wp\/v2\/pages"}],"about":[{"href":"https:\/\/medicinasinc.com\/lt\/wp-json\/wp\/v2\/types\/page"}],"author":[{"embeddable":true,"href":"https:\/\/medicinasinc.com\/lt\/wp-json\/wp\/v2\/users\/1"}],"replies":[{"embeddable":true,"href":"https:\/\/medicinasinc.com\/lt\/wp-json\/wp\/v2\/comments?post=3817"}],"version-history":[{"count":0,"href":"https:\/\/medicinasinc.com\/lt\/wp-json\/wp\/v2\/pages\/3817\/revisions"}],"wp:featuredmedia":[{"embeddable":true,"href":"https:\/\/medicinasinc.com\/lt\/wp-json\/wp\/v2\/media\/6020"}],"wp:attachment":[{"href":"https:\/\/medicinasinc.com\/lt\/wp-json\/wp\/v2\/media?parent=3817"}],"curies":[{"name":"wp","href":"https:\/\/api.w.org\/{rel}","templated":true}]}}