{"id":3,"date":"2022-02-19T02:31:18","date_gmt":"2022-02-19T02:31:18","guid":{"rendered":"https:\/\/medicinasinc.com\/lt\/?page_id=3"},"modified":"2022-04-05T17:27:50","modified_gmt":"2022-04-05T17:27:50","slug":"politika","status":"publish","type":"page","link":"https:\/\/medicinasinc.com\/lt\/politika\/","title":{"rendered":"Privatumas ir s\u0105lygos"},"content":{"rendered":"<p>[vc_section][vc_row][vc_column][vc_row_inner][vc_column_inner][vc_custom_heading text=&#8221;M\u016bs\u0173 politika&#8221; font_container=&#8221;tag:h1|text_align:left&#8221; use_theme_fonts=&#8221;yes&#8221;][vc_separator align=&#8221;align_left&#8221; border_width=&#8221;2&#8243; el_width=&#8221;10&#8243;][\/vc_column_inner][\/vc_row_inner][\/vc_column][\/vc_row][vc_row][vc_column][vc_row_inner][vc_column_inner][vc_empty_space][vc_custom_heading text=&#8221;Turite Klausim\u0105?&#8221; use_theme_fonts=&#8221;yes&#8221;][\/vc_column_inner][\/vc_row_inner][vc_row_inner][vc_column_inner][vc_column_text]\u017demiau per\u017ei\u016br\u0117kite da\u017eniausiai u\u017eduodamus klausimus apie Medicin\u0105.<\/p>\n<p>Jei turite klausimo, kurio ie\u0161kote, bet nerandate, <strong>susisiekite su mumis<\/strong>.[\/vc_column_text][\/vc_column_inner][\/vc_row_inner][vc_row_inner][vc_column_inner][vc_btn title=&#8221;Susisiekti&#8221; link=&#8221;url:%2Flt%2Fkontaktas%2F&#8221;][\/vc_column_inner][\/vc_row_inner][\/vc_column][\/vc_row][\/vc_section][vc_section][vc_row][vc_column][vc_row_inner][vc_column_inner][vc_empty_space height=&#8221;75px&#8221;][\/vc_column_inner][\/vc_row_inner][vc_row_inner][vc_column_inner][vc_column_text]<\/p>\n<ul>\n<li><a href=\"#shipping\">Pristatymo politika<\/a><\/li>\n<li><a href=\"#cancellation\">U\u017esakymo at\u0161aukimo politika<\/a><\/li>\n<li><a href=\"#refund\">L\u0117\u0161\u0173 gr\u0105\u017einimo politika<\/a><\/li>\n<li><a href=\"#privacy\">Privatumo politika<\/a><\/li>\n<li><a href=\"#disclaimer\">Atsisakymas<\/a><\/li>\n<\/ul>\n<p>[\/vc_column_text][\/vc_column_inner][\/vc_row_inner][\/vc_column][\/vc_row][\/vc_section][vc_section el_id=&#8221;shipping&#8221;][vc_row][vc_column][vc_row_inner][vc_column_inner][vc_empty_space height=&#8221;75px&#8221;][vc_custom_heading text=&#8221;Siuntimo politika&#8221; use_theme_fonts=&#8221;yes&#8221;][\/vc_column_inner][\/vc_row_inner][vc_row_inner][vc_column_inner][vc_column_text]M\u016bs\u0173 si\u016blomi vaistai yra gaminami ir siun\u010diami i\u0161 Indijos. Tai ilgas kelias, tod\u0117l pristatymas u\u017etrunka. Paprastai siuntos pristatomos per 10-17 dien\u0173, ta\u010diau kai kuriais atvejais gali v\u0117luoti ir dar 5 dienos.<\/p>\n<p>Neprista\u010dius pasibaigus terminui, susisiekite su mumis ir informuokite apie tai. Mes pasistengsime pasi\u016blyti jums sprendim\u0105, kuris visi\u0161kai atitiks j\u016bs\u0173 interesus. Spustel\u0117kite <a href=\"\/faq#shipping\" rel=\"nofollow\">\u010dia<\/a>, kad su\u017einotum\u0117te daugiau apie pristatym\u0105.[\/vc_column_text][\/vc_column_inner][\/vc_row_inner][\/vc_column][\/vc_row][\/vc_section][vc_section el_id=&#8221;cancellation&#8221;][vc_row][vc_column][vc_row_inner][vc_column_inner][vc_empty_space height=&#8221;75px&#8221;][vc_custom_heading text=&#8221;U\u017esakymo at\u0161aukimo taisykl\u0117s&#8221; use_theme_fonts=&#8221;yes&#8221;][\/vc_column_inner][\/vc_row_inner][vc_row_inner][vc_column_inner][vc_column_text]Informuojame, kad u\u017esakymo at\u0161aukimus priimame TIK per 24 valandas nuo u\u017esakymo pateikimo. Jei norite at\u0161aukti u\u017esakym\u0105, susisiekite su m\u016bs\u0173 palaikymo komanda telefonu arba el. pa\u0161tu ( <a href=\"\/contact\/\" rel=\"nofollow\">Susisiekite su mumis<\/a> ) ir prane\u0161kite jiems apie savo sprendim\u0105 . Jei susisieksite su mumis po 24 valand\u0173, u\u017esakymo at\u0161aukimas nebus apdorotas.<\/p>\n<p>U\u017esakymo formoje \u012fsitikinkite, kad \u012fved\u0117te galiojant\u012f pristatymo adres\u0105, rekomenduojame dar kart\u0105 patikrinti pastabas prie\u0161 pateikiant u\u017esakym\u0105. Bet kokia klaida gali lemti u\u017esakyt\u0173 preki\u0173 nepristatym\u0105. Jei pasteb\u0117jote, kad adreso u\u017era\u0161ai buvo nurodyti neteisingai, kuo grei\u010diau susisiekite su mumis ir informuokite apie tai ( <a href=\"\/lt\/kontaktas\/\" rel=\"nofollow\">Susisiekite su mumis<\/a> ).[\/vc_column_text][\/vc_column_inner][\/vc_row_inner][\/vc_column][\/vc_row][\/vc_section][vc_section el_id=&#8221;refund&#8221;][vc_row][vc_column][vc_row_inner][vc_column_inner][vc_empty_space height=&#8221;75px&#8221;][vc_custom_heading text=&#8221;Gr\u0105\u017einimo politika&#8221; use_theme_fonts=&#8221;yes&#8221;][\/vc_column_inner][\/vc_row_inner][vc_row_inner][vc_column_inner][vc_column_text]M\u016bs\u0173 si\u016blomi vaistai i\u0161 esm\u0117s yra lygiaver\u010diai j\u0173 prekiniams pavadinimams. Garantuojame, kad jie yra vienodi cheminiu po\u017ei\u016briu ir turi tok\u012f pat\u012f medicinin\u012f poveik\u012f.<\/p>\n<p>Jei nesate patenkinti m\u016bs\u0173 vaist\u0173 poveikiu, <a href=\"\/contact\/\" rel=\"nofollow\">susisiekite su mumis<\/a> ir prane\u0161kite apie problem\u0105. Pateiksime jums gr\u0105\u017einimo adres\u0105 ir kai tik prek\u0119 gaus m\u016bs\u0173 gr\u0105\u017einimo skyrius, prad\u0117sime pinig\u0173 gr\u0105\u017einimo proced\u016br\u0105.<\/p>\n<p>Prie\u0161 kreipdamiesi \u012f mus, \u012fsitikinkite, kad vartojate tinkam\u0105 produkt\u0173 doz\u0119 ir laikot\u0117s naudojimo instrukcij\u0173. Atminkite, kad poveik\u012f gali sul\u0117tinti riebus maistas ir alkoholis, kur\u012f vartojate prie\u0161 skirtuk\u0105.<\/p>\n<p><strong>Prek\u0117s neprista\u010dius<\/strong> iki nustatyto termino (pristatymas u\u017etrunka 10-17 dien\u0173, muitin\u0117s patikrinimas gali v\u0117luoti 5 dienas) galite susisiekti su m\u016bs\u0173 palaikymo komanda ( &lt; a href=&#8221;\/contact\/&#8221; rel=&#8221;nofollow&#8221;&gt;Susisiekite su mumis ), kad gal\u0117tum\u0117te susigr\u0105\u017einti l\u0117\u0161as. J\u016bs\u0173 mok\u0117jimas bus visi\u0161kai gr\u0105\u017eintas \u012f j\u016bs\u0173 kredito kortel\u0119. L\u0117\u0161\u0173 gr\u0105\u017einimo proced\u016bra paprastai u\u017etrunka 5-7 darbo dienas, po \u0161io laikotarpio pinig\u0173 gr\u0105\u017einimas bus nurodytas j\u016bs\u0173 kredito kortel\u0117s ataskaitoje.<\/p>\n<p>D\u0117l m\u016bs\u0173 si\u016blom\u0173 gamini\u0173 specifikos gr\u0105\u017einimo nepriimame. Niekas negali garantuoti, kad u\u017esakymo transportavimo metu bus laikomasi saugojimo s\u0105lyg\u0173, tod\u0117l negalime j\u0173 priimti net jei pakuot\u0117 lieka neatidaryta.[\/vc_column_text][\/vc_column_inner][\/vc_row_inner][\/vc_column][\/vc_row][\/vc_section][vc_section el_id=&#8221;privacy&#8221;][vc_row][vc_column][vc_row_inner][vc_column_inner][vc_empty_space height=&#8221;75px&#8221;][vc_custom_heading text=&#8221;Privatumo politika&#8221; use_theme_fonts=&#8221;yes&#8221;][\/vc_column_inner][\/vc_row_inner][vc_row_inner][vc_column_inner][vc_column_text]Suprantame, kad visos j\u016bs\u0173 pateiktos informacijos privatumas yra labai svarbus. \u0160tai kod\u0117l mes darome visk\u0105, kas \u012fmanoma, kad j\u012f naudotume atsargiai ir protingai. \u0160ia informacija niekada nesidalijama su kitomis \u012fmon\u0117mis ar tre\u010di\u0173j\u0173 \u0161ali\u0173 paslaug\u0173 teik\u0117jais.<\/p>\n<p>Visos operacijos m\u016bs\u0173 atsiskaitymo puslapyje yra 100% saugios. J\u016bs\u0173 informacijos saug\u0105 saugome naudodami 256 bit\u0173 Secure Sockets Layer (SSL) programin\u0119 \u012frang\u0105, kuri u\u017e\u0161ifruoja vis\u0105 j\u016bs\u0173 \u012fvest\u0105 informacij\u0105. Be to, m\u016bs\u0173 atsiskaitymo serveriai yra sertifikuoti nepriklausom\u0173 ir patikim\u0173 agent\u016br\u0173, kurios u\u017etikrina, kad j\u016bs\u0173 informacija b\u016bt\u0173 saugi ir privati.<\/p>\n<p>M\u016bs\u0173 duomen\u0173 baz\u0117je atsispindi tik paskutiniai 4 j\u016bs\u0173 kredito kortel\u0117s skaitmenys, tod\u0117l net m\u016bs\u0173 klient\u0173 aptarnavimo operatoriai neturi prieigos prie kredito kortel\u0117s informacijos.[\/vc_column_text][\/vc_column_inner][\/vc_row_inner][\/vc_column][\/vc_row][\/vc_section][vc_section el_id=&#8221;disclaimer&#8221;][vc_row][vc_column][vc_row_inner][vc_column_inner][vc_empty_space height=&#8221;75px&#8221;][vc_custom_heading text=&#8221;Atsisakymas&#8221; use_theme_fonts=&#8221;yes&#8221;][\/vc_column_inner][\/vc_row_inner][vc_row_inner][vc_column_inner][vc_column_text]M\u016bs\u0173 \u012fmon\u0117 n\u0117ra atsakinga ir ai\u0161kiai atsisako bet kokios atsakomyb\u0117s u\u017e bet kok\u012f pristatymo v\u0117lavim\u0105, nevir\u0161ijant\u012f 10 dien\u0173 nuo nurodytos numatomos pristatymo datos. 10 (de\u0161imt) dien\u0173 nuo nurodytos numatomos pristatymo datos arba kita darbo diena, esant vietinei \u0161ventei, laikoma terminu.<\/p>\n<p>M\u016bs\u0173 \u012fmon\u0117 neatsako u\u017e nepavykus\u012f pristatym\u0105, jei Klientas nurod\u0117 nepakankam\u0105 adres\u0105, neteising\u0105 adres\u0105 arba adres\u0105, d\u0117l kurio nepavyksta pristatyti jokiu kitu b\u016bdu.<br \/>\nM\u016bs\u0173 \u012fmon\u0117 neatsako u\u017e pristatymo nevykdym\u0105 tuo atveju, jei Klientas nepareikalavo siuntos, atsisak\u0117 jos ar kitu b\u016bdu sutrukd\u0117 s\u0117kmingai pristatyti. Visi pakartotiniai siuntimai tokiais atvejais atliekami tik tarptautiniu reguliariu pa\u0161tu.<\/p>\n<p>M\u016bs\u0173 \u012fmon\u0117 n\u0117ra atsakinga ir ai\u0161kiai atsisako bet kokios atsakomyb\u0117s u\u017e bet kokio generinio produkto pristatym\u0105, kuris neatitinka Kliento l\u016bkes\u010di\u0173 pagal tokius kriterijus kaip: tablet\u0117s spalva, forma ir dydis, bet koks \u017eym\u0117jimas ant tablet\u0117s arba ant jos pa\u017eym\u0117tas prek\u0117s \u017eenklas, turi rinkodaros pavadinim\u0105 arba yra pagaminti kito gamintojo nei tas, kurio tik\u0117josi Klientas.<br \/>\nVisa informacija apie bet kok\u012f bendr\u0105j\u012f produkt\u0105, pateikta svetain\u0117je, pvz., miniati\u016bros, produkt\u0173 vaizdai, gamintoj\u0173 pavadinimai ir rinkodaros pavadinimai, yra tik informaciniais tikslais.<\/p>\n<p>M\u016bs\u0173 \u012fmon\u0117 n\u0117ra atsakinga ir ai\u0161kiai atsisako bet kokios atsakomyb\u0117s u\u017e gauto produkto neveiksmingum\u0105, jei produktas buvo \u012fsigytas naudoti ne pagal etiket\u0119.<\/p>\n<p>Pateikdami u\u017esakym\u0105 m\u016bs\u0173 \u012fmon\u0117je patvirtinate, kad perskait\u0117te, supratote ir sutinkate su \u0161iuo atsakomyb\u0117s atsisakymu. Bet kokie veiksmai, kuri\u0173 imamasi norint susigr\u0105\u017einti j\u016bs\u0173 mok\u0117jim\u0105 d\u0117l bet kurios i\u0161 auk\u0161\u010diau i\u0161vardyt\u0173 prie\u017eas\u010di\u0173, bus laikomi nes\u0105\u017einingu veiksmu ir d\u0117l to gali b\u016bti imtasi teisini\u0173 veiksm\u0173 bei u\u017edrausta naudotis m\u016bs\u0173 sistema.[\/vc_column_text][\/vc_column_inner][\/vc_row_inner][\/vc_column][\/vc_row][\/vc_section]<\/p>\n","protected":false},"excerpt":{"rendered":"<p>[vc_section][vc_row][vc_column][vc_row_inner][vc_column_inner][vc_custom_heading text=&#8221;M\u016bs\u0173 politika&#8221; font_container=&#8221;tag:h1|text_align:left&#8221; use_theme_fonts=&#8221;yes&#8221;][vc_separator align=&#8221;align_left&#8221; border_width=&#8221;2&#8243; el_width=&#8221;10&#8243;][\/vc_column_inner][\/vc_row_inner][\/vc_column][\/vc_row][vc_row][vc_column][vc_row_inner][vc_column_inner][vc_empty_space][vc_custom_heading text=&#8221;Turite Klausim\u0105?&#8221; use_theme_fonts=&#8221;yes&#8221;][\/vc_column_inner][\/vc_row_inner][vc_row_inner][vc_column_inner][vc_column_text]\u017demiau per\u017ei\u016br\u0117kite da\u017eniausiai u\u017eduodamus klausimus apie Medicin\u0105. Jei turite klausimo, kurio ie\u0161kote, bet nerandate, susisiekite su mumis.[\/vc_column_text][\/vc_column_inner][\/vc_row_inner][vc_row_inner][vc_column_inner][vc_btn title=&#8221;Susisiekti&#8221; link=&#8221;url:%2Flt%2Fkontaktas%2F&#8221;][\/vc_column_inner][\/vc_row_inner][\/vc_column][\/vc_row][\/vc_section][vc_section][vc_row][vc_column][vc_row_inner][vc_column_inner][vc_empty_space height=&#8221;75px&#8221;][\/vc_column_inner][\/vc_row_inner][vc_row_inner][vc_column_inner][vc_column_text] Pristatymo politika U\u017esakymo at\u0161aukimo politika L\u0117\u0161\u0173 gr\u0105\u017einimo politika Privatumo politika Atsisakymas [\/vc_column_text][\/vc_column_inner][\/vc_row_inner][\/vc_column][\/vc_row][\/vc_section][vc_section el_id=&#8221;shipping&#8221;][vc_row][vc_column][vc_row_inner][vc_column_inner][vc_empty_space height=&#8221;75px&#8221;][vc_custom_heading text=&#8221;Siuntimo politika&#8221; use_theme_fonts=&#8221;yes&#8221;][\/vc_column_inner][\/vc_row_inner][vc_row_inner][vc_column_inner][vc_column_text]M\u016bs\u0173 si\u016blomi vaistai yra gaminami ir siun\u010diami i\u0161 Indijos.<\/p>\n","protected":false},"author":1,"featured_media":6020,"parent":0,"menu_order":0,"comment_status":"closed","ping_status":"closed","template":"","meta":{"footnotes":""},"class_list":["post-3","page","type-page","status-publish","has-post-thumbnail","hentry"],"yoast_head":"<!-- This site is optimized with the Yoast SEO plugin v27.3 - https:\/\/yoast.com\/product\/yoast-seo-wordpress\/ -->\n<title>Privatumas ir s\u0105lygos - Medicinas Inc<\/title>\n<meta name=\"robots\" content=\"index, follow, max-snippet:-1, max-image-preview:large, max-video-preview:-1\" \/>\n<link rel=\"canonical\" href=\"https:\/\/medicinasinc.com\/lt\/politika\/\" \/>\n<meta property=\"og:locale\" content=\"en_US\" \/>\n<meta property=\"og:type\" content=\"article\" \/>\n<meta property=\"og:title\" content=\"Privatumas ir s\u0105lygos - Medicinas Inc\" \/>\n<meta property=\"og:description\" content=\"[vc_section][vc_row][vc_column][vc_row_inner][vc_column_inner][vc_custom_heading text=&#8221;M\u016bs\u0173 politika&#8221; font_container=&#8221;tag:h1|text_align:left&#8221; use_theme_fonts=&#8221;yes&#8221;][vc_separator align=&#8221;align_left&#8221; border_width=&#8221;2&#8243; el_width=&#8221;10&#8243;][\/vc_column_inner][\/vc_row_inner][\/vc_column][\/vc_row][vc_row][vc_column][vc_row_inner][vc_column_inner][vc_empty_space][vc_custom_heading text=&#8221;Turite Klausim\u0105?&#8221; use_theme_fonts=&#8221;yes&#8221;][\/vc_column_inner][\/vc_row_inner][vc_row_inner][vc_column_inner][vc_column_text]\u017demiau per\u017ei\u016br\u0117kite da\u017eniausiai u\u017eduodamus klausimus apie Medicin\u0105. Jei turite klausimo, kurio ie\u0161kote, bet nerandate, susisiekite su mumis.[\/vc_column_text][\/vc_column_inner][\/vc_row_inner][vc_row_inner][vc_column_inner][vc_btn title=&#8221;Susisiekti&#8221; link=&#8221;url:%2Flt%2Fkontaktas%2F&#8221;][\/vc_column_inner][\/vc_row_inner][\/vc_column][\/vc_row][\/vc_section][vc_section][vc_row][vc_column][vc_row_inner][vc_column_inner][vc_empty_space height=&#8221;75px&#8221;][\/vc_column_inner][\/vc_row_inner][vc_row_inner][vc_column_inner][vc_column_text] Pristatymo politika U\u017esakymo at\u0161aukimo politika L\u0117\u0161\u0173 gr\u0105\u017einimo politika Privatumo politika Atsisakymas [\/vc_column_text][\/vc_column_inner][\/vc_row_inner][\/vc_column][\/vc_row][\/vc_section][vc_section el_id=&#8221;shipping&#8221;][vc_row][vc_column][vc_row_inner][vc_column_inner][vc_empty_space height=&#8221;75px&#8221;][vc_custom_heading text=&#8221;Siuntimo politika&#8221; use_theme_fonts=&#8221;yes&#8221;][\/vc_column_inner][\/vc_row_inner][vc_row_inner][vc_column_inner][vc_column_text]M\u016bs\u0173 si\u016blomi vaistai yra gaminami ir siun\u010diami i\u0161 Indijos.\" \/>\n<meta property=\"og:url\" content=\"https:\/\/medicinasinc.com\/lt\/politika\/\" \/>\n<meta property=\"og:site_name\" content=\"Medicinas Inc\" \/>\n<meta property=\"article:modified_time\" content=\"2022-04-05T17:27:50+00:00\" \/>\n<meta name=\"twitter:card\" content=\"summary_large_image\" \/>\n<meta name=\"twitter:label1\" content=\"Est. reading time\" \/>\n\t<meta name=\"twitter:data1\" content=\"7 minutes\" \/>\n<script type=\"application\/ld+json\" class=\"yoast-schema-graph\">{\"@context\":\"https:\\\/\\\/schema.org\",\"@graph\":[{\"@type\":\"WebPage\",\"@id\":\"https:\\\/\\\/medicinasinc.com\\\/lt\\\/politika\\\/\",\"url\":\"https:\\\/\\\/medicinasinc.com\\\/lt\\\/politika\\\/\",\"name\":\"Privatumas ir s\u0105lygos - Medicinas Inc\",\"isPartOf\":{\"@id\":\"https:\\\/\\\/medicinasinc.com\\\/lt\\\/#website\"},\"primaryImageOfPage\":{\"@id\":\"https:\\\/\\\/medicinasinc.com\\\/lt\\\/politika\\\/#primaryimage\"},\"image\":{\"@id\":\"https:\\\/\\\/medicinasinc.com\\\/lt\\\/politika\\\/#primaryimage\"},\"thumbnailUrl\":\"https:\\\/\\\/medicinasinc.com\\\/lt\\\/wp-content\\\/uploads\\\/sites\\\/9\\\/2022\\\/04\\\/woocommerce-placeholder-medicinasinc.com_.png\",\"datePublished\":\"2022-02-19T02:31:18+00:00\",\"dateModified\":\"2022-04-05T17:27:50+00:00\",\"inLanguage\":\"en-US\",\"potentialAction\":[{\"@type\":\"ReadAction\",\"target\":[\"https:\\\/\\\/medicinasinc.com\\\/lt\\\/politika\\\/\"]}]},{\"@type\":\"ImageObject\",\"inLanguage\":\"en-US\",\"@id\":\"https:\\\/\\\/medicinasinc.com\\\/lt\\\/politika\\\/#primaryimage\",\"url\":\"https:\\\/\\\/medicinasinc.com\\\/lt\\\/wp-content\\\/uploads\\\/sites\\\/9\\\/2022\\\/04\\\/woocommerce-placeholder-medicinasinc.com_.png\",\"contentUrl\":\"https:\\\/\\\/medicinasinc.com\\\/lt\\\/wp-content\\\/uploads\\\/sites\\\/9\\\/2022\\\/04\\\/woocommerce-placeholder-medicinasinc.com_.png\",\"width\":1200,\"height\":1200},{\"@type\":\"WebSite\",\"@id\":\"https:\\\/\\\/medicinasinc.com\\\/lt\\\/#website\",\"url\":\"https:\\\/\\\/medicinasinc.com\\\/lt\\\/\",\"name\":\"Medicinas Inc\",\"description\":\"Sveikatos medicinos klinika\",\"potentialAction\":[{\"@type\":\"SearchAction\",\"target\":{\"@type\":\"EntryPoint\",\"urlTemplate\":\"https:\\\/\\\/medicinasinc.com\\\/lt\\\/?s={search_term_string}\"},\"query-input\":{\"@type\":\"PropertyValueSpecification\",\"valueRequired\":true,\"valueName\":\"search_term_string\"}}],\"inLanguage\":\"en-US\"}]}<\/script>\n<!-- \/ Yoast SEO plugin. -->","yoast_head_json":{"title":"Privatumas ir s\u0105lygos - Medicinas Inc","robots":{"index":"index","follow":"follow","max-snippet":"max-snippet:-1","max-image-preview":"max-image-preview:large","max-video-preview":"max-video-preview:-1"},"canonical":"https:\/\/medicinasinc.com\/lt\/politika\/","og_locale":"en_US","og_type":"article","og_title":"Privatumas ir s\u0105lygos - Medicinas Inc","og_description":"[vc_section][vc_row][vc_column][vc_row_inner][vc_column_inner][vc_custom_heading text=&#8221;M\u016bs\u0173 politika&#8221; font_container=&#8221;tag:h1|text_align:left&#8221; use_theme_fonts=&#8221;yes&#8221;][vc_separator align=&#8221;align_left&#8221; border_width=&#8221;2&#8243; el_width=&#8221;10&#8243;][\/vc_column_inner][\/vc_row_inner][\/vc_column][\/vc_row][vc_row][vc_column][vc_row_inner][vc_column_inner][vc_empty_space][vc_custom_heading text=&#8221;Turite Klausim\u0105?&#8221; use_theme_fonts=&#8221;yes&#8221;][\/vc_column_inner][\/vc_row_inner][vc_row_inner][vc_column_inner][vc_column_text]\u017demiau per\u017ei\u016br\u0117kite da\u017eniausiai u\u017eduodamus klausimus apie Medicin\u0105. Jei turite klausimo, kurio ie\u0161kote, bet nerandate, susisiekite su mumis.[\/vc_column_text][\/vc_column_inner][\/vc_row_inner][vc_row_inner][vc_column_inner][vc_btn title=&#8221;Susisiekti&#8221; link=&#8221;url:%2Flt%2Fkontaktas%2F&#8221;][\/vc_column_inner][\/vc_row_inner][\/vc_column][\/vc_row][\/vc_section][vc_section][vc_row][vc_column][vc_row_inner][vc_column_inner][vc_empty_space height=&#8221;75px&#8221;][\/vc_column_inner][\/vc_row_inner][vc_row_inner][vc_column_inner][vc_column_text] Pristatymo politika U\u017esakymo at\u0161aukimo politika L\u0117\u0161\u0173 gr\u0105\u017einimo politika Privatumo politika Atsisakymas [\/vc_column_text][\/vc_column_inner][\/vc_row_inner][\/vc_column][\/vc_row][\/vc_section][vc_section el_id=&#8221;shipping&#8221;][vc_row][vc_column][vc_row_inner][vc_column_inner][vc_empty_space height=&#8221;75px&#8221;][vc_custom_heading text=&#8221;Siuntimo politika&#8221; use_theme_fonts=&#8221;yes&#8221;][\/vc_column_inner][\/vc_row_inner][vc_row_inner][vc_column_inner][vc_column_text]M\u016bs\u0173 si\u016blomi vaistai yra gaminami ir siun\u010diami i\u0161 Indijos.","og_url":"https:\/\/medicinasinc.com\/lt\/politika\/","og_site_name":"Medicinas Inc","article_modified_time":"2022-04-05T17:27:50+00:00","twitter_card":"summary_large_image","twitter_misc":{"Est. reading time":"7 minutes"},"schema":{"@context":"https:\/\/schema.org","@graph":[{"@type":"WebPage","@id":"https:\/\/medicinasinc.com\/lt\/politika\/","url":"https:\/\/medicinasinc.com\/lt\/politika\/","name":"Privatumas ir s\u0105lygos - Medicinas Inc","isPartOf":{"@id":"https:\/\/medicinasinc.com\/lt\/#website"},"primaryImageOfPage":{"@id":"https:\/\/medicinasinc.com\/lt\/politika\/#primaryimage"},"image":{"@id":"https:\/\/medicinasinc.com\/lt\/politika\/#primaryimage"},"thumbnailUrl":"https:\/\/medicinasinc.com\/lt\/wp-content\/uploads\/sites\/9\/2022\/04\/woocommerce-placeholder-medicinasinc.com_.png","datePublished":"2022-02-19T02:31:18+00:00","dateModified":"2022-04-05T17:27:50+00:00","inLanguage":"en-US","potentialAction":[{"@type":"ReadAction","target":["https:\/\/medicinasinc.com\/lt\/politika\/"]}]},{"@type":"ImageObject","inLanguage":"en-US","@id":"https:\/\/medicinasinc.com\/lt\/politika\/#primaryimage","url":"https:\/\/medicinasinc.com\/lt\/wp-content\/uploads\/sites\/9\/2022\/04\/woocommerce-placeholder-medicinasinc.com_.png","contentUrl":"https:\/\/medicinasinc.com\/lt\/wp-content\/uploads\/sites\/9\/2022\/04\/woocommerce-placeholder-medicinasinc.com_.png","width":1200,"height":1200},{"@type":"WebSite","@id":"https:\/\/medicinasinc.com\/lt\/#website","url":"https:\/\/medicinasinc.com\/lt\/","name":"Medicinas Inc","description":"Sveikatos medicinos klinika","potentialAction":[{"@type":"SearchAction","target":{"@type":"EntryPoint","urlTemplate":"https:\/\/medicinasinc.com\/lt\/?s={search_term_string}"},"query-input":{"@type":"PropertyValueSpecification","valueRequired":true,"valueName":"search_term_string"}}],"inLanguage":"en-US"}]}},"_links":{"self":[{"href":"https:\/\/medicinasinc.com\/lt\/wp-json\/wp\/v2\/pages\/3","targetHints":{"allow":["GET"]}}],"collection":[{"href":"https:\/\/medicinasinc.com\/lt\/wp-json\/wp\/v2\/pages"}],"about":[{"href":"https:\/\/medicinasinc.com\/lt\/wp-json\/wp\/v2\/types\/page"}],"author":[{"embeddable":true,"href":"https:\/\/medicinasinc.com\/lt\/wp-json\/wp\/v2\/users\/1"}],"replies":[{"embeddable":true,"href":"https:\/\/medicinasinc.com\/lt\/wp-json\/wp\/v2\/comments?post=3"}],"version-history":[{"count":0,"href":"https:\/\/medicinasinc.com\/lt\/wp-json\/wp\/v2\/pages\/3\/revisions"}],"wp:featuredmedia":[{"embeddable":true,"href":"https:\/\/medicinasinc.com\/lt\/wp-json\/wp\/v2\/media\/6020"}],"wp:attachment":[{"href":"https:\/\/medicinasinc.com\/lt\/wp-json\/wp\/v2\/media?parent=3"}],"curies":[{"name":"wp","href":"https:\/\/api.w.org\/{rel}","templated":true}]}}