{"id":5926,"date":"2022-02-22T08:28:02","date_gmt":"2022-02-22T08:28:02","guid":{"rendered":"https:\/\/medicinasinc.com\/it\/?post_type=product&#038;p=5926"},"modified":"2022-03-16T23:59:06","modified_gmt":"2022-03-16T23:59:06","slug":"buy-thj-018","status":"publish","type":"product","link":"https:\/\/medicinasinc.com\/it\/product\/buy-thj-018\/","title":{"rendered":"Acquista THJ-018"},"content":{"rendered":"<p>Nonostante la crescente prevalenza di nuovi composti psicoattivi, attualmente non sono disponibili dati sul metabolismo umano, il che rende pi\u00f9 difficili la documentazione di laboratorio sull&#8217;ingestione nei campioni di urina e la valutazione delle caratteristiche farmacodinamiche, farmacocinetiche e tossicologiche dei medicinali.<\/p>\n<p>Gli analoghi sintetici dell&#8217;indazolo della cannabis di JWH-018 e THJ-2201 sono stati rilasciati nel 2014 come THJ-018 e THJ-2201.<\/p>\n<p>THJ 018 \u00e8 un nuovissimo farmaco sintetico disponibile per l&#8217;acquisto. \u00c8 classificato come cannabinoide. Questo composto \u00e8 un derivato del noto farmaco jwh 018.<\/p>\n<p>Il National Forensic Laboratory Information System ha 220 rapporti THJ-2201, secondo AM-2201. Nel gennaio 2015, la Drug Enforcement Administration ha classificato THJ-2201 come Schedule I a causa di molti eventi avversi.<\/p>\n<p>METODI: Dopo aver incubato 10 mol\/L THJ-018 e THJ-2201 in epatociti umani per 3 ore, abbiamo impiegato la spettrometria di massa ad alta risoluzione (HR-MS) (TripleTOF 5600+) per scoprire marcatori di metaboliti ottimali. Le scansioni ioniche del prodotto con filtri per i difetti di massa sono state attivate mediante scansione completa e acquisizione dipendente dalle informazioni. MetaSite \u00e8 stato utilizzato per fare previsioni sui metaboliti in silico, che sono state poi confrontate con i metaboliti presenti negli epatociti umani.<\/p>\n<p>RISULTATI: sono stati trovati tredici metaboliti THJ-018, con idrossilazione sulla catena N-pentil e successiva ossidazione o la glucuronidazione \u00e8 la via metabolica predominante. C&#8217;erano 27 metaboliti trovati in THJ-2201, la maggior parte dei quali era defluorurazione ossidativa seguita da carbossilazione o glucuronidazione, nonch\u00e9 glucuronidazione di metaboliti idrossilati.<\/p>\n<p>Entrambi i composti hanno mostrato sintesi di diidrodiolo sulla parte naftalenica. La previsione di MetaSite era accurata per i metaboliti degli epatociti THJ-018, mentre la defluorurazione ossidativa THJ-2201 era sottostimata.<\/p>\n<p>CONCLUSIONI: Abbiamo studiato il metabolismo di THJ-018 e THJ-2201 negli epatociti umani utilizzando HR-MS per l&#8217;acquisizione dei dati e elaborazione e raccomandiamo indicatori pertinenti ai laboratori per identificare l&#8217;ingestione di THJ-018 e THJ-2201 e correlare gli esiti negativi documentati a questi nuovi cannabinoidi sintetici.<\/p>\n<p>Le SC si legano ai recettori dei cannabinoidi endogeni e producono effetti cannabimimetici paragonabili a 9 -tetraidrocannabinolo (1, 2). L&#8217;abuso di SC3 porta a importanti effetti collaterali come danno renale acuto, infarto del miocardio e morte (3, 4).<\/p>\n<p>Nonostante questi rischi, le persone continuano a consumare SC. Molti SC sono stati programmati negli Stati Uniti, in Giappone e nella maggior parte delle nazioni europee (ad esempio, JWH018, JWH-073, AKB48 e XLR-11); tuttavia, emergono costantemente altri composti strutturalmente diversi.<\/p>\n","protected":false},"excerpt":{"rendered":"<p>Compra THJ-018 (SGT-17) in vendita Europa, Regno Unito \u00e8 un cannabinoide sintetico che \u00e8 l&#8217;analogo indazolo di JWH-018 ed \u00e8 stato venduto online come droga di sintesi. Ordine all&#8217;ingrosso disponibile<\/p>\n","protected":false},"featured_media":5940,"comment_status":"open","ping_status":"closed","template":"","meta":[],"product_brand":[],"product_cat":[2596],"product_tag":[4106,4103,4104,4109,4107,4105,4108],"class_list":{"0":"post-5926","1":"product","2":"type-product","3":"status-publish","4":"has-post-thumbnail","6":"product_cat-cannabinoidi-in-vendita","7":"product_tag-acquisto-thj-018-online","8":"product_tag-compra-thj-018-online","9":"product_tag-come-acquistare-thj-018-online","10":"product_tag-dove-acquistare-thj-018-online","11":"product_tag-il-posto-migliore-per-acquistare-thj-018-online","12":"product_tag-order-thj-018-online","13":"product_tag-thj-018-in-vendita","15":"first","16":"instock","17":"shipping-taxable","18":"purchasable","19":"product-type-variable"},"yoast_head":"<!-- This site is optimized with the Yoast SEO plugin v27.3 - https:\/\/yoast.com\/product\/yoast-seo-wordpress\/ -->\n<title>Acquista THJ-018 - SGT-17 - I migliori farmaci globali migliori<\/title>\n<meta name=\"description\" content=\"Acquista THJ-018 (SGT-17) in vendita Europa, Regno Unito \u00e8 un cannabinoide sintetico che \u00e8 l&#039;analogo indazolo di JWH-018 ed \u00e8 stato venduto online come droga di sintesi. Ordine all&#039;ingrosso disponibile\" \/>\n<meta name=\"robots\" content=\"index, follow, max-snippet:-1, max-image-preview:large, max-video-preview:-1\" \/>\n<link rel=\"canonical\" href=\"https:\/\/medicinasinc.com\/it\/product\/buy-thj-018\/\" \/>\n<meta property=\"og:locale\" content=\"it_IT\" \/>\n<meta property=\"og:type\" content=\"article\" \/>\n<meta property=\"og:title\" content=\"Acquista THJ-018 - SGT-17 - I migliori farmaci globali migliori\" \/>\n<meta property=\"og:description\" content=\"Acquista THJ-018 (SGT-17) in vendita Europa, Regno Unito \u00e8 un cannabinoide sintetico che \u00e8 l&#039;analogo indazolo di JWH-018 ed \u00e8 stato venduto online come droga di sintesi. Ordine all&#039;ingrosso disponibile\" \/>\n<meta property=\"og:url\" content=\"https:\/\/medicinasinc.com\/it\/product\/buy-thj-018\/\" \/>\n<meta property=\"og:site_name\" content=\"Medicinas Inc\" \/>\n<meta property=\"article:modified_time\" content=\"2022-03-16T23:59:06+00:00\" \/>\n<meta property=\"og:image\" content=\"https:\/\/medicinasinc.com\/it\/wp-content\/uploads\/sites\/4\/2022\/02\/Buy-THJ-018.jpeg\" \/>\n\t<meta property=\"og:image:width\" content=\"751\" \/>\n\t<meta property=\"og:image:height\" content=\"800\" \/>\n\t<meta property=\"og:image:type\" content=\"image\/jpeg\" \/>\n<meta name=\"twitter:card\" content=\"summary_large_image\" \/>\n<meta name=\"twitter:label1\" content=\"Tempo di lettura stimato\" \/>\n\t<meta name=\"twitter:data1\" content=\"2 minuti\" \/>\n<script type=\"application\/ld+json\" class=\"yoast-schema-graph\">{\"@context\":\"https:\\\/\\\/schema.org\",\"@graph\":[{\"@type\":\"WebPage\",\"@id\":\"https:\\\/\\\/medicinasinc.com\\\/it\\\/product\\\/buy-thj-018\\\/\",\"url\":\"https:\\\/\\\/medicinasinc.com\\\/it\\\/product\\\/buy-thj-018\\\/\",\"name\":\"Acquista THJ-018 - SGT-17 - I migliori farmaci globali migliori\",\"isPartOf\":{\"@id\":\"https:\\\/\\\/medicinasinc.com\\\/it\\\/#website\"},\"primaryImageOfPage\":{\"@id\":\"https:\\\/\\\/medicinasinc.com\\\/it\\\/product\\\/buy-thj-018\\\/#primaryimage\"},\"image\":{\"@id\":\"https:\\\/\\\/medicinasinc.com\\\/it\\\/product\\\/buy-thj-018\\\/#primaryimage\"},\"thumbnailUrl\":\"https:\\\/\\\/medicinasinc.com\\\/it\\\/wp-content\\\/uploads\\\/sites\\\/4\\\/2022\\\/02\\\/Buy-THJ-018.jpeg\",\"datePublished\":\"2022-02-22T08:28:02+00:00\",\"dateModified\":\"2022-03-16T23:59:06+00:00\",\"description\":\"Acquista THJ-018 (SGT-17) in vendita Europa, Regno Unito \u00e8 un cannabinoide sintetico che \u00e8 l'analogo indazolo di JWH-018 ed \u00e8 stato venduto online come droga di sintesi. Ordine all'ingrosso disponibile\",\"breadcrumb\":{\"@id\":\"https:\\\/\\\/medicinasinc.com\\\/it\\\/product\\\/buy-thj-018\\\/#breadcrumb\"},\"inLanguage\":\"it-IT\",\"potentialAction\":[{\"@type\":\"ReadAction\",\"target\":[\"https:\\\/\\\/medicinasinc.com\\\/it\\\/product\\\/buy-thj-018\\\/\"]}]},{\"@type\":\"ImageObject\",\"inLanguage\":\"it-IT\",\"@id\":\"https:\\\/\\\/medicinasinc.com\\\/it\\\/product\\\/buy-thj-018\\\/#primaryimage\",\"url\":\"https:\\\/\\\/medicinasinc.com\\\/it\\\/wp-content\\\/uploads\\\/sites\\\/4\\\/2022\\\/02\\\/Buy-THJ-018.jpeg\",\"contentUrl\":\"https:\\\/\\\/medicinasinc.com\\\/it\\\/wp-content\\\/uploads\\\/sites\\\/4\\\/2022\\\/02\\\/Buy-THJ-018.jpeg\",\"width\":751,\"height\":800},{\"@type\":\"BreadcrumbList\",\"@id\":\"https:\\\/\\\/medicinasinc.com\\\/it\\\/product\\\/buy-thj-018\\\/#breadcrumb\",\"itemListElement\":[{\"@type\":\"ListItem\",\"position\":1,\"name\":\"Negozio\",\"item\":\"https:\\\/\\\/medicinasinc.com\\\/it\\\/negozio\\\/\"},{\"@type\":\"ListItem\",\"position\":2,\"name\":\"Acquista THJ-018\"}]},{\"@type\":\"WebSite\",\"@id\":\"https:\\\/\\\/medicinasinc.com\\\/it\\\/#website\",\"url\":\"https:\\\/\\\/medicinasinc.com\\\/it\\\/\",\"name\":\"Medicinas Inc\",\"description\":\"Health Medical Clinic\",\"potentialAction\":[{\"@type\":\"SearchAction\",\"target\":{\"@type\":\"EntryPoint\",\"urlTemplate\":\"https:\\\/\\\/medicinasinc.com\\\/it\\\/?s={search_term_string}\"},\"query-input\":{\"@type\":\"PropertyValueSpecification\",\"valueRequired\":true,\"valueName\":\"search_term_string\"}}],\"inLanguage\":\"it-IT\"}]}<\/script>\n<!-- \/ Yoast SEO plugin. -->","yoast_head_json":{"title":"Acquista THJ-018 - SGT-17 - I migliori farmaci globali migliori","description":"Acquista THJ-018 (SGT-17) in vendita Europa, Regno Unito \u00e8 un cannabinoide sintetico che \u00e8 l'analogo indazolo di JWH-018 ed \u00e8 stato venduto online come droga di sintesi. Ordine all'ingrosso disponibile","robots":{"index":"index","follow":"follow","max-snippet":"max-snippet:-1","max-image-preview":"max-image-preview:large","max-video-preview":"max-video-preview:-1"},"canonical":"https:\/\/medicinasinc.com\/it\/product\/buy-thj-018\/","og_locale":"it_IT","og_type":"article","og_title":"Acquista THJ-018 - SGT-17 - I migliori farmaci globali migliori","og_description":"Acquista THJ-018 (SGT-17) in vendita Europa, Regno Unito \u00e8 un cannabinoide sintetico che \u00e8 l'analogo indazolo di JWH-018 ed \u00e8 stato venduto online come droga di sintesi. Ordine all'ingrosso disponibile","og_url":"https:\/\/medicinasinc.com\/it\/product\/buy-thj-018\/","og_site_name":"Medicinas Inc","article_modified_time":"2022-03-16T23:59:06+00:00","og_image":[{"width":751,"height":800,"url":"https:\/\/medicinasinc.com\/it\/wp-content\/uploads\/sites\/4\/2022\/02\/Buy-THJ-018.jpeg","type":"image\/jpeg"}],"twitter_card":"summary_large_image","twitter_misc":{"Tempo di lettura stimato":"2 minuti"},"schema":{"@context":"https:\/\/schema.org","@graph":[{"@type":"WebPage","@id":"https:\/\/medicinasinc.com\/it\/product\/buy-thj-018\/","url":"https:\/\/medicinasinc.com\/it\/product\/buy-thj-018\/","name":"Acquista THJ-018 - SGT-17 - I migliori farmaci globali migliori","isPartOf":{"@id":"https:\/\/medicinasinc.com\/it\/#website"},"primaryImageOfPage":{"@id":"https:\/\/medicinasinc.com\/it\/product\/buy-thj-018\/#primaryimage"},"image":{"@id":"https:\/\/medicinasinc.com\/it\/product\/buy-thj-018\/#primaryimage"},"thumbnailUrl":"https:\/\/medicinasinc.com\/it\/wp-content\/uploads\/sites\/4\/2022\/02\/Buy-THJ-018.jpeg","datePublished":"2022-02-22T08:28:02+00:00","dateModified":"2022-03-16T23:59:06+00:00","description":"Acquista THJ-018 (SGT-17) in vendita Europa, Regno Unito \u00e8 un cannabinoide sintetico che \u00e8 l'analogo indazolo di JWH-018 ed \u00e8 stato venduto online come droga di sintesi. Ordine all'ingrosso disponibile","breadcrumb":{"@id":"https:\/\/medicinasinc.com\/it\/product\/buy-thj-018\/#breadcrumb"},"inLanguage":"it-IT","potentialAction":[{"@type":"ReadAction","target":["https:\/\/medicinasinc.com\/it\/product\/buy-thj-018\/"]}]},{"@type":"ImageObject","inLanguage":"it-IT","@id":"https:\/\/medicinasinc.com\/it\/product\/buy-thj-018\/#primaryimage","url":"https:\/\/medicinasinc.com\/it\/wp-content\/uploads\/sites\/4\/2022\/02\/Buy-THJ-018.jpeg","contentUrl":"https:\/\/medicinasinc.com\/it\/wp-content\/uploads\/sites\/4\/2022\/02\/Buy-THJ-018.jpeg","width":751,"height":800},{"@type":"BreadcrumbList","@id":"https:\/\/medicinasinc.com\/it\/product\/buy-thj-018\/#breadcrumb","itemListElement":[{"@type":"ListItem","position":1,"name":"Negozio","item":"https:\/\/medicinasinc.com\/it\/negozio\/"},{"@type":"ListItem","position":2,"name":"Acquista THJ-018"}]},{"@type":"WebSite","@id":"https:\/\/medicinasinc.com\/it\/#website","url":"https:\/\/medicinasinc.com\/it\/","name":"Medicinas Inc","description":"Health Medical Clinic","potentialAction":[{"@type":"SearchAction","target":{"@type":"EntryPoint","urlTemplate":"https:\/\/medicinasinc.com\/it\/?s={search_term_string}"},"query-input":{"@type":"PropertyValueSpecification","valueRequired":true,"valueName":"search_term_string"}}],"inLanguage":"it-IT"}]}},"_links":{"self":[{"href":"https:\/\/medicinasinc.com\/it\/wp-json\/wp\/v2\/product\/5926","targetHints":{"allow":["GET"]}}],"collection":[{"href":"https:\/\/medicinasinc.com\/it\/wp-json\/wp\/v2\/product"}],"about":[{"href":"https:\/\/medicinasinc.com\/it\/wp-json\/wp\/v2\/types\/product"}],"replies":[{"embeddable":true,"href":"https:\/\/medicinasinc.com\/it\/wp-json\/wp\/v2\/comments?post=5926"}],"wp:featuredmedia":[{"embeddable":true,"href":"https:\/\/medicinasinc.com\/it\/wp-json\/wp\/v2\/media\/5940"}],"wp:attachment":[{"href":"https:\/\/medicinasinc.com\/it\/wp-json\/wp\/v2\/media?parent=5926"}],"wp:term":[{"taxonomy":"product_brand","embeddable":true,"href":"https:\/\/medicinasinc.com\/it\/wp-json\/wp\/v2\/product_brand?post=5926"},{"taxonomy":"product_cat","embeddable":true,"href":"https:\/\/medicinasinc.com\/it\/wp-json\/wp\/v2\/product_cat?post=5926"},{"taxonomy":"product_tag","embeddable":true,"href":"https:\/\/medicinasinc.com\/it\/wp-json\/wp\/v2\/product_tag?post=5926"}],"curies":[{"name":"wp","href":"https:\/\/api.w.org\/{rel}","templated":true}]}}