{"id":5917,"date":"2022-02-22T08:19:52","date_gmt":"2022-02-22T08:19:52","guid":{"rendered":"https:\/\/medicinasinc.com\/it\/?post_type=product&#038;p=5917"},"modified":"2022-03-16T23:59:24","modified_gmt":"2022-03-16T23:59:24","slug":"buy-nm-2201","status":"publish","type":"product","link":"https:\/\/medicinasinc.com\/it\/product\/buy-nm-2201\/","title":{"rendered":"Acquista NM-2201"},"content":{"rendered":"<p>\u00c8 un cannabinoide sintetico a base di indolo chiamato CBL-2201. Probabilmente ha le stesse propriet\u00e0 di 5F-PB-22 e NNE1, che sono entrambi agonisti completi e si legano ai recettori CB1 e CB2 con bassa affinit\u00e0 nanomolare.<\/p>\n<p>Acquista NM-2201 online \u00e8 un buon posto per acquistare prodotti chimici di ricerca. Puoi acquistare NM-2201 online da un fornitore di fiducia a un prezzo scontato. Globalhomemed.com \u00e8 il posto dove comprarlo. \u00c8 sicuro inviare NM-2201 dall&#8217;Europa agli Stati Uniti e in altri luoghi.<\/p>\n<p>Questo \u00e8 un cannabinoide sintetico chiamato NM-2201. Ha molte delle stesse propriet\u00e0 dei suoi parenti stretti, 5F-PB-22 e NNE1, che sono entrambi agonisti completi e si legano ai recettori CB1 e CB2 con bassa affinit\u00e0 nanomolare.<\/p>\n<p>Solo per la ricerca. Non pu\u00f2 essere utilizzato per nient&#8217;altro, come diagnostica in vivo, cibo, farmaci, dispositivi medici e cosmetici per l&#8217;uomo e\/o gli animali, e non pu\u00f2 essere utilizzato su esseri umani o animali.<\/p>\n<p>5F -PB-22 e NNE1 sono entrambi cannabinoidi sintetici a base di indolo. Sono entrambi agonisti completi e si legano ai recettori CB1 e CB2 con bassa affinit\u00e0 nanomolare.<\/p>\n<p>1. 1-(5-fluoro-pentil)-1H, acido 3-carbossilico N-naftalene-1-il estere N-naftalene-1-il estere N-naftalene-1-il estere N-naftalene-1-1-il estere NM-2201 ha la formula chimica C24H22FNO2 e pesa 375,16 grammi. \u00c8 ancora molto presto nel processo di studio di NM-2201. Non ci sono ancora dati sufficienti per mostrare cosa pu\u00f2 fare. Tuttavia, \u00e8 lo stesso di AM-2201. Ci\u00f2 significa che le caratteristiche sono le stesse.<\/p>\n<p>Questo \u00e8 un cannabinoide sintetico chiamato NM-2201. Ha molte delle stesse propriet\u00e0 dei suoi parenti stretti, 5F-PB-22 e NNE1, che sono entrambi agonisti completi e si legano ai recettori CB1 e CB2 con bassa affinit\u00e0 nanomolare.<\/p>\n<p>Solo per la ricerca. Non pu\u00f2 essere utilizzato per nient&#8217;altro, come diagnostica in vivo, cibo, farmaci, dispositivi medici e cosmetici per l&#8217;uomo e\/o gli animali, e non pu\u00f2 essere utilizzato su esseri umani o animali.<\/p>\n<p>5F -PB-22 e NNE1 sono entrambi cannabinoidi sintetici a base di indolo. Sono entrambi agonisti completi e si legano ai recettori CB1 e CB2 con bassa affinit\u00e0 nanomolare.<\/p>\n<p>1. 1-(5-fluoro-pentil)-1H, acido 3-carbossilico N-naftalene-1-il estere N-naftalene-1-il estere N-naftalene-1-il estere N-naftalene-1-1-il estere NM-2201 ha la formula chimica C24H22FNO2 e pesa 375,16 grammi. \u00c8 ancora molto presto nel processo di studio di NM-2201. Non ci sono ancora dati sufficienti per mostrare cosa pu\u00f2 fare. Tuttavia, \u00e8 lo stesso di AM-2201. Ci\u00f2 significa che le caratteristiche sono le stesse.<\/p>\n","protected":false},"excerpt":{"rendered":"<p><b>Acquista NM-2201 <\/b>in vendita Europa, Regno Unito (noto anche come\u00a0<b>CBL-2201<\/b>) \u00e8 un\u00a0<a class=\"mw-redirect\" title=\"a\" href=\"https:\/\/en.wikipedia.org\/wiki\/Synthetic_cannabinoid\">cannabinoide sintetico<\/a>\u00a0che presumibilmente ha propriet\u00e0 simili a\u00a05F-PB-22\u00a0e\u00a0NNE1 strettamente correlati, che sono entrambi\u00a0agonisti completi e\u00a0si legano in modo non selettivo ai recettori CB<sub>1<\/sub>\u00a0e\u00a0CB<sub>2<\/sub> con bassa affinit\u00e0 nanomolare, disponibile all&#8217;ingrosso<\/p>\n","protected":false},"featured_media":5938,"comment_status":"open","ping_status":"closed","template":"","meta":[],"product_brand":[],"product_cat":[2596],"product_tag":[4093,4090,4095,4094,4091,4092],"class_list":{"0":"post-5917","1":"product","2":"type-product","3":"status-publish","4":"has-post-thumbnail","6":"product_cat-cannabinoidi-in-vendita","7":"product_tag-acquisto-nm2201-online","8":"product_tag-compra-nm2201-on-line","9":"product_tag-dove-acquistare-nm2201-online","10":"product_tag-il-miglior-posto-per-comprare-nm2201-online","11":"product_tag-nm2201-for-sale","12":"product_tag-ordine-nm2201-in-linea","14":"first","15":"instock","16":"featured","17":"shipping-taxable","18":"purchasable","19":"product-type-variable"},"yoast_head":"<!-- This site is optimized with the Yoast SEO plugin v27.3 - https:\/\/yoast.com\/product\/yoast-seo-wordpress\/ -->\n<title>Acquista NM-2201\u00a0- CBL-2201 - I migliori farmaci globali migliori<\/title>\n<meta name=\"description\" content=\"Acquista NM-2201 in vendita Europa, Regno Unito (noto anche come\u00a0CBL-2201) \u00e8 un\u00a0cannabinoide\u00a0sintetico a base di indolo\u00a0che presumibilmente ha propriet\u00e0 simili a\u00a05F-PB-22\u00a0e\u00a0NNE1 strettamente correlati, che sono entrambi\u00a0agonisti completi\u00a0e\u00a0non si legano\u00a0selettivamente a Recettori CB1\u00a0e\u00a0CB2 con bassa affinit\u00e0 nanomolare, disponibili all&#039;ingrosso\" \/>\n<meta name=\"robots\" content=\"index, follow, max-snippet:-1, max-image-preview:large, max-video-preview:-1\" \/>\n<link rel=\"canonical\" href=\"https:\/\/medicinasinc.com\/it\/product\/buy-nm-2201\/\" \/>\n<meta property=\"og:locale\" content=\"it_IT\" \/>\n<meta property=\"og:type\" content=\"article\" \/>\n<meta property=\"og:title\" content=\"Acquista NM-2201\u00a0- CBL-2201 - I migliori farmaci globali migliori\" \/>\n<meta property=\"og:description\" content=\"Acquista NM-2201 in vendita Europa, Regno Unito (noto anche come\u00a0CBL-2201) \u00e8 un\u00a0cannabinoide\u00a0sintetico a base di indolo\u00a0che presumibilmente ha propriet\u00e0 simili a\u00a05F-PB-22\u00a0e\u00a0NNE1 strettamente correlati, che sono entrambi\u00a0agonisti completi\u00a0e\u00a0non si legano\u00a0selettivamente a Recettori CB1\u00a0e\u00a0CB2 con bassa affinit\u00e0 nanomolare, disponibili all&#039;ingrosso\" \/>\n<meta property=\"og:url\" content=\"https:\/\/medicinasinc.com\/it\/product\/buy-nm-2201\/\" \/>\n<meta property=\"og:site_name\" content=\"Medicinas Inc\" \/>\n<meta property=\"article:modified_time\" content=\"2022-03-16T23:59:24+00:00\" \/>\n<meta property=\"og:image\" content=\"https:\/\/medicinasinc.com\/it\/wp-content\/uploads\/sites\/4\/2022\/02\/Buy-NM-2201.jpg\" \/>\n\t<meta property=\"og:image:width\" content=\"458\" \/>\n\t<meta property=\"og:image:height\" content=\"458\" \/>\n\t<meta property=\"og:image:type\" content=\"image\/jpeg\" \/>\n<meta name=\"twitter:card\" content=\"summary_large_image\" \/>\n<meta name=\"twitter:label1\" content=\"Tempo di lettura stimato\" \/>\n\t<meta name=\"twitter:data1\" content=\"2 minuti\" \/>\n<script type=\"application\/ld+json\" class=\"yoast-schema-graph\">{\"@context\":\"https:\\\/\\\/schema.org\",\"@graph\":[{\"@type\":\"WebPage\",\"@id\":\"https:\\\/\\\/medicinasinc.com\\\/it\\\/product\\\/buy-nm-2201\\\/\",\"url\":\"https:\\\/\\\/medicinasinc.com\\\/it\\\/product\\\/buy-nm-2201\\\/\",\"name\":\"Acquista NM-2201\u00a0- CBL-2201 - I migliori farmaci globali migliori\",\"isPartOf\":{\"@id\":\"https:\\\/\\\/medicinasinc.com\\\/it\\\/#website\"},\"primaryImageOfPage\":{\"@id\":\"https:\\\/\\\/medicinasinc.com\\\/it\\\/product\\\/buy-nm-2201\\\/#primaryimage\"},\"image\":{\"@id\":\"https:\\\/\\\/medicinasinc.com\\\/it\\\/product\\\/buy-nm-2201\\\/#primaryimage\"},\"thumbnailUrl\":\"https:\\\/\\\/medicinasinc.com\\\/it\\\/wp-content\\\/uploads\\\/sites\\\/4\\\/2022\\\/02\\\/Buy-NM-2201.jpg\",\"datePublished\":\"2022-02-22T08:19:52+00:00\",\"dateModified\":\"2022-03-16T23:59:24+00:00\",\"description\":\"Acquista NM-2201 in vendita Europa, Regno Unito (noto anche come\u00a0CBL-2201) \u00e8 un\u00a0cannabinoide\u00a0sintetico a base di indolo\u00a0che presumibilmente ha propriet\u00e0 simili a\u00a05F-PB-22\u00a0e\u00a0NNE1 strettamente correlati, che sono entrambi\u00a0agonisti completi\u00a0e\u00a0non si legano\u00a0selettivamente a Recettori CB1\u00a0e\u00a0CB2 con bassa affinit\u00e0 nanomolare, disponibili all'ingrosso\",\"breadcrumb\":{\"@id\":\"https:\\\/\\\/medicinasinc.com\\\/it\\\/product\\\/buy-nm-2201\\\/#breadcrumb\"},\"inLanguage\":\"it-IT\",\"potentialAction\":[{\"@type\":\"ReadAction\",\"target\":[\"https:\\\/\\\/medicinasinc.com\\\/it\\\/product\\\/buy-nm-2201\\\/\"]}]},{\"@type\":\"ImageObject\",\"inLanguage\":\"it-IT\",\"@id\":\"https:\\\/\\\/medicinasinc.com\\\/it\\\/product\\\/buy-nm-2201\\\/#primaryimage\",\"url\":\"https:\\\/\\\/medicinasinc.com\\\/it\\\/wp-content\\\/uploads\\\/sites\\\/4\\\/2022\\\/02\\\/Buy-NM-2201.jpg\",\"contentUrl\":\"https:\\\/\\\/medicinasinc.com\\\/it\\\/wp-content\\\/uploads\\\/sites\\\/4\\\/2022\\\/02\\\/Buy-NM-2201.jpg\",\"width\":458,\"height\":458},{\"@type\":\"BreadcrumbList\",\"@id\":\"https:\\\/\\\/medicinasinc.com\\\/it\\\/product\\\/buy-nm-2201\\\/#breadcrumb\",\"itemListElement\":[{\"@type\":\"ListItem\",\"position\":1,\"name\":\"Negozio\",\"item\":\"https:\\\/\\\/medicinasinc.com\\\/it\\\/negozio\\\/\"},{\"@type\":\"ListItem\",\"position\":2,\"name\":\"Acquista NM-2201\"}]},{\"@type\":\"WebSite\",\"@id\":\"https:\\\/\\\/medicinasinc.com\\\/it\\\/#website\",\"url\":\"https:\\\/\\\/medicinasinc.com\\\/it\\\/\",\"name\":\"Medicinas Inc\",\"description\":\"Health Medical Clinic\",\"potentialAction\":[{\"@type\":\"SearchAction\",\"target\":{\"@type\":\"EntryPoint\",\"urlTemplate\":\"https:\\\/\\\/medicinasinc.com\\\/it\\\/?s={search_term_string}\"},\"query-input\":{\"@type\":\"PropertyValueSpecification\",\"valueRequired\":true,\"valueName\":\"search_term_string\"}}],\"inLanguage\":\"it-IT\"}]}<\/script>\n<!-- \/ Yoast SEO plugin. -->","yoast_head_json":{"title":"Acquista NM-2201\u00a0- CBL-2201 - I migliori farmaci globali migliori","description":"Acquista NM-2201 in vendita Europa, Regno Unito (noto anche come\u00a0CBL-2201) \u00e8 un\u00a0cannabinoide\u00a0sintetico a base di indolo\u00a0che presumibilmente ha propriet\u00e0 simili a\u00a05F-PB-22\u00a0e\u00a0NNE1 strettamente correlati, che sono entrambi\u00a0agonisti completi\u00a0e\u00a0non si legano\u00a0selettivamente a Recettori CB1\u00a0e\u00a0CB2 con bassa affinit\u00e0 nanomolare, disponibili all'ingrosso","robots":{"index":"index","follow":"follow","max-snippet":"max-snippet:-1","max-image-preview":"max-image-preview:large","max-video-preview":"max-video-preview:-1"},"canonical":"https:\/\/medicinasinc.com\/it\/product\/buy-nm-2201\/","og_locale":"it_IT","og_type":"article","og_title":"Acquista NM-2201\u00a0- CBL-2201 - I migliori farmaci globali migliori","og_description":"Acquista NM-2201 in vendita Europa, Regno Unito (noto anche come\u00a0CBL-2201) \u00e8 un\u00a0cannabinoide\u00a0sintetico a base di indolo\u00a0che presumibilmente ha propriet\u00e0 simili a\u00a05F-PB-22\u00a0e\u00a0NNE1 strettamente correlati, che sono entrambi\u00a0agonisti completi\u00a0e\u00a0non si legano\u00a0selettivamente a Recettori CB1\u00a0e\u00a0CB2 con bassa affinit\u00e0 nanomolare, disponibili all'ingrosso","og_url":"https:\/\/medicinasinc.com\/it\/product\/buy-nm-2201\/","og_site_name":"Medicinas Inc","article_modified_time":"2022-03-16T23:59:24+00:00","og_image":[{"width":458,"height":458,"url":"https:\/\/medicinasinc.com\/it\/wp-content\/uploads\/sites\/4\/2022\/02\/Buy-NM-2201.jpg","type":"image\/jpeg"}],"twitter_card":"summary_large_image","twitter_misc":{"Tempo di lettura stimato":"2 minuti"},"schema":{"@context":"https:\/\/schema.org","@graph":[{"@type":"WebPage","@id":"https:\/\/medicinasinc.com\/it\/product\/buy-nm-2201\/","url":"https:\/\/medicinasinc.com\/it\/product\/buy-nm-2201\/","name":"Acquista NM-2201\u00a0- CBL-2201 - I migliori farmaci globali migliori","isPartOf":{"@id":"https:\/\/medicinasinc.com\/it\/#website"},"primaryImageOfPage":{"@id":"https:\/\/medicinasinc.com\/it\/product\/buy-nm-2201\/#primaryimage"},"image":{"@id":"https:\/\/medicinasinc.com\/it\/product\/buy-nm-2201\/#primaryimage"},"thumbnailUrl":"https:\/\/medicinasinc.com\/it\/wp-content\/uploads\/sites\/4\/2022\/02\/Buy-NM-2201.jpg","datePublished":"2022-02-22T08:19:52+00:00","dateModified":"2022-03-16T23:59:24+00:00","description":"Acquista NM-2201 in vendita Europa, Regno Unito (noto anche come\u00a0CBL-2201) \u00e8 un\u00a0cannabinoide\u00a0sintetico a base di indolo\u00a0che presumibilmente ha propriet\u00e0 simili a\u00a05F-PB-22\u00a0e\u00a0NNE1 strettamente correlati, che sono entrambi\u00a0agonisti completi\u00a0e\u00a0non si legano\u00a0selettivamente a Recettori CB1\u00a0e\u00a0CB2 con bassa affinit\u00e0 nanomolare, disponibili all'ingrosso","breadcrumb":{"@id":"https:\/\/medicinasinc.com\/it\/product\/buy-nm-2201\/#breadcrumb"},"inLanguage":"it-IT","potentialAction":[{"@type":"ReadAction","target":["https:\/\/medicinasinc.com\/it\/product\/buy-nm-2201\/"]}]},{"@type":"ImageObject","inLanguage":"it-IT","@id":"https:\/\/medicinasinc.com\/it\/product\/buy-nm-2201\/#primaryimage","url":"https:\/\/medicinasinc.com\/it\/wp-content\/uploads\/sites\/4\/2022\/02\/Buy-NM-2201.jpg","contentUrl":"https:\/\/medicinasinc.com\/it\/wp-content\/uploads\/sites\/4\/2022\/02\/Buy-NM-2201.jpg","width":458,"height":458},{"@type":"BreadcrumbList","@id":"https:\/\/medicinasinc.com\/it\/product\/buy-nm-2201\/#breadcrumb","itemListElement":[{"@type":"ListItem","position":1,"name":"Negozio","item":"https:\/\/medicinasinc.com\/it\/negozio\/"},{"@type":"ListItem","position":2,"name":"Acquista NM-2201"}]},{"@type":"WebSite","@id":"https:\/\/medicinasinc.com\/it\/#website","url":"https:\/\/medicinasinc.com\/it\/","name":"Medicinas Inc","description":"Health Medical Clinic","potentialAction":[{"@type":"SearchAction","target":{"@type":"EntryPoint","urlTemplate":"https:\/\/medicinasinc.com\/it\/?s={search_term_string}"},"query-input":{"@type":"PropertyValueSpecification","valueRequired":true,"valueName":"search_term_string"}}],"inLanguage":"it-IT"}]}},"_links":{"self":[{"href":"https:\/\/medicinasinc.com\/it\/wp-json\/wp\/v2\/product\/5917","targetHints":{"allow":["GET"]}}],"collection":[{"href":"https:\/\/medicinasinc.com\/it\/wp-json\/wp\/v2\/product"}],"about":[{"href":"https:\/\/medicinasinc.com\/it\/wp-json\/wp\/v2\/types\/product"}],"replies":[{"embeddable":true,"href":"https:\/\/medicinasinc.com\/it\/wp-json\/wp\/v2\/comments?post=5917"}],"wp:featuredmedia":[{"embeddable":true,"href":"https:\/\/medicinasinc.com\/it\/wp-json\/wp\/v2\/media\/5938"}],"wp:attachment":[{"href":"https:\/\/medicinasinc.com\/it\/wp-json\/wp\/v2\/media?parent=5917"}],"wp:term":[{"taxonomy":"product_brand","embeddable":true,"href":"https:\/\/medicinasinc.com\/it\/wp-json\/wp\/v2\/product_brand?post=5917"},{"taxonomy":"product_cat","embeddable":true,"href":"https:\/\/medicinasinc.com\/it\/wp-json\/wp\/v2\/product_cat?post=5917"},{"taxonomy":"product_tag","embeddable":true,"href":"https:\/\/medicinasinc.com\/it\/wp-json\/wp\/v2\/product_tag?post=5917"}],"curies":[{"name":"wp","href":"https:\/\/api.w.org\/{rel}","templated":true}]}}