{"id":5912,"date":"2022-02-22T08:15:30","date_gmt":"2022-02-22T08:15:30","guid":{"rendered":"https:\/\/medicinasinc.com\/it\/?post_type=product&#038;p=5912"},"modified":"2022-03-16T23:59:34","modified_gmt":"2022-03-16T23:59:34","slug":"buy-mdmb-chmica","status":"publish","type":"product","link":"https:\/\/medicinasinc.com\/it\/product\/buy-mdmb-chmica\/","title":{"rendered":"Acquista MDMB-CHMICA"},"content":{"rendered":"<p>MDMB-CHMICA (o MMB-CHMINACA) \u00e8 una cannabis sintetica a base di indolo che \u00e8 stata offerta online come droga sintetica. Mentre MDMB-CHMICA \u00e8 stato inizialmente commercializzato come &#8220;MMB-CHMINACA&#8221;, l&#8217;analogo isopropilico di MDMB-CHMINACA (AMB-CHMINACA) \u00e8 stato scoperto sul mercato delle droghe sintetiche nel 2015.<\/p>\n<p>MMB-CHMINACA<\/p>\n<p>MDMB-CHMINACA<\/p>\n<p>MMB-CHMINACA (MDMB-CHMINACA) \u00e8 una cannabis sintetica a base di indolo che \u00e8 stata offerta online come droga sintetica.<\/p>\n<p>MMB-CHMINACA<\/p>\n<p> p&gt; <\/p>\n<p>MDMB-CHMINACA<\/p>\n<p>Nome IUPAC: (2S)<\/p>\n<p>2,3-dimetilbutanoato<br \/> CAS: N\/A<br \/> N\/A ChemSpider <br \/> C23H32N2O3<br \/> 384,5 g\/mol MMB<br \/> MDMB-CHMINACA<\/p>\n<p>(2S)-metil<\/p>\n<p>1 H-indol-3-ilcarbonilammino-2 ,3-dimetilbutanoato<\/p>\n<p>MMB-CHMINACA (MDMB-CHMINACA) \u00e8 un cannabinoide a base di indolo con un gruppo dimetilbutanoato. Questa sostanza chimica sembra avere un&#8217;affinit\u00e0 di legame in vitro maggiore rispetto a molti cannabinoidi attuali e i ricercatori dovrebbero tenerne conto quando progettano studi e distribuiscono materiale su substrati cellulari.<\/p>\n<p>I cannabinoidi sintetici sono una vasta collezione di composti che sono costantemente evolversi e presentarsi al pubblico. Tuttavia, l&#8217;introduzione di MMB-CHMINACA ha suscitato notevole interesse per le sue propriet\u00e0 uniche. La sua influenza ipotizzata sui recettori CB1 e CB2 \u00e8 considerevolmente maggiore per unit\u00e0 rispetto a AB-CHMINACA, richiedendo meno quantit\u00e0 di materiale attivo per soddisfare l&#8217;obiettivo dell&#8217;esperimento.<\/p>\n<p>MMB-CHMINACA \u00e8 una polvere bianca che pu\u00f2 essere conservata in sicurezza e maneggiato in laboratorio. Questo cannabinoide sintetico ha la complicata formula chimica (2S)-metil-2-(1-(cicloesilmetil)-1 H-indol-3-ilcarbonilammino)-3,3-dimetilbutanoato. La sua massa molecolare \u00e8 di 384,5 g\/mol e la sua formula \u00e8 C23H32N2O3.<\/p>\n<p>MMB-CHMINACA \u00e8 una nuova sostanza chimica che dovrebbe essere maneggiata con la massima attenzione e misurata con precisione grazie alla sua eccezionale purezza. Invitiamo tutti a esaminare lo stato delle restrizioni locali prima di acquistare cannabis sintetica e altre sostanze dal nostro negozio online.<\/p>\n","protected":false},"excerpt":{"rendered":"<p>Acquista MDMB-CHMICA, MMB2101\u00a0per la vendita Europa, Regno Unito (erroneamente noto anche come MMB-CHMINACA) \u00e8 un\u00a0cannabinoide sintetico a base di indolo\u00a0che \u00e8 un potente\u00a0agonista\u00a0del\u00a0recettore\u00a0CB1\u00a0ed \u00e8 stato venduto online come farmaco di design, all&#8217;ingrosso Ordine disponibile<\/p>\n","protected":false},"featured_media":5937,"comment_status":"open","ping_status":"closed","template":"","meta":[],"product_brand":[],"product_cat":[2596],"product_tag":[4083,4084,4089,4088,4085,4086,4087],"class_list":{"0":"post-5912","1":"product","2":"type-product","3":"status-publish","4":"has-post-thumbnail","6":"product_cat-cannabinoidi-in-vendita","7":"product_tag-compra-mmb-chminaca-online","8":"product_tag-come-acquistare-mmb-chminaca-online","9":"product_tag-dove-acquistare-mmb-chminaca-online","10":"product_tag-il-posto-migliore-per-acquistare-mmb-chminaca-online","11":"product_tag-mmb-chminaca","12":"product_tag-mmb-chminaca-in-vendita","13":"product_tag-ordine-mmb-chminaca-online","15":"first","16":"instock","17":"shipping-taxable","18":"purchasable","19":"product-type-variable"},"yoast_head":"<!-- This site is optimized with the Yoast SEO plugin v27.3 - https:\/\/yoast.com\/product\/yoast-seo-wordpress\/ -->\n<title>Acquista MMB-Chminaca - MMB-CHMINACA - I migliori medicinali globali<\/title>\n<meta name=\"description\" content=\"Acquista MDMB-CHMICA, MMB2101\u00a0in vendita Europa, Regno Unito (erroneamente noto anche come MMB-CHMINACA) \u00e8 un\u00a0cannabinoide\u00a0sintetico a base di indolo\u00a0che \u00e8 un potente\u00a0agonista\u00a0del\u00a0recettore\u00a0CB1\u00a0ed \u00e8 stato venduto online come\u00a0farmaco di design, Ordine all&#039;ingrosso disponibile\" \/>\n<meta name=\"robots\" content=\"index, follow, max-snippet:-1, max-image-preview:large, max-video-preview:-1\" \/>\n<link rel=\"canonical\" href=\"https:\/\/medicinasinc.com\/it\/product\/buy-mdmb-chmica\/\" \/>\n<meta property=\"og:locale\" content=\"it_IT\" \/>\n<meta property=\"og:type\" content=\"article\" \/>\n<meta property=\"og:title\" content=\"Acquista MMB-Chminaca - MMB-CHMINACA - I migliori medicinali globali\" \/>\n<meta property=\"og:description\" content=\"Acquista MDMB-CHMICA, MMB2101\u00a0in vendita Europa, Regno Unito (erroneamente noto anche come MMB-CHMINACA) \u00e8 un\u00a0cannabinoide\u00a0sintetico a base di indolo\u00a0che \u00e8 un potente\u00a0agonista\u00a0del\u00a0recettore\u00a0CB1\u00a0ed \u00e8 stato venduto online come\u00a0farmaco di design, Ordine all&#039;ingrosso disponibile\" \/>\n<meta property=\"og:url\" content=\"https:\/\/medicinasinc.com\/it\/product\/buy-mdmb-chmica\/\" \/>\n<meta property=\"og:site_name\" content=\"Medicinas Inc\" \/>\n<meta property=\"article:modified_time\" content=\"2022-03-16T23:59:34+00:00\" \/>\n<meta property=\"og:image\" content=\"https:\/\/medicinasinc.com\/it\/wp-content\/uploads\/sites\/4\/2022\/02\/Buy-MDMB-CHMICA.jpg\" \/>\n\t<meta property=\"og:image:width\" content=\"459\" \/>\n\t<meta property=\"og:image:height\" content=\"443\" \/>\n\t<meta property=\"og:image:type\" content=\"image\/jpeg\" \/>\n<meta name=\"twitter:card\" content=\"summary_large_image\" \/>\n<meta name=\"twitter:label1\" content=\"Tempo di lettura stimato\" \/>\n\t<meta name=\"twitter:data1\" content=\"2 minuti\" \/>\n<script type=\"application\/ld+json\" class=\"yoast-schema-graph\">{\"@context\":\"https:\\\/\\\/schema.org\",\"@graph\":[{\"@type\":\"WebPage\",\"@id\":\"https:\\\/\\\/medicinasinc.com\\\/it\\\/product\\\/buy-mdmb-chmica\\\/\",\"url\":\"https:\\\/\\\/medicinasinc.com\\\/it\\\/product\\\/buy-mdmb-chmica\\\/\",\"name\":\"Acquista MMB-Chminaca - MMB-CHMINACA - I migliori medicinali globali\",\"isPartOf\":{\"@id\":\"https:\\\/\\\/medicinasinc.com\\\/it\\\/#website\"},\"primaryImageOfPage\":{\"@id\":\"https:\\\/\\\/medicinasinc.com\\\/it\\\/product\\\/buy-mdmb-chmica\\\/#primaryimage\"},\"image\":{\"@id\":\"https:\\\/\\\/medicinasinc.com\\\/it\\\/product\\\/buy-mdmb-chmica\\\/#primaryimage\"},\"thumbnailUrl\":\"https:\\\/\\\/medicinasinc.com\\\/it\\\/wp-content\\\/uploads\\\/sites\\\/4\\\/2022\\\/02\\\/Buy-MDMB-CHMICA.jpg\",\"datePublished\":\"2022-02-22T08:15:30+00:00\",\"dateModified\":\"2022-03-16T23:59:34+00:00\",\"description\":\"Acquista MDMB-CHMICA, MMB2101\u00a0in vendita Europa, Regno Unito (erroneamente noto anche come MMB-CHMINACA) \u00e8 un\u00a0cannabinoide\u00a0sintetico a base di indolo\u00a0che \u00e8 un potente\u00a0agonista\u00a0del\u00a0recettore\u00a0CB1\u00a0ed \u00e8 stato venduto online come\u00a0farmaco di design, Ordine all'ingrosso disponibile\",\"breadcrumb\":{\"@id\":\"https:\\\/\\\/medicinasinc.com\\\/it\\\/product\\\/buy-mdmb-chmica\\\/#breadcrumb\"},\"inLanguage\":\"it-IT\",\"potentialAction\":[{\"@type\":\"ReadAction\",\"target\":[\"https:\\\/\\\/medicinasinc.com\\\/it\\\/product\\\/buy-mdmb-chmica\\\/\"]}]},{\"@type\":\"ImageObject\",\"inLanguage\":\"it-IT\",\"@id\":\"https:\\\/\\\/medicinasinc.com\\\/it\\\/product\\\/buy-mdmb-chmica\\\/#primaryimage\",\"url\":\"https:\\\/\\\/medicinasinc.com\\\/it\\\/wp-content\\\/uploads\\\/sites\\\/4\\\/2022\\\/02\\\/Buy-MDMB-CHMICA.jpg\",\"contentUrl\":\"https:\\\/\\\/medicinasinc.com\\\/it\\\/wp-content\\\/uploads\\\/sites\\\/4\\\/2022\\\/02\\\/Buy-MDMB-CHMICA.jpg\",\"width\":459,\"height\":443},{\"@type\":\"BreadcrumbList\",\"@id\":\"https:\\\/\\\/medicinasinc.com\\\/it\\\/product\\\/buy-mdmb-chmica\\\/#breadcrumb\",\"itemListElement\":[{\"@type\":\"ListItem\",\"position\":1,\"name\":\"Negozio\",\"item\":\"https:\\\/\\\/medicinasinc.com\\\/it\\\/negozio\\\/\"},{\"@type\":\"ListItem\",\"position\":2,\"name\":\"Acquista MDMB-CHMICA\"}]},{\"@type\":\"WebSite\",\"@id\":\"https:\\\/\\\/medicinasinc.com\\\/it\\\/#website\",\"url\":\"https:\\\/\\\/medicinasinc.com\\\/it\\\/\",\"name\":\"Medicinas Inc\",\"description\":\"Health Medical Clinic\",\"potentialAction\":[{\"@type\":\"SearchAction\",\"target\":{\"@type\":\"EntryPoint\",\"urlTemplate\":\"https:\\\/\\\/medicinasinc.com\\\/it\\\/?s={search_term_string}\"},\"query-input\":{\"@type\":\"PropertyValueSpecification\",\"valueRequired\":true,\"valueName\":\"search_term_string\"}}],\"inLanguage\":\"it-IT\"}]}<\/script>\n<!-- \/ Yoast SEO plugin. -->","yoast_head_json":{"title":"Acquista MMB-Chminaca - MMB-CHMINACA - I migliori medicinali globali","description":"Acquista MDMB-CHMICA, MMB2101\u00a0in vendita Europa, Regno Unito (erroneamente noto anche come MMB-CHMINACA) \u00e8 un\u00a0cannabinoide\u00a0sintetico a base di indolo\u00a0che \u00e8 un potente\u00a0agonista\u00a0del\u00a0recettore\u00a0CB1\u00a0ed \u00e8 stato venduto online come\u00a0farmaco di design, Ordine all'ingrosso disponibile","robots":{"index":"index","follow":"follow","max-snippet":"max-snippet:-1","max-image-preview":"max-image-preview:large","max-video-preview":"max-video-preview:-1"},"canonical":"https:\/\/medicinasinc.com\/it\/product\/buy-mdmb-chmica\/","og_locale":"it_IT","og_type":"article","og_title":"Acquista MMB-Chminaca - MMB-CHMINACA - I migliori medicinali globali","og_description":"Acquista MDMB-CHMICA, MMB2101\u00a0in vendita Europa, Regno Unito (erroneamente noto anche come MMB-CHMINACA) \u00e8 un\u00a0cannabinoide\u00a0sintetico a base di indolo\u00a0che \u00e8 un potente\u00a0agonista\u00a0del\u00a0recettore\u00a0CB1\u00a0ed \u00e8 stato venduto online come\u00a0farmaco di design, Ordine all'ingrosso disponibile","og_url":"https:\/\/medicinasinc.com\/it\/product\/buy-mdmb-chmica\/","og_site_name":"Medicinas Inc","article_modified_time":"2022-03-16T23:59:34+00:00","og_image":[{"width":459,"height":443,"url":"https:\/\/medicinasinc.com\/it\/wp-content\/uploads\/sites\/4\/2022\/02\/Buy-MDMB-CHMICA.jpg","type":"image\/jpeg"}],"twitter_card":"summary_large_image","twitter_misc":{"Tempo di lettura stimato":"2 minuti"},"schema":{"@context":"https:\/\/schema.org","@graph":[{"@type":"WebPage","@id":"https:\/\/medicinasinc.com\/it\/product\/buy-mdmb-chmica\/","url":"https:\/\/medicinasinc.com\/it\/product\/buy-mdmb-chmica\/","name":"Acquista MMB-Chminaca - MMB-CHMINACA - I migliori medicinali globali","isPartOf":{"@id":"https:\/\/medicinasinc.com\/it\/#website"},"primaryImageOfPage":{"@id":"https:\/\/medicinasinc.com\/it\/product\/buy-mdmb-chmica\/#primaryimage"},"image":{"@id":"https:\/\/medicinasinc.com\/it\/product\/buy-mdmb-chmica\/#primaryimage"},"thumbnailUrl":"https:\/\/medicinasinc.com\/it\/wp-content\/uploads\/sites\/4\/2022\/02\/Buy-MDMB-CHMICA.jpg","datePublished":"2022-02-22T08:15:30+00:00","dateModified":"2022-03-16T23:59:34+00:00","description":"Acquista MDMB-CHMICA, MMB2101\u00a0in vendita Europa, Regno Unito (erroneamente noto anche come MMB-CHMINACA) \u00e8 un\u00a0cannabinoide\u00a0sintetico a base di indolo\u00a0che \u00e8 un potente\u00a0agonista\u00a0del\u00a0recettore\u00a0CB1\u00a0ed \u00e8 stato venduto online come\u00a0farmaco di design, Ordine all'ingrosso disponibile","breadcrumb":{"@id":"https:\/\/medicinasinc.com\/it\/product\/buy-mdmb-chmica\/#breadcrumb"},"inLanguage":"it-IT","potentialAction":[{"@type":"ReadAction","target":["https:\/\/medicinasinc.com\/it\/product\/buy-mdmb-chmica\/"]}]},{"@type":"ImageObject","inLanguage":"it-IT","@id":"https:\/\/medicinasinc.com\/it\/product\/buy-mdmb-chmica\/#primaryimage","url":"https:\/\/medicinasinc.com\/it\/wp-content\/uploads\/sites\/4\/2022\/02\/Buy-MDMB-CHMICA.jpg","contentUrl":"https:\/\/medicinasinc.com\/it\/wp-content\/uploads\/sites\/4\/2022\/02\/Buy-MDMB-CHMICA.jpg","width":459,"height":443},{"@type":"BreadcrumbList","@id":"https:\/\/medicinasinc.com\/it\/product\/buy-mdmb-chmica\/#breadcrumb","itemListElement":[{"@type":"ListItem","position":1,"name":"Negozio","item":"https:\/\/medicinasinc.com\/it\/negozio\/"},{"@type":"ListItem","position":2,"name":"Acquista MDMB-CHMICA"}]},{"@type":"WebSite","@id":"https:\/\/medicinasinc.com\/it\/#website","url":"https:\/\/medicinasinc.com\/it\/","name":"Medicinas Inc","description":"Health Medical Clinic","potentialAction":[{"@type":"SearchAction","target":{"@type":"EntryPoint","urlTemplate":"https:\/\/medicinasinc.com\/it\/?s={search_term_string}"},"query-input":{"@type":"PropertyValueSpecification","valueRequired":true,"valueName":"search_term_string"}}],"inLanguage":"it-IT"}]}},"_links":{"self":[{"href":"https:\/\/medicinasinc.com\/it\/wp-json\/wp\/v2\/product\/5912","targetHints":{"allow":["GET"]}}],"collection":[{"href":"https:\/\/medicinasinc.com\/it\/wp-json\/wp\/v2\/product"}],"about":[{"href":"https:\/\/medicinasinc.com\/it\/wp-json\/wp\/v2\/types\/product"}],"replies":[{"embeddable":true,"href":"https:\/\/medicinasinc.com\/it\/wp-json\/wp\/v2\/comments?post=5912"}],"wp:featuredmedia":[{"embeddable":true,"href":"https:\/\/medicinasinc.com\/it\/wp-json\/wp\/v2\/media\/5937"}],"wp:attachment":[{"href":"https:\/\/medicinasinc.com\/it\/wp-json\/wp\/v2\/media?parent=5912"}],"wp:term":[{"taxonomy":"product_brand","embeddable":true,"href":"https:\/\/medicinasinc.com\/it\/wp-json\/wp\/v2\/product_brand?post=5912"},{"taxonomy":"product_cat","embeddable":true,"href":"https:\/\/medicinasinc.com\/it\/wp-json\/wp\/v2\/product_cat?post=5912"},{"taxonomy":"product_tag","embeddable":true,"href":"https:\/\/medicinasinc.com\/it\/wp-json\/wp\/v2\/product_tag?post=5912"}],"curies":[{"name":"wp","href":"https:\/\/api.w.org\/{rel}","templated":true}]}}