{"id":5906,"date":"2022-02-22T08:12:00","date_gmt":"2022-02-22T08:12:00","guid":{"rendered":"https:\/\/medicinasinc.com\/it\/?post_type=product&#038;p=5906"},"modified":"2022-03-16T23:59:48","modified_gmt":"2022-03-16T23:59:48","slug":"compra-con-fubinaca","status":"publish","type":"product","link":"https:\/\/medicinasinc.com\/it\/product\/compra-con-fubinaca\/","title":{"rendered":"Acquista AMB-FUBINACA"},"content":{"rendered":"<p>Il cannabinoide sintetico a base di indazolo AMB-FUBINACA, noto anche come FUB-AMB e MMB-FUBINACA, \u00e8 un potente agonista dei cannabinoidi. Ha valori Ki di 10,04 nM a CB1 e 0,786 nM a CB2 e valori EC50 di 0,5433 nM a CB1 e 0,1278 nM a CB2. \u00c8 stato venduto online come droga di design. \u00c8 stato prodotto per la prima volta da Pfizer, che ha depositato un brevetto per il composto nel 2009. Il composto non \u00e8 mai stato testato sull&#8217;uomo. Ci sono stati molti sequestri di droga effettuati dalla DEA nel 2017 e nella prima met\u00e0 del 2018. Il cannabinoide sintetico pi\u00f9 comune era AMB-FUBINACA.<\/p>\n<p>Si tratta di un cannabinoide sintetico a base di indazolo chiamato AMB-FUBINACA, ed \u00e8 un potente agonista per i recettori dei cannabinoidi. Ha valori Ki di 10,04 nM a CB1 e 0,786 nM a CB2 e valori EC50 di 0,5433 nM a CB1 e 0,1278 nM a CB2. \u00c8 stato venduto online come droga di marca.<\/p>\n","protected":false},"excerpt":{"rendered":"<p><b>Acquista AMB-FUBINACA<\/b> per sake UK, Europe (noto anche come <b>FUB-AMB<\/b>\u00a0e\u00a0<b>MMB-FUBINACA<\/b>) \u00e8 un prodotto a base di indazolo <a class=\"mw-redirect\" title=\"Synthetic cannabinoid\" href=\"https:\/\/en.wikipedia.org\/wiki\/Synthetic_cannabinoid\">cannabinoide sintetico<\/a>\u00a0che \u00e8 un potente\u00a0<a title=\"Agonist\" href=\"https:\/\/en.wikipedia.org\/wiki\/Agonist\">agonista<\/a>\u00a0per i\u00a0recettori dei cannabinoidi, con\u00a0<i>K<\/i><sub>i<\/sub>\u00a0valori di 10,04\u00a0nM a CB<sub>1<\/sub>\u00a0e 0,786\u00a0nM a\u00a0CB<sub>2<\/sub>\u00a0e\u00a0EC<sub>50<\/sub>\u00a0valori di 0,5433\u00a0nM a CB<sub>1<\/sub>\u00a0e 0,1278\u00a0nM a CB<sub>2<\/sub>, <sup id=\"cite_ref-1\" class=\"reference\"><\/sup>ed \u00e8 stato venduto online come un farmaco di design<\/p>\n","protected":false},"featured_media":5936,"comment_status":"open","ping_status":"closed","template":"","meta":[],"product_brand":[],"product_cat":[2596],"product_tag":[4077,4081,4079,4082,4078,4080],"class_list":{"0":"post-5906","1":"product","2":"type-product","3":"status-publish","4":"has-post-thumbnail","6":"product_cat-cannabinoidi-in-vendita","7":"product_tag-compra-fub-con-online","8":"product_tag-acquisto-fub-con-online","9":"product_tag-come-acquistare-fub-amb-online","10":"product_tag-dove-acquistare-fub-amb-online","11":"product_tag-fub-amb-for-sale","12":"product_tag-ordine-fub-con-online","14":"first","15":"instock","16":"shipping-taxable","17":"purchasable","18":"product-type-variable"},"yoast_head":"<!-- This site is optimized with the Yoast SEO plugin v27.3 - https:\/\/yoast.com\/product\/yoast-seo-wordpress\/ -->\n<title>Acquista AMB-FUBINACA - FUB-AMB - MMB-FUBINACA - Best Global Meds<\/title>\n<meta name=\"description\" content=\"Acquista AMB-FUBINACA per amore Regno Unito, Europa (noto anche come FUB-AMB\u00a0e\u00a0MMB-FUBINACA) \u00e8 un\u00a0cannabinoide\u00a0sintetico a base di indazolo\u00a0che \u00e8 un potente\u00a0agonista\u00a0per i recettori dei cannabinoidi, con\u00a0valori Ki di 10,04\u00a0nM a\u00a0CB1\u00a0e 0,786\u00a0nM a CB2\u00a0e\u00a0EC50\u00a0valori di 0,5433\u00a0nM a CB1\u00a0e 0,1278\u00a0nM a CB2 ed \u00e8 stato venduto online come\u00a0farmaco di design\" \/>\n<meta name=\"robots\" content=\"index, follow, max-snippet:-1, max-image-preview:large, max-video-preview:-1\" \/>\n<link rel=\"canonical\" href=\"https:\/\/medicinasinc.com\/it\/product\/compra-con-fubinaca\/\" \/>\n<meta property=\"og:locale\" content=\"it_IT\" \/>\n<meta property=\"og:type\" content=\"article\" \/>\n<meta property=\"og:title\" content=\"Acquista AMB-FUBINACA - FUB-AMB - MMB-FUBINACA - Best Global Meds\" \/>\n<meta property=\"og:description\" content=\"Acquista AMB-FUBINACA per amore Regno Unito, Europa (noto anche come FUB-AMB\u00a0e\u00a0MMB-FUBINACA) \u00e8 un\u00a0cannabinoide\u00a0sintetico a base di indazolo\u00a0che \u00e8 un potente\u00a0agonista\u00a0per i recettori dei cannabinoidi, con\u00a0valori Ki di 10,04\u00a0nM a\u00a0CB1\u00a0e 0,786\u00a0nM a CB2\u00a0e\u00a0EC50\u00a0valori di 0,5433\u00a0nM a CB1\u00a0e 0,1278\u00a0nM a CB2 ed \u00e8 stato venduto online come\u00a0farmaco di design\" \/>\n<meta property=\"og:url\" content=\"https:\/\/medicinasinc.com\/it\/product\/compra-con-fubinaca\/\" \/>\n<meta property=\"og:site_name\" content=\"Medicinas Inc\" \/>\n<meta property=\"article:modified_time\" content=\"2022-03-16T23:59:48+00:00\" \/>\n<meta property=\"og:image\" content=\"https:\/\/medicinasinc.com\/it\/wp-content\/uploads\/sites\/4\/2022\/02\/Buy-AMB-FUBINACA.jpg\" \/>\n\t<meta property=\"og:image:width\" content=\"400\" \/>\n\t<meta property=\"og:image:height\" content=\"400\" \/>\n\t<meta property=\"og:image:type\" content=\"image\/jpeg\" \/>\n<meta name=\"twitter:card\" content=\"summary_large_image\" \/>\n<meta name=\"twitter:label1\" content=\"Tempo di lettura stimato\" \/>\n\t<meta name=\"twitter:data1\" content=\"1 minuto\" \/>\n<script type=\"application\/ld+json\" class=\"yoast-schema-graph\">{\"@context\":\"https:\\\/\\\/schema.org\",\"@graph\":[{\"@type\":\"WebPage\",\"@id\":\"https:\\\/\\\/medicinasinc.com\\\/it\\\/product\\\/compra-con-fubinaca\\\/\",\"url\":\"https:\\\/\\\/medicinasinc.com\\\/it\\\/product\\\/compra-con-fubinaca\\\/\",\"name\":\"Acquista AMB-FUBINACA - FUB-AMB - MMB-FUBINACA - Best Global Meds\",\"isPartOf\":{\"@id\":\"https:\\\/\\\/medicinasinc.com\\\/it\\\/#website\"},\"primaryImageOfPage\":{\"@id\":\"https:\\\/\\\/medicinasinc.com\\\/it\\\/product\\\/compra-con-fubinaca\\\/#primaryimage\"},\"image\":{\"@id\":\"https:\\\/\\\/medicinasinc.com\\\/it\\\/product\\\/compra-con-fubinaca\\\/#primaryimage\"},\"thumbnailUrl\":\"https:\\\/\\\/medicinasinc.com\\\/it\\\/wp-content\\\/uploads\\\/sites\\\/4\\\/2022\\\/02\\\/Buy-AMB-FUBINACA.jpg\",\"datePublished\":\"2022-02-22T08:12:00+00:00\",\"dateModified\":\"2022-03-16T23:59:48+00:00\",\"description\":\"Acquista AMB-FUBINACA per amore Regno Unito, Europa (noto anche come FUB-AMB\u00a0e\u00a0MMB-FUBINACA) \u00e8 un\u00a0cannabinoide\u00a0sintetico a base di indazolo\u00a0che \u00e8 un potente\u00a0agonista\u00a0per i recettori dei cannabinoidi, con\u00a0valori Ki di 10,04\u00a0nM a\u00a0CB1\u00a0e 0,786\u00a0nM a CB2\u00a0e\u00a0EC50\u00a0valori di 0,5433\u00a0nM a CB1\u00a0e 0,1278\u00a0nM a CB2 ed \u00e8 stato venduto online come\u00a0farmaco di design\",\"breadcrumb\":{\"@id\":\"https:\\\/\\\/medicinasinc.com\\\/it\\\/product\\\/compra-con-fubinaca\\\/#breadcrumb\"},\"inLanguage\":\"it-IT\",\"potentialAction\":[{\"@type\":\"ReadAction\",\"target\":[\"https:\\\/\\\/medicinasinc.com\\\/it\\\/product\\\/compra-con-fubinaca\\\/\"]}]},{\"@type\":\"ImageObject\",\"inLanguage\":\"it-IT\",\"@id\":\"https:\\\/\\\/medicinasinc.com\\\/it\\\/product\\\/compra-con-fubinaca\\\/#primaryimage\",\"url\":\"https:\\\/\\\/medicinasinc.com\\\/it\\\/wp-content\\\/uploads\\\/sites\\\/4\\\/2022\\\/02\\\/Buy-AMB-FUBINACA.jpg\",\"contentUrl\":\"https:\\\/\\\/medicinasinc.com\\\/it\\\/wp-content\\\/uploads\\\/sites\\\/4\\\/2022\\\/02\\\/Buy-AMB-FUBINACA.jpg\",\"width\":400,\"height\":400},{\"@type\":\"BreadcrumbList\",\"@id\":\"https:\\\/\\\/medicinasinc.com\\\/it\\\/product\\\/compra-con-fubinaca\\\/#breadcrumb\",\"itemListElement\":[{\"@type\":\"ListItem\",\"position\":1,\"name\":\"Negozio\",\"item\":\"https:\\\/\\\/medicinasinc.com\\\/it\\\/negozio\\\/\"},{\"@type\":\"ListItem\",\"position\":2,\"name\":\"Acquista AMB-FUBINACA\"}]},{\"@type\":\"WebSite\",\"@id\":\"https:\\\/\\\/medicinasinc.com\\\/it\\\/#website\",\"url\":\"https:\\\/\\\/medicinasinc.com\\\/it\\\/\",\"name\":\"Medicinas Inc\",\"description\":\"Health Medical Clinic\",\"potentialAction\":[{\"@type\":\"SearchAction\",\"target\":{\"@type\":\"EntryPoint\",\"urlTemplate\":\"https:\\\/\\\/medicinasinc.com\\\/it\\\/?s={search_term_string}\"},\"query-input\":{\"@type\":\"PropertyValueSpecification\",\"valueRequired\":true,\"valueName\":\"search_term_string\"}}],\"inLanguage\":\"it-IT\"}]}<\/script>\n<!-- \/ Yoast SEO plugin. -->","yoast_head_json":{"title":"Acquista AMB-FUBINACA - FUB-AMB - MMB-FUBINACA - Best Global Meds","description":"Acquista AMB-FUBINACA per amore Regno Unito, Europa (noto anche come FUB-AMB\u00a0e\u00a0MMB-FUBINACA) \u00e8 un\u00a0cannabinoide\u00a0sintetico a base di indazolo\u00a0che \u00e8 un potente\u00a0agonista\u00a0per i recettori dei cannabinoidi, con\u00a0valori Ki di 10,04\u00a0nM a\u00a0CB1\u00a0e 0,786\u00a0nM a CB2\u00a0e\u00a0EC50\u00a0valori di 0,5433\u00a0nM a CB1\u00a0e 0,1278\u00a0nM a CB2 ed \u00e8 stato venduto online come\u00a0farmaco di design","robots":{"index":"index","follow":"follow","max-snippet":"max-snippet:-1","max-image-preview":"max-image-preview:large","max-video-preview":"max-video-preview:-1"},"canonical":"https:\/\/medicinasinc.com\/it\/product\/compra-con-fubinaca\/","og_locale":"it_IT","og_type":"article","og_title":"Acquista AMB-FUBINACA - FUB-AMB - MMB-FUBINACA - Best Global Meds","og_description":"Acquista AMB-FUBINACA per amore Regno Unito, Europa (noto anche come FUB-AMB\u00a0e\u00a0MMB-FUBINACA) \u00e8 un\u00a0cannabinoide\u00a0sintetico a base di indazolo\u00a0che \u00e8 un potente\u00a0agonista\u00a0per i recettori dei cannabinoidi, con\u00a0valori Ki di 10,04\u00a0nM a\u00a0CB1\u00a0e 0,786\u00a0nM a CB2\u00a0e\u00a0EC50\u00a0valori di 0,5433\u00a0nM a CB1\u00a0e 0,1278\u00a0nM a CB2 ed \u00e8 stato venduto online come\u00a0farmaco di design","og_url":"https:\/\/medicinasinc.com\/it\/product\/compra-con-fubinaca\/","og_site_name":"Medicinas Inc","article_modified_time":"2022-03-16T23:59:48+00:00","og_image":[{"width":400,"height":400,"url":"https:\/\/medicinasinc.com\/it\/wp-content\/uploads\/sites\/4\/2022\/02\/Buy-AMB-FUBINACA.jpg","type":"image\/jpeg"}],"twitter_card":"summary_large_image","twitter_misc":{"Tempo di lettura stimato":"1 minuto"},"schema":{"@context":"https:\/\/schema.org","@graph":[{"@type":"WebPage","@id":"https:\/\/medicinasinc.com\/it\/product\/compra-con-fubinaca\/","url":"https:\/\/medicinasinc.com\/it\/product\/compra-con-fubinaca\/","name":"Acquista AMB-FUBINACA - FUB-AMB - MMB-FUBINACA - Best Global Meds","isPartOf":{"@id":"https:\/\/medicinasinc.com\/it\/#website"},"primaryImageOfPage":{"@id":"https:\/\/medicinasinc.com\/it\/product\/compra-con-fubinaca\/#primaryimage"},"image":{"@id":"https:\/\/medicinasinc.com\/it\/product\/compra-con-fubinaca\/#primaryimage"},"thumbnailUrl":"https:\/\/medicinasinc.com\/it\/wp-content\/uploads\/sites\/4\/2022\/02\/Buy-AMB-FUBINACA.jpg","datePublished":"2022-02-22T08:12:00+00:00","dateModified":"2022-03-16T23:59:48+00:00","description":"Acquista AMB-FUBINACA per amore Regno Unito, Europa (noto anche come FUB-AMB\u00a0e\u00a0MMB-FUBINACA) \u00e8 un\u00a0cannabinoide\u00a0sintetico a base di indazolo\u00a0che \u00e8 un potente\u00a0agonista\u00a0per i recettori dei cannabinoidi, con\u00a0valori Ki di 10,04\u00a0nM a\u00a0CB1\u00a0e 0,786\u00a0nM a CB2\u00a0e\u00a0EC50\u00a0valori di 0,5433\u00a0nM a CB1\u00a0e 0,1278\u00a0nM a CB2 ed \u00e8 stato venduto online come\u00a0farmaco di design","breadcrumb":{"@id":"https:\/\/medicinasinc.com\/it\/product\/compra-con-fubinaca\/#breadcrumb"},"inLanguage":"it-IT","potentialAction":[{"@type":"ReadAction","target":["https:\/\/medicinasinc.com\/it\/product\/compra-con-fubinaca\/"]}]},{"@type":"ImageObject","inLanguage":"it-IT","@id":"https:\/\/medicinasinc.com\/it\/product\/compra-con-fubinaca\/#primaryimage","url":"https:\/\/medicinasinc.com\/it\/wp-content\/uploads\/sites\/4\/2022\/02\/Buy-AMB-FUBINACA.jpg","contentUrl":"https:\/\/medicinasinc.com\/it\/wp-content\/uploads\/sites\/4\/2022\/02\/Buy-AMB-FUBINACA.jpg","width":400,"height":400},{"@type":"BreadcrumbList","@id":"https:\/\/medicinasinc.com\/it\/product\/compra-con-fubinaca\/#breadcrumb","itemListElement":[{"@type":"ListItem","position":1,"name":"Negozio","item":"https:\/\/medicinasinc.com\/it\/negozio\/"},{"@type":"ListItem","position":2,"name":"Acquista AMB-FUBINACA"}]},{"@type":"WebSite","@id":"https:\/\/medicinasinc.com\/it\/#website","url":"https:\/\/medicinasinc.com\/it\/","name":"Medicinas Inc","description":"Health Medical Clinic","potentialAction":[{"@type":"SearchAction","target":{"@type":"EntryPoint","urlTemplate":"https:\/\/medicinasinc.com\/it\/?s={search_term_string}"},"query-input":{"@type":"PropertyValueSpecification","valueRequired":true,"valueName":"search_term_string"}}],"inLanguage":"it-IT"}]}},"_links":{"self":[{"href":"https:\/\/medicinasinc.com\/it\/wp-json\/wp\/v2\/product\/5906","targetHints":{"allow":["GET"]}}],"collection":[{"href":"https:\/\/medicinasinc.com\/it\/wp-json\/wp\/v2\/product"}],"about":[{"href":"https:\/\/medicinasinc.com\/it\/wp-json\/wp\/v2\/types\/product"}],"replies":[{"embeddable":true,"href":"https:\/\/medicinasinc.com\/it\/wp-json\/wp\/v2\/comments?post=5906"}],"wp:featuredmedia":[{"embeddable":true,"href":"https:\/\/medicinasinc.com\/it\/wp-json\/wp\/v2\/media\/5936"}],"wp:attachment":[{"href":"https:\/\/medicinasinc.com\/it\/wp-json\/wp\/v2\/media?parent=5906"}],"wp:term":[{"taxonomy":"product_brand","embeddable":true,"href":"https:\/\/medicinasinc.com\/it\/wp-json\/wp\/v2\/product_brand?post=5906"},{"taxonomy":"product_cat","embeddable":true,"href":"https:\/\/medicinasinc.com\/it\/wp-json\/wp\/v2\/product_cat?post=5906"},{"taxonomy":"product_tag","embeddable":true,"href":"https:\/\/medicinasinc.com\/it\/wp-json\/wp\/v2\/product_tag?post=5906"}],"curies":[{"name":"wp","href":"https:\/\/api.w.org\/{rel}","templated":true}]}}