{"id":5902,"date":"2022-02-22T08:09:55","date_gmt":"2022-02-22T08:09:55","guid":{"rendered":"https:\/\/medicinasinc.com\/it\/?post_type=product&#038;p=5902"},"modified":"2022-03-16T23:59:56","modified_gmt":"2022-03-16T23:59:56","slug":"buy-5f-adb","status":"publish","type":"product","link":"https:\/\/medicinasinc.com\/it\/product\/buy-5f-adb\/","title":{"rendered":"Acquista 5F-ADB"},"content":{"rendered":"<p>5F-ADB (in alternativa 5F-MDMB-PINACA) \u00e8 un cannabinoide sintetico derivato dall&#8217;indazolo che \u00e8 stato utilizzato come ingrediente attivo nei prodotti a base di cannabis sintetica e venduto online come droga sintetica.<\/p>\n<p>5F -ADB \u00e8 un forte agonista del recettore CB1, anche se la sua selettivit\u00e0 per questo recettore \u00e8 sconosciuta. 5F-ADB \u00e8 stato trovato per la prima volta nel novembre 2014 utilizzando campioni post mortem acquisiti da una persona morta dopo aver assunto un prodotto contenente questo farmaco. Test successivi hanno rivelato che 5F-ADB \u00e8 stato rilevato in un totale di dieci persone morte in Giappone tra settembre e dicembre 2014 per inspiegabili overdose di droga. Sulla base dei livelli relativamente bassi scoperti nei test sui tessuti, si ritiene che il 5F-ADB sia straordinariamente forte e sembra essere sostanzialmente pi\u00f9 pericoloso dei medicinali a base di cannabis sintetici precedentemente venduti.<\/p>\n<p>N-[[1-(5-) fluoropentil)-1H-indazol-3-il]carbonil]<\/p>\n<p>-3-metil-D-valina metil estere (5F-ADB) \u00e8 una cannabis sintetica molto potente che provoca gravi sintomi psicotici negli esseri umani, occasionalmente fatalmente.<\/p>\n<p>Per chiarire i meccanismi neuronali alla base della tossicit\u00e0 da 5F, gli ADB ne abbiamo studiato gli effetti sui circuiti dopaminergici e serotoninergici del mesencefalo, che regolano una variet\u00e0 di funzioni cerebrali fondamentali, comprese quelle associate al comportamento correlato alla ricompensa. Sono state utilizzate tecniche elettrofisiologiche ex vivo per registrare le alterazioni nell&#8217;attivit\u00e0 di scarica spontanea dei neuroni dopaminergici e serotoninergici prodotti da 5F-ADB.<\/p>\n<p>5F-ADB (1 M) ha aumentato notevolmente la frequenza di scarica spontanea dei neuroni dopaminergici, ma non li ha attivati \u200b\u200bin presenza dell&#8217;antagonista CB1 AM251 (1 M). La stessa concentrazione di 5F-ADB, d&#8217;altra parte, non ha avuto alcun effetto sull&#8217;attivit\u00e0 dei neuroni serotoninergici. Questi risultati mostrano che il 5F-ADB attiva i recettori CB1 locali e migliora i sistemi dopaminergici nel mesencefalo senza avere alcun effetto sui sistemi serotoninergici nel mesencefalo.<\/p>\n","protected":false},"excerpt":{"rendered":"<p>Acquista 5F-ADB in vendita Regno Unito, Europa, Cina (noto anche come 5F-MDMB-PINACA) \u00e8 un cannabinoide sintetico a base di indazolo della famiglia dell&#8217;indazolo-3-carbossammide, ordine all&#8217;ingrosso disponibile<\/p>\n","protected":false},"featured_media":5933,"comment_status":"open","ping_status":"closed","template":"","meta":[],"product_brand":[],"product_cat":[2596],"product_tag":[4066,4067,4069,4070,4071,4072,4076,4074,4073,4068,4075],"class_list":{"0":"post-5902","1":"product","2":"type-product","3":"status-publish","4":"has-post-thumbnail","6":"product_cat-cannabinoidi-in-vendita","7":"product_tag-5f-adb","8":"product_tag-5f-adb-in-vendita","9":"product_tag-5f-mdmb-pinaca","10":"product_tag-compra-5f-adb-online","11":"product_tag-c20h28fn3o3","12":"product_tag-come-acquistare-5f-adb-online","13":"product_tag-dove-acquistare-5f-adb-online","14":"product_tag-il-posto-migliore-per-acquistare-5f-adb-online","15":"product_tag-order-5f-adb-online","16":"product_tag-5f-adb-polvere","17":"product_tag-v1715016-75-3","19":"first","20":"instock","21":"featured","22":"shipping-taxable","23":"purchasable","24":"product-type-variable"},"yoast_head":"<!-- This site is optimized with the Yoast SEO plugin v27.3 - https:\/\/yoast.com\/product\/yoast-seo-wordpress\/ -->\n<title>Acquista 5F-ADB - 5F-MDMB-PINACA - Best Best Global Meds<\/title>\n<meta name=\"description\" content=\"Acquista 5F-ADB in vendita nel Regno Unito, in Europa\u00a0(noto anche come\u00a05F-MDMB-PINACA) \u00e8 un\u00a0cannabinoide\u00a0sintetico a base di indazolo\u00a0della famiglia dell&#039;indazolo-3-carbossammide, ordine all&#039;ingrosso disponibile\" \/>\n<meta name=\"robots\" content=\"index, follow, max-snippet:-1, max-image-preview:large, max-video-preview:-1\" \/>\n<link rel=\"canonical\" href=\"https:\/\/medicinasinc.com\/it\/product\/buy-5f-adb\/\" \/>\n<meta property=\"og:locale\" content=\"it_IT\" \/>\n<meta property=\"og:type\" content=\"article\" \/>\n<meta property=\"og:title\" content=\"Acquista 5F-ADB - 5F-MDMB-PINACA - Best Best Global Meds\" \/>\n<meta property=\"og:description\" content=\"Acquista 5F-ADB in vendita nel Regno Unito, in Europa\u00a0(noto anche come\u00a05F-MDMB-PINACA) \u00e8 un\u00a0cannabinoide\u00a0sintetico a base di indazolo\u00a0della famiglia dell&#039;indazolo-3-carbossammide, ordine all&#039;ingrosso disponibile\" \/>\n<meta property=\"og:url\" content=\"https:\/\/medicinasinc.com\/it\/product\/buy-5f-adb\/\" \/>\n<meta property=\"og:site_name\" content=\"Medicinas Inc\" \/>\n<meta property=\"article:modified_time\" content=\"2022-03-16T23:59:56+00:00\" \/>\n<meta property=\"og:image\" content=\"https:\/\/medicinasinc.com\/it\/wp-content\/uploads\/sites\/4\/2022\/02\/Buy-5F-ADB.jpeg\" \/>\n\t<meta property=\"og:image:width\" content=\"800\" \/>\n\t<meta property=\"og:image:height\" content=\"450\" \/>\n\t<meta property=\"og:image:type\" content=\"image\/jpeg\" \/>\n<meta name=\"twitter:card\" content=\"summary_large_image\" \/>\n<meta name=\"twitter:label1\" content=\"Tempo di lettura stimato\" \/>\n\t<meta name=\"twitter:data1\" content=\"2 minuti\" \/>\n<script type=\"application\/ld+json\" class=\"yoast-schema-graph\">{\"@context\":\"https:\\\/\\\/schema.org\",\"@graph\":[{\"@type\":\"WebPage\",\"@id\":\"https:\\\/\\\/medicinasinc.com\\\/it\\\/product\\\/buy-5f-adb\\\/\",\"url\":\"https:\\\/\\\/medicinasinc.com\\\/it\\\/product\\\/buy-5f-adb\\\/\",\"name\":\"Acquista 5F-ADB - 5F-MDMB-PINACA - Best Best Global Meds\",\"isPartOf\":{\"@id\":\"https:\\\/\\\/medicinasinc.com\\\/it\\\/#website\"},\"primaryImageOfPage\":{\"@id\":\"https:\\\/\\\/medicinasinc.com\\\/it\\\/product\\\/buy-5f-adb\\\/#primaryimage\"},\"image\":{\"@id\":\"https:\\\/\\\/medicinasinc.com\\\/it\\\/product\\\/buy-5f-adb\\\/#primaryimage\"},\"thumbnailUrl\":\"https:\\\/\\\/medicinasinc.com\\\/it\\\/wp-content\\\/uploads\\\/sites\\\/4\\\/2022\\\/02\\\/Buy-5F-ADB.jpeg\",\"datePublished\":\"2022-02-22T08:09:55+00:00\",\"dateModified\":\"2022-03-16T23:59:56+00:00\",\"description\":\"Acquista 5F-ADB in vendita nel Regno Unito, in Europa\u00a0(noto anche come\u00a05F-MDMB-PINACA) \u00e8 un\u00a0cannabinoide\u00a0sintetico a base di indazolo\u00a0della famiglia dell'indazolo-3-carbossammide, ordine all'ingrosso disponibile\",\"breadcrumb\":{\"@id\":\"https:\\\/\\\/medicinasinc.com\\\/it\\\/product\\\/buy-5f-adb\\\/#breadcrumb\"},\"inLanguage\":\"it-IT\",\"potentialAction\":[{\"@type\":\"ReadAction\",\"target\":[\"https:\\\/\\\/medicinasinc.com\\\/it\\\/product\\\/buy-5f-adb\\\/\"]}]},{\"@type\":\"ImageObject\",\"inLanguage\":\"it-IT\",\"@id\":\"https:\\\/\\\/medicinasinc.com\\\/it\\\/product\\\/buy-5f-adb\\\/#primaryimage\",\"url\":\"https:\\\/\\\/medicinasinc.com\\\/it\\\/wp-content\\\/uploads\\\/sites\\\/4\\\/2022\\\/02\\\/Buy-5F-ADB.jpeg\",\"contentUrl\":\"https:\\\/\\\/medicinasinc.com\\\/it\\\/wp-content\\\/uploads\\\/sites\\\/4\\\/2022\\\/02\\\/Buy-5F-ADB.jpeg\",\"width\":800,\"height\":450},{\"@type\":\"BreadcrumbList\",\"@id\":\"https:\\\/\\\/medicinasinc.com\\\/it\\\/product\\\/buy-5f-adb\\\/#breadcrumb\",\"itemListElement\":[{\"@type\":\"ListItem\",\"position\":1,\"name\":\"Negozio\",\"item\":\"https:\\\/\\\/medicinasinc.com\\\/it\\\/negozio\\\/\"},{\"@type\":\"ListItem\",\"position\":2,\"name\":\"Acquista 5F-ADB\"}]},{\"@type\":\"WebSite\",\"@id\":\"https:\\\/\\\/medicinasinc.com\\\/it\\\/#website\",\"url\":\"https:\\\/\\\/medicinasinc.com\\\/it\\\/\",\"name\":\"Medicinas Inc\",\"description\":\"Health Medical Clinic\",\"potentialAction\":[{\"@type\":\"SearchAction\",\"target\":{\"@type\":\"EntryPoint\",\"urlTemplate\":\"https:\\\/\\\/medicinasinc.com\\\/it\\\/?s={search_term_string}\"},\"query-input\":{\"@type\":\"PropertyValueSpecification\",\"valueRequired\":true,\"valueName\":\"search_term_string\"}}],\"inLanguage\":\"it-IT\"}]}<\/script>\n<!-- \/ Yoast SEO plugin. -->","yoast_head_json":{"title":"Acquista 5F-ADB - 5F-MDMB-PINACA - Best Best Global Meds","description":"Acquista 5F-ADB in vendita nel Regno Unito, in Europa\u00a0(noto anche come\u00a05F-MDMB-PINACA) \u00e8 un\u00a0cannabinoide\u00a0sintetico a base di indazolo\u00a0della famiglia dell'indazolo-3-carbossammide, ordine all'ingrosso disponibile","robots":{"index":"index","follow":"follow","max-snippet":"max-snippet:-1","max-image-preview":"max-image-preview:large","max-video-preview":"max-video-preview:-1"},"canonical":"https:\/\/medicinasinc.com\/it\/product\/buy-5f-adb\/","og_locale":"it_IT","og_type":"article","og_title":"Acquista 5F-ADB - 5F-MDMB-PINACA - Best Best Global Meds","og_description":"Acquista 5F-ADB in vendita nel Regno Unito, in Europa\u00a0(noto anche come\u00a05F-MDMB-PINACA) \u00e8 un\u00a0cannabinoide\u00a0sintetico a base di indazolo\u00a0della famiglia dell'indazolo-3-carbossammide, ordine all'ingrosso disponibile","og_url":"https:\/\/medicinasinc.com\/it\/product\/buy-5f-adb\/","og_site_name":"Medicinas Inc","article_modified_time":"2022-03-16T23:59:56+00:00","og_image":[{"width":800,"height":450,"url":"https:\/\/medicinasinc.com\/it\/wp-content\/uploads\/sites\/4\/2022\/02\/Buy-5F-ADB.jpeg","type":"image\/jpeg"}],"twitter_card":"summary_large_image","twitter_misc":{"Tempo di lettura stimato":"2 minuti"},"schema":{"@context":"https:\/\/schema.org","@graph":[{"@type":"WebPage","@id":"https:\/\/medicinasinc.com\/it\/product\/buy-5f-adb\/","url":"https:\/\/medicinasinc.com\/it\/product\/buy-5f-adb\/","name":"Acquista 5F-ADB - 5F-MDMB-PINACA - Best Best Global Meds","isPartOf":{"@id":"https:\/\/medicinasinc.com\/it\/#website"},"primaryImageOfPage":{"@id":"https:\/\/medicinasinc.com\/it\/product\/buy-5f-adb\/#primaryimage"},"image":{"@id":"https:\/\/medicinasinc.com\/it\/product\/buy-5f-adb\/#primaryimage"},"thumbnailUrl":"https:\/\/medicinasinc.com\/it\/wp-content\/uploads\/sites\/4\/2022\/02\/Buy-5F-ADB.jpeg","datePublished":"2022-02-22T08:09:55+00:00","dateModified":"2022-03-16T23:59:56+00:00","description":"Acquista 5F-ADB in vendita nel Regno Unito, in Europa\u00a0(noto anche come\u00a05F-MDMB-PINACA) \u00e8 un\u00a0cannabinoide\u00a0sintetico a base di indazolo\u00a0della famiglia dell'indazolo-3-carbossammide, ordine all'ingrosso disponibile","breadcrumb":{"@id":"https:\/\/medicinasinc.com\/it\/product\/buy-5f-adb\/#breadcrumb"},"inLanguage":"it-IT","potentialAction":[{"@type":"ReadAction","target":["https:\/\/medicinasinc.com\/it\/product\/buy-5f-adb\/"]}]},{"@type":"ImageObject","inLanguage":"it-IT","@id":"https:\/\/medicinasinc.com\/it\/product\/buy-5f-adb\/#primaryimage","url":"https:\/\/medicinasinc.com\/it\/wp-content\/uploads\/sites\/4\/2022\/02\/Buy-5F-ADB.jpeg","contentUrl":"https:\/\/medicinasinc.com\/it\/wp-content\/uploads\/sites\/4\/2022\/02\/Buy-5F-ADB.jpeg","width":800,"height":450},{"@type":"BreadcrumbList","@id":"https:\/\/medicinasinc.com\/it\/product\/buy-5f-adb\/#breadcrumb","itemListElement":[{"@type":"ListItem","position":1,"name":"Negozio","item":"https:\/\/medicinasinc.com\/it\/negozio\/"},{"@type":"ListItem","position":2,"name":"Acquista 5F-ADB"}]},{"@type":"WebSite","@id":"https:\/\/medicinasinc.com\/it\/#website","url":"https:\/\/medicinasinc.com\/it\/","name":"Medicinas Inc","description":"Health Medical Clinic","potentialAction":[{"@type":"SearchAction","target":{"@type":"EntryPoint","urlTemplate":"https:\/\/medicinasinc.com\/it\/?s={search_term_string}"},"query-input":{"@type":"PropertyValueSpecification","valueRequired":true,"valueName":"search_term_string"}}],"inLanguage":"it-IT"}]}},"_links":{"self":[{"href":"https:\/\/medicinasinc.com\/it\/wp-json\/wp\/v2\/product\/5902","targetHints":{"allow":["GET"]}}],"collection":[{"href":"https:\/\/medicinasinc.com\/it\/wp-json\/wp\/v2\/product"}],"about":[{"href":"https:\/\/medicinasinc.com\/it\/wp-json\/wp\/v2\/types\/product"}],"replies":[{"embeddable":true,"href":"https:\/\/medicinasinc.com\/it\/wp-json\/wp\/v2\/comments?post=5902"}],"wp:featuredmedia":[{"embeddable":true,"href":"https:\/\/medicinasinc.com\/it\/wp-json\/wp\/v2\/media\/5933"}],"wp:attachment":[{"href":"https:\/\/medicinasinc.com\/it\/wp-json\/wp\/v2\/media?parent=5902"}],"wp:term":[{"taxonomy":"product_brand","embeddable":true,"href":"https:\/\/medicinasinc.com\/it\/wp-json\/wp\/v2\/product_brand?post=5902"},{"taxonomy":"product_cat","embeddable":true,"href":"https:\/\/medicinasinc.com\/it\/wp-json\/wp\/v2\/product_cat?post=5902"},{"taxonomy":"product_tag","embeddable":true,"href":"https:\/\/medicinasinc.com\/it\/wp-json\/wp\/v2\/product_tag?post=5902"}],"curies":[{"name":"wp","href":"https:\/\/api.w.org\/{rel}","templated":true}]}}