{"id":5897,"date":"2022-02-22T08:07:13","date_gmt":"2022-02-22T08:07:13","guid":{"rendered":"https:\/\/medicinasinc.com\/it\/?post_type=product&#038;p=5897"},"modified":"2022-03-17T00:00:06","modified_gmt":"2022-03-17T00:00:06","slug":"buy-5c-akb48","status":"publish","type":"product","link":"https:\/\/medicinasinc.com\/it\/product\/buy-5c-akb48\/","title":{"rendered":"Acquista 5C-AKB48"},"content":{"rendered":"<p>Qual \u200b\u200b\u00e8 il codice 5C-AKB48?<\/p>\n<p>5C-AKB48 \u00e8 un cannabinoide sintetico appartenente alla classe dell&#8217;indazolo carbossammide. \u00c8 l&#8217;analogo 5-cloro di 5F-AKB48 (spesso indicato come AKB48, 5F-APINACA o 5F-AKB48), il cannabinoide sintetico pi\u00f9 noto scoperto in Corea del Sud.<\/p>\n<p>Il pi\u00f9 grande rivenditore al dettaglio d&#8217;Europa di 5C-AKB48 in polvere.<\/p>\n<p>5C-AKB48 pu\u00f2 essere acquistato online utilizzando Bitcoin. 5C-AKB48 \u00e8 una versione pi\u00f9 potente di AKB-48 che opera sui recettori dei cannabinoidi.<\/p>\n<p>Si dice che 5C-AKB48 abbia effetti simili, ma pi\u00f9 potenti, di 5F-AKB48 e, come tutti i cannabinoidi sintetici, ha un&#8217;elevata affinit\u00e0 per i recettori CB1 e CB2.<\/p>\n<p>5C-AKB48 caratteristiche chimiche<\/p>\n<p>C23H30CIN3O<\/p>\n<p>N-(adamantan-1-il)<\/p>\n<p>-1-(5-cloropentil)-1H-indazolo<\/p>\n<p>-3-carbossammide<\/p>\n<p>Peso molecolare: 400,00 g\/mol<\/p>\n<p>Purezza : superiore al 98 percento<\/p>\n<p>5C-AKB48 \u00e8 un cannabinoide sintetico appartenente alla famiglia dell&#8217;indazolo-3-carbossammide. Condivide caratteristiche molecolari simili con 5F-ABD. Come nel caso di molti cannabinoidi, ha un&#8217;elevata affinit\u00e0 per i recettori CB1 e CB2, il che contribuisce alle sue caratteristiche euforiche. Come nel caso della maggior parte dei cannabinoidi, \u00e8 insolubile in acqua e stabile a temperatura ambiente. Come nel caso della maggior parte dei cannabinoidi, il 5C-AKB48 ha un potenziale significativo per l&#8217;uso come analgesico e stimolante dell&#8217;appetito. Sebbene non siano stati condotti studi sull&#8217;uomo, \u00e8 ragionevole presumere che 5C-AKB48 abbia gli stessi effetti cannabinoidi sintetici di altre sostanze chimiche della stessa classe. Va detto che il profilo di sicurezza di questo farmaco non \u00e8 stato valutato a fondo e che non \u00e8 destinato al consumo umano.<\/p>\n<p>Quali sono i probabili effetti collaterali e le precauzioni associate a 5C-AKB48?<\/p>\n<p>Gli effetti del 5C-psicoattivo AKB48 sono paragonabili a quelli di altri cannabinoidi naturali e sintetici, in particolare il 5F-ABD.<\/p>\n<p>Sedazione: forse l&#8217;effetto pi\u00f9 noto dei cannabinoidi, i consumatori riferiscono un profondo senso di calma e livelli di energia ridotti in seguito al consumo di 5C-AKB48.<\/p>\n<p>Ridurre l&#8217;infiammazione: per millenni, i cannabinoidi presenti in natura sono stati utilizzati per le loro qualit\u00e0 antinfiammatorie. Il CBD (un cannabinoide non psicoattivo) ha recentemente guadagnato popolarit\u00e0 come antidolorifico e infiammatorio. Sebbene non siano stati condotti studi ufficiali, \u00e8 ragionevole presumere che 5C-AKB48 possieda le propriet\u00e0 antinfiammatorie associate ai cannabinoidi.<\/p>\n<p>Caratteristiche anti-nausea ed emetiche: i cannabinoidi hanno propriet\u00e0 anti-nausea ed emetiche che sono stati osservati clinicamente per molti anni [1], con farmaci prescritti di routine come Marinol, syndros e Nabilone contenenti cannabinoidi sintetici.<\/p>\n<p>I cannabinoidi sono stati a lungo riconosciuti per la loro capacit\u00e0 di ridurre significativamente la gravit\u00e0 dell&#8217;emicrania e mal di testa cronico nell&#8217;uomo [2]. Sfortunatamente, non sono stati condotti studi controllati sull&#8217;utilit\u00e0 di 5C-AKB48 nel trattamento del mal di testa e esistono solo pochi rapporti aneddotici.<\/p>\n<p>Come precedentemente indicato, non \u00e8 stata intrapresa alcuna ricerca formale su 5C-AKB48 , e quindi il suo profilo di sicurezza non \u00e8 chiaro al momento. Nonostante l&#8217;assenza di test, possiamo aspettarci che mostrer\u00e0 i tipici effetti avversi della cannabis. Di conseguenza, \u00e8 fondamentale ricordare che 5C-AKB48 \u00e8 destinato esclusivamente alla ricerca e non \u00e8 destinato al consumo umano. Non dovrebbe essere maneggiato senza l&#8217;uso di apparecchiature di laboratorio appropriate, inclusi protezione per gli occhi e guanti.<\/p>\n<p>Dove posso acquistare?<\/p>\n<p>Chemical Planet \u00e8 orgogliosa di offrire 5C- di altissima qualit\u00e0 AKB48 sul mercato. Chemical Planet \u00e8 anche un fornitore affidabile n. 1, che fornisce spedizioni rapide e discrete in diversi luoghi in tutto il mondo.<\/p>\n<p>Per acquistare 5C-AKB48, devi avere almeno 18 anni e tutte le principali carte di credito cos\u00ec come bitcoin sono accettati. Tutti i prodotti, incluso 5C-AKB48, sono destinati esclusivamente alla ricerca e non sono destinati al consumo umano.<\/p>\n","protected":false},"excerpt":{"rendered":"<p>Acquista 5c-akb48 in vendita, all&#8217;ingrosso 5c-akb48 nel Regno Unito, ordina 5cakb48 fornitore in Europa. 5c-akb48 \u00e8 un cannabinoide sintetico a base di indazolo che \u00e8 stato venduto online come droga sintetica.<\/p>\n","protected":false},"featured_media":5928,"comment_status":"open","ping_status":"closed","template":"","meta":[],"product_brand":[],"product_cat":[2596],"product_tag":[4052,4053,4054,4055,4056,2600,4057,4058,2616,4059,2615,4060,4061,4062,4063,4065,4064],"class_list":{"0":"post-5897","1":"product","2":"type-product","3":"status-publish","4":"has-post-thumbnail","6":"product_cat-cannabinoidi-in-vendita","7":"product_tag-5c-akb48","8":"product_tag-5c-akb48-in-vendita","9":"product_tag-5cakb48","10":"product_tag-5f-mdmb-2201-5f-mdmb-2201-cannabinoide","11":"product_tag-5f-mdmb-2201-psiconauta","12":"product_tag-5f-mdmb-2201","13":"product_tag-5f-mdmb-2201-cayman","14":"product_tag-5f-mdmb-2201-dosage","15":"product_tag-5f-mdmb-2201-recensione","16":"product_tag-5f-mdmb-2201-recensioni","17":"product_tag-5f-mdmb-2201-reddit","18":"product_tag-5f-mdmb-2201-wiki","19":"product_tag-5fmdmb2201-5f-mdmb-2201-cannabinoide","20":"product_tag-compra-5c-akb48-online","21":"product_tag-acquisto-5c-akb48-online","22":"product_tag-dove-acquistare-5c-akb48-online","23":"product_tag-il-posto-migliore-per-acquistare-5c-akb48-online","25":"first","26":"instock","27":"shipping-taxable","28":"purchasable","29":"product-type-variable"},"yoast_head":"<!-- This site is optimized with the Yoast SEO plugin v27.3 - https:\/\/yoast.com\/product\/yoast-seo-wordpress\/ -->\n<title>Acquista 5c-akb48 da un venditore affidabile - Cannabinoidi - Best Global Meds<\/title>\n<meta name=\"description\" content=\"Acquista 5c-akb48 in vendita, 5c-akb48 all&#039;ingrosso nel Regno Unito, ordina 5cakb48 Europa fornitore. 5c-akb48 \u00e8 un cannabinoide sintetico a base di indazolo che \u00e8 stato venduto online come droga sintetica.\" \/>\n<meta name=\"robots\" content=\"index, follow, max-snippet:-1, max-image-preview:large, max-video-preview:-1\" \/>\n<link rel=\"canonical\" href=\"https:\/\/medicinasinc.com\/it\/product\/buy-5c-akb48\/\" \/>\n<meta property=\"og:locale\" content=\"it_IT\" \/>\n<meta property=\"og:type\" content=\"article\" \/>\n<meta property=\"og:title\" content=\"Acquista 5c-akb48 da un venditore affidabile - Cannabinoidi - Best Global Meds\" \/>\n<meta property=\"og:description\" content=\"Acquista 5c-akb48 in vendita, 5c-akb48 all&#039;ingrosso nel Regno Unito, ordina 5cakb48 Europa fornitore. 5c-akb48 \u00e8 un cannabinoide sintetico a base di indazolo che \u00e8 stato venduto online come droga sintetica.\" \/>\n<meta property=\"og:url\" content=\"https:\/\/medicinasinc.com\/it\/product\/buy-5c-akb48\/\" \/>\n<meta property=\"og:site_name\" content=\"Medicinas Inc\" \/>\n<meta property=\"article:modified_time\" content=\"2022-03-17T00:00:06+00:00\" \/>\n<meta property=\"og:image\" content=\"https:\/\/medicinasinc.com\/it\/wp-content\/uploads\/sites\/4\/2022\/02\/Buy-5C-AKB48.png\" \/>\n\t<meta property=\"og:image:width\" content=\"500\" \/>\n\t<meta property=\"og:image:height\" content=\"500\" \/>\n\t<meta property=\"og:image:type\" content=\"image\/png\" \/>\n<meta name=\"twitter:card\" content=\"summary_large_image\" \/>\n<meta name=\"twitter:label1\" content=\"Tempo di lettura stimato\" \/>\n\t<meta name=\"twitter:data1\" content=\"3 minuti\" \/>\n<script type=\"application\/ld+json\" class=\"yoast-schema-graph\">{\"@context\":\"https:\\\/\\\/schema.org\",\"@graph\":[{\"@type\":\"WebPage\",\"@id\":\"https:\\\/\\\/medicinasinc.com\\\/it\\\/product\\\/buy-5c-akb48\\\/\",\"url\":\"https:\\\/\\\/medicinasinc.com\\\/it\\\/product\\\/buy-5c-akb48\\\/\",\"name\":\"Acquista 5c-akb48 da un venditore affidabile - Cannabinoidi - Best Global Meds\",\"isPartOf\":{\"@id\":\"https:\\\/\\\/medicinasinc.com\\\/it\\\/#website\"},\"primaryImageOfPage\":{\"@id\":\"https:\\\/\\\/medicinasinc.com\\\/it\\\/product\\\/buy-5c-akb48\\\/#primaryimage\"},\"image\":{\"@id\":\"https:\\\/\\\/medicinasinc.com\\\/it\\\/product\\\/buy-5c-akb48\\\/#primaryimage\"},\"thumbnailUrl\":\"https:\\\/\\\/medicinasinc.com\\\/it\\\/wp-content\\\/uploads\\\/sites\\\/4\\\/2022\\\/02\\\/Buy-5C-AKB48.png\",\"datePublished\":\"2022-02-22T08:07:13+00:00\",\"dateModified\":\"2022-03-17T00:00:06+00:00\",\"description\":\"Acquista 5c-akb48 in vendita, 5c-akb48 all'ingrosso nel Regno Unito, ordina 5cakb48 Europa fornitore. 5c-akb48 \u00e8 un cannabinoide sintetico a base di indazolo che \u00e8 stato venduto online come droga sintetica.\",\"breadcrumb\":{\"@id\":\"https:\\\/\\\/medicinasinc.com\\\/it\\\/product\\\/buy-5c-akb48\\\/#breadcrumb\"},\"inLanguage\":\"it-IT\",\"potentialAction\":[{\"@type\":\"ReadAction\",\"target\":[\"https:\\\/\\\/medicinasinc.com\\\/it\\\/product\\\/buy-5c-akb48\\\/\"]}]},{\"@type\":\"ImageObject\",\"inLanguage\":\"it-IT\",\"@id\":\"https:\\\/\\\/medicinasinc.com\\\/it\\\/product\\\/buy-5c-akb48\\\/#primaryimage\",\"url\":\"https:\\\/\\\/medicinasinc.com\\\/it\\\/wp-content\\\/uploads\\\/sites\\\/4\\\/2022\\\/02\\\/Buy-5C-AKB48.png\",\"contentUrl\":\"https:\\\/\\\/medicinasinc.com\\\/it\\\/wp-content\\\/uploads\\\/sites\\\/4\\\/2022\\\/02\\\/Buy-5C-AKB48.png\",\"width\":500,\"height\":500},{\"@type\":\"BreadcrumbList\",\"@id\":\"https:\\\/\\\/medicinasinc.com\\\/it\\\/product\\\/buy-5c-akb48\\\/#breadcrumb\",\"itemListElement\":[{\"@type\":\"ListItem\",\"position\":1,\"name\":\"Negozio\",\"item\":\"https:\\\/\\\/medicinasinc.com\\\/it\\\/negozio\\\/\"},{\"@type\":\"ListItem\",\"position\":2,\"name\":\"Acquista 5C-AKB48\"}]},{\"@type\":\"WebSite\",\"@id\":\"https:\\\/\\\/medicinasinc.com\\\/it\\\/#website\",\"url\":\"https:\\\/\\\/medicinasinc.com\\\/it\\\/\",\"name\":\"Medicinas Inc\",\"description\":\"Health Medical Clinic\",\"potentialAction\":[{\"@type\":\"SearchAction\",\"target\":{\"@type\":\"EntryPoint\",\"urlTemplate\":\"https:\\\/\\\/medicinasinc.com\\\/it\\\/?s={search_term_string}\"},\"query-input\":{\"@type\":\"PropertyValueSpecification\",\"valueRequired\":true,\"valueName\":\"search_term_string\"}}],\"inLanguage\":\"it-IT\"}]}<\/script>\n<!-- \/ Yoast SEO plugin. -->","yoast_head_json":{"title":"Acquista 5c-akb48 da un venditore affidabile - Cannabinoidi - Best Global Meds","description":"Acquista 5c-akb48 in vendita, 5c-akb48 all'ingrosso nel Regno Unito, ordina 5cakb48 Europa fornitore. 5c-akb48 \u00e8 un cannabinoide sintetico a base di indazolo che \u00e8 stato venduto online come droga sintetica.","robots":{"index":"index","follow":"follow","max-snippet":"max-snippet:-1","max-image-preview":"max-image-preview:large","max-video-preview":"max-video-preview:-1"},"canonical":"https:\/\/medicinasinc.com\/it\/product\/buy-5c-akb48\/","og_locale":"it_IT","og_type":"article","og_title":"Acquista 5c-akb48 da un venditore affidabile - Cannabinoidi - Best Global Meds","og_description":"Acquista 5c-akb48 in vendita, 5c-akb48 all'ingrosso nel Regno Unito, ordina 5cakb48 Europa fornitore. 5c-akb48 \u00e8 un cannabinoide sintetico a base di indazolo che \u00e8 stato venduto online come droga sintetica.","og_url":"https:\/\/medicinasinc.com\/it\/product\/buy-5c-akb48\/","og_site_name":"Medicinas Inc","article_modified_time":"2022-03-17T00:00:06+00:00","og_image":[{"width":500,"height":500,"url":"https:\/\/medicinasinc.com\/it\/wp-content\/uploads\/sites\/4\/2022\/02\/Buy-5C-AKB48.png","type":"image\/png"}],"twitter_card":"summary_large_image","twitter_misc":{"Tempo di lettura stimato":"3 minuti"},"schema":{"@context":"https:\/\/schema.org","@graph":[{"@type":"WebPage","@id":"https:\/\/medicinasinc.com\/it\/product\/buy-5c-akb48\/","url":"https:\/\/medicinasinc.com\/it\/product\/buy-5c-akb48\/","name":"Acquista 5c-akb48 da un venditore affidabile - Cannabinoidi - Best Global Meds","isPartOf":{"@id":"https:\/\/medicinasinc.com\/it\/#website"},"primaryImageOfPage":{"@id":"https:\/\/medicinasinc.com\/it\/product\/buy-5c-akb48\/#primaryimage"},"image":{"@id":"https:\/\/medicinasinc.com\/it\/product\/buy-5c-akb48\/#primaryimage"},"thumbnailUrl":"https:\/\/medicinasinc.com\/it\/wp-content\/uploads\/sites\/4\/2022\/02\/Buy-5C-AKB48.png","datePublished":"2022-02-22T08:07:13+00:00","dateModified":"2022-03-17T00:00:06+00:00","description":"Acquista 5c-akb48 in vendita, 5c-akb48 all'ingrosso nel Regno Unito, ordina 5cakb48 Europa fornitore. 5c-akb48 \u00e8 un cannabinoide sintetico a base di indazolo che \u00e8 stato venduto online come droga sintetica.","breadcrumb":{"@id":"https:\/\/medicinasinc.com\/it\/product\/buy-5c-akb48\/#breadcrumb"},"inLanguage":"it-IT","potentialAction":[{"@type":"ReadAction","target":["https:\/\/medicinasinc.com\/it\/product\/buy-5c-akb48\/"]}]},{"@type":"ImageObject","inLanguage":"it-IT","@id":"https:\/\/medicinasinc.com\/it\/product\/buy-5c-akb48\/#primaryimage","url":"https:\/\/medicinasinc.com\/it\/wp-content\/uploads\/sites\/4\/2022\/02\/Buy-5C-AKB48.png","contentUrl":"https:\/\/medicinasinc.com\/it\/wp-content\/uploads\/sites\/4\/2022\/02\/Buy-5C-AKB48.png","width":500,"height":500},{"@type":"BreadcrumbList","@id":"https:\/\/medicinasinc.com\/it\/product\/buy-5c-akb48\/#breadcrumb","itemListElement":[{"@type":"ListItem","position":1,"name":"Negozio","item":"https:\/\/medicinasinc.com\/it\/negozio\/"},{"@type":"ListItem","position":2,"name":"Acquista 5C-AKB48"}]},{"@type":"WebSite","@id":"https:\/\/medicinasinc.com\/it\/#website","url":"https:\/\/medicinasinc.com\/it\/","name":"Medicinas Inc","description":"Health Medical Clinic","potentialAction":[{"@type":"SearchAction","target":{"@type":"EntryPoint","urlTemplate":"https:\/\/medicinasinc.com\/it\/?s={search_term_string}"},"query-input":{"@type":"PropertyValueSpecification","valueRequired":true,"valueName":"search_term_string"}}],"inLanguage":"it-IT"}]}},"_links":{"self":[{"href":"https:\/\/medicinasinc.com\/it\/wp-json\/wp\/v2\/product\/5897","targetHints":{"allow":["GET"]}}],"collection":[{"href":"https:\/\/medicinasinc.com\/it\/wp-json\/wp\/v2\/product"}],"about":[{"href":"https:\/\/medicinasinc.com\/it\/wp-json\/wp\/v2\/types\/product"}],"replies":[{"embeddable":true,"href":"https:\/\/medicinasinc.com\/it\/wp-json\/wp\/v2\/comments?post=5897"}],"wp:featuredmedia":[{"embeddable":true,"href":"https:\/\/medicinasinc.com\/it\/wp-json\/wp\/v2\/media\/5928"}],"wp:attachment":[{"href":"https:\/\/medicinasinc.com\/it\/wp-json\/wp\/v2\/media?parent=5897"}],"wp:term":[{"taxonomy":"product_brand","embeddable":true,"href":"https:\/\/medicinasinc.com\/it\/wp-json\/wp\/v2\/product_brand?post=5897"},{"taxonomy":"product_cat","embeddable":true,"href":"https:\/\/medicinasinc.com\/it\/wp-json\/wp\/v2\/product_cat?post=5897"},{"taxonomy":"product_tag","embeddable":true,"href":"https:\/\/medicinasinc.com\/it\/wp-json\/wp\/v2\/product_tag?post=5897"}],"curies":[{"name":"wp","href":"https:\/\/api.w.org\/{rel}","templated":true}]}}