{"id":5893,"date":"2022-02-22T08:05:19","date_gmt":"2022-02-22T08:05:19","guid":{"rendered":"https:\/\/medicinasinc.com\/it\/?post_type=product&#038;p=5893"},"modified":"2022-03-17T00:00:15","modified_gmt":"2022-03-17T00:00:15","slug":"acquistare-benzil-metil-chetone-bmk-polvere-online","status":"publish","type":"product","link":"https:\/\/medicinasinc.com\/it\/product\/acquistare-benzil-metil-chetone-bmk-polvere-online\/","title":{"rendered":"Acquista online la polvere di benzilmetilchetone (BMK)."},"content":{"rendered":"<p>Acquisto online di polvere BMK<\/p>\n<p>La polvere BMK pu\u00f2 essere acquistata online. La formula chimica del fenilacetone \u00e8 C6H5CH2COCH3. \u00c8 un olio incolore e solubile in solventi organici. Questa sostanza chimica \u00e8 generalmente indicata come P2P poich\u00e9 \u00e8 utilizzata nella produzione di metanfetamine e anfetamine. Il fenilacetone \u00e8 prodotto nell&#8217;uomo come metabolita di anfetamina e metanfetamina tramite la deaminazione ossidativa mediata da FMO3.<\/p>\n<p>Il fenilacetone, noto anche come benzilmetilchetone (BMK) o P2P, era il precursore della produzione di anfetamina. \u00c8 regolamentato dall&#8217;Unione Europea (UE) ai sensi del Regolamento (CE) 273\/2004 sui precursori di droghe e del Regolamento (CE) 111\/2005 del Consiglio sullo scambio di precursori di droghe. Di conseguenza, gli amministratori devono ottenere l&#8217;autorizzazione da specialisti qualificati per possederlo, importarlo o trasportarlo. Di recente, non ci sono state catture di BMK su larga scala all&#8217;interno dell&#8217;UE. Abbiamo un ottimo grado di soddisfazione del cliente e siamo pronti a diventare i principali fornitori online di olio di fenilacetone.<\/p>\n<p>Il fenilacetone pu\u00f2 anche essere sintetizzato da precursori come l&#8217;APAAN (alfa-fenilacetoacetonitrile). Di recente, le importazioni di APAAN sono state ai massimi storici e, di conseguenza, \u00e8 stato bilanciato nell&#8217;UE verso la fine del 2013. Nel marzo 2014, la Commissione delle Nazioni Unite sugli stupefacenti ha votato all&#8217;unanimit\u00e0 per regolamentarlo a livello globale. <\/p>\n<p>I nostri metodi di spedizione e consegna sono completamente sicuri e semplici per l&#8217;acquisto di olio di fenilacetone online. Siamo pronti a vendere piccole quantit\u00e0 e enormi quantit\u00e0 del nostro olio di fenilacetone online. La nostra qualit\u00e0 online di olio di fenilacetone non ha eguali e vendiamo in piccole\/grandi quantit\u00e0 con la garanzia di una consegna discreta in modo tempestivo dopo l&#8217;acquisto di olio di fenilacetone online. Spedizione tramite DHL, TNT o FedEx, tra gli altri. Inoltre, dipende dalla modalit\u00e0 di trasporto del cliente quando effettua un ordine per l&#8217;olio di fenilacetone online. Non esitare a contattarci quando sei pronto per acquistare il fenilacetone, poich\u00e9 offriamo il prezzo pi\u00f9 basso.<\/p>\n<p>Il nostro scopo \u00e8 rendere semplice l&#8217;acquisto di un&#8217;ampia variet\u00e0 dei nostri prodotti. Dopo aver effettuato un ordine per l&#8217;olio di fenilacetone online con noi, ti consiglieremo sul tuo acquisto. Ci assicuriamo che i nostri clienti ricevano il loro pacco e l&#8217;olio di fenilacetone di alta qualit\u00e0, nonch\u00e9 che raggiungano i loro obiettivi assicurando che i nostri articoli siano trattati correttamente.<\/p>\n","protected":false},"excerpt":{"rendered":"<p>Acquista la polvere di benzilmetilchetone (BMK) online. La nostra polvere BMK \u00e8 testata in laboratorio al 100%. Spediamo la nostra polvere BMK come spedizione discreta ed espressa<\/p>\n","protected":false},"featured_media":5922,"comment_status":"open","ping_status":"closed","template":"","meta":[],"product_brand":[],"product_cat":[2014],"product_tag":[],"class_list":{"0":"post-5893","1":"product","2":"type-product","3":"status-publish","4":"has-post-thumbnail","6":"product_cat-compra-ricerca-prodotti-chimici","8":"first","9":"instock","10":"shipping-taxable","11":"purchasable","12":"product-type-variable"},"yoast_head":"<!-- This site is optimized with the Yoast SEO plugin v27.2 - https:\/\/yoast.com\/product\/yoast-seo-wordpress\/ -->\n<title>Acquista online la polvere di benzilmetilchetone (BMK) - I migliori farmaci globali<\/title>\n<meta name=\"description\" content=\"Acquista online la polvere di benzilmetilchetone (BMK). La nostra polvere BMK \u00e8 testata in laboratorio al 100%. Spediamo la nostra polvere BMK come spedizione discreta ed espressa\" \/>\n<meta name=\"robots\" content=\"index, follow, max-snippet:-1, max-image-preview:large, max-video-preview:-1\" \/>\n<link rel=\"canonical\" href=\"https:\/\/medicinasinc.com\/it\/product\/acquistare-benzil-metil-chetone-bmk-polvere-online\/\" \/>\n<meta property=\"og:locale\" content=\"it_IT\" \/>\n<meta property=\"og:type\" content=\"article\" \/>\n<meta property=\"og:title\" content=\"Acquista online la polvere di benzilmetilchetone (BMK) - I migliori farmaci globali\" \/>\n<meta property=\"og:description\" content=\"Acquista online la polvere di benzilmetilchetone (BMK). La nostra polvere BMK \u00e8 testata in laboratorio al 100%. Spediamo la nostra polvere BMK come spedizione discreta ed espressa\" \/>\n<meta property=\"og:url\" content=\"https:\/\/medicinasinc.com\/it\/product\/acquistare-benzil-metil-chetone-bmk-polvere-online\/\" \/>\n<meta property=\"og:site_name\" content=\"Medicinas Inc\" \/>\n<meta property=\"article:modified_time\" content=\"2022-03-17T00:00:15+00:00\" \/>\n<meta property=\"og:image\" content=\"https:\/\/medicinasinc.com\/it\/wp-content\/uploads\/sites\/4\/2022\/02\/buy-bmk-powder.jpg\" \/>\n\t<meta property=\"og:image:width\" content=\"447\" \/>\n\t<meta property=\"og:image:height\" content=\"389\" \/>\n\t<meta property=\"og:image:type\" content=\"image\/jpeg\" \/>\n<meta name=\"twitter:card\" content=\"summary_large_image\" \/>\n<meta name=\"twitter:label1\" content=\"Tempo di lettura stimato\" \/>\n\t<meta name=\"twitter:data1\" content=\"2 minuti\" \/>\n<script type=\"application\/ld+json\" class=\"yoast-schema-graph\">{\"@context\":\"https:\/\/schema.org\",\"@graph\":[{\"@type\":\"WebPage\",\"@id\":\"https:\/\/medicinasinc.com\/it\/product\/acquistare-benzil-metil-chetone-bmk-polvere-online\/\",\"url\":\"https:\/\/medicinasinc.com\/it\/product\/acquistare-benzil-metil-chetone-bmk-polvere-online\/\",\"name\":\"Acquista online la polvere di benzilmetilchetone (BMK) - I migliori farmaci globali\",\"isPartOf\":{\"@id\":\"https:\/\/medicinasinc.com\/it\/#website\"},\"primaryImageOfPage\":{\"@id\":\"https:\/\/medicinasinc.com\/it\/product\/acquistare-benzil-metil-chetone-bmk-polvere-online\/#primaryimage\"},\"image\":{\"@id\":\"https:\/\/medicinasinc.com\/it\/product\/acquistare-benzil-metil-chetone-bmk-polvere-online\/#primaryimage\"},\"thumbnailUrl\":\"https:\/\/medicinasinc.com\/it\/wp-content\/uploads\/sites\/4\/2022\/02\/buy-bmk-powder.jpg\",\"datePublished\":\"2022-02-22T08:05:19+00:00\",\"dateModified\":\"2022-03-17T00:00:15+00:00\",\"description\":\"Acquista online la polvere di benzilmetilchetone (BMK). La nostra polvere BMK \u00e8 testata in laboratorio al 100%. Spediamo la nostra polvere BMK come spedizione discreta ed espressa\",\"breadcrumb\":{\"@id\":\"https:\/\/medicinasinc.com\/it\/product\/acquistare-benzil-metil-chetone-bmk-polvere-online\/#breadcrumb\"},\"inLanguage\":\"it-IT\",\"potentialAction\":[{\"@type\":\"ReadAction\",\"target\":[\"https:\/\/medicinasinc.com\/it\/product\/acquistare-benzil-metil-chetone-bmk-polvere-online\/\"]}]},{\"@type\":\"ImageObject\",\"inLanguage\":\"it-IT\",\"@id\":\"https:\/\/medicinasinc.com\/it\/product\/acquistare-benzil-metil-chetone-bmk-polvere-online\/#primaryimage\",\"url\":\"https:\/\/medicinasinc.com\/it\/wp-content\/uploads\/sites\/4\/2022\/02\/buy-bmk-powder.jpg\",\"contentUrl\":\"https:\/\/medicinasinc.com\/it\/wp-content\/uploads\/sites\/4\/2022\/02\/buy-bmk-powder.jpg\",\"width\":447,\"height\":389},{\"@type\":\"BreadcrumbList\",\"@id\":\"https:\/\/medicinasinc.com\/it\/product\/acquistare-benzil-metil-chetone-bmk-polvere-online\/#breadcrumb\",\"itemListElement\":[{\"@type\":\"ListItem\",\"position\":1,\"name\":\"Negozio\",\"item\":\"https:\/\/medicinasinc.com\/it\/negozio\/\"},{\"@type\":\"ListItem\",\"position\":2,\"name\":\"Acquista online la polvere di benzilmetilchetone (BMK).\"}]},{\"@type\":\"WebSite\",\"@id\":\"https:\/\/medicinasinc.com\/it\/#website\",\"url\":\"https:\/\/medicinasinc.com\/it\/\",\"name\":\"Medicinas Inc\",\"description\":\"Health Medical Clinic\",\"potentialAction\":[{\"@type\":\"SearchAction\",\"target\":{\"@type\":\"EntryPoint\",\"urlTemplate\":\"https:\/\/medicinasinc.com\/it\/?s={search_term_string}\"},\"query-input\":{\"@type\":\"PropertyValueSpecification\",\"valueRequired\":true,\"valueName\":\"search_term_string\"}}],\"inLanguage\":\"it-IT\"}]}<\/script>\n<!-- \/ Yoast SEO plugin. -->","yoast_head_json":{"title":"Acquista online la polvere di benzilmetilchetone (BMK) - I migliori farmaci globali","description":"Acquista online la polvere di benzilmetilchetone (BMK). La nostra polvere BMK \u00e8 testata in laboratorio al 100%. Spediamo la nostra polvere BMK come spedizione discreta ed espressa","robots":{"index":"index","follow":"follow","max-snippet":"max-snippet:-1","max-image-preview":"max-image-preview:large","max-video-preview":"max-video-preview:-1"},"canonical":"https:\/\/medicinasinc.com\/it\/product\/acquistare-benzil-metil-chetone-bmk-polvere-online\/","og_locale":"it_IT","og_type":"article","og_title":"Acquista online la polvere di benzilmetilchetone (BMK) - I migliori farmaci globali","og_description":"Acquista online la polvere di benzilmetilchetone (BMK). La nostra polvere BMK \u00e8 testata in laboratorio al 100%. Spediamo la nostra polvere BMK come spedizione discreta ed espressa","og_url":"https:\/\/medicinasinc.com\/it\/product\/acquistare-benzil-metil-chetone-bmk-polvere-online\/","og_site_name":"Medicinas Inc","article_modified_time":"2022-03-17T00:00:15+00:00","og_image":[{"width":447,"height":389,"url":"https:\/\/medicinasinc.com\/it\/wp-content\/uploads\/sites\/4\/2022\/02\/buy-bmk-powder.jpg","type":"image\/jpeg"}],"twitter_card":"summary_large_image","twitter_misc":{"Tempo di lettura stimato":"2 minuti"},"schema":{"@context":"https:\/\/schema.org","@graph":[{"@type":"WebPage","@id":"https:\/\/medicinasinc.com\/it\/product\/acquistare-benzil-metil-chetone-bmk-polvere-online\/","url":"https:\/\/medicinasinc.com\/it\/product\/acquistare-benzil-metil-chetone-bmk-polvere-online\/","name":"Acquista online la polvere di benzilmetilchetone (BMK) - I migliori farmaci globali","isPartOf":{"@id":"https:\/\/medicinasinc.com\/it\/#website"},"primaryImageOfPage":{"@id":"https:\/\/medicinasinc.com\/it\/product\/acquistare-benzil-metil-chetone-bmk-polvere-online\/#primaryimage"},"image":{"@id":"https:\/\/medicinasinc.com\/it\/product\/acquistare-benzil-metil-chetone-bmk-polvere-online\/#primaryimage"},"thumbnailUrl":"https:\/\/medicinasinc.com\/it\/wp-content\/uploads\/sites\/4\/2022\/02\/buy-bmk-powder.jpg","datePublished":"2022-02-22T08:05:19+00:00","dateModified":"2022-03-17T00:00:15+00:00","description":"Acquista online la polvere di benzilmetilchetone (BMK). La nostra polvere BMK \u00e8 testata in laboratorio al 100%. Spediamo la nostra polvere BMK come spedizione discreta ed espressa","breadcrumb":{"@id":"https:\/\/medicinasinc.com\/it\/product\/acquistare-benzil-metil-chetone-bmk-polvere-online\/#breadcrumb"},"inLanguage":"it-IT","potentialAction":[{"@type":"ReadAction","target":["https:\/\/medicinasinc.com\/it\/product\/acquistare-benzil-metil-chetone-bmk-polvere-online\/"]}]},{"@type":"ImageObject","inLanguage":"it-IT","@id":"https:\/\/medicinasinc.com\/it\/product\/acquistare-benzil-metil-chetone-bmk-polvere-online\/#primaryimage","url":"https:\/\/medicinasinc.com\/it\/wp-content\/uploads\/sites\/4\/2022\/02\/buy-bmk-powder.jpg","contentUrl":"https:\/\/medicinasinc.com\/it\/wp-content\/uploads\/sites\/4\/2022\/02\/buy-bmk-powder.jpg","width":447,"height":389},{"@type":"BreadcrumbList","@id":"https:\/\/medicinasinc.com\/it\/product\/acquistare-benzil-metil-chetone-bmk-polvere-online\/#breadcrumb","itemListElement":[{"@type":"ListItem","position":1,"name":"Negozio","item":"https:\/\/medicinasinc.com\/it\/negozio\/"},{"@type":"ListItem","position":2,"name":"Acquista online la polvere di benzilmetilchetone (BMK)."}]},{"@type":"WebSite","@id":"https:\/\/medicinasinc.com\/it\/#website","url":"https:\/\/medicinasinc.com\/it\/","name":"Medicinas Inc","description":"Health Medical Clinic","potentialAction":[{"@type":"SearchAction","target":{"@type":"EntryPoint","urlTemplate":"https:\/\/medicinasinc.com\/it\/?s={search_term_string}"},"query-input":{"@type":"PropertyValueSpecification","valueRequired":true,"valueName":"search_term_string"}}],"inLanguage":"it-IT"}]}},"_links":{"self":[{"href":"https:\/\/medicinasinc.com\/it\/wp-json\/wp\/v2\/product\/5893","targetHints":{"allow":["GET"]}}],"collection":[{"href":"https:\/\/medicinasinc.com\/it\/wp-json\/wp\/v2\/product"}],"about":[{"href":"https:\/\/medicinasinc.com\/it\/wp-json\/wp\/v2\/types\/product"}],"replies":[{"embeddable":true,"href":"https:\/\/medicinasinc.com\/it\/wp-json\/wp\/v2\/comments?post=5893"}],"wp:featuredmedia":[{"embeddable":true,"href":"https:\/\/medicinasinc.com\/it\/wp-json\/wp\/v2\/media\/5922"}],"wp:attachment":[{"href":"https:\/\/medicinasinc.com\/it\/wp-json\/wp\/v2\/media?parent=5893"}],"wp:term":[{"taxonomy":"product_brand","embeddable":true,"href":"https:\/\/medicinasinc.com\/it\/wp-json\/wp\/v2\/product_brand?post=5893"},{"taxonomy":"product_cat","embeddable":true,"href":"https:\/\/medicinasinc.com\/it\/wp-json\/wp\/v2\/product_cat?post=5893"},{"taxonomy":"product_tag","embeddable":true,"href":"https:\/\/medicinasinc.com\/it\/wp-json\/wp\/v2\/product_tag?post=5893"}],"curies":[{"name":"wp","href":"https:\/\/api.w.org\/{rel}","templated":true}]}}