{"id":5890,"date":"2022-02-22T08:03:24","date_gmt":"2022-02-22T08:03:24","guid":{"rendered":"https:\/\/medicinasinc.com\/it\/?post_type=product&#038;p=5890"},"modified":"2022-03-17T00:00:29","modified_gmt":"2022-03-17T00:00:29","slug":"buy-apaan-online-alfa-fenilacetoacetonitrile","status":"publish","type":"product","link":"https:\/\/medicinasinc.com\/it\/product\/buy-apaan-online-alfa-fenilacetoacetonitrile\/","title":{"rendered":"Acquista APAAN Online (Alfa-fenilacetoacetonitrile)"},"content":{"rendered":"<p>Acquista l&#8217;APAAN da una rispettabile farmacia online.<\/p>\n<p>L&#8217;APAAN, numero di registro CAS 4468-48-8, \u00e8 una polvere cristallina di colore variabile dal bianco al giallo chiaro, sintetizzata dal benzilcianuro.<\/p>\n<p>Cos&#8217;\u00e8 l&#8217;APAAN (alfa-fenilacetoacetonitrile)?<\/p>\n<p>L&#8217;alfa-fenilacetoacetonitrile \u00e8 una sostanza chimica con il numero CAS 4468-48-8 che il Controlled Substances Act classifica come sostanza di classe I (CSA). Si scopre che viene utilizzato nei laboratori chimici clandestini per produrre illecitamente una sostanza soggetta a restrizioni di tabella II nota come fenil-2-propanone o P2P), metanfetamina e anfetamina. Di conseguenza, la DEA ha richiesto che fosse classificata come sostanza controllata.<\/p>\n<p>Qualsiasi miscela chimica contenente alfa-fenilacetoacetonitrile \u00e8 regolamentata dalla CSA, salvo in circostanze limitate.<\/p>\n<p>Cosa sono alcuni sinonimi di alfa fenilacetoacetonitrile?<\/p>\n<p>Inoltre, alfa fenilacetoacetonitrile \u00e8 indicato con i seguenti nomi:<\/p>\n<p>NSC 11777 NSC 25183 NSC 55206 APAAN 2-fenilacetonitrile<br \/> Quali sono i molti tipi di alfa fenilacetoacetonitrile disponibili?<\/p>\n<p>Questa sostanza chimica \u00e8 disponibile in forma in polvere, gialla, marrone o bianca, nonch\u00e9 in forme cristalline con una leggera sfumatura giallo paglierino.<\/p>\n<p>Come posso acquistare Alpha Phenylacetoacetonitrile?<\/p>\n<p>Alpha Phenylacetoacetonitrile \u00e8 disponibile per l&#8217;acquisto tramite il nostro negozio online. La nostra sostanza chimica \u00e8 estremamente pura. Non solo, lo riceverai anche da noi a un prezzo notevolmente inferiore rispetto alla maggior parte degli altri fornitori sul mercato. Un altro incentivo convincente per fare acquisti nel nostro negozio online \u00e8 che lo distribuiamo in modo discreto e sicuro ai nostri clienti in molte parti del mondo tramite i nostri corrieri partner di fiducia.<\/p>\n<p>Quali qualit\u00e0 ha l&#8217;alfa fenilacetoacetonitrile?<br \/> Di seguito sono riportate le caratteristiche specifiche di questa sostanza chimica:<\/p>\n<p>Utilizzare una tabella per questa parte (punto di fusione, punto di ebollizione, densit\u00e0, numero CAS, purezza e peso molecolare, ad esempio).<\/p>\n<p>Quali applicazioni ha l&#8217;alfa fenilacetoacetonitrile?<\/p>\n<p>L&#8217;alfa fenilacetoacetonitrile non ha usi autorizzati se non per scopi di ricerca e sviluppo, nonch\u00e9 per scopi analitici nei laboratori.<\/p>\n<p>Diversi noti fornitori di questa sostanza chimica include quanto segue:<br \/> Di seguito \u00e8 riportato un elenco di fornitori di alfa fenilacetoacetonitrile:<br \/> Aurum Pharmatech LLC Activate Scientific<br \/> Prodotti chimici per la ricerca eterociclici e elementi costitutivi MolPort<br \/> Ricerca e sviluppo chimici di Lupi<br \/> AK Scienti fic, Inc. (AKSCI) Alfa Chemistry Oakwood Products<br \/> APIChem Technology Vitas-M Laboratory LabNetwork, a WuXi AppTec Company Chemieliva Pharmaceutical Co., Ltd Hangzhou APIChem Technology Vitas-M Laboratory<br \/> Come viene sintetizzato l&#8217;alfa fenilacetoacetonitrile o preparato?<\/p>\n<p>60 g di sodio puro con una massa di 2,6 grammi di atomi vengono combinati con 700 cc di alcol assoluto. Una soluzione di etossido di sodio viene preparata utilizzando questo metodo in un pallone a fondo tondo 2-1 dotato di un condensatore a riflusso. A questa soluzione riscaldata si aggiungono e si agitano opportunamente 234 go 2 moli di benzilcianuro puro e 264 go 3 moli di acetato di etile secco. Il condensatore \u00e8 sigillato con un tubo di cloruro di calcio. La soluzione viene cotta in un bagno di vapore per due ore e poi lasciata per una notte. La mattina seguente, noterai che nel composto si sono formati dei grumi. Di conseguenza, viene utilizzata una bacchetta di legno per mescolare il liquido, facendo frantumare i grumi. Successivamente, viene utilizzata una miscela di congelamento per raffreddarla ad una temperatura di 10\u00b0. La temperatura viene quindi mantenuta a questo livello per due ore. Un 6 pollici. L&#8217;imbuto B\u00fcchner viene utilizzato per raccogliere il sale sodico, che viene risciacquato quattro volte nell&#8217;imbuto con 250 cc. parti di etere. Scoprirai una torta filtrante incolore equivalente a 250\u2013275 g. di sale sodico secco, o il 69-76% della quantit\u00e0 prevista. Unire i filtrati e aggiungerli alla miscela di congelamento.<\/p>\n<p>A temperatura ambiente, sciogliere il sale sodico ancora bagnato con etere in 1,3 l di distillato acqua e poi raffreddare la soluzione a 0\u00b0. Precipitare il nitrile aggiungendo delicatamente 90 cc di acido acetico glaciale e agitando vigorosamente. Separare il precipitato mediante filtrazione ad aspirazione e lavarlo quattro volte in 250 cc di acqua utilizzando un imbuto. Ora dovresti avere una torta umida di -fenilacetoacetonitrile con un peso di 300 g (188-206 g). \u00c8 secco per il 59\u201364% e ha un punto di fusione di 87\u201389\u00b0, che \u00e8 adatto per la maggior parte delle applicazioni.<\/p>\n<p>Se si desidera ricristallizzare la sostanza chimica grezza, sciogliere la torta umida in 100 cc di alcool metilico bollente. Filtrare la soluzione e lasciarla raffreddare ad una temperatura di 10\u00b0 mescolando. Filtrare ad aspirazione i cristalli e lavarli una volta con 40cc di alcol metilico raffreddati a 10\u00b0. Il prodotto pesa 173\u2013191 g (54%\u201360%) quando \u00e8 secco e ha un punto di fusione di 88,5\u201389,5\u00b0. In un 5-1. pallone, unire i filtrati e i lavaggi della separazione del sale sodico. Puoi diluirlo con acqua ghiacciata fino al punto in cui il pallone \u00e8 completamente pieno. Sifonando rimuovere totalmente lo strato inferiore. Una parte significativa dell&#8217;etere pu\u00f2 essere rimossa mediante decantazione e il resto separato utilizzando un imbuto separatore.<\/p>\n<p>Estrarre lo strato acquoso altre due volte utilizzando 500 cc di parti di etere, quindi scartare gli estratti di etere.<\/p>\n<p>A pressione ridotta, \u00e8 possibile rimuovere l&#8217;eventuale etere residuo nello strato acquoso aspirando aria attraverso la soluzione per un&#8217;ora utilizzando una pompa di aspirazione. Aggiungendo 60 cc di acido acetico glaciale, precipitare il -fenilacetoacetonitrile.<\/p>\n<p>Se si elimina l&#8217;olio, immergere il pallone in un bagno di ghiaccio fino a quando il precipitato non cristallizza. Separare i cristalli mediante filtrazione ad aspirazione e lavarli quattro volte in un imbuto riempito con 50 cc di acqua. Il materiale di colore marrone chiaro pesa 50\u201355 g e ha un punto di fusione di 83\u201386\u00b0 una volta essiccato. Quindi scioglierlo nelle acque madri di alcol metilico rimaste dalla cristallizzazione del lotto precedente. La soluzione risultante viene quindi riscaldata in presenza di una traccia di Norite. Si filtra e si raffredda ad una temperatura di 10\u00b0. Raccogliere i cristalli creati con un filtro e lavarli con 10 cc di alcol metilico freddo, quindi asciugare. Si ottiene quindi una sostanza di 43\u201348 grammi di colore paglierino chiaro e punto di fusione di 87\u201389\u00b0. Viene ricristallizzato da una soluzione di 25 cc di alcol metilico puro e 10 cc di alcol metilico freddo. Viene prodotto un materiale da 37\u201341 g con un punto di fusione di 88,5\u201389,5\u00b0. Ci\u00f2 si traduce in un materiale totale di questa purezza che pesa tra 210 e 232 g, ovvero il 66\u201373 percento della quantit\u00e0 teorica.<\/p>\n<p>Quali qualit\u00e0 ha l&#8217;alfa fenilacetoacetonitrile?<\/p>\n<p>Le seguenti sono le caratteristiche specifiche di questa sostanza chimica:<\/p>\n<p>Peso Molecolare: 159.188 g\/mol Massa Esatta: 159.068 g\/mol CAS: 4468-48-8<br \/> 99,8% di purezza<br \/> Quanto costa Alpha Costo del fenilacetoacetonitrile?<\/p>\n<p>Il costo di questa sostanza chimica varia a seconda del fornitore. Il prezzo effettivo \u00e8 determinato dallo sconto concesso da un rivenditore online e dalla quantit\u00e0 di prodotto chimico acquistato. Possiamo assicurarti che lo troverai al miglior prezzo sul mercato nel nostro negozio. Inoltre, garantiamo la qualit\u00e0 del prodotto e la consegna rapida a casa tua.<\/p>\n<p>Come viene classificato legalmente l&#8217;alfa fenilacetoacetonitrile?<\/p>\n<p>Dato che l&#8217;alfa fenilacetoacetonitrile \u00e8 una sostanza chimica della Tabella I, tutte le transazioni che coinvolgono, indipendentemente dalla loro quantit\u00e0, sono controllati.<\/p>\n<p>I produttori di miscele contenenti questa sostanza chimica che non si qualificano per l&#8217;esenzione automatica devono presentare una domanda di esenzione, poich\u00e9 tutte le miscele chimiche, comprese le sostanze chimiche a qualsiasi concentrazione, sono regolamentate. <\/p>\n<p>Quali sono le avvertenze associate a questa sostanza chimica a cui devi attenerti?<\/p>\n<p>\u00c8 necessario prestare particolare attenzione per proteggere la tua sicurezza durante la manipolazione di questa sostanza. Di seguito sono riportate le avvertenze e le precauzioni:<\/p>\n<p>Se ingerita per via orale, questa sostanza chimica \u00e8 estremamente pericolosa. Pertanto, evitalo a tutti i costi.<br \/> Poich\u00e9 \u00e8 pericoloso se viene a contatto con la tua carne, devi maneggiarla con estrema cautela e indossare guanti per proteggere la tua pelle.<br \/> Lo farai avvertire irritazione della pelle e potrebbe persino corrodersi, quindi evita il contatto ravvicinato.<br \/> Poich\u00e9 \u00e8 noto che la sostanza chimica causa gravi irritazioni e danni agli occhi, \u00e8 fondamentale utilizzare occhiali protettivi che coprano completamente gli occhi, prevenendo cos\u00ec il contatto involontario con gli occhi.<br \/> \u00c8 risultato estremamente pericoloso se inalato. Pertanto, il viso deve essere coperto per prevenire l&#8217;inalazione involontaria della sostanza chimica durante la ricerca, lo sviluppo o l&#8217;analisi.<br \/> Il farmaco \u00e8 sufficientemente potente da produrre disturbi respiratori. Anche una singola esposizione ad esso pu\u00f2 produrre tossicit\u00e0 per l&#8217;organo bersaglio. \u00c8 possibile una grave infiammazione, in particolare delle vie respiratorie.<\/p>\n<p>Acquista APAAN Online | Acquisto APAAN in vendita | Acquista APAAN Online | Acquista APAAN Online (USA, CINA, REGNO UNITO, IN TUTTO IL MONDO)<\/p>\n","protected":false},"excerpt":{"rendered":"<p>Compra APAAN (alfa-fenilacetoacetonitrile) in vendita Europa, Regno Unito online senza prescrizione medica. Ordina APAAN (alfa-fenilacetoacetonitrile) online.<\/p>\n<p>APAAN (alfa-fenilacetoacetonitrile) \u00e8 uno standard di riferimento analitico con una somiglianza strutturale con l&#8217;anfetamina.<\/p>\n<p>-acetilbenzeneacetonitrile<\/p>\n<p> 4468-48-8 N. CAS<\/p>\n<p>Sinonimi: APAAN,2-fenilacetoacetonitrile<\/p>\n<p>Formula molecolare:C10H9NO<\/p>\n<p>Peso formula:159,2<\/p>\n<p>Purezza:\u226598%<\/p>\n<p>Formulazione:Un solido cristallino<\/p>\n<p>\u03bbmax:264 nm<\/p>\n<p>Conservazione:-20\u00b0C<\/p>\n<p>Stabilit\u00e0 :\u2265 2 anni<\/p>\n","protected":false},"featured_media":5916,"comment_status":"open","ping_status":"closed","template":"","meta":[],"product_brand":[],"product_cat":[703],"product_tag":[],"class_list":{"0":"post-5890","1":"product","2":"type-product","3":"status-publish","4":"has-post-thumbnail","6":"product_cat-compra-droghe-psichedeliche","8":"first","9":"instock","10":"shipping-taxable","11":"purchasable","12":"product-type-variable"},"yoast_head":"<!-- This site is optimized with the Yoast SEO plugin v27.3 - https:\/\/yoast.com\/product\/yoast-seo-wordpress\/ -->\n<title>Acquista APAAN online (alfa-fenilacetoacetonitrile) - I migliori farmaci globali<\/title>\n<meta name=\"description\" content=\"Acquista APAAN (alfa-fenilacetoacetonitrile) in vendita Europa, Regno Unito online senza prescrizione medica. Ordina APAAN (alfa-fenilacetoacetonitrile) online.\" \/>\n<meta name=\"robots\" content=\"index, follow, max-snippet:-1, max-image-preview:large, max-video-preview:-1\" \/>\n<link rel=\"canonical\" href=\"https:\/\/medicinasinc.com\/it\/product\/buy-apaan-online-alfa-fenilacetoacetonitrile\/\" \/>\n<meta property=\"og:locale\" content=\"it_IT\" \/>\n<meta property=\"og:type\" content=\"article\" \/>\n<meta property=\"og:title\" content=\"Acquista APAAN online (alfa-fenilacetoacetonitrile) - I migliori farmaci globali\" \/>\n<meta property=\"og:description\" content=\"Acquista APAAN (alfa-fenilacetoacetonitrile) in vendita Europa, Regno Unito online senza prescrizione medica. Ordina APAAN (alfa-fenilacetoacetonitrile) online.\" \/>\n<meta property=\"og:url\" content=\"https:\/\/medicinasinc.com\/it\/product\/buy-apaan-online-alfa-fenilacetoacetonitrile\/\" \/>\n<meta property=\"og:site_name\" content=\"Medicinas Inc\" \/>\n<meta property=\"article:modified_time\" content=\"2022-03-17T00:00:29+00:00\" \/>\n<meta property=\"og:image\" content=\"https:\/\/medicinasinc.com\/it\/wp-content\/uploads\/sites\/4\/2022\/02\/buy-apaan-alpha-phenylacetoacetonitrile.jpg\" \/>\n\t<meta property=\"og:image:width\" content=\"600\" \/>\n\t<meta property=\"og:image:height\" content=\"600\" \/>\n\t<meta property=\"og:image:type\" content=\"image\/jpeg\" \/>\n<meta name=\"twitter:card\" content=\"summary_large_image\" \/>\n<meta name=\"twitter:label1\" content=\"Tempo di lettura stimato\" \/>\n\t<meta name=\"twitter:data1\" content=\"6 minuti\" \/>\n<script type=\"application\/ld+json\" class=\"yoast-schema-graph\">{\"@context\":\"https:\\\/\\\/schema.org\",\"@graph\":[{\"@type\":\"WebPage\",\"@id\":\"https:\\\/\\\/medicinasinc.com\\\/it\\\/product\\\/buy-apaan-online-alfa-fenilacetoacetonitrile\\\/\",\"url\":\"https:\\\/\\\/medicinasinc.com\\\/it\\\/product\\\/buy-apaan-online-alfa-fenilacetoacetonitrile\\\/\",\"name\":\"Acquista APAAN online (alfa-fenilacetoacetonitrile) - I migliori farmaci globali\",\"isPartOf\":{\"@id\":\"https:\\\/\\\/medicinasinc.com\\\/it\\\/#website\"},\"primaryImageOfPage\":{\"@id\":\"https:\\\/\\\/medicinasinc.com\\\/it\\\/product\\\/buy-apaan-online-alfa-fenilacetoacetonitrile\\\/#primaryimage\"},\"image\":{\"@id\":\"https:\\\/\\\/medicinasinc.com\\\/it\\\/product\\\/buy-apaan-online-alfa-fenilacetoacetonitrile\\\/#primaryimage\"},\"thumbnailUrl\":\"https:\\\/\\\/medicinasinc.com\\\/it\\\/wp-content\\\/uploads\\\/sites\\\/4\\\/2022\\\/02\\\/buy-apaan-alpha-phenylacetoacetonitrile.jpg\",\"datePublished\":\"2022-02-22T08:03:24+00:00\",\"dateModified\":\"2022-03-17T00:00:29+00:00\",\"description\":\"Acquista APAAN (alfa-fenilacetoacetonitrile) in vendita Europa, Regno Unito online senza prescrizione medica. Ordina APAAN (alfa-fenilacetoacetonitrile) online.\",\"breadcrumb\":{\"@id\":\"https:\\\/\\\/medicinasinc.com\\\/it\\\/product\\\/buy-apaan-online-alfa-fenilacetoacetonitrile\\\/#breadcrumb\"},\"inLanguage\":\"it-IT\",\"potentialAction\":[{\"@type\":\"ReadAction\",\"target\":[\"https:\\\/\\\/medicinasinc.com\\\/it\\\/product\\\/buy-apaan-online-alfa-fenilacetoacetonitrile\\\/\"]}]},{\"@type\":\"ImageObject\",\"inLanguage\":\"it-IT\",\"@id\":\"https:\\\/\\\/medicinasinc.com\\\/it\\\/product\\\/buy-apaan-online-alfa-fenilacetoacetonitrile\\\/#primaryimage\",\"url\":\"https:\\\/\\\/medicinasinc.com\\\/it\\\/wp-content\\\/uploads\\\/sites\\\/4\\\/2022\\\/02\\\/buy-apaan-alpha-phenylacetoacetonitrile.jpg\",\"contentUrl\":\"https:\\\/\\\/medicinasinc.com\\\/it\\\/wp-content\\\/uploads\\\/sites\\\/4\\\/2022\\\/02\\\/buy-apaan-alpha-phenylacetoacetonitrile.jpg\",\"width\":600,\"height\":600},{\"@type\":\"BreadcrumbList\",\"@id\":\"https:\\\/\\\/medicinasinc.com\\\/it\\\/product\\\/buy-apaan-online-alfa-fenilacetoacetonitrile\\\/#breadcrumb\",\"itemListElement\":[{\"@type\":\"ListItem\",\"position\":1,\"name\":\"Negozio\",\"item\":\"https:\\\/\\\/medicinasinc.com\\\/it\\\/negozio\\\/\"},{\"@type\":\"ListItem\",\"position\":2,\"name\":\"Acquista APAAN Online (Alfa-fenilacetoacetonitrile)\"}]},{\"@type\":\"WebSite\",\"@id\":\"https:\\\/\\\/medicinasinc.com\\\/it\\\/#website\",\"url\":\"https:\\\/\\\/medicinasinc.com\\\/it\\\/\",\"name\":\"Medicinas Inc\",\"description\":\"Health Medical Clinic\",\"potentialAction\":[{\"@type\":\"SearchAction\",\"target\":{\"@type\":\"EntryPoint\",\"urlTemplate\":\"https:\\\/\\\/medicinasinc.com\\\/it\\\/?s={search_term_string}\"},\"query-input\":{\"@type\":\"PropertyValueSpecification\",\"valueRequired\":true,\"valueName\":\"search_term_string\"}}],\"inLanguage\":\"it-IT\"}]}<\/script>\n<!-- \/ Yoast SEO plugin. -->","yoast_head_json":{"title":"Acquista APAAN online (alfa-fenilacetoacetonitrile) - I migliori farmaci globali","description":"Acquista APAAN (alfa-fenilacetoacetonitrile) in vendita Europa, Regno Unito online senza prescrizione medica. Ordina APAAN (alfa-fenilacetoacetonitrile) online.","robots":{"index":"index","follow":"follow","max-snippet":"max-snippet:-1","max-image-preview":"max-image-preview:large","max-video-preview":"max-video-preview:-1"},"canonical":"https:\/\/medicinasinc.com\/it\/product\/buy-apaan-online-alfa-fenilacetoacetonitrile\/","og_locale":"it_IT","og_type":"article","og_title":"Acquista APAAN online (alfa-fenilacetoacetonitrile) - I migliori farmaci globali","og_description":"Acquista APAAN (alfa-fenilacetoacetonitrile) in vendita Europa, Regno Unito online senza prescrizione medica. Ordina APAAN (alfa-fenilacetoacetonitrile) online.","og_url":"https:\/\/medicinasinc.com\/it\/product\/buy-apaan-online-alfa-fenilacetoacetonitrile\/","og_site_name":"Medicinas Inc","article_modified_time":"2022-03-17T00:00:29+00:00","og_image":[{"width":600,"height":600,"url":"https:\/\/medicinasinc.com\/it\/wp-content\/uploads\/sites\/4\/2022\/02\/buy-apaan-alpha-phenylacetoacetonitrile.jpg","type":"image\/jpeg"}],"twitter_card":"summary_large_image","twitter_misc":{"Tempo di lettura stimato":"6 minuti"},"schema":{"@context":"https:\/\/schema.org","@graph":[{"@type":"WebPage","@id":"https:\/\/medicinasinc.com\/it\/product\/buy-apaan-online-alfa-fenilacetoacetonitrile\/","url":"https:\/\/medicinasinc.com\/it\/product\/buy-apaan-online-alfa-fenilacetoacetonitrile\/","name":"Acquista APAAN online (alfa-fenilacetoacetonitrile) - I migliori farmaci globali","isPartOf":{"@id":"https:\/\/medicinasinc.com\/it\/#website"},"primaryImageOfPage":{"@id":"https:\/\/medicinasinc.com\/it\/product\/buy-apaan-online-alfa-fenilacetoacetonitrile\/#primaryimage"},"image":{"@id":"https:\/\/medicinasinc.com\/it\/product\/buy-apaan-online-alfa-fenilacetoacetonitrile\/#primaryimage"},"thumbnailUrl":"https:\/\/medicinasinc.com\/it\/wp-content\/uploads\/sites\/4\/2022\/02\/buy-apaan-alpha-phenylacetoacetonitrile.jpg","datePublished":"2022-02-22T08:03:24+00:00","dateModified":"2022-03-17T00:00:29+00:00","description":"Acquista APAAN (alfa-fenilacetoacetonitrile) in vendita Europa, Regno Unito online senza prescrizione medica. Ordina APAAN (alfa-fenilacetoacetonitrile) online.","breadcrumb":{"@id":"https:\/\/medicinasinc.com\/it\/product\/buy-apaan-online-alfa-fenilacetoacetonitrile\/#breadcrumb"},"inLanguage":"it-IT","potentialAction":[{"@type":"ReadAction","target":["https:\/\/medicinasinc.com\/it\/product\/buy-apaan-online-alfa-fenilacetoacetonitrile\/"]}]},{"@type":"ImageObject","inLanguage":"it-IT","@id":"https:\/\/medicinasinc.com\/it\/product\/buy-apaan-online-alfa-fenilacetoacetonitrile\/#primaryimage","url":"https:\/\/medicinasinc.com\/it\/wp-content\/uploads\/sites\/4\/2022\/02\/buy-apaan-alpha-phenylacetoacetonitrile.jpg","contentUrl":"https:\/\/medicinasinc.com\/it\/wp-content\/uploads\/sites\/4\/2022\/02\/buy-apaan-alpha-phenylacetoacetonitrile.jpg","width":600,"height":600},{"@type":"BreadcrumbList","@id":"https:\/\/medicinasinc.com\/it\/product\/buy-apaan-online-alfa-fenilacetoacetonitrile\/#breadcrumb","itemListElement":[{"@type":"ListItem","position":1,"name":"Negozio","item":"https:\/\/medicinasinc.com\/it\/negozio\/"},{"@type":"ListItem","position":2,"name":"Acquista APAAN Online (Alfa-fenilacetoacetonitrile)"}]},{"@type":"WebSite","@id":"https:\/\/medicinasinc.com\/it\/#website","url":"https:\/\/medicinasinc.com\/it\/","name":"Medicinas Inc","description":"Health Medical Clinic","potentialAction":[{"@type":"SearchAction","target":{"@type":"EntryPoint","urlTemplate":"https:\/\/medicinasinc.com\/it\/?s={search_term_string}"},"query-input":{"@type":"PropertyValueSpecification","valueRequired":true,"valueName":"search_term_string"}}],"inLanguage":"it-IT"}]}},"_links":{"self":[{"href":"https:\/\/medicinasinc.com\/it\/wp-json\/wp\/v2\/product\/5890","targetHints":{"allow":["GET"]}}],"collection":[{"href":"https:\/\/medicinasinc.com\/it\/wp-json\/wp\/v2\/product"}],"about":[{"href":"https:\/\/medicinasinc.com\/it\/wp-json\/wp\/v2\/types\/product"}],"replies":[{"embeddable":true,"href":"https:\/\/medicinasinc.com\/it\/wp-json\/wp\/v2\/comments?post=5890"}],"wp:featuredmedia":[{"embeddable":true,"href":"https:\/\/medicinasinc.com\/it\/wp-json\/wp\/v2\/media\/5916"}],"wp:attachment":[{"href":"https:\/\/medicinasinc.com\/it\/wp-json\/wp\/v2\/media?parent=5890"}],"wp:term":[{"taxonomy":"product_brand","embeddable":true,"href":"https:\/\/medicinasinc.com\/it\/wp-json\/wp\/v2\/product_brand?post=5890"},{"taxonomy":"product_cat","embeddable":true,"href":"https:\/\/medicinasinc.com\/it\/wp-json\/wp\/v2\/product_cat?post=5890"},{"taxonomy":"product_tag","embeddable":true,"href":"https:\/\/medicinasinc.com\/it\/wp-json\/wp\/v2\/product_tag?post=5890"}],"curies":[{"name":"wp","href":"https:\/\/api.w.org\/{rel}","templated":true}]}}