{"id":5881,"date":"2022-02-22T07:53:30","date_gmt":"2022-02-22T07:53:30","guid":{"rendered":"https:\/\/medicinasinc.com\/it\/?post_type=product&#038;p=5881"},"modified":"2022-09-16T12:12:17","modified_gmt":"2022-09-16T12:12:17","slug":"comprare-dilaudid-8-mg","status":"publish","type":"product","link":"https:\/\/medicinasinc.com\/it\/product\/comprare-dilaudid-8-mg\/","title":{"rendered":"Acquista Dilaudid 8 mg"},"content":{"rendered":"<p>L&#8217;idromorfone \u00e8 un antidolorifico oppioide che pu\u00f2 essere acquistato online. Un oppioide viene occasionalmente definito narcotico.<\/p>\n<p>Dilaudid 8 mg \u00e8 un farmaco da prescrizione usato per trattare il dolore da moderato a grave.<\/p>\n<p>Questo farmaco \u00e8 disponibile in una formulazione a rilascio prolungato per il trattamento del dolore da moderato a severo 24 ore al giorno. Questa forma di dosaggio di Dilaudid 8 mg non \u00e8 destinata all&#8217;uso quando necessario per il dolore.<\/p>\n<p>L&#8217;idromorfone Dilaudid 8 mg pu\u00f2 essere utilizzato anche per altri usi non inclusi in questa guida ai farmaci.<\/p>\n<p>Cosa \u00e8 l&#8217;informazione pi\u00f9 critica di cui dovrei essere a conoscenza sull&#8217;idromorfone?<\/p>\n<p>Se hai gravi problemi respiratori o un blocco nello stomaco o nell&#8217;intestino, non dovresti usare l&#8217;idromorfone.<\/p>\n<p>8 mg dilaudid L&#8217;idromorfone pu\u00f2 causare una rapida o completa cessazione della respirazione e pu\u00f2 sviluppare assuefazione. Per evitare una dose potenzialmente letale, prenda solo la dose prescritta e ingoia una pillola a rilascio prolungato intera. Non somministrare mai Dilaudid 8 mg a un&#8217;altra persona.<\/p>\n<p>&nbsp;<\/p>\n<p>L&#8217;USO IMPROPRIO DI FARMACI NARCOTICI PU\u00d2 PROVOCARE DIPENDENZA, OVERDOSE O MORTE, in particolare nei bambini o in altre persone che assumono il farmaco senza una prescrizione.<\/p>\n<p>Se la madre ha assunto Dilaudid 8 mg durante la gravidanza, il neonato potrebbe manifestare sintomi di astinenza pericolosi per la vita.<\/p>\n<p>Non consumare bevande alcoliche.<\/p>\n<p>L\u00ec \u00e8 una possibilit\u00e0 di effetti avversi pericolosi, inclusa la morte.<\/p>\n<p>Cosa dovrei discutere con il mio medico prima di iniziare il trattamento con idromorfone?<\/p>\n<p>Non dovresti assumere questo farmaco se ne hai mai avuto una risposta avversa all&#8217;idromorfone o a qualsiasi altro farmaco narcotico, o se si dispone di una delle seguenti condizioni:<\/p>\n<p>asma grave o difficolt\u00e0 respiratorie; un blocco nello stomaco o nell&#8217;intestino; o ileo paralitico, un&#8217;ostruzione intestinale.<\/p>\n<p>Se ha usato un inibitore MAO negli ultimi 14 giorni, non prenda Dilaudid 8 mg di idromorfone. Potrebbe verificarsi un&#8217;interazione farmacologica potenzialmente dannosa. Isocarboxazid, linezolid, iniezione di blu di metilene, fenelzina, rasagilina, selegilina e tranilcipromina sono tutti inibitori delle MAO.<\/p>\n<p>Alcuni farmaci possono interagire con l&#8217;idromorfone, causando una malattia potenzialmente fatale chiamata sindrome serotoninergica. Assicurati che il tuo medico sia a conoscenza di tutti i farmaci che stai assumendo per la depressione, le malattie mentali, il morbo di Parkinson, l&#8217;emicrania, le infezioni gravi o la prevenzione della nausea e del vomito. Consultare il proprio medico prima di apportare modifiche al modo o alla frequenza con cui si assumono i farmaci.<\/p>\n<p>Potrebbe non essere possibile assumere Dilaudid 8 mg di idromorfone se non si sta attualmente utilizzando un antidolorifico oppioide (narcotico) e sono tolleranti ad esso. Consulta il tuo medico se non sei sicuro di essere tollerante agli oppioidi.<\/p>\n<p>Per assicurarti che l&#8217;idromorfone sia sicuro per te, informa il tuo medico se hai uno dei seguenti sintomi:<\/p>\n<p>qualsiasi tipo di difficolt\u00e0 respiratorie o malattie polmonari; una storia di commozione cerebrale, tumore al cervello o convulsioni; una storia di abuso di sostanze, alcolismo o malattia mentale; problemi di minzione; malattie del fegato o dei reni; allergia ai solfiti; morbo di Addison o altri disturbi della ghiandola surrenale; problemi con la cistifellea, il pancreas o la tiroide; o se stai assumendo un sedativo come Valium (diazepam, alprazolam, lorazepam, Ativan, Klonopin, Restoril, Tranxene, Versed, Xanax e altri).<\/p>\n","protected":false},"excerpt":{"rendered":"<p>Acquista dilaudid 8 mg in vendita nel Regno Unito, in Europa, negli Stati Uniti nel nostro negozio online medicinasinc.com con consegna veloce in tutto il mondo! Il miglior Dilaudid 8 mg per l&#8217;ordinazione lo troverai qui!<\/p>\n<p><b>Dilaudid 8 mg di idromorfone pu\u00f2 rallentare o interrompere la respirazione e potrebbe causare assuefazione.<\/b>\u00a0Usa solo la dose prescritta, e ingoiare una pillola intera a rilascio prolungato per evitare una dose potenzialmente fatale. Non condividere mai Dilaudid 8 mg con un&#8217;altra persona.<\/p>\n","protected":false},"featured_media":5909,"comment_status":"open","ping_status":"closed","template":"","meta":[],"product_brand":[],"product_cat":[1117],"product_tag":[4038,4040,4039,4044,4043,4041],"class_list":{"0":"post-5881","1":"product","2":"type-product","3":"status-publish","4":"has-post-thumbnail","6":"product_cat-comprare-pillole-sesso-dolore-per-dormire","7":"product_tag-acquistare-dilaudid-8-mg-online","8":"product_tag-come-acquistare-dilaudid-8-mg-online","9":"product_tag-dilaudid-8-mg-in-vendita","10":"product_tag-dove-acquistare-dilaudid-8-mg-online","11":"product_tag-the-bets-place-to-buy-dilaudid-8-mg-online","12":"product_tag-ordine-dilaudid-8-mg-online","14":"first","15":"instock","16":"shipping-taxable","17":"purchasable","18":"product-type-variable"},"yoast_head":"<!-- This site is optimized with the Yoast SEO plugin v27.3 - https:\/\/yoast.com\/product\/yoast-seo-wordpress\/ -->\n<title>Acquista Dilaudid 8 mg - Best Global Medicina<\/title>\n<meta name=\"description\" content=\"Acquista dilaudid 8 mg in vendita nel Regno Unito, in Europa, negli Stati Uniti nel nostro negozio online medicinasinc.com con consegna veloce in tutto il mondo! Il miglior Dilaudid 8 mg per l&#039;ordinazione lo troverai qui!\" \/>\n<meta name=\"robots\" content=\"index, follow, max-snippet:-1, max-image-preview:large, max-video-preview:-1\" \/>\n<link rel=\"canonical\" href=\"https:\/\/medicinasinc.com\/it\/product\/comprare-dilaudid-8-mg\/\" \/>\n<meta property=\"og:locale\" content=\"it_IT\" \/>\n<meta property=\"og:type\" content=\"article\" \/>\n<meta property=\"og:title\" content=\"Acquista Dilaudid 8 mg - Best Global Medicina\" \/>\n<meta property=\"og:description\" content=\"Acquista dilaudid 8 mg in vendita nel Regno Unito, in Europa, negli Stati Uniti nel nostro negozio online medicinasinc.com con consegna veloce in tutto il mondo! Il miglior Dilaudid 8 mg per l&#039;ordinazione lo troverai qui!\" \/>\n<meta property=\"og:url\" content=\"https:\/\/medicinasinc.com\/it\/product\/comprare-dilaudid-8-mg\/\" \/>\n<meta property=\"og:site_name\" content=\"Medicinas Inc\" \/>\n<meta property=\"article:modified_time\" content=\"2022-09-16T12:12:17+00:00\" \/>\n<meta property=\"og:image\" content=\"https:\/\/medicinasinc.com\/it\/wp-content\/uploads\/sites\/4\/2022\/02\/Dilaudid-8-mg.jpg\" \/>\n\t<meta property=\"og:image:width\" content=\"300\" \/>\n\t<meta property=\"og:image:height\" content=\"300\" \/>\n\t<meta property=\"og:image:type\" content=\"image\/jpeg\" \/>\n<meta name=\"twitter:card\" content=\"summary_large_image\" \/>\n<meta name=\"twitter:label1\" content=\"Tempo di lettura stimato\" \/>\n\t<meta name=\"twitter:data1\" content=\"3 minuti\" \/>\n<script type=\"application\/ld+json\" class=\"yoast-schema-graph\">{\"@context\":\"https:\\\/\\\/schema.org\",\"@graph\":[{\"@type\":\"WebPage\",\"@id\":\"https:\\\/\\\/medicinasinc.com\\\/it\\\/product\\\/comprare-dilaudid-8-mg\\\/\",\"url\":\"https:\\\/\\\/medicinasinc.com\\\/it\\\/product\\\/comprare-dilaudid-8-mg\\\/\",\"name\":\"Acquista Dilaudid 8 mg - Best Global Medicina\",\"isPartOf\":{\"@id\":\"https:\\\/\\\/medicinasinc.com\\\/it\\\/#website\"},\"primaryImageOfPage\":{\"@id\":\"https:\\\/\\\/medicinasinc.com\\\/it\\\/product\\\/comprare-dilaudid-8-mg\\\/#primaryimage\"},\"image\":{\"@id\":\"https:\\\/\\\/medicinasinc.com\\\/it\\\/product\\\/comprare-dilaudid-8-mg\\\/#primaryimage\"},\"thumbnailUrl\":\"https:\\\/\\\/medicinasinc.com\\\/it\\\/wp-content\\\/uploads\\\/sites\\\/4\\\/2022\\\/02\\\/Dilaudid-8-mg.jpg\",\"datePublished\":\"2022-02-22T07:53:30+00:00\",\"dateModified\":\"2022-09-16T12:12:17+00:00\",\"description\":\"Acquista dilaudid 8 mg in vendita nel Regno Unito, in Europa, negli Stati Uniti nel nostro negozio online medicinasinc.com con consegna veloce in tutto il mondo! Il miglior Dilaudid 8 mg per l'ordinazione lo troverai qui!\",\"breadcrumb\":{\"@id\":\"https:\\\/\\\/medicinasinc.com\\\/it\\\/product\\\/comprare-dilaudid-8-mg\\\/#breadcrumb\"},\"inLanguage\":\"it-IT\",\"potentialAction\":[{\"@type\":\"ReadAction\",\"target\":[\"https:\\\/\\\/medicinasinc.com\\\/it\\\/product\\\/comprare-dilaudid-8-mg\\\/\"]}]},{\"@type\":\"ImageObject\",\"inLanguage\":\"it-IT\",\"@id\":\"https:\\\/\\\/medicinasinc.com\\\/it\\\/product\\\/comprare-dilaudid-8-mg\\\/#primaryimage\",\"url\":\"https:\\\/\\\/medicinasinc.com\\\/it\\\/wp-content\\\/uploads\\\/sites\\\/4\\\/2022\\\/02\\\/Dilaudid-8-mg.jpg\",\"contentUrl\":\"https:\\\/\\\/medicinasinc.com\\\/it\\\/wp-content\\\/uploads\\\/sites\\\/4\\\/2022\\\/02\\\/Dilaudid-8-mg.jpg\",\"width\":300,\"height\":300},{\"@type\":\"BreadcrumbList\",\"@id\":\"https:\\\/\\\/medicinasinc.com\\\/it\\\/product\\\/comprare-dilaudid-8-mg\\\/#breadcrumb\",\"itemListElement\":[{\"@type\":\"ListItem\",\"position\":1,\"name\":\"Negozio\",\"item\":\"https:\\\/\\\/medicinasinc.com\\\/it\\\/negozio\\\/\"},{\"@type\":\"ListItem\",\"position\":2,\"name\":\"Acquista Dilaudid 8 mg\"}]},{\"@type\":\"WebSite\",\"@id\":\"https:\\\/\\\/medicinasinc.com\\\/it\\\/#website\",\"url\":\"https:\\\/\\\/medicinasinc.com\\\/it\\\/\",\"name\":\"Medicinas Inc\",\"description\":\"Health Medical Clinic\",\"potentialAction\":[{\"@type\":\"SearchAction\",\"target\":{\"@type\":\"EntryPoint\",\"urlTemplate\":\"https:\\\/\\\/medicinasinc.com\\\/it\\\/?s={search_term_string}\"},\"query-input\":{\"@type\":\"PropertyValueSpecification\",\"valueRequired\":true,\"valueName\":\"search_term_string\"}}],\"inLanguage\":\"it-IT\"}]}<\/script>\n<!-- \/ Yoast SEO plugin. -->","yoast_head_json":{"title":"Acquista Dilaudid 8 mg - Best Global Medicina","description":"Acquista dilaudid 8 mg in vendita nel Regno Unito, in Europa, negli Stati Uniti nel nostro negozio online medicinasinc.com con consegna veloce in tutto il mondo! Il miglior Dilaudid 8 mg per l'ordinazione lo troverai qui!","robots":{"index":"index","follow":"follow","max-snippet":"max-snippet:-1","max-image-preview":"max-image-preview:large","max-video-preview":"max-video-preview:-1"},"canonical":"https:\/\/medicinasinc.com\/it\/product\/comprare-dilaudid-8-mg\/","og_locale":"it_IT","og_type":"article","og_title":"Acquista Dilaudid 8 mg - Best Global Medicina","og_description":"Acquista dilaudid 8 mg in vendita nel Regno Unito, in Europa, negli Stati Uniti nel nostro negozio online medicinasinc.com con consegna veloce in tutto il mondo! Il miglior Dilaudid 8 mg per l'ordinazione lo troverai qui!","og_url":"https:\/\/medicinasinc.com\/it\/product\/comprare-dilaudid-8-mg\/","og_site_name":"Medicinas Inc","article_modified_time":"2022-09-16T12:12:17+00:00","og_image":[{"width":300,"height":300,"url":"https:\/\/medicinasinc.com\/it\/wp-content\/uploads\/sites\/4\/2022\/02\/Dilaudid-8-mg.jpg","type":"image\/jpeg"}],"twitter_card":"summary_large_image","twitter_misc":{"Tempo di lettura stimato":"3 minuti"},"schema":{"@context":"https:\/\/schema.org","@graph":[{"@type":"WebPage","@id":"https:\/\/medicinasinc.com\/it\/product\/comprare-dilaudid-8-mg\/","url":"https:\/\/medicinasinc.com\/it\/product\/comprare-dilaudid-8-mg\/","name":"Acquista Dilaudid 8 mg - Best Global Medicina","isPartOf":{"@id":"https:\/\/medicinasinc.com\/it\/#website"},"primaryImageOfPage":{"@id":"https:\/\/medicinasinc.com\/it\/product\/comprare-dilaudid-8-mg\/#primaryimage"},"image":{"@id":"https:\/\/medicinasinc.com\/it\/product\/comprare-dilaudid-8-mg\/#primaryimage"},"thumbnailUrl":"https:\/\/medicinasinc.com\/it\/wp-content\/uploads\/sites\/4\/2022\/02\/Dilaudid-8-mg.jpg","datePublished":"2022-02-22T07:53:30+00:00","dateModified":"2022-09-16T12:12:17+00:00","description":"Acquista dilaudid 8 mg in vendita nel Regno Unito, in Europa, negli Stati Uniti nel nostro negozio online medicinasinc.com con consegna veloce in tutto il mondo! Il miglior Dilaudid 8 mg per l'ordinazione lo troverai qui!","breadcrumb":{"@id":"https:\/\/medicinasinc.com\/it\/product\/comprare-dilaudid-8-mg\/#breadcrumb"},"inLanguage":"it-IT","potentialAction":[{"@type":"ReadAction","target":["https:\/\/medicinasinc.com\/it\/product\/comprare-dilaudid-8-mg\/"]}]},{"@type":"ImageObject","inLanguage":"it-IT","@id":"https:\/\/medicinasinc.com\/it\/product\/comprare-dilaudid-8-mg\/#primaryimage","url":"https:\/\/medicinasinc.com\/it\/wp-content\/uploads\/sites\/4\/2022\/02\/Dilaudid-8-mg.jpg","contentUrl":"https:\/\/medicinasinc.com\/it\/wp-content\/uploads\/sites\/4\/2022\/02\/Dilaudid-8-mg.jpg","width":300,"height":300},{"@type":"BreadcrumbList","@id":"https:\/\/medicinasinc.com\/it\/product\/comprare-dilaudid-8-mg\/#breadcrumb","itemListElement":[{"@type":"ListItem","position":1,"name":"Negozio","item":"https:\/\/medicinasinc.com\/it\/negozio\/"},{"@type":"ListItem","position":2,"name":"Acquista Dilaudid 8 mg"}]},{"@type":"WebSite","@id":"https:\/\/medicinasinc.com\/it\/#website","url":"https:\/\/medicinasinc.com\/it\/","name":"Medicinas Inc","description":"Health Medical Clinic","potentialAction":[{"@type":"SearchAction","target":{"@type":"EntryPoint","urlTemplate":"https:\/\/medicinasinc.com\/it\/?s={search_term_string}"},"query-input":{"@type":"PropertyValueSpecification","valueRequired":true,"valueName":"search_term_string"}}],"inLanguage":"it-IT"}]}},"_links":{"self":[{"href":"https:\/\/medicinasinc.com\/it\/wp-json\/wp\/v2\/product\/5881","targetHints":{"allow":["GET"]}}],"collection":[{"href":"https:\/\/medicinasinc.com\/it\/wp-json\/wp\/v2\/product"}],"about":[{"href":"https:\/\/medicinasinc.com\/it\/wp-json\/wp\/v2\/types\/product"}],"replies":[{"embeddable":true,"href":"https:\/\/medicinasinc.com\/it\/wp-json\/wp\/v2\/comments?post=5881"}],"wp:featuredmedia":[{"embeddable":true,"href":"https:\/\/medicinasinc.com\/it\/wp-json\/wp\/v2\/media\/5909"}],"wp:attachment":[{"href":"https:\/\/medicinasinc.com\/it\/wp-json\/wp\/v2\/media?parent=5881"}],"wp:term":[{"taxonomy":"product_brand","embeddable":true,"href":"https:\/\/medicinasinc.com\/it\/wp-json\/wp\/v2\/product_brand?post=5881"},{"taxonomy":"product_cat","embeddable":true,"href":"https:\/\/medicinasinc.com\/it\/wp-json\/wp\/v2\/product_cat?post=5881"},{"taxonomy":"product_tag","embeddable":true,"href":"https:\/\/medicinasinc.com\/it\/wp-json\/wp\/v2\/product_tag?post=5881"}],"curies":[{"name":"wp","href":"https:\/\/api.w.org\/{rel}","templated":true}]}}