{"id":5875,"date":"2022-02-22T07:46:55","date_gmt":"2022-02-22T07:46:55","guid":{"rendered":"https:\/\/medicinasinc.com\/it\/?post_type=product&#038;p=5875"},"modified":"2022-03-17T00:01:01","modified_gmt":"2022-03-17T00:01:01","slug":"buy-gamma-butirrolattone","status":"publish","type":"product","link":"https:\/\/medicinasinc.com\/it\/product\/buy-gamma-butirrolattone\/","title":{"rendered":"Acquista gamma-butirrolattone"},"content":{"rendered":"<p>Il gamma-butirrolattone (-butirrolattone o GBL) \u00e8 un liquido igroscopico bianco con un debole odore caratteristico solubile in acqua. GBL \u00e8 un solvente e un reagente ampiamente utilizzato in chimica, nonch\u00e9 un agente aromatizzante, un solvente per la pulizia, un solvente per la rimozione della supercolla e un solvente in alcuni condensatori elettrolitici in alluminio umido.<\/p>\n<p>Acquista il gamma\u2013butirrolattone (GBL) 1,0 mg\/ml in standard di riferimento di Acetonitrile derivati \u200b\u200bda GHB e composti simili. Acquistabile online<\/p>\n<p>Gamma butirrolattone in vendita online, gbl (gamma-butirrolattone) in vendita, gamma butirrolattone in vendita nel Regno Unito, gamma butirrolattone in vendita<\/p>\n<p>Funziona come precursore di GHB nell&#8217;uomo ed \u00e8 usato come intossicante ricreativo con effetti paragonabili all&#8217;alcol.<\/p>\n<p>Il GBL \u00e8 stato rilevato in estratti di campioni di vino puro. Questa ricerca implica che GBL si trova naturalmente in alcuni vini e pu\u00f2 essere presente in prodotti comparabili. La concentrazione scoperta era di circa 5 g\/mL, che \u00e8 stata determinata semplicemente utilizzando un semplice approccio di estrazione seguito dall&#8217;analisi GC\/MS.<\/p>\n<p>Il GBL pu\u00f2 essere rilevato negli aromi del formaggio, tuttavia il prodotto alimentare finale normalmente ha meno di 0,0002 percento GBL.<\/p>\n<p>GBL \u00e8 classificato come lattone. Viene idrolizzato in gamma-idrossibutirrato di sodio, il sale sodico dell&#8217;acido gamma-idrossibutirrico, in condizioni basiche, ad esempio in una soluzione di idrossido di sodio. Genera una combinazione di equilibrio di entrambe le sostanze chimiche in circostanze acide. Successivamente, queste sostanze chimiche possono combinarsi per creare un polimero. Quando viene utilizzata una base non nucleofila, come la litio diisopropilammide,<\/p>\n<p>GBL ha il potenziale per agire come nucleofilo alfa-carbonio. Il caprolattone, una sostanza chimica simile, pu\u00f2 essere utilizzato in questo modo per creare un poliestere.<\/p>\n<p>GBL non \u00e8 una sostanza attiva in s\u00e9 e per s\u00e9; il suo meccanismo d&#8217;azione deriva dal suo status di profarmaco del GHB. L&#8217;effetto ipnotico del GHB viene amplificato se combinato con l&#8217;alcol. In uno studio sui ratti del 2003, \u00e8 stato riscontrato che GBL ha un effetto ipnotico potenziato quando combinato con l&#8217;etanolo, poich\u00e9 la misura del tempo del sonno era pi\u00f9 lunga della somma dei due componenti indipendenti.<\/p>\n","protected":false},"excerpt":{"rendered":"<p>Puoi acquistare gamma-butirrolattone da fornitori di cui ci fidiamo e collaboriamo con questi fornitori per accedere all&#8217;acquisto di gamma-butirrolattone in vendita nel Regno Unito, in Europa<\/p>\n<p>Tutti i pirrolidoni sono sintetizzati utilizzando GBL come intermediario chimico . Pu\u00f2 essere utilizzato per produrre insetticidi, erbicidi e regolatori di crescita per le piante.<\/p>\n","protected":false},"featured_media":5885,"comment_status":"open","ping_status":"closed","template":"","meta":[],"product_brand":[],"product_cat":[2014],"product_tag":[4031,4035,4033,4037,4032,4036,4034],"class_list":{"0":"post-5875","1":"product","2":"type-product","3":"status-publish","4":"has-post-thumbnail","6":"product_cat-compra-ricerca-prodotti-chimici","7":"product_tag-acquista-gamma-butirrolattone-online","8":"product_tag-acquisto-gamma-butirrolattone-online","9":"product_tag-come-acquistare-gamma-butirrolattone-online","10":"product_tag-dove-acquistare-gamma-butirrolattone-online","11":"product_tag-gamma-butirrolattone-in-vendita","12":"product_tag-il-posto-migliore-per-acquistare-gamma-butirrolattone-online","13":"product_tag-ordine-gamma-butirrolattone-online","15":"first","16":"instock","17":"featured","18":"shipping-taxable","19":"purchasable","20":"product-type-variable"},"yoast_head":"<!-- This site is optimized with the Yoast SEO plugin v27.3 - https:\/\/yoast.com\/product\/yoast-seo-wordpress\/ -->\n<title>Acquista Gamma-Butirrolattone - I migliori farmaci globali migliori<\/title>\n<meta name=\"description\" content=\"Puoi acquistare Gamma-Butirrolattone da fornitori di cui ci fidiamo e collaboriamo con questi fornitori per accedere all&#039;acquisto di Gamma-Butirrolattone in vendita nel Regno Unito, in Europa\" \/>\n<meta name=\"robots\" content=\"index, follow, max-snippet:-1, max-image-preview:large, max-video-preview:-1\" \/>\n<link rel=\"canonical\" href=\"https:\/\/medicinasinc.com\/it\/product\/buy-gamma-butirrolattone\/\" \/>\n<meta property=\"og:locale\" content=\"it_IT\" \/>\n<meta property=\"og:type\" content=\"article\" \/>\n<meta property=\"og:title\" content=\"Acquista Gamma-Butirrolattone - I migliori farmaci globali migliori\" \/>\n<meta property=\"og:description\" content=\"Puoi acquistare Gamma-Butirrolattone da fornitori di cui ci fidiamo e collaboriamo con questi fornitori per accedere all&#039;acquisto di Gamma-Butirrolattone in vendita nel Regno Unito, in Europa\" \/>\n<meta property=\"og:url\" content=\"https:\/\/medicinasinc.com\/it\/product\/buy-gamma-butirrolattone\/\" \/>\n<meta property=\"og:site_name\" content=\"Medicinas Inc\" \/>\n<meta property=\"article:modified_time\" content=\"2022-03-17T00:01:01+00:00\" \/>\n<meta property=\"og:image\" content=\"https:\/\/medicinasinc.com\/it\/wp-content\/uploads\/sites\/4\/2022\/02\/Buy-Gamma-Butyrolactone.jpg\" \/>\n\t<meta property=\"og:image:width\" content=\"500\" \/>\n\t<meta property=\"og:image:height\" content=\"500\" \/>\n\t<meta property=\"og:image:type\" content=\"image\/jpeg\" \/>\n<meta name=\"twitter:card\" content=\"summary_large_image\" \/>\n<meta name=\"twitter:label1\" content=\"Tempo di lettura stimato\" \/>\n\t<meta name=\"twitter:data1\" content=\"2 minuti\" \/>\n<script type=\"application\/ld+json\" class=\"yoast-schema-graph\">{\"@context\":\"https:\\\/\\\/schema.org\",\"@graph\":[{\"@type\":\"WebPage\",\"@id\":\"https:\\\/\\\/medicinasinc.com\\\/it\\\/product\\\/buy-gamma-butirrolattone\\\/\",\"url\":\"https:\\\/\\\/medicinasinc.com\\\/it\\\/product\\\/buy-gamma-butirrolattone\\\/\",\"name\":\"Acquista Gamma-Butirrolattone - I migliori farmaci globali migliori\",\"isPartOf\":{\"@id\":\"https:\\\/\\\/medicinasinc.com\\\/it\\\/#website\"},\"primaryImageOfPage\":{\"@id\":\"https:\\\/\\\/medicinasinc.com\\\/it\\\/product\\\/buy-gamma-butirrolattone\\\/#primaryimage\"},\"image\":{\"@id\":\"https:\\\/\\\/medicinasinc.com\\\/it\\\/product\\\/buy-gamma-butirrolattone\\\/#primaryimage\"},\"thumbnailUrl\":\"https:\\\/\\\/medicinasinc.com\\\/it\\\/wp-content\\\/uploads\\\/sites\\\/4\\\/2022\\\/02\\\/Buy-Gamma-Butyrolactone.jpg\",\"datePublished\":\"2022-02-22T07:46:55+00:00\",\"dateModified\":\"2022-03-17T00:01:01+00:00\",\"description\":\"Puoi acquistare Gamma-Butirrolattone da fornitori di cui ci fidiamo e collaboriamo con questi fornitori per accedere all'acquisto di Gamma-Butirrolattone in vendita nel Regno Unito, in Europa\",\"breadcrumb\":{\"@id\":\"https:\\\/\\\/medicinasinc.com\\\/it\\\/product\\\/buy-gamma-butirrolattone\\\/#breadcrumb\"},\"inLanguage\":\"it-IT\",\"potentialAction\":[{\"@type\":\"ReadAction\",\"target\":[\"https:\\\/\\\/medicinasinc.com\\\/it\\\/product\\\/buy-gamma-butirrolattone\\\/\"]}]},{\"@type\":\"ImageObject\",\"inLanguage\":\"it-IT\",\"@id\":\"https:\\\/\\\/medicinasinc.com\\\/it\\\/product\\\/buy-gamma-butirrolattone\\\/#primaryimage\",\"url\":\"https:\\\/\\\/medicinasinc.com\\\/it\\\/wp-content\\\/uploads\\\/sites\\\/4\\\/2022\\\/02\\\/Buy-Gamma-Butyrolactone.jpg\",\"contentUrl\":\"https:\\\/\\\/medicinasinc.com\\\/it\\\/wp-content\\\/uploads\\\/sites\\\/4\\\/2022\\\/02\\\/Buy-Gamma-Butyrolactone.jpg\",\"width\":500,\"height\":500},{\"@type\":\"BreadcrumbList\",\"@id\":\"https:\\\/\\\/medicinasinc.com\\\/it\\\/product\\\/buy-gamma-butirrolattone\\\/#breadcrumb\",\"itemListElement\":[{\"@type\":\"ListItem\",\"position\":1,\"name\":\"Negozio\",\"item\":\"https:\\\/\\\/medicinasinc.com\\\/it\\\/negozio\\\/\"},{\"@type\":\"ListItem\",\"position\":2,\"name\":\"Acquista gamma-butirrolattone\"}]},{\"@type\":\"WebSite\",\"@id\":\"https:\\\/\\\/medicinasinc.com\\\/it\\\/#website\",\"url\":\"https:\\\/\\\/medicinasinc.com\\\/it\\\/\",\"name\":\"Medicinas Inc\",\"description\":\"Health Medical Clinic\",\"potentialAction\":[{\"@type\":\"SearchAction\",\"target\":{\"@type\":\"EntryPoint\",\"urlTemplate\":\"https:\\\/\\\/medicinasinc.com\\\/it\\\/?s={search_term_string}\"},\"query-input\":{\"@type\":\"PropertyValueSpecification\",\"valueRequired\":true,\"valueName\":\"search_term_string\"}}],\"inLanguage\":\"it-IT\"}]}<\/script>\n<!-- \/ Yoast SEO plugin. -->","yoast_head_json":{"title":"Acquista Gamma-Butirrolattone - I migliori farmaci globali migliori","description":"Puoi acquistare Gamma-Butirrolattone da fornitori di cui ci fidiamo e collaboriamo con questi fornitori per accedere all'acquisto di Gamma-Butirrolattone in vendita nel Regno Unito, in Europa","robots":{"index":"index","follow":"follow","max-snippet":"max-snippet:-1","max-image-preview":"max-image-preview:large","max-video-preview":"max-video-preview:-1"},"canonical":"https:\/\/medicinasinc.com\/it\/product\/buy-gamma-butirrolattone\/","og_locale":"it_IT","og_type":"article","og_title":"Acquista Gamma-Butirrolattone - I migliori farmaci globali migliori","og_description":"Puoi acquistare Gamma-Butirrolattone da fornitori di cui ci fidiamo e collaboriamo con questi fornitori per accedere all'acquisto di Gamma-Butirrolattone in vendita nel Regno Unito, in Europa","og_url":"https:\/\/medicinasinc.com\/it\/product\/buy-gamma-butirrolattone\/","og_site_name":"Medicinas Inc","article_modified_time":"2022-03-17T00:01:01+00:00","og_image":[{"width":500,"height":500,"url":"https:\/\/medicinasinc.com\/it\/wp-content\/uploads\/sites\/4\/2022\/02\/Buy-Gamma-Butyrolactone.jpg","type":"image\/jpeg"}],"twitter_card":"summary_large_image","twitter_misc":{"Tempo di lettura stimato":"2 minuti"},"schema":{"@context":"https:\/\/schema.org","@graph":[{"@type":"WebPage","@id":"https:\/\/medicinasinc.com\/it\/product\/buy-gamma-butirrolattone\/","url":"https:\/\/medicinasinc.com\/it\/product\/buy-gamma-butirrolattone\/","name":"Acquista Gamma-Butirrolattone - I migliori farmaci globali migliori","isPartOf":{"@id":"https:\/\/medicinasinc.com\/it\/#website"},"primaryImageOfPage":{"@id":"https:\/\/medicinasinc.com\/it\/product\/buy-gamma-butirrolattone\/#primaryimage"},"image":{"@id":"https:\/\/medicinasinc.com\/it\/product\/buy-gamma-butirrolattone\/#primaryimage"},"thumbnailUrl":"https:\/\/medicinasinc.com\/it\/wp-content\/uploads\/sites\/4\/2022\/02\/Buy-Gamma-Butyrolactone.jpg","datePublished":"2022-02-22T07:46:55+00:00","dateModified":"2022-03-17T00:01:01+00:00","description":"Puoi acquistare Gamma-Butirrolattone da fornitori di cui ci fidiamo e collaboriamo con questi fornitori per accedere all'acquisto di Gamma-Butirrolattone in vendita nel Regno Unito, in Europa","breadcrumb":{"@id":"https:\/\/medicinasinc.com\/it\/product\/buy-gamma-butirrolattone\/#breadcrumb"},"inLanguage":"it-IT","potentialAction":[{"@type":"ReadAction","target":["https:\/\/medicinasinc.com\/it\/product\/buy-gamma-butirrolattone\/"]}]},{"@type":"ImageObject","inLanguage":"it-IT","@id":"https:\/\/medicinasinc.com\/it\/product\/buy-gamma-butirrolattone\/#primaryimage","url":"https:\/\/medicinasinc.com\/it\/wp-content\/uploads\/sites\/4\/2022\/02\/Buy-Gamma-Butyrolactone.jpg","contentUrl":"https:\/\/medicinasinc.com\/it\/wp-content\/uploads\/sites\/4\/2022\/02\/Buy-Gamma-Butyrolactone.jpg","width":500,"height":500},{"@type":"BreadcrumbList","@id":"https:\/\/medicinasinc.com\/it\/product\/buy-gamma-butirrolattone\/#breadcrumb","itemListElement":[{"@type":"ListItem","position":1,"name":"Negozio","item":"https:\/\/medicinasinc.com\/it\/negozio\/"},{"@type":"ListItem","position":2,"name":"Acquista gamma-butirrolattone"}]},{"@type":"WebSite","@id":"https:\/\/medicinasinc.com\/it\/#website","url":"https:\/\/medicinasinc.com\/it\/","name":"Medicinas Inc","description":"Health Medical Clinic","potentialAction":[{"@type":"SearchAction","target":{"@type":"EntryPoint","urlTemplate":"https:\/\/medicinasinc.com\/it\/?s={search_term_string}"},"query-input":{"@type":"PropertyValueSpecification","valueRequired":true,"valueName":"search_term_string"}}],"inLanguage":"it-IT"}]}},"_links":{"self":[{"href":"https:\/\/medicinasinc.com\/it\/wp-json\/wp\/v2\/product\/5875","targetHints":{"allow":["GET"]}}],"collection":[{"href":"https:\/\/medicinasinc.com\/it\/wp-json\/wp\/v2\/product"}],"about":[{"href":"https:\/\/medicinasinc.com\/it\/wp-json\/wp\/v2\/types\/product"}],"replies":[{"embeddable":true,"href":"https:\/\/medicinasinc.com\/it\/wp-json\/wp\/v2\/comments?post=5875"}],"wp:featuredmedia":[{"embeddable":true,"href":"https:\/\/medicinasinc.com\/it\/wp-json\/wp\/v2\/media\/5885"}],"wp:attachment":[{"href":"https:\/\/medicinasinc.com\/it\/wp-json\/wp\/v2\/media?parent=5875"}],"wp:term":[{"taxonomy":"product_brand","embeddable":true,"href":"https:\/\/medicinasinc.com\/it\/wp-json\/wp\/v2\/product_brand?post=5875"},{"taxonomy":"product_cat","embeddable":true,"href":"https:\/\/medicinasinc.com\/it\/wp-json\/wp\/v2\/product_cat?post=5875"},{"taxonomy":"product_tag","embeddable":true,"href":"https:\/\/medicinasinc.com\/it\/wp-json\/wp\/v2\/product_tag?post=5875"}],"curies":[{"name":"wp","href":"https:\/\/api.w.org\/{rel}","templated":true}]}}