{"id":5870,"date":"2022-02-22T07:42:43","date_gmt":"2022-02-22T07:42:43","guid":{"rendered":"https:\/\/medicinasinc.com\/it\/?post_type=product&#038;p=5870"},"modified":"2022-08-09T01:32:59","modified_gmt":"2022-08-09T01:32:59","slug":"buy-3-cmc-cristallo","status":"publish","type":"product","link":"https:\/\/medicinasinc.com\/it\/product\/buy-3-cmc-cristallo\/","title":{"rendered":"Acquista cristallo da 3 cmc"},"content":{"rendered":"<p>Acquista 3-CMC CRYSTAL, Acquista 3 CMC CRYSTAL, Acquista 3 CMC CRYSTAL, Acquista 3-CMC CRYSTAL<\/p>\n<p>CRYSTAL OF 3-CMC, Ora ci sono cos\u00ec tanti catinoni disponibili, come evidenziato da un thread in cui gli utenti hanno rivisto le loro esperienze con tutto ci\u00f2 che hanno provato. Senza approfondire ciascuno di essi, ecco la mia classifica:<br \/>\nbk-MDMA (Methylone) &gt; bk-MBDB (Butylone) &gt; 4-MEC &gt; MABP (Buphedrone)<\/p>\n<p>Gli unici che prenderei mai in considerazione di possedere di nuovo sono il famigerato Mephedrone e Methylone, entrambi pi\u00f9 o meno banditi a livello globale negli ultimi anni.<\/p>\n<p>Ho ottenuto questa classifica da qualcuno che \u00e8 ben informato su questa classe di RC, che ho trovato intrigante:<\/p>\n<p>FORMA CRISTALLO DI 3-CMC, 4-MMC &gt; bk-MDMA &gt; 4-CMC &gt; 3-CMC &gt; 3-MMC &gt; 5-metiletilone &gt; butilone &gt; Ethylone<br \/>\nQuesto &#8220;Clephedrone&#8221; (4-CMC) che non ha avuto un grande impatto sul mercato RC sembra essere una bella roba. E, AFAIK, non specificamente programmato nella maggior parte delle localit\u00e0. Tuttavia, il profilo di sicurezza \u00e8 per lo pi\u00f9 sconosciuto e molti temono, poich\u00e9 l&#8217;analogo dell&#8217;anfetamina, 4-CA, \u00e8 noto per essere estremamente neurotossico.<\/p>\n<p>Gli unici che potrei mai considerare di possedere di nuovo sono i famigerati Mephedrone e Methylone, entrambi pi\u00f9 o meno banditi a livello globale negli ultimi anni.<br \/>\nHo ottenuto questa classifica da qualcuno che conosce bene questa classe di RC, cosa che ho trovato intrigante:<\/p>\n<p>FORMA CRISTALLO DI 3-CMC, 4-MMC &gt; bk-MDMA &gt; 4-CMC &gt; 3-CMC &gt; 3-MMC &gt; 5-metiletilone &gt; butilone &gt; Ethylone<br \/>\nQuesto &#8220;Clephedrone&#8221; (4-CMC) che non ha avuto un grande impatto sul mercato RC sembra essere una bella roba. E, AFAIK, non specificamente programmato nella maggior parte delle localit\u00e0. Tuttavia, il profilo di sicurezza \u00e8 per lo pi\u00f9 sconosciuto e molti temono, poich\u00e9 l&#8217;analogo dell&#8217;anfetamina, 4-CA, \u00e8 noto per essere estremamente neurotossico.<\/p>\n","protected":false},"excerpt":{"rendered":"<p>Acquista 3-CMC CRYSTAL Powder in vendita nel Regno Unito, in Europa nel nostro negozio online medicinasinc.com\u00a0con consegna veloce in tutto il mondo! Il miglior CRISTALLO 3-CMC per l&#8217;ordine lo troverai qui!<\/p>\n<p>bk-MDMA &gt; 4-CMC &gt; 3-CMC &gt; 3-MMC &gt; 5-metiletilone &gt; butilone &gt; Ethylone<br \/>\nSecondo i rapporti, questo \u201cClephedrone\u201d (4-CMC) che non ha fatto una grande presenza sul mercato RC \u00e8 in realt\u00e0 piuttosto buono. E, AFAIK, non specificamente programmato nella maggior parte dei posti. Sebbene il profilo di sicurezza sia principalmente sconosciuto,<\/p>\n","protected":false},"featured_media":5880,"comment_status":"open","ping_status":"closed","template":"","meta":[],"product_brand":[],"product_cat":[2014],"product_tag":[4024,4025,4028,4026,4030,4027,4029],"class_list":{"0":"post-5870","1":"product","2":"type-product","3":"status-publish","4":"has-post-thumbnail","6":"product_cat-compra-ricerca-prodotti-chimici","7":"product_tag-3-cmc-cristallo-in-vendita","8":"product_tag-acquista-3-cmc-cristallo-online","9":"product_tag-acquisto-3-cmc-cristallo-online","10":"product_tag-come-acquistare-3-cmc-cristallo-online","11":"product_tag-dove-acquistare-3-cmc-crystal-online","12":"product_tag-order-3-cmc-crystal-online","13":"product_tag-the-best-place-to-buy-3-cmc-crystal-online","15":"first","16":"instock","17":"featured","18":"shipping-taxable","19":"purchasable","20":"product-type-variable"},"yoast_head":"<!-- This site is optimized with the Yoast SEO plugin v27.3 - https:\/\/yoast.com\/product\/yoast-seo-wordpress\/ -->\n<title>Acquista cristallo da 3 cmc - Batti Best Global Meds<\/title>\n<meta name=\"description\" content=\"Acquista 3-CMC CRISTALLO Polvere in vendita nel Regno Unito, in Europa nel nostro negozio online medicinasinc.com con consegna veloce in tutto il mondo! Il miglior CRISTALLO 3-CMC per l&#039;ordinazione lo trovi qui!\" \/>\n<meta name=\"robots\" content=\"index, follow, max-snippet:-1, max-image-preview:large, max-video-preview:-1\" \/>\n<link rel=\"canonical\" href=\"https:\/\/medicinasinc.com\/it\/product\/buy-3-cmc-cristallo\/\" \/>\n<meta property=\"og:locale\" content=\"it_IT\" \/>\n<meta property=\"og:type\" content=\"article\" \/>\n<meta property=\"og:title\" content=\"Acquista cristallo da 3 cmc - Batti Best Global Meds\" \/>\n<meta property=\"og:description\" content=\"Acquista 3-CMC CRISTALLO Polvere in vendita nel Regno Unito, in Europa nel nostro negozio online medicinasinc.com con consegna veloce in tutto il mondo! Il miglior CRISTALLO 3-CMC per l&#039;ordinazione lo trovi qui!\" \/>\n<meta property=\"og:url\" content=\"https:\/\/medicinasinc.com\/it\/product\/buy-3-cmc-cristallo\/\" \/>\n<meta property=\"og:site_name\" content=\"Medicinas Inc\" \/>\n<meta property=\"article:modified_time\" content=\"2022-08-09T01:32:59+00:00\" \/>\n<meta property=\"og:image\" content=\"https:\/\/medicinasinc.com\/it\/wp-content\/uploads\/sites\/4\/2022\/02\/Buy-3-CMC-CRYSTAL.jpg\" \/>\n\t<meta property=\"og:image:width\" content=\"720\" \/>\n\t<meta property=\"og:image:height\" content=\"600\" \/>\n\t<meta property=\"og:image:type\" content=\"image\/jpeg\" \/>\n<meta name=\"twitter:card\" content=\"summary_large_image\" \/>\n<meta name=\"twitter:label1\" content=\"Tempo di lettura stimato\" \/>\n\t<meta name=\"twitter:data1\" content=\"2 minuti\" \/>\n<script type=\"application\/ld+json\" class=\"yoast-schema-graph\">{\"@context\":\"https:\\\/\\\/schema.org\",\"@graph\":[{\"@type\":\"WebPage\",\"@id\":\"https:\\\/\\\/medicinasinc.com\\\/it\\\/product\\\/buy-3-cmc-cristallo\\\/\",\"url\":\"https:\\\/\\\/medicinasinc.com\\\/it\\\/product\\\/buy-3-cmc-cristallo\\\/\",\"name\":\"Acquista cristallo da 3 cmc - Batti Best Global Meds\",\"isPartOf\":{\"@id\":\"https:\\\/\\\/medicinasinc.com\\\/it\\\/#website\"},\"primaryImageOfPage\":{\"@id\":\"https:\\\/\\\/medicinasinc.com\\\/it\\\/product\\\/buy-3-cmc-cristallo\\\/#primaryimage\"},\"image\":{\"@id\":\"https:\\\/\\\/medicinasinc.com\\\/it\\\/product\\\/buy-3-cmc-cristallo\\\/#primaryimage\"},\"thumbnailUrl\":\"https:\\\/\\\/medicinasinc.com\\\/it\\\/wp-content\\\/uploads\\\/sites\\\/4\\\/2022\\\/02\\\/Buy-3-CMC-CRYSTAL.jpg\",\"datePublished\":\"2022-02-22T07:42:43+00:00\",\"dateModified\":\"2022-08-09T01:32:59+00:00\",\"description\":\"Acquista 3-CMC CRISTALLO Polvere in vendita nel Regno Unito, in Europa nel nostro negozio online medicinasinc.com con consegna veloce in tutto il mondo! Il miglior CRISTALLO 3-CMC per l'ordinazione lo trovi qui!\",\"breadcrumb\":{\"@id\":\"https:\\\/\\\/medicinasinc.com\\\/it\\\/product\\\/buy-3-cmc-cristallo\\\/#breadcrumb\"},\"inLanguage\":\"it-IT\",\"potentialAction\":[{\"@type\":\"ReadAction\",\"target\":[\"https:\\\/\\\/medicinasinc.com\\\/it\\\/product\\\/buy-3-cmc-cristallo\\\/\"]}]},{\"@type\":\"ImageObject\",\"inLanguage\":\"it-IT\",\"@id\":\"https:\\\/\\\/medicinasinc.com\\\/it\\\/product\\\/buy-3-cmc-cristallo\\\/#primaryimage\",\"url\":\"https:\\\/\\\/medicinasinc.com\\\/it\\\/wp-content\\\/uploads\\\/sites\\\/4\\\/2022\\\/02\\\/Buy-3-CMC-CRYSTAL.jpg\",\"contentUrl\":\"https:\\\/\\\/medicinasinc.com\\\/it\\\/wp-content\\\/uploads\\\/sites\\\/4\\\/2022\\\/02\\\/Buy-3-CMC-CRYSTAL.jpg\",\"width\":720,\"height\":600},{\"@type\":\"BreadcrumbList\",\"@id\":\"https:\\\/\\\/medicinasinc.com\\\/it\\\/product\\\/buy-3-cmc-cristallo\\\/#breadcrumb\",\"itemListElement\":[{\"@type\":\"ListItem\",\"position\":1,\"name\":\"Negozio\",\"item\":\"https:\\\/\\\/medicinasinc.com\\\/it\\\/negozio\\\/\"},{\"@type\":\"ListItem\",\"position\":2,\"name\":\"Acquista cristallo da 3 cmc\"}]},{\"@type\":\"WebSite\",\"@id\":\"https:\\\/\\\/medicinasinc.com\\\/it\\\/#website\",\"url\":\"https:\\\/\\\/medicinasinc.com\\\/it\\\/\",\"name\":\"Medicinas Inc\",\"description\":\"Health Medical Clinic\",\"potentialAction\":[{\"@type\":\"SearchAction\",\"target\":{\"@type\":\"EntryPoint\",\"urlTemplate\":\"https:\\\/\\\/medicinasinc.com\\\/it\\\/?s={search_term_string}\"},\"query-input\":{\"@type\":\"PropertyValueSpecification\",\"valueRequired\":true,\"valueName\":\"search_term_string\"}}],\"inLanguage\":\"it-IT\"}]}<\/script>\n<!-- \/ Yoast SEO plugin. -->","yoast_head_json":{"title":"Acquista cristallo da 3 cmc - Batti Best Global Meds","description":"Acquista 3-CMC CRISTALLO Polvere in vendita nel Regno Unito, in Europa nel nostro negozio online medicinasinc.com con consegna veloce in tutto il mondo! Il miglior CRISTALLO 3-CMC per l'ordinazione lo trovi qui!","robots":{"index":"index","follow":"follow","max-snippet":"max-snippet:-1","max-image-preview":"max-image-preview:large","max-video-preview":"max-video-preview:-1"},"canonical":"https:\/\/medicinasinc.com\/it\/product\/buy-3-cmc-cristallo\/","og_locale":"it_IT","og_type":"article","og_title":"Acquista cristallo da 3 cmc - Batti Best Global Meds","og_description":"Acquista 3-CMC CRISTALLO Polvere in vendita nel Regno Unito, in Europa nel nostro negozio online medicinasinc.com con consegna veloce in tutto il mondo! Il miglior CRISTALLO 3-CMC per l'ordinazione lo trovi qui!","og_url":"https:\/\/medicinasinc.com\/it\/product\/buy-3-cmc-cristallo\/","og_site_name":"Medicinas Inc","article_modified_time":"2022-08-09T01:32:59+00:00","og_image":[{"width":720,"height":600,"url":"https:\/\/medicinasinc.com\/it\/wp-content\/uploads\/sites\/4\/2022\/02\/Buy-3-CMC-CRYSTAL.jpg","type":"image\/jpeg"}],"twitter_card":"summary_large_image","twitter_misc":{"Tempo di lettura stimato":"2 minuti"},"schema":{"@context":"https:\/\/schema.org","@graph":[{"@type":"WebPage","@id":"https:\/\/medicinasinc.com\/it\/product\/buy-3-cmc-cristallo\/","url":"https:\/\/medicinasinc.com\/it\/product\/buy-3-cmc-cristallo\/","name":"Acquista cristallo da 3 cmc - Batti Best Global Meds","isPartOf":{"@id":"https:\/\/medicinasinc.com\/it\/#website"},"primaryImageOfPage":{"@id":"https:\/\/medicinasinc.com\/it\/product\/buy-3-cmc-cristallo\/#primaryimage"},"image":{"@id":"https:\/\/medicinasinc.com\/it\/product\/buy-3-cmc-cristallo\/#primaryimage"},"thumbnailUrl":"https:\/\/medicinasinc.com\/it\/wp-content\/uploads\/sites\/4\/2022\/02\/Buy-3-CMC-CRYSTAL.jpg","datePublished":"2022-02-22T07:42:43+00:00","dateModified":"2022-08-09T01:32:59+00:00","description":"Acquista 3-CMC CRISTALLO Polvere in vendita nel Regno Unito, in Europa nel nostro negozio online medicinasinc.com con consegna veloce in tutto il mondo! Il miglior CRISTALLO 3-CMC per l'ordinazione lo trovi qui!","breadcrumb":{"@id":"https:\/\/medicinasinc.com\/it\/product\/buy-3-cmc-cristallo\/#breadcrumb"},"inLanguage":"it-IT","potentialAction":[{"@type":"ReadAction","target":["https:\/\/medicinasinc.com\/it\/product\/buy-3-cmc-cristallo\/"]}]},{"@type":"ImageObject","inLanguage":"it-IT","@id":"https:\/\/medicinasinc.com\/it\/product\/buy-3-cmc-cristallo\/#primaryimage","url":"https:\/\/medicinasinc.com\/it\/wp-content\/uploads\/sites\/4\/2022\/02\/Buy-3-CMC-CRYSTAL.jpg","contentUrl":"https:\/\/medicinasinc.com\/it\/wp-content\/uploads\/sites\/4\/2022\/02\/Buy-3-CMC-CRYSTAL.jpg","width":720,"height":600},{"@type":"BreadcrumbList","@id":"https:\/\/medicinasinc.com\/it\/product\/buy-3-cmc-cristallo\/#breadcrumb","itemListElement":[{"@type":"ListItem","position":1,"name":"Negozio","item":"https:\/\/medicinasinc.com\/it\/negozio\/"},{"@type":"ListItem","position":2,"name":"Acquista cristallo da 3 cmc"}]},{"@type":"WebSite","@id":"https:\/\/medicinasinc.com\/it\/#website","url":"https:\/\/medicinasinc.com\/it\/","name":"Medicinas Inc","description":"Health Medical Clinic","potentialAction":[{"@type":"SearchAction","target":{"@type":"EntryPoint","urlTemplate":"https:\/\/medicinasinc.com\/it\/?s={search_term_string}"},"query-input":{"@type":"PropertyValueSpecification","valueRequired":true,"valueName":"search_term_string"}}],"inLanguage":"it-IT"}]}},"_links":{"self":[{"href":"https:\/\/medicinasinc.com\/it\/wp-json\/wp\/v2\/product\/5870","targetHints":{"allow":["GET"]}}],"collection":[{"href":"https:\/\/medicinasinc.com\/it\/wp-json\/wp\/v2\/product"}],"about":[{"href":"https:\/\/medicinasinc.com\/it\/wp-json\/wp\/v2\/types\/product"}],"replies":[{"embeddable":true,"href":"https:\/\/medicinasinc.com\/it\/wp-json\/wp\/v2\/comments?post=5870"}],"wp:featuredmedia":[{"embeddable":true,"href":"https:\/\/medicinasinc.com\/it\/wp-json\/wp\/v2\/media\/5880"}],"wp:attachment":[{"href":"https:\/\/medicinasinc.com\/it\/wp-json\/wp\/v2\/media?parent=5870"}],"wp:term":[{"taxonomy":"product_brand","embeddable":true,"href":"https:\/\/medicinasinc.com\/it\/wp-json\/wp\/v2\/product_brand?post=5870"},{"taxonomy":"product_cat","embeddable":true,"href":"https:\/\/medicinasinc.com\/it\/wp-json\/wp\/v2\/product_cat?post=5870"},{"taxonomy":"product_tag","embeddable":true,"href":"https:\/\/medicinasinc.com\/it\/wp-json\/wp\/v2\/product_tag?post=5870"}],"curies":[{"name":"wp","href":"https:\/\/api.w.org\/{rel}","templated":true}]}}