{"id":5863,"date":"2022-02-22T07:36:01","date_gmt":"2022-02-22T07:36:01","guid":{"rendered":"https:\/\/medicinasinc.com\/it\/?post_type=product&#038;p=5863"},"modified":"2022-03-17T00:01:21","modified_gmt":"2022-03-17T00:01:21","slug":"buy-gamma-idrossibutirrato-ghb-polvere","status":"publish","type":"product","link":"https:\/\/medicinasinc.com\/it\/product\/buy-gamma-idrossibutirrato-ghb-polvere\/","title":{"rendered":"Acquista la polvere di gamma idrossibutirrato (GHB)."},"content":{"rendered":"<p>Acquisto online di polvere di GHB<\/p>\n<p>Acquista online di polvere di GHB. GHB \u00e8 un anestetico sintetico. \u00c8 disponibile come liquido trasparente o in polvere e ha un sapore leggermente salato. Poich\u00e9 la potenza varia, non esiste una &#8220;dose sicura&#8221;. GBL (gamma-butirrolattone) e 1,4-butandiolo sono disponibili in commercio come alternative al GHB. Questi sono legalmente disponibili come solventi per la pulizia e, una volta ingeriti, si trasformano naturalmente in GHB.<\/p>\n<p>Il gamma butirrolattone viene utilizzato per migliorare le prestazioni atletiche, la qualit\u00e0 del sonno, le prestazioni e il divertimento sessuali. Inoltre, lo usano per curare la depressione e lo stress, per allungare la vita, per promuovere un pensiero chiaro, per indurre il rilassamento e per rilasciare l&#8217;ormone della crescita. Inoltre, GBL \u00e8 utilizzato per ridurre il grasso corporeo e come body-builder o muscolare. Alcuni individui lo usano a scopo ricreativo.<\/p>\n<p>GHB o GBL Chemicals for Research<\/p>\n<p>(nomi alternativi: gammaidrossibutirrato, ecstasy liquida, liquido X, gammaidrossibutirrato)<\/p>\n<p>Tipicamente, GHB viene offerto in piccole fiale come un liquido limpido con una consistenza un po&#8217; pi\u00f9 densa dell&#8217;acqua.<br \/> Le dosi vengono somministrate in piccole quantit\u00e0, denominate &#8220;tappi&#8221; o &#8220;tappi di G&#8221;.<br \/> Sebbene possa essere consumato intero, viene tipicamente diluito in acqua o succo e sorseggiato.<br \/> GHB non ha odore e non ha sapore distinguibile.<br \/> GBL ha un sapore e un odore leggermente salato, chimico che \u00e8 facilmente mascherabile se miscelato con altri liquidi . GBL \u00e8 una versione pi\u00f9 potente del farmaco.<br \/> Limitarsi a dosi estremamente basse di GHB. \u00c8 abbastanza potente e la potenza pu\u00f2 variare in modo significativo tra i lotti, anche tra utenti esperti. Si consiglia di attendere tra le dosi. Alcune fonti consigliano di attendere fino a due ore tra i dosaggi per evitare il Ging Out.<\/p>\n<p>Effetti del GHB<\/p>\n<p>Gli effetti iniziano circa venti minuti dopo il consumo e possono durare fino a quattro ore.<br \/> Quantit\u00e0 pi\u00f9 piccole e pi\u00f9 miti inducono rilassamento e calma.<br \/> Se ne prendi quantit\u00e0 maggiori, potresti avere sonnolenza, vertigini e confusione. Inoltre, potresti provare nausea, vomito e spasmi muscolari.<br \/> Pu\u00f2 provocare convulsioni, perdita di coscienza, coma e difficolt\u00e0 respiratorie<br \/> Possibilit\u00e0 di aumentare la crescita muscolare nei bodybuilder<\/p>\n<p>Sesso con GHB<\/p>\n<p>Simile all&#8217;alcol, riduce le inibizioni aumentando la sicurezza e la socialit\u00e0.<br \/> Aumento della sensibilit\u00e0 tattile e della sensibilit\u00e0 agli stimoli<br \/> Alcuni uomini hanno erezioni pi\u00f9 forti.<br \/> Orgasmi che sono piuttosto intenso, anche se questo \u00e8 dose-dipendente<br \/> GHB in eccesso potrebbe causare stanchezza e svenimento durante il sesso.<br \/> Il GHB \u00e8 indicato come un farmaco &#8220;da stupro&#8221; perch\u00e9 aumenta la tua volont\u00e0 di impegnarti in rapporti sessuali attivit\u00e0 e compromette la tua capacit\u00e0 di stabilire e affermare i confini sessuali. \u00c8 particolarmente importante confermare il consenso con i partner che sono su G. Mantenere i contatti durante una sessione sessuale. Il contatto sessuale con qualcuno che \u00e8 privo di sensi pu\u00f2 essere interpretato come violenza sessuale.<\/p>\n","protected":false},"excerpt":{"rendered":"<p>Acquista la polvere GHB gamma-idrossibutirrica in vendita nel Regno Unito, Europa, Giappone, Emirati Arabi Uniti, Cina e Asia dal miglior fornitore all&#8217;ingrosso di GHB, garantiamo una consegna discreta in tutto il mondo<\/p>\n","protected":false},"featured_media":5873,"comment_status":"open","ping_status":"closed","template":"","meta":[],"product_brand":[],"product_cat":[2014],"product_tag":[4018,4023,4016,4014,4019,4020,4015,4017,4022,4021],"class_list":{"0":"post-5863","1":"product","2":"type-product","3":"status-publish","4":"has-post-thumbnail","6":"product_cat-compra-ricerca-prodotti-chimici","7":"product_tag-acido-gamma-idrossibutirrico-e-ormone-della-crescita","8":"product_tag-buy-ghb-polvere","9":"product_tag-compra-ghb-online","10":"product_tag-acquista-gamma-idrossibutirrato-online","11":"product_tag-antidepressivo-acido-gamma-idrossibutirrico","12":"product_tag-bodybuilding-con-acido-gamma-idrossibutirrico","13":"product_tag-compra-ghb","14":"product_tag-droga","15":"product_tag-ghb-for-sale","16":"product_tag-prezzo-dellacido-gamma-idrossibutirrico","18":"first","19":"instock","20":"shipping-taxable","21":"purchasable","22":"product-type-variable"},"yoast_head":"<!-- This site is optimized with the Yoast SEO plugin v27.3 - https:\/\/yoast.com\/product\/yoast-seo-wordpress\/ -->\n<title>Acquista la polvere di gamma idrossibutirrato (GHB) - Best Best Global Meds<\/title>\n<meta name=\"description\" content=\"Acquista polvere GHB gamma-idrossibutirrica in vendita nel Regno Unito, Europa, Giappone, Emirati Arabi Uniti, Cina, Asia dal miglior fornitore all&#039;ingrosso di GHB, garantiamo una consegna discreta in tutto il mondo\" \/>\n<meta name=\"robots\" content=\"index, follow, max-snippet:-1, max-image-preview:large, max-video-preview:-1\" \/>\n<link rel=\"canonical\" href=\"https:\/\/medicinasinc.com\/it\/product\/buy-gamma-idrossibutirrato-ghb-polvere\/\" \/>\n<meta property=\"og:locale\" content=\"it_IT\" \/>\n<meta property=\"og:type\" content=\"article\" \/>\n<meta property=\"og:title\" content=\"Acquista la polvere di gamma idrossibutirrato (GHB) - Best Best Global Meds\" \/>\n<meta property=\"og:description\" content=\"Acquista polvere GHB gamma-idrossibutirrica in vendita nel Regno Unito, Europa, Giappone, Emirati Arabi Uniti, Cina, Asia dal miglior fornitore all&#039;ingrosso di GHB, garantiamo una consegna discreta in tutto il mondo\" \/>\n<meta property=\"og:url\" content=\"https:\/\/medicinasinc.com\/it\/product\/buy-gamma-idrossibutirrato-ghb-polvere\/\" \/>\n<meta property=\"og:site_name\" content=\"Medicinas Inc\" \/>\n<meta property=\"article:modified_time\" content=\"2022-03-17T00:01:21+00:00\" \/>\n<meta property=\"og:image\" content=\"https:\/\/medicinasinc.com\/it\/wp-content\/uploads\/sites\/4\/2022\/02\/buy-GHB-powder-1.jpg\" \/>\n\t<meta property=\"og:image:width\" content=\"612\" \/>\n\t<meta property=\"og:image:height\" content=\"408\" \/>\n\t<meta property=\"og:image:type\" content=\"image\/jpeg\" \/>\n<meta name=\"twitter:card\" content=\"summary_large_image\" \/>\n<meta name=\"twitter:label1\" content=\"Tempo di lettura stimato\" \/>\n\t<meta name=\"twitter:data1\" content=\"2 minuti\" \/>\n<script type=\"application\/ld+json\" class=\"yoast-schema-graph\">{\"@context\":\"https:\\\/\\\/schema.org\",\"@graph\":[{\"@type\":\"WebPage\",\"@id\":\"https:\\\/\\\/medicinasinc.com\\\/it\\\/product\\\/buy-gamma-idrossibutirrato-ghb-polvere\\\/\",\"url\":\"https:\\\/\\\/medicinasinc.com\\\/it\\\/product\\\/buy-gamma-idrossibutirrato-ghb-polvere\\\/\",\"name\":\"Acquista la polvere di gamma idrossibutirrato (GHB) - Best Best Global Meds\",\"isPartOf\":{\"@id\":\"https:\\\/\\\/medicinasinc.com\\\/it\\\/#website\"},\"primaryImageOfPage\":{\"@id\":\"https:\\\/\\\/medicinasinc.com\\\/it\\\/product\\\/buy-gamma-idrossibutirrato-ghb-polvere\\\/#primaryimage\"},\"image\":{\"@id\":\"https:\\\/\\\/medicinasinc.com\\\/it\\\/product\\\/buy-gamma-idrossibutirrato-ghb-polvere\\\/#primaryimage\"},\"thumbnailUrl\":\"https:\\\/\\\/medicinasinc.com\\\/it\\\/wp-content\\\/uploads\\\/sites\\\/4\\\/2022\\\/02\\\/buy-GHB-powder-1.jpg\",\"datePublished\":\"2022-02-22T07:36:01+00:00\",\"dateModified\":\"2022-03-17T00:01:21+00:00\",\"description\":\"Acquista polvere GHB gamma-idrossibutirrica in vendita nel Regno Unito, Europa, Giappone, Emirati Arabi Uniti, Cina, Asia dal miglior fornitore all'ingrosso di GHB, garantiamo una consegna discreta in tutto il mondo\",\"breadcrumb\":{\"@id\":\"https:\\\/\\\/medicinasinc.com\\\/it\\\/product\\\/buy-gamma-idrossibutirrato-ghb-polvere\\\/#breadcrumb\"},\"inLanguage\":\"it-IT\",\"potentialAction\":[{\"@type\":\"ReadAction\",\"target\":[\"https:\\\/\\\/medicinasinc.com\\\/it\\\/product\\\/buy-gamma-idrossibutirrato-ghb-polvere\\\/\"]}]},{\"@type\":\"ImageObject\",\"inLanguage\":\"it-IT\",\"@id\":\"https:\\\/\\\/medicinasinc.com\\\/it\\\/product\\\/buy-gamma-idrossibutirrato-ghb-polvere\\\/#primaryimage\",\"url\":\"https:\\\/\\\/medicinasinc.com\\\/it\\\/wp-content\\\/uploads\\\/sites\\\/4\\\/2022\\\/02\\\/buy-GHB-powder-1.jpg\",\"contentUrl\":\"https:\\\/\\\/medicinasinc.com\\\/it\\\/wp-content\\\/uploads\\\/sites\\\/4\\\/2022\\\/02\\\/buy-GHB-powder-1.jpg\",\"width\":612,\"height\":408},{\"@type\":\"BreadcrumbList\",\"@id\":\"https:\\\/\\\/medicinasinc.com\\\/it\\\/product\\\/buy-gamma-idrossibutirrato-ghb-polvere\\\/#breadcrumb\",\"itemListElement\":[{\"@type\":\"ListItem\",\"position\":1,\"name\":\"Negozio\",\"item\":\"https:\\\/\\\/medicinasinc.com\\\/it\\\/negozio\\\/\"},{\"@type\":\"ListItem\",\"position\":2,\"name\":\"Acquista la polvere di gamma idrossibutirrato (GHB).\"}]},{\"@type\":\"WebSite\",\"@id\":\"https:\\\/\\\/medicinasinc.com\\\/it\\\/#website\",\"url\":\"https:\\\/\\\/medicinasinc.com\\\/it\\\/\",\"name\":\"Medicinas Inc\",\"description\":\"Health Medical Clinic\",\"potentialAction\":[{\"@type\":\"SearchAction\",\"target\":{\"@type\":\"EntryPoint\",\"urlTemplate\":\"https:\\\/\\\/medicinasinc.com\\\/it\\\/?s={search_term_string}\"},\"query-input\":{\"@type\":\"PropertyValueSpecification\",\"valueRequired\":true,\"valueName\":\"search_term_string\"}}],\"inLanguage\":\"it-IT\"}]}<\/script>\n<!-- \/ Yoast SEO plugin. -->","yoast_head_json":{"title":"Acquista la polvere di gamma idrossibutirrato (GHB) - Best Best Global Meds","description":"Acquista polvere GHB gamma-idrossibutirrica in vendita nel Regno Unito, Europa, Giappone, Emirati Arabi Uniti, Cina, Asia dal miglior fornitore all'ingrosso di GHB, garantiamo una consegna discreta in tutto il mondo","robots":{"index":"index","follow":"follow","max-snippet":"max-snippet:-1","max-image-preview":"max-image-preview:large","max-video-preview":"max-video-preview:-1"},"canonical":"https:\/\/medicinasinc.com\/it\/product\/buy-gamma-idrossibutirrato-ghb-polvere\/","og_locale":"it_IT","og_type":"article","og_title":"Acquista la polvere di gamma idrossibutirrato (GHB) - Best Best Global Meds","og_description":"Acquista polvere GHB gamma-idrossibutirrica in vendita nel Regno Unito, Europa, Giappone, Emirati Arabi Uniti, Cina, Asia dal miglior fornitore all'ingrosso di GHB, garantiamo una consegna discreta in tutto il mondo","og_url":"https:\/\/medicinasinc.com\/it\/product\/buy-gamma-idrossibutirrato-ghb-polvere\/","og_site_name":"Medicinas Inc","article_modified_time":"2022-03-17T00:01:21+00:00","og_image":[{"width":612,"height":408,"url":"https:\/\/medicinasinc.com\/it\/wp-content\/uploads\/sites\/4\/2022\/02\/buy-GHB-powder-1.jpg","type":"image\/jpeg"}],"twitter_card":"summary_large_image","twitter_misc":{"Tempo di lettura stimato":"2 minuti"},"schema":{"@context":"https:\/\/schema.org","@graph":[{"@type":"WebPage","@id":"https:\/\/medicinasinc.com\/it\/product\/buy-gamma-idrossibutirrato-ghb-polvere\/","url":"https:\/\/medicinasinc.com\/it\/product\/buy-gamma-idrossibutirrato-ghb-polvere\/","name":"Acquista la polvere di gamma idrossibutirrato (GHB) - Best Best Global Meds","isPartOf":{"@id":"https:\/\/medicinasinc.com\/it\/#website"},"primaryImageOfPage":{"@id":"https:\/\/medicinasinc.com\/it\/product\/buy-gamma-idrossibutirrato-ghb-polvere\/#primaryimage"},"image":{"@id":"https:\/\/medicinasinc.com\/it\/product\/buy-gamma-idrossibutirrato-ghb-polvere\/#primaryimage"},"thumbnailUrl":"https:\/\/medicinasinc.com\/it\/wp-content\/uploads\/sites\/4\/2022\/02\/buy-GHB-powder-1.jpg","datePublished":"2022-02-22T07:36:01+00:00","dateModified":"2022-03-17T00:01:21+00:00","description":"Acquista polvere GHB gamma-idrossibutirrica in vendita nel Regno Unito, Europa, Giappone, Emirati Arabi Uniti, Cina, Asia dal miglior fornitore all'ingrosso di GHB, garantiamo una consegna discreta in tutto il mondo","breadcrumb":{"@id":"https:\/\/medicinasinc.com\/it\/product\/buy-gamma-idrossibutirrato-ghb-polvere\/#breadcrumb"},"inLanguage":"it-IT","potentialAction":[{"@type":"ReadAction","target":["https:\/\/medicinasinc.com\/it\/product\/buy-gamma-idrossibutirrato-ghb-polvere\/"]}]},{"@type":"ImageObject","inLanguage":"it-IT","@id":"https:\/\/medicinasinc.com\/it\/product\/buy-gamma-idrossibutirrato-ghb-polvere\/#primaryimage","url":"https:\/\/medicinasinc.com\/it\/wp-content\/uploads\/sites\/4\/2022\/02\/buy-GHB-powder-1.jpg","contentUrl":"https:\/\/medicinasinc.com\/it\/wp-content\/uploads\/sites\/4\/2022\/02\/buy-GHB-powder-1.jpg","width":612,"height":408},{"@type":"BreadcrumbList","@id":"https:\/\/medicinasinc.com\/it\/product\/buy-gamma-idrossibutirrato-ghb-polvere\/#breadcrumb","itemListElement":[{"@type":"ListItem","position":1,"name":"Negozio","item":"https:\/\/medicinasinc.com\/it\/negozio\/"},{"@type":"ListItem","position":2,"name":"Acquista la polvere di gamma idrossibutirrato (GHB)."}]},{"@type":"WebSite","@id":"https:\/\/medicinasinc.com\/it\/#website","url":"https:\/\/medicinasinc.com\/it\/","name":"Medicinas Inc","description":"Health Medical Clinic","potentialAction":[{"@type":"SearchAction","target":{"@type":"EntryPoint","urlTemplate":"https:\/\/medicinasinc.com\/it\/?s={search_term_string}"},"query-input":{"@type":"PropertyValueSpecification","valueRequired":true,"valueName":"search_term_string"}}],"inLanguage":"it-IT"}]}},"_links":{"self":[{"href":"https:\/\/medicinasinc.com\/it\/wp-json\/wp\/v2\/product\/5863","targetHints":{"allow":["GET"]}}],"collection":[{"href":"https:\/\/medicinasinc.com\/it\/wp-json\/wp\/v2\/product"}],"about":[{"href":"https:\/\/medicinasinc.com\/it\/wp-json\/wp\/v2\/types\/product"}],"replies":[{"embeddable":true,"href":"https:\/\/medicinasinc.com\/it\/wp-json\/wp\/v2\/comments?post=5863"}],"wp:featuredmedia":[{"embeddable":true,"href":"https:\/\/medicinasinc.com\/it\/wp-json\/wp\/v2\/media\/5873"}],"wp:attachment":[{"href":"https:\/\/medicinasinc.com\/it\/wp-json\/wp\/v2\/media?parent=5863"}],"wp:term":[{"taxonomy":"product_brand","embeddable":true,"href":"https:\/\/medicinasinc.com\/it\/wp-json\/wp\/v2\/product_brand?post=5863"},{"taxonomy":"product_cat","embeddable":true,"href":"https:\/\/medicinasinc.com\/it\/wp-json\/wp\/v2\/product_cat?post=5863"},{"taxonomy":"product_tag","embeddable":true,"href":"https:\/\/medicinasinc.com\/it\/wp-json\/wp\/v2\/product_tag?post=5863"}],"curies":[{"name":"wp","href":"https:\/\/api.w.org\/{rel}","templated":true}]}}