{"id":5852,"date":"2022-02-22T07:25:44","date_gmt":"2022-02-22T07:25:44","guid":{"rendered":"https:\/\/medicinasinc.com\/it\/?post_type=product&#038;p=5852"},"modified":"2022-03-17T00:01:41","modified_gmt":"2022-03-17T00:01:41","slug":"comprare-anfetamina-polvere","status":"publish","type":"product","link":"https:\/\/medicinasinc.com\/it\/product\/comprare-anfetamina-polvere\/","title":{"rendered":"Acquista polvere di anfetamine"},"content":{"rendered":"<p>La polvere di anfetamine pu\u00f2 essere acquistata online.<\/p>\n<p>Polvere di anfetamine online nel Regno Unito, in Europa e nell&#8217;Unione Europea, vendita per corrispondenza di polvere di anfetamine, le anfetamine sono farmaci stimolanti, il che significa che accelerano la trasmissione dei messaggi tra il cervello e il corpo.<\/p>\n<p>Le anfetamine sono farmaci stimolanti, che accelerano la trasmissione di informazioni tra il cervello e il corpo.<\/p>\n<p>Potreste anche essere interessati a saperne di pi\u00f9 sugli effetti e rischi per la salute associati alla polvere di anfetamine. Pu\u00f2 manifestarsi allo stesso modo di numerosi altri farmaci.<\/p>\n<p>Alcune classi di anfetamine sono legittimamente raccomandate dai medici per il trattamento di malattie come il disturbo da deficit di attenzione e iperattivit\u00e0 (ADHD) e la narcolessia (in cui una persona ha una voglia incontrollabile di dormire). Altri tipi di anfetamine, come la velocit\u00e0, sono fabbricati e venduti illecitamente. Una scheda informativa separata \u00e8 dedicata alla forma pi\u00f9 potente di metanfetamina, la metanfetamina cristallina (ghiaccio).<\/p>\n<p>Le anfetamine esistono in una variet\u00e0 di forme. Questi farmaci sono disponibili in polvere, compresse, cristalli e capsule. Se venduti illegalmente, possono essere confezionati in &#8220;foil&#8221; (foglio di alluminio), sacchetti di plastica o palloncini in miniatura.<\/p>\n<p>La polvere di anfetamine varia di colore dal bianco al marrone e occasionalmente contiene tracce di grigio o rosa. Ha un profumo pungente e un sapore amaro. Le capsule e le compresse contenenti anfetamine variano in modo significativo in termini di dimensioni e colore.<\/p>\n<p>Anfetamine: le anfetamine prodotte illegalmente possono contenere una combinazione di farmaci, leganti, caffeina e zucchero. Inoltre, potrebbero essere aggiunti nuovi farmaci psicoattivi.<\/p>\n<p>Termini gergali<\/p>\n<p>Speed, rapid, ascending, uppers, louee, goey e whiz.<\/p>\n<p>Che scopo hanno servono?<\/p>\n<p>In genere, le anfetamine vengono ingerite, iniettate o fumate. Inoltre, vengono sniffati.<\/p>\n<p>Effetti delle anfetamine<\/p>\n<p>Le anfetamine hanno un effetto variabile su ciascun individuo, a seconda di:<\/p>\n<p>Indice di massa corporea, peso e salute <br \/> Se l&#8217;individuo \u00e8 abituato a prenderlo<br \/> Se vengono assunti altri farmaci contemporaneamente<br \/> La somma prelevata<br \/> La potenza del farmaco (varia da lotto a lotto con farmaci prodotti illegalmente)<\/p>\n<p>Le anfetamine esercitano i loro effetti istantaneamente (sia iniettate che fumate) o entro 30 minuti (se sniffate o ingerite).<\/p>\n<p>Possono verificarsi i seguenti effetti:<\/p>\n<p>Felicit\u00e0 e s\u00e9 stessi -sicurezza<br \/> Parlare di pi\u00f9 e sentirsi pi\u00f9 energici<br \/> Ripetizione di azioni semplici come prurito e graffi<br \/> Pupille grandi e bocca secca<br \/> Battito cardiaco e respirazione rapidi<br \/> Digrignamento dei denti <br \/> Soppressione dell&#8217;appetito<br \/> Sudorazione eccessiva<br \/> Aumento dell&#8217;eccitazione sessuale<br \/> Sovradosaggio<\/p>\n<p>Se viene consumata una quantit\u00e0 significativa o un lotto particolarmente potente, pu\u00f2 provocare anche un sovradosaggio. Se si verifica uno dei seguenti sintomi, \u00e8 necessario chiamare immediatamente un&#8217;ambulanza componendo il triplo zero (000). Gli agenti dell&#8217;ambulanza non sono tenuti a consultare la polizia.<\/p>\n<p>Si adatta a un battito cardiaco accelerato<br \/> Ictus, infarto e morte<\/p>\n<p>Le anfetamine sniffate potrebbero irritare i passaggi nasali e provocare epistassi.<\/p>\n<p>L&#8217;iniezione di anfetamine e la condivisione di aghi pu\u00f2 aumentare il rischio di contrarre quanto segue:<\/p>\n<p>Virus Epatite B<br \/> HIV\/AIDS Epatite C<br \/> Tetano<br \/> Decrescente<\/p>\n<p>Dopo l&#8217;uso di anfetamine, possono verificarsi i seguenti effetti:<\/p>\n<p>Insonnia e esaurimento<br \/> Mal di testa<br \/> Disorientamento e visione offuscata<br \/> Confusione, paranoia, e allucinazioni<br \/> Irritabilit\u00e0, sbalzi d&#8217;umore e depressione sono tutti sintomi di depressione.<\/p>\n<p>L&#8217;utilizzo di un sedativo come alcol, benzodiazepine o cannabis per aiutare nel processo di &#8220;discendenza&#8221; pu\u00f2 culminare in un ciclo di dipendenza da entrambi i tipi di sostanze.<\/p>\n<p>Conseguenze a lungo termine<\/p>\n<p>L&#8217;uso regolare di anfetamine pu\u00f2 eventualmente comportare quanto segue:<\/p>\n<p>Soppressione dell&#8217;appetito e rapida perdita di peso<br \/> Sonno insonne<br \/> Problemi dentali e secchezza delle fauci<br \/> Raffreddore e influenza sono comuni.<br \/> Difficolt\u00e0 di concentrazione<br \/> Difficolt\u00e0 respiratorie<br \/> Rigidit\u00e0 muscolare<br \/> Attacchi di panico e paranoia<br \/> Depressione<br \/> Problemi cardiovascolari e renali<br \/> Aumenta il rischio di ictus<br \/> Doverne utilizzare di pi\u00f9 per ottenere l&#8217;impatto desiderato<br \/> Dipendenza da anfetamine<br \/> Difficolt\u00e0 finanziarie, lavorative e sociali<br \/> Psicosi causato dalle anfetamine<\/p>\n<p>Inoltre, dosi elevate e un uso intenso ripetuto possono provocare una &#8220;psicosi da anfetamine&#8221;, caratterizzata da deliri paranoici, allucinazioni e comportamento aggressivo o violento fuori dal comune. Questi sintomi spesso scompaiono entro pochi giorni dall&#8217;interruzione dell&#8217;uso di anfetamine da parte dell&#8217;individuo.<\/p>\n<p>Anfetamine in combinazione con altri medicinali<\/p>\n<p>Le interazioni tra anfetamine e altre sostanze, come ad esempio over the-the- farmaci da banco o soggetti a prescrizione medica, possono essere imprevedibili e mortali e possono causare quanto segue:<\/p>\n<p>Le anfetamine e alcuni antidepressivi causano ipertensione, che pu\u00f2 provocare polso irregolare, insufficienza cardiaca e ictus.<\/p>\n<p>4<\/p>\n<p>Le anfetamine usate con alcol, cannabis o benzodiazepine mettono il corpo in condizioni di stress estremo mentre cerca di far fronte agli effetti contraddittori dei due farmaci, che possono provocare un sovradosaggio.<\/p>\n<p>Sospensione<\/p>\n<p>Smettere di anfetamine dopo un periodo prolungato di utilizzo \u00e8 difficile poich\u00e9 il corpo deve adattarsi a funzionare senza di esse. I sintomi da astinenza dovrebbero attenuarsi entro una settimana e dovrebbero scomparire completamente dopo un mese. I sintomi includono:<\/p>\n<p>Voglia di anfetamine<br \/> Stimolazione dell&#8217;appetito<br \/> Perplessit\u00e0 e irritazione<br \/> Lividi e dolori<br \/> Stanchezza<br \/> Insonnia e incubi<br \/> Disturbi affettivi come ansia, depressione e paranoia<\/p>\n","protected":false},"excerpt":{"rendered":"<p>Acquista polvere di anfetamina in vendita nel Regno Unito, in Europa pillole generiche e di marca a buon mercato a Sapporo, puoi acquistare polvere di anfetamina in vendita online utilizzando Bitcoin (BTC)<\/p>\n<p>La polvere di anfetamina \u00e8 un forte stimolante del sistema nervoso centrale sistema (cervello e neuroni del midollo spinale) ed \u00e8 stato usato in medicina per trattare una variet\u00e0 di condizioni. Inoltre, \u00e8 estremamente avvincente e ha una storia di abuso.<\/p>\n<p>La polvere di anfetamine \u00e8 un farmaco da prescrizione utilizzato per il trattamento del disturbo da deficit di attenzione e iperattivit\u00e0 (ADHD).<\/p>\n","protected":false},"featured_media":5862,"comment_status":"open","ping_status":"closed","template":"","meta":[],"product_brand":[],"product_cat":[703,2014],"product_tag":[4009,4011,4007,4013,4012,4010,4008],"class_list":{"0":"post-5852","1":"product","2":"type-product","3":"status-publish","4":"has-post-thumbnail","6":"product_cat-compra-droghe-psichedeliche","7":"product_cat-compra-ricerca-prodotti-chimici","8":"product_tag-acquistare-anfetamine-polvere-online","9":"product_tag-acquisto-anfetamina-polvere-online","10":"product_tag-polvere-di-anfetamina","11":"product_tag-dove-acquistare-polvere-di-anfetamine-online","12":"product_tag-il-posto-migliore-per-acquistare-polvere-di-anfetamine-online","13":"product_tag-order-amphetamine-powder-online","14":"product_tag-anfetamine-in-polvere-in-vendita","16":"first","17":"instock","18":"shipping-taxable","19":"purchasable","20":"product-type-variable"},"yoast_head":"<!-- This site is optimized with the Yoast SEO plugin v27.3 - https:\/\/yoast.com\/product\/yoast-seo-wordpress\/ -->\n<title>Acquista polvere di anfetamina - I migliori farmaci globali<\/title>\n<meta name=\"description\" content=\"Acquista polvere di anfetamina in vendita nel Regno Unito, in Europa pillole generiche e di marca a buon mercato a Sapporo, puoi ordinare polvere di anfetamina in vendita online utilizzando Bitcoin (BTC)\" \/>\n<meta name=\"robots\" content=\"index, follow, max-snippet:-1, max-image-preview:large, max-video-preview:-1\" \/>\n<link rel=\"canonical\" href=\"https:\/\/medicinasinc.com\/it\/product\/comprare-anfetamina-polvere\/\" \/>\n<meta property=\"og:locale\" content=\"it_IT\" \/>\n<meta property=\"og:type\" content=\"article\" \/>\n<meta property=\"og:title\" content=\"Acquista polvere di anfetamina - I migliori farmaci globali\" \/>\n<meta property=\"og:description\" content=\"Acquista polvere di anfetamina in vendita nel Regno Unito, in Europa pillole generiche e di marca a buon mercato a Sapporo, puoi ordinare polvere di anfetamina in vendita online utilizzando Bitcoin (BTC)\" \/>\n<meta property=\"og:url\" content=\"https:\/\/medicinasinc.com\/it\/product\/comprare-anfetamina-polvere\/\" \/>\n<meta property=\"og:site_name\" content=\"Medicinas Inc\" \/>\n<meta property=\"article:modified_time\" content=\"2022-03-17T00:01:41+00:00\" \/>\n<meta property=\"og:image\" content=\"https:\/\/medicinasinc.com\/it\/wp-content\/uploads\/sites\/4\/2022\/02\/Buy-Amphetamine-Powder.png\" \/>\n\t<meta property=\"og:image:width\" content=\"412\" \/>\n\t<meta property=\"og:image:height\" content=\"550\" \/>\n\t<meta property=\"og:image:type\" content=\"image\/png\" \/>\n<meta name=\"twitter:card\" content=\"summary_large_image\" \/>\n<meta name=\"twitter:label1\" content=\"Tempo di lettura stimato\" \/>\n\t<meta name=\"twitter:data1\" content=\"4 minuti\" \/>\n<script type=\"application\/ld+json\" class=\"yoast-schema-graph\">{\"@context\":\"https:\\\/\\\/schema.org\",\"@graph\":[{\"@type\":\"WebPage\",\"@id\":\"https:\\\/\\\/medicinasinc.com\\\/it\\\/product\\\/comprare-anfetamina-polvere\\\/\",\"url\":\"https:\\\/\\\/medicinasinc.com\\\/it\\\/product\\\/comprare-anfetamina-polvere\\\/\",\"name\":\"Acquista polvere di anfetamina - I migliori farmaci globali\",\"isPartOf\":{\"@id\":\"https:\\\/\\\/medicinasinc.com\\\/it\\\/#website\"},\"primaryImageOfPage\":{\"@id\":\"https:\\\/\\\/medicinasinc.com\\\/it\\\/product\\\/comprare-anfetamina-polvere\\\/#primaryimage\"},\"image\":{\"@id\":\"https:\\\/\\\/medicinasinc.com\\\/it\\\/product\\\/comprare-anfetamina-polvere\\\/#primaryimage\"},\"thumbnailUrl\":\"https:\\\/\\\/medicinasinc.com\\\/it\\\/wp-content\\\/uploads\\\/sites\\\/4\\\/2022\\\/02\\\/Buy-Amphetamine-Powder.png\",\"datePublished\":\"2022-02-22T07:25:44+00:00\",\"dateModified\":\"2022-03-17T00:01:41+00:00\",\"description\":\"Acquista polvere di anfetamina in vendita nel Regno Unito, in Europa pillole generiche e di marca a buon mercato a Sapporo, puoi ordinare polvere di anfetamina in vendita online utilizzando Bitcoin (BTC)\",\"breadcrumb\":{\"@id\":\"https:\\\/\\\/medicinasinc.com\\\/it\\\/product\\\/comprare-anfetamina-polvere\\\/#breadcrumb\"},\"inLanguage\":\"it-IT\",\"potentialAction\":[{\"@type\":\"ReadAction\",\"target\":[\"https:\\\/\\\/medicinasinc.com\\\/it\\\/product\\\/comprare-anfetamina-polvere\\\/\"]}]},{\"@type\":\"ImageObject\",\"inLanguage\":\"it-IT\",\"@id\":\"https:\\\/\\\/medicinasinc.com\\\/it\\\/product\\\/comprare-anfetamina-polvere\\\/#primaryimage\",\"url\":\"https:\\\/\\\/medicinasinc.com\\\/it\\\/wp-content\\\/uploads\\\/sites\\\/4\\\/2022\\\/02\\\/Buy-Amphetamine-Powder.png\",\"contentUrl\":\"https:\\\/\\\/medicinasinc.com\\\/it\\\/wp-content\\\/uploads\\\/sites\\\/4\\\/2022\\\/02\\\/Buy-Amphetamine-Powder.png\",\"width\":412,\"height\":550},{\"@type\":\"BreadcrumbList\",\"@id\":\"https:\\\/\\\/medicinasinc.com\\\/it\\\/product\\\/comprare-anfetamina-polvere\\\/#breadcrumb\",\"itemListElement\":[{\"@type\":\"ListItem\",\"position\":1,\"name\":\"Negozio\",\"item\":\"https:\\\/\\\/medicinasinc.com\\\/it\\\/negozio\\\/\"},{\"@type\":\"ListItem\",\"position\":2,\"name\":\"Acquista polvere di anfetamine\"}]},{\"@type\":\"WebSite\",\"@id\":\"https:\\\/\\\/medicinasinc.com\\\/it\\\/#website\",\"url\":\"https:\\\/\\\/medicinasinc.com\\\/it\\\/\",\"name\":\"Medicinas Inc\",\"description\":\"Health Medical Clinic\",\"potentialAction\":[{\"@type\":\"SearchAction\",\"target\":{\"@type\":\"EntryPoint\",\"urlTemplate\":\"https:\\\/\\\/medicinasinc.com\\\/it\\\/?s={search_term_string}\"},\"query-input\":{\"@type\":\"PropertyValueSpecification\",\"valueRequired\":true,\"valueName\":\"search_term_string\"}}],\"inLanguage\":\"it-IT\"}]}<\/script>\n<!-- \/ Yoast SEO plugin. -->","yoast_head_json":{"title":"Acquista polvere di anfetamina - I migliori farmaci globali","description":"Acquista polvere di anfetamina in vendita nel Regno Unito, in Europa pillole generiche e di marca a buon mercato a Sapporo, puoi ordinare polvere di anfetamina in vendita online utilizzando Bitcoin (BTC)","robots":{"index":"index","follow":"follow","max-snippet":"max-snippet:-1","max-image-preview":"max-image-preview:large","max-video-preview":"max-video-preview:-1"},"canonical":"https:\/\/medicinasinc.com\/it\/product\/comprare-anfetamina-polvere\/","og_locale":"it_IT","og_type":"article","og_title":"Acquista polvere di anfetamina - I migliori farmaci globali","og_description":"Acquista polvere di anfetamina in vendita nel Regno Unito, in Europa pillole generiche e di marca a buon mercato a Sapporo, puoi ordinare polvere di anfetamina in vendita online utilizzando Bitcoin (BTC)","og_url":"https:\/\/medicinasinc.com\/it\/product\/comprare-anfetamina-polvere\/","og_site_name":"Medicinas Inc","article_modified_time":"2022-03-17T00:01:41+00:00","og_image":[{"width":412,"height":550,"url":"https:\/\/medicinasinc.com\/it\/wp-content\/uploads\/sites\/4\/2022\/02\/Buy-Amphetamine-Powder.png","type":"image\/png"}],"twitter_card":"summary_large_image","twitter_misc":{"Tempo di lettura stimato":"4 minuti"},"schema":{"@context":"https:\/\/schema.org","@graph":[{"@type":"WebPage","@id":"https:\/\/medicinasinc.com\/it\/product\/comprare-anfetamina-polvere\/","url":"https:\/\/medicinasinc.com\/it\/product\/comprare-anfetamina-polvere\/","name":"Acquista polvere di anfetamina - I migliori farmaci globali","isPartOf":{"@id":"https:\/\/medicinasinc.com\/it\/#website"},"primaryImageOfPage":{"@id":"https:\/\/medicinasinc.com\/it\/product\/comprare-anfetamina-polvere\/#primaryimage"},"image":{"@id":"https:\/\/medicinasinc.com\/it\/product\/comprare-anfetamina-polvere\/#primaryimage"},"thumbnailUrl":"https:\/\/medicinasinc.com\/it\/wp-content\/uploads\/sites\/4\/2022\/02\/Buy-Amphetamine-Powder.png","datePublished":"2022-02-22T07:25:44+00:00","dateModified":"2022-03-17T00:01:41+00:00","description":"Acquista polvere di anfetamina in vendita nel Regno Unito, in Europa pillole generiche e di marca a buon mercato a Sapporo, puoi ordinare polvere di anfetamina in vendita online utilizzando Bitcoin (BTC)","breadcrumb":{"@id":"https:\/\/medicinasinc.com\/it\/product\/comprare-anfetamina-polvere\/#breadcrumb"},"inLanguage":"it-IT","potentialAction":[{"@type":"ReadAction","target":["https:\/\/medicinasinc.com\/it\/product\/comprare-anfetamina-polvere\/"]}]},{"@type":"ImageObject","inLanguage":"it-IT","@id":"https:\/\/medicinasinc.com\/it\/product\/comprare-anfetamina-polvere\/#primaryimage","url":"https:\/\/medicinasinc.com\/it\/wp-content\/uploads\/sites\/4\/2022\/02\/Buy-Amphetamine-Powder.png","contentUrl":"https:\/\/medicinasinc.com\/it\/wp-content\/uploads\/sites\/4\/2022\/02\/Buy-Amphetamine-Powder.png","width":412,"height":550},{"@type":"BreadcrumbList","@id":"https:\/\/medicinasinc.com\/it\/product\/comprare-anfetamina-polvere\/#breadcrumb","itemListElement":[{"@type":"ListItem","position":1,"name":"Negozio","item":"https:\/\/medicinasinc.com\/it\/negozio\/"},{"@type":"ListItem","position":2,"name":"Acquista polvere di anfetamine"}]},{"@type":"WebSite","@id":"https:\/\/medicinasinc.com\/it\/#website","url":"https:\/\/medicinasinc.com\/it\/","name":"Medicinas Inc","description":"Health Medical Clinic","potentialAction":[{"@type":"SearchAction","target":{"@type":"EntryPoint","urlTemplate":"https:\/\/medicinasinc.com\/it\/?s={search_term_string}"},"query-input":{"@type":"PropertyValueSpecification","valueRequired":true,"valueName":"search_term_string"}}],"inLanguage":"it-IT"}]}},"_links":{"self":[{"href":"https:\/\/medicinasinc.com\/it\/wp-json\/wp\/v2\/product\/5852","targetHints":{"allow":["GET"]}}],"collection":[{"href":"https:\/\/medicinasinc.com\/it\/wp-json\/wp\/v2\/product"}],"about":[{"href":"https:\/\/medicinasinc.com\/it\/wp-json\/wp\/v2\/types\/product"}],"replies":[{"embeddable":true,"href":"https:\/\/medicinasinc.com\/it\/wp-json\/wp\/v2\/comments?post=5852"}],"wp:featuredmedia":[{"embeddable":true,"href":"https:\/\/medicinasinc.com\/it\/wp-json\/wp\/v2\/media\/5862"}],"wp:attachment":[{"href":"https:\/\/medicinasinc.com\/it\/wp-json\/wp\/v2\/media?parent=5852"}],"wp:term":[{"taxonomy":"product_brand","embeddable":true,"href":"https:\/\/medicinasinc.com\/it\/wp-json\/wp\/v2\/product_brand?post=5852"},{"taxonomy":"product_cat","embeddable":true,"href":"https:\/\/medicinasinc.com\/it\/wp-json\/wp\/v2\/product_cat?post=5852"},{"taxonomy":"product_tag","embeddable":true,"href":"https:\/\/medicinasinc.com\/it\/wp-json\/wp\/v2\/product_tag?post=5852"}],"curies":[{"name":"wp","href":"https:\/\/api.w.org\/{rel}","templated":true}]}}