{"id":5846,"date":"2022-02-22T07:19:31","date_gmt":"2022-02-22T07:19:31","guid":{"rendered":"https:\/\/medicinasinc.com\/it\/?post_type=product&#038;p=5846"},"modified":"2022-03-17T00:01:52","modified_gmt":"2022-03-17T00:01:52","slug":"approvabitone","status":"publish","type":"product","link":"https:\/\/medicinasinc.com\/it\/product\/approvabitone\/","title":{"rendered":"approvare il barbitone"},"content":{"rendered":"<p>L&#8217;aprobarbitone pu\u00f2 essere acquistato online da una farmacia online di prim&#8217;ordine del nembutal<\/p>\n<p>La farmacia online del nembutal \u00e8 in attivit\u00e0 da molto tempo. Ora abbiamo una conoscenza approfondita dei punti di vista e delle aspettative dei clienti in tutto il mondo. Siamo qui per soddisfare tutti i tuoi requisiti di Aprobarbitone. Se stai cercando di acquistare Aprobarbitone online, la nostra farmacia \u00e8 il posto migliore per farlo. Offriamo questo medicinale terapeutico a un prezzo ragionevole. Puoi facilmente acquistarlo da noi e lo consegneremo entro il periodo di tempo specificato.<\/p>\n<p>Qual \u200b\u200b\u00e8 il ruolo dell&#8217;aprobarbitone nella tua salute?<\/p>\n<p>L&#8217;aprobarbitone pu\u00f2 aiutarti a dormire bene la notte . In poche parole, \u00e8 una cura ideale per gli insonni. \u00c8 noto per le sue straordinarie qualit\u00e0 sedative, ipnotiche e anticonvulsivanti.<\/p>\n<p>Perch\u00e9 dovresti acquistare aprobarbitone online da noi?<\/p>\n<p>Siamo un gruppo altamente specializzato di individui con una vasta esperienza nel campo dei farmaci e dei farmaci. Inoltre, stiamo espandendo l&#8217;accesso all&#8217;aprobarbitone e ad altri farmaci in tutto il mondo. Ora puoi acquistare Aprobarbitone online al prezzo pi\u00f9 conveniente comodamente da casa tua. Siamo solo a un clic del mouse. Invia il tuo ordine per acquistare Aprobarbitone online oggi e verr\u00e0 consegnato all&#8217;indirizzo specificato a breve.<\/p>\n","protected":false},"excerpt":{"rendered":"<p>Come acquistare aprobarbitone online da una farmacia di Nembutal?<\/p>\n<p>La farmacia online di Nembutal \u00e8 il luogo ideale per soddisfare tutte le tue esigenze e requisiti di aprobarbitone. Aggiungi semplicemente il tuo farmaco al carrello, procedi attraverso il processo di pagamento ed effettua l&#8217;ordine sul nostro sito web. Ora \u00e8 il momento di contattare la nostra farmacia e ricevere le migliori cure possibili per la tua salute. Acquista subito Aprobarbital!<\/p>\n","protected":false},"featured_media":5856,"comment_status":"open","ping_status":"closed","template":"","meta":[],"product_brand":[],"product_cat":[3818],"product_tag":[],"class_list":{"0":"post-5846","1":"product","2":"type-product","3":"status-publish","4":"has-post-thumbnail","6":"product_cat-pentobarbital-in-vendita","8":"first","9":"instock","10":"featured","11":"shipping-taxable","12":"purchasable","13":"product-type-variable"},"yoast_head":"<!-- This site is optimized with the Yoast SEO plugin v27.3 - https:\/\/yoast.com\/product\/yoast-seo-wordpress\/ -->\n<title>Acquista aprobarbitone - I migliori farmaci globali migliori<\/title>\n<meta name=\"robots\" content=\"index, follow, max-snippet:-1, max-image-preview:large, max-video-preview:-1\" \/>\n<link rel=\"canonical\" href=\"https:\/\/medicinasinc.com\/it\/product\/approvabitone\/\" \/>\n<meta property=\"og:locale\" content=\"it_IT\" \/>\n<meta property=\"og:type\" content=\"article\" \/>\n<meta property=\"og:title\" content=\"Acquista aprobarbitone - I migliori farmaci globali migliori\" \/>\n<meta property=\"og:description\" content=\"Come acquistare aprobarbitone online da una farmacia di Nembutal? La farmacia online di Nembutal \u00e8 il luogo ideale per soddisfare tutte le tue esigenze e requisiti di aprobarbitone. Aggiungi semplicemente il tuo farmaco al carrello, procedi attraverso il processo di pagamento ed effettua l&#039;ordine sul nostro sito web. Ora \u00e8 il momento di contattare la nostra farmacia e ricevere le migliori cure possibili per la tua salute. Acquista subito Aprobarbital!\" \/>\n<meta property=\"og:url\" content=\"https:\/\/medicinasinc.com\/it\/product\/approvabitone\/\" \/>\n<meta property=\"og:site_name\" content=\"Medicinas Inc\" \/>\n<meta property=\"article:modified_time\" content=\"2022-03-17T00:01:52+00:00\" \/>\n<meta property=\"og:image\" content=\"https:\/\/medicinasinc.com\/it\/wp-content\/uploads\/sites\/4\/2022\/02\/Aprobarbitone.jpg\" \/>\n\t<meta property=\"og:image:width\" content=\"600\" \/>\n\t<meta property=\"og:image:height\" content=\"600\" \/>\n\t<meta property=\"og:image:type\" content=\"image\/jpeg\" \/>\n<meta name=\"twitter:card\" content=\"summary_large_image\" \/>\n<meta name=\"twitter:label1\" content=\"Tempo di lettura stimato\" \/>\n\t<meta name=\"twitter:data1\" content=\"1 minuto\" \/>\n<script type=\"application\/ld+json\" class=\"yoast-schema-graph\">{\"@context\":\"https:\\\/\\\/schema.org\",\"@graph\":[{\"@type\":\"WebPage\",\"@id\":\"https:\\\/\\\/medicinasinc.com\\\/it\\\/product\\\/approvabitone\\\/\",\"url\":\"https:\\\/\\\/medicinasinc.com\\\/it\\\/product\\\/approvabitone\\\/\",\"name\":\"Acquista aprobarbitone - I migliori farmaci globali migliori\",\"isPartOf\":{\"@id\":\"https:\\\/\\\/medicinasinc.com\\\/it\\\/#website\"},\"primaryImageOfPage\":{\"@id\":\"https:\\\/\\\/medicinasinc.com\\\/it\\\/product\\\/approvabitone\\\/#primaryimage\"},\"image\":{\"@id\":\"https:\\\/\\\/medicinasinc.com\\\/it\\\/product\\\/approvabitone\\\/#primaryimage\"},\"thumbnailUrl\":\"https:\\\/\\\/medicinasinc.com\\\/it\\\/wp-content\\\/uploads\\\/sites\\\/4\\\/2022\\\/02\\\/Aprobarbitone.jpg\",\"datePublished\":\"2022-02-22T07:19:31+00:00\",\"dateModified\":\"2022-03-17T00:01:52+00:00\",\"breadcrumb\":{\"@id\":\"https:\\\/\\\/medicinasinc.com\\\/it\\\/product\\\/approvabitone\\\/#breadcrumb\"},\"inLanguage\":\"it-IT\",\"potentialAction\":[{\"@type\":\"ReadAction\",\"target\":[\"https:\\\/\\\/medicinasinc.com\\\/it\\\/product\\\/approvabitone\\\/\"]}]},{\"@type\":\"ImageObject\",\"inLanguage\":\"it-IT\",\"@id\":\"https:\\\/\\\/medicinasinc.com\\\/it\\\/product\\\/approvabitone\\\/#primaryimage\",\"url\":\"https:\\\/\\\/medicinasinc.com\\\/it\\\/wp-content\\\/uploads\\\/sites\\\/4\\\/2022\\\/02\\\/Aprobarbitone.jpg\",\"contentUrl\":\"https:\\\/\\\/medicinasinc.com\\\/it\\\/wp-content\\\/uploads\\\/sites\\\/4\\\/2022\\\/02\\\/Aprobarbitone.jpg\",\"width\":600,\"height\":600},{\"@type\":\"BreadcrumbList\",\"@id\":\"https:\\\/\\\/medicinasinc.com\\\/it\\\/product\\\/approvabitone\\\/#breadcrumb\",\"itemListElement\":[{\"@type\":\"ListItem\",\"position\":1,\"name\":\"Negozio\",\"item\":\"https:\\\/\\\/medicinasinc.com\\\/it\\\/negozio\\\/\"},{\"@type\":\"ListItem\",\"position\":2,\"name\":\"approvare il barbitone\"}]},{\"@type\":\"WebSite\",\"@id\":\"https:\\\/\\\/medicinasinc.com\\\/it\\\/#website\",\"url\":\"https:\\\/\\\/medicinasinc.com\\\/it\\\/\",\"name\":\"Medicinas Inc\",\"description\":\"Health Medical Clinic\",\"potentialAction\":[{\"@type\":\"SearchAction\",\"target\":{\"@type\":\"EntryPoint\",\"urlTemplate\":\"https:\\\/\\\/medicinasinc.com\\\/it\\\/?s={search_term_string}\"},\"query-input\":{\"@type\":\"PropertyValueSpecification\",\"valueRequired\":true,\"valueName\":\"search_term_string\"}}],\"inLanguage\":\"it-IT\"}]}<\/script>\n<!-- \/ Yoast SEO plugin. -->","yoast_head_json":{"title":"Acquista aprobarbitone - I migliori farmaci globali migliori","robots":{"index":"index","follow":"follow","max-snippet":"max-snippet:-1","max-image-preview":"max-image-preview:large","max-video-preview":"max-video-preview:-1"},"canonical":"https:\/\/medicinasinc.com\/it\/product\/approvabitone\/","og_locale":"it_IT","og_type":"article","og_title":"Acquista aprobarbitone - I migliori farmaci globali migliori","og_description":"Come acquistare aprobarbitone online da una farmacia di Nembutal? La farmacia online di Nembutal \u00e8 il luogo ideale per soddisfare tutte le tue esigenze e requisiti di aprobarbitone. Aggiungi semplicemente il tuo farmaco al carrello, procedi attraverso il processo di pagamento ed effettua l'ordine sul nostro sito web. Ora \u00e8 il momento di contattare la nostra farmacia e ricevere le migliori cure possibili per la tua salute. Acquista subito Aprobarbital!","og_url":"https:\/\/medicinasinc.com\/it\/product\/approvabitone\/","og_site_name":"Medicinas Inc","article_modified_time":"2022-03-17T00:01:52+00:00","og_image":[{"width":600,"height":600,"url":"https:\/\/medicinasinc.com\/it\/wp-content\/uploads\/sites\/4\/2022\/02\/Aprobarbitone.jpg","type":"image\/jpeg"}],"twitter_card":"summary_large_image","twitter_misc":{"Tempo di lettura stimato":"1 minuto"},"schema":{"@context":"https:\/\/schema.org","@graph":[{"@type":"WebPage","@id":"https:\/\/medicinasinc.com\/it\/product\/approvabitone\/","url":"https:\/\/medicinasinc.com\/it\/product\/approvabitone\/","name":"Acquista aprobarbitone - I migliori farmaci globali migliori","isPartOf":{"@id":"https:\/\/medicinasinc.com\/it\/#website"},"primaryImageOfPage":{"@id":"https:\/\/medicinasinc.com\/it\/product\/approvabitone\/#primaryimage"},"image":{"@id":"https:\/\/medicinasinc.com\/it\/product\/approvabitone\/#primaryimage"},"thumbnailUrl":"https:\/\/medicinasinc.com\/it\/wp-content\/uploads\/sites\/4\/2022\/02\/Aprobarbitone.jpg","datePublished":"2022-02-22T07:19:31+00:00","dateModified":"2022-03-17T00:01:52+00:00","breadcrumb":{"@id":"https:\/\/medicinasinc.com\/it\/product\/approvabitone\/#breadcrumb"},"inLanguage":"it-IT","potentialAction":[{"@type":"ReadAction","target":["https:\/\/medicinasinc.com\/it\/product\/approvabitone\/"]}]},{"@type":"ImageObject","inLanguage":"it-IT","@id":"https:\/\/medicinasinc.com\/it\/product\/approvabitone\/#primaryimage","url":"https:\/\/medicinasinc.com\/it\/wp-content\/uploads\/sites\/4\/2022\/02\/Aprobarbitone.jpg","contentUrl":"https:\/\/medicinasinc.com\/it\/wp-content\/uploads\/sites\/4\/2022\/02\/Aprobarbitone.jpg","width":600,"height":600},{"@type":"BreadcrumbList","@id":"https:\/\/medicinasinc.com\/it\/product\/approvabitone\/#breadcrumb","itemListElement":[{"@type":"ListItem","position":1,"name":"Negozio","item":"https:\/\/medicinasinc.com\/it\/negozio\/"},{"@type":"ListItem","position":2,"name":"approvare il barbitone"}]},{"@type":"WebSite","@id":"https:\/\/medicinasinc.com\/it\/#website","url":"https:\/\/medicinasinc.com\/it\/","name":"Medicinas Inc","description":"Health Medical Clinic","potentialAction":[{"@type":"SearchAction","target":{"@type":"EntryPoint","urlTemplate":"https:\/\/medicinasinc.com\/it\/?s={search_term_string}"},"query-input":{"@type":"PropertyValueSpecification","valueRequired":true,"valueName":"search_term_string"}}],"inLanguage":"it-IT"}]}},"_links":{"self":[{"href":"https:\/\/medicinasinc.com\/it\/wp-json\/wp\/v2\/product\/5846","targetHints":{"allow":["GET"]}}],"collection":[{"href":"https:\/\/medicinasinc.com\/it\/wp-json\/wp\/v2\/product"}],"about":[{"href":"https:\/\/medicinasinc.com\/it\/wp-json\/wp\/v2\/types\/product"}],"replies":[{"embeddable":true,"href":"https:\/\/medicinasinc.com\/it\/wp-json\/wp\/v2\/comments?post=5846"}],"wp:featuredmedia":[{"embeddable":true,"href":"https:\/\/medicinasinc.com\/it\/wp-json\/wp\/v2\/media\/5856"}],"wp:attachment":[{"href":"https:\/\/medicinasinc.com\/it\/wp-json\/wp\/v2\/media?parent=5846"}],"wp:term":[{"taxonomy":"product_brand","embeddable":true,"href":"https:\/\/medicinasinc.com\/it\/wp-json\/wp\/v2\/product_brand?post=5846"},{"taxonomy":"product_cat","embeddable":true,"href":"https:\/\/medicinasinc.com\/it\/wp-json\/wp\/v2\/product_cat?post=5846"},{"taxonomy":"product_tag","embeddable":true,"href":"https:\/\/medicinasinc.com\/it\/wp-json\/wp\/v2\/product_tag?post=5846"}],"curies":[{"name":"wp","href":"https:\/\/api.w.org\/{rel}","templated":true}]}}