{"id":5834,"date":"2022-02-22T07:05:31","date_gmt":"2022-02-22T07:05:31","guid":{"rendered":"https:\/\/medicinasinc.com\/it\/?post_type=product&#038;p=5834"},"modified":"2022-03-17T00:02:07","modified_gmt":"2022-03-17T00:02:07","slug":"compra-butababital-online","status":"publish","type":"product","link":"https:\/\/medicinasinc.com\/it\/product\/compra-butababital-online\/","title":{"rendered":"Acquista Butababital online"},"content":{"rendered":"<p>Acquista le compresse di Butababital Sodium 50 mg dalla migliore farmacia online.<\/p>\n<p>La farmacia online di Nembutal \u00e8 il posto migliore per acquistare le compresse di Butababital Sodium 50 mg ai costi pi\u00f9 bassi. Siamo stati nel settore farmaceutico per un lungo periodo di tempo. Puoi contare su di noi per fornire la migliore assistenza possibile per la tua salute. I membri del nostro team qualificato faranno tutto il possibile per superare le vostre aspettative. Acquista immediatamente!<\/p>\n<p>Come dovresti usare il sodio butabarbitale dopo averlo acquistato da noi?<\/p>\n<p>Il sodio butabarbitale \u00e8 un ottimo medicinale per il trattamento dell&#8217;insonnia negli esseri umani. In genere, \u00e8 un farmaco a breve termine. Questa sostanza pu\u00f2 essere utilizzata nell&#8217;industria medica come sedativo prima di qualsiasi intervento chirurgico.<\/p>\n<p>Per garantire una corretta somministrazione di Butababital Sodium, forniamo ai nostri clienti una guida manuale. Questa guida manuale contiene tutte le istruzioni del farmaco. Puoi leggerli facilmente uno per uno e usarli per i motivi per i quali erano destinati. Puoi avere piena fiducia nella nostra rinomata farmacia online. Consideriamo costantemente i migliori interessi dei nostri stimati consumatori. Ci preoccupiamo costantemente della salute dei nostri clienti e ispezioniamo tutti i prodotti prima della consegna.<\/p>\n<p>Puoi contattarci per ottenere il miglior prezzo per Butababital Sodium. I nostri esperti tradurranno il tuo ordine e provvederanno alla consegna immediata. I tuoi farmaci ti saranno inviati entro il lasso di tempo specificato dalla nostra farmacia online. Nembutal \u00e8 disponibile a un prezzo scontato in questo momento!<\/p>\n","protected":false},"excerpt":{"rendered":"<p>Come posso ottenere Butababital Sodium da una farmacia online di Nembutal?<\/p>\n<p>La farmacia online di Nembutal \u00e8 ora disponibile. Invia i dettagli dell&#8217;ordine e il pagamento per Butababital Sodium 50 mg compresse sul nostro sito Web ufficiale. Una volta che l&#8217;ordine \u00e8 stato effettuato, verr\u00e0 elaborato entro il periodo di tempo specificato. Effettua il tuo ordine oggi!<\/p>\n","protected":false},"featured_media":5844,"comment_status":"open","ping_status":"closed","template":"","meta":[],"product_brand":[],"product_cat":[3818],"product_tag":[],"class_list":{"0":"post-5834","1":"product","2":"type-product","3":"status-publish","4":"has-post-thumbnail","6":"product_cat-pentobarbital-in-vendita","8":"first","9":"instock","10":"shipping-taxable","11":"purchasable","12":"product-type-variable"},"yoast_head":"<!-- This site is optimized with the Yoast SEO plugin v27.3 - https:\/\/yoast.com\/product\/yoast-seo-wordpress\/ -->\n<title>Acquista Butababital online - I migliori farmaci globali migliori<\/title>\n<meta name=\"robots\" content=\"index, follow, max-snippet:-1, max-image-preview:large, max-video-preview:-1\" \/>\n<link rel=\"canonical\" href=\"https:\/\/medicinasinc.com\/it\/product\/compra-butababital-online\/\" \/>\n<meta property=\"og:locale\" content=\"it_IT\" \/>\n<meta property=\"og:type\" content=\"article\" \/>\n<meta property=\"og:title\" content=\"Acquista Butababital online - I migliori farmaci globali migliori\" \/>\n<meta property=\"og:description\" content=\"Come posso ottenere Butababital Sodium da una farmacia online di Nembutal? La farmacia online di Nembutal \u00e8 ora disponibile. Invia i dettagli dell&#039;ordine e il pagamento per Butababital Sodium 50 mg compresse sul nostro sito Web ufficiale. Una volta che l&#039;ordine \u00e8 stato effettuato, verr\u00e0 elaborato entro il periodo di tempo specificato. Effettua il tuo ordine oggi!\" \/>\n<meta property=\"og:url\" content=\"https:\/\/medicinasinc.com\/it\/product\/compra-butababital-online\/\" \/>\n<meta property=\"og:site_name\" content=\"Medicinas Inc\" \/>\n<meta property=\"article:modified_time\" content=\"2022-03-17T00:02:07+00:00\" \/>\n<meta property=\"og:image\" content=\"https:\/\/medicinasinc.com\/it\/wp-content\/uploads\/sites\/4\/2022\/02\/Buy-Butabarbital.jpg\" \/>\n\t<meta property=\"og:image:width\" content=\"600\" \/>\n\t<meta property=\"og:image:height\" content=\"600\" \/>\n\t<meta property=\"og:image:type\" content=\"image\/jpeg\" \/>\n<meta name=\"twitter:card\" content=\"summary_large_image\" \/>\n<meta name=\"twitter:label1\" content=\"Tempo di lettura stimato\" \/>\n\t<meta name=\"twitter:data1\" content=\"2 minuti\" \/>\n<script type=\"application\/ld+json\" class=\"yoast-schema-graph\">{\"@context\":\"https:\\\/\\\/schema.org\",\"@graph\":[{\"@type\":\"WebPage\",\"@id\":\"https:\\\/\\\/medicinasinc.com\\\/it\\\/product\\\/compra-butababital-online\\\/\",\"url\":\"https:\\\/\\\/medicinasinc.com\\\/it\\\/product\\\/compra-butababital-online\\\/\",\"name\":\"Acquista Butababital online - I migliori farmaci globali migliori\",\"isPartOf\":{\"@id\":\"https:\\\/\\\/medicinasinc.com\\\/it\\\/#website\"},\"primaryImageOfPage\":{\"@id\":\"https:\\\/\\\/medicinasinc.com\\\/it\\\/product\\\/compra-butababital-online\\\/#primaryimage\"},\"image\":{\"@id\":\"https:\\\/\\\/medicinasinc.com\\\/it\\\/product\\\/compra-butababital-online\\\/#primaryimage\"},\"thumbnailUrl\":\"https:\\\/\\\/medicinasinc.com\\\/it\\\/wp-content\\\/uploads\\\/sites\\\/4\\\/2022\\\/02\\\/Buy-Butabarbital.jpg\",\"datePublished\":\"2022-02-22T07:05:31+00:00\",\"dateModified\":\"2022-03-17T00:02:07+00:00\",\"breadcrumb\":{\"@id\":\"https:\\\/\\\/medicinasinc.com\\\/it\\\/product\\\/compra-butababital-online\\\/#breadcrumb\"},\"inLanguage\":\"it-IT\",\"potentialAction\":[{\"@type\":\"ReadAction\",\"target\":[\"https:\\\/\\\/medicinasinc.com\\\/it\\\/product\\\/compra-butababital-online\\\/\"]}]},{\"@type\":\"ImageObject\",\"inLanguage\":\"it-IT\",\"@id\":\"https:\\\/\\\/medicinasinc.com\\\/it\\\/product\\\/compra-butababital-online\\\/#primaryimage\",\"url\":\"https:\\\/\\\/medicinasinc.com\\\/it\\\/wp-content\\\/uploads\\\/sites\\\/4\\\/2022\\\/02\\\/Buy-Butabarbital.jpg\",\"contentUrl\":\"https:\\\/\\\/medicinasinc.com\\\/it\\\/wp-content\\\/uploads\\\/sites\\\/4\\\/2022\\\/02\\\/Buy-Butabarbital.jpg\",\"width\":600,\"height\":600},{\"@type\":\"BreadcrumbList\",\"@id\":\"https:\\\/\\\/medicinasinc.com\\\/it\\\/product\\\/compra-butababital-online\\\/#breadcrumb\",\"itemListElement\":[{\"@type\":\"ListItem\",\"position\":1,\"name\":\"Negozio\",\"item\":\"https:\\\/\\\/medicinasinc.com\\\/it\\\/negozio\\\/\"},{\"@type\":\"ListItem\",\"position\":2,\"name\":\"Acquista Butababital online\"}]},{\"@type\":\"WebSite\",\"@id\":\"https:\\\/\\\/medicinasinc.com\\\/it\\\/#website\",\"url\":\"https:\\\/\\\/medicinasinc.com\\\/it\\\/\",\"name\":\"Medicinas Inc\",\"description\":\"Health Medical Clinic\",\"potentialAction\":[{\"@type\":\"SearchAction\",\"target\":{\"@type\":\"EntryPoint\",\"urlTemplate\":\"https:\\\/\\\/medicinasinc.com\\\/it\\\/?s={search_term_string}\"},\"query-input\":{\"@type\":\"PropertyValueSpecification\",\"valueRequired\":true,\"valueName\":\"search_term_string\"}}],\"inLanguage\":\"it-IT\"}]}<\/script>\n<!-- \/ Yoast SEO plugin. -->","yoast_head_json":{"title":"Acquista Butababital online - I migliori farmaci globali migliori","robots":{"index":"index","follow":"follow","max-snippet":"max-snippet:-1","max-image-preview":"max-image-preview:large","max-video-preview":"max-video-preview:-1"},"canonical":"https:\/\/medicinasinc.com\/it\/product\/compra-butababital-online\/","og_locale":"it_IT","og_type":"article","og_title":"Acquista Butababital online - I migliori farmaci globali migliori","og_description":"Come posso ottenere Butababital Sodium da una farmacia online di Nembutal? La farmacia online di Nembutal \u00e8 ora disponibile. Invia i dettagli dell'ordine e il pagamento per Butababital Sodium 50 mg compresse sul nostro sito Web ufficiale. Una volta che l'ordine \u00e8 stato effettuato, verr\u00e0 elaborato entro il periodo di tempo specificato. Effettua il tuo ordine oggi!","og_url":"https:\/\/medicinasinc.com\/it\/product\/compra-butababital-online\/","og_site_name":"Medicinas Inc","article_modified_time":"2022-03-17T00:02:07+00:00","og_image":[{"width":600,"height":600,"url":"https:\/\/medicinasinc.com\/it\/wp-content\/uploads\/sites\/4\/2022\/02\/Buy-Butabarbital.jpg","type":"image\/jpeg"}],"twitter_card":"summary_large_image","twitter_misc":{"Tempo di lettura stimato":"2 minuti"},"schema":{"@context":"https:\/\/schema.org","@graph":[{"@type":"WebPage","@id":"https:\/\/medicinasinc.com\/it\/product\/compra-butababital-online\/","url":"https:\/\/medicinasinc.com\/it\/product\/compra-butababital-online\/","name":"Acquista Butababital online - I migliori farmaci globali migliori","isPartOf":{"@id":"https:\/\/medicinasinc.com\/it\/#website"},"primaryImageOfPage":{"@id":"https:\/\/medicinasinc.com\/it\/product\/compra-butababital-online\/#primaryimage"},"image":{"@id":"https:\/\/medicinasinc.com\/it\/product\/compra-butababital-online\/#primaryimage"},"thumbnailUrl":"https:\/\/medicinasinc.com\/it\/wp-content\/uploads\/sites\/4\/2022\/02\/Buy-Butabarbital.jpg","datePublished":"2022-02-22T07:05:31+00:00","dateModified":"2022-03-17T00:02:07+00:00","breadcrumb":{"@id":"https:\/\/medicinasinc.com\/it\/product\/compra-butababital-online\/#breadcrumb"},"inLanguage":"it-IT","potentialAction":[{"@type":"ReadAction","target":["https:\/\/medicinasinc.com\/it\/product\/compra-butababital-online\/"]}]},{"@type":"ImageObject","inLanguage":"it-IT","@id":"https:\/\/medicinasinc.com\/it\/product\/compra-butababital-online\/#primaryimage","url":"https:\/\/medicinasinc.com\/it\/wp-content\/uploads\/sites\/4\/2022\/02\/Buy-Butabarbital.jpg","contentUrl":"https:\/\/medicinasinc.com\/it\/wp-content\/uploads\/sites\/4\/2022\/02\/Buy-Butabarbital.jpg","width":600,"height":600},{"@type":"BreadcrumbList","@id":"https:\/\/medicinasinc.com\/it\/product\/compra-butababital-online\/#breadcrumb","itemListElement":[{"@type":"ListItem","position":1,"name":"Negozio","item":"https:\/\/medicinasinc.com\/it\/negozio\/"},{"@type":"ListItem","position":2,"name":"Acquista Butababital online"}]},{"@type":"WebSite","@id":"https:\/\/medicinasinc.com\/it\/#website","url":"https:\/\/medicinasinc.com\/it\/","name":"Medicinas Inc","description":"Health Medical Clinic","potentialAction":[{"@type":"SearchAction","target":{"@type":"EntryPoint","urlTemplate":"https:\/\/medicinasinc.com\/it\/?s={search_term_string}"},"query-input":{"@type":"PropertyValueSpecification","valueRequired":true,"valueName":"search_term_string"}}],"inLanguage":"it-IT"}]}},"_links":{"self":[{"href":"https:\/\/medicinasinc.com\/it\/wp-json\/wp\/v2\/product\/5834","targetHints":{"allow":["GET"]}}],"collection":[{"href":"https:\/\/medicinasinc.com\/it\/wp-json\/wp\/v2\/product"}],"about":[{"href":"https:\/\/medicinasinc.com\/it\/wp-json\/wp\/v2\/types\/product"}],"replies":[{"embeddable":true,"href":"https:\/\/medicinasinc.com\/it\/wp-json\/wp\/v2\/comments?post=5834"}],"wp:featuredmedia":[{"embeddable":true,"href":"https:\/\/medicinasinc.com\/it\/wp-json\/wp\/v2\/media\/5844"}],"wp:attachment":[{"href":"https:\/\/medicinasinc.com\/it\/wp-json\/wp\/v2\/media?parent=5834"}],"wp:term":[{"taxonomy":"product_brand","embeddable":true,"href":"https:\/\/medicinasinc.com\/it\/wp-json\/wp\/v2\/product_brand?post=5834"},{"taxonomy":"product_cat","embeddable":true,"href":"https:\/\/medicinasinc.com\/it\/wp-json\/wp\/v2\/product_cat?post=5834"},{"taxonomy":"product_tag","embeddable":true,"href":"https:\/\/medicinasinc.com\/it\/wp-json\/wp\/v2\/product_tag?post=5834"}],"curies":[{"name":"wp","href":"https:\/\/api.w.org\/{rel}","templated":true}]}}