{"id":5828,"date":"2022-02-22T06:59:00","date_gmt":"2022-02-22T06:59:00","guid":{"rendered":"https:\/\/medicinasinc.com\/it\/?post_type=product&#038;p=5828"},"modified":"2022-03-17T00:02:15","modified_gmt":"2022-03-17T00:02:15","slug":"compra-butalbital-online","status":"publish","type":"product","link":"https:\/\/medicinasinc.com\/it\/product\/compra-butalbital-online\/","title":{"rendered":"Acquista Butalbital online"},"content":{"rendered":"<div class=\"mkdf-single-product-content\">\n<div class=\"mkdf-single-product-summary\">\n<div class=\"summary entry-summary\">\n<div class=\"woocommerce-tabs wc-tabs -wrapper\">\n<div id=\"tab-description\" class=\"woocommerce-Tabs-panel woocommerce-Tabs-panel--description panel entry-content wc-tab\" role=\"tabpanel\" aria-labelledby=\"tab-title -description\">\n<div id=\"ftwp-postcontent\">\n<p>Senza prescrizione medica, acquista Nembutal Butalbital dalla migliore farmacia online<\/p>\n<p>La farmacia online Nembutal \u00e8 una rispettabile farmacia online nota per la sua professionalit\u00e0 e farmaci di alta qualit\u00e0. Puoi facilmente ottenere Nembutal Butalbital online senza una prescrizione da questo sito. Ci impegniamo a fornire un prodotto di alta qualit\u00e0 ai clienti di tutto il mondo. Ci occupiamo dei bisogni e delle necessit\u00e0 di ogni cliente e li soddisfiamo sempre nei tempi previsti.<\/p>\n<p>Puoi contattarci rapidamente tramite la piattaforma Internet e acquisire i farmaci desiderati in un breve periodo di tempo. Oggi puoi ordinare Butalbital online!<\/p>\n<p>Quali sono i vantaggi del Nembutal Butalbital?<\/p>\n<p>Il Butalbital \u00e8 un farmaco da prescrizione utilizzato per un breve periodo di tempo. Questo farmaco pu\u00f2 essere utilizzato in combinazione con altri farmaci come il paracetamolo (paracetamolo) o l&#8217;aspirina per alleviare il dolore e il mal di testa. Inoltre, \u00e8 stato approvato per il trattamento del mal di testa da tensione.<\/p>\n<p>Per acquistare Butalbital online al miglior prezzo, inizia aggiungendolo al carrello. Dopo aver completato l&#8217;aggiunta, puoi procedere con il completamento del pagamento. Abbiamo incluso una variet\u00e0 di gateway di pagamento. Puoi selezionare quello pi\u00f9 appropriato e completare la procedura di pagamento per il tuo ordine.<\/p>\n<p>Dove posso acquistare Nembutal Butalbital online al miglior prezzo?<\/p>\n<p>Se ti \u00e8 stato prescritto Butalbital, \u00e8 \u00e8 ora di acquistare Butalbital online dalla nostra farmacia Nembutal.<\/p>\n<p>Connettersi con la nostra farmacia online non \u00e8 mai stato cos\u00ec facile. Il nostro sito Web \u00e8 estremamente semplice e intuitivo, il che aiuta i nostri consumatori a sentirsi a proprio agio mentre ordinano i loro prodotti.<\/p>\n<\/p><\/div><\/div><\/div><\/div><\/div><\/div>\n","protected":false},"excerpt":{"rendered":"<p>La nostra farmacia online ricever\u00e0 il tuo ordine immediatamente dopo l&#8217;inserimento. Daremo la priorit\u00e0 e lo completeremo il pi\u00f9 rapidamente possibile. In genere impieghiamo 5 giorni per la consegna della merce, che copre solo i giorni lavorativi. Entro una settimana riceverai Nembutal Butalbital nelle migliori condizioni possibili. Fai subito il tuo acquisto!<\/p>\n","protected":false},"featured_media":5838,"comment_status":"open","ping_status":"closed","template":"","meta":[],"product_brand":[],"product_cat":[3818],"product_tag":[3928,3977,3972,3973,3974,3984,3840,3982,3981,3983,1051,3975,3976,4004,3987,3988,4006,4005,3998,3978,3979,3986,3934,3985,3847,3989,3990,3992,3993,3936,3995,3996,3999,3845,3991,4002,4001,3994,3865,3997,3980,4003,4000],"class_list":{"0":"post-5828","1":"product","2":"type-product","3":"status-publish","4":"has-post-thumbnail","6":"product_cat-pentobarbital-in-vendita","7":"product_tag-compra-nembutal-online","8":"product_tag-acquisto-nembutal-online","9":"product_tag-and-amytal","10":"product_tag-are","11":"product_tag-buy-nembutal-canada","12":"product_tag-capsule-di-nembutal","13":"product_tag-come-acquisire-nembutal","14":"product_tag-come-fare-nembutal","15":"product_tag-come-ottenere-nembutal","16":"product_tag-come-prendere-nembutal-per-morire","17":"product_tag-buy-nembutal","18":"product_tag-compra-nembutal-messico","19":"product_tag-acquisto-nembutal","20":"product_tag-cos-nembutal","21":"product_tag-nembutal-definizione","22":"product_tag-nembutal-letale-dose","23":"product_tag-dove-acquistare-nembutal-in-messico","24":"product_tag-dove-posso-comprare-nembutal","25":"product_tag-effetti-collaterali-del-nembutal","26":"product_tag-farmaci-prescritti-per-ridurre-linsonnia","27":"product_tag-how-much-does-nembutal-cost","28":"product_tag-nembutal-morte","29":"product_tag-nembutal-buy-online","30":"product_tag-nembutal-cina","31":"product_tag-nembutal-in-vendita","32":"product_tag-nembutal-messico","33":"product_tag-nembutal-messico-2018","34":"product_tag-nembutal-over-the-counter","35":"product_tag-nembutal-pentobarbital","36":"product_tag-nembutal-powder","37":"product_tag-nembutal-price","38":"product_tag-nembutal-reddit","39":"product_tag-nembutal-sodio","40":"product_tag-nembutale","41":"product_tag-nembutal-in-linea","42":"product_tag-order-nembutal-online","43":"product_tag-ottenendo-nembutal","44":"product_tag-nembutal-pillola","45":"product_tag-nembutal-pillole-in-vendita","46":"product_tag-programma-nembutale","47":"product_tag-quanto-nembutal--fatale","48":"product_tag-seconale","49":"product_tag-nembutal-supposta","51":"first","52":"instock","53":"shipping-taxable","54":"purchasable","55":"product-type-variable"},"yoast_head":"<!-- This site is optimized with the Yoast SEO plugin v27.3 - https:\/\/yoast.com\/product\/yoast-seo-wordpress\/ -->\n<title>Acquista Butalbital online - I migliori farmaci globali migliori<\/title>\n<meta name=\"robots\" content=\"index, follow, max-snippet:-1, max-image-preview:large, max-video-preview:-1\" \/>\n<link rel=\"canonical\" href=\"https:\/\/medicinasinc.com\/it\/product\/compra-butalbital-online\/\" \/>\n<meta property=\"og:locale\" content=\"it_IT\" \/>\n<meta property=\"og:type\" content=\"article\" \/>\n<meta property=\"og:title\" content=\"Acquista Butalbital online - I migliori farmaci globali migliori\" \/>\n<meta property=\"og:description\" content=\"La nostra farmacia online ricever\u00e0 il tuo ordine immediatamente dopo l&#039;inserimento. Daremo la priorit\u00e0 e lo completeremo il pi\u00f9 rapidamente possibile. In genere impieghiamo 5 giorni per la consegna della merce, che copre solo i giorni lavorativi. Entro una settimana riceverai Nembutal Butalbital nelle migliori condizioni possibili. Fai subito il tuo acquisto!\" \/>\n<meta property=\"og:url\" content=\"https:\/\/medicinasinc.com\/it\/product\/compra-butalbital-online\/\" \/>\n<meta property=\"og:site_name\" content=\"Medicinas Inc\" \/>\n<meta property=\"article:modified_time\" content=\"2022-03-17T00:02:15+00:00\" \/>\n<meta property=\"og:image\" content=\"https:\/\/medicinasinc.com\/it\/wp-content\/uploads\/sites\/4\/2022\/02\/Buy-Butalbital-Online.jpg\" \/>\n\t<meta property=\"og:image:width\" content=\"600\" \/>\n\t<meta property=\"og:image:height\" content=\"600\" \/>\n\t<meta property=\"og:image:type\" content=\"image\/jpeg\" \/>\n<meta name=\"twitter:card\" content=\"summary_large_image\" \/>\n<meta name=\"twitter:label1\" content=\"Tempo di lettura stimato\" \/>\n\t<meta name=\"twitter:data1\" content=\"2 minuti\" \/>\n<script type=\"application\/ld+json\" class=\"yoast-schema-graph\">{\"@context\":\"https:\\\/\\\/schema.org\",\"@graph\":[{\"@type\":\"WebPage\",\"@id\":\"https:\\\/\\\/medicinasinc.com\\\/it\\\/product\\\/compra-butalbital-online\\\/\",\"url\":\"https:\\\/\\\/medicinasinc.com\\\/it\\\/product\\\/compra-butalbital-online\\\/\",\"name\":\"Acquista Butalbital online - I migliori farmaci globali migliori\",\"isPartOf\":{\"@id\":\"https:\\\/\\\/medicinasinc.com\\\/it\\\/#website\"},\"primaryImageOfPage\":{\"@id\":\"https:\\\/\\\/medicinasinc.com\\\/it\\\/product\\\/compra-butalbital-online\\\/#primaryimage\"},\"image\":{\"@id\":\"https:\\\/\\\/medicinasinc.com\\\/it\\\/product\\\/compra-butalbital-online\\\/#primaryimage\"},\"thumbnailUrl\":\"https:\\\/\\\/medicinasinc.com\\\/it\\\/wp-content\\\/uploads\\\/sites\\\/4\\\/2022\\\/02\\\/Buy-Butalbital-Online.jpg\",\"datePublished\":\"2022-02-22T06:59:00+00:00\",\"dateModified\":\"2022-03-17T00:02:15+00:00\",\"breadcrumb\":{\"@id\":\"https:\\\/\\\/medicinasinc.com\\\/it\\\/product\\\/compra-butalbital-online\\\/#breadcrumb\"},\"inLanguage\":\"it-IT\",\"potentialAction\":[{\"@type\":\"ReadAction\",\"target\":[\"https:\\\/\\\/medicinasinc.com\\\/it\\\/product\\\/compra-butalbital-online\\\/\"]}]},{\"@type\":\"ImageObject\",\"inLanguage\":\"it-IT\",\"@id\":\"https:\\\/\\\/medicinasinc.com\\\/it\\\/product\\\/compra-butalbital-online\\\/#primaryimage\",\"url\":\"https:\\\/\\\/medicinasinc.com\\\/it\\\/wp-content\\\/uploads\\\/sites\\\/4\\\/2022\\\/02\\\/Buy-Butalbital-Online.jpg\",\"contentUrl\":\"https:\\\/\\\/medicinasinc.com\\\/it\\\/wp-content\\\/uploads\\\/sites\\\/4\\\/2022\\\/02\\\/Buy-Butalbital-Online.jpg\",\"width\":600,\"height\":600},{\"@type\":\"BreadcrumbList\",\"@id\":\"https:\\\/\\\/medicinasinc.com\\\/it\\\/product\\\/compra-butalbital-online\\\/#breadcrumb\",\"itemListElement\":[{\"@type\":\"ListItem\",\"position\":1,\"name\":\"Negozio\",\"item\":\"https:\\\/\\\/medicinasinc.com\\\/it\\\/negozio\\\/\"},{\"@type\":\"ListItem\",\"position\":2,\"name\":\"Acquista Butalbital online\"}]},{\"@type\":\"WebSite\",\"@id\":\"https:\\\/\\\/medicinasinc.com\\\/it\\\/#website\",\"url\":\"https:\\\/\\\/medicinasinc.com\\\/it\\\/\",\"name\":\"Medicinas Inc\",\"description\":\"Health Medical Clinic\",\"potentialAction\":[{\"@type\":\"SearchAction\",\"target\":{\"@type\":\"EntryPoint\",\"urlTemplate\":\"https:\\\/\\\/medicinasinc.com\\\/it\\\/?s={search_term_string}\"},\"query-input\":{\"@type\":\"PropertyValueSpecification\",\"valueRequired\":true,\"valueName\":\"search_term_string\"}}],\"inLanguage\":\"it-IT\"}]}<\/script>\n<!-- \/ Yoast SEO plugin. -->","yoast_head_json":{"title":"Acquista Butalbital online - I migliori farmaci globali migliori","robots":{"index":"index","follow":"follow","max-snippet":"max-snippet:-1","max-image-preview":"max-image-preview:large","max-video-preview":"max-video-preview:-1"},"canonical":"https:\/\/medicinasinc.com\/it\/product\/compra-butalbital-online\/","og_locale":"it_IT","og_type":"article","og_title":"Acquista Butalbital online - I migliori farmaci globali migliori","og_description":"La nostra farmacia online ricever\u00e0 il tuo ordine immediatamente dopo l'inserimento. Daremo la priorit\u00e0 e lo completeremo il pi\u00f9 rapidamente possibile. In genere impieghiamo 5 giorni per la consegna della merce, che copre solo i giorni lavorativi. Entro una settimana riceverai Nembutal Butalbital nelle migliori condizioni possibili. Fai subito il tuo acquisto!","og_url":"https:\/\/medicinasinc.com\/it\/product\/compra-butalbital-online\/","og_site_name":"Medicinas Inc","article_modified_time":"2022-03-17T00:02:15+00:00","og_image":[{"width":600,"height":600,"url":"https:\/\/medicinasinc.com\/it\/wp-content\/uploads\/sites\/4\/2022\/02\/Buy-Butalbital-Online.jpg","type":"image\/jpeg"}],"twitter_card":"summary_large_image","twitter_misc":{"Tempo di lettura stimato":"2 minuti"},"schema":{"@context":"https:\/\/schema.org","@graph":[{"@type":"WebPage","@id":"https:\/\/medicinasinc.com\/it\/product\/compra-butalbital-online\/","url":"https:\/\/medicinasinc.com\/it\/product\/compra-butalbital-online\/","name":"Acquista Butalbital online - I migliori farmaci globali migliori","isPartOf":{"@id":"https:\/\/medicinasinc.com\/it\/#website"},"primaryImageOfPage":{"@id":"https:\/\/medicinasinc.com\/it\/product\/compra-butalbital-online\/#primaryimage"},"image":{"@id":"https:\/\/medicinasinc.com\/it\/product\/compra-butalbital-online\/#primaryimage"},"thumbnailUrl":"https:\/\/medicinasinc.com\/it\/wp-content\/uploads\/sites\/4\/2022\/02\/Buy-Butalbital-Online.jpg","datePublished":"2022-02-22T06:59:00+00:00","dateModified":"2022-03-17T00:02:15+00:00","breadcrumb":{"@id":"https:\/\/medicinasinc.com\/it\/product\/compra-butalbital-online\/#breadcrumb"},"inLanguage":"it-IT","potentialAction":[{"@type":"ReadAction","target":["https:\/\/medicinasinc.com\/it\/product\/compra-butalbital-online\/"]}]},{"@type":"ImageObject","inLanguage":"it-IT","@id":"https:\/\/medicinasinc.com\/it\/product\/compra-butalbital-online\/#primaryimage","url":"https:\/\/medicinasinc.com\/it\/wp-content\/uploads\/sites\/4\/2022\/02\/Buy-Butalbital-Online.jpg","contentUrl":"https:\/\/medicinasinc.com\/it\/wp-content\/uploads\/sites\/4\/2022\/02\/Buy-Butalbital-Online.jpg","width":600,"height":600},{"@type":"BreadcrumbList","@id":"https:\/\/medicinasinc.com\/it\/product\/compra-butalbital-online\/#breadcrumb","itemListElement":[{"@type":"ListItem","position":1,"name":"Negozio","item":"https:\/\/medicinasinc.com\/it\/negozio\/"},{"@type":"ListItem","position":2,"name":"Acquista Butalbital online"}]},{"@type":"WebSite","@id":"https:\/\/medicinasinc.com\/it\/#website","url":"https:\/\/medicinasinc.com\/it\/","name":"Medicinas Inc","description":"Health Medical Clinic","potentialAction":[{"@type":"SearchAction","target":{"@type":"EntryPoint","urlTemplate":"https:\/\/medicinasinc.com\/it\/?s={search_term_string}"},"query-input":{"@type":"PropertyValueSpecification","valueRequired":true,"valueName":"search_term_string"}}],"inLanguage":"it-IT"}]}},"_links":{"self":[{"href":"https:\/\/medicinasinc.com\/it\/wp-json\/wp\/v2\/product\/5828","targetHints":{"allow":["GET"]}}],"collection":[{"href":"https:\/\/medicinasinc.com\/it\/wp-json\/wp\/v2\/product"}],"about":[{"href":"https:\/\/medicinasinc.com\/it\/wp-json\/wp\/v2\/types\/product"}],"replies":[{"embeddable":true,"href":"https:\/\/medicinasinc.com\/it\/wp-json\/wp\/v2\/comments?post=5828"}],"wp:featuredmedia":[{"embeddable":true,"href":"https:\/\/medicinasinc.com\/it\/wp-json\/wp\/v2\/media\/5838"}],"wp:attachment":[{"href":"https:\/\/medicinasinc.com\/it\/wp-json\/wp\/v2\/media?parent=5828"}],"wp:term":[{"taxonomy":"product_brand","embeddable":true,"href":"https:\/\/medicinasinc.com\/it\/wp-json\/wp\/v2\/product_brand?post=5828"},{"taxonomy":"product_cat","embeddable":true,"href":"https:\/\/medicinasinc.com\/it\/wp-json\/wp\/v2\/product_cat?post=5828"},{"taxonomy":"product_tag","embeddable":true,"href":"https:\/\/medicinasinc.com\/it\/wp-json\/wp\/v2\/product_tag?post=5828"}],"curies":[{"name":"wp","href":"https:\/\/api.w.org\/{rel}","templated":true}]}}