{"id":5822,"date":"2022-02-22T06:52:56","date_gmt":"2022-02-22T06:52:56","guid":{"rendered":"https:\/\/medicinasinc.com\/it\/?post_type=product&#038;p=5822"},"modified":"2022-08-03T06:02:30","modified_gmt":"2022-08-03T06:02:30","slug":"comprare-nembutal-pentobarbital","status":"publish","type":"product","link":"https:\/\/medicinasinc.com\/it\/product\/comprare-nembutal-pentobarbital\/","title":{"rendered":"Acquista Nembutal Pentobarbital"},"content":{"rendered":"<p>Acquisto online di Nembutal Pentobarbital da The Best Global Meds<\/p>\n<p>La farmacia online Nembutal \u00e8 l&#8217;unica fonte affidabile per l&#8217;acquisto di Nembutal Pentobarbital online ai costi pi\u00f9 bassi possibili.<\/p>\n<p>Non appena avremo ricevere i dati del tuo ordine, inizieremo il processo di preparazione, seguito dalla consegna. I membri del nostro team imballeranno in modo sicuro i tuoi farmaci e te li consegneranno rapidamente. Non puoi aspettarti niente di meno che il meglio da noi in termini di qualit\u00e0 e tempestivit\u00e0 del Nembutal Pentobarbital.<\/p>\n<p>Cosa dovresti acquistare quando acquisti Nembutal Pentobarbital? Qual \u00e8 il luogo appropriato per acquistarlo?<\/p>\n<p>Nembutal Pentobarbital \u00e8 un farmaco efficace per le crisi epilettiche che viene generalmente utilizzato insieme ad altri farmaci da prescrizione. Se hai un disturbo convulsivo, questo medicinale \u00e8 perfetto per te. Puoi affrontare la tua giornata con piena vitalit\u00e0, indifferente all&#8217;episodio convulsivo. Ha un effetto su numerose aree del cervello, determinando uno stato di serenit\u00e0 nel corpo.<\/p>\n<p>Nembutal Pentobarbital Online Pharmacy \u00e8 il miglior sito per acquistare Nembutal Pentobarbital online al prezzo pi\u00f9 basso. Questo farmaco \u00e8 venduto qui nelle migliori condizioni possibili e con la massima cura. Tutti i nostri farmaci sono testati in laboratorio e sottoposti a una batteria di test. Abbiamo collaborato con i principali produttori farmaceutici del mondo. Se ricevi dei farmaci da noi, non devi preoccuparti di nulla. Riceverai senza dubbio la massima cura possibile per la tua salute!<\/p>\n","protected":false},"excerpt":{"rendered":"<p>Quali forme di dosaggio del fenobarbital Nembutal hai bisogno?<\/p>\n<p>Chiunque nel mondo pu\u00f2 acquistare Nembutal online da una farmacia online. In qualsiasi momento, da qualsiasi luogo, mettiti in contatto con noi. Qualsiasi domanda o dubbio che i nostri clienti hanno sar\u00e0 prontamente affrontato da uno dei nostri rappresentanti del servizio clienti. La qualit\u00e0 dei tuoi farmaci o lo stato della tua consegna non sono mai un problema quando lavori con noi. Nembutal Fenobarbital in vendita pu\u00f2 essere acquistato tramite telefono, e-mail o messaggio di testo. Ora \u00e8 il momento di connetterti!<\/p>\n","protected":false},"featured_media":5832,"comment_status":"open","ping_status":"closed","template":"","meta":[],"product_brand":[],"product_cat":[3818],"product_tag":[],"class_list":{"0":"post-5822","1":"product","2":"type-product","3":"status-publish","4":"has-post-thumbnail","6":"product_cat-pentobarbital-in-vendita","8":"first","9":"instock","10":"shipping-taxable","11":"purchasable","12":"product-type-variable"},"yoast_head":"<!-- This site is optimized with the Yoast SEO plugin v27.3 - https:\/\/yoast.com\/product\/yoast-seo-wordpress\/ -->\n<title>Acquista Nembutal Pentobarbital - I migliori farmaci globali<\/title>\n<meta name=\"robots\" content=\"index, follow, max-snippet:-1, max-image-preview:large, max-video-preview:-1\" \/>\n<link rel=\"canonical\" href=\"https:\/\/medicinasinc.com\/it\/product\/comprare-nembutal-pentobarbital\/\" \/>\n<meta property=\"og:locale\" content=\"it_IT\" \/>\n<meta property=\"og:type\" content=\"article\" \/>\n<meta property=\"og:title\" content=\"Acquista Nembutal Pentobarbital - I migliori farmaci globali\" \/>\n<meta property=\"og:description\" content=\"Quali forme di dosaggio del fenobarbital Nembutal hai bisogno? Chiunque nel mondo pu\u00f2 acquistare Nembutal online da una farmacia online. In qualsiasi momento, da qualsiasi luogo, mettiti in contatto con noi. Qualsiasi domanda o dubbio che i nostri clienti hanno sar\u00e0 prontamente affrontato da uno dei nostri rappresentanti del servizio clienti. La qualit\u00e0 dei tuoi farmaci o lo stato della tua consegna non sono mai un problema quando lavori con noi. Nembutal Fenobarbital in vendita pu\u00f2 essere acquistato tramite telefono, e-mail o messaggio di testo. Ora \u00e8 il momento di connetterti!\" \/>\n<meta property=\"og:url\" content=\"https:\/\/medicinasinc.com\/it\/product\/comprare-nembutal-pentobarbital\/\" \/>\n<meta property=\"og:site_name\" content=\"Medicinas Inc\" \/>\n<meta property=\"article:modified_time\" content=\"2022-08-03T06:02:30+00:00\" \/>\n<meta property=\"og:image\" content=\"https:\/\/medicinasinc.com\/it\/wp-content\/uploads\/sites\/4\/2022\/02\/buy-Nembutal-Pentobarbital-1.jpg\" \/>\n\t<meta property=\"og:image:width\" content=\"600\" \/>\n\t<meta property=\"og:image:height\" content=\"600\" \/>\n\t<meta property=\"og:image:type\" content=\"image\/jpeg\" \/>\n<meta name=\"twitter:card\" content=\"summary_large_image\" \/>\n<meta name=\"twitter:label1\" content=\"Tempo di lettura stimato\" \/>\n\t<meta name=\"twitter:data1\" content=\"2 minuti\" \/>\n<script type=\"application\/ld+json\" class=\"yoast-schema-graph\">{\"@context\":\"https:\\\/\\\/schema.org\",\"@graph\":[{\"@type\":\"WebPage\",\"@id\":\"https:\\\/\\\/medicinasinc.com\\\/it\\\/product\\\/comprare-nembutal-pentobarbital\\\/\",\"url\":\"https:\\\/\\\/medicinasinc.com\\\/it\\\/product\\\/comprare-nembutal-pentobarbital\\\/\",\"name\":\"Acquista Nembutal Pentobarbital - I migliori farmaci globali\",\"isPartOf\":{\"@id\":\"https:\\\/\\\/medicinasinc.com\\\/it\\\/#website\"},\"primaryImageOfPage\":{\"@id\":\"https:\\\/\\\/medicinasinc.com\\\/it\\\/product\\\/comprare-nembutal-pentobarbital\\\/#primaryimage\"},\"image\":{\"@id\":\"https:\\\/\\\/medicinasinc.com\\\/it\\\/product\\\/comprare-nembutal-pentobarbital\\\/#primaryimage\"},\"thumbnailUrl\":\"https:\\\/\\\/medicinasinc.com\\\/it\\\/wp-content\\\/uploads\\\/sites\\\/4\\\/2022\\\/02\\\/buy-Nembutal-Pentobarbital-1.jpg\",\"datePublished\":\"2022-02-22T06:52:56+00:00\",\"dateModified\":\"2022-08-03T06:02:30+00:00\",\"breadcrumb\":{\"@id\":\"https:\\\/\\\/medicinasinc.com\\\/it\\\/product\\\/comprare-nembutal-pentobarbital\\\/#breadcrumb\"},\"inLanguage\":\"it-IT\",\"potentialAction\":[{\"@type\":\"ReadAction\",\"target\":[\"https:\\\/\\\/medicinasinc.com\\\/it\\\/product\\\/comprare-nembutal-pentobarbital\\\/\"]}]},{\"@type\":\"ImageObject\",\"inLanguage\":\"it-IT\",\"@id\":\"https:\\\/\\\/medicinasinc.com\\\/it\\\/product\\\/comprare-nembutal-pentobarbital\\\/#primaryimage\",\"url\":\"https:\\\/\\\/medicinasinc.com\\\/it\\\/wp-content\\\/uploads\\\/sites\\\/4\\\/2022\\\/02\\\/buy-Nembutal-Pentobarbital-1.jpg\",\"contentUrl\":\"https:\\\/\\\/medicinasinc.com\\\/it\\\/wp-content\\\/uploads\\\/sites\\\/4\\\/2022\\\/02\\\/buy-Nembutal-Pentobarbital-1.jpg\",\"width\":600,\"height\":600},{\"@type\":\"BreadcrumbList\",\"@id\":\"https:\\\/\\\/medicinasinc.com\\\/it\\\/product\\\/comprare-nembutal-pentobarbital\\\/#breadcrumb\",\"itemListElement\":[{\"@type\":\"ListItem\",\"position\":1,\"name\":\"Negozio\",\"item\":\"https:\\\/\\\/medicinasinc.com\\\/it\\\/negozio\\\/\"},{\"@type\":\"ListItem\",\"position\":2,\"name\":\"Acquista Nembutal Pentobarbital\"}]},{\"@type\":\"WebSite\",\"@id\":\"https:\\\/\\\/medicinasinc.com\\\/it\\\/#website\",\"url\":\"https:\\\/\\\/medicinasinc.com\\\/it\\\/\",\"name\":\"Medicinas Inc\",\"description\":\"Health Medical Clinic\",\"potentialAction\":[{\"@type\":\"SearchAction\",\"target\":{\"@type\":\"EntryPoint\",\"urlTemplate\":\"https:\\\/\\\/medicinasinc.com\\\/it\\\/?s={search_term_string}\"},\"query-input\":{\"@type\":\"PropertyValueSpecification\",\"valueRequired\":true,\"valueName\":\"search_term_string\"}}],\"inLanguage\":\"it-IT\"}]}<\/script>\n<!-- \/ Yoast SEO plugin. -->","yoast_head_json":{"title":"Acquista Nembutal Pentobarbital - I migliori farmaci globali","robots":{"index":"index","follow":"follow","max-snippet":"max-snippet:-1","max-image-preview":"max-image-preview:large","max-video-preview":"max-video-preview:-1"},"canonical":"https:\/\/medicinasinc.com\/it\/product\/comprare-nembutal-pentobarbital\/","og_locale":"it_IT","og_type":"article","og_title":"Acquista Nembutal Pentobarbital - I migliori farmaci globali","og_description":"Quali forme di dosaggio del fenobarbital Nembutal hai bisogno? Chiunque nel mondo pu\u00f2 acquistare Nembutal online da una farmacia online. In qualsiasi momento, da qualsiasi luogo, mettiti in contatto con noi. Qualsiasi domanda o dubbio che i nostri clienti hanno sar\u00e0 prontamente affrontato da uno dei nostri rappresentanti del servizio clienti. La qualit\u00e0 dei tuoi farmaci o lo stato della tua consegna non sono mai un problema quando lavori con noi. Nembutal Fenobarbital in vendita pu\u00f2 essere acquistato tramite telefono, e-mail o messaggio di testo. Ora \u00e8 il momento di connetterti!","og_url":"https:\/\/medicinasinc.com\/it\/product\/comprare-nembutal-pentobarbital\/","og_site_name":"Medicinas Inc","article_modified_time":"2022-08-03T06:02:30+00:00","og_image":[{"width":600,"height":600,"url":"https:\/\/medicinasinc.com\/it\/wp-content\/uploads\/sites\/4\/2022\/02\/buy-Nembutal-Pentobarbital-1.jpg","type":"image\/jpeg"}],"twitter_card":"summary_large_image","twitter_misc":{"Tempo di lettura stimato":"2 minuti"},"schema":{"@context":"https:\/\/schema.org","@graph":[{"@type":"WebPage","@id":"https:\/\/medicinasinc.com\/it\/product\/comprare-nembutal-pentobarbital\/","url":"https:\/\/medicinasinc.com\/it\/product\/comprare-nembutal-pentobarbital\/","name":"Acquista Nembutal Pentobarbital - I migliori farmaci globali","isPartOf":{"@id":"https:\/\/medicinasinc.com\/it\/#website"},"primaryImageOfPage":{"@id":"https:\/\/medicinasinc.com\/it\/product\/comprare-nembutal-pentobarbital\/#primaryimage"},"image":{"@id":"https:\/\/medicinasinc.com\/it\/product\/comprare-nembutal-pentobarbital\/#primaryimage"},"thumbnailUrl":"https:\/\/medicinasinc.com\/it\/wp-content\/uploads\/sites\/4\/2022\/02\/buy-Nembutal-Pentobarbital-1.jpg","datePublished":"2022-02-22T06:52:56+00:00","dateModified":"2022-08-03T06:02:30+00:00","breadcrumb":{"@id":"https:\/\/medicinasinc.com\/it\/product\/comprare-nembutal-pentobarbital\/#breadcrumb"},"inLanguage":"it-IT","potentialAction":[{"@type":"ReadAction","target":["https:\/\/medicinasinc.com\/it\/product\/comprare-nembutal-pentobarbital\/"]}]},{"@type":"ImageObject","inLanguage":"it-IT","@id":"https:\/\/medicinasinc.com\/it\/product\/comprare-nembutal-pentobarbital\/#primaryimage","url":"https:\/\/medicinasinc.com\/it\/wp-content\/uploads\/sites\/4\/2022\/02\/buy-Nembutal-Pentobarbital-1.jpg","contentUrl":"https:\/\/medicinasinc.com\/it\/wp-content\/uploads\/sites\/4\/2022\/02\/buy-Nembutal-Pentobarbital-1.jpg","width":600,"height":600},{"@type":"BreadcrumbList","@id":"https:\/\/medicinasinc.com\/it\/product\/comprare-nembutal-pentobarbital\/#breadcrumb","itemListElement":[{"@type":"ListItem","position":1,"name":"Negozio","item":"https:\/\/medicinasinc.com\/it\/negozio\/"},{"@type":"ListItem","position":2,"name":"Acquista Nembutal Pentobarbital"}]},{"@type":"WebSite","@id":"https:\/\/medicinasinc.com\/it\/#website","url":"https:\/\/medicinasinc.com\/it\/","name":"Medicinas Inc","description":"Health Medical Clinic","potentialAction":[{"@type":"SearchAction","target":{"@type":"EntryPoint","urlTemplate":"https:\/\/medicinasinc.com\/it\/?s={search_term_string}"},"query-input":{"@type":"PropertyValueSpecification","valueRequired":true,"valueName":"search_term_string"}}],"inLanguage":"it-IT"}]}},"_links":{"self":[{"href":"https:\/\/medicinasinc.com\/it\/wp-json\/wp\/v2\/product\/5822","targetHints":{"allow":["GET"]}}],"collection":[{"href":"https:\/\/medicinasinc.com\/it\/wp-json\/wp\/v2\/product"}],"about":[{"href":"https:\/\/medicinasinc.com\/it\/wp-json\/wp\/v2\/types\/product"}],"replies":[{"embeddable":true,"href":"https:\/\/medicinasinc.com\/it\/wp-json\/wp\/v2\/comments?post=5822"}],"wp:featuredmedia":[{"embeddable":true,"href":"https:\/\/medicinasinc.com\/it\/wp-json\/wp\/v2\/media\/5832"}],"wp:attachment":[{"href":"https:\/\/medicinasinc.com\/it\/wp-json\/wp\/v2\/media?parent=5822"}],"wp:term":[{"taxonomy":"product_brand","embeddable":true,"href":"https:\/\/medicinasinc.com\/it\/wp-json\/wp\/v2\/product_brand?post=5822"},{"taxonomy":"product_cat","embeddable":true,"href":"https:\/\/medicinasinc.com\/it\/wp-json\/wp\/v2\/product_cat?post=5822"},{"taxonomy":"product_tag","embeddable":true,"href":"https:\/\/medicinasinc.com\/it\/wp-json\/wp\/v2\/product_tag?post=5822"}],"curies":[{"name":"wp","href":"https:\/\/api.w.org\/{rel}","templated":true}]}}