{"id":5810,"date":"2022-02-22T06:41:43","date_gmt":"2022-02-22T06:41:43","guid":{"rendered":"https:\/\/medicinasinc.com\/it\/?post_type=product&#038;p=5810"},"modified":"2022-08-08T20:02:17","modified_gmt":"2022-08-08T20:02:17","slug":"comprare-nembutal-compresse","status":"publish","type":"product","link":"https:\/\/medicinasinc.com\/it\/product\/comprare-nembutal-compresse\/","title":{"rendered":"Acquista Nembutal Compresse"},"content":{"rendered":"<p>Compresse di Nembutal in vendita online ai prezzi pi\u00f9 bassi dalla nostra rinomata farmacia online<\/p>\n<p>La piattaforma online ha reso semplice e diretto per tutti l&#8217;acquisto di compresse di Nembutal. Se sei interessato ad acquistare anche le compresse di Nembutal online, connettiti con Online Nembutal Pharmacy. La nostra farmacia \u00e8 un luogo impegnato, affidabile ed economico per soddisfare le tue esigenze di Nembutal.<\/p>\n<p>Crediamo nell&#8217;importanza di articoli di alta qualit\u00e0 e ci sforziamo di fornirli ai nostri clienti. Completeremo tempestivamente la tua richiesta di acquisto online di compresse Nembutal al miglior prezzo. Non ti faremo aspettare indefinitamente. La nostra farmacia online invier\u00e0 tempestivamente i tuoi prodotti. Il nostro sistema di distribuzione \u00e8 discreto e sicuro. Non lasciamo spazio all&#8217;errore. Tutti gli ordini sono completati da esperti qui. Acquista immediatamente!<\/p>\n<p>Compresse di nembutal: istruisci sui suoi usi sicuri con l&#8217;aiuto del nostro team di professionisti<\/p>\n<p>Le compresse di nembutal sono ampiamente prescritte per il trattamento di insonnia, sedazione e disturbi convulsivi. Da molto tempo forniamo compresse di Nembutal in tutto il mondo. In alcuni casi, i chirurghi utilizzano questo medicinale per sedare i pazienti prima di eseguire un intervento chirurgico su di loro. Conduciamo test periodici su queste compresse per assicurarne l&#8217;efficacia.<\/p>\n<p>Includiamo una guida ai farmaci con le compresse di Nembutal. Questo aiuta i nostri clienti a somministrare correttamente il farmaco e a comprendere la dose appropriata in base al loro peso, et\u00e0 e condizioni mediche. Inoltre, riteniamo che le compresse di Nembutal siano il farmaco pi\u00f9 semplice ed efficace per le persone che hanno difficolt\u00e0 a dormire.<\/p>\n<p>I nostri professionisti sono disponibili 24 ore al giorno per assisterti nella comprensione di tutto ci\u00f2 che riguarda le compresse di Nembutal. Le nostre compresse di Nembutal hanno un prezzo ragionevole. Tuttavia, non devi preoccuparti del costo di questo prodotto. Ordina subito le tue esigenze!<\/p>\n","protected":false},"excerpt":{"rendered":"<p>Come possiamo aiutarti a comprare Nembutal in compresse Fenobarbital in vendita nel Regno Unito, in Europa online? Online Nembutal Pharmacy \u00e8 disponibile per tutte le persone a livello globale. Puoi raggiungerci sempre e ovunque.<\/p>\n<p>Nella farmacia online di Nembutal, puoi acquistare compresse di Nembutal e riceverle all&#8217;indirizzo specificato entro pochi giorni. Le compresse di Nembutal devono essere aggiunte al tuo carrello online per completare la transazione. Vai alla sezione pagamenti e pagalo dopo averlo aggiunto. Potrai effettuare l&#8217;ordine non appena avrai effettuato il pagamento. Ti consegneremo il tuo ordine non appena sar\u00e0 ricevuto dalla nostra farmacia online. Effettua il tuo ordine in questo momento!<\/p>\n","protected":false},"featured_media":5820,"comment_status":"open","ping_status":"closed","template":"","meta":[],"product_brand":[],"product_cat":[3818],"product_tag":[],"class_list":{"0":"post-5810","1":"product","2":"type-product","3":"status-publish","4":"has-post-thumbnail","6":"product_cat-pentobarbital-in-vendita","8":"first","9":"instock","10":"shipping-taxable","11":"purchasable","12":"product-type-variable"},"yoast_head":"<!-- This site is optimized with the Yoast SEO plugin v27.3 - https:\/\/yoast.com\/product\/yoast-seo-wordpress\/ -->\n<title>Acquista compresse di Nembutal - I migliori farmaci globali<\/title>\n<meta name=\"description\" content=\"Come possiamo aiutarti a comprare compresse di Nembutal Fenobarbital in vendita nel Regno Unito, in Europa online? Online Nembutal Pharmacy \u00e8 disponibile per tutte le persone a livello globale. Puoi raggiungerci sempre e ovunque.\" \/>\n<meta name=\"robots\" content=\"index, follow, max-snippet:-1, max-image-preview:large, max-video-preview:-1\" \/>\n<link rel=\"canonical\" href=\"https:\/\/medicinasinc.com\/it\/product\/comprare-nembutal-compresse\/\" \/>\n<meta property=\"og:locale\" content=\"it_IT\" \/>\n<meta property=\"og:type\" content=\"article\" \/>\n<meta property=\"og:title\" content=\"Acquista compresse di Nembutal - I migliori farmaci globali\" \/>\n<meta property=\"og:description\" content=\"Come possiamo aiutarti a comprare compresse di Nembutal Fenobarbital in vendita nel Regno Unito, in Europa online? Online Nembutal Pharmacy \u00e8 disponibile per tutte le persone a livello globale. Puoi raggiungerci sempre e ovunque.\" \/>\n<meta property=\"og:url\" content=\"https:\/\/medicinasinc.com\/it\/product\/comprare-nembutal-compresse\/\" \/>\n<meta property=\"og:site_name\" content=\"Medicinas Inc\" \/>\n<meta property=\"article:modified_time\" content=\"2022-08-08T20:02:17+00:00\" \/>\n<meta property=\"og:image\" content=\"https:\/\/medicinasinc.com\/it\/wp-content\/uploads\/sites\/4\/2022\/02\/Buy-Nembutal-Tablets.jpg\" \/>\n\t<meta property=\"og:image:width\" content=\"600\" \/>\n\t<meta property=\"og:image:height\" content=\"600\" \/>\n\t<meta property=\"og:image:type\" content=\"image\/jpeg\" \/>\n<meta name=\"twitter:card\" content=\"summary_large_image\" \/>\n<meta name=\"twitter:label1\" content=\"Tempo di lettura stimato\" \/>\n\t<meta name=\"twitter:data1\" content=\"2 minuti\" \/>\n<script type=\"application\/ld+json\" class=\"yoast-schema-graph\">{\"@context\":\"https:\\\/\\\/schema.org\",\"@graph\":[{\"@type\":\"WebPage\",\"@id\":\"https:\\\/\\\/medicinasinc.com\\\/it\\\/product\\\/comprare-nembutal-compresse\\\/\",\"url\":\"https:\\\/\\\/medicinasinc.com\\\/it\\\/product\\\/comprare-nembutal-compresse\\\/\",\"name\":\"Acquista compresse di Nembutal - I migliori farmaci globali\",\"isPartOf\":{\"@id\":\"https:\\\/\\\/medicinasinc.com\\\/it\\\/#website\"},\"primaryImageOfPage\":{\"@id\":\"https:\\\/\\\/medicinasinc.com\\\/it\\\/product\\\/comprare-nembutal-compresse\\\/#primaryimage\"},\"image\":{\"@id\":\"https:\\\/\\\/medicinasinc.com\\\/it\\\/product\\\/comprare-nembutal-compresse\\\/#primaryimage\"},\"thumbnailUrl\":\"https:\\\/\\\/medicinasinc.com\\\/it\\\/wp-content\\\/uploads\\\/sites\\\/4\\\/2022\\\/02\\\/Buy-Nembutal-Tablets.jpg\",\"datePublished\":\"2022-02-22T06:41:43+00:00\",\"dateModified\":\"2022-08-08T20:02:17+00:00\",\"description\":\"Come possiamo aiutarti a comprare compresse di Nembutal Fenobarbital in vendita nel Regno Unito, in Europa online? Online Nembutal Pharmacy \u00e8 disponibile per tutte le persone a livello globale. Puoi raggiungerci sempre e ovunque.\",\"breadcrumb\":{\"@id\":\"https:\\\/\\\/medicinasinc.com\\\/it\\\/product\\\/comprare-nembutal-compresse\\\/#breadcrumb\"},\"inLanguage\":\"it-IT\",\"potentialAction\":[{\"@type\":\"ReadAction\",\"target\":[\"https:\\\/\\\/medicinasinc.com\\\/it\\\/product\\\/comprare-nembutal-compresse\\\/\"]}]},{\"@type\":\"ImageObject\",\"inLanguage\":\"it-IT\",\"@id\":\"https:\\\/\\\/medicinasinc.com\\\/it\\\/product\\\/comprare-nembutal-compresse\\\/#primaryimage\",\"url\":\"https:\\\/\\\/medicinasinc.com\\\/it\\\/wp-content\\\/uploads\\\/sites\\\/4\\\/2022\\\/02\\\/Buy-Nembutal-Tablets.jpg\",\"contentUrl\":\"https:\\\/\\\/medicinasinc.com\\\/it\\\/wp-content\\\/uploads\\\/sites\\\/4\\\/2022\\\/02\\\/Buy-Nembutal-Tablets.jpg\",\"width\":600,\"height\":600},{\"@type\":\"BreadcrumbList\",\"@id\":\"https:\\\/\\\/medicinasinc.com\\\/it\\\/product\\\/comprare-nembutal-compresse\\\/#breadcrumb\",\"itemListElement\":[{\"@type\":\"ListItem\",\"position\":1,\"name\":\"Negozio\",\"item\":\"https:\\\/\\\/medicinasinc.com\\\/it\\\/negozio\\\/\"},{\"@type\":\"ListItem\",\"position\":2,\"name\":\"Acquista Nembutal Compresse\"}]},{\"@type\":\"WebSite\",\"@id\":\"https:\\\/\\\/medicinasinc.com\\\/it\\\/#website\",\"url\":\"https:\\\/\\\/medicinasinc.com\\\/it\\\/\",\"name\":\"Medicinas Inc\",\"description\":\"Health Medical Clinic\",\"potentialAction\":[{\"@type\":\"SearchAction\",\"target\":{\"@type\":\"EntryPoint\",\"urlTemplate\":\"https:\\\/\\\/medicinasinc.com\\\/it\\\/?s={search_term_string}\"},\"query-input\":{\"@type\":\"PropertyValueSpecification\",\"valueRequired\":true,\"valueName\":\"search_term_string\"}}],\"inLanguage\":\"it-IT\"}]}<\/script>\n<!-- \/ Yoast SEO plugin. -->","yoast_head_json":{"title":"Acquista compresse di Nembutal - I migliori farmaci globali","description":"Come possiamo aiutarti a comprare compresse di Nembutal Fenobarbital in vendita nel Regno Unito, in Europa online? Online Nembutal Pharmacy \u00e8 disponibile per tutte le persone a livello globale. Puoi raggiungerci sempre e ovunque.","robots":{"index":"index","follow":"follow","max-snippet":"max-snippet:-1","max-image-preview":"max-image-preview:large","max-video-preview":"max-video-preview:-1"},"canonical":"https:\/\/medicinasinc.com\/it\/product\/comprare-nembutal-compresse\/","og_locale":"it_IT","og_type":"article","og_title":"Acquista compresse di Nembutal - I migliori farmaci globali","og_description":"Come possiamo aiutarti a comprare compresse di Nembutal Fenobarbital in vendita nel Regno Unito, in Europa online? Online Nembutal Pharmacy \u00e8 disponibile per tutte le persone a livello globale. Puoi raggiungerci sempre e ovunque.","og_url":"https:\/\/medicinasinc.com\/it\/product\/comprare-nembutal-compresse\/","og_site_name":"Medicinas Inc","article_modified_time":"2022-08-08T20:02:17+00:00","og_image":[{"width":600,"height":600,"url":"https:\/\/medicinasinc.com\/it\/wp-content\/uploads\/sites\/4\/2022\/02\/Buy-Nembutal-Tablets.jpg","type":"image\/jpeg"}],"twitter_card":"summary_large_image","twitter_misc":{"Tempo di lettura stimato":"2 minuti"},"schema":{"@context":"https:\/\/schema.org","@graph":[{"@type":"WebPage","@id":"https:\/\/medicinasinc.com\/it\/product\/comprare-nembutal-compresse\/","url":"https:\/\/medicinasinc.com\/it\/product\/comprare-nembutal-compresse\/","name":"Acquista compresse di Nembutal - I migliori farmaci globali","isPartOf":{"@id":"https:\/\/medicinasinc.com\/it\/#website"},"primaryImageOfPage":{"@id":"https:\/\/medicinasinc.com\/it\/product\/comprare-nembutal-compresse\/#primaryimage"},"image":{"@id":"https:\/\/medicinasinc.com\/it\/product\/comprare-nembutal-compresse\/#primaryimage"},"thumbnailUrl":"https:\/\/medicinasinc.com\/it\/wp-content\/uploads\/sites\/4\/2022\/02\/Buy-Nembutal-Tablets.jpg","datePublished":"2022-02-22T06:41:43+00:00","dateModified":"2022-08-08T20:02:17+00:00","description":"Come possiamo aiutarti a comprare compresse di Nembutal Fenobarbital in vendita nel Regno Unito, in Europa online? Online Nembutal Pharmacy \u00e8 disponibile per tutte le persone a livello globale. Puoi raggiungerci sempre e ovunque.","breadcrumb":{"@id":"https:\/\/medicinasinc.com\/it\/product\/comprare-nembutal-compresse\/#breadcrumb"},"inLanguage":"it-IT","potentialAction":[{"@type":"ReadAction","target":["https:\/\/medicinasinc.com\/it\/product\/comprare-nembutal-compresse\/"]}]},{"@type":"ImageObject","inLanguage":"it-IT","@id":"https:\/\/medicinasinc.com\/it\/product\/comprare-nembutal-compresse\/#primaryimage","url":"https:\/\/medicinasinc.com\/it\/wp-content\/uploads\/sites\/4\/2022\/02\/Buy-Nembutal-Tablets.jpg","contentUrl":"https:\/\/medicinasinc.com\/it\/wp-content\/uploads\/sites\/4\/2022\/02\/Buy-Nembutal-Tablets.jpg","width":600,"height":600},{"@type":"BreadcrumbList","@id":"https:\/\/medicinasinc.com\/it\/product\/comprare-nembutal-compresse\/#breadcrumb","itemListElement":[{"@type":"ListItem","position":1,"name":"Negozio","item":"https:\/\/medicinasinc.com\/it\/negozio\/"},{"@type":"ListItem","position":2,"name":"Acquista Nembutal Compresse"}]},{"@type":"WebSite","@id":"https:\/\/medicinasinc.com\/it\/#website","url":"https:\/\/medicinasinc.com\/it\/","name":"Medicinas Inc","description":"Health Medical Clinic","potentialAction":[{"@type":"SearchAction","target":{"@type":"EntryPoint","urlTemplate":"https:\/\/medicinasinc.com\/it\/?s={search_term_string}"},"query-input":{"@type":"PropertyValueSpecification","valueRequired":true,"valueName":"search_term_string"}}],"inLanguage":"it-IT"}]}},"_links":{"self":[{"href":"https:\/\/medicinasinc.com\/it\/wp-json\/wp\/v2\/product\/5810","targetHints":{"allow":["GET"]}}],"collection":[{"href":"https:\/\/medicinasinc.com\/it\/wp-json\/wp\/v2\/product"}],"about":[{"href":"https:\/\/medicinasinc.com\/it\/wp-json\/wp\/v2\/types\/product"}],"replies":[{"embeddable":true,"href":"https:\/\/medicinasinc.com\/it\/wp-json\/wp\/v2\/comments?post=5810"}],"wp:featuredmedia":[{"embeddable":true,"href":"https:\/\/medicinasinc.com\/it\/wp-json\/wp\/v2\/media\/5820"}],"wp:attachment":[{"href":"https:\/\/medicinasinc.com\/it\/wp-json\/wp\/v2\/media?parent=5810"}],"wp:term":[{"taxonomy":"product_brand","embeddable":true,"href":"https:\/\/medicinasinc.com\/it\/wp-json\/wp\/v2\/product_brand?post=5810"},{"taxonomy":"product_cat","embeddable":true,"href":"https:\/\/medicinasinc.com\/it\/wp-json\/wp\/v2\/product_cat?post=5810"},{"taxonomy":"product_tag","embeddable":true,"href":"https:\/\/medicinasinc.com\/it\/wp-json\/wp\/v2\/product_tag?post=5810"}],"curies":[{"name":"wp","href":"https:\/\/api.w.org\/{rel}","templated":true}]}}