{"id":5804,"date":"2022-02-22T06:35:00","date_gmt":"2022-02-22T06:35:00","guid":{"rendered":"https:\/\/medicinasinc.com\/it\/?post_type=product&#038;p=5804"},"modified":"2022-08-03T06:02:30","modified_gmt":"2022-08-03T06:02:30","slug":"comprare-pentobarbital-sodio-online","status":"publish","type":"product","link":"https:\/\/medicinasinc.com\/it\/product\/comprare-pentobarbital-sodio-online\/","title":{"rendered":"Acquista Pentobarbital Sodio Online"},"content":{"rendered":"<p>Acquista Pentobarbital Sodium online.<\/p>\n<p>Un&#8217;iniezione endovenosa o intramuscolare di NEMBUTAL Sodium Solution (iniezione di pentobarbital sodico) \u00e8 facile e sicura utilizzando questa soluzione sterile. Per l&#8217;iniezione, ogni millilitro comprende 50 milligrammi di sodio pentobarbital disciolto in glicole propilenico al 40 percento, etanolo al 10 percento e acqua. Con acido cloridrico o idrossido di sodio, il pH pu\u00f2 essere portato fino a 9,5. Pu\u00f2 essere iniettato nel muscolo o nella vena del paziente. Acquisto online di pentobarbital di sodio per l&#8217;eutanasia degli animali, pentobarbital di sodio per l&#8217;eutanasia degli animali, gruppo di pentobarbital di sodio, liquido di pentobarbital di sodio.<\/p>\n<p>Da Best Global Meds, ora puoi acquistare pentobarbital di sodio online. Ordina l&#8217;iniezione di sodio pentobarbital online e fallo consegnare a casa tua nei tempi indicati.. Contattaci subito! Sodio pentobarbital per l&#8217;eutanasia animale, Pentobarbital liquido sodico<\/p>\n<p>Pentobarbital: che cos&#8217;\u00e8 e come si usa?<\/p>\n<p>L&#8217;uso a breve termine di Pentobarbital, un barbiturico, \u00e8 usato per curare l&#8217;insonnia. Per far addormentare i pazienti per un intervento chirurgico, il pentobarbital pu\u00f2 essere utilizzato anche come terapia di emergenza. Acquisto online di pentobarbital sodico, pentobarbital sodico per l&#8217;eutanasia animale e pentobarbital sodico<\/p>\n<p>Il pentobarbital pu\u00f2 causare arresto respiratorio a dosi elevate, portando alla morte. Alcuni stati e il governo federale degli Stati Uniti lo utilizzano per l&#8217;esecuzione di criminali, nonch\u00e9 per l&#8217;eutanasia degli animali. Acquista Pentobarbital Sodium online.<\/p>\n<p>Quando somministrato in quantit\u00e0 letali, il pentobarbital \u00e8 letale. L&#8217;eutanasia animale e umana pu\u00f2 essere eseguita con questo farmaco. Nelle iniezioni commerciali di eutanasia animale, pu\u00f2 essere utilizzato da solo o in combinazione con altri farmaci, come la fenitoina.<\/p>\n<p>Eutanasia con pentobarbital<\/p>\n<p>Uno dei barbiturici pi\u00f9 comunemente usati per l&#8217;anestesia e l&#8217;eutanasia in campo veterinario \u00e8 il pentobarbital (Nembutal). Se stai cercando di morire in pace, questa \u00e8 una scelta eccellente per l&#8217;eutanasia o il suicidio assistito. Acquista il pentobarbital sodico online.<\/p>\n<p>In che modo viene erogato il pentobarbital sodico?<br \/> Il pentobarbital \u00e8 un sedativo che pu\u00f2 essere somministrato per via endovenosa o intraperitoneale. Il pentobarbital pu\u00f2 essere somministrato in bolo (Borkowski et al., 1990) o CRI quando usato come anestetico generale. Il disagio dell&#8217;iniezione e la tromboflebite sono possibili effetti collaterali del glicole propilenico, un ingrediente frequente nei trattamenti commerciali. Acquista Pentobarbital Sodium online.<\/p>\n<p>&nbsp;<\/p>\n<p>Acquistare pentobarbital sodico nel Regno Unito, ottenere pentobarbital sodico per cani, ottenere sonniferi contenenti pentobarbital sodico, ottenere nembutal sodico pentobarbital e ottenere pentobarbital sodico allo sportello sono tutte le opzioni possibili. Anche l&#8217;acquisto di pentobarbital di sodio nel Regno Unito \u00e8 un&#8217;opzione. L&#8217;uso del farmaco pentobarbital, noto anche come sale pentobarbital, \u00e8 un sedativo usato per trattare le convulsioni nei cani. Pentobarbital Sodio Online, Pentobarbital Sodio Acquista, Pentobarbital Sodio Cina, Pentobarbital Sodium Death, Pentobarbital Sodio Dosaggio, Pentobarbital Sodio Iniezione Per Cani, Pentobarbital Sodio Iniezione Per L&#8217;uomo, Pentobarbital Sodio Group, Pentobarbital Sodio Iniezione Per Cani, Pentobarbital Sodio Iniezione Per L&#8217;uomo, Pentobarb <\/p>\n","protected":false},"excerpt":{"rendered":"<p>Nembutal Pentobarbital in vendita nel Regno Unito, in Europa ai migliori prezzi online pu\u00f2 essere trovato solo presso Online Nembutal Pharmacy.<\/p>\n<p>Per uso endovenoso o intramuscolare, l&#8217;iniezione di pentobarbital sodico \u00e8 sterile. Per l&#8217;iniezione, ogni millilitro comprende 50 milligrammi di sodio pentobarbital disciolto in glicole propilenico al 40 percento, etanolo al 10 percento e acqua. Con acido cloridrico o idrossido di sodio, il pH pu\u00f2 essere portato fino a 9,5.<\/p>\n","protected":false},"featured_media":5814,"comment_status":"open","ping_status":"closed","template":"","meta":[],"product_brand":[],"product_cat":[3818],"product_tag":[],"class_list":{"0":"post-5804","1":"product","2":"type-product","3":"status-publish","4":"has-post-thumbnail","6":"product_cat-pentobarbital-in-vendita","8":"first","9":"instock","10":"shipping-taxable","11":"purchasable","12":"product-type-variable"},"yoast_head":"<!-- This site is optimized with the Yoast SEO plugin v27.3 - https:\/\/yoast.com\/product\/yoast-seo-wordpress\/ -->\n<title>Acquista Pentobarbital Sodium Online - I migliori farmaci globali<\/title>\n<meta name=\"description\" content=\"Online Nembutal Pharmacy \u00e8 l&#039;unica destinazione affidabile da cui \u00e8 possibile acquistare Nembutal Pentobarbital in vendita nel Regno Unito, in Europa online ai migliori prezzi disponibili.\" \/>\n<meta name=\"robots\" content=\"index, follow, max-snippet:-1, max-image-preview:large, max-video-preview:-1\" \/>\n<link rel=\"canonical\" href=\"https:\/\/medicinasinc.com\/it\/product\/comprare-pentobarbital-sodio-online\/\" \/>\n<meta property=\"og:locale\" content=\"it_IT\" \/>\n<meta property=\"og:type\" content=\"article\" \/>\n<meta property=\"og:title\" content=\"Acquista Pentobarbital Sodium Online - I migliori farmaci globali\" \/>\n<meta property=\"og:description\" content=\"Online Nembutal Pharmacy \u00e8 l&#039;unica destinazione affidabile da cui \u00e8 possibile acquistare Nembutal Pentobarbital in vendita nel Regno Unito, in Europa online ai migliori prezzi disponibili.\" \/>\n<meta property=\"og:url\" content=\"https:\/\/medicinasinc.com\/it\/product\/comprare-pentobarbital-sodio-online\/\" \/>\n<meta property=\"og:site_name\" content=\"Medicinas Inc\" \/>\n<meta property=\"article:modified_time\" content=\"2022-08-03T06:02:30+00:00\" \/>\n<meta property=\"og:image\" content=\"https:\/\/medicinasinc.com\/it\/wp-content\/uploads\/sites\/4\/2022\/02\/buy-Nembutal-Pentobarbital.jpg\" \/>\n\t<meta property=\"og:image:width\" content=\"600\" \/>\n\t<meta property=\"og:image:height\" content=\"600\" \/>\n\t<meta property=\"og:image:type\" content=\"image\/jpeg\" \/>\n<meta name=\"twitter:card\" content=\"summary_large_image\" \/>\n<meta name=\"twitter:label1\" content=\"Tempo di lettura stimato\" \/>\n\t<meta name=\"twitter:data1\" content=\"3 minuti\" \/>\n<script type=\"application\/ld+json\" class=\"yoast-schema-graph\">{\"@context\":\"https:\\\/\\\/schema.org\",\"@graph\":[{\"@type\":\"WebPage\",\"@id\":\"https:\\\/\\\/medicinasinc.com\\\/it\\\/product\\\/comprare-pentobarbital-sodio-online\\\/\",\"url\":\"https:\\\/\\\/medicinasinc.com\\\/it\\\/product\\\/comprare-pentobarbital-sodio-online\\\/\",\"name\":\"Acquista Pentobarbital Sodium Online - I migliori farmaci globali\",\"isPartOf\":{\"@id\":\"https:\\\/\\\/medicinasinc.com\\\/it\\\/#website\"},\"primaryImageOfPage\":{\"@id\":\"https:\\\/\\\/medicinasinc.com\\\/it\\\/product\\\/comprare-pentobarbital-sodio-online\\\/#primaryimage\"},\"image\":{\"@id\":\"https:\\\/\\\/medicinasinc.com\\\/it\\\/product\\\/comprare-pentobarbital-sodio-online\\\/#primaryimage\"},\"thumbnailUrl\":\"https:\\\/\\\/medicinasinc.com\\\/it\\\/wp-content\\\/uploads\\\/sites\\\/4\\\/2022\\\/02\\\/buy-Nembutal-Pentobarbital.jpg\",\"datePublished\":\"2022-02-22T06:35:00+00:00\",\"dateModified\":\"2022-08-03T06:02:30+00:00\",\"description\":\"Online Nembutal Pharmacy \u00e8 l'unica destinazione affidabile da cui \u00e8 possibile acquistare Nembutal Pentobarbital in vendita nel Regno Unito, in Europa online ai migliori prezzi disponibili.\",\"breadcrumb\":{\"@id\":\"https:\\\/\\\/medicinasinc.com\\\/it\\\/product\\\/comprare-pentobarbital-sodio-online\\\/#breadcrumb\"},\"inLanguage\":\"it-IT\",\"potentialAction\":[{\"@type\":\"ReadAction\",\"target\":[\"https:\\\/\\\/medicinasinc.com\\\/it\\\/product\\\/comprare-pentobarbital-sodio-online\\\/\"]}]},{\"@type\":\"ImageObject\",\"inLanguage\":\"it-IT\",\"@id\":\"https:\\\/\\\/medicinasinc.com\\\/it\\\/product\\\/comprare-pentobarbital-sodio-online\\\/#primaryimage\",\"url\":\"https:\\\/\\\/medicinasinc.com\\\/it\\\/wp-content\\\/uploads\\\/sites\\\/4\\\/2022\\\/02\\\/buy-Nembutal-Pentobarbital.jpg\",\"contentUrl\":\"https:\\\/\\\/medicinasinc.com\\\/it\\\/wp-content\\\/uploads\\\/sites\\\/4\\\/2022\\\/02\\\/buy-Nembutal-Pentobarbital.jpg\",\"width\":600,\"height\":600,\"caption\":\"Buy Nembutal Online\"},{\"@type\":\"BreadcrumbList\",\"@id\":\"https:\\\/\\\/medicinasinc.com\\\/it\\\/product\\\/comprare-pentobarbital-sodio-online\\\/#breadcrumb\",\"itemListElement\":[{\"@type\":\"ListItem\",\"position\":1,\"name\":\"Negozio\",\"item\":\"https:\\\/\\\/medicinasinc.com\\\/it\\\/negozio\\\/\"},{\"@type\":\"ListItem\",\"position\":2,\"name\":\"Acquista Pentobarbital Sodio Online\"}]},{\"@type\":\"WebSite\",\"@id\":\"https:\\\/\\\/medicinasinc.com\\\/it\\\/#website\",\"url\":\"https:\\\/\\\/medicinasinc.com\\\/it\\\/\",\"name\":\"Medicinas Inc\",\"description\":\"Health Medical Clinic\",\"potentialAction\":[{\"@type\":\"SearchAction\",\"target\":{\"@type\":\"EntryPoint\",\"urlTemplate\":\"https:\\\/\\\/medicinasinc.com\\\/it\\\/?s={search_term_string}\"},\"query-input\":{\"@type\":\"PropertyValueSpecification\",\"valueRequired\":true,\"valueName\":\"search_term_string\"}}],\"inLanguage\":\"it-IT\"}]}<\/script>\n<!-- \/ Yoast SEO plugin. -->","yoast_head_json":{"title":"Acquista Pentobarbital Sodium Online - I migliori farmaci globali","description":"Online Nembutal Pharmacy \u00e8 l'unica destinazione affidabile da cui \u00e8 possibile acquistare Nembutal Pentobarbital in vendita nel Regno Unito, in Europa online ai migliori prezzi disponibili.","robots":{"index":"index","follow":"follow","max-snippet":"max-snippet:-1","max-image-preview":"max-image-preview:large","max-video-preview":"max-video-preview:-1"},"canonical":"https:\/\/medicinasinc.com\/it\/product\/comprare-pentobarbital-sodio-online\/","og_locale":"it_IT","og_type":"article","og_title":"Acquista Pentobarbital Sodium Online - I migliori farmaci globali","og_description":"Online Nembutal Pharmacy \u00e8 l'unica destinazione affidabile da cui \u00e8 possibile acquistare Nembutal Pentobarbital in vendita nel Regno Unito, in Europa online ai migliori prezzi disponibili.","og_url":"https:\/\/medicinasinc.com\/it\/product\/comprare-pentobarbital-sodio-online\/","og_site_name":"Medicinas Inc","article_modified_time":"2022-08-03T06:02:30+00:00","og_image":[{"width":600,"height":600,"url":"https:\/\/medicinasinc.com\/it\/wp-content\/uploads\/sites\/4\/2022\/02\/buy-Nembutal-Pentobarbital.jpg","type":"image\/jpeg"}],"twitter_card":"summary_large_image","twitter_misc":{"Tempo di lettura stimato":"3 minuti"},"schema":{"@context":"https:\/\/schema.org","@graph":[{"@type":"WebPage","@id":"https:\/\/medicinasinc.com\/it\/product\/comprare-pentobarbital-sodio-online\/","url":"https:\/\/medicinasinc.com\/it\/product\/comprare-pentobarbital-sodio-online\/","name":"Acquista Pentobarbital Sodium Online - I migliori farmaci globali","isPartOf":{"@id":"https:\/\/medicinasinc.com\/it\/#website"},"primaryImageOfPage":{"@id":"https:\/\/medicinasinc.com\/it\/product\/comprare-pentobarbital-sodio-online\/#primaryimage"},"image":{"@id":"https:\/\/medicinasinc.com\/it\/product\/comprare-pentobarbital-sodio-online\/#primaryimage"},"thumbnailUrl":"https:\/\/medicinasinc.com\/it\/wp-content\/uploads\/sites\/4\/2022\/02\/buy-Nembutal-Pentobarbital.jpg","datePublished":"2022-02-22T06:35:00+00:00","dateModified":"2022-08-03T06:02:30+00:00","description":"Online Nembutal Pharmacy \u00e8 l'unica destinazione affidabile da cui \u00e8 possibile acquistare Nembutal Pentobarbital in vendita nel Regno Unito, in Europa online ai migliori prezzi disponibili.","breadcrumb":{"@id":"https:\/\/medicinasinc.com\/it\/product\/comprare-pentobarbital-sodio-online\/#breadcrumb"},"inLanguage":"it-IT","potentialAction":[{"@type":"ReadAction","target":["https:\/\/medicinasinc.com\/it\/product\/comprare-pentobarbital-sodio-online\/"]}]},{"@type":"ImageObject","inLanguage":"it-IT","@id":"https:\/\/medicinasinc.com\/it\/product\/comprare-pentobarbital-sodio-online\/#primaryimage","url":"https:\/\/medicinasinc.com\/it\/wp-content\/uploads\/sites\/4\/2022\/02\/buy-Nembutal-Pentobarbital.jpg","contentUrl":"https:\/\/medicinasinc.com\/it\/wp-content\/uploads\/sites\/4\/2022\/02\/buy-Nembutal-Pentobarbital.jpg","width":600,"height":600,"caption":"Buy Nembutal Online"},{"@type":"BreadcrumbList","@id":"https:\/\/medicinasinc.com\/it\/product\/comprare-pentobarbital-sodio-online\/#breadcrumb","itemListElement":[{"@type":"ListItem","position":1,"name":"Negozio","item":"https:\/\/medicinasinc.com\/it\/negozio\/"},{"@type":"ListItem","position":2,"name":"Acquista Pentobarbital Sodio Online"}]},{"@type":"WebSite","@id":"https:\/\/medicinasinc.com\/it\/#website","url":"https:\/\/medicinasinc.com\/it\/","name":"Medicinas Inc","description":"Health Medical Clinic","potentialAction":[{"@type":"SearchAction","target":{"@type":"EntryPoint","urlTemplate":"https:\/\/medicinasinc.com\/it\/?s={search_term_string}"},"query-input":{"@type":"PropertyValueSpecification","valueRequired":true,"valueName":"search_term_string"}}],"inLanguage":"it-IT"}]}},"_links":{"self":[{"href":"https:\/\/medicinasinc.com\/it\/wp-json\/wp\/v2\/product\/5804","targetHints":{"allow":["GET"]}}],"collection":[{"href":"https:\/\/medicinasinc.com\/it\/wp-json\/wp\/v2\/product"}],"about":[{"href":"https:\/\/medicinasinc.com\/it\/wp-json\/wp\/v2\/types\/product"}],"replies":[{"embeddable":true,"href":"https:\/\/medicinasinc.com\/it\/wp-json\/wp\/v2\/comments?post=5804"}],"wp:featuredmedia":[{"embeddable":true,"href":"https:\/\/medicinasinc.com\/it\/wp-json\/wp\/v2\/media\/5814"}],"wp:attachment":[{"href":"https:\/\/medicinasinc.com\/it\/wp-json\/wp\/v2\/media?parent=5804"}],"wp:term":[{"taxonomy":"product_brand","embeddable":true,"href":"https:\/\/medicinasinc.com\/it\/wp-json\/wp\/v2\/product_brand?post=5804"},{"taxonomy":"product_cat","embeddable":true,"href":"https:\/\/medicinasinc.com\/it\/wp-json\/wp\/v2\/product_cat?post=5804"},{"taxonomy":"product_tag","embeddable":true,"href":"https:\/\/medicinasinc.com\/it\/wp-json\/wp\/v2\/product_tag?post=5804"}],"curies":[{"name":"wp","href":"https:\/\/api.w.org\/{rel}","templated":true}]}}