{"id":5798,"date":"2022-02-22T06:27:38","date_gmt":"2022-02-22T06:27:38","guid":{"rendered":"https:\/\/medicinasinc.com\/it\/?post_type=product&#038;p=5798"},"modified":"2022-03-17T00:03:06","modified_gmt":"2022-03-17T00:03:06","slug":"comprare-fenobarbital-fenobarbital-luminale","status":"publish","type":"product","link":"https:\/\/medicinasinc.com\/it\/product\/comprare-fenobarbital-fenobarbital-luminale\/","title":{"rendered":"Acquista fenobarbital (fenobarbital) \/ luminale"},"content":{"rendered":"<p>Acquista a buon mercato Phenobarbital Luminal Phenobarbital Luminal online da una farmacia rispettabile al miglior prezzo<\/p>\n<p>L&#8217;utilizzo di una farmacia online come Nembutal Pharmacy \u00e8 un modo conveniente per i consumatori di ottenere prescrizioni e farmaci. Phenobarbital Luminal online pu\u00f2 essere acquistato dal nostro sito Web in qualsiasi momento, quindi non perdere l&#8217;occasione. Qui puoi acquistare questo farmaco a un prezzo ragionevole.<\/p>\n<p>Con la nostra farmacia online, puoi essere sicuro di ottenere sempre farmaci di alta qualit\u00e0. I clienti possono aspettarsi che le loro prescrizioni arrivino in tempo in questa farmacia. Non tolleriamo alcun tipo di lentezza nel nostro lavoro e completiamo rapidamente ogni compito. Connettiti immediatamente con noi per ordinare Phenobarbital Luminal online al miglior prezzo e riceverlo rapidamente se stai cercando una farmacia online come la nostra!<\/p>\n<p>Fenobarbital Luminal: cosa possiamo fare per assicurarci di utilizzarlo In sicurezza?<\/p>\n<p>Fenobarbital Luminal \u00e8 un farmaco consolidato per il trattamento delle crisi epilettiche. Puoi anche assumere questo farmaco per trattare l&#8217;ansia, l&#8217;insonnia e altre condizioni. Prima di prendere questo farmaco, dovresti consultare il tuo medico. Phenobarbital Luminal deve essere avviato solo dopo un&#8217;approfondita discussione con il medico.<\/p>\n<p>Con ogni ordine, la nostra farmacia online fornisce una guida dettagliata ai farmaci. Per questo motivo, puoi seguire in sicurezza le istruzioni del farmaco e utilizzarlo. Siamo qui per rendere il pi\u00f9 semplice possibile l&#8217;ordinazione online di Phenobarbital Luminal. Approfitta dei benefici di questo farmaco contattandoci immediatamente. Siamo qui per aiutarti tutto il tempo.<\/p>\n","protected":false},"excerpt":{"rendered":"<p>Quale farmacia online offre il fenobarbital luminal pi\u00f9 economico?<\/p>\n<p>La nostra farmacia online sta attualmente vendendo pillole di fenobarbital luminal. Phenobarbital Luminal per gli ordini di vendita vengono elaborati il \u200b\u200bpi\u00f9 rapidamente possibile. Mettiti in contatto con noi oggi stesso e ti invieremo i tuoi farmaci il prima possibile. Ora \u00e8 il momento di connetterti!<\/p>\n","protected":false},"featured_media":5808,"comment_status":"open","ping_status":"closed","template":"","meta":[],"product_brand":[],"product_cat":[3818],"product_tag":[3969,3970,3971,3956,3960,3961,3966,3955,3967,3962,3963,3968,3964,3958,3959,3965,3957],"class_list":{"0":"post-5798","1":"product","2":"type-product","3":"status-publish","4":"has-post-thumbnail","6":"product_cat-pentobarbital-in-vendita","7":"product_tag-a-cosa-serve-il-fenobarb","8":"product_tag-cos-il-fenobarbital","9":"product_tag-cosa--po-in-termini-medici","10":"product_tag-costo-del-fenobarbital-per-i-cani","11":"product_tag-dosaggio-di-fenobarbital","12":"product_tag-dosi-di-fenobarbital","13":"product_tag-effetti-collaterali-del-fenobarbital","14":"product_tag-effetto-collaterale-dei-barbiturici","15":"product_tag-fenobarbital-effetti-collaterali-cani","16":"product_tag-dosaggio-di-fenobarbital-per-cani","17":"product_tag-fenobarbital-per-cani-effetti-collaterali","18":"product_tag-a-livello-di-fenobarbitone","19":"product_tag-a-livello-fenobarbitale","20":"product_tag-marca-fenobarbital","21":"product_tag-phenobarbital-controlled-substance","22":"product_tag-sovradosaggio-di-fenobarbital","23":"product_tag-sovradosaggio-di-fenobarb","25":"first","26":"instock","27":"shipping-taxable","28":"purchasable","29":"product-type-variable"},"yoast_head":"<!-- This site is optimized with the Yoast SEO plugin v27.3 - https:\/\/yoast.com\/product\/yoast-seo-wordpress\/ -->\n<title>Acquista fenobarbital (fenobarbital) \/ luminal - I migliori farmaci globali<\/title>\n<meta name=\"description\" content=\"Ora puoi effettuare l&#039;acquisto per le compresse di fenobarbital Luminal presso la farmacia online di Nembutal. Il tuo ordine a Phenobarbital Luminal in vendita verr\u00e0 completato nel pi\u00f9 breve tempo possibile. Tutto quello che devi fare \u00e8 inviarci una chiamata, un SMS o un&#039;e-mail oggi stesso e ricevere presto i tuoi farmaci. Connettiti ora!\" \/>\n<meta name=\"robots\" content=\"index, follow, max-snippet:-1, max-image-preview:large, max-video-preview:-1\" \/>\n<link rel=\"canonical\" href=\"https:\/\/medicinasinc.com\/it\/product\/comprare-fenobarbital-fenobarbital-luminale\/\" \/>\n<meta property=\"og:locale\" content=\"it_IT\" \/>\n<meta property=\"og:type\" content=\"article\" \/>\n<meta property=\"og:title\" content=\"Acquista fenobarbital (fenobarbital) \/ luminal - I migliori farmaci globali\" \/>\n<meta property=\"og:description\" content=\"Ora puoi effettuare l&#039;acquisto per le compresse di fenobarbital Luminal presso la farmacia online di Nembutal. Il tuo ordine a Phenobarbital Luminal in vendita verr\u00e0 completato nel pi\u00f9 breve tempo possibile. Tutto quello che devi fare \u00e8 inviarci una chiamata, un SMS o un&#039;e-mail oggi stesso e ricevere presto i tuoi farmaci. Connettiti ora!\" \/>\n<meta property=\"og:url\" content=\"https:\/\/medicinasinc.com\/it\/product\/comprare-fenobarbital-fenobarbital-luminale\/\" \/>\n<meta property=\"og:site_name\" content=\"Medicinas Inc\" \/>\n<meta property=\"article:modified_time\" content=\"2022-03-17T00:03:06+00:00\" \/>\n<meta property=\"og:image\" content=\"https:\/\/medicinasinc.com\/it\/wp-content\/uploads\/sites\/4\/2022\/02\/Buy-Phenobarbital-Tablets.jpg\" \/>\n\t<meta property=\"og:image:width\" content=\"600\" \/>\n\t<meta property=\"og:image:height\" content=\"600\" \/>\n\t<meta property=\"og:image:type\" content=\"image\/jpeg\" \/>\n<meta name=\"twitter:card\" content=\"summary_large_image\" \/>\n<meta name=\"twitter:label1\" content=\"Tempo di lettura stimato\" \/>\n\t<meta name=\"twitter:data1\" content=\"2 minuti\" \/>\n<script type=\"application\/ld+json\" class=\"yoast-schema-graph\">{\"@context\":\"https:\\\/\\\/schema.org\",\"@graph\":[{\"@type\":\"WebPage\",\"@id\":\"https:\\\/\\\/medicinasinc.com\\\/it\\\/product\\\/comprare-fenobarbital-fenobarbital-luminale\\\/\",\"url\":\"https:\\\/\\\/medicinasinc.com\\\/it\\\/product\\\/comprare-fenobarbital-fenobarbital-luminale\\\/\",\"name\":\"Acquista fenobarbital (fenobarbital) \\\/ luminal - I migliori farmaci globali\",\"isPartOf\":{\"@id\":\"https:\\\/\\\/medicinasinc.com\\\/it\\\/#website\"},\"primaryImageOfPage\":{\"@id\":\"https:\\\/\\\/medicinasinc.com\\\/it\\\/product\\\/comprare-fenobarbital-fenobarbital-luminale\\\/#primaryimage\"},\"image\":{\"@id\":\"https:\\\/\\\/medicinasinc.com\\\/it\\\/product\\\/comprare-fenobarbital-fenobarbital-luminale\\\/#primaryimage\"},\"thumbnailUrl\":\"https:\\\/\\\/medicinasinc.com\\\/it\\\/wp-content\\\/uploads\\\/sites\\\/4\\\/2022\\\/02\\\/Buy-Phenobarbital-Tablets.jpg\",\"datePublished\":\"2022-02-22T06:27:38+00:00\",\"dateModified\":\"2022-03-17T00:03:06+00:00\",\"description\":\"Ora puoi effettuare l'acquisto per le compresse di fenobarbital Luminal presso la farmacia online di Nembutal. Il tuo ordine a Phenobarbital Luminal in vendita verr\u00e0 completato nel pi\u00f9 breve tempo possibile. Tutto quello che devi fare \u00e8 inviarci una chiamata, un SMS o un'e-mail oggi stesso e ricevere presto i tuoi farmaci. Connettiti ora!\",\"breadcrumb\":{\"@id\":\"https:\\\/\\\/medicinasinc.com\\\/it\\\/product\\\/comprare-fenobarbital-fenobarbital-luminale\\\/#breadcrumb\"},\"inLanguage\":\"it-IT\",\"potentialAction\":[{\"@type\":\"ReadAction\",\"target\":[\"https:\\\/\\\/medicinasinc.com\\\/it\\\/product\\\/comprare-fenobarbital-fenobarbital-luminale\\\/\"]}]},{\"@type\":\"ImageObject\",\"inLanguage\":\"it-IT\",\"@id\":\"https:\\\/\\\/medicinasinc.com\\\/it\\\/product\\\/comprare-fenobarbital-fenobarbital-luminale\\\/#primaryimage\",\"url\":\"https:\\\/\\\/medicinasinc.com\\\/it\\\/wp-content\\\/uploads\\\/sites\\\/4\\\/2022\\\/02\\\/Buy-Phenobarbital-Tablets.jpg\",\"contentUrl\":\"https:\\\/\\\/medicinasinc.com\\\/it\\\/wp-content\\\/uploads\\\/sites\\\/4\\\/2022\\\/02\\\/Buy-Phenobarbital-Tablets.jpg\",\"width\":600,\"height\":600},{\"@type\":\"BreadcrumbList\",\"@id\":\"https:\\\/\\\/medicinasinc.com\\\/it\\\/product\\\/comprare-fenobarbital-fenobarbital-luminale\\\/#breadcrumb\",\"itemListElement\":[{\"@type\":\"ListItem\",\"position\":1,\"name\":\"Negozio\",\"item\":\"https:\\\/\\\/medicinasinc.com\\\/it\\\/negozio\\\/\"},{\"@type\":\"ListItem\",\"position\":2,\"name\":\"Acquista fenobarbital (fenobarbital) \\\/ luminale\"}]},{\"@type\":\"WebSite\",\"@id\":\"https:\\\/\\\/medicinasinc.com\\\/it\\\/#website\",\"url\":\"https:\\\/\\\/medicinasinc.com\\\/it\\\/\",\"name\":\"Medicinas Inc\",\"description\":\"Health Medical Clinic\",\"potentialAction\":[{\"@type\":\"SearchAction\",\"target\":{\"@type\":\"EntryPoint\",\"urlTemplate\":\"https:\\\/\\\/medicinasinc.com\\\/it\\\/?s={search_term_string}\"},\"query-input\":{\"@type\":\"PropertyValueSpecification\",\"valueRequired\":true,\"valueName\":\"search_term_string\"}}],\"inLanguage\":\"it-IT\"}]}<\/script>\n<!-- \/ Yoast SEO plugin. -->","yoast_head_json":{"title":"Acquista fenobarbital (fenobarbital) \/ luminal - I migliori farmaci globali","description":"Ora puoi effettuare l'acquisto per le compresse di fenobarbital Luminal presso la farmacia online di Nembutal. Il tuo ordine a Phenobarbital Luminal in vendita verr\u00e0 completato nel pi\u00f9 breve tempo possibile. Tutto quello che devi fare \u00e8 inviarci una chiamata, un SMS o un'e-mail oggi stesso e ricevere presto i tuoi farmaci. Connettiti ora!","robots":{"index":"index","follow":"follow","max-snippet":"max-snippet:-1","max-image-preview":"max-image-preview:large","max-video-preview":"max-video-preview:-1"},"canonical":"https:\/\/medicinasinc.com\/it\/product\/comprare-fenobarbital-fenobarbital-luminale\/","og_locale":"it_IT","og_type":"article","og_title":"Acquista fenobarbital (fenobarbital) \/ luminal - I migliori farmaci globali","og_description":"Ora puoi effettuare l'acquisto per le compresse di fenobarbital Luminal presso la farmacia online di Nembutal. Il tuo ordine a Phenobarbital Luminal in vendita verr\u00e0 completato nel pi\u00f9 breve tempo possibile. Tutto quello che devi fare \u00e8 inviarci una chiamata, un SMS o un'e-mail oggi stesso e ricevere presto i tuoi farmaci. Connettiti ora!","og_url":"https:\/\/medicinasinc.com\/it\/product\/comprare-fenobarbital-fenobarbital-luminale\/","og_site_name":"Medicinas Inc","article_modified_time":"2022-03-17T00:03:06+00:00","og_image":[{"width":600,"height":600,"url":"https:\/\/medicinasinc.com\/it\/wp-content\/uploads\/sites\/4\/2022\/02\/Buy-Phenobarbital-Tablets.jpg","type":"image\/jpeg"}],"twitter_card":"summary_large_image","twitter_misc":{"Tempo di lettura stimato":"2 minuti"},"schema":{"@context":"https:\/\/schema.org","@graph":[{"@type":"WebPage","@id":"https:\/\/medicinasinc.com\/it\/product\/comprare-fenobarbital-fenobarbital-luminale\/","url":"https:\/\/medicinasinc.com\/it\/product\/comprare-fenobarbital-fenobarbital-luminale\/","name":"Acquista fenobarbital (fenobarbital) \/ luminal - I migliori farmaci globali","isPartOf":{"@id":"https:\/\/medicinasinc.com\/it\/#website"},"primaryImageOfPage":{"@id":"https:\/\/medicinasinc.com\/it\/product\/comprare-fenobarbital-fenobarbital-luminale\/#primaryimage"},"image":{"@id":"https:\/\/medicinasinc.com\/it\/product\/comprare-fenobarbital-fenobarbital-luminale\/#primaryimage"},"thumbnailUrl":"https:\/\/medicinasinc.com\/it\/wp-content\/uploads\/sites\/4\/2022\/02\/Buy-Phenobarbital-Tablets.jpg","datePublished":"2022-02-22T06:27:38+00:00","dateModified":"2022-03-17T00:03:06+00:00","description":"Ora puoi effettuare l'acquisto per le compresse di fenobarbital Luminal presso la farmacia online di Nembutal. Il tuo ordine a Phenobarbital Luminal in vendita verr\u00e0 completato nel pi\u00f9 breve tempo possibile. Tutto quello che devi fare \u00e8 inviarci una chiamata, un SMS o un'e-mail oggi stesso e ricevere presto i tuoi farmaci. Connettiti ora!","breadcrumb":{"@id":"https:\/\/medicinasinc.com\/it\/product\/comprare-fenobarbital-fenobarbital-luminale\/#breadcrumb"},"inLanguage":"it-IT","potentialAction":[{"@type":"ReadAction","target":["https:\/\/medicinasinc.com\/it\/product\/comprare-fenobarbital-fenobarbital-luminale\/"]}]},{"@type":"ImageObject","inLanguage":"it-IT","@id":"https:\/\/medicinasinc.com\/it\/product\/comprare-fenobarbital-fenobarbital-luminale\/#primaryimage","url":"https:\/\/medicinasinc.com\/it\/wp-content\/uploads\/sites\/4\/2022\/02\/Buy-Phenobarbital-Tablets.jpg","contentUrl":"https:\/\/medicinasinc.com\/it\/wp-content\/uploads\/sites\/4\/2022\/02\/Buy-Phenobarbital-Tablets.jpg","width":600,"height":600},{"@type":"BreadcrumbList","@id":"https:\/\/medicinasinc.com\/it\/product\/comprare-fenobarbital-fenobarbital-luminale\/#breadcrumb","itemListElement":[{"@type":"ListItem","position":1,"name":"Negozio","item":"https:\/\/medicinasinc.com\/it\/negozio\/"},{"@type":"ListItem","position":2,"name":"Acquista fenobarbital (fenobarbital) \/ luminale"}]},{"@type":"WebSite","@id":"https:\/\/medicinasinc.com\/it\/#website","url":"https:\/\/medicinasinc.com\/it\/","name":"Medicinas Inc","description":"Health Medical Clinic","potentialAction":[{"@type":"SearchAction","target":{"@type":"EntryPoint","urlTemplate":"https:\/\/medicinasinc.com\/it\/?s={search_term_string}"},"query-input":{"@type":"PropertyValueSpecification","valueRequired":true,"valueName":"search_term_string"}}],"inLanguage":"it-IT"}]}},"_links":{"self":[{"href":"https:\/\/medicinasinc.com\/it\/wp-json\/wp\/v2\/product\/5798","targetHints":{"allow":["GET"]}}],"collection":[{"href":"https:\/\/medicinasinc.com\/it\/wp-json\/wp\/v2\/product"}],"about":[{"href":"https:\/\/medicinasinc.com\/it\/wp-json\/wp\/v2\/types\/product"}],"replies":[{"embeddable":true,"href":"https:\/\/medicinasinc.com\/it\/wp-json\/wp\/v2\/comments?post=5798"}],"wp:featuredmedia":[{"embeddable":true,"href":"https:\/\/medicinasinc.com\/it\/wp-json\/wp\/v2\/media\/5808"}],"wp:attachment":[{"href":"https:\/\/medicinasinc.com\/it\/wp-json\/wp\/v2\/media?parent=5798"}],"wp:term":[{"taxonomy":"product_brand","embeddable":true,"href":"https:\/\/medicinasinc.com\/it\/wp-json\/wp\/v2\/product_brand?post=5798"},{"taxonomy":"product_cat","embeddable":true,"href":"https:\/\/medicinasinc.com\/it\/wp-json\/wp\/v2\/product_cat?post=5798"},{"taxonomy":"product_tag","embeddable":true,"href":"https:\/\/medicinasinc.com\/it\/wp-json\/wp\/v2\/product_tag?post=5798"}],"curies":[{"name":"wp","href":"https:\/\/api.w.org\/{rel}","templated":true}]}}