{"id":5792,"date":"2022-02-22T06:20:38","date_gmt":"2022-02-22T06:20:38","guid":{"rendered":"https:\/\/medicinasinc.com\/it\/?post_type=product&#038;p=5792"},"modified":"2022-03-17T00:03:15","modified_gmt":"2022-03-17T00:03:15","slug":"comprare-seconal-sodio","status":"publish","type":"product","link":"https:\/\/medicinasinc.com\/it\/product\/comprare-seconal-sodio\/","title":{"rendered":"Acquista Seconal Sodio"},"content":{"rendered":"<p>Ordina Seconal Sodium online dalla migliore farmacia. \u2013<\/p>\n<p>Ora \u00e8 possibile acquistare Nembutal online con Seconal Sodium ai costi pi\u00f9 bassi. Nella nostra farmacia online, puoi ordinare Seconal Sodium e riceverlo a casa tua in pochi giorni. Per ricevere la pronta consegna del tuo Seconal Sodium, effettua semplicemente un ordine con noi e uno dei membri del nostro team lo preparer\u00e0 e lo imballer\u00e0 per te. Dato che operiamo in questo settore da cos\u00ec tanto tempo, ci siamo costruiti una solida reputazione come farmacia affidabile. In termini di acquisto dei farmaci della migliore qualit\u00e0, puoi fare affidamento su di noi per consegnarli in tempo.<\/p>\n<p>Quali sono i vantaggi di Seconal Sodium? Perch\u00e9 dovresti comprarlo da noi?<\/p>\n<p>Prima dell&#8217;operazione, Seconal Sodium viene utilizzato per aiutarti a rilassarti. Appartiene alla classe di farmaci noti come ipnotici barbiturici, che include Seconal. Ti calma influenzando sezioni specifiche del tuo cervello. Gli anziani dovrebbero discutere i benefici e i rischi di questo farmaco, cos\u00ec come quelli di farmaci pi\u00f9 potenti ma possibilmente pi\u00f9 sicuri, con il proprio medico o specialista in farmaci. Prima di iniziare a prendere Seconal Sodium e ogni volta che ricevi una ricarica, leggi la Guida ai farmaci fornita dalla nostra farmacia online. Consultare il proprio medico o uno specialista in farmaci in caso di domande. Prima dell&#8217;intervento chirurgico, segui le istruzioni del tuo medico e prendi questa prescrizione per bocca con un bicchiere d&#8217;acqua a stomaco vuoto.<\/p>\n<p>Un disturbo per il quale viene utilizzato esclusivamente Seconal Sodium \u00e8 quello elencato di seguito:<\/p>\n<p>iniezioni di anestetico extra<br \/> agente che induce l&#8217;anestesia<\/p>\n<p>La nostra farmacia online di Nembutal vende e fornisce Secobarbital di sodio nel luogo desiderato il pi\u00f9 rapidamente possibile. Il modo migliore in cui possiamo servirti \u00e8 permetterci di farlo. \u00c8 sicuro riporre la tua fiducia nella nostra farmacia Nembutal online. Siamo costantemente qui per aiutare i nostri importanti clienti a raggiungere i loro obiettivi e soddisfare i loro criteri. Ti preghiamo di contattarci il prima possibile!<\/p>\n","protected":false},"excerpt":{"rendered":"<p>Rivolgiti a una farmacia di nembutal online per assistenza<\/p>\n<p>Acquista Seconal Sodium in vendita nel Regno Unito, in Europa e nel resto del mondo al miglior prezzo possibile ordinando online. La nostra farmacia online Seconal Sodium offre un&#8217;ampia variet\u00e0 di vitamine e prodotti farmaceutici di alta qualit\u00e0. Per effettuare un ordine, vai al sito web.<\/p>\n<p>Chiunque nel mondo pu\u00f2 acquistare Nembutal online da una farmacia online. In qualsiasi momento, da qualsiasi luogo, mettiti in contatto con noi. Qualsiasi domanda o dubbio che i nostri clienti hanno sar\u00e0 prontamente affrontato da uno dei nostri rappresentanti del servizio clienti. Iniziamo a imballare il tuo prodotto non appena riceviamo i dati dell&#8217;ordine da te. Ci assicuriamo che tutti i nostri clienti&#8217; i medicinali arrivano in una confezione sicura e adeguata e che nessuno di essi \u00e8 stato manomesso. La qualit\u00e0 dei tuoi farmaci o lo stato della tua consegna non sono mai un problema quando lavori con noi. Siamo qui per assumerci la piena responsabilit\u00e0 di tutto. Da qui non puoi aspettarti altro che il meglio per il tuo benessere. Puoi metterti in contatto con noi per telefono, e-mail o SMS. Acquista oggi Seconal Sodium Secobarbital 100 mg dalla farmacia online Nembutal e ricevilo in breve tempo.<\/p>\n","protected":false},"featured_media":5802,"comment_status":"open","ping_status":"closed","template":"","meta":[],"product_brand":[],"product_cat":[59,3818],"product_tag":[3821,3820,3952,3828,3829,3879,3878,3819,3822,3823,3826,3840,3948,3841,3842,3824,3827,3830,3907,3882,3923,3954,3925,3926,3921,3920,3918,3916,3919,3922,3927,3911,3843,3885,3886,3887,3844,3881,3949,3869,3845,3950,3875,3889,3876,3893,3891,3892,3883,3880,3884,3890,3895,3900,3901,3902,3903,3874,3951,3866,3894,3831,3896,3897,3910,3835,3834,3904,3898,3953,3906,3909,3908,3888,3899,3913],"class_list":{"0":"post-5792","1":"product","2":"type-product","3":"status-publish","4":"has-post-thumbnail","6":"product_cat-non-categorizzato","7":"product_cat-pentobarbital-in-vendita","8":"product_tag-compra-nembutal-on-line-a-buon-mercato","9":"product_tag-comprare-nembutal-liquido-economico-online","10":"product_tag-acquisto-nembutal-liquido-online","11":"product_tag-compra-pentobarbital-sodio-2021","12":"product_tag-comprare-pentobarbital-sodio-pentobarbital-sale-sodio","13":"product_tag-pentobarbital-sodio-acquisto","14":"product_tag-pentobarbital-sodio-anestesia","15":"product_tag-best-drug-for-suicide-overdose","16":"product_tag-buy-nembutal-here","17":"product_tag-buy-nembutal-liquid-online","18":"product_tag-buy-nembutal-sodium-online","19":"product_tag-come-acquisire-nembutal","20":"product_tag-come-acquistare-nembutal-liquido-online","21":"product_tag-come-acquistare-nembutal-online","22":"product_tag-come-ordinare-il-nembutal-per-posta","23":"product_tag-comprare-nembutal-pentobarbital-sodio","24":"product_tag-comprare-pentobarbital-sodio","25":"product_tag-buy-sodio-pentobarbital-uk","26":"product_tag-sodio-pentobarbital-costo","27":"product_tag-dosaggio-di-pentobarbital-sodio","28":"product_tag-dove-acquistare-nembutal-on-line","29":"product_tag-dove-acquistare-nembutal-liquido-online","30":"product_tag-dove-acquistare-pentobarbital-sodio","31":"product_tag-dove-acquistare-pentobarbital-sodio-per-cani","32":"product_tag-dove-posso-acquistare-nembutal","33":"product_tag-dove-posso-comprare-sodio-pentobarbital","34":"product_tag-dove-posso-comprare-pentobarbital-sodio","35":"product_tag-dove-posso-comprare-nembutal-sodio-pentobarbital","36":"product_tag-dove-posso-comprare-pentobarbital-sodio-sonniferi","37":"product_tag-dove-puoi-comprare-pentobarbital-sodio","38":"product_tag-dove-trovare-pentobarbital-sodio","39":"product_tag-durata-di-conservazione-del-sodio-pentobarbital","40":"product_tag--facile-acquistare-nembutal-online","41":"product_tag-gruppo-pentobarbital-sodio","42":"product_tag-pentobarbital-sodio-iniezione-per-cani","43":"product_tag-pentobarbital-sodio-iniezione-per-luomo","44":"product_tag-iniezione-letale-acquista-online","45":"product_tag-pentobarbital-sodio-morte","46":"product_tag-nembutal-liquido-in-vendita","47":"product_tag-nembutal-suicide-dose","48":"product_tag-nembutale","49":"product_tag-order-nembutal-liquid-online","50":"product_tag-pentobarbital-de-sodio-dose-letale","51":"product_tag-pentobarbital-sodio-iniezione-usp","52":"product_tag-pentobarbital-per-leutanasia","53":"product_tag-pentobarbital-sodio-da-banco","54":"product_tag-pentobarbital-sodio-nz","55":"product_tag-pentobarbital-sodio-orale","56":"product_tag-pentobarbital-sodio-per-cani","57":"product_tag-pentobarbital-sodio-cina","58":"product_tag-pentobarbital-sodio-per-uomo","59":"product_tag-pentobarbital-sodium-liquid","60":"product_tag-pentobarbital-sodium-powder","61":"product_tag-pentobarbital-sodium-sleeping-pills-over-the-counter","62":"product_tag-pentobarbital-sodium-tablets","63":"product_tag-pentobarbital-sodium-where-to-buy","64":"product_tag-pentobarbital-use","65":"product_tag-pentobarbitale","66":"product_tag-phenobarbital-sodium-intravenous","67":"product_tag-nembutal-pillole-online","68":"product_tag-pillole-di-pentobarbital-di-sodio","69":"product_tag-posso-comprare-il-pentobarbital","70":"product_tag-pentobarbital-sodio-prescrizione","71":"product_tag-prezzo-pentobarbital-sodio","72":"product_tag-produttori-di-sodio-pentobarbital","73":"product_tag-puoi-comprare-sodio-pentobarbital","74":"product_tag-puoi-acquistare-pentobarbital-sodio-da-banco","75":"product_tag-purchase-nembutal-online","76":"product_tag-pentobarbital-sale-sodico","77":"product_tag-sodio","78":"product_tag-sodio-pentobarbital-nembutal","79":"product_tag-sodio-pentobarbital-per-eutanasia","80":"product_tag-sodio-pentobarbital-per-eutanasia-animale","81":"product_tag-pentobarbital-soluzione-iniezione-di-sodio","82":"product_tag-sonniferi-di-pentobarbital-sodio","83":"product_tag-voglio-acquistare-nembutal","85":"first","86":"instock","87":"shipping-taxable","88":"purchasable","89":"product-type-variable"},"yoast_head":"<!-- This site is optimized with the Yoast SEO plugin v27.3 - https:\/\/yoast.com\/product\/yoast-seo-wordpress\/ -->\n<title>Acquista Seconal Sodium - I migliori farmaci globali migliori<\/title>\n<meta name=\"description\" content=\"Acquista Seconal Sodium in vendita nel Regno Unito, in Europa 100mg online al miglior prezzo. Vasta selezione di integratori e farmaci di alta qualit\u00e0 nella nostra farmacia Seconal Sodium online. Ordinare on-line.\" \/>\n<meta name=\"robots\" content=\"index, follow, max-snippet:-1, max-image-preview:large, max-video-preview:-1\" \/>\n<link rel=\"canonical\" href=\"https:\/\/medicinasinc.com\/it\/product\/comprare-seconal-sodio\/\" \/>\n<meta property=\"og:locale\" content=\"it_IT\" \/>\n<meta property=\"og:type\" content=\"article\" \/>\n<meta property=\"og:title\" content=\"Acquista Seconal Sodium - I migliori farmaci globali migliori\" \/>\n<meta property=\"og:description\" content=\"Acquista Seconal Sodium in vendita nel Regno Unito, in Europa 100mg online al miglior prezzo. Vasta selezione di integratori e farmaci di alta qualit\u00e0 nella nostra farmacia Seconal Sodium online. Ordinare on-line.\" \/>\n<meta property=\"og:url\" content=\"https:\/\/medicinasinc.com\/it\/product\/comprare-seconal-sodio\/\" \/>\n<meta property=\"og:site_name\" content=\"Medicinas Inc\" \/>\n<meta property=\"article:modified_time\" content=\"2022-03-17T00:03:15+00:00\" \/>\n<meta property=\"og:image\" content=\"https:\/\/medicinasinc.com\/it\/wp-content\/uploads\/sites\/4\/2022\/02\/Buy-Seconal-Sodium.jpg\" \/>\n\t<meta property=\"og:image:width\" content=\"600\" \/>\n\t<meta property=\"og:image:height\" content=\"600\" \/>\n\t<meta property=\"og:image:type\" content=\"image\/jpeg\" \/>\n<meta name=\"twitter:card\" content=\"summary_large_image\" \/>\n<meta name=\"twitter:label1\" content=\"Tempo di lettura stimato\" \/>\n\t<meta name=\"twitter:data1\" content=\"2 minuti\" \/>\n<script type=\"application\/ld+json\" class=\"yoast-schema-graph\">{\"@context\":\"https:\\\/\\\/schema.org\",\"@graph\":[{\"@type\":\"WebPage\",\"@id\":\"https:\\\/\\\/medicinasinc.com\\\/it\\\/product\\\/comprare-seconal-sodio\\\/\",\"url\":\"https:\\\/\\\/medicinasinc.com\\\/it\\\/product\\\/comprare-seconal-sodio\\\/\",\"name\":\"Acquista Seconal Sodium - I migliori farmaci globali migliori\",\"isPartOf\":{\"@id\":\"https:\\\/\\\/medicinasinc.com\\\/it\\\/#website\"},\"primaryImageOfPage\":{\"@id\":\"https:\\\/\\\/medicinasinc.com\\\/it\\\/product\\\/comprare-seconal-sodio\\\/#primaryimage\"},\"image\":{\"@id\":\"https:\\\/\\\/medicinasinc.com\\\/it\\\/product\\\/comprare-seconal-sodio\\\/#primaryimage\"},\"thumbnailUrl\":\"https:\\\/\\\/medicinasinc.com\\\/it\\\/wp-content\\\/uploads\\\/sites\\\/4\\\/2022\\\/02\\\/Buy-Seconal-Sodium.jpg\",\"datePublished\":\"2022-02-22T06:20:38+00:00\",\"dateModified\":\"2022-03-17T00:03:15+00:00\",\"description\":\"Acquista Seconal Sodium in vendita nel Regno Unito, in Europa 100mg online al miglior prezzo. Vasta selezione di integratori e farmaci di alta qualit\u00e0 nella nostra farmacia Seconal Sodium online. Ordinare on-line.\",\"breadcrumb\":{\"@id\":\"https:\\\/\\\/medicinasinc.com\\\/it\\\/product\\\/comprare-seconal-sodio\\\/#breadcrumb\"},\"inLanguage\":\"it-IT\",\"potentialAction\":[{\"@type\":\"ReadAction\",\"target\":[\"https:\\\/\\\/medicinasinc.com\\\/it\\\/product\\\/comprare-seconal-sodio\\\/\"]}]},{\"@type\":\"ImageObject\",\"inLanguage\":\"it-IT\",\"@id\":\"https:\\\/\\\/medicinasinc.com\\\/it\\\/product\\\/comprare-seconal-sodio\\\/#primaryimage\",\"url\":\"https:\\\/\\\/medicinasinc.com\\\/it\\\/wp-content\\\/uploads\\\/sites\\\/4\\\/2022\\\/02\\\/Buy-Seconal-Sodium.jpg\",\"contentUrl\":\"https:\\\/\\\/medicinasinc.com\\\/it\\\/wp-content\\\/uploads\\\/sites\\\/4\\\/2022\\\/02\\\/Buy-Seconal-Sodium.jpg\",\"width\":600,\"height\":600},{\"@type\":\"BreadcrumbList\",\"@id\":\"https:\\\/\\\/medicinasinc.com\\\/it\\\/product\\\/comprare-seconal-sodio\\\/#breadcrumb\",\"itemListElement\":[{\"@type\":\"ListItem\",\"position\":1,\"name\":\"Negozio\",\"item\":\"https:\\\/\\\/medicinasinc.com\\\/it\\\/negozio\\\/\"},{\"@type\":\"ListItem\",\"position\":2,\"name\":\"Acquista Seconal Sodio\"}]},{\"@type\":\"WebSite\",\"@id\":\"https:\\\/\\\/medicinasinc.com\\\/it\\\/#website\",\"url\":\"https:\\\/\\\/medicinasinc.com\\\/it\\\/\",\"name\":\"Medicinas Inc\",\"description\":\"Health Medical Clinic\",\"potentialAction\":[{\"@type\":\"SearchAction\",\"target\":{\"@type\":\"EntryPoint\",\"urlTemplate\":\"https:\\\/\\\/medicinasinc.com\\\/it\\\/?s={search_term_string}\"},\"query-input\":{\"@type\":\"PropertyValueSpecification\",\"valueRequired\":true,\"valueName\":\"search_term_string\"}}],\"inLanguage\":\"it-IT\"}]}<\/script>\n<!-- \/ Yoast SEO plugin. -->","yoast_head_json":{"title":"Acquista Seconal Sodium - I migliori farmaci globali migliori","description":"Acquista Seconal Sodium in vendita nel Regno Unito, in Europa 100mg online al miglior prezzo. Vasta selezione di integratori e farmaci di alta qualit\u00e0 nella nostra farmacia Seconal Sodium online. Ordinare on-line.","robots":{"index":"index","follow":"follow","max-snippet":"max-snippet:-1","max-image-preview":"max-image-preview:large","max-video-preview":"max-video-preview:-1"},"canonical":"https:\/\/medicinasinc.com\/it\/product\/comprare-seconal-sodio\/","og_locale":"it_IT","og_type":"article","og_title":"Acquista Seconal Sodium - I migliori farmaci globali migliori","og_description":"Acquista Seconal Sodium in vendita nel Regno Unito, in Europa 100mg online al miglior prezzo. Vasta selezione di integratori e farmaci di alta qualit\u00e0 nella nostra farmacia Seconal Sodium online. Ordinare on-line.","og_url":"https:\/\/medicinasinc.com\/it\/product\/comprare-seconal-sodio\/","og_site_name":"Medicinas Inc","article_modified_time":"2022-03-17T00:03:15+00:00","og_image":[{"width":600,"height":600,"url":"https:\/\/medicinasinc.com\/it\/wp-content\/uploads\/sites\/4\/2022\/02\/Buy-Seconal-Sodium.jpg","type":"image\/jpeg"}],"twitter_card":"summary_large_image","twitter_misc":{"Tempo di lettura stimato":"2 minuti"},"schema":{"@context":"https:\/\/schema.org","@graph":[{"@type":"WebPage","@id":"https:\/\/medicinasinc.com\/it\/product\/comprare-seconal-sodio\/","url":"https:\/\/medicinasinc.com\/it\/product\/comprare-seconal-sodio\/","name":"Acquista Seconal Sodium - I migliori farmaci globali migliori","isPartOf":{"@id":"https:\/\/medicinasinc.com\/it\/#website"},"primaryImageOfPage":{"@id":"https:\/\/medicinasinc.com\/it\/product\/comprare-seconal-sodio\/#primaryimage"},"image":{"@id":"https:\/\/medicinasinc.com\/it\/product\/comprare-seconal-sodio\/#primaryimage"},"thumbnailUrl":"https:\/\/medicinasinc.com\/it\/wp-content\/uploads\/sites\/4\/2022\/02\/Buy-Seconal-Sodium.jpg","datePublished":"2022-02-22T06:20:38+00:00","dateModified":"2022-03-17T00:03:15+00:00","description":"Acquista Seconal Sodium in vendita nel Regno Unito, in Europa 100mg online al miglior prezzo. Vasta selezione di integratori e farmaci di alta qualit\u00e0 nella nostra farmacia Seconal Sodium online. Ordinare on-line.","breadcrumb":{"@id":"https:\/\/medicinasinc.com\/it\/product\/comprare-seconal-sodio\/#breadcrumb"},"inLanguage":"it-IT","potentialAction":[{"@type":"ReadAction","target":["https:\/\/medicinasinc.com\/it\/product\/comprare-seconal-sodio\/"]}]},{"@type":"ImageObject","inLanguage":"it-IT","@id":"https:\/\/medicinasinc.com\/it\/product\/comprare-seconal-sodio\/#primaryimage","url":"https:\/\/medicinasinc.com\/it\/wp-content\/uploads\/sites\/4\/2022\/02\/Buy-Seconal-Sodium.jpg","contentUrl":"https:\/\/medicinasinc.com\/it\/wp-content\/uploads\/sites\/4\/2022\/02\/Buy-Seconal-Sodium.jpg","width":600,"height":600},{"@type":"BreadcrumbList","@id":"https:\/\/medicinasinc.com\/it\/product\/comprare-seconal-sodio\/#breadcrumb","itemListElement":[{"@type":"ListItem","position":1,"name":"Negozio","item":"https:\/\/medicinasinc.com\/it\/negozio\/"},{"@type":"ListItem","position":2,"name":"Acquista Seconal Sodio"}]},{"@type":"WebSite","@id":"https:\/\/medicinasinc.com\/it\/#website","url":"https:\/\/medicinasinc.com\/it\/","name":"Medicinas Inc","description":"Health Medical Clinic","potentialAction":[{"@type":"SearchAction","target":{"@type":"EntryPoint","urlTemplate":"https:\/\/medicinasinc.com\/it\/?s={search_term_string}"},"query-input":{"@type":"PropertyValueSpecification","valueRequired":true,"valueName":"search_term_string"}}],"inLanguage":"it-IT"}]}},"_links":{"self":[{"href":"https:\/\/medicinasinc.com\/it\/wp-json\/wp\/v2\/product\/5792","targetHints":{"allow":["GET"]}}],"collection":[{"href":"https:\/\/medicinasinc.com\/it\/wp-json\/wp\/v2\/product"}],"about":[{"href":"https:\/\/medicinasinc.com\/it\/wp-json\/wp\/v2\/types\/product"}],"replies":[{"embeddable":true,"href":"https:\/\/medicinasinc.com\/it\/wp-json\/wp\/v2\/comments?post=5792"}],"wp:featuredmedia":[{"embeddable":true,"href":"https:\/\/medicinasinc.com\/it\/wp-json\/wp\/v2\/media\/5802"}],"wp:attachment":[{"href":"https:\/\/medicinasinc.com\/it\/wp-json\/wp\/v2\/media?parent=5792"}],"wp:term":[{"taxonomy":"product_brand","embeddable":true,"href":"https:\/\/medicinasinc.com\/it\/wp-json\/wp\/v2\/product_brand?post=5792"},{"taxonomy":"product_cat","embeddable":true,"href":"https:\/\/medicinasinc.com\/it\/wp-json\/wp\/v2\/product_cat?post=5792"},{"taxonomy":"product_tag","embeddable":true,"href":"https:\/\/medicinasinc.com\/it\/wp-json\/wp\/v2\/product_tag?post=5792"}],"curies":[{"name":"wp","href":"https:\/\/api.w.org\/{rel}","templated":true}]}}