{"id":5785,"date":"2022-02-22T06:12:06","date_gmt":"2022-02-22T06:12:06","guid":{"rendered":"https:\/\/medicinasinc.com\/it\/?post_type=product&#038;p=5785"},"modified":"2022-08-04T08:51:55","modified_gmt":"2022-08-04T08:51:55","slug":"comprare-nembutal-pentobarbital-sodio","status":"publish","type":"product","link":"https:\/\/medicinasinc.com\/it\/product\/comprare-nembutal-pentobarbital-sodio\/","title":{"rendered":"Acquista Nembutal Pentobarbital Sodio"},"content":{"rendered":"<p>Best Global Med offre il miglior prezzo e qualit\u00e0 su Nembutal Pentobarbital Sodium in vendita. Invia una richiesta online sul nostro sito Web.<\/p>\n<p>Ci sono diversi motivi per cui le persone scelgono il nembutal pentobarbital per uso orale, ma uno dei pi\u00f9 comuni \u00e8 la forma liquida.<\/p>\n<p>Una forma liquida di Nembutal Il fenobarbital (noto anche come Nembutal) \u00e8 un medicinale a base di barbiturici. Sebbene ampiamente utilizzato come aiuto per dormire negli anni &#8217;40 e &#8217;50, l&#8217;ipnosi era anche usato come forma di farmaco ansiogeno (ad esempio narcotico). Il sovradosaggio di Nembutal \u00e8 molto pi\u00f9 letale di quanto non lo sia con gli odierni sonniferi. \u00c8 uno dei migliori farmaci per il suicidio assistito perch\u00e9 \u00e8 solido e silenzioso. Il nembutal \u00e8 utilizzato da organizzazioni di sterminio deliberato negli Stati Uniti (Oregon Death With Dignity Act), in Svizzera (Dignitas) e nei Paesi Bassi.<\/p>\n<p>Il nembutal \u00e8 stato rimosso dal mercato perch\u00e9 era cos\u00ec facile overdose su di esso (sia accidentale che pianificato), quindi \u00e8 stato sostituito da medicinali per dormire pi\u00f9 sicuri. Per l&#8217;anno 1998, il Nembutal \u00e8 stato rimosso dall&#8217;elenco dei farmaci raccomandati dal governo australiano. Il nembutal, d&#8217;altra parte, \u00e8 ancora utilizzato dai veterinari per porre fine alla vita di animali pi\u00f9 grandi. Molte persone sono state in grado di ottenere Nembutal veterinario per porre fine alla loro vita. Marilyn Monroe, la leggendaria attrice e cantante americana, si sarebbe suicidata con una dose letale di Nembutal.<\/p>\n<p>Quando il dottor John S. Lundy inizi\u00f2 a usare l&#8217;equazione del sale di sodio: Na (sodio) + etile + metile + butile + al: nel 1930 gli fu dato il marchio &#8220;Nembutal&#8221; (normale suffisso per i barbiturici). In Danimarca, Lundbeck possiede il marchio e produce Nembutal.<\/p>\n<p>I barbiturici a breve durata d&#8217;azione includono il fenobarbital (inglese americano) e il pentobarbitone (inglese britannico). Quando si tratta di fenobarbital, si presenta in una variet\u00e0 di forme tra cui corrosivo libero e sali di vari costituenti, come sodio e calcio. In acqua ed etanolo, il corrosivo libero \u00e8 solo leggermente solubile. Il nembutal \u00e8 uno dei marchi del farmaco.<\/p>\n<p>La formula chimica per C11H18N2O3 \u00e8 la seguente:<\/p>\n<p>Il fegato \u00e8 coinvolto nei processi metabolici.<\/p>\n<p>Emivita di composti organici: 15\u201348 ore. Liquido in polvere, pillole<\/p>\n","protected":false},"excerpt":{"rendered":"<p>Acquista Nembutal Pentobarbital Sodium online dal nostro negozio medicinasinc.com e ricevilo prontamente a casa tua! Troverai il posto migliore per acquistare Nembutal online proprio qui!<\/p>\n<p>Puoi acquistare Nembutal online da Best Global Meds, che consegna a casa tua. Il Nembutal senza prescrizione medica \u00e8 disponibile qui ai costi pi\u00f9 bassi.<\/p>\n<p>Dato che le overdose di Nembutal erano cos\u00ec comuni, il farmaco \u00e8 stato ritirato dal mercato e sostituito con sonniferi pi\u00f9 sicuri. Gli australiani non potevano pi\u00f9 raccomandare il Nembutal come opzione terapeutica nel 1998. In ogni caso, i veterani continuano a prendere il Nembutal.<\/p>\n","protected":false},"featured_media":5796,"comment_status":"open","ping_status":"closed","template":"","meta":[],"product_brand":[],"product_cat":[3818],"product_tag":[3821,3820,3952,3828,3829,3879,3878,3819,3822,3823,3826,3840,3948,3841,3842,3824,3827,3830,3907,3882,3923,3954,3925,3926,3921,3920,3918,3916,3919,3922,3927,3911,3843,3885,3886,3887,3844,3881,3949,3869,3845,3950,3875,3889,3876,3893,3891,3892,3883,3880,3884,3890,3895,3900,3901,3902,3903,3874,3951,3866,3894,3831,3896,3897,3910,3835,3834,3904,3898,3953,3906,3909,3908,3888,3899,3913],"class_list":{"0":"post-5785","1":"product","2":"type-product","3":"status-publish","4":"has-post-thumbnail","6":"product_cat-pentobarbital-in-vendita","7":"product_tag-compra-nembutal-on-line-a-buon-mercato","8":"product_tag-comprare-nembutal-liquido-economico-online","9":"product_tag-acquisto-nembutal-liquido-online","10":"product_tag-compra-pentobarbital-sodio-2021","11":"product_tag-comprare-pentobarbital-sodio-pentobarbital-sale-sodio","12":"product_tag-pentobarbital-sodio-acquisto","13":"product_tag-pentobarbital-sodio-anestesia","14":"product_tag-best-drug-for-suicide-overdose","15":"product_tag-buy-nembutal-here","16":"product_tag-buy-nembutal-liquid-online","17":"product_tag-buy-nembutal-sodium-online","18":"product_tag-come-acquisire-nembutal","19":"product_tag-come-acquistare-nembutal-liquido-online","20":"product_tag-come-acquistare-nembutal-online","21":"product_tag-come-ordinare-il-nembutal-per-posta","22":"product_tag-comprare-nembutal-pentobarbital-sodio","23":"product_tag-comprare-pentobarbital-sodio","24":"product_tag-buy-sodio-pentobarbital-uk","25":"product_tag-sodio-pentobarbital-costo","26":"product_tag-dosaggio-di-pentobarbital-sodio","27":"product_tag-dove-acquistare-nembutal-on-line","28":"product_tag-dove-acquistare-nembutal-liquido-online","29":"product_tag-dove-acquistare-pentobarbital-sodio","30":"product_tag-dove-acquistare-pentobarbital-sodio-per-cani","31":"product_tag-dove-posso-acquistare-nembutal","32":"product_tag-dove-posso-comprare-sodio-pentobarbital","33":"product_tag-dove-posso-comprare-pentobarbital-sodio","34":"product_tag-dove-posso-comprare-nembutal-sodio-pentobarbital","35":"product_tag-dove-posso-comprare-pentobarbital-sodio-sonniferi","36":"product_tag-dove-puoi-comprare-pentobarbital-sodio","37":"product_tag-dove-trovare-pentobarbital-sodio","38":"product_tag-durata-di-conservazione-del-sodio-pentobarbital","39":"product_tag--facile-acquistare-nembutal-online","40":"product_tag-gruppo-pentobarbital-sodio","41":"product_tag-pentobarbital-sodio-iniezione-per-cani","42":"product_tag-pentobarbital-sodio-iniezione-per-luomo","43":"product_tag-iniezione-letale-acquista-online","44":"product_tag-pentobarbital-sodio-morte","45":"product_tag-nembutal-liquido-in-vendita","46":"product_tag-nembutal-suicide-dose","47":"product_tag-nembutale","48":"product_tag-order-nembutal-liquid-online","49":"product_tag-pentobarbital-de-sodio-dose-letale","50":"product_tag-pentobarbital-sodio-iniezione-usp","51":"product_tag-pentobarbital-per-leutanasia","52":"product_tag-pentobarbital-sodio-da-banco","53":"product_tag-pentobarbital-sodio-nz","54":"product_tag-pentobarbital-sodio-orale","55":"product_tag-pentobarbital-sodio-per-cani","56":"product_tag-pentobarbital-sodio-cina","57":"product_tag-pentobarbital-sodio-per-uomo","58":"product_tag-pentobarbital-sodium-liquid","59":"product_tag-pentobarbital-sodium-powder","60":"product_tag-pentobarbital-sodium-sleeping-pills-over-the-counter","61":"product_tag-pentobarbital-sodium-tablets","62":"product_tag-pentobarbital-sodium-where-to-buy","63":"product_tag-pentobarbital-use","64":"product_tag-pentobarbitale","65":"product_tag-phenobarbital-sodium-intravenous","66":"product_tag-nembutal-pillole-online","67":"product_tag-pillole-di-pentobarbital-di-sodio","68":"product_tag-posso-comprare-il-pentobarbital","69":"product_tag-pentobarbital-sodio-prescrizione","70":"product_tag-prezzo-pentobarbital-sodio","71":"product_tag-produttori-di-sodio-pentobarbital","72":"product_tag-puoi-comprare-sodio-pentobarbital","73":"product_tag-puoi-acquistare-pentobarbital-sodio-da-banco","74":"product_tag-purchase-nembutal-online","75":"product_tag-pentobarbital-sale-sodico","76":"product_tag-sodio","77":"product_tag-sodio-pentobarbital-nembutal","78":"product_tag-sodio-pentobarbital-per-eutanasia","79":"product_tag-sodio-pentobarbital-per-eutanasia-animale","80":"product_tag-pentobarbital-soluzione-iniezione-di-sodio","81":"product_tag-sonniferi-di-pentobarbital-sodio","82":"product_tag-voglio-acquistare-nembutal","84":"first","85":"instock","86":"shipping-taxable","87":"purchasable","88":"product-type-variable"},"yoast_head":"<!-- This site is optimized with the Yoast SEO plugin v27.3 - https:\/\/yoast.com\/product\/yoast-seo-wordpress\/ -->\n<title>Acquista Nembutal Pentobarbital Sodium - I migliori medicinali globali<\/title>\n<meta name=\"description\" content=\"Acquista Nembutal Pentobarbital Sodium Regno Unito, Europa, Asia, Cina nel nostro negozio online medicinasinc.com con consegna veloce in tutto il mondo! Il miglior Nembutal per l&#039;ordinazione lo trovi qui!\" \/>\n<meta name=\"robots\" content=\"index, follow, max-snippet:-1, max-image-preview:large, max-video-preview:-1\" \/>\n<link rel=\"canonical\" href=\"https:\/\/medicinasinc.com\/it\/product\/comprare-nembutal-pentobarbital-sodio\/\" \/>\n<meta property=\"og:locale\" content=\"it_IT\" \/>\n<meta property=\"og:type\" content=\"article\" \/>\n<meta property=\"og:title\" content=\"Acquista Nembutal Pentobarbital Sodium - I migliori medicinali globali\" \/>\n<meta property=\"og:description\" content=\"Acquista Nembutal Pentobarbital Sodium Regno Unito, Europa, Asia, Cina nel nostro negozio online medicinasinc.com con consegna veloce in tutto il mondo! Il miglior Nembutal per l&#039;ordinazione lo trovi qui!\" \/>\n<meta property=\"og:url\" content=\"https:\/\/medicinasinc.com\/it\/product\/comprare-nembutal-pentobarbital-sodio\/\" \/>\n<meta property=\"og:site_name\" content=\"Medicinas Inc\" \/>\n<meta property=\"article:modified_time\" content=\"2022-08-04T08:51:55+00:00\" \/>\n<meta property=\"og:image\" content=\"https:\/\/medicinasinc.com\/it\/wp-content\/uploads\/sites\/4\/2022\/02\/Buy-Pentobarbital-Sodium-1.jpg\" \/>\n\t<meta property=\"og:image:width\" content=\"356\" \/>\n\t<meta property=\"og:image:height\" content=\"540\" \/>\n\t<meta property=\"og:image:type\" content=\"image\/jpeg\" \/>\n<meta name=\"twitter:card\" content=\"summary_large_image\" \/>\n<meta name=\"twitter:label1\" content=\"Tempo di lettura stimato\" \/>\n\t<meta name=\"twitter:data1\" content=\"2 minuti\" \/>\n<script type=\"application\/ld+json\" class=\"yoast-schema-graph\">{\"@context\":\"https:\\\/\\\/schema.org\",\"@graph\":[{\"@type\":\"WebPage\",\"@id\":\"https:\\\/\\\/medicinasinc.com\\\/it\\\/product\\\/comprare-nembutal-pentobarbital-sodio\\\/\",\"url\":\"https:\\\/\\\/medicinasinc.com\\\/it\\\/product\\\/comprare-nembutal-pentobarbital-sodio\\\/\",\"name\":\"Acquista Nembutal Pentobarbital Sodium - I migliori medicinali globali\",\"isPartOf\":{\"@id\":\"https:\\\/\\\/medicinasinc.com\\\/it\\\/#website\"},\"primaryImageOfPage\":{\"@id\":\"https:\\\/\\\/medicinasinc.com\\\/it\\\/product\\\/comprare-nembutal-pentobarbital-sodio\\\/#primaryimage\"},\"image\":{\"@id\":\"https:\\\/\\\/medicinasinc.com\\\/it\\\/product\\\/comprare-nembutal-pentobarbital-sodio\\\/#primaryimage\"},\"thumbnailUrl\":\"https:\\\/\\\/medicinasinc.com\\\/it\\\/wp-content\\\/uploads\\\/sites\\\/4\\\/2022\\\/02\\\/Buy-Pentobarbital-Sodium-1.jpg\",\"datePublished\":\"2022-02-22T06:12:06+00:00\",\"dateModified\":\"2022-08-04T08:51:55+00:00\",\"description\":\"Acquista Nembutal Pentobarbital Sodium Regno Unito, Europa, Asia, Cina nel nostro negozio online medicinasinc.com con consegna veloce in tutto il mondo! Il miglior Nembutal per l'ordinazione lo trovi qui!\",\"breadcrumb\":{\"@id\":\"https:\\\/\\\/medicinasinc.com\\\/it\\\/product\\\/comprare-nembutal-pentobarbital-sodio\\\/#breadcrumb\"},\"inLanguage\":\"it-IT\",\"potentialAction\":[{\"@type\":\"ReadAction\",\"target\":[\"https:\\\/\\\/medicinasinc.com\\\/it\\\/product\\\/comprare-nembutal-pentobarbital-sodio\\\/\"]}]},{\"@type\":\"ImageObject\",\"inLanguage\":\"it-IT\",\"@id\":\"https:\\\/\\\/medicinasinc.com\\\/it\\\/product\\\/comprare-nembutal-pentobarbital-sodio\\\/#primaryimage\",\"url\":\"https:\\\/\\\/medicinasinc.com\\\/it\\\/wp-content\\\/uploads\\\/sites\\\/4\\\/2022\\\/02\\\/Buy-Pentobarbital-Sodium-1.jpg\",\"contentUrl\":\"https:\\\/\\\/medicinasinc.com\\\/it\\\/wp-content\\\/uploads\\\/sites\\\/4\\\/2022\\\/02\\\/Buy-Pentobarbital-Sodium-1.jpg\",\"width\":356,\"height\":540},{\"@type\":\"BreadcrumbList\",\"@id\":\"https:\\\/\\\/medicinasinc.com\\\/it\\\/product\\\/comprare-nembutal-pentobarbital-sodio\\\/#breadcrumb\",\"itemListElement\":[{\"@type\":\"ListItem\",\"position\":1,\"name\":\"Negozio\",\"item\":\"https:\\\/\\\/medicinasinc.com\\\/it\\\/negozio\\\/\"},{\"@type\":\"ListItem\",\"position\":2,\"name\":\"Acquista Nembutal Pentobarbital Sodio\"}]},{\"@type\":\"WebSite\",\"@id\":\"https:\\\/\\\/medicinasinc.com\\\/it\\\/#website\",\"url\":\"https:\\\/\\\/medicinasinc.com\\\/it\\\/\",\"name\":\"Medicinas Inc\",\"description\":\"Health Medical Clinic\",\"potentialAction\":[{\"@type\":\"SearchAction\",\"target\":{\"@type\":\"EntryPoint\",\"urlTemplate\":\"https:\\\/\\\/medicinasinc.com\\\/it\\\/?s={search_term_string}\"},\"query-input\":{\"@type\":\"PropertyValueSpecification\",\"valueRequired\":true,\"valueName\":\"search_term_string\"}}],\"inLanguage\":\"it-IT\"}]}<\/script>\n<!-- \/ Yoast SEO plugin. -->","yoast_head_json":{"title":"Acquista Nembutal Pentobarbital Sodium - I migliori medicinali globali","description":"Acquista Nembutal Pentobarbital Sodium Regno Unito, Europa, Asia, Cina nel nostro negozio online medicinasinc.com con consegna veloce in tutto il mondo! Il miglior Nembutal per l'ordinazione lo trovi qui!","robots":{"index":"index","follow":"follow","max-snippet":"max-snippet:-1","max-image-preview":"max-image-preview:large","max-video-preview":"max-video-preview:-1"},"canonical":"https:\/\/medicinasinc.com\/it\/product\/comprare-nembutal-pentobarbital-sodio\/","og_locale":"it_IT","og_type":"article","og_title":"Acquista Nembutal Pentobarbital Sodium - I migliori medicinali globali","og_description":"Acquista Nembutal Pentobarbital Sodium Regno Unito, Europa, Asia, Cina nel nostro negozio online medicinasinc.com con consegna veloce in tutto il mondo! Il miglior Nembutal per l'ordinazione lo trovi qui!","og_url":"https:\/\/medicinasinc.com\/it\/product\/comprare-nembutal-pentobarbital-sodio\/","og_site_name":"Medicinas Inc","article_modified_time":"2022-08-04T08:51:55+00:00","og_image":[{"width":356,"height":540,"url":"https:\/\/medicinasinc.com\/it\/wp-content\/uploads\/sites\/4\/2022\/02\/Buy-Pentobarbital-Sodium-1.jpg","type":"image\/jpeg"}],"twitter_card":"summary_large_image","twitter_misc":{"Tempo di lettura stimato":"2 minuti"},"schema":{"@context":"https:\/\/schema.org","@graph":[{"@type":"WebPage","@id":"https:\/\/medicinasinc.com\/it\/product\/comprare-nembutal-pentobarbital-sodio\/","url":"https:\/\/medicinasinc.com\/it\/product\/comprare-nembutal-pentobarbital-sodio\/","name":"Acquista Nembutal Pentobarbital Sodium - I migliori medicinali globali","isPartOf":{"@id":"https:\/\/medicinasinc.com\/it\/#website"},"primaryImageOfPage":{"@id":"https:\/\/medicinasinc.com\/it\/product\/comprare-nembutal-pentobarbital-sodio\/#primaryimage"},"image":{"@id":"https:\/\/medicinasinc.com\/it\/product\/comprare-nembutal-pentobarbital-sodio\/#primaryimage"},"thumbnailUrl":"https:\/\/medicinasinc.com\/it\/wp-content\/uploads\/sites\/4\/2022\/02\/Buy-Pentobarbital-Sodium-1.jpg","datePublished":"2022-02-22T06:12:06+00:00","dateModified":"2022-08-04T08:51:55+00:00","description":"Acquista Nembutal Pentobarbital Sodium Regno Unito, Europa, Asia, Cina nel nostro negozio online medicinasinc.com con consegna veloce in tutto il mondo! Il miglior Nembutal per l'ordinazione lo trovi qui!","breadcrumb":{"@id":"https:\/\/medicinasinc.com\/it\/product\/comprare-nembutal-pentobarbital-sodio\/#breadcrumb"},"inLanguage":"it-IT","potentialAction":[{"@type":"ReadAction","target":["https:\/\/medicinasinc.com\/it\/product\/comprare-nembutal-pentobarbital-sodio\/"]}]},{"@type":"ImageObject","inLanguage":"it-IT","@id":"https:\/\/medicinasinc.com\/it\/product\/comprare-nembutal-pentobarbital-sodio\/#primaryimage","url":"https:\/\/medicinasinc.com\/it\/wp-content\/uploads\/sites\/4\/2022\/02\/Buy-Pentobarbital-Sodium-1.jpg","contentUrl":"https:\/\/medicinasinc.com\/it\/wp-content\/uploads\/sites\/4\/2022\/02\/Buy-Pentobarbital-Sodium-1.jpg","width":356,"height":540},{"@type":"BreadcrumbList","@id":"https:\/\/medicinasinc.com\/it\/product\/comprare-nembutal-pentobarbital-sodio\/#breadcrumb","itemListElement":[{"@type":"ListItem","position":1,"name":"Negozio","item":"https:\/\/medicinasinc.com\/it\/negozio\/"},{"@type":"ListItem","position":2,"name":"Acquista Nembutal Pentobarbital Sodio"}]},{"@type":"WebSite","@id":"https:\/\/medicinasinc.com\/it\/#website","url":"https:\/\/medicinasinc.com\/it\/","name":"Medicinas Inc","description":"Health Medical Clinic","potentialAction":[{"@type":"SearchAction","target":{"@type":"EntryPoint","urlTemplate":"https:\/\/medicinasinc.com\/it\/?s={search_term_string}"},"query-input":{"@type":"PropertyValueSpecification","valueRequired":true,"valueName":"search_term_string"}}],"inLanguage":"it-IT"}]}},"_links":{"self":[{"href":"https:\/\/medicinasinc.com\/it\/wp-json\/wp\/v2\/product\/5785","targetHints":{"allow":["GET"]}}],"collection":[{"href":"https:\/\/medicinasinc.com\/it\/wp-json\/wp\/v2\/product"}],"about":[{"href":"https:\/\/medicinasinc.com\/it\/wp-json\/wp\/v2\/types\/product"}],"replies":[{"embeddable":true,"href":"https:\/\/medicinasinc.com\/it\/wp-json\/wp\/v2\/comments?post=5785"}],"wp:featuredmedia":[{"embeddable":true,"href":"https:\/\/medicinasinc.com\/it\/wp-json\/wp\/v2\/media\/5796"}],"wp:attachment":[{"href":"https:\/\/medicinasinc.com\/it\/wp-json\/wp\/v2\/media?parent=5785"}],"wp:term":[{"taxonomy":"product_brand","embeddable":true,"href":"https:\/\/medicinasinc.com\/it\/wp-json\/wp\/v2\/product_brand?post=5785"},{"taxonomy":"product_cat","embeddable":true,"href":"https:\/\/medicinasinc.com\/it\/wp-json\/wp\/v2\/product_cat?post=5785"},{"taxonomy":"product_tag","embeddable":true,"href":"https:\/\/medicinasinc.com\/it\/wp-json\/wp\/v2\/product_tag?post=5785"}],"curies":[{"name":"wp","href":"https:\/\/api.w.org\/{rel}","templated":true}]}}