{"id":5777,"date":"2022-02-22T05:58:59","date_gmt":"2022-02-22T05:58:59","guid":{"rendered":"https:\/\/medicinasinc.com\/it\/?post_type=product&#038;p=5777"},"modified":"2022-08-04T08:47:40","modified_gmt":"2022-08-04T08:47:40","slug":"acquista-capsule-di-nembutal","status":"publish","type":"product","link":"https:\/\/medicinasinc.com\/it\/product\/acquista-capsule-di-nembutal\/","title":{"rendered":"Acquista le capsule di Nembutal"},"content":{"rendered":"<p>Trova i migliori fornitori e rivenditori di capsule di Nembutal presso la nostra farmacia di Nembutal online<\/p>\n<p>Stai cercando di individuare una farmacia online affidabile dove puoi ottenere il miglior affare sulle capsule di Nembutal? S\u00ec? Allora questo \u00e8 il posto ideale per te. Conosciuta come Online Nembutal Pharmacy, siamo una nota farmacia online. Abbiamo raccolto molti clienti devoti grazie alla nostra reputazione come uno dei principali rivenditori e fornitori online di capsule di Nembutal.<\/p>\n<p>Non preoccuparti se \u00e8 la prima volta che acquisti Nembutal Capsule dalla nostra farmacia online . Non puoi aspettarti altro che il meglio qui. Siamo sempre qui per aiutarti a trovare le Capsule di Nembutal di cui hai bisogno e per consegnartele il prima possibile. In conformit\u00e0 con le norme del settore, stiamo soddisfacendo o superando le aspettative dei nostri clienti. Le capsule di Nembutal della nostra farmacia online sono di altissima qualit\u00e0 e questo include anche l&#8217;imballaggio e la spedizione. Contattaci oggi se sei interessato a ottenere le capsule di nembutal e soddisferemo le tue esigenze in modo tempestivo.<\/p>\n<p>Perch\u00e9 acquistare le capsule di nembutal da una farmacia di nembutal online \u00e8 la scelta migliore?<\/p>\n<p>La nostra azienda \u00e8 l&#8217;opzione migliore se vuoi Capsule di Nembutal in modo preciso con un servizio di consegna veloce e controllato. Le capsule di Nembutal della migliore qualit\u00e0 sono disponibili a prezzi economici dalla Farmacia Nembutal online. Poich\u00e9 non utilizziamo intermediari, siamo in grado di far s\u00ec che tutto si muova senza intoppi. Il servizio clienti \u00e8 una priorit\u00e0 per noi e ci assicuriamo che gli ordini vengano consegnati in tempo.<\/p>\n<p>Abbiamo ricevuto ottimi feedback e valutazioni dai nostri consumatori perch\u00e9 lavoriamo in questo campo da molto tempo. Le capsule di Nembutal vengono inviate ai clienti in modo sicuro dal nostro team. Includiamo una serie di istruzioni con ogni articolo che acquisti da noi. Queste indicazioni ti mostreranno come prendere in sicurezza la tua prescrizione di Nembutal Capsule.<\/p>\n<p>Puoi sempre fare affidamento sui nostri servizi di prim&#8217;ordine. La nostra farmacia online pu\u00f2 aiutarti a saperne di pi\u00f9 sul farmaco Capsule di Nembutal. Le capsule di Nembutal in passato erano difficili da ottenere. Tuttavia, con il passare del tempo, la nostra farmacia online \u00e8 stata in grado di offrire articoli Nembutal online. Puoi riceverli quando vuoi.<\/p>\n","protected":false},"excerpt":{"rendered":"<p>Ordinare le capsule di Nembutal online: quali sono i passaggi da seguire?<\/p>\n<p>Puoi inviare la tua richiesta per acquistare le capsule di Nembutal online al miglior prezzo sul nostro sito Web ufficiale e completarla in breve tempo. Siamo responsabili dell&#8217;evasione del tuo ordine. Puoi acquistare Nembutal Capsule da noi in questo momento se ci contatti oggi!<\/p>\n<p>Nel nostro negozio online medicinasinc.com puoi ottenere Nembutal Capsule, Pills Europe e Pentobarbital in vendita nel Regno Unito con una consegna veloce in tutto il mondo! Troverai il posto migliore per acquistare Nembutal online proprio qui!<\/p>\n","protected":false},"featured_media":5786,"comment_status":"open","ping_status":"closed","template":"","meta":[],"product_brand":[],"product_cat":[3818],"product_tag":[3905,3821,3820,3828,3829,3848,3879,3878,3819,3822,3823,3826,3846,3840,3841,3842,3836,3838,3837,3839,3824,3827,3830,3907,3882,3864,3853,3924,3923,3925,3926,3921,3917,3920,3918,3915,3914,3916,3919,3922,3927,3911,3843,3855,3885,3912,3886,3887,3844,3863,3862,3860,3861,3881,3847,3851,3852,3849,3850,3856,3858,3859,3868,3869,3845,3871,3872,3873,3870,3854,3867,3875,3889,3877,3876,3893,3891,3892,3883,3880,3884,3890,3895,3900,3901,3902,3903,3874,3857,3865,3866,3894,3831,3832,3833,3896,3897,3910,3835,3834,3904,3898,3906,3909,3908,3888,3899,3913],"class_list":{"0":"post-5777","1":"product","2":"type-product","3":"status-publish","4":"has-post-thumbnail","6":"product_cat-pentobarbital-in-vendita","7":"product_tag-acquisto-pillole-di-nembutal-online","8":"product_tag-compra-nembutal-on-line-a-buon-mercato","9":"product_tag-comprare-nembutal-liquido-economico-online","10":"product_tag-compra-pentobarbital-sodio-2021","11":"product_tag-comprare-pentobarbital-sodio-pentobarbital-sale-sodio","12":"product_tag-nembutal-liquido-acquisto","13":"product_tag-pentobarbital-sodio-acquisto","14":"product_tag-pentobarbital-sodio-anestesia","15":"product_tag-best-drug-for-suicide-overdose","16":"product_tag-buy-nembutal-here","17":"product_tag-buy-nembutal-liquid-online","18":"product_tag-buy-nembutal-sodium-online","19":"product_tag-nembutal-capsula","20":"product_tag-come-acquisire-nembutal","21":"product_tag-come-acquistare-nembutal-online","22":"product_tag-come-ordinare-il-nembutal-per-posta","23":"product_tag-come-puoi-ordinare-nembutal-liquido","24":"product_tag-come-posso-ordinare-il-pentobarbital-di-sodio","25":"product_tag-come-posso-ordinare-le-pillole-di-nembutal","26":"product_tag-come-posso-prendere-nembutal","27":"product_tag-comprare-nembutal-pentobarbital-sodio","28":"product_tag-comprare-pentobarbital-sodio","29":"product_tag-buy-sodio-pentobarbital-uk","30":"product_tag-sodio-pentobarbital-costo","31":"product_tag-dosaggio-di-pentobarbital-sodio","32":"product_tag-nembutal-pillole-dose","33":"product_tag-nembutal-liquido-dose","34":"product_tag-dove-acquistare-pillole-di-nembutal-online","35":"product_tag-dove-acquistare-nembutal-on-line","36":"product_tag-dove-acquistare-pentobarbital-sodio","37":"product_tag-dove-acquistare-pentobarbital-sodio-per-cani","38":"product_tag-dove-posso-acquistare-nembutal","39":"product_tag-dove-posso-comprare-pentobarbital","40":"product_tag-dove-posso-comprare-sodio-pentobarbital","41":"product_tag-dove-posso-comprare-pentobarbital-sodio","42":"product_tag-dove-posso-comprare-pillole-di-nembutal","43":"product_tag-dove-posso-comprare-nembutal-liquido","44":"product_tag-dove-posso-comprare-nembutal-sodio-pentobarbital","45":"product_tag-dove-posso-comprare-pentobarbital-sodio-sonniferi","46":"product_tag-dove-puoi-comprare-pentobarbital-sodio","47":"product_tag-dove-trovare-pentobarbital-sodio","48":"product_tag-durata-di-conservazione-del-sodio-pentobarbital","49":"product_tag--facile-acquistare-nembutal-online","50":"product_tag-nembutal-liquido-fornitore","51":"product_tag-gruppo-pentobarbital-sodio","52":"product_tag-il-posto-migliore-per-acquistare-pillole-di-nembutal-online","53":"product_tag-pentobarbital-sodio-iniezione-per-cani","54":"product_tag-pentobarbital-sodio-iniezione-per-luomo","55":"product_tag-iniezione-letale-acquista-online","56":"product_tag-nembutal-pillole-compra-uk","57":"product_tag-nembutal-pillole-acquista-online","58":"product_tag-nembutal-pillole-compra-austria","59":"product_tag-nembutal-pillole-compra-europa","60":"product_tag-pentobarbital-sodio-morte","61":"product_tag-nembutal-in-vendita","62":"product_tag-nembutal-liquid-buy-europe","63":"product_tag-nembutal-liquid-buy-uk","64":"product_tag-nembutal-liquid-buy-australia","65":"product_tag-nembutal-liquid-buy-austria","66":"product_tag-nembutal-pentobarbital-sodio-acquisto","67":"product_tag-nembutal-pills-buy","68":"product_tag-nembutal-pills-buy-australia","69":"product_tag-nembutal-pills-supplier","70":"product_tag-nembutal-suicide-dose","71":"product_tag-nembutale","72":"product_tag-order-nembutal-pills","73":"product_tag-order-nembutal-pills-online","74":"product_tag-order-pentobarbital-sodium","75":"product_tag-ordine-nembutal-liquido","76":"product_tag-nembutal-liquido-overdose","77":"product_tag-nembutal-pillole-overdose","78":"product_tag-pentobarbital-de-sodio-dose-letale","79":"product_tag-pentobarbital-sodio-iniezione-usp","80":"product_tag-pentobarbital-near-me","81":"product_tag-pentobarbital-per-leutanasia","82":"product_tag-pentobarbital-sodio-da-banco","83":"product_tag-pentobarbital-sodio-nz","84":"product_tag-pentobarbital-sodio-orale","85":"product_tag-pentobarbital-sodio-per-cani","86":"product_tag-pentobarbital-sodio-cina","87":"product_tag-pentobarbital-sodio-per-uomo","88":"product_tag-pentobarbital-sodium-liquid","89":"product_tag-pentobarbital-sodium-powder","90":"product_tag-pentobarbital-sodium-sleeping-pills-over-the-counter","91":"product_tag-pentobarbital-sodium-tablets","92":"product_tag-pentobarbital-sodium-where-to-buy","93":"product_tag-pentobarbital-use","94":"product_tag-pentobarbitale","95":"product_tag-pillole-di-nembutal","96":"product_tag-nembutal-pillole-in-vendita","97":"product_tag-nembutal-pillole-online","98":"product_tag-pillole-di-pentobarbital-di-sodio","99":"product_tag-posso-comprare-il-pentobarbital","100":"product_tag-can-i-order-nembutal-online","101":"product_tag-posso-ordinare-pentobarbital-online","102":"product_tag-pentobarbital-sodio-prescrizione","103":"product_tag-prezzo-pentobarbital-sodio","104":"product_tag-produttori-di-sodio-pentobarbital","105":"product_tag-puoi-comprare-sodio-pentobarbital","106":"product_tag-puoi-acquistare-pentobarbital-sodio-da-banco","107":"product_tag-purchase-nembutal-online","108":"product_tag-pentobarbital-sale-sodico","109":"product_tag-sodio-pentobarbital-nembutal","110":"product_tag-sodio-pentobarbital-per-eutanasia","111":"product_tag-sodio-pentobarbital-per-eutanasia-animale","112":"product_tag-pentobarbital-soluzione-iniezione-di-sodio","113":"product_tag-sonniferi-di-pentobarbital-sodio","114":"product_tag-voglio-acquistare-nembutal","116":"first","117":"instock","118":"shipping-taxable","119":"purchasable","120":"product-type-variable"},"yoast_head":"<!-- This site is optimized with the Yoast SEO plugin v27.3 - https:\/\/yoast.com\/product\/yoast-seo-wordpress\/ -->\n<title>Acquista Capsule di Nembutal - Ordina Capsule di Nembutal - Best Global Meds<\/title>\n<meta name=\"description\" content=\"Acquista\/ordina capsule di Nembutal, pillole in vendita nel Regno Unito, Europa, Cina, Giappone, Israele da una rispettabile farmacia online senza prescrizione medica e spedizione discreta garantita.\" \/>\n<meta name=\"robots\" content=\"index, follow, max-snippet:-1, max-image-preview:large, max-video-preview:-1\" \/>\n<link rel=\"canonical\" href=\"https:\/\/medicinasinc.com\/it\/product\/acquista-capsule-di-nembutal\/\" \/>\n<meta property=\"og:locale\" content=\"it_IT\" \/>\n<meta property=\"og:type\" content=\"article\" \/>\n<meta property=\"og:title\" content=\"Acquista Capsule di Nembutal - Ordina Capsule di Nembutal - Best Global Meds\" \/>\n<meta property=\"og:description\" content=\"Acquista\/ordina capsule di Nembutal, pillole in vendita nel Regno Unito, Europa, Cina, Giappone, Israele da una rispettabile farmacia online senza prescrizione medica e spedizione discreta garantita.\" \/>\n<meta property=\"og:url\" content=\"https:\/\/medicinasinc.com\/it\/product\/acquista-capsule-di-nembutal\/\" \/>\n<meta property=\"og:site_name\" content=\"Medicinas Inc\" \/>\n<meta property=\"article:modified_time\" content=\"2022-08-04T08:47:40+00:00\" \/>\n<meta property=\"og:image\" content=\"https:\/\/medicinasinc.com\/it\/wp-content\/uploads\/sites\/4\/2022\/02\/Buy-Nembutal-Capsules.jpg\" \/>\n\t<meta property=\"og:image:width\" content=\"600\" \/>\n\t<meta property=\"og:image:height\" content=\"600\" \/>\n\t<meta property=\"og:image:type\" content=\"image\/jpeg\" \/>\n<meta name=\"twitter:card\" content=\"summary_large_image\" \/>\n<meta name=\"twitter:label1\" content=\"Tempo di lettura stimato\" \/>\n\t<meta name=\"twitter:data1\" content=\"2 minuti\" \/>\n<script type=\"application\/ld+json\" class=\"yoast-schema-graph\">{\"@context\":\"https:\\\/\\\/schema.org\",\"@graph\":[{\"@type\":\"WebPage\",\"@id\":\"https:\\\/\\\/medicinasinc.com\\\/it\\\/product\\\/acquista-capsule-di-nembutal\\\/\",\"url\":\"https:\\\/\\\/medicinasinc.com\\\/it\\\/product\\\/acquista-capsule-di-nembutal\\\/\",\"name\":\"Acquista Capsule di Nembutal - Ordina Capsule di Nembutal - Best Global Meds\",\"isPartOf\":{\"@id\":\"https:\\\/\\\/medicinasinc.com\\\/it\\\/#website\"},\"primaryImageOfPage\":{\"@id\":\"https:\\\/\\\/medicinasinc.com\\\/it\\\/product\\\/acquista-capsule-di-nembutal\\\/#primaryimage\"},\"image\":{\"@id\":\"https:\\\/\\\/medicinasinc.com\\\/it\\\/product\\\/acquista-capsule-di-nembutal\\\/#primaryimage\"},\"thumbnailUrl\":\"https:\\\/\\\/medicinasinc.com\\\/it\\\/wp-content\\\/uploads\\\/sites\\\/4\\\/2022\\\/02\\\/Buy-Nembutal-Capsules.jpg\",\"datePublished\":\"2022-02-22T05:58:59+00:00\",\"dateModified\":\"2022-08-04T08:47:40+00:00\",\"description\":\"Acquista\\\/ordina capsule di Nembutal, pillole in vendita nel Regno Unito, Europa, Cina, Giappone, Israele da una rispettabile farmacia online senza prescrizione medica e spedizione discreta garantita.\",\"breadcrumb\":{\"@id\":\"https:\\\/\\\/medicinasinc.com\\\/it\\\/product\\\/acquista-capsule-di-nembutal\\\/#breadcrumb\"},\"inLanguage\":\"it-IT\",\"potentialAction\":[{\"@type\":\"ReadAction\",\"target\":[\"https:\\\/\\\/medicinasinc.com\\\/it\\\/product\\\/acquista-capsule-di-nembutal\\\/\"]}]},{\"@type\":\"ImageObject\",\"inLanguage\":\"it-IT\",\"@id\":\"https:\\\/\\\/medicinasinc.com\\\/it\\\/product\\\/acquista-capsule-di-nembutal\\\/#primaryimage\",\"url\":\"https:\\\/\\\/medicinasinc.com\\\/it\\\/wp-content\\\/uploads\\\/sites\\\/4\\\/2022\\\/02\\\/Buy-Nembutal-Capsules.jpg\",\"contentUrl\":\"https:\\\/\\\/medicinasinc.com\\\/it\\\/wp-content\\\/uploads\\\/sites\\\/4\\\/2022\\\/02\\\/Buy-Nembutal-Capsules.jpg\",\"width\":600,\"height\":600},{\"@type\":\"BreadcrumbList\",\"@id\":\"https:\\\/\\\/medicinasinc.com\\\/it\\\/product\\\/acquista-capsule-di-nembutal\\\/#breadcrumb\",\"itemListElement\":[{\"@type\":\"ListItem\",\"position\":1,\"name\":\"Negozio\",\"item\":\"https:\\\/\\\/medicinasinc.com\\\/it\\\/negozio\\\/\"},{\"@type\":\"ListItem\",\"position\":2,\"name\":\"Acquista le capsule di Nembutal\"}]},{\"@type\":\"WebSite\",\"@id\":\"https:\\\/\\\/medicinasinc.com\\\/it\\\/#website\",\"url\":\"https:\\\/\\\/medicinasinc.com\\\/it\\\/\",\"name\":\"Medicinas Inc\",\"description\":\"Health Medical Clinic\",\"potentialAction\":[{\"@type\":\"SearchAction\",\"target\":{\"@type\":\"EntryPoint\",\"urlTemplate\":\"https:\\\/\\\/medicinasinc.com\\\/it\\\/?s={search_term_string}\"},\"query-input\":{\"@type\":\"PropertyValueSpecification\",\"valueRequired\":true,\"valueName\":\"search_term_string\"}}],\"inLanguage\":\"it-IT\"}]}<\/script>\n<!-- \/ Yoast SEO plugin. -->","yoast_head_json":{"title":"Acquista Capsule di Nembutal - Ordina Capsule di Nembutal - Best Global Meds","description":"Acquista\/ordina capsule di Nembutal, pillole in vendita nel Regno Unito, Europa, Cina, Giappone, Israele da una rispettabile farmacia online senza prescrizione medica e spedizione discreta garantita.","robots":{"index":"index","follow":"follow","max-snippet":"max-snippet:-1","max-image-preview":"max-image-preview:large","max-video-preview":"max-video-preview:-1"},"canonical":"https:\/\/medicinasinc.com\/it\/product\/acquista-capsule-di-nembutal\/","og_locale":"it_IT","og_type":"article","og_title":"Acquista Capsule di Nembutal - Ordina Capsule di Nembutal - Best Global Meds","og_description":"Acquista\/ordina capsule di Nembutal, pillole in vendita nel Regno Unito, Europa, Cina, Giappone, Israele da una rispettabile farmacia online senza prescrizione medica e spedizione discreta garantita.","og_url":"https:\/\/medicinasinc.com\/it\/product\/acquista-capsule-di-nembutal\/","og_site_name":"Medicinas Inc","article_modified_time":"2022-08-04T08:47:40+00:00","og_image":[{"width":600,"height":600,"url":"https:\/\/medicinasinc.com\/it\/wp-content\/uploads\/sites\/4\/2022\/02\/Buy-Nembutal-Capsules.jpg","type":"image\/jpeg"}],"twitter_card":"summary_large_image","twitter_misc":{"Tempo di lettura stimato":"2 minuti"},"schema":{"@context":"https:\/\/schema.org","@graph":[{"@type":"WebPage","@id":"https:\/\/medicinasinc.com\/it\/product\/acquista-capsule-di-nembutal\/","url":"https:\/\/medicinasinc.com\/it\/product\/acquista-capsule-di-nembutal\/","name":"Acquista Capsule di Nembutal - Ordina Capsule di Nembutal - Best Global Meds","isPartOf":{"@id":"https:\/\/medicinasinc.com\/it\/#website"},"primaryImageOfPage":{"@id":"https:\/\/medicinasinc.com\/it\/product\/acquista-capsule-di-nembutal\/#primaryimage"},"image":{"@id":"https:\/\/medicinasinc.com\/it\/product\/acquista-capsule-di-nembutal\/#primaryimage"},"thumbnailUrl":"https:\/\/medicinasinc.com\/it\/wp-content\/uploads\/sites\/4\/2022\/02\/Buy-Nembutal-Capsules.jpg","datePublished":"2022-02-22T05:58:59+00:00","dateModified":"2022-08-04T08:47:40+00:00","description":"Acquista\/ordina capsule di Nembutal, pillole in vendita nel Regno Unito, Europa, Cina, Giappone, Israele da una rispettabile farmacia online senza prescrizione medica e spedizione discreta garantita.","breadcrumb":{"@id":"https:\/\/medicinasinc.com\/it\/product\/acquista-capsule-di-nembutal\/#breadcrumb"},"inLanguage":"it-IT","potentialAction":[{"@type":"ReadAction","target":["https:\/\/medicinasinc.com\/it\/product\/acquista-capsule-di-nembutal\/"]}]},{"@type":"ImageObject","inLanguage":"it-IT","@id":"https:\/\/medicinasinc.com\/it\/product\/acquista-capsule-di-nembutal\/#primaryimage","url":"https:\/\/medicinasinc.com\/it\/wp-content\/uploads\/sites\/4\/2022\/02\/Buy-Nembutal-Capsules.jpg","contentUrl":"https:\/\/medicinasinc.com\/it\/wp-content\/uploads\/sites\/4\/2022\/02\/Buy-Nembutal-Capsules.jpg","width":600,"height":600},{"@type":"BreadcrumbList","@id":"https:\/\/medicinasinc.com\/it\/product\/acquista-capsule-di-nembutal\/#breadcrumb","itemListElement":[{"@type":"ListItem","position":1,"name":"Negozio","item":"https:\/\/medicinasinc.com\/it\/negozio\/"},{"@type":"ListItem","position":2,"name":"Acquista le capsule di Nembutal"}]},{"@type":"WebSite","@id":"https:\/\/medicinasinc.com\/it\/#website","url":"https:\/\/medicinasinc.com\/it\/","name":"Medicinas Inc","description":"Health Medical Clinic","potentialAction":[{"@type":"SearchAction","target":{"@type":"EntryPoint","urlTemplate":"https:\/\/medicinasinc.com\/it\/?s={search_term_string}"},"query-input":{"@type":"PropertyValueSpecification","valueRequired":true,"valueName":"search_term_string"}}],"inLanguage":"it-IT"}]}},"_links":{"self":[{"href":"https:\/\/medicinasinc.com\/it\/wp-json\/wp\/v2\/product\/5777","targetHints":{"allow":["GET"]}}],"collection":[{"href":"https:\/\/medicinasinc.com\/it\/wp-json\/wp\/v2\/product"}],"about":[{"href":"https:\/\/medicinasinc.com\/it\/wp-json\/wp\/v2\/types\/product"}],"replies":[{"embeddable":true,"href":"https:\/\/medicinasinc.com\/it\/wp-json\/wp\/v2\/comments?post=5777"}],"wp:featuredmedia":[{"embeddable":true,"href":"https:\/\/medicinasinc.com\/it\/wp-json\/wp\/v2\/media\/5786"}],"wp:attachment":[{"href":"https:\/\/medicinasinc.com\/it\/wp-json\/wp\/v2\/media?parent=5777"}],"wp:term":[{"taxonomy":"product_brand","embeddable":true,"href":"https:\/\/medicinasinc.com\/it\/wp-json\/wp\/v2\/product_brand?post=5777"},{"taxonomy":"product_cat","embeddable":true,"href":"https:\/\/medicinasinc.com\/it\/wp-json\/wp\/v2\/product_cat?post=5777"},{"taxonomy":"product_tag","embeddable":true,"href":"https:\/\/medicinasinc.com\/it\/wp-json\/wp\/v2\/product_tag?post=5777"}],"curies":[{"name":"wp","href":"https:\/\/api.w.org\/{rel}","templated":true}]}}