{"id":5739,"date":"2022-02-22T05:15:21","date_gmt":"2022-02-22T05:15:21","guid":{"rendered":"https:\/\/medicinasinc.com\/it\/?post_type=product&#038;p=5739"},"modified":"2022-03-17T00:03:58","modified_gmt":"2022-03-17T00:03:58","slug":"comprare-pirazolam-0-5-mg-pellets","status":"publish","type":"product","link":"https:\/\/medicinasinc.com\/it\/product\/comprare-pirazolam-0-5-mg-pellets\/","title":{"rendered":"Acquista Pyrazolam 0,5 mg granuli"},"content":{"rendered":"<p>Pyrazolam 0,5 mg pellet in vendita nel Regno Unito, Europa, Australia e Unione Europea. Prezzo Pyrazolam, consegna notturna Pyrazolam e dove acquistare Pyrazolam di qualit\u00e0.<\/p>\n<p>Bitcoin pu\u00f2 essere utilizzato per acquistare pellet Pyrazolam da 1 mg online. C16H12BrN5 \u00e8 la struttura molecolare di questo pellet pressa. Il pirazolam pu\u00f2 essere difficile da trovare.<\/p>\n<p>La classe di farmaci delle benzodiazepine include il pirazolam, un nuovissimo depressivo. Rilassamento, disinibizione ed euforia sono solo alcuni degli effetti collaterali positivi segnalati dalle persone. Acquista e ordina pellet Pyrazolam 2022 a buon mercato su Internet.<\/p>\n<p>Le benzodiazepine come il pirazolam e il diazepam hanno meno euforia e sono pi\u00f9 sedativi, quindi non sono comunemente usate per scopi ricreativi.<\/p>\n<p> Prodotti farmaceutici Ordina online pellet Pyrazolam 2022 a buon mercato<\/p>\n<p>Ci sono molti effetti diversi che possono essere prodotti dall&#8217;assunzione di benzos perch\u00e9 si legano al sito del recettore delle benzodiazepine e migliorano l&#8217;efficacia dell&#8217;acido gamma-aminobutirrico e gli effetti sui suoi recettori.<\/p>\n<p>Gli effetti sedativi o calmanti di Pyazolam sul sistema nervoso possono essere attribuiti alla sua modulazione di questo sito, che \u00e8 l&#8217;insieme di recettori inibitori pi\u00f9 prolifici del cervello.<\/p>\n<p>L&#8217;acquisto di Pyrazolam da un fornitore rispettabile assicura che lo farai ricevi il tuo ordine in tempo per l&#8217;anno 2021.<\/p>\n<p>Al posto dei recettori delle benzodiazepine, gli effetti anticonvulsivanti delle benzodiazepine possono essere dovuti al loro legame con i canali del sodio voltaggio-dipendenti.<\/p>\n<p>Effetti sui Corpo<br \/> Vertigini<br \/> perdita di funzione motoria<br \/> Rilassamento dei muscoli<br \/> Depressione dell&#8217;apparato respiratorio<br \/> Pyazolam \u00e8 meno sedativo rispetto ad altre benzodiazepine se non assunto in dosi elevate, motivo per cui viene spesso prescritto per curare l&#8217;insonnia.<br \/> Effetti sulla mente<\/p>\n<p>Gli effetti cognitivi di Pyrazolam possono essere suddivisi in diversi componenti che aumentano di intensit\u00e0 all&#8217;aumentare del dosaggio.<\/p>\n<p>L&#8217;acquisto di Pyrazolam da un fornitore rispettabile assicura che riceverai il tuo ordine in tempo per l&#8217;anno 2021.<\/p>\n<p>Molte persone descrivono l&#8217;effetto generale del pirazolam sulla mente come una lieve sedazione, ma con una corrispondente forte riduzione dell&#8217;ansia. Ha un gran numero di effetti cognitivi che sono comunemente associati alla depressione.<\/p>\n<p>In generale, gli effetti cognitivi pi\u00f9 evidenti includono:<\/p>\n<p>Amnesia<br \/> Soppressione dell&#8217;ansia<br \/> Rallentamento della mente<br \/> Soppressione dell&#8217;analisi dei dati<br \/> Disinibizione<br \/> Ripetizione ripetuta dei propri errori<br \/> Sobriet\u00e0-illusione: nonostante l&#8217;evidenza contraria, come un grave deterioramento cognitivo e un incapacit\u00e0 di comunicare pienamente con gli altri, la falsa convinzione di essere completamente sobri persiste nell&#8217;individuo.<br \/> Aumento del sogno<br \/> Contrasti sorprendenti<br \/> Ordina Pyrazolam Pellets 2021, Acquista Pyrazolam Online a buon mercato 2021<\/p>\n<p>Non \u00e8 raro che le persone che assumono benzodiazepine sperimentino effetti collaterali insoliti come aumento della frequenza delle crisi, aggressivit\u00e0, irritabilit\u00e0 e ideazione suicidaria.<\/p>\n<p>Consumatori ricreativi di droghe, persone con malattie mentali, bambini, e i pazienti che seguono regimi ad alto dosaggio hanno maggiori probabilit\u00e0 di sperimentare e questi effetti paradossali.<\/p>\n<p>Potenziale di dipendenza e tolleranza<\/p>\n<p>Il pirazolam ha un alto livello di dipendenza fisica e mentale.<br \/> La tolleranza agli effetti sedativo-ipnotici si svilupper\u00e0 entro pochi giorni di utilizzo regolare del farmaco.<\/p>\n<p>La tolleranza torna alla normalit\u00e0 entro 7-14 giorni dalla cessazione. \u00c8 possibile, tuttavia, che a seconda di quanto tempo e quanto duramente lo usi, potrebbe richiedere molto pi\u00f9 tempo.<\/p>\n<p>Dopo alcune settimane o pi\u00f9 di dosaggio costante, possono verificarsi sintomi di astinenza o sintomi di rimbalzo, che richiedono un riduzione graduale della dose.<\/p>\n<p>Interazioni che potrebbero essere dannose. Acquista Pyrazolam online, ordina i pellet Pyrazolam 2022<\/p>\n<p>Molti farmaci sono sicuri da soli, ma se combinati con altre sostanze possono essere pericolosi e persino pericolosi per la vita. Alcune delle combinazioni pi\u00f9 pericolose sono elencate di seguito, ma questo \u00e8 quanto non significa un elenco esaustivo.<\/p>\n<p>Tuttavia, anche a basse dosi, alcune combinazioni possono aumentare il rischio di morte. Prima di consumare una miscela di due o pi\u00f9 sostanze, \u00e8 necessario condurre una ricerca indipendente per garantire che sia sicura.<\/p>\n<p>La combinazione di un sedativo con un altro sedativo pu\u00f2 portare a depressione respiratoria pericolosa o addirittura fatale. A dosi elevate, il rilassamento muscolare, la sedazione e l&#8217;amnesia provocati da ciascuno di questi farmaci possono essere amplificati fino al punto di inaspettata perdita di coscienza.<\/p>\n<p>Come risultato di questa combinazione, il rischio di vomito e morte per soffocamento durante l&#8217;incoscienza \u00e8 aumentato. Le persone che sperimentano questo dovrebbero provare a dormire nella posizione di recupero o farsi spostare da un amico in essa.<\/p>\n<p>Le benzodiazepine e gli stimolanti non dovrebbero essere combinati a causa del rischio di intossicazione eccessiva. L&#8217;effetto sedativo delle benzodiazepine \u00e8 ridotto dagli stimolanti, che \u00e8 la considerazione principale per la maggior parte delle persone quando misura il proprio livello di intossicazione.<\/p>\n","protected":false},"excerpt":{"rendered":"<p>Nel Regno Unito, in Europa, in Australia e nell&#8217;UE, \u00e8 possibile acquistare Pyrazolam in pellet da 0,5 mg. Acquista Pyrazolam online, spedizione notturna Pyrazolam, costo Pyrazolam.<\/p>\n<p>Acquista pellet Pyrazolam da 1 mg con Bitcoin da una farmacia online. C16H12BrN5 \u00e8 la struttura molecolare di questo pellet per pressa chimica. pyrazolam pu\u00f2 essere difficile da trovare.<\/p>\n<p>I pellet di Pyrazolam 0,5 mg sono disponibili per l&#8217;acquisto online. Secondo la teoria, il Pyrazolam dovrebbe causare meno atassia e sedazione rispetto ad altri agenti. Poich\u00e9 non ha metaboliti attivi, il pirazolam ha un&#8217;emivita pi\u00f9 lunga (6 ore in media) e un effetto pi\u00f9 lineare rispetto alla maggior parte delle altre benzodiazepine.<\/p>\n","protected":false},"featured_media":5751,"comment_status":"open","ping_status":"closed","template":"","meta":[],"product_brand":[],"product_cat":[2014],"product_tag":[3799,3800,3801,3803,3802,3807,3798,3817,3816,3810,3814,3797,3805,3806,3804,3808,3815,3811,3812,3809,3813],"class_list":{"0":"post-5739","1":"product","2":"type-product","3":"status-publish","4":"has-post-thumbnail","6":"product_cat-compra-ricerca-prodotti-chimici","7":"product_tag-comprare-pirazolam-0-5-mg","8":"product_tag-comprare-pirazolam-0-5-mg-pellets","9":"product_tag-buy-pyrazolam-europe","10":"product_tag-acquistare-pyrazolam-online","11":"product_tag-compra-pyrazolam-vicino-a-me","12":"product_tag-acquisto-pirazolam","13":"product_tag-best-quality-pyrazolam","14":"product_tag-dove-acquistare-pirazolam-0-5-mg","15":"product_tag-dove-can-i-fine-pyrazolam-pallet","16":"product_tag-effetto-pirazolam","17":"product_tag-pyrazolam-fornitore","18":"product_tag-miglior-posto-per-ordinare-pirazolam-0-5-mg-pallet","19":"product_tag-order-pyrazolam-0-5-pallets","20":"product_tag-order-pyrazolam-uk","21":"product_tag-ordine-pirazolam","22":"product_tag-pyrazolam-0-5-mg-in-vendita","23":"product_tag-pyrazolam-allingrosso","24":"product_tag-pyrazolam-for-sale","25":"product_tag-pyrazolam-prezzo","26":"product_tag-pyrazolam-0-5-mg-recensione","27":"product_tag-pyrazolam-vendita","29":"first","30":"instock","31":"shipping-taxable","32":"purchasable","33":"product-type-variable","34":"has-default-attributes"},"yoast_head":"<!-- This site is optimized with the Yoast SEO plugin v27.3 - https:\/\/yoast.com\/product\/yoast-seo-wordpress\/ -->\n<title>Acquista pellet Pyrazolam 0,5 mg - Pyrazolam 0,5 mg - Best Global Meds<\/title>\n<meta name=\"description\" content=\"Acquista pellet Pyrazolam 0,5 mg in vendita nel Regno Unito, Europa, AU, UE, Ordina pellet Pyrazolam economici 2022, Dove acquistare Pyrazolam di alta qualit\u00e0 Consegna notturna, Prezzo Pyrazolam.\" \/>\n<meta name=\"robots\" content=\"index, follow, max-snippet:-1, max-image-preview:large, max-video-preview:-1\" \/>\n<link rel=\"canonical\" href=\"https:\/\/medicinasinc.com\/it\/product\/comprare-pirazolam-0-5-mg-pellets\/\" \/>\n<meta property=\"og:locale\" content=\"it_IT\" \/>\n<meta property=\"og:type\" content=\"article\" \/>\n<meta property=\"og:title\" content=\"Acquista pellet Pyrazolam 0,5 mg - Pyrazolam 0,5 mg - Best Global Meds\" \/>\n<meta property=\"og:description\" content=\"Acquista pellet Pyrazolam 0,5 mg in vendita nel Regno Unito, Europa, AU, UE, Ordina pellet Pyrazolam economici 2022, Dove acquistare Pyrazolam di alta qualit\u00e0 Consegna notturna, Prezzo Pyrazolam.\" \/>\n<meta property=\"og:url\" content=\"https:\/\/medicinasinc.com\/it\/product\/comprare-pirazolam-0-5-mg-pellets\/\" \/>\n<meta property=\"og:site_name\" content=\"Medicinas Inc\" \/>\n<meta property=\"article:modified_time\" content=\"2022-03-17T00:03:58+00:00\" \/>\n<meta property=\"og:image\" content=\"https:\/\/medicinasinc.com\/it\/wp-content\/uploads\/sites\/4\/2022\/02\/buy-pyrazolam-0-5-mg-pellets-online.jpg\" \/>\n\t<meta property=\"og:image:width\" content=\"600\" \/>\n\t<meta property=\"og:image:height\" content=\"600\" \/>\n\t<meta property=\"og:image:type\" content=\"image\/jpeg\" \/>\n<meta name=\"twitter:card\" content=\"summary_large_image\" \/>\n<meta name=\"twitter:label1\" content=\"Tempo di lettura stimato\" \/>\n\t<meta name=\"twitter:data1\" content=\"4 minuti\" \/>\n<script type=\"application\/ld+json\" class=\"yoast-schema-graph\">{\"@context\":\"https:\\\/\\\/schema.org\",\"@graph\":[{\"@type\":\"WebPage\",\"@id\":\"https:\\\/\\\/medicinasinc.com\\\/it\\\/product\\\/comprare-pirazolam-0-5-mg-pellets\\\/\",\"url\":\"https:\\\/\\\/medicinasinc.com\\\/it\\\/product\\\/comprare-pirazolam-0-5-mg-pellets\\\/\",\"name\":\"Acquista pellet Pyrazolam 0,5 mg - Pyrazolam 0,5 mg - Best Global Meds\",\"isPartOf\":{\"@id\":\"https:\\\/\\\/medicinasinc.com\\\/it\\\/#website\"},\"primaryImageOfPage\":{\"@id\":\"https:\\\/\\\/medicinasinc.com\\\/it\\\/product\\\/comprare-pirazolam-0-5-mg-pellets\\\/#primaryimage\"},\"image\":{\"@id\":\"https:\\\/\\\/medicinasinc.com\\\/it\\\/product\\\/comprare-pirazolam-0-5-mg-pellets\\\/#primaryimage\"},\"thumbnailUrl\":\"https:\\\/\\\/medicinasinc.com\\\/it\\\/wp-content\\\/uploads\\\/sites\\\/4\\\/2022\\\/02\\\/buy-pyrazolam-0-5-mg-pellets-online.jpg\",\"datePublished\":\"2022-02-22T05:15:21+00:00\",\"dateModified\":\"2022-03-17T00:03:58+00:00\",\"description\":\"Acquista pellet Pyrazolam 0,5 mg in vendita nel Regno Unito, Europa, AU, UE, Ordina pellet Pyrazolam economici 2022, Dove acquistare Pyrazolam di alta qualit\u00e0 Consegna notturna, Prezzo Pyrazolam.\",\"breadcrumb\":{\"@id\":\"https:\\\/\\\/medicinasinc.com\\\/it\\\/product\\\/comprare-pirazolam-0-5-mg-pellets\\\/#breadcrumb\"},\"inLanguage\":\"it-IT\",\"potentialAction\":[{\"@type\":\"ReadAction\",\"target\":[\"https:\\\/\\\/medicinasinc.com\\\/it\\\/product\\\/comprare-pirazolam-0-5-mg-pellets\\\/\"]}]},{\"@type\":\"ImageObject\",\"inLanguage\":\"it-IT\",\"@id\":\"https:\\\/\\\/medicinasinc.com\\\/it\\\/product\\\/comprare-pirazolam-0-5-mg-pellets\\\/#primaryimage\",\"url\":\"https:\\\/\\\/medicinasinc.com\\\/it\\\/wp-content\\\/uploads\\\/sites\\\/4\\\/2022\\\/02\\\/buy-pyrazolam-0-5-mg-pellets-online.jpg\",\"contentUrl\":\"https:\\\/\\\/medicinasinc.com\\\/it\\\/wp-content\\\/uploads\\\/sites\\\/4\\\/2022\\\/02\\\/buy-pyrazolam-0-5-mg-pellets-online.jpg\",\"width\":600,\"height\":600},{\"@type\":\"BreadcrumbList\",\"@id\":\"https:\\\/\\\/medicinasinc.com\\\/it\\\/product\\\/comprare-pirazolam-0-5-mg-pellets\\\/#breadcrumb\",\"itemListElement\":[{\"@type\":\"ListItem\",\"position\":1,\"name\":\"Negozio\",\"item\":\"https:\\\/\\\/medicinasinc.com\\\/it\\\/negozio\\\/\"},{\"@type\":\"ListItem\",\"position\":2,\"name\":\"Acquista Pyrazolam 0,5 mg granuli\"}]},{\"@type\":\"WebSite\",\"@id\":\"https:\\\/\\\/medicinasinc.com\\\/it\\\/#website\",\"url\":\"https:\\\/\\\/medicinasinc.com\\\/it\\\/\",\"name\":\"Medicinas Inc\",\"description\":\"Health Medical Clinic\",\"potentialAction\":[{\"@type\":\"SearchAction\",\"target\":{\"@type\":\"EntryPoint\",\"urlTemplate\":\"https:\\\/\\\/medicinasinc.com\\\/it\\\/?s={search_term_string}\"},\"query-input\":{\"@type\":\"PropertyValueSpecification\",\"valueRequired\":true,\"valueName\":\"search_term_string\"}}],\"inLanguage\":\"it-IT\"}]}<\/script>\n<!-- \/ Yoast SEO plugin. -->","yoast_head_json":{"title":"Acquista pellet Pyrazolam 0,5 mg - Pyrazolam 0,5 mg - Best Global Meds","description":"Acquista pellet Pyrazolam 0,5 mg in vendita nel Regno Unito, Europa, AU, UE, Ordina pellet Pyrazolam economici 2022, Dove acquistare Pyrazolam di alta qualit\u00e0 Consegna notturna, Prezzo Pyrazolam.","robots":{"index":"index","follow":"follow","max-snippet":"max-snippet:-1","max-image-preview":"max-image-preview:large","max-video-preview":"max-video-preview:-1"},"canonical":"https:\/\/medicinasinc.com\/it\/product\/comprare-pirazolam-0-5-mg-pellets\/","og_locale":"it_IT","og_type":"article","og_title":"Acquista pellet Pyrazolam 0,5 mg - Pyrazolam 0,5 mg - Best Global Meds","og_description":"Acquista pellet Pyrazolam 0,5 mg in vendita nel Regno Unito, Europa, AU, UE, Ordina pellet Pyrazolam economici 2022, Dove acquistare Pyrazolam di alta qualit\u00e0 Consegna notturna, Prezzo Pyrazolam.","og_url":"https:\/\/medicinasinc.com\/it\/product\/comprare-pirazolam-0-5-mg-pellets\/","og_site_name":"Medicinas Inc","article_modified_time":"2022-03-17T00:03:58+00:00","og_image":[{"width":600,"height":600,"url":"https:\/\/medicinasinc.com\/it\/wp-content\/uploads\/sites\/4\/2022\/02\/buy-pyrazolam-0-5-mg-pellets-online.jpg","type":"image\/jpeg"}],"twitter_card":"summary_large_image","twitter_misc":{"Tempo di lettura stimato":"4 minuti"},"schema":{"@context":"https:\/\/schema.org","@graph":[{"@type":"WebPage","@id":"https:\/\/medicinasinc.com\/it\/product\/comprare-pirazolam-0-5-mg-pellets\/","url":"https:\/\/medicinasinc.com\/it\/product\/comprare-pirazolam-0-5-mg-pellets\/","name":"Acquista pellet Pyrazolam 0,5 mg - Pyrazolam 0,5 mg - Best Global Meds","isPartOf":{"@id":"https:\/\/medicinasinc.com\/it\/#website"},"primaryImageOfPage":{"@id":"https:\/\/medicinasinc.com\/it\/product\/comprare-pirazolam-0-5-mg-pellets\/#primaryimage"},"image":{"@id":"https:\/\/medicinasinc.com\/it\/product\/comprare-pirazolam-0-5-mg-pellets\/#primaryimage"},"thumbnailUrl":"https:\/\/medicinasinc.com\/it\/wp-content\/uploads\/sites\/4\/2022\/02\/buy-pyrazolam-0-5-mg-pellets-online.jpg","datePublished":"2022-02-22T05:15:21+00:00","dateModified":"2022-03-17T00:03:58+00:00","description":"Acquista pellet Pyrazolam 0,5 mg in vendita nel Regno Unito, Europa, AU, UE, Ordina pellet Pyrazolam economici 2022, Dove acquistare Pyrazolam di alta qualit\u00e0 Consegna notturna, Prezzo Pyrazolam.","breadcrumb":{"@id":"https:\/\/medicinasinc.com\/it\/product\/comprare-pirazolam-0-5-mg-pellets\/#breadcrumb"},"inLanguage":"it-IT","potentialAction":[{"@type":"ReadAction","target":["https:\/\/medicinasinc.com\/it\/product\/comprare-pirazolam-0-5-mg-pellets\/"]}]},{"@type":"ImageObject","inLanguage":"it-IT","@id":"https:\/\/medicinasinc.com\/it\/product\/comprare-pirazolam-0-5-mg-pellets\/#primaryimage","url":"https:\/\/medicinasinc.com\/it\/wp-content\/uploads\/sites\/4\/2022\/02\/buy-pyrazolam-0-5-mg-pellets-online.jpg","contentUrl":"https:\/\/medicinasinc.com\/it\/wp-content\/uploads\/sites\/4\/2022\/02\/buy-pyrazolam-0-5-mg-pellets-online.jpg","width":600,"height":600},{"@type":"BreadcrumbList","@id":"https:\/\/medicinasinc.com\/it\/product\/comprare-pirazolam-0-5-mg-pellets\/#breadcrumb","itemListElement":[{"@type":"ListItem","position":1,"name":"Negozio","item":"https:\/\/medicinasinc.com\/it\/negozio\/"},{"@type":"ListItem","position":2,"name":"Acquista Pyrazolam 0,5 mg granuli"}]},{"@type":"WebSite","@id":"https:\/\/medicinasinc.com\/it\/#website","url":"https:\/\/medicinasinc.com\/it\/","name":"Medicinas Inc","description":"Health Medical Clinic","potentialAction":[{"@type":"SearchAction","target":{"@type":"EntryPoint","urlTemplate":"https:\/\/medicinasinc.com\/it\/?s={search_term_string}"},"query-input":{"@type":"PropertyValueSpecification","valueRequired":true,"valueName":"search_term_string"}}],"inLanguage":"it-IT"}]}},"_links":{"self":[{"href":"https:\/\/medicinasinc.com\/it\/wp-json\/wp\/v2\/product\/5739","targetHints":{"allow":["GET"]}}],"collection":[{"href":"https:\/\/medicinasinc.com\/it\/wp-json\/wp\/v2\/product"}],"about":[{"href":"https:\/\/medicinasinc.com\/it\/wp-json\/wp\/v2\/types\/product"}],"replies":[{"embeddable":true,"href":"https:\/\/medicinasinc.com\/it\/wp-json\/wp\/v2\/comments?post=5739"}],"wp:featuredmedia":[{"embeddable":true,"href":"https:\/\/medicinasinc.com\/it\/wp-json\/wp\/v2\/media\/5751"}],"wp:attachment":[{"href":"https:\/\/medicinasinc.com\/it\/wp-json\/wp\/v2\/media?parent=5739"}],"wp:term":[{"taxonomy":"product_brand","embeddable":true,"href":"https:\/\/medicinasinc.com\/it\/wp-json\/wp\/v2\/product_brand?post=5739"},{"taxonomy":"product_cat","embeddable":true,"href":"https:\/\/medicinasinc.com\/it\/wp-json\/wp\/v2\/product_cat?post=5739"},{"taxonomy":"product_tag","embeddable":true,"href":"https:\/\/medicinasinc.com\/it\/wp-json\/wp\/v2\/product_tag?post=5739"}],"curies":[{"name":"wp","href":"https:\/\/api.w.org\/{rel}","templated":true}]}}