{"id":5735,"date":"2022-02-22T05:09:43","date_gmt":"2022-02-22T05:09:43","guid":{"rendered":"https:\/\/medicinasinc.com\/it\/?post_type=product&#038;p=5735"},"modified":"2022-03-17T00:04:06","modified_gmt":"2022-03-17T00:04:06","slug":"buy-al-lad-powder","status":"publish","type":"product","link":"https:\/\/medicinasinc.com\/it\/product\/buy-al-lad-powder\/","title":{"rendered":"Compra la polvere da ragazzi"},"content":{"rendered":"<p>Acquista la polvere di al-lad nel Regno Unito, in Europa, in Australia e nell&#8217;UE e ricevila entro il 2022 a un prezzo conveniente. Saldi di polvere di Al-lad, dove acquistare la consegna di polvere di al-lad durante la notte.<\/p>\n<p>Al-LAD in polvere. Grossista e fornitore di materie prime farmaceutiche pure al 99%, prodotti chimici di ricerca e medicinali generici, inclusa la polvere AL-LAD. Imballaggi sicuri e discreti, nonch\u00e9 spedizioni tracciate.<\/p>\n<p>Un analogo della dietilammide dell&#8217;acido lisergico noto come AL-LAD, o 6-allil-6-nor-LSD, \u00e8 una sostanza chimica composto (LSD). Una droga psicoattiva simile all&#8217;LSD della classe della lisergamide, viene somministrata per produrre gli stessi effetti psichedelici.<\/p>\n<p>Informazioni veloci e sporche<\/p>\n<p>AL-LAD \u00e8 il nome del prodotto.<br \/> 6-6-nor-6-allil-6-n\u00e9, AL-LAD<br \/> -LSD<br \/> Numero CAS: 65527-61-9<br \/> C22H27N3O \u00e8 la formula molecolare<br \/> The International Union of Pure and Applied Chemistry (6aR,9R)<br \/> -N,N-dietil-7-prop<br \/> -2-enil-6,6a,8,9<br \/> -tetraidro- 4H-indolo[4,3-fg]<br \/> chinolina-9-carbossammide<br \/> Il peso molecolare \u00e8 349,5 g\/mol.<br \/> 99,5% privo di impurit\u00e0<br \/> Bianco o bianco sporco polvere cristallina in apparenza<\/p>\n<p>Fornitore di polvere AL-LAD<\/p>\n<p>Nel mercato delle materie prime farmaceutiche, siamo conosciuti per l&#8217;ampia gamma di prodotti che offriamo e per la fornitura di gocce affidabili servizi di spedizione per farmaci generici di altissimo livello. L&#8217;obiettivo del grossista di polveri AL-LAD \u00e8 fornire ai clienti prodotti di alta qualit\u00e0 a prezzi competitivi.<\/p>\n","protected":false},"excerpt":{"rendered":"<div class=\"woocommerce-product-details__short-description\">\n<p>Acquista polvere al-lad in vendita nel Regno Unito, Europa, AU, UE, ordina polvere al-lad economica 2022, dove acquistare al-lad di alta qualit\u00e0 polvere Consegna durante la notte, vendita di polvere per tutti.<\/p>\n<p>Acquista AL-LAD Powder Europe da un fornitore affidabile di prodotti chimici per la ricerca. La polvere AL-LAD \u00e8 venduta da un grossista che spedisce dall&#8217;UE.<\/p>\n<p>Le persone che desiderano acquistare la polvere AL-LAD possono ottenerla ai migliori prezzi. Ha lisergamidi di alta qualit\u00e0 e altri composti. I prezzi pi\u00f9 bassi. C&#8217;\u00e8 uno sconto. La spedizione in tutto il mondo \u00e8 veloce.<\/p>\n<p>Acquista Al-lad Powder online. Dietilamide dell&#8217;acido 6-allil-6-nor-lisergico, noto anche come Aladdin, \u00e8 una droga allucinogena semisintetica che pu\u00f2 far impazzire le persone.<\/p>\n<table class=\"table\" style=\"height: 249px\" width=\"455\">\n<tbody>\n<tr>\n<th><\/th>\n<td><\/td>\n<\/tr>\n<tr>\n<th>Quantit\u00e0 ordine minimo:<\/th>\n<td>20 g<\/td>\n<\/tr>\n<tr>\n<th>Capacit\u00e0 di fornitura:<\/th>\n<td>100 Kg\/mese<\/td>\n<\/tr>\n<tr>\n<th>Porto:<\/th>\n<td> Varsavia, Paesi Bassi<\/td>\n<\/tr>\n<tr>\n<th>Termini di pagamento:<\/th>\n<td>Bonifico bancario, Bitcoin, WU\/MG, Altro<\/td>\n<\/tr>\n<tr>\n<th>Dettagli sull&#8217;imballaggio:<\/th>\n<td>Secondo la richiesta del cliente<\/td>\n<\/tr>\n<tr>\n<th>Dettagli sulla consegna:<\/th>\n<td>Spedizione espressa, DPD, corriere farmaceutico UE<\/td>\n<\/tr>\n<\/tbody>\n<\/table><\/div>\n","protected":false},"featured_media":5747,"comment_status":"open","ping_status":"closed","template":"","meta":[],"product_brand":[],"product_cat":[2014],"product_tag":[3757,3758,3759,3760,3761,3762,3763,3776,3765,3766,3768,3767,3772,3773,3774,3778,3779,3775,3764,3777,3782,3783,3788,3793,3784,3785,3787,3792,3786,3794,3795,3796,3781,3791,3769,3770,3789,3790,3771,3780],"class_list":{"0":"post-5735","1":"product","2":"type-product","3":"status-publish","4":"has-post-thumbnail","6":"product_cat-compra-ricerca-prodotti-chimici","7":"product_tag-al-lad-safety","8":"product_tag-al-lad-supplier","9":"product_tag-al-lad-buy","10":"product_tag-al-lad-dosaggio","11":"product_tag-al-lad-droga","12":"product_tag-al-lad-effects","13":"product_tag-al-lad-erowid","14":"product_tag-al-lad-fornitore-di-polvere","15":"product_tag-al-lad-powder-buy","16":"product_tag-al-lad-powder-china","17":"product_tag-al-lad-polvere-europa","18":"product_tag-al-lad-powder-effect","19":"product_tag-al-lad-powder-review","20":"product_tag-al-lad-powder-reviews","21":"product_tag-al-lad-powder-sale","22":"product_tag-al-lad-reddit","23":"product_tag-al-lad-trip-report","24":"product_tag-al-lad-powder-sales","25":"product_tag-al-lad-experience","26":"product_tag-al-lad-polvere-allingrosso","27":"product_tag-best-quality-al-lad-powder","28":"product_tag-buy-al-lad-canada","29":"product_tag-buy-al-lad-powder-europe","30":"product_tag-campione-al-lad-polvere","31":"product_tag-buy-al-lad-powder","32":"product_tag-buy-al-lad-uk","33":"product_tag-buy-al-lad-powder-australia","34":"product_tag-acquisto-al-lad-polvere","35":"product_tag-compra-al-ragazzo-online","36":"product_tag-dove-comprare-al-ragazzo","37":"product_tag-dove-comprare-al-lad-powder","38":"product_tag-dove-ordinare-al-lad-powder","39":"product_tag-gi-c3-a0-legittimo-c3-a0","40":"product_tag-ordine-al-lad-polvere","41":"product_tag-al-lad-polvere-in-vendita","42":"product_tag-al-lad-polvere-in-vendita-online","43":"product_tag-easy-chems-recensione","44":"product_tag-easychems-recensione","45":"product_tag-al-lad-powder-prices","46":"product_tag-al-lad-venditore","48":"first","49":"instock","50":"shipping-taxable","51":"purchasable","52":"product-type-variable","53":"has-default-attributes"},"yoast_head":"<!-- This site is optimized with the Yoast SEO plugin v27.3 - https:\/\/yoast.com\/product\/yoast-seo-wordpress\/ -->\n<title>Acquista polvere di al-lad - Polvere di al-lad in vendita - Best Global Meds<\/title>\n<meta name=\"description\" content=\"Acquista polvere al-lad in vendita nel Regno Unito, Europa, AU, UE, Ordina polvere al-lad a buon mercato 2022, Dove acquistare polvere al-lad di alta qualit\u00e0 Consegna notturna, vendite di polvere al-lad.\" \/>\n<meta name=\"robots\" content=\"index, follow, max-snippet:-1, max-image-preview:large, max-video-preview:-1\" \/>\n<link rel=\"canonical\" href=\"https:\/\/medicinasinc.com\/it\/product\/buy-al-lad-powder\/\" \/>\n<meta property=\"og:locale\" content=\"it_IT\" \/>\n<meta property=\"og:type\" content=\"article\" \/>\n<meta property=\"og:title\" content=\"Acquista polvere di al-lad - Polvere di al-lad in vendita - Best Global Meds\" \/>\n<meta property=\"og:description\" content=\"Acquista polvere al-lad in vendita nel Regno Unito, Europa, AU, UE, Ordina polvere al-lad a buon mercato 2022, Dove acquistare polvere al-lad di alta qualit\u00e0 Consegna notturna, vendite di polvere al-lad.\" \/>\n<meta property=\"og:url\" content=\"https:\/\/medicinasinc.com\/it\/product\/buy-al-lad-powder\/\" \/>\n<meta property=\"og:site_name\" content=\"Medicinas Inc\" \/>\n<meta property=\"article:modified_time\" content=\"2022-03-17T00:04:06+00:00\" \/>\n<meta property=\"og:image\" content=\"https:\/\/medicinasinc.com\/it\/wp-content\/uploads\/sites\/4\/2022\/02\/Buy-al-lad-powder.jpg\" \/>\n\t<meta property=\"og:image:width\" content=\"931\" \/>\n\t<meta property=\"og:image:height\" content=\"799\" \/>\n\t<meta property=\"og:image:type\" content=\"image\/jpeg\" \/>\n<meta name=\"twitter:card\" content=\"summary_large_image\" \/>\n<meta name=\"twitter:label1\" content=\"Tempo di lettura stimato\" \/>\n\t<meta name=\"twitter:data1\" content=\"1 minuto\" \/>\n<script type=\"application\/ld+json\" class=\"yoast-schema-graph\">{\"@context\":\"https:\\\/\\\/schema.org\",\"@graph\":[{\"@type\":\"WebPage\",\"@id\":\"https:\\\/\\\/medicinasinc.com\\\/it\\\/product\\\/buy-al-lad-powder\\\/\",\"url\":\"https:\\\/\\\/medicinasinc.com\\\/it\\\/product\\\/buy-al-lad-powder\\\/\",\"name\":\"Acquista polvere di al-lad - Polvere di al-lad in vendita - Best Global Meds\",\"isPartOf\":{\"@id\":\"https:\\\/\\\/medicinasinc.com\\\/it\\\/#website\"},\"primaryImageOfPage\":{\"@id\":\"https:\\\/\\\/medicinasinc.com\\\/it\\\/product\\\/buy-al-lad-powder\\\/#primaryimage\"},\"image\":{\"@id\":\"https:\\\/\\\/medicinasinc.com\\\/it\\\/product\\\/buy-al-lad-powder\\\/#primaryimage\"},\"thumbnailUrl\":\"https:\\\/\\\/medicinasinc.com\\\/it\\\/wp-content\\\/uploads\\\/sites\\\/4\\\/2022\\\/02\\\/Buy-al-lad-powder.jpg\",\"datePublished\":\"2022-02-22T05:09:43+00:00\",\"dateModified\":\"2022-03-17T00:04:06+00:00\",\"description\":\"Acquista polvere al-lad in vendita nel Regno Unito, Europa, AU, UE, Ordina polvere al-lad a buon mercato 2022, Dove acquistare polvere al-lad di alta qualit\u00e0 Consegna notturna, vendite di polvere al-lad.\",\"breadcrumb\":{\"@id\":\"https:\\\/\\\/medicinasinc.com\\\/it\\\/product\\\/buy-al-lad-powder\\\/#breadcrumb\"},\"inLanguage\":\"it-IT\",\"potentialAction\":[{\"@type\":\"ReadAction\",\"target\":[\"https:\\\/\\\/medicinasinc.com\\\/it\\\/product\\\/buy-al-lad-powder\\\/\"]}]},{\"@type\":\"ImageObject\",\"inLanguage\":\"it-IT\",\"@id\":\"https:\\\/\\\/medicinasinc.com\\\/it\\\/product\\\/buy-al-lad-powder\\\/#primaryimage\",\"url\":\"https:\\\/\\\/medicinasinc.com\\\/it\\\/wp-content\\\/uploads\\\/sites\\\/4\\\/2022\\\/02\\\/Buy-al-lad-powder.jpg\",\"contentUrl\":\"https:\\\/\\\/medicinasinc.com\\\/it\\\/wp-content\\\/uploads\\\/sites\\\/4\\\/2022\\\/02\\\/Buy-al-lad-powder.jpg\",\"width\":931,\"height\":799},{\"@type\":\"BreadcrumbList\",\"@id\":\"https:\\\/\\\/medicinasinc.com\\\/it\\\/product\\\/buy-al-lad-powder\\\/#breadcrumb\",\"itemListElement\":[{\"@type\":\"ListItem\",\"position\":1,\"name\":\"Negozio\",\"item\":\"https:\\\/\\\/medicinasinc.com\\\/it\\\/negozio\\\/\"},{\"@type\":\"ListItem\",\"position\":2,\"name\":\"Compra la polvere da ragazzi\"}]},{\"@type\":\"WebSite\",\"@id\":\"https:\\\/\\\/medicinasinc.com\\\/it\\\/#website\",\"url\":\"https:\\\/\\\/medicinasinc.com\\\/it\\\/\",\"name\":\"Medicinas Inc\",\"description\":\"Health Medical Clinic\",\"potentialAction\":[{\"@type\":\"SearchAction\",\"target\":{\"@type\":\"EntryPoint\",\"urlTemplate\":\"https:\\\/\\\/medicinasinc.com\\\/it\\\/?s={search_term_string}\"},\"query-input\":{\"@type\":\"PropertyValueSpecification\",\"valueRequired\":true,\"valueName\":\"search_term_string\"}}],\"inLanguage\":\"it-IT\"}]}<\/script>\n<!-- \/ Yoast SEO plugin. -->","yoast_head_json":{"title":"Acquista polvere di al-lad - Polvere di al-lad in vendita - Best Global Meds","description":"Acquista polvere al-lad in vendita nel Regno Unito, Europa, AU, UE, Ordina polvere al-lad a buon mercato 2022, Dove acquistare polvere al-lad di alta qualit\u00e0 Consegna notturna, vendite di polvere al-lad.","robots":{"index":"index","follow":"follow","max-snippet":"max-snippet:-1","max-image-preview":"max-image-preview:large","max-video-preview":"max-video-preview:-1"},"canonical":"https:\/\/medicinasinc.com\/it\/product\/buy-al-lad-powder\/","og_locale":"it_IT","og_type":"article","og_title":"Acquista polvere di al-lad - Polvere di al-lad in vendita - Best Global Meds","og_description":"Acquista polvere al-lad in vendita nel Regno Unito, Europa, AU, UE, Ordina polvere al-lad a buon mercato 2022, Dove acquistare polvere al-lad di alta qualit\u00e0 Consegna notturna, vendite di polvere al-lad.","og_url":"https:\/\/medicinasinc.com\/it\/product\/buy-al-lad-powder\/","og_site_name":"Medicinas Inc","article_modified_time":"2022-03-17T00:04:06+00:00","og_image":[{"width":931,"height":799,"url":"https:\/\/medicinasinc.com\/it\/wp-content\/uploads\/sites\/4\/2022\/02\/Buy-al-lad-powder.jpg","type":"image\/jpeg"}],"twitter_card":"summary_large_image","twitter_misc":{"Tempo di lettura stimato":"1 minuto"},"schema":{"@context":"https:\/\/schema.org","@graph":[{"@type":"WebPage","@id":"https:\/\/medicinasinc.com\/it\/product\/buy-al-lad-powder\/","url":"https:\/\/medicinasinc.com\/it\/product\/buy-al-lad-powder\/","name":"Acquista polvere di al-lad - Polvere di al-lad in vendita - Best Global Meds","isPartOf":{"@id":"https:\/\/medicinasinc.com\/it\/#website"},"primaryImageOfPage":{"@id":"https:\/\/medicinasinc.com\/it\/product\/buy-al-lad-powder\/#primaryimage"},"image":{"@id":"https:\/\/medicinasinc.com\/it\/product\/buy-al-lad-powder\/#primaryimage"},"thumbnailUrl":"https:\/\/medicinasinc.com\/it\/wp-content\/uploads\/sites\/4\/2022\/02\/Buy-al-lad-powder.jpg","datePublished":"2022-02-22T05:09:43+00:00","dateModified":"2022-03-17T00:04:06+00:00","description":"Acquista polvere al-lad in vendita nel Regno Unito, Europa, AU, UE, Ordina polvere al-lad a buon mercato 2022, Dove acquistare polvere al-lad di alta qualit\u00e0 Consegna notturna, vendite di polvere al-lad.","breadcrumb":{"@id":"https:\/\/medicinasinc.com\/it\/product\/buy-al-lad-powder\/#breadcrumb"},"inLanguage":"it-IT","potentialAction":[{"@type":"ReadAction","target":["https:\/\/medicinasinc.com\/it\/product\/buy-al-lad-powder\/"]}]},{"@type":"ImageObject","inLanguage":"it-IT","@id":"https:\/\/medicinasinc.com\/it\/product\/buy-al-lad-powder\/#primaryimage","url":"https:\/\/medicinasinc.com\/it\/wp-content\/uploads\/sites\/4\/2022\/02\/Buy-al-lad-powder.jpg","contentUrl":"https:\/\/medicinasinc.com\/it\/wp-content\/uploads\/sites\/4\/2022\/02\/Buy-al-lad-powder.jpg","width":931,"height":799},{"@type":"BreadcrumbList","@id":"https:\/\/medicinasinc.com\/it\/product\/buy-al-lad-powder\/#breadcrumb","itemListElement":[{"@type":"ListItem","position":1,"name":"Negozio","item":"https:\/\/medicinasinc.com\/it\/negozio\/"},{"@type":"ListItem","position":2,"name":"Compra la polvere da ragazzi"}]},{"@type":"WebSite","@id":"https:\/\/medicinasinc.com\/it\/#website","url":"https:\/\/medicinasinc.com\/it\/","name":"Medicinas Inc","description":"Health Medical Clinic","potentialAction":[{"@type":"SearchAction","target":{"@type":"EntryPoint","urlTemplate":"https:\/\/medicinasinc.com\/it\/?s={search_term_string}"},"query-input":{"@type":"PropertyValueSpecification","valueRequired":true,"valueName":"search_term_string"}}],"inLanguage":"it-IT"}]}},"_links":{"self":[{"href":"https:\/\/medicinasinc.com\/it\/wp-json\/wp\/v2\/product\/5735","targetHints":{"allow":["GET"]}}],"collection":[{"href":"https:\/\/medicinasinc.com\/it\/wp-json\/wp\/v2\/product"}],"about":[{"href":"https:\/\/medicinasinc.com\/it\/wp-json\/wp\/v2\/types\/product"}],"replies":[{"embeddable":true,"href":"https:\/\/medicinasinc.com\/it\/wp-json\/wp\/v2\/comments?post=5735"}],"wp:featuredmedia":[{"embeddable":true,"href":"https:\/\/medicinasinc.com\/it\/wp-json\/wp\/v2\/media\/5747"}],"wp:attachment":[{"href":"https:\/\/medicinasinc.com\/it\/wp-json\/wp\/v2\/media?parent=5735"}],"wp:term":[{"taxonomy":"product_brand","embeddable":true,"href":"https:\/\/medicinasinc.com\/it\/wp-json\/wp\/v2\/product_brand?post=5735"},{"taxonomy":"product_cat","embeddable":true,"href":"https:\/\/medicinasinc.com\/it\/wp-json\/wp\/v2\/product_cat?post=5735"},{"taxonomy":"product_tag","embeddable":true,"href":"https:\/\/medicinasinc.com\/it\/wp-json\/wp\/v2\/product_tag?post=5735"}],"curies":[{"name":"wp","href":"https:\/\/api.w.org\/{rel}","templated":true}]}}