{"id":5730,"date":"2022-02-22T05:01:35","date_gmt":"2022-02-22T05:01:35","guid":{"rendered":"https:\/\/medicinasinc.com\/it\/?post_type=product&#038;p=5730"},"modified":"2022-08-04T08:57:51","modified_gmt":"2022-08-04T08:57:51","slug":"buy-pure-mdma-polvere","status":"publish","type":"product","link":"https:\/\/medicinasinc.com\/it\/product\/buy-pure-mdma-polvere\/","title":{"rendered":"Acquista pura polvere di mdma"},"content":{"rendered":"<p>Acquista MDMA in polvere<\/p>\n<p>MDMA in polvere, cristalli di MDMA ed ecstasy<\/p>\n<p>Con le sue propriet\u00e0 stimolanti e allucinogene in egual misura, i cristalli di polvere di MDMA sono uno dei prodotti ricreativi pi\u00f9 popolari sostanze presenti oggi sul mercato.<\/p>\n<p>1,2 In genere,<\/p>\n<p>la polvere di MDMA pu\u00f2 essere acquistata online.<\/p>\n<p>La polvere di MDMA in vendita nella sua forma pi\u00f9 pura, online.<\/p>\n<p>Vendiamo solo la polvere di MDMA (ecstasy\/Molly) di altissima qualit\u00e0 online su.<\/p>\n<p>La polvere di MDMA pura \u00e8 disponibile per l&#8217;acquisto online.<\/p>\n<p>Il posto pi\u00f9 economico acquistare Ecstasy\/Molly Powder<\/p>\n<p>Le polveri di MDMA hanno vantaggi o svantaggi rispetto alle pillole?<\/p>\n<p>I cristalli o la polvere di MDMA frantumati sono un altro modo per ottenere la sostanza.<\/p>\n<p>L&#8217;MDMA somministrato per via orale (abbreviazione di 3,4-metilendiossimetanfetamina), il cui nome chimico \u00e8 3,4-metilendiossimetanfetamina, ha un&#8217;emivita da 3 a 6 ore. Da una a due compresse di MDMA, ciascuna contenente da 60 a 120 milligrammi di MDMA, \u00e8 la dose pi\u00f9 comunemente riportata. 1 Quando gli effetti della prima dose iniziano a svanire, non \u00e8 insolito che i consumatori prendano una seconda dose del farmaco.<\/p>\n","protected":false},"excerpt":{"rendered":"<p>Acquista la polvere di Mdma di qualit\u00e0 in vendita nel Regno Unito, in Europa e in Australia nel nostro negozio online medicinasinc.com con consegna veloce in tutto il mondo! La migliore polvere di MDMA per l&#8217;ordinazione la trovi qui!<\/p>\n<ul>\n<li>Acquista online polvere di MDMA pura<\/li>\n<li>Polvere di MDMA pura online<\/li>\n<li>Polvere di ecstasy\/Molly in vendita<\/li>\n<li>\u00a0acquista Ecstasy\/Molly Powder online<\/li>\n<\/ul>\n","protected":false},"featured_media":5740,"comment_status":"open","ping_status":"closed","template":"","meta":[],"product_brand":[],"product_cat":[2014],"product_tag":[3703,3707,3725,3609,3701,3702,3705,3706,3708,3647,3704,3709,3729,3728,3730,3713,3727,3710,3714,3715,3716,3720,3721,3722,3723,3724,3659,3717,3711,3712,3719,3718,3662],"class_list":{"0":"post-5730","1":"product","2":"type-product","3":"status-publish","4":"has-post-thumbnail","6":"product_cat-compra-ricerca-prodotti-chimici","7":"product_tag-acquistare-mdma-polvere-cristallo-online","8":"product_tag-compra-mdma-polvere-online","9":"product_tag-acquisto-mdma-polvere","10":"product_tag-mdma-polvere-acquisto","11":"product_tag-best-mdma-powder","12":"product_tag-best-quality-mdma-powder","13":"product_tag-buy-mdma-powder-europe","14":"product_tag-buy-mdma-powder-near-me","15":"product_tag-come-acquistare-mdma-polvere-cristallo-online","16":"product_tag-compra-mdma-polvere","17":"product_tag-compra-mdma-polvere-me","18":"product_tag-mdma-polvere-cristallo-in-vendita","19":"product_tag-dove-acquistare-mdma-powder-crystal-online","20":"product_tag-dove-acquistare-mdma-polvere","21":"product_tag-dove-ordinare-mdma-polvere","22":"product_tag-mdma-polvere-google","23":"product_tag-il-posto-migliore-per-acquistare-mdma-powder-crystal-online","24":"product_tag-mdma-powder-effect","25":"product_tag-mdma-powder-mail-order","26":"product_tag-mdma-powder-near-me","27":"product_tag-mdma-powder-online","28":"product_tag-mdma-powder-review","29":"product_tag-mdma-powder-reviews","30":"product_tag-mdma-powder-shipping","31":"product_tag-ordine-mdma-polvere","32":"product_tag-ordine-mdma-polvere-cristallo-online","33":"product_tag-polvere-di-mdma","34":"product_tag-mdma-polvere-durante-la-notte","35":"product_tag-mdma-polvere-europa","36":"product_tag-mdma-polvere-in-vendita-online","37":"product_tag-mdma-polvere-reddit","38":"product_tag-prezzo-mdma-polvere","39":"product_tag-mdma-polvere-in-vendita","41":"first","42":"instock","43":"shipping-taxable","44":"purchasable","45":"product-type-variable","46":"has-default-attributes"},"yoast_head":"<!-- This site is optimized with the Yoast SEO plugin v27.3 - https:\/\/yoast.com\/product\/yoast-seo-wordpress\/ -->\n<title>Acquista polvere di mdma pura - polvere di mdma in vendita - Best Global Meds<\/title>\n<meta name=\"description\" content=\"Acquista polvere di Mdma di qualit\u00e0 in vendita nel Regno Unito, in Europa e in Australia nel nostro negozio online medicinasinc.com con consegna veloce in tutto il mondo! La migliore polvere di Mdma per l&#039;ordinazione la trovi qui!\" \/>\n<meta name=\"robots\" content=\"index, follow, max-snippet:-1, max-image-preview:large, max-video-preview:-1\" \/>\n<link rel=\"canonical\" href=\"https:\/\/medicinasinc.com\/it\/product\/buy-pure-mdma-polvere\/\" \/>\n<meta property=\"og:locale\" content=\"it_IT\" \/>\n<meta property=\"og:type\" content=\"article\" \/>\n<meta property=\"og:title\" content=\"Acquista polvere di mdma pura - polvere di mdma in vendita - Best Global Meds\" \/>\n<meta property=\"og:description\" content=\"Acquista polvere di Mdma di qualit\u00e0 in vendita nel Regno Unito, in Europa e in Australia nel nostro negozio online medicinasinc.com con consegna veloce in tutto il mondo! La migliore polvere di Mdma per l&#039;ordinazione la trovi qui!\" \/>\n<meta property=\"og:url\" content=\"https:\/\/medicinasinc.com\/it\/product\/buy-pure-mdma-polvere\/\" \/>\n<meta property=\"og:site_name\" content=\"Medicinas Inc\" \/>\n<meta property=\"article:modified_time\" content=\"2022-08-04T08:57:51+00:00\" \/>\n<meta property=\"og:image\" content=\"https:\/\/medicinasinc.com\/it\/wp-content\/uploads\/sites\/4\/2022\/02\/Buy-pure-mdma-powder.jpg\" \/>\n\t<meta property=\"og:image:width\" content=\"1500\" \/>\n\t<meta property=\"og:image:height\" content=\"1496\" \/>\n\t<meta property=\"og:image:type\" content=\"image\/jpeg\" \/>\n<meta name=\"twitter:card\" content=\"summary_large_image\" \/>\n<meta name=\"twitter:label1\" content=\"Tempo di lettura stimato\" \/>\n\t<meta name=\"twitter:data1\" content=\"1 minuto\" \/>\n<script type=\"application\/ld+json\" class=\"yoast-schema-graph\">{\"@context\":\"https:\\\/\\\/schema.org\",\"@graph\":[{\"@type\":\"WebPage\",\"@id\":\"https:\\\/\\\/medicinasinc.com\\\/it\\\/product\\\/buy-pure-mdma-polvere\\\/\",\"url\":\"https:\\\/\\\/medicinasinc.com\\\/it\\\/product\\\/buy-pure-mdma-polvere\\\/\",\"name\":\"Acquista polvere di mdma pura - polvere di mdma in vendita - Best Global Meds\",\"isPartOf\":{\"@id\":\"https:\\\/\\\/medicinasinc.com\\\/it\\\/#website\"},\"primaryImageOfPage\":{\"@id\":\"https:\\\/\\\/medicinasinc.com\\\/it\\\/product\\\/buy-pure-mdma-polvere\\\/#primaryimage\"},\"image\":{\"@id\":\"https:\\\/\\\/medicinasinc.com\\\/it\\\/product\\\/buy-pure-mdma-polvere\\\/#primaryimage\"},\"thumbnailUrl\":\"https:\\\/\\\/medicinasinc.com\\\/it\\\/wp-content\\\/uploads\\\/sites\\\/4\\\/2022\\\/02\\\/Buy-pure-mdma-powder.jpg\",\"datePublished\":\"2022-02-22T05:01:35+00:00\",\"dateModified\":\"2022-08-04T08:57:51+00:00\",\"description\":\"Acquista polvere di Mdma di qualit\u00e0 in vendita nel Regno Unito, in Europa e in Australia nel nostro negozio online medicinasinc.com con consegna veloce in tutto il mondo! La migliore polvere di Mdma per l'ordinazione la trovi qui!\",\"breadcrumb\":{\"@id\":\"https:\\\/\\\/medicinasinc.com\\\/it\\\/product\\\/buy-pure-mdma-polvere\\\/#breadcrumb\"},\"inLanguage\":\"it-IT\",\"potentialAction\":[{\"@type\":\"ReadAction\",\"target\":[\"https:\\\/\\\/medicinasinc.com\\\/it\\\/product\\\/buy-pure-mdma-polvere\\\/\"]}]},{\"@type\":\"ImageObject\",\"inLanguage\":\"it-IT\",\"@id\":\"https:\\\/\\\/medicinasinc.com\\\/it\\\/product\\\/buy-pure-mdma-polvere\\\/#primaryimage\",\"url\":\"https:\\\/\\\/medicinasinc.com\\\/it\\\/wp-content\\\/uploads\\\/sites\\\/4\\\/2022\\\/02\\\/Buy-pure-mdma-powder.jpg\",\"contentUrl\":\"https:\\\/\\\/medicinasinc.com\\\/it\\\/wp-content\\\/uploads\\\/sites\\\/4\\\/2022\\\/02\\\/Buy-pure-mdma-powder.jpg\",\"width\":1500,\"height\":1496},{\"@type\":\"BreadcrumbList\",\"@id\":\"https:\\\/\\\/medicinasinc.com\\\/it\\\/product\\\/buy-pure-mdma-polvere\\\/#breadcrumb\",\"itemListElement\":[{\"@type\":\"ListItem\",\"position\":1,\"name\":\"Negozio\",\"item\":\"https:\\\/\\\/medicinasinc.com\\\/it\\\/negozio\\\/\"},{\"@type\":\"ListItem\",\"position\":2,\"name\":\"Acquista pura polvere di mdma\"}]},{\"@type\":\"WebSite\",\"@id\":\"https:\\\/\\\/medicinasinc.com\\\/it\\\/#website\",\"url\":\"https:\\\/\\\/medicinasinc.com\\\/it\\\/\",\"name\":\"Medicinas Inc\",\"description\":\"Health Medical Clinic\",\"potentialAction\":[{\"@type\":\"SearchAction\",\"target\":{\"@type\":\"EntryPoint\",\"urlTemplate\":\"https:\\\/\\\/medicinasinc.com\\\/it\\\/?s={search_term_string}\"},\"query-input\":{\"@type\":\"PropertyValueSpecification\",\"valueRequired\":true,\"valueName\":\"search_term_string\"}}],\"inLanguage\":\"it-IT\"}]}<\/script>\n<!-- \/ Yoast SEO plugin. -->","yoast_head_json":{"title":"Acquista polvere di mdma pura - polvere di mdma in vendita - Best Global Meds","description":"Acquista polvere di Mdma di qualit\u00e0 in vendita nel Regno Unito, in Europa e in Australia nel nostro negozio online medicinasinc.com con consegna veloce in tutto il mondo! La migliore polvere di Mdma per l'ordinazione la trovi qui!","robots":{"index":"index","follow":"follow","max-snippet":"max-snippet:-1","max-image-preview":"max-image-preview:large","max-video-preview":"max-video-preview:-1"},"canonical":"https:\/\/medicinasinc.com\/it\/product\/buy-pure-mdma-polvere\/","og_locale":"it_IT","og_type":"article","og_title":"Acquista polvere di mdma pura - polvere di mdma in vendita - Best Global Meds","og_description":"Acquista polvere di Mdma di qualit\u00e0 in vendita nel Regno Unito, in Europa e in Australia nel nostro negozio online medicinasinc.com con consegna veloce in tutto il mondo! La migliore polvere di Mdma per l'ordinazione la trovi qui!","og_url":"https:\/\/medicinasinc.com\/it\/product\/buy-pure-mdma-polvere\/","og_site_name":"Medicinas Inc","article_modified_time":"2022-08-04T08:57:51+00:00","og_image":[{"width":1500,"height":1496,"url":"https:\/\/medicinasinc.com\/it\/wp-content\/uploads\/sites\/4\/2022\/02\/Buy-pure-mdma-powder.jpg","type":"image\/jpeg"}],"twitter_card":"summary_large_image","twitter_misc":{"Tempo di lettura stimato":"1 minuto"},"schema":{"@context":"https:\/\/schema.org","@graph":[{"@type":"WebPage","@id":"https:\/\/medicinasinc.com\/it\/product\/buy-pure-mdma-polvere\/","url":"https:\/\/medicinasinc.com\/it\/product\/buy-pure-mdma-polvere\/","name":"Acquista polvere di mdma pura - polvere di mdma in vendita - Best Global Meds","isPartOf":{"@id":"https:\/\/medicinasinc.com\/it\/#website"},"primaryImageOfPage":{"@id":"https:\/\/medicinasinc.com\/it\/product\/buy-pure-mdma-polvere\/#primaryimage"},"image":{"@id":"https:\/\/medicinasinc.com\/it\/product\/buy-pure-mdma-polvere\/#primaryimage"},"thumbnailUrl":"https:\/\/medicinasinc.com\/it\/wp-content\/uploads\/sites\/4\/2022\/02\/Buy-pure-mdma-powder.jpg","datePublished":"2022-02-22T05:01:35+00:00","dateModified":"2022-08-04T08:57:51+00:00","description":"Acquista polvere di Mdma di qualit\u00e0 in vendita nel Regno Unito, in Europa e in Australia nel nostro negozio online medicinasinc.com con consegna veloce in tutto il mondo! La migliore polvere di Mdma per l'ordinazione la trovi qui!","breadcrumb":{"@id":"https:\/\/medicinasinc.com\/it\/product\/buy-pure-mdma-polvere\/#breadcrumb"},"inLanguage":"it-IT","potentialAction":[{"@type":"ReadAction","target":["https:\/\/medicinasinc.com\/it\/product\/buy-pure-mdma-polvere\/"]}]},{"@type":"ImageObject","inLanguage":"it-IT","@id":"https:\/\/medicinasinc.com\/it\/product\/buy-pure-mdma-polvere\/#primaryimage","url":"https:\/\/medicinasinc.com\/it\/wp-content\/uploads\/sites\/4\/2022\/02\/Buy-pure-mdma-powder.jpg","contentUrl":"https:\/\/medicinasinc.com\/it\/wp-content\/uploads\/sites\/4\/2022\/02\/Buy-pure-mdma-powder.jpg","width":1500,"height":1496},{"@type":"BreadcrumbList","@id":"https:\/\/medicinasinc.com\/it\/product\/buy-pure-mdma-polvere\/#breadcrumb","itemListElement":[{"@type":"ListItem","position":1,"name":"Negozio","item":"https:\/\/medicinasinc.com\/it\/negozio\/"},{"@type":"ListItem","position":2,"name":"Acquista pura polvere di mdma"}]},{"@type":"WebSite","@id":"https:\/\/medicinasinc.com\/it\/#website","url":"https:\/\/medicinasinc.com\/it\/","name":"Medicinas Inc","description":"Health Medical Clinic","potentialAction":[{"@type":"SearchAction","target":{"@type":"EntryPoint","urlTemplate":"https:\/\/medicinasinc.com\/it\/?s={search_term_string}"},"query-input":{"@type":"PropertyValueSpecification","valueRequired":true,"valueName":"search_term_string"}}],"inLanguage":"it-IT"}]}},"_links":{"self":[{"href":"https:\/\/medicinasinc.com\/it\/wp-json\/wp\/v2\/product\/5730","targetHints":{"allow":["GET"]}}],"collection":[{"href":"https:\/\/medicinasinc.com\/it\/wp-json\/wp\/v2\/product"}],"about":[{"href":"https:\/\/medicinasinc.com\/it\/wp-json\/wp\/v2\/types\/product"}],"replies":[{"embeddable":true,"href":"https:\/\/medicinasinc.com\/it\/wp-json\/wp\/v2\/comments?post=5730"}],"wp:featuredmedia":[{"embeddable":true,"href":"https:\/\/medicinasinc.com\/it\/wp-json\/wp\/v2\/media\/5740"}],"wp:attachment":[{"href":"https:\/\/medicinasinc.com\/it\/wp-json\/wp\/v2\/media?parent=5730"}],"wp:term":[{"taxonomy":"product_brand","embeddable":true,"href":"https:\/\/medicinasinc.com\/it\/wp-json\/wp\/v2\/product_brand?post=5730"},{"taxonomy":"product_cat","embeddable":true,"href":"https:\/\/medicinasinc.com\/it\/wp-json\/wp\/v2\/product_cat?post=5730"},{"taxonomy":"product_tag","embeddable":true,"href":"https:\/\/medicinasinc.com\/it\/wp-json\/wp\/v2\/product_tag?post=5730"}],"curies":[{"name":"wp","href":"https:\/\/api.w.org\/{rel}","templated":true}]}}