{"id":5729,"date":"2022-02-22T04:59:37","date_gmt":"2022-02-22T04:59:37","guid":{"rendered":"https:\/\/medicinasinc.com\/it\/?post_type=product&#038;p=5729"},"modified":"2022-03-17T00:04:36","modified_gmt":"2022-03-17T00:04:36","slug":"comprare-idrocodone-polvere","status":"publish","type":"product","link":"https:\/\/medicinasinc.com\/it\/product\/comprare-idrocodone-polvere\/","title":{"rendered":"Acquista polvere di idrocodone"},"content":{"rendered":"<p>Per acquistare l&#8217;idrocodone in polvere online, fai clic qui.<br \/> Online, puoi acquistare l&#8217;idrocodone in polvere all&#8217;ingrosso a un buon prezzo a prezzi all&#8217;ingrosso. L&#8217;idrocodone, venduto con il marchio Hysingla e altri nomi, \u00e8 un oppioide che pu\u00f2 essere usato per trattare il dolore che dura a lungo se altri trattamenti non funzionano. Come sedativo della tosse, \u00e8 usato anche da persone di et\u00e0 superiore ai 18 anni. Le persone lo mangiano. Il paracetamolo e l&#8217;idrocodone vengono solitamente venduti insieme. Anche l&#8217;ibuprofene e l&#8217;idrocodone vengono solitamente venduti insieme. Di per s\u00e9, si presenta in una forma a lunga durata d&#8217;azione che puoi acquistare.<\/p>\n<p>Esistono due tipi di sale o polvere di idrocodone:<\/p>\n<p>L&#8217;idrocodone \u00e8 un oppioide semisintetico che deriva da la pianta della codeina. L&#8217;idrocodone pu\u00f2 essere assunto per via orale per alleviare il dolore e fermare la tosse, spesso con paracetamolo o ibuprofene. Ci sono molte prescrizioni per l&#8217;idrocodone negli Stati Uniti.<\/p>\n","protected":false},"excerpt":{"rendered":"<p>Polvere di idrocodone in vendita in Europa, Regno Unito e Australia. La codeina \u00e8 usata per produrre polvere di idrocodone, un oppioide semisintetico. Tariffe pi\u00f9 economiche sulla polvere di idrocodone.<\/p>\n<p>Acquista la polvere di idrocodone online da una fonte affidabile.<\/p>\n<p>\u00c8 un oppioide semisintetico derivato dalla codeina. Polvere di idrocodone<\/p>\n","protected":false},"featured_media":5738,"comment_status":"open","ping_status":"closed","template":"","meta":[],"product_brand":[],"product_cat":[2014],"product_tag":[3671,3672,3673,3670,3674,3698,3699,3675,3700,3677,3678,3683,3684,3685,3686,3679,3676,3688,3689,3691,3692,3690,3693,3694,3695,3682,3697,3680,3696,3687,3681],"class_list":{"0":"post-5729","1":"product","2":"type-product","3":"status-publish","4":"has-post-thumbnail","6":"product_cat-compra-ricerca-prodotti-chimici","7":"product_tag-comprare-idrocodone-online-usa","8":"product_tag-comprare-idrocodone-online-senza-rx","9":"product_tag-comprare-idrocodone-polvere","10":"product_tag-buy-hydrocodone-acetaminophen","11":"product_tag-can-hydrocodone-kill-you","12":"product_tag-cosa-succede-quando-sniffi-idrocodone","13":"product_tag-da-cosa--composto-lidrocodone","14":"product_tag-does-hydrocodone-cause-constipation","15":"product_tag-dove-acquistare-pillole-di-idrocodone","16":"product_tag-hydrocodone-powder","17":"product_tag-hydrocodone-powder-buy","18":"product_tag-hydrocodone-powder-price","19":"product_tag-hydrocodone-powder-reddit","20":"product_tag-hydrocodone-powder-review","21":"product_tag-hydrocodone-powder-sale","22":"product_tag-idrocodone-effetto-polvere","23":"product_tag-idrocodone-hcl","24":"product_tag-idrocodone-vs-kratom","25":"product_tag-idrocodone-vs-vicodin","26":"product_tag-kratom-and-hydrocodone-combination","27":"product_tag-kratom-bali-rispetto-a-idrocodone","28":"product_tag-kratom-e-idrocodone","29":"product_tag-kratom-rispetto-a-norco","30":"product_tag-kratom-vs-idrocodone-forza","31":"product_tag-miscelazione-kratom-e-idrocodone","32":"product_tag-ordine-di-polvere-di-idrocodone","33":"product_tag-polvere-di-idrocodone-grezza","34":"product_tag-idrocodone-in-polvere-per-il-compounding","35":"product_tag-polvere-di-idrocodone-per-vendita","36":"product_tag-idrocodone-in-polvere","37":"product_tag-idrocodone-polvere-in-vendita","39":"first","40":"instock","41":"shipping-taxable","42":"purchasable","43":"product-type-variable","44":"has-default-attributes"},"yoast_head":"<!-- This site is optimized with the Yoast SEO plugin v27.3 - https:\/\/yoast.com\/product\/yoast-seo-wordpress\/ -->\n<title>Acquista polvere di idrocodone - Polvere di idrocodone - Best Global Meds<\/title>\n<meta name=\"description\" content=\"Acquista polvere di idrocodone di qualit\u00e0 in vendita in Europa, Regno Unito, AU online. La polvere di idrocodone \u00e8 un oppioide semisintetico derivato dalla codeina. Ordina l&#039;idrocodone in polvere ai migliori prezzi\" \/>\n<meta name=\"robots\" content=\"index, follow, max-snippet:-1, max-image-preview:large, max-video-preview:-1\" \/>\n<link rel=\"canonical\" href=\"https:\/\/medicinasinc.com\/it\/product\/comprare-idrocodone-polvere\/\" \/>\n<meta property=\"og:locale\" content=\"it_IT\" \/>\n<meta property=\"og:type\" content=\"article\" \/>\n<meta property=\"og:title\" content=\"Acquista polvere di idrocodone - Polvere di idrocodone - Best Global Meds\" \/>\n<meta property=\"og:description\" content=\"Acquista polvere di idrocodone di qualit\u00e0 in vendita in Europa, Regno Unito, AU online. La polvere di idrocodone \u00e8 un oppioide semisintetico derivato dalla codeina. Ordina l&#039;idrocodone in polvere ai migliori prezzi\" \/>\n<meta property=\"og:url\" content=\"https:\/\/medicinasinc.com\/it\/product\/comprare-idrocodone-polvere\/\" \/>\n<meta property=\"og:site_name\" content=\"Medicinas Inc\" \/>\n<meta property=\"article:modified_time\" content=\"2022-03-17T00:04:36+00:00\" \/>\n<meta property=\"og:image\" content=\"https:\/\/medicinasinc.com\/it\/wp-content\/uploads\/sites\/4\/2022\/02\/Buy-Hydrocodone-Powder.jpg\" \/>\n\t<meta property=\"og:image:width\" content=\"650\" \/>\n\t<meta property=\"og:image:height\" content=\"390\" \/>\n\t<meta property=\"og:image:type\" content=\"image\/jpeg\" \/>\n<meta name=\"twitter:card\" content=\"summary_large_image\" \/>\n<meta name=\"twitter:label1\" content=\"Tempo di lettura stimato\" \/>\n\t<meta name=\"twitter:data1\" content=\"1 minuto\" \/>\n<script type=\"application\/ld+json\" class=\"yoast-schema-graph\">{\"@context\":\"https:\\\/\\\/schema.org\",\"@graph\":[{\"@type\":\"WebPage\",\"@id\":\"https:\\\/\\\/medicinasinc.com\\\/it\\\/product\\\/comprare-idrocodone-polvere\\\/\",\"url\":\"https:\\\/\\\/medicinasinc.com\\\/it\\\/product\\\/comprare-idrocodone-polvere\\\/\",\"name\":\"Acquista polvere di idrocodone - Polvere di idrocodone - Best Global Meds\",\"isPartOf\":{\"@id\":\"https:\\\/\\\/medicinasinc.com\\\/it\\\/#website\"},\"primaryImageOfPage\":{\"@id\":\"https:\\\/\\\/medicinasinc.com\\\/it\\\/product\\\/comprare-idrocodone-polvere\\\/#primaryimage\"},\"image\":{\"@id\":\"https:\\\/\\\/medicinasinc.com\\\/it\\\/product\\\/comprare-idrocodone-polvere\\\/#primaryimage\"},\"thumbnailUrl\":\"https:\\\/\\\/medicinasinc.com\\\/it\\\/wp-content\\\/uploads\\\/sites\\\/4\\\/2022\\\/02\\\/Buy-Hydrocodone-Powder.jpg\",\"datePublished\":\"2022-02-22T04:59:37+00:00\",\"dateModified\":\"2022-03-17T00:04:36+00:00\",\"description\":\"Acquista polvere di idrocodone di qualit\u00e0 in vendita in Europa, Regno Unito, AU online. La polvere di idrocodone \u00e8 un oppioide semisintetico derivato dalla codeina. Ordina l'idrocodone in polvere ai migliori prezzi\",\"breadcrumb\":{\"@id\":\"https:\\\/\\\/medicinasinc.com\\\/it\\\/product\\\/comprare-idrocodone-polvere\\\/#breadcrumb\"},\"inLanguage\":\"it-IT\",\"potentialAction\":[{\"@type\":\"ReadAction\",\"target\":[\"https:\\\/\\\/medicinasinc.com\\\/it\\\/product\\\/comprare-idrocodone-polvere\\\/\"]}]},{\"@type\":\"ImageObject\",\"inLanguage\":\"it-IT\",\"@id\":\"https:\\\/\\\/medicinasinc.com\\\/it\\\/product\\\/comprare-idrocodone-polvere\\\/#primaryimage\",\"url\":\"https:\\\/\\\/medicinasinc.com\\\/it\\\/wp-content\\\/uploads\\\/sites\\\/4\\\/2022\\\/02\\\/Buy-Hydrocodone-Powder.jpg\",\"contentUrl\":\"https:\\\/\\\/medicinasinc.com\\\/it\\\/wp-content\\\/uploads\\\/sites\\\/4\\\/2022\\\/02\\\/Buy-Hydrocodone-Powder.jpg\",\"width\":650,\"height\":390},{\"@type\":\"BreadcrumbList\",\"@id\":\"https:\\\/\\\/medicinasinc.com\\\/it\\\/product\\\/comprare-idrocodone-polvere\\\/#breadcrumb\",\"itemListElement\":[{\"@type\":\"ListItem\",\"position\":1,\"name\":\"Negozio\",\"item\":\"https:\\\/\\\/medicinasinc.com\\\/it\\\/negozio\\\/\"},{\"@type\":\"ListItem\",\"position\":2,\"name\":\"Acquista polvere di idrocodone\"}]},{\"@type\":\"WebSite\",\"@id\":\"https:\\\/\\\/medicinasinc.com\\\/it\\\/#website\",\"url\":\"https:\\\/\\\/medicinasinc.com\\\/it\\\/\",\"name\":\"Medicinas Inc\",\"description\":\"Health Medical Clinic\",\"potentialAction\":[{\"@type\":\"SearchAction\",\"target\":{\"@type\":\"EntryPoint\",\"urlTemplate\":\"https:\\\/\\\/medicinasinc.com\\\/it\\\/?s={search_term_string}\"},\"query-input\":{\"@type\":\"PropertyValueSpecification\",\"valueRequired\":true,\"valueName\":\"search_term_string\"}}],\"inLanguage\":\"it-IT\"}]}<\/script>\n<!-- \/ Yoast SEO plugin. -->","yoast_head_json":{"title":"Acquista polvere di idrocodone - Polvere di idrocodone - Best Global Meds","description":"Acquista polvere di idrocodone di qualit\u00e0 in vendita in Europa, Regno Unito, AU online. La polvere di idrocodone \u00e8 un oppioide semisintetico derivato dalla codeina. Ordina l'idrocodone in polvere ai migliori prezzi","robots":{"index":"index","follow":"follow","max-snippet":"max-snippet:-1","max-image-preview":"max-image-preview:large","max-video-preview":"max-video-preview:-1"},"canonical":"https:\/\/medicinasinc.com\/it\/product\/comprare-idrocodone-polvere\/","og_locale":"it_IT","og_type":"article","og_title":"Acquista polvere di idrocodone - Polvere di idrocodone - Best Global Meds","og_description":"Acquista polvere di idrocodone di qualit\u00e0 in vendita in Europa, Regno Unito, AU online. La polvere di idrocodone \u00e8 un oppioide semisintetico derivato dalla codeina. Ordina l'idrocodone in polvere ai migliori prezzi","og_url":"https:\/\/medicinasinc.com\/it\/product\/comprare-idrocodone-polvere\/","og_site_name":"Medicinas Inc","article_modified_time":"2022-03-17T00:04:36+00:00","og_image":[{"width":650,"height":390,"url":"https:\/\/medicinasinc.com\/it\/wp-content\/uploads\/sites\/4\/2022\/02\/Buy-Hydrocodone-Powder.jpg","type":"image\/jpeg"}],"twitter_card":"summary_large_image","twitter_misc":{"Tempo di lettura stimato":"1 minuto"},"schema":{"@context":"https:\/\/schema.org","@graph":[{"@type":"WebPage","@id":"https:\/\/medicinasinc.com\/it\/product\/comprare-idrocodone-polvere\/","url":"https:\/\/medicinasinc.com\/it\/product\/comprare-idrocodone-polvere\/","name":"Acquista polvere di idrocodone - Polvere di idrocodone - Best Global Meds","isPartOf":{"@id":"https:\/\/medicinasinc.com\/it\/#website"},"primaryImageOfPage":{"@id":"https:\/\/medicinasinc.com\/it\/product\/comprare-idrocodone-polvere\/#primaryimage"},"image":{"@id":"https:\/\/medicinasinc.com\/it\/product\/comprare-idrocodone-polvere\/#primaryimage"},"thumbnailUrl":"https:\/\/medicinasinc.com\/it\/wp-content\/uploads\/sites\/4\/2022\/02\/Buy-Hydrocodone-Powder.jpg","datePublished":"2022-02-22T04:59:37+00:00","dateModified":"2022-03-17T00:04:36+00:00","description":"Acquista polvere di idrocodone di qualit\u00e0 in vendita in Europa, Regno Unito, AU online. La polvere di idrocodone \u00e8 un oppioide semisintetico derivato dalla codeina. Ordina l'idrocodone in polvere ai migliori prezzi","breadcrumb":{"@id":"https:\/\/medicinasinc.com\/it\/product\/comprare-idrocodone-polvere\/#breadcrumb"},"inLanguage":"it-IT","potentialAction":[{"@type":"ReadAction","target":["https:\/\/medicinasinc.com\/it\/product\/comprare-idrocodone-polvere\/"]}]},{"@type":"ImageObject","inLanguage":"it-IT","@id":"https:\/\/medicinasinc.com\/it\/product\/comprare-idrocodone-polvere\/#primaryimage","url":"https:\/\/medicinasinc.com\/it\/wp-content\/uploads\/sites\/4\/2022\/02\/Buy-Hydrocodone-Powder.jpg","contentUrl":"https:\/\/medicinasinc.com\/it\/wp-content\/uploads\/sites\/4\/2022\/02\/Buy-Hydrocodone-Powder.jpg","width":650,"height":390},{"@type":"BreadcrumbList","@id":"https:\/\/medicinasinc.com\/it\/product\/comprare-idrocodone-polvere\/#breadcrumb","itemListElement":[{"@type":"ListItem","position":1,"name":"Negozio","item":"https:\/\/medicinasinc.com\/it\/negozio\/"},{"@type":"ListItem","position":2,"name":"Acquista polvere di idrocodone"}]},{"@type":"WebSite","@id":"https:\/\/medicinasinc.com\/it\/#website","url":"https:\/\/medicinasinc.com\/it\/","name":"Medicinas Inc","description":"Health Medical Clinic","potentialAction":[{"@type":"SearchAction","target":{"@type":"EntryPoint","urlTemplate":"https:\/\/medicinasinc.com\/it\/?s={search_term_string}"},"query-input":{"@type":"PropertyValueSpecification","valueRequired":true,"valueName":"search_term_string"}}],"inLanguage":"it-IT"}]}},"_links":{"self":[{"href":"https:\/\/medicinasinc.com\/it\/wp-json\/wp\/v2\/product\/5729","targetHints":{"allow":["GET"]}}],"collection":[{"href":"https:\/\/medicinasinc.com\/it\/wp-json\/wp\/v2\/product"}],"about":[{"href":"https:\/\/medicinasinc.com\/it\/wp-json\/wp\/v2\/types\/product"}],"replies":[{"embeddable":true,"href":"https:\/\/medicinasinc.com\/it\/wp-json\/wp\/v2\/comments?post=5729"}],"wp:featuredmedia":[{"embeddable":true,"href":"https:\/\/medicinasinc.com\/it\/wp-json\/wp\/v2\/media\/5738"}],"wp:attachment":[{"href":"https:\/\/medicinasinc.com\/it\/wp-json\/wp\/v2\/media?parent=5729"}],"wp:term":[{"taxonomy":"product_brand","embeddable":true,"href":"https:\/\/medicinasinc.com\/it\/wp-json\/wp\/v2\/product_brand?post=5729"},{"taxonomy":"product_cat","embeddable":true,"href":"https:\/\/medicinasinc.com\/it\/wp-json\/wp\/v2\/product_cat?post=5729"},{"taxonomy":"product_tag","embeddable":true,"href":"https:\/\/medicinasinc.com\/it\/wp-json\/wp\/v2\/product_tag?post=5729"}],"curies":[{"name":"wp","href":"https:\/\/api.w.org\/{rel}","templated":true}]}}