{"id":5710,"date":"2022-02-22T04:39:11","date_gmt":"2022-02-22T04:39:11","guid":{"rendered":"https:\/\/medicinasinc.com\/it\/?post_type=product&#038;p=5710"},"modified":"2022-03-17T00:04:44","modified_gmt":"2022-03-17T00:04:44","slug":"buy-mdma-cristalli","status":"publish","type":"product","link":"https:\/\/medicinasinc.com\/it\/product\/buy-mdma-cristalli\/","title":{"rendered":"Acquista cristalli di mdma"},"content":{"rendered":"<p>DOVE ORDINARE MDMA IN POLVERE E CRYSTAL ONLINE<\/p>\n<p>CRYSTAL MDMA \u00e8 disponibile per l&#8217;acquisto su Internet. L&#8217;acquisto di polvere di MDMA online \u00e8 semplice e conveniente. La 3,4-metilendiossimetanfetamina, pi\u00f9 frequentemente indicata come ecstasy, \u00e8 uno stimolante e generalmente usata per divertimento. Per ottenere i risultati desiderati, gli impatti includono sentimenti alterati e una spinta di energia, empatia e divertimento. L&#8217;MDMA pu\u00f2 essere acquistato proprio qui sul nostro sito. All&#8217;inizio l&#8217;MDMA era usata principalmente da coloro che frequentavano discoteche e feste da ballo notturne (note come &#8220;rave&#8221;), ma da allora la droga si \u00e8 diffusa a un pubblico pi\u00f9 ampio e ora viene chiamata Ecstasy o Molly.<\/p>\n<p>\u00c8 una droga sintetica che colpisce l&#8217;umore e la percezione, 3,4-metilenediossi-metamfetamina (MDMA) (consapevolezza degli oggetti e delle condizioni circostanti). Come stimolante e allucinogeno, produce sensazioni di maggiore energia, piacere e calore emotivo, oltre a un&#8217;esperienza sensoriale confusa.<\/p>\n<p>Com&#8217;\u00e8 l&#8217;MDMA CYSTAL | Polvere usata dai suoi utilizzatori?<\/p>\n<p>L&#8217;MDMA \u00e8 comunemente usato sotto forma di pillola o capsula, sebbene possa anche essere ingerito come liquido o sniffato come polvere. \u00c8 comune chiamare questo MDMA in polvere (MDMA CRYSTAL) Molly, un termine gergale per la presunta forma di polvere cristallina &#8220;pura&#8221; del farmaco. L&#8217;MDMA pu\u00f2 essere combinato con altre sostanze, come alcol o marijuana, da alcune persone.<\/p>\n<p>Quali sono gli effetti dell&#8217;MDMA sul cervello?<\/p>\n<p>Tre molecole cerebrali sono attivate dall&#8217;MDMA: <\/p>\n<p>L&#8217;aumento dell&#8217;energia e dell&#8217;attivit\u00e0 sono due degli effetti della dopamina, che funziona come ricompensa nel sistema di ricompensa del cervello.<br \/> Coloro con problemi cardiovascolari o vascolari sono pi\u00f9 vulnerabili agli effetti della noradrenalina, che aumenta la frequenza cardiaca e la pressione sanguigna.<br \/> Ci sono molte funzioni che la serotonina influenza, come l&#8217;umore, la fame e il sonno. Ha anche un effetto sull&#8217;eccitazione sessuale e sulla fiducia provocando il rilascio di ormoni. Le persone che assumono MDMA riferiscono sentimenti di connessione emotiva, umore migliorato ed empatia come risultato degli effetti di rilascio della serotonina del farmaco. Acquista le pillole Molly da una rinomata farmacia online.<\/p>\n<p>&nbsp;<\/p>\n<p>Per quanto riguarda altri effetti negativi sulla salute:<\/p>\n<p>mal di stomaco e crampi<br \/> digrignamento dei denti ha causato una foschia nella mia vista<br \/> sudorazione da brividi<\/p>\n","protected":false},"excerpt":{"rendered":"<p>Acquista da noi cristalli di mdma in vendita nel Regno Unito e in Europa. Le persone che acquistano da noi possono essere sicure che otterranno ci\u00f2 per cui pagano. Ora, acquista 3,4-metil endiossi metanfetamina.<\/p>\n<p>Ci sono cristalli di ecstasy\/molly in vendita (puoi acquistare cristalli di ecstasy\/molly online). Ci sono molti posti dove puoi acquistare cristalli di MDMA online. Puoi anche acquistare cristalli di Methylone online.<\/p>\n","protected":false},"featured_media":5720,"comment_status":"open","ping_status":"closed","template":"","meta":[],"product_brand":[],"product_cat":[2014],"product_tag":[3646,3644,3645,3664,501,506,3658,3648,3647,3656,3660,3661,3652,3651,3668,3667,3669,3653,3666,3657,3663,539,3649,3650,3659,3655,3665,3654,3662],"class_list":{"0":"post-5710","1":"product","2":"type-product","3":"status-publish","4":"has-post-thumbnail","6":"product_cat-compra-ricerca-prodotti-chimici","7":"product_tag-buy-mdma-cristalli","8":"product_tag-buy-mdma-cristallo","9":"product_tag-comprare-mdma-cristallo-online","10":"product_tag-acquisto-mdma-cristallo-online","11":"product_tag-compra-mdma-online","12":"product_tag-buy-pure-mdma-online","13":"product_tag-mdma-acquisto-online","14":"product_tag-come-acquistare-mdma-crystal-online","15":"product_tag-compra-mdma-polvere","16":"product_tag-mdma-cristalli-reddit","17":"product_tag-cristalli-di-polvere-di-mdma","18":"product_tag-mdma-polvere-cristalli-online","19":"product_tag-mdma-cristallo-in-vendita-online","20":"product_tag-mdma-cristallo-in-vendita","21":"product_tag-dove-acquistare-mdma-crystal-online","22":"product_tag-dove-posso-comprare-mdma","23":"product_tag-dove-ottenere-mdma-usa","24":"product_tag-effetto-cristalli-mdma","25":"product_tag-il-posto-migliore-per-acquistare-mdma-crystal-online","26":"product_tag-mdma-in-vendita-usa","27":"product_tag-order-mdma-crystal-online","28":"product_tag-order-mdma-online","29":"product_tag-mail-order-mdma","30":"product_tag-mail-order-mdma-cristallo","31":"product_tag-polvere-di-mdma","32":"product_tag-mdma-cristalli-prezzi","33":"product_tag-tag-buy-ecstasy-usa","34":"product_tag-cristalli-mdma-in-vendita","35":"product_tag-mdma-polvere-in-vendita","37":"first","38":"instock","39":"shipping-taxable","40":"purchasable","41":"product-type-variable","42":"has-default-attributes"},"yoast_head":"<!-- This site is optimized with the Yoast SEO plugin v27.3 - https:\/\/yoast.com\/product\/yoast-seo-wordpress\/ -->\n<title>Acquista cristalli di mdma - Cristalli di mdma in vendita - Best Global Meds<\/title>\n<meta name=\"description\" content=\"Acquista cristalli di mdma in vendita nel Regno Unito, in Europa. offriamo la transazione pi\u00f9 affidabile e vendiamo a prezzi molto convenienti. Ordina ora la 3,4-metil\u200benediossi metamfetamina\" \/>\n<meta name=\"robots\" content=\"index, follow, max-snippet:-1, max-image-preview:large, max-video-preview:-1\" \/>\n<link rel=\"canonical\" href=\"https:\/\/medicinasinc.com\/it\/product\/buy-mdma-cristalli\/\" \/>\n<meta property=\"og:locale\" content=\"it_IT\" \/>\n<meta property=\"og:type\" content=\"article\" \/>\n<meta property=\"og:title\" content=\"Acquista cristalli di mdma - Cristalli di mdma in vendita - Best Global Meds\" \/>\n<meta property=\"og:description\" content=\"Acquista cristalli di mdma in vendita nel Regno Unito, in Europa. offriamo la transazione pi\u00f9 affidabile e vendiamo a prezzi molto convenienti. Ordina ora la 3,4-metil\u200benediossi metamfetamina\" \/>\n<meta property=\"og:url\" content=\"https:\/\/medicinasinc.com\/it\/product\/buy-mdma-cristalli\/\" \/>\n<meta property=\"og:site_name\" content=\"Medicinas Inc\" \/>\n<meta property=\"article:modified_time\" content=\"2022-03-17T00:04:44+00:00\" \/>\n<meta property=\"og:image\" content=\"https:\/\/medicinasinc.com\/it\/wp-content\/uploads\/sites\/4\/2022\/02\/Buy-mdma-crystals.jpg\" \/>\n\t<meta property=\"og:image:width\" content=\"600\" \/>\n\t<meta property=\"og:image:height\" content=\"600\" \/>\n\t<meta property=\"og:image:type\" content=\"image\/jpeg\" \/>\n<meta name=\"twitter:card\" content=\"summary_large_image\" \/>\n<meta name=\"twitter:label1\" content=\"Tempo di lettura stimato\" \/>\n\t<meta name=\"twitter:data1\" content=\"2 minuti\" \/>\n<script type=\"application\/ld+json\" class=\"yoast-schema-graph\">{\"@context\":\"https:\\\/\\\/schema.org\",\"@graph\":[{\"@type\":\"WebPage\",\"@id\":\"https:\\\/\\\/medicinasinc.com\\\/it\\\/product\\\/buy-mdma-cristalli\\\/\",\"url\":\"https:\\\/\\\/medicinasinc.com\\\/it\\\/product\\\/buy-mdma-cristalli\\\/\",\"name\":\"Acquista cristalli di mdma - Cristalli di mdma in vendita - Best Global Meds\",\"isPartOf\":{\"@id\":\"https:\\\/\\\/medicinasinc.com\\\/it\\\/#website\"},\"primaryImageOfPage\":{\"@id\":\"https:\\\/\\\/medicinasinc.com\\\/it\\\/product\\\/buy-mdma-cristalli\\\/#primaryimage\"},\"image\":{\"@id\":\"https:\\\/\\\/medicinasinc.com\\\/it\\\/product\\\/buy-mdma-cristalli\\\/#primaryimage\"},\"thumbnailUrl\":\"https:\\\/\\\/medicinasinc.com\\\/it\\\/wp-content\\\/uploads\\\/sites\\\/4\\\/2022\\\/02\\\/Buy-mdma-crystals.jpg\",\"datePublished\":\"2022-02-22T04:39:11+00:00\",\"dateModified\":\"2022-03-17T00:04:44+00:00\",\"description\":\"Acquista cristalli di mdma in vendita nel Regno Unito, in Europa. offriamo la transazione pi\u00f9 affidabile e vendiamo a prezzi molto convenienti. Ordina ora la 3,4-metil\u200benediossi metamfetamina\",\"breadcrumb\":{\"@id\":\"https:\\\/\\\/medicinasinc.com\\\/it\\\/product\\\/buy-mdma-cristalli\\\/#breadcrumb\"},\"inLanguage\":\"it-IT\",\"potentialAction\":[{\"@type\":\"ReadAction\",\"target\":[\"https:\\\/\\\/medicinasinc.com\\\/it\\\/product\\\/buy-mdma-cristalli\\\/\"]}]},{\"@type\":\"ImageObject\",\"inLanguage\":\"it-IT\",\"@id\":\"https:\\\/\\\/medicinasinc.com\\\/it\\\/product\\\/buy-mdma-cristalli\\\/#primaryimage\",\"url\":\"https:\\\/\\\/medicinasinc.com\\\/it\\\/wp-content\\\/uploads\\\/sites\\\/4\\\/2022\\\/02\\\/Buy-mdma-crystals.jpg\",\"contentUrl\":\"https:\\\/\\\/medicinasinc.com\\\/it\\\/wp-content\\\/uploads\\\/sites\\\/4\\\/2022\\\/02\\\/Buy-mdma-crystals.jpg\",\"width\":600,\"height\":600},{\"@type\":\"BreadcrumbList\",\"@id\":\"https:\\\/\\\/medicinasinc.com\\\/it\\\/product\\\/buy-mdma-cristalli\\\/#breadcrumb\",\"itemListElement\":[{\"@type\":\"ListItem\",\"position\":1,\"name\":\"Negozio\",\"item\":\"https:\\\/\\\/medicinasinc.com\\\/it\\\/negozio\\\/\"},{\"@type\":\"ListItem\",\"position\":2,\"name\":\"Acquista cristalli di mdma\"}]},{\"@type\":\"WebSite\",\"@id\":\"https:\\\/\\\/medicinasinc.com\\\/it\\\/#website\",\"url\":\"https:\\\/\\\/medicinasinc.com\\\/it\\\/\",\"name\":\"Medicinas Inc\",\"description\":\"Health Medical Clinic\",\"potentialAction\":[{\"@type\":\"SearchAction\",\"target\":{\"@type\":\"EntryPoint\",\"urlTemplate\":\"https:\\\/\\\/medicinasinc.com\\\/it\\\/?s={search_term_string}\"},\"query-input\":{\"@type\":\"PropertyValueSpecification\",\"valueRequired\":true,\"valueName\":\"search_term_string\"}}],\"inLanguage\":\"it-IT\"}]}<\/script>\n<!-- \/ Yoast SEO plugin. -->","yoast_head_json":{"title":"Acquista cristalli di mdma - Cristalli di mdma in vendita - Best Global Meds","description":"Acquista cristalli di mdma in vendita nel Regno Unito, in Europa. offriamo la transazione pi\u00f9 affidabile e vendiamo a prezzi molto convenienti. Ordina ora la 3,4-metil\u200benediossi metamfetamina","robots":{"index":"index","follow":"follow","max-snippet":"max-snippet:-1","max-image-preview":"max-image-preview:large","max-video-preview":"max-video-preview:-1"},"canonical":"https:\/\/medicinasinc.com\/it\/product\/buy-mdma-cristalli\/","og_locale":"it_IT","og_type":"article","og_title":"Acquista cristalli di mdma - Cristalli di mdma in vendita - Best Global Meds","og_description":"Acquista cristalli di mdma in vendita nel Regno Unito, in Europa. offriamo la transazione pi\u00f9 affidabile e vendiamo a prezzi molto convenienti. Ordina ora la 3,4-metil\u200benediossi metamfetamina","og_url":"https:\/\/medicinasinc.com\/it\/product\/buy-mdma-cristalli\/","og_site_name":"Medicinas Inc","article_modified_time":"2022-03-17T00:04:44+00:00","og_image":[{"width":600,"height":600,"url":"https:\/\/medicinasinc.com\/it\/wp-content\/uploads\/sites\/4\/2022\/02\/Buy-mdma-crystals.jpg","type":"image\/jpeg"}],"twitter_card":"summary_large_image","twitter_misc":{"Tempo di lettura stimato":"2 minuti"},"schema":{"@context":"https:\/\/schema.org","@graph":[{"@type":"WebPage","@id":"https:\/\/medicinasinc.com\/it\/product\/buy-mdma-cristalli\/","url":"https:\/\/medicinasinc.com\/it\/product\/buy-mdma-cristalli\/","name":"Acquista cristalli di mdma - Cristalli di mdma in vendita - Best Global Meds","isPartOf":{"@id":"https:\/\/medicinasinc.com\/it\/#website"},"primaryImageOfPage":{"@id":"https:\/\/medicinasinc.com\/it\/product\/buy-mdma-cristalli\/#primaryimage"},"image":{"@id":"https:\/\/medicinasinc.com\/it\/product\/buy-mdma-cristalli\/#primaryimage"},"thumbnailUrl":"https:\/\/medicinasinc.com\/it\/wp-content\/uploads\/sites\/4\/2022\/02\/Buy-mdma-crystals.jpg","datePublished":"2022-02-22T04:39:11+00:00","dateModified":"2022-03-17T00:04:44+00:00","description":"Acquista cristalli di mdma in vendita nel Regno Unito, in Europa. offriamo la transazione pi\u00f9 affidabile e vendiamo a prezzi molto convenienti. Ordina ora la 3,4-metil\u200benediossi metamfetamina","breadcrumb":{"@id":"https:\/\/medicinasinc.com\/it\/product\/buy-mdma-cristalli\/#breadcrumb"},"inLanguage":"it-IT","potentialAction":[{"@type":"ReadAction","target":["https:\/\/medicinasinc.com\/it\/product\/buy-mdma-cristalli\/"]}]},{"@type":"ImageObject","inLanguage":"it-IT","@id":"https:\/\/medicinasinc.com\/it\/product\/buy-mdma-cristalli\/#primaryimage","url":"https:\/\/medicinasinc.com\/it\/wp-content\/uploads\/sites\/4\/2022\/02\/Buy-mdma-crystals.jpg","contentUrl":"https:\/\/medicinasinc.com\/it\/wp-content\/uploads\/sites\/4\/2022\/02\/Buy-mdma-crystals.jpg","width":600,"height":600},{"@type":"BreadcrumbList","@id":"https:\/\/medicinasinc.com\/it\/product\/buy-mdma-cristalli\/#breadcrumb","itemListElement":[{"@type":"ListItem","position":1,"name":"Negozio","item":"https:\/\/medicinasinc.com\/it\/negozio\/"},{"@type":"ListItem","position":2,"name":"Acquista cristalli di mdma"}]},{"@type":"WebSite","@id":"https:\/\/medicinasinc.com\/it\/#website","url":"https:\/\/medicinasinc.com\/it\/","name":"Medicinas Inc","description":"Health Medical Clinic","potentialAction":[{"@type":"SearchAction","target":{"@type":"EntryPoint","urlTemplate":"https:\/\/medicinasinc.com\/it\/?s={search_term_string}"},"query-input":{"@type":"PropertyValueSpecification","valueRequired":true,"valueName":"search_term_string"}}],"inLanguage":"it-IT"}]}},"_links":{"self":[{"href":"https:\/\/medicinasinc.com\/it\/wp-json\/wp\/v2\/product\/5710","targetHints":{"allow":["GET"]}}],"collection":[{"href":"https:\/\/medicinasinc.com\/it\/wp-json\/wp\/v2\/product"}],"about":[{"href":"https:\/\/medicinasinc.com\/it\/wp-json\/wp\/v2\/types\/product"}],"replies":[{"embeddable":true,"href":"https:\/\/medicinasinc.com\/it\/wp-json\/wp\/v2\/comments?post=5710"}],"wp:featuredmedia":[{"embeddable":true,"href":"https:\/\/medicinasinc.com\/it\/wp-json\/wp\/v2\/media\/5720"}],"wp:attachment":[{"href":"https:\/\/medicinasinc.com\/it\/wp-json\/wp\/v2\/media?parent=5710"}],"wp:term":[{"taxonomy":"product_brand","embeddable":true,"href":"https:\/\/medicinasinc.com\/it\/wp-json\/wp\/v2\/product_brand?post=5710"},{"taxonomy":"product_cat","embeddable":true,"href":"https:\/\/medicinasinc.com\/it\/wp-json\/wp\/v2\/product_cat?post=5710"},{"taxonomy":"product_tag","embeddable":true,"href":"https:\/\/medicinasinc.com\/it\/wp-json\/wp\/v2\/product_tag?post=5710"}],"curies":[{"name":"wp","href":"https:\/\/api.w.org\/{rel}","templated":true}]}}