{"id":5703,"date":"2022-02-22T04:29:46","date_gmt":"2022-02-22T04:29:46","guid":{"rendered":"https:\/\/medicinasinc.com\/it\/?post_type=product&#038;p=5703"},"modified":"2022-03-17T00:04:53","modified_gmt":"2022-03-17T00:04:53","slug":"buy-dimetiltriptamina-dmt","status":"publish","type":"product","link":"https:\/\/medicinasinc.com\/it\/product\/buy-dimetiltriptamina-dmt\/","title":{"rendered":"Acquista dimetiltriptamina DMT"},"content":{"rendered":"<p>Ci sono molti posti dove acquistare DMT Powder online.<\/p>\n<p>DMT \u00e8 in circolazione da molto tempo. La droga \u00e8 stata usata molto nel corso degli anni per molte cose diverse fino a quando non \u00e8 stata vista dal governo come una droga che potrebbe essere pericolosa se portata all&#8217;estremo. Potresti non essere in grado di acquistare la polvere DMT online se non sai come farlo. Infine, il tuo duro lavoro \u00e8 stato ripagato e hai i risultati che desideri. Bestglobalmeds \u00e8 un sito Web in cui puoi acquistare DMT online a un ottimo prezzo. Ha DMT puro e di alta qualit\u00e0.<\/p>\n<p>Una risposta alla domanda &#8220;Cos&#8217;\u00e8 la polvere DMT?&#8221;<\/p>\n<p>DMT (N, N-dimetiltriptamina) \u00e8 una triptamina psichedelica naturale che pu\u00f2 si trovano nelle piante, negli animali e nell&#8217;uomo. Fa parte del gruppo delle droghe psichedeliche (sostanze che ti rendono pi\u00f9 consapevole). Anche le miscele DMT prodotte da Changa sono realizzate in questo modo. Possono essere trasformati in polvere o in polvere.<\/p>\n<p>\u00c8 una sostanza presente in natura che pu\u00f2 essere trovata in piccole quantit\u00e0 nel cervello umano, dove la sua funzione \u00e8 sconosciuta. DMT \u00e8 noto per il suo potere. Se la fumi, il viaggio psichedelico che fa dura solo da 5 a 30 minuti, ma l&#8217;effetto che ha \u00e8 potente ea lungo termine. Sentendo di essere stato mandato in un luogo completamente diverso, con suoni e immagini che ti fanno pensare a cose k\u0430led\u043e\u0441\u043e\u0440iche,<\/p>\n<p>Le miscele di Ayahuasca, che sono fatte con corteccia d&#8217;albero contenente DMT e altre piante che contengono una sostanza chimica chiamata IMAO (inibitore della monoamino ossidasi, per i veri malati). L&#8217;IMAO fa durare molto pi\u00f9 a lungo la DMT nei nostri corpi ed estende l&#8217;esperienza psichiatrica per ore. La DMT \u00e8 stata utilizzata nelle medicine tradizionali per molto tempo.<\/p>\n<p>Negli ultimi anni, questa bevanda \u00e8 diventata pi\u00f9 popolare grazie alle sue propriet\u00e0 curative, anche come trattamento per l&#8217;abuso di sostanze. Rispetto al &#8220;severo patriarca&#8221; di Sbog\u00e1ne, la &#8220;matriarca amorevole&#8221; della guarigione dell&#8217;Ayahuasca \u00e8 stata chiamata la &#8220;matriarca amorevole&#8221;. Aiuta le persone ad abbattere i meccanismi di difesa che potrebbero aver costruito che impediscono loro di connettersi con gli altri.<\/p>\n<p>Sapete che aspetto ha il DMT?<br \/> Descrivi come appare il DMT.<br \/> QUANDO \u00e8 puro, sembra polvere cristallizzata bianca o qualcos&#8217;altro.<br \/> Inoltre, quando non \u00e8 puro, sembra una polvere o un liquido giallo, arancione o rosa. Questo \u00e8 pi\u00f9 comune, ma non \u00e8 l&#8217;unico modo per osservarlo.<br \/> Una miscela di erbe brunastre\/rosse, quando mescolata con erbe, produce una bevanda chiamata ayahuasca Liquore brunastro\/rosso quando fa parte di un&#8217;ayahuasca bevanda.<br \/> DMT ha un sapore e un odore simile a quello.<\/p>\n<p>N, N-dimetiltr\u0443ptamina ha un odore e un sapore molto forti che molte persone, compresi i nostri clienti, hanno paragonato alla plastica bruciata e alle scarpe nuove.<\/p>\n<p>Come viene utilizzato DMT?<\/p>\n<p>Quando acquisti DMT online, tieni presente che pu\u00f2 essere utilizzato in tre modi principali: schiaffeggiato, cambiato e fasciato.<\/p>\n<p>Il DMT viene affumicato.<\/p>\n<p>Le persone a volte mescolano DMT con erbe, come l&#8217;ayahuasca, per fare una bevanda chiamata ch\u00e1ng\u0430. Questo perch\u00e9 il DMT \u00e8 pericoloso e pu\u00f2 essere pericoloso fumare. Ogni lotto di changa \u00e8 diverso in base alle erbe utilizzate, quindi la forza di ogni lotto varia.<\/p>\n<p>Le persone si bevono con DMT<\/p>\n<p>Ch\u00e1cruna \u00e8 un&#8217;erba sudamericana che ha DMT in esso. A volte, viene mescolato con la pianta di \u0430y\u0430huas\u0441\u0430 per fare l&#8217;infuso sciamanico, \u0430y\u0430huas\u0441\u0430.<\/p>\n<p>Dare DMT a qualcuno<\/p>\n<p>DMT pu\u00f2 essere preparato per essere iniettato, e questo pu\u00f2 essere molto pericoloso , anche.<\/p>\n<p>Lo sbuffo di DMT<\/p>\n<p>Per ottenere DMT, puoi ridurlo in polvere e sniffarlo.<\/p>\n<p>Dosaggio<\/p>\n<p>DMT: fumato 15-60 mg (solo in una pipa di vetro), annusato 20-50 mg e bevuto da 30 a 150 mg.<\/p>\n<p>Changa: tutto dipende da quanta DMT \u00e8 nella quota.<\/p>\n<p>Finch\u00e9 c&#8217;\u00e8 abbastanza DMT nel mix.<\/p>\n<p>Cosa succede se prendi DMT?<br \/> Come ti senti al riguardo?<\/p>\n<p> La DMT \u00e8 nota per dare alle persone che la prendono un &#8220;trp&#8221; molto intenso, che \u00e8 il nome dato all&#8217;esperienza dell&#8217;assunzione di sostanze psichedeliche.<\/p>\n<p>Quando prendi la DMT, il mondo sembra molto diverso. Colori, suoni, oggetti e persino il tempo possono tutto sembrano molto diversi. Alcune persone hanno esperienze extracorporee durante l&#8217;assunzione di DMT.<\/p>\n<p>Pu\u00f2 farti:<\/p>\n<p>vedere e sentire cose che non ci sono (allu\u0441n\u0435), il che potrebbe essere un buon o brutta esperienza. Senti che il tempo e il movimento accelerano o rallentano. Questo si chiama &#8220;visualizzazione&#8221;.<br \/> Come si comportano le persone?<\/p>\n<p>Le persone possono agire in modi che non si aspettano quando sono sballate di DMT, proprio come con qualsiasi droga allucinogena.<\/p>\n<p>Diversi utenti affermano di sentirsi come se stessero attraversando un&#8217;esperienza di pre-morte e, di conseguenza, diventano molto silenziosi e di conseguenza si guardano dentro.<\/p>\n<p>Alcune persone dicono che possono non muoverti mentre sono in DMT.<\/p>\n<p>Quando inizia il DMT ad avere effetto su di te?<\/p>\n<p>Tutto dipende da quanto hai preso, quanto sei grande , se hai mangiato e quali altri farmaci hai assunto.<\/p>\n<p>Questa parola \u00e8 anche conosciuta come &#8220;k\u0441k&#8221;.<\/p>\n<p>Quando viene fumato, il DMT entra molto rapidamente. L&#8217;effetto pu\u00f2 richiedere molto tempo prima che si manifesti quando fa parte di una cerimonia dell&#8217;ayahuasca.<\/p>\n<p>Quanto \u00e8 durato?<\/p>\n<p>Puoi essere molto eccitato quando vai su un DMT viaggio, ma durano anche molto velocemente, a volte per pochi minuti. Come parte di una cerimonia dell&#8217;ayahuasca, un viaggio DMT pu\u00f2 durare diverse ore, ma pu\u00f2 anche essere molto breve.<\/p>\n<p>Per questi motivi, il DMT era conosciuto come il &#8220;viaggio dei panini&#8221; negli anni &#8217;60 nel Stati Uniti. Un utente potrebbe ottenere l&#8217;intera profondit\u00e0 e la gamma di un&#8217;esperienza con questo farmaco, che \u00e8 stato pi\u00f9 veloce rispetto ad altri farmaci, come l&#8217;LSD o i funghi magici.<\/p>\n<p>DMT ha cosa?<br \/> Ecco come la salute fisica funziona:<\/p>\n<p>Molte persone in Sud America bevono o mangiano bevande o cibi che contengono DMT come parte del loro modo di vivere. L&#8217;esempio pi\u00f9 noto sono le cerimonie dell&#8217;ayahuasca.<\/p>\n<p>Alcune persone pensano che la DMT sia una droga spirituale che \u00e8 anche sicura, ma \u00e8 pur sempre un allucinogeno chimico.<\/p>\n<p>Pu\u00f2:<\/p>\n<p>Pu\u00f2:<\/p>\n<p> p&gt; <\/p>\n<p>\u00c8 ora di controllare la pressione sanguigna.<br \/> se hai una condizione cardiaca preesistente, aumentare la frequenza cardiaca potrebbe farti star male e farti venire voglia di andartene. Questo perch\u00e9 il tuo corpo sta ricevendo molto veleno.<\/p>\n<p>Se prendi DMT, pu\u00f2 avere molti effetti diversi e talvolta molto spaventosi. Questi effetti potrebbero non essere nemmeno nella testa di una persona.<\/p>\n<p>Pu\u00f2 essere molto confuso e spaventoso se una persona entra.<\/p>\n<p>Pu\u00f2 aiutarti: se prendi un farmaco come il DMT .<\/p>\n<p>I flashback si verificano quando una parte di un viaggio viene rivissuta dopo quella originale.<br \/> Tieni d&#8217;occhio qualcuno che ha avuto problemi di salute mentale in passato. Potrebbe causare problemi a qualcuno che non sapeva di essere a rischio di problemi di salute mentale.<br \/> Se il viaggio va male, l&#8217;utente potrebbe farsi male. Quindi, se sei di cattivo umore o ansioso, potresti non voler assumere DMT.<br \/> Porta a effetti spiacevoli ed emotivi che potrebbero durare per giorni dopo l&#8217;assunzione del farmaco. Questi effetti potrebbero essere spiacevoli o emotivi.<\/p>\n<div class=\"product-next-previous\">\n<div class=\"product-prev\"><\/div><\/div>\n","protected":false},"excerpt":{"rendered":"<p>Acquista la dimetiltriptamina DMT in vendita nel Regno Unito, in Europa e in Australia. offriamo la transazione pi\u00f9 affidabile e vendiamo a prezzi molto convenienti. Ordina ora DMT ai migliori prezzi. La nostra dimetiltriptamina \u00e8 una delle migliori dal fornitore pi\u00f9 affidabile, contattaci ora per ordinare la tua dimetiltriptamina DMT di pura qualit\u00e0 in vendita<\/p>\n<p><em>Dmt<\/em>\u00a0\u00e8 una potente droga allucinogena trovata in diverse piante che pu\u00f2 essere fumato, sniffato o mescolato con ayahuasca. Ordina\u00a0<em>DMT<\/em>\u00a0Online.<\/p>\n","protected":false},"featured_media":5713,"comment_status":"open","ping_status":"closed","template":"","meta":[],"product_brand":[],"product_cat":[703,2014],"product_tag":[3616,3617,3633,3618,3621,3622,3623,3619,3620,3643,3625,3630,3631,3632,3624,3628,3635,3636,3637,3626,3627,3634,3615,3640,3641,3629,3295,3642,3638,3639],"class_list":{"0":"post-5703","1":"product","2":"type-product","3":"status-publish","4":"has-post-thumbnail","6":"product_cat-compra-droghe-psichedeliche","7":"product_cat-compra-ricerca-prodotti-chimici","8":"product_tag-comprare-dimetiltriptamina","9":"product_tag-comprare-dmt","10":"product_tag-dmt-compra","11":"product_tag-buy-pure-dmt","12":"product_tag-bu-pur-dmthltrtmn-dmt-onl-d1n","13":"product_tag-bu-hl-drug-nl-d1n","14":"product_tag-cheap-psycheclic-drug","15":"product_tag-questo---dmt","16":"product_tag-bu-farmaco-psichelico","17":"product_tag-cos-dmt-polvere","18":"product_tag-dimethyltryptamine-buy","19":"product_tag-dimethyltryptamine-purchase","20":"product_tag-dimethyltryptamine-reddit","21":"product_tag-dimethyltryptamine-review","22":"product_tag-dimetiltriptamina","23":"product_tag-dimetiltriptamina-in-vendita","24":"product_tag-dmt-in-vendita","25":"product_tag-dmt-reddit","26":"product_tag-dmt-review","27":"product_tag-dimetiltriptamina-dosaggio-per-donne-in-gravidanza","28":"product_tag-effetto-dimetiltriptamina","29":"product_tag-effetto-dmt","30":"product_tag-miglior-posto-per-acquistare-dimetiltriptamina","31":"product_tag-order-dimethyltryptamine","32":"product_tag-ordine-dmt","33":"product_tag-ordine-dimetiltriptamina","34":"product_tag-dmt-ordine","35":"product_tag-pure-dmt-for-sale","36":"product_tag-dmt-vendita","37":"product_tag-dmt-vendite","39":"first","40":"instock","41":"shipping-taxable","42":"purchasable","43":"product-type-variable","44":"has-default-attributes"},"yoast_head":"<!-- This site is optimized with the Yoast SEO plugin v27.3 - https:\/\/yoast.com\/product\/yoast-seo-wordpress\/ -->\n<title>Acquista dimetiltriptamina DMT - Dmt in vendita - I migliori farmaci globali<\/title>\n<meta name=\"description\" content=\"Acquista dimetiltriptamina DMT in vendita nel Regno Unito, in Europa, AU. offriamo la transazione pi\u00f9 affidabile e vendiamo a prezzi molto convenienti. Ordina ora DMT ai migliori prezzi\" \/>\n<meta name=\"robots\" content=\"index, follow, max-snippet:-1, max-image-preview:large, max-video-preview:-1\" \/>\n<link rel=\"canonical\" href=\"https:\/\/medicinasinc.com\/it\/product\/buy-dimetiltriptamina-dmt\/\" \/>\n<meta property=\"og:locale\" content=\"it_IT\" \/>\n<meta property=\"og:type\" content=\"article\" \/>\n<meta property=\"og:title\" content=\"Acquista dimetiltriptamina DMT - Dmt in vendita - I migliori farmaci globali\" \/>\n<meta property=\"og:description\" content=\"Acquista dimetiltriptamina DMT in vendita nel Regno Unito, in Europa, AU. offriamo la transazione pi\u00f9 affidabile e vendiamo a prezzi molto convenienti. Ordina ora DMT ai migliori prezzi\" \/>\n<meta property=\"og:url\" content=\"https:\/\/medicinasinc.com\/it\/product\/buy-dimetiltriptamina-dmt\/\" \/>\n<meta property=\"og:site_name\" content=\"Medicinas Inc\" \/>\n<meta property=\"article:modified_time\" content=\"2022-03-17T00:04:53+00:00\" \/>\n<meta property=\"og:image\" content=\"https:\/\/medicinasinc.com\/it\/wp-content\/uploads\/sites\/4\/2022\/02\/DMT-for-Sale.jpg\" \/>\n\t<meta property=\"og:image:width\" content=\"500\" \/>\n\t<meta property=\"og:image:height\" content=\"500\" \/>\n\t<meta property=\"og:image:type\" content=\"image\/jpeg\" \/>\n<meta name=\"twitter:card\" content=\"summary_large_image\" \/>\n<meta name=\"twitter:label1\" content=\"Tempo di lettura stimato\" \/>\n\t<meta name=\"twitter:data1\" content=\"6 minuti\" \/>\n<script type=\"application\/ld+json\" class=\"yoast-schema-graph\">{\"@context\":\"https:\\\/\\\/schema.org\",\"@graph\":[{\"@type\":\"WebPage\",\"@id\":\"https:\\\/\\\/medicinasinc.com\\\/it\\\/product\\\/buy-dimetiltriptamina-dmt\\\/\",\"url\":\"https:\\\/\\\/medicinasinc.com\\\/it\\\/product\\\/buy-dimetiltriptamina-dmt\\\/\",\"name\":\"Acquista dimetiltriptamina DMT - Dmt in vendita - I migliori farmaci globali\",\"isPartOf\":{\"@id\":\"https:\\\/\\\/medicinasinc.com\\\/it\\\/#website\"},\"primaryImageOfPage\":{\"@id\":\"https:\\\/\\\/medicinasinc.com\\\/it\\\/product\\\/buy-dimetiltriptamina-dmt\\\/#primaryimage\"},\"image\":{\"@id\":\"https:\\\/\\\/medicinasinc.com\\\/it\\\/product\\\/buy-dimetiltriptamina-dmt\\\/#primaryimage\"},\"thumbnailUrl\":\"https:\\\/\\\/medicinasinc.com\\\/it\\\/wp-content\\\/uploads\\\/sites\\\/4\\\/2022\\\/02\\\/DMT-for-Sale.jpg\",\"datePublished\":\"2022-02-22T04:29:46+00:00\",\"dateModified\":\"2022-03-17T00:04:53+00:00\",\"description\":\"Acquista dimetiltriptamina DMT in vendita nel Regno Unito, in Europa, AU. offriamo la transazione pi\u00f9 affidabile e vendiamo a prezzi molto convenienti. Ordina ora DMT ai migliori prezzi\",\"breadcrumb\":{\"@id\":\"https:\\\/\\\/medicinasinc.com\\\/it\\\/product\\\/buy-dimetiltriptamina-dmt\\\/#breadcrumb\"},\"inLanguage\":\"it-IT\",\"potentialAction\":[{\"@type\":\"ReadAction\",\"target\":[\"https:\\\/\\\/medicinasinc.com\\\/it\\\/product\\\/buy-dimetiltriptamina-dmt\\\/\"]}]},{\"@type\":\"ImageObject\",\"inLanguage\":\"it-IT\",\"@id\":\"https:\\\/\\\/medicinasinc.com\\\/it\\\/product\\\/buy-dimetiltriptamina-dmt\\\/#primaryimage\",\"url\":\"https:\\\/\\\/medicinasinc.com\\\/it\\\/wp-content\\\/uploads\\\/sites\\\/4\\\/2022\\\/02\\\/DMT-for-Sale.jpg\",\"contentUrl\":\"https:\\\/\\\/medicinasinc.com\\\/it\\\/wp-content\\\/uploads\\\/sites\\\/4\\\/2022\\\/02\\\/DMT-for-Sale.jpg\",\"width\":500,\"height\":500},{\"@type\":\"BreadcrumbList\",\"@id\":\"https:\\\/\\\/medicinasinc.com\\\/it\\\/product\\\/buy-dimetiltriptamina-dmt\\\/#breadcrumb\",\"itemListElement\":[{\"@type\":\"ListItem\",\"position\":1,\"name\":\"Negozio\",\"item\":\"https:\\\/\\\/medicinasinc.com\\\/it\\\/negozio\\\/\"},{\"@type\":\"ListItem\",\"position\":2,\"name\":\"Acquista dimetiltriptamina DMT\"}]},{\"@type\":\"WebSite\",\"@id\":\"https:\\\/\\\/medicinasinc.com\\\/it\\\/#website\",\"url\":\"https:\\\/\\\/medicinasinc.com\\\/it\\\/\",\"name\":\"Medicinas Inc\",\"description\":\"Health Medical Clinic\",\"potentialAction\":[{\"@type\":\"SearchAction\",\"target\":{\"@type\":\"EntryPoint\",\"urlTemplate\":\"https:\\\/\\\/medicinasinc.com\\\/it\\\/?s={search_term_string}\"},\"query-input\":{\"@type\":\"PropertyValueSpecification\",\"valueRequired\":true,\"valueName\":\"search_term_string\"}}],\"inLanguage\":\"it-IT\"}]}<\/script>\n<!-- \/ Yoast SEO plugin. -->","yoast_head_json":{"title":"Acquista dimetiltriptamina DMT - Dmt in vendita - I migliori farmaci globali","description":"Acquista dimetiltriptamina DMT in vendita nel Regno Unito, in Europa, AU. offriamo la transazione pi\u00f9 affidabile e vendiamo a prezzi molto convenienti. Ordina ora DMT ai migliori prezzi","robots":{"index":"index","follow":"follow","max-snippet":"max-snippet:-1","max-image-preview":"max-image-preview:large","max-video-preview":"max-video-preview:-1"},"canonical":"https:\/\/medicinasinc.com\/it\/product\/buy-dimetiltriptamina-dmt\/","og_locale":"it_IT","og_type":"article","og_title":"Acquista dimetiltriptamina DMT - Dmt in vendita - I migliori farmaci globali","og_description":"Acquista dimetiltriptamina DMT in vendita nel Regno Unito, in Europa, AU. offriamo la transazione pi\u00f9 affidabile e vendiamo a prezzi molto convenienti. Ordina ora DMT ai migliori prezzi","og_url":"https:\/\/medicinasinc.com\/it\/product\/buy-dimetiltriptamina-dmt\/","og_site_name":"Medicinas Inc","article_modified_time":"2022-03-17T00:04:53+00:00","og_image":[{"width":500,"height":500,"url":"https:\/\/medicinasinc.com\/it\/wp-content\/uploads\/sites\/4\/2022\/02\/DMT-for-Sale.jpg","type":"image\/jpeg"}],"twitter_card":"summary_large_image","twitter_misc":{"Tempo di lettura stimato":"6 minuti"},"schema":{"@context":"https:\/\/schema.org","@graph":[{"@type":"WebPage","@id":"https:\/\/medicinasinc.com\/it\/product\/buy-dimetiltriptamina-dmt\/","url":"https:\/\/medicinasinc.com\/it\/product\/buy-dimetiltriptamina-dmt\/","name":"Acquista dimetiltriptamina DMT - Dmt in vendita - I migliori farmaci globali","isPartOf":{"@id":"https:\/\/medicinasinc.com\/it\/#website"},"primaryImageOfPage":{"@id":"https:\/\/medicinasinc.com\/it\/product\/buy-dimetiltriptamina-dmt\/#primaryimage"},"image":{"@id":"https:\/\/medicinasinc.com\/it\/product\/buy-dimetiltriptamina-dmt\/#primaryimage"},"thumbnailUrl":"https:\/\/medicinasinc.com\/it\/wp-content\/uploads\/sites\/4\/2022\/02\/DMT-for-Sale.jpg","datePublished":"2022-02-22T04:29:46+00:00","dateModified":"2022-03-17T00:04:53+00:00","description":"Acquista dimetiltriptamina DMT in vendita nel Regno Unito, in Europa, AU. offriamo la transazione pi\u00f9 affidabile e vendiamo a prezzi molto convenienti. Ordina ora DMT ai migliori prezzi","breadcrumb":{"@id":"https:\/\/medicinasinc.com\/it\/product\/buy-dimetiltriptamina-dmt\/#breadcrumb"},"inLanguage":"it-IT","potentialAction":[{"@type":"ReadAction","target":["https:\/\/medicinasinc.com\/it\/product\/buy-dimetiltriptamina-dmt\/"]}]},{"@type":"ImageObject","inLanguage":"it-IT","@id":"https:\/\/medicinasinc.com\/it\/product\/buy-dimetiltriptamina-dmt\/#primaryimage","url":"https:\/\/medicinasinc.com\/it\/wp-content\/uploads\/sites\/4\/2022\/02\/DMT-for-Sale.jpg","contentUrl":"https:\/\/medicinasinc.com\/it\/wp-content\/uploads\/sites\/4\/2022\/02\/DMT-for-Sale.jpg","width":500,"height":500},{"@type":"BreadcrumbList","@id":"https:\/\/medicinasinc.com\/it\/product\/buy-dimetiltriptamina-dmt\/#breadcrumb","itemListElement":[{"@type":"ListItem","position":1,"name":"Negozio","item":"https:\/\/medicinasinc.com\/it\/negozio\/"},{"@type":"ListItem","position":2,"name":"Acquista dimetiltriptamina DMT"}]},{"@type":"WebSite","@id":"https:\/\/medicinasinc.com\/it\/#website","url":"https:\/\/medicinasinc.com\/it\/","name":"Medicinas Inc","description":"Health Medical Clinic","potentialAction":[{"@type":"SearchAction","target":{"@type":"EntryPoint","urlTemplate":"https:\/\/medicinasinc.com\/it\/?s={search_term_string}"},"query-input":{"@type":"PropertyValueSpecification","valueRequired":true,"valueName":"search_term_string"}}],"inLanguage":"it-IT"}]}},"_links":{"self":[{"href":"https:\/\/medicinasinc.com\/it\/wp-json\/wp\/v2\/product\/5703","targetHints":{"allow":["GET"]}}],"collection":[{"href":"https:\/\/medicinasinc.com\/it\/wp-json\/wp\/v2\/product"}],"about":[{"href":"https:\/\/medicinasinc.com\/it\/wp-json\/wp\/v2\/types\/product"}],"replies":[{"embeddable":true,"href":"https:\/\/medicinasinc.com\/it\/wp-json\/wp\/v2\/comments?post=5703"}],"wp:featuredmedia":[{"embeddable":true,"href":"https:\/\/medicinasinc.com\/it\/wp-json\/wp\/v2\/media\/5713"}],"wp:attachment":[{"href":"https:\/\/medicinasinc.com\/it\/wp-json\/wp\/v2\/media?parent=5703"}],"wp:term":[{"taxonomy":"product_brand","embeddable":true,"href":"https:\/\/medicinasinc.com\/it\/wp-json\/wp\/v2\/product_brand?post=5703"},{"taxonomy":"product_cat","embeddable":true,"href":"https:\/\/medicinasinc.com\/it\/wp-json\/wp\/v2\/product_cat?post=5703"},{"taxonomy":"product_tag","embeddable":true,"href":"https:\/\/medicinasinc.com\/it\/wp-json\/wp\/v2\/product_tag?post=5703"}],"curies":[{"name":"wp","href":"https:\/\/api.w.org\/{rel}","templated":true}]}}