{"id":5685,"date":"2022-02-22T04:11:15","date_gmt":"2022-02-22T04:11:15","guid":{"rendered":"https:\/\/medicinasinc.com\/it\/?post_type=product&#038;p=5685"},"modified":"2022-08-04T08:41:16","modified_gmt":"2022-08-04T08:41:16","slug":"compra-pump-it-sale-da-bagno","status":"publish","type":"product","link":"https:\/\/medicinasinc.com\/it\/product\/compra-pump-it-sale-da-bagno\/","title":{"rendered":"Acquista il sale da bagno Pump It"},"content":{"rendered":"<p>\u00c8 una buona idea acquistare i sali da bagno in polvere Pump-It<\/p>\n<p>Acquista i sali da bagno in polvere Pump-It da una fonte attendibile. Vendiamo i migliori prodotti per il bagno, come i sali da bagno. I sali da bagno ti regaleranno un bagno liscio e sensuale che ti far\u00e0 sentire pulito dopo averli usati. Tuttavia, i nostri clienti possono essere certi che otterranno i migliori prodotti sul mercato. Tuttavia, vendiamo e acquistiamo anche altri sali da bagno concentrati a buoni prezzi.<\/p>\n<p>I nostri sali da bagno hanno un forte odore.<\/p>\n<p>I sali da bagno in polvere Pump-It sono pensati per rendere la tua esperienza di bagno ancora pi\u00f9 eccitante, energico ed euforico. Basta una piccola somma per fare una grande differenza. Puoi, tuttavia, aggiungerne una piccola quantit\u00e0 a un bagno caldo per addolcire naturalmente l&#8217;acqua, il che ti far\u00e0 sentire molto energico e felice dopo. Tuttavia, \u00e8 usato per assomigliare alle sorgenti termali naturali del mare greco. All&#8217;inizio usa Pump-It Powder con parsimonia, perch\u00e9 troppo sporca l&#8217;acqua del tuo bagno e ti render\u00e0 infelice. Tuttavia, se usi correttamente Pump-It Powder, pu\u00f2 aiutarti a raggiungere luoghi che ritenevi impossibili.<\/p>\n<p>Articoli correlati:<br \/>\nPuoi vedere alcuni dei nostri sali da bagno originali nell&#8217;elenco seguente .<br \/>\nSono 500 mg di sali da bagno concentrati di Rave On.<br \/>\nOtto sali da bagno Ballz ne contengono 500 mg.<br \/>\nI sali da bagno premium di Hollywood sono 1 grammo.<br \/>\n500 mg di DIAMOND DUST<br \/>\nUn cucchiaio contiene 500 mg di polvere.<br \/>\nLa polvere di Black Diamond Novelty \u00e8 realizzata in Black Diamond.<br \/>\nSono 500 mg di polvere Pump-it di Eight Ballz.<br \/>\n500 mg di White Rush Bath Sali<br \/>\nI sali da bagno Ivory Wave Ultra contengono 500 mg.<br \/>\nSale da bagno Ivory Wave 500 mg<br \/>\nIn questo caso, nella confezione sono presenti 500 mg di sali da bagno Lady Bubbles.<br \/>\nCloud 9 sali da bagno ne contengono 500 mg.<br \/>\nCi sono 500 mg di Heavenly Soak Euphoric \u2013 Novit\u00e0 in polvere in questa bottiglia.<br \/>\nSono 500 mg di Heavenly Soak \u2013 Energy \u2013 Fun Powder.<br \/>\n500 mg di Sky \u2013 Fun Polvere<br \/>\nCi sono 500 mg di polvere di novit\u00e0 der in Molly&#8217;s Blend \u2013<\/p>\n<p>&nbsp;<\/p>\n<p>Sali da bagno Vanilla Sky 500 mg, sali da bagno concentrati Fizz 500 mg, sali da bagno Bolivian Ivory Wave Recharge 500 mg, sali da bagno concentrati White Girl 500 mg, concentrato Tranquility Sali da bagno 500 mg, Sali da bagno classificati X 500 mg Sono stati utilizzati sali da bagno boliviani.<br \/>\nSali da bagno di G Pheonix<\/p>\n<p>&nbsp;<\/p>\n<p>In questo caso, i sali da bagno concentrati White Girl 500mg sono ci\u00f2 di cui hai bisogno.<br \/>\n500 mg di sali da bagno White Lady<br \/>\nI sali da bagno concentrati Bliss contengono 500 mg di sale in ogni busta.<br \/>\nI sali da bagno Snow Leopard ne contengono 500 mg in ogni busta.<br \/>\n500 mg di sali da bagno extra di Lunar Onda. 500 mg di sale da bagno concentrato di White Horse.<br \/>\n500 mg di sali da bagno tonificanti<br \/>\n500 mg di sale da bagno Cloud 10<br \/>\nBlue Magic: sali da bagno da 500 mg<br \/>\nIl sale da bagno con il nome Scarface ha 500 mg di esso.<br \/>\nAnche molte altre persone.<\/p>\n","protected":false},"excerpt":{"rendered":"<p>Nel nostro negozio online medicinasinc.com, puoi acquistare Pump It Bath Salt in vendita nel Regno Unito, in Europa e in Australia e lo spediremo immediatamente. Puoi acquistare il miglior sale da bagno Pump It qui!<\/p>\n<p>\u00c8 sicuro acquistare il sale da bagno Pump It Up da Global medicinas Bath Salts. Vendiamo sali da bagno concentrati K2 a prezzi bassi su Internet.<\/p>\n<p>Al miglior prezzo, puoi acquistare Pump It Bath Salt online da un negozio. Promettiamo spedizioni sicure in tutto il mondo.<\/p>\n<p>Dove vuoi acquistare \u201cSali da bagno in polvere Pump-It&amp;8221;? Best Global Meds ti d\u00e0 la possibilit\u00e0 di acquistare sali da bagno amplificati in vendita online.<\/p>\n","protected":false},"featured_media":5697,"comment_status":"open","ping_status":"closed","template":"","meta":[],"product_brand":[],"product_cat":[2014],"product_tag":[3566,3565,3567,3571,3569,3570,3568,3572,3573],"class_list":{"0":"post-5685","1":"product","2":"type-product","3":"status-publish","4":"has-post-thumbnail","6":"product_cat-compra-ricerca-prodotti-chimici","7":"product_tag-sale-da-bagno-pump-it-in-polvere","8":"product_tag-buy-pump-it-bath-salt","9":"product_tag-order-pump-it-bath-salt","10":"product_tag-pompa-it-bagno-sale-ordine","11":"product_tag-pump-it-bath-salt-effect","12":"product_tag-pump-it-bath-salt-for-sale","13":"product_tag-pompa-it-bagno-sale-acquisto","14":"product_tag-pompa-it-bagno-sale-in-polvere","15":"product_tag-pompa-it-bagno-sale-reddit","17":"first","18":"instock","19":"featured","20":"shipping-taxable","21":"purchasable","22":"product-type-variable","23":"has-default-attributes"},"yoast_head":"<!-- This site is optimized with the Yoast SEO plugin v27.3 - https:\/\/yoast.com\/product\/yoast-seo-wordpress\/ -->\n<title>Acquista Pump It Bath Salt - Pump It Bath Salt - Best Global Meds<\/title>\n<meta name=\"description\" content=\"Acquista Pump It Bath Salt in vendita nel Regno Unito, in Europa e in Australia nel nostro negozio online medicinasinc.com con consegna veloce in tutto il mondo! Il miglior sale da bagno Pump It per l&#039;ordinazione lo trovi qui!\" \/>\n<meta name=\"robots\" content=\"index, follow, max-snippet:-1, max-image-preview:large, max-video-preview:-1\" \/>\n<link rel=\"canonical\" href=\"https:\/\/medicinasinc.com\/it\/product\/compra-pump-it-sale-da-bagno\/\" \/>\n<meta property=\"og:locale\" content=\"it_IT\" \/>\n<meta property=\"og:type\" content=\"article\" \/>\n<meta property=\"og:title\" content=\"Acquista Pump It Bath Salt - Pump It Bath Salt - Best Global Meds\" \/>\n<meta property=\"og:description\" content=\"Acquista Pump It Bath Salt in vendita nel Regno Unito, in Europa e in Australia nel nostro negozio online medicinasinc.com con consegna veloce in tutto il mondo! Il miglior sale da bagno Pump It per l&#039;ordinazione lo trovi qui!\" \/>\n<meta property=\"og:url\" content=\"https:\/\/medicinasinc.com\/it\/product\/compra-pump-it-sale-da-bagno\/\" \/>\n<meta property=\"og:site_name\" content=\"Medicinas Inc\" \/>\n<meta property=\"article:modified_time\" content=\"2022-08-04T08:41:16+00:00\" \/>\n<meta property=\"og:image\" content=\"https:\/\/medicinasinc.com\/it\/wp-content\/uploads\/sites\/4\/2022\/02\/Buy-Pump-It-Bath-Salt.jpg\" \/>\n\t<meta property=\"og:image:width\" content=\"600\" \/>\n\t<meta property=\"og:image:height\" content=\"600\" \/>\n\t<meta property=\"og:image:type\" content=\"image\/jpeg\" \/>\n<meta name=\"twitter:card\" content=\"summary_large_image\" \/>\n<meta name=\"twitter:label1\" content=\"Tempo di lettura stimato\" \/>\n\t<meta name=\"twitter:data1\" content=\"3 minuti\" \/>\n<script type=\"application\/ld+json\" class=\"yoast-schema-graph\">{\"@context\":\"https:\\\/\\\/schema.org\",\"@graph\":[{\"@type\":\"WebPage\",\"@id\":\"https:\\\/\\\/medicinasinc.com\\\/it\\\/product\\\/compra-pump-it-sale-da-bagno\\\/\",\"url\":\"https:\\\/\\\/medicinasinc.com\\\/it\\\/product\\\/compra-pump-it-sale-da-bagno\\\/\",\"name\":\"Acquista Pump It Bath Salt - Pump It Bath Salt - Best Global Meds\",\"isPartOf\":{\"@id\":\"https:\\\/\\\/medicinasinc.com\\\/it\\\/#website\"},\"primaryImageOfPage\":{\"@id\":\"https:\\\/\\\/medicinasinc.com\\\/it\\\/product\\\/compra-pump-it-sale-da-bagno\\\/#primaryimage\"},\"image\":{\"@id\":\"https:\\\/\\\/medicinasinc.com\\\/it\\\/product\\\/compra-pump-it-sale-da-bagno\\\/#primaryimage\"},\"thumbnailUrl\":\"https:\\\/\\\/medicinasinc.com\\\/it\\\/wp-content\\\/uploads\\\/sites\\\/4\\\/2022\\\/02\\\/Buy-Pump-It-Bath-Salt.jpg\",\"datePublished\":\"2022-02-22T04:11:15+00:00\",\"dateModified\":\"2022-08-04T08:41:16+00:00\",\"description\":\"Acquista Pump It Bath Salt in vendita nel Regno Unito, in Europa e in Australia nel nostro negozio online medicinasinc.com con consegna veloce in tutto il mondo! Il miglior sale da bagno Pump It per l'ordinazione lo trovi qui!\",\"breadcrumb\":{\"@id\":\"https:\\\/\\\/medicinasinc.com\\\/it\\\/product\\\/compra-pump-it-sale-da-bagno\\\/#breadcrumb\"},\"inLanguage\":\"it-IT\",\"potentialAction\":[{\"@type\":\"ReadAction\",\"target\":[\"https:\\\/\\\/medicinasinc.com\\\/it\\\/product\\\/compra-pump-it-sale-da-bagno\\\/\"]}]},{\"@type\":\"ImageObject\",\"inLanguage\":\"it-IT\",\"@id\":\"https:\\\/\\\/medicinasinc.com\\\/it\\\/product\\\/compra-pump-it-sale-da-bagno\\\/#primaryimage\",\"url\":\"https:\\\/\\\/medicinasinc.com\\\/it\\\/wp-content\\\/uploads\\\/sites\\\/4\\\/2022\\\/02\\\/Buy-Pump-It-Bath-Salt.jpg\",\"contentUrl\":\"https:\\\/\\\/medicinasinc.com\\\/it\\\/wp-content\\\/uploads\\\/sites\\\/4\\\/2022\\\/02\\\/Buy-Pump-It-Bath-Salt.jpg\",\"width\":600,\"height\":600},{\"@type\":\"BreadcrumbList\",\"@id\":\"https:\\\/\\\/medicinasinc.com\\\/it\\\/product\\\/compra-pump-it-sale-da-bagno\\\/#breadcrumb\",\"itemListElement\":[{\"@type\":\"ListItem\",\"position\":1,\"name\":\"Negozio\",\"item\":\"https:\\\/\\\/medicinasinc.com\\\/it\\\/negozio\\\/\"},{\"@type\":\"ListItem\",\"position\":2,\"name\":\"Acquista il sale da bagno Pump It\"}]},{\"@type\":\"WebSite\",\"@id\":\"https:\\\/\\\/medicinasinc.com\\\/it\\\/#website\",\"url\":\"https:\\\/\\\/medicinasinc.com\\\/it\\\/\",\"name\":\"Medicinas Inc\",\"description\":\"Health Medical Clinic\",\"potentialAction\":[{\"@type\":\"SearchAction\",\"target\":{\"@type\":\"EntryPoint\",\"urlTemplate\":\"https:\\\/\\\/medicinasinc.com\\\/it\\\/?s={search_term_string}\"},\"query-input\":{\"@type\":\"PropertyValueSpecification\",\"valueRequired\":true,\"valueName\":\"search_term_string\"}}],\"inLanguage\":\"it-IT\"}]}<\/script>\n<!-- \/ Yoast SEO plugin. -->","yoast_head_json":{"title":"Acquista Pump It Bath Salt - Pump It Bath Salt - Best Global Meds","description":"Acquista Pump It Bath Salt in vendita nel Regno Unito, in Europa e in Australia nel nostro negozio online medicinasinc.com con consegna veloce in tutto il mondo! Il miglior sale da bagno Pump It per l'ordinazione lo trovi qui!","robots":{"index":"index","follow":"follow","max-snippet":"max-snippet:-1","max-image-preview":"max-image-preview:large","max-video-preview":"max-video-preview:-1"},"canonical":"https:\/\/medicinasinc.com\/it\/product\/compra-pump-it-sale-da-bagno\/","og_locale":"it_IT","og_type":"article","og_title":"Acquista Pump It Bath Salt - Pump It Bath Salt - Best Global Meds","og_description":"Acquista Pump It Bath Salt in vendita nel Regno Unito, in Europa e in Australia nel nostro negozio online medicinasinc.com con consegna veloce in tutto il mondo! Il miglior sale da bagno Pump It per l'ordinazione lo trovi qui!","og_url":"https:\/\/medicinasinc.com\/it\/product\/compra-pump-it-sale-da-bagno\/","og_site_name":"Medicinas Inc","article_modified_time":"2022-08-04T08:41:16+00:00","og_image":[{"width":600,"height":600,"url":"https:\/\/medicinasinc.com\/it\/wp-content\/uploads\/sites\/4\/2022\/02\/Buy-Pump-It-Bath-Salt.jpg","type":"image\/jpeg"}],"twitter_card":"summary_large_image","twitter_misc":{"Tempo di lettura stimato":"3 minuti"},"schema":{"@context":"https:\/\/schema.org","@graph":[{"@type":"WebPage","@id":"https:\/\/medicinasinc.com\/it\/product\/compra-pump-it-sale-da-bagno\/","url":"https:\/\/medicinasinc.com\/it\/product\/compra-pump-it-sale-da-bagno\/","name":"Acquista Pump It Bath Salt - Pump It Bath Salt - Best Global Meds","isPartOf":{"@id":"https:\/\/medicinasinc.com\/it\/#website"},"primaryImageOfPage":{"@id":"https:\/\/medicinasinc.com\/it\/product\/compra-pump-it-sale-da-bagno\/#primaryimage"},"image":{"@id":"https:\/\/medicinasinc.com\/it\/product\/compra-pump-it-sale-da-bagno\/#primaryimage"},"thumbnailUrl":"https:\/\/medicinasinc.com\/it\/wp-content\/uploads\/sites\/4\/2022\/02\/Buy-Pump-It-Bath-Salt.jpg","datePublished":"2022-02-22T04:11:15+00:00","dateModified":"2022-08-04T08:41:16+00:00","description":"Acquista Pump It Bath Salt in vendita nel Regno Unito, in Europa e in Australia nel nostro negozio online medicinasinc.com con consegna veloce in tutto il mondo! Il miglior sale da bagno Pump It per l'ordinazione lo trovi qui!","breadcrumb":{"@id":"https:\/\/medicinasinc.com\/it\/product\/compra-pump-it-sale-da-bagno\/#breadcrumb"},"inLanguage":"it-IT","potentialAction":[{"@type":"ReadAction","target":["https:\/\/medicinasinc.com\/it\/product\/compra-pump-it-sale-da-bagno\/"]}]},{"@type":"ImageObject","inLanguage":"it-IT","@id":"https:\/\/medicinasinc.com\/it\/product\/compra-pump-it-sale-da-bagno\/#primaryimage","url":"https:\/\/medicinasinc.com\/it\/wp-content\/uploads\/sites\/4\/2022\/02\/Buy-Pump-It-Bath-Salt.jpg","contentUrl":"https:\/\/medicinasinc.com\/it\/wp-content\/uploads\/sites\/4\/2022\/02\/Buy-Pump-It-Bath-Salt.jpg","width":600,"height":600},{"@type":"BreadcrumbList","@id":"https:\/\/medicinasinc.com\/it\/product\/compra-pump-it-sale-da-bagno\/#breadcrumb","itemListElement":[{"@type":"ListItem","position":1,"name":"Negozio","item":"https:\/\/medicinasinc.com\/it\/negozio\/"},{"@type":"ListItem","position":2,"name":"Acquista il sale da bagno Pump It"}]},{"@type":"WebSite","@id":"https:\/\/medicinasinc.com\/it\/#website","url":"https:\/\/medicinasinc.com\/it\/","name":"Medicinas Inc","description":"Health Medical Clinic","potentialAction":[{"@type":"SearchAction","target":{"@type":"EntryPoint","urlTemplate":"https:\/\/medicinasinc.com\/it\/?s={search_term_string}"},"query-input":{"@type":"PropertyValueSpecification","valueRequired":true,"valueName":"search_term_string"}}],"inLanguage":"it-IT"}]}},"_links":{"self":[{"href":"https:\/\/medicinasinc.com\/it\/wp-json\/wp\/v2\/product\/5685","targetHints":{"allow":["GET"]}}],"collection":[{"href":"https:\/\/medicinasinc.com\/it\/wp-json\/wp\/v2\/product"}],"about":[{"href":"https:\/\/medicinasinc.com\/it\/wp-json\/wp\/v2\/types\/product"}],"replies":[{"embeddable":true,"href":"https:\/\/medicinasinc.com\/it\/wp-json\/wp\/v2\/comments?post=5685"}],"wp:featuredmedia":[{"embeddable":true,"href":"https:\/\/medicinasinc.com\/it\/wp-json\/wp\/v2\/media\/5697"}],"wp:attachment":[{"href":"https:\/\/medicinasinc.com\/it\/wp-json\/wp\/v2\/media?parent=5685"}],"wp:term":[{"taxonomy":"product_brand","embeddable":true,"href":"https:\/\/medicinasinc.com\/it\/wp-json\/wp\/v2\/product_brand?post=5685"},{"taxonomy":"product_cat","embeddable":true,"href":"https:\/\/medicinasinc.com\/it\/wp-json\/wp\/v2\/product_cat?post=5685"},{"taxonomy":"product_tag","embeddable":true,"href":"https:\/\/medicinasinc.com\/it\/wp-json\/wp\/v2\/product_tag?post=5685"}],"curies":[{"name":"wp","href":"https:\/\/api.w.org\/{rel}","templated":true}]}}