{"id":5677,"date":"2022-02-22T04:00:21","date_gmt":"2022-02-22T04:00:21","guid":{"rendered":"https:\/\/medicinasinc.com\/it\/?post_type=product&#038;p=5677"},"modified":"2022-03-17T00:08:12","modified_gmt":"2022-03-17T00:08:12","slug":"comprare-metossietamina","status":"publish","type":"product","link":"https:\/\/medicinasinc.com\/it\/product\/comprare-metossietamina\/","title":{"rendered":"Acquista metoxetamina"},"content":{"rendered":"<p>Metoxetamina MXE in vendita su Internet<\/p>\n<p>Sapete di cosa si tratta?<\/p>\n<p>Allucinogeno dissociativo La metoxetamina MXE Online, abbreviata in MXE, \u00e8 stata venduta come droga di sintesi. Per il mercato farmaceutico sono stati creati dissociativi come la ketamina e la fenciclidina (PCP), destinati all&#8217;uso medico come anestetici. \u00c8 possibile acquistare la metossietamina online o da fornitori locali. In vendita c&#8217;\u00e8 la polvere di Methoxetamina MXE, che pu\u00f2 essere acquistata a un prezzo basso o acquistata all&#8217;ingrosso a un costo maggiore.<\/p>\n<p>Metoxetamina (MXE), un allucinogeno e anestetico che agisce come antagonista del recettore NMDA , \u00e8 correlato al farmaco veterinario ketamina. Si dice che gli effetti della metoxetamina siano pi\u00f9 forti e duraturi di quelli della ketamina, rendendola un&#8217;opzione ideale per gli studenti che intraprendono ricerche su quella sostanza. La metoxetamina \u00e8 disponibile da BAC esclusivamente a scopo di ricerca. MXE Metoxetamina online senza prescrizione<\/p>\n<p>La metoxetamina \u00e8 un farmaco popolare e molte persone sono alla ricerca di modi per metterci le mani sopra senza uscire di casa. Di conseguenza, richiedono opzioni di pagamento e consegna il pi\u00f9 semplici possibile. Tuttavia, sono principalmente preoccupati di rimanere inosservati. Tuttavia, qui puoi acquistare la metossietamina in modo anonimo e sicuro inviando denaro con carta di credito. L&#8217;invio di denaro tramite Western Union o Money Gram \u00e8 un modo semplice per farlo. Potremmo, tuttavia, voler guardare alla discrezione. Di conseguenza, riteniamo che Bitcoin sia il mezzo di pagamento ideale. Vai avanti ed effettua l&#8217;ordine ora, quindi inviaci una conferma al termine.<\/p>\n<p>Metoxetamina MXE in vendita su Internet<\/p>\n<p>In qualit\u00e0 di fornitore affidabile di prodotti chimici e farmaceutici di ricerca, il nostro negozio di prodotti chimici ha spedito in quasi tutti i paesi del mondo. Per la comodit\u00e0 dei nostri clienti, prendiamo anche bitcoin e carte regalo. Di seguito sono elencati alcuni dei nostri articoli pi\u00f9 popolari.<\/p>\n<p>Polvere MXE in vendita sul mercato<br \/> Acquista 25 I-NBOMe online.<br \/> \u00c8 possibile acquistare cristalli A-PVP<br \/> Actavis prometazina con codeina 32 oz \u00e8 disponibile per l&#8217;acquisto.<br \/> AB-PINACA pu\u00f2 essere acquistato online.<br \/> Adderall online senza prescrizione medica<br \/> Acquista AK-B48<br \/> Acquista anfetamina in polvere.<br \/> Cristalli di butilone in vendita<\/p>\n","protected":false},"excerpt":{"rendered":"<p>Acquista metoxetamina MXE in vendita nel Regno Unito, in Europa e in Australia. offriamo la transazione pi\u00f9 affidabile e vendiamo a prezzi molto convenienti. Ordina ora la metoxetamina MXE ai migliori prezzi<\/p>\n<p>Le persone possono acquistare la metoxetamina MXE in vendita nel Regno Unito. Le persone che acquistano da noi possono essere sicure che otterranno ci\u00f2 per cui pagano. La metoxetamina MXE pu\u00f2 essere acquistata ora ai migliori prezzi.<\/p>\n<p>Acquista la metoxetamina online, ordina il miglior MXE con consegna notturna pura al 99% e scopri dove puoi acquistare la metoxetamina con una carta di credito. Il prezzo MXE.<\/p>\n<p>La metoxetamina \u00e8 un farmaco usato per trattare il dolore. Un allucinogeno chiamato Methoxetamina MXE, o MXE in breve, \u00e8 stato venduto come &#8220;farmaco di design.&#8221;<\/p>\n","protected":false},"featured_media":5687,"comment_status":"open","ping_status":"closed","template":"","meta":[],"product_brand":[],"product_cat":[2014],"product_tag":[3530,3527,3526,3545,3532,3524,3283,3529,3525,3528,3531,3547,3546,3538,3539,3533,3534,3540,3535,3537,3536,3541,3542,3544,3543],"class_list":{"0":"post-5677","1":"product","2":"type-product","3":"status-publish","4":"has-post-thumbnail","6":"product_cat-compra-ricerca-prodotti-chimici","7":"product_tag-buy-mxe-research-chemical","8":"product_tag-comprare-metoxetamina-online","9":"product_tag-comprare-metoxetamina-mxe-online","10":"product_tag-acquisto-metossietamina","11":"product_tag-acquistare-ricerca-prodotti-chimici-metossietamina","12":"product_tag-best-mxe-vendor","13":"product_tag-best-place-to-buy-mxe","14":"product_tag-buy-mxe-online","15":"product_tag-comprare-metossietamina","16":"product_tag-compra-mxe-1g","17":"product_tag-buy-mxe-stati-uniti","18":"product_tag-dove-acquistare-mxe-online","19":"product_tag-dove-posso-comprare-mxe","20":"product_tag-mxe-farmaco-in-vendita","21":"product_tag-info-mxe-drug","22":"product_tag-methoxetamine-for-sale","23":"product_tag-methoxetamine-online","24":"product_tag-mxe-in-vendita","25":"product_tag-mxe","26":"product_tag-mxe-buy-online","27":"product_tag-mxe-compra","28":"product_tag-mxe-methoxetamine","29":"product_tag-mxe-metossietamina-erowid","30":"product_tag-order-methoxetamine-online","31":"product_tag-mxe-vendor","33":"first","34":"instock","35":"shipping-taxable","36":"purchasable","37":"product-type-variable","38":"has-default-attributes"},"yoast_head":"<!-- This site is optimized with the Yoast SEO plugin v27.3 - https:\/\/yoast.com\/product\/yoast-seo-wordpress\/ -->\n<title>Acquista Metoxetamina - Metoxetamina - Best Global Meds<\/title>\n<meta name=\"description\" content=\"Acquista metoxetamina MXE in vendita nel Regno Unito, in Europa, AU. offriamo la transazione pi\u00f9 affidabile e vendiamo a prezzi molto convenienti. Ordina ora Metoxetamina MXE ai migliori prezzi\" \/>\n<meta name=\"robots\" content=\"index, follow, max-snippet:-1, max-image-preview:large, max-video-preview:-1\" \/>\n<link rel=\"canonical\" href=\"https:\/\/medicinasinc.com\/it\/product\/comprare-metossietamina\/\" \/>\n<meta property=\"og:locale\" content=\"it_IT\" \/>\n<meta property=\"og:type\" content=\"article\" \/>\n<meta property=\"og:title\" content=\"Acquista Metoxetamina - Metoxetamina - Best Global Meds\" \/>\n<meta property=\"og:description\" content=\"Acquista metoxetamina MXE in vendita nel Regno Unito, in Europa, AU. offriamo la transazione pi\u00f9 affidabile e vendiamo a prezzi molto convenienti. Ordina ora Metoxetamina MXE ai migliori prezzi\" \/>\n<meta property=\"og:url\" content=\"https:\/\/medicinasinc.com\/it\/product\/comprare-metossietamina\/\" \/>\n<meta property=\"og:site_name\" content=\"Medicinas Inc\" \/>\n<meta property=\"article:modified_time\" content=\"2022-03-17T00:08:12+00:00\" \/>\n<meta property=\"og:image\" content=\"https:\/\/medicinasinc.com\/it\/wp-content\/uploads\/sites\/4\/2022\/02\/Buy-Methoxetamine.webp\" \/>\n\t<meta property=\"og:image:width\" content=\"750\" \/>\n\t<meta property=\"og:image:height\" content=\"461\" \/>\n\t<meta property=\"og:image:type\" content=\"image\/webp\" \/>\n<meta name=\"twitter:card\" content=\"summary_large_image\" \/>\n<meta name=\"twitter:label1\" content=\"Tempo di lettura stimato\" \/>\n\t<meta name=\"twitter:data1\" content=\"2 minuti\" \/>\n<script type=\"application\/ld+json\" class=\"yoast-schema-graph\">{\"@context\":\"https:\\\/\\\/schema.org\",\"@graph\":[{\"@type\":\"WebPage\",\"@id\":\"https:\\\/\\\/medicinasinc.com\\\/it\\\/product\\\/comprare-metossietamina\\\/\",\"url\":\"https:\\\/\\\/medicinasinc.com\\\/it\\\/product\\\/comprare-metossietamina\\\/\",\"name\":\"Acquista Metoxetamina - Metoxetamina - Best Global Meds\",\"isPartOf\":{\"@id\":\"https:\\\/\\\/medicinasinc.com\\\/it\\\/#website\"},\"primaryImageOfPage\":{\"@id\":\"https:\\\/\\\/medicinasinc.com\\\/it\\\/product\\\/comprare-metossietamina\\\/#primaryimage\"},\"image\":{\"@id\":\"https:\\\/\\\/medicinasinc.com\\\/it\\\/product\\\/comprare-metossietamina\\\/#primaryimage\"},\"thumbnailUrl\":\"https:\\\/\\\/medicinasinc.com\\\/it\\\/wp-content\\\/uploads\\\/sites\\\/4\\\/2022\\\/02\\\/Buy-Methoxetamine.webp\",\"datePublished\":\"2022-02-22T04:00:21+00:00\",\"dateModified\":\"2022-03-17T00:08:12+00:00\",\"description\":\"Acquista metoxetamina MXE in vendita nel Regno Unito, in Europa, AU. offriamo la transazione pi\u00f9 affidabile e vendiamo a prezzi molto convenienti. Ordina ora Metoxetamina MXE ai migliori prezzi\",\"breadcrumb\":{\"@id\":\"https:\\\/\\\/medicinasinc.com\\\/it\\\/product\\\/comprare-metossietamina\\\/#breadcrumb\"},\"inLanguage\":\"it-IT\",\"potentialAction\":[{\"@type\":\"ReadAction\",\"target\":[\"https:\\\/\\\/medicinasinc.com\\\/it\\\/product\\\/comprare-metossietamina\\\/\"]}]},{\"@type\":\"ImageObject\",\"inLanguage\":\"it-IT\",\"@id\":\"https:\\\/\\\/medicinasinc.com\\\/it\\\/product\\\/comprare-metossietamina\\\/#primaryimage\",\"url\":\"https:\\\/\\\/medicinasinc.com\\\/it\\\/wp-content\\\/uploads\\\/sites\\\/4\\\/2022\\\/02\\\/Buy-Methoxetamine.webp\",\"contentUrl\":\"https:\\\/\\\/medicinasinc.com\\\/it\\\/wp-content\\\/uploads\\\/sites\\\/4\\\/2022\\\/02\\\/Buy-Methoxetamine.webp\",\"width\":750,\"height\":461},{\"@type\":\"BreadcrumbList\",\"@id\":\"https:\\\/\\\/medicinasinc.com\\\/it\\\/product\\\/comprare-metossietamina\\\/#breadcrumb\",\"itemListElement\":[{\"@type\":\"ListItem\",\"position\":1,\"name\":\"Negozio\",\"item\":\"https:\\\/\\\/medicinasinc.com\\\/it\\\/negozio\\\/\"},{\"@type\":\"ListItem\",\"position\":2,\"name\":\"Acquista metoxetamina\"}]},{\"@type\":\"WebSite\",\"@id\":\"https:\\\/\\\/medicinasinc.com\\\/it\\\/#website\",\"url\":\"https:\\\/\\\/medicinasinc.com\\\/it\\\/\",\"name\":\"Medicinas Inc\",\"description\":\"Health Medical Clinic\",\"potentialAction\":[{\"@type\":\"SearchAction\",\"target\":{\"@type\":\"EntryPoint\",\"urlTemplate\":\"https:\\\/\\\/medicinasinc.com\\\/it\\\/?s={search_term_string}\"},\"query-input\":{\"@type\":\"PropertyValueSpecification\",\"valueRequired\":true,\"valueName\":\"search_term_string\"}}],\"inLanguage\":\"it-IT\"}]}<\/script>\n<!-- \/ Yoast SEO plugin. -->","yoast_head_json":{"title":"Acquista Metoxetamina - Metoxetamina - Best Global Meds","description":"Acquista metoxetamina MXE in vendita nel Regno Unito, in Europa, AU. offriamo la transazione pi\u00f9 affidabile e vendiamo a prezzi molto convenienti. Ordina ora Metoxetamina MXE ai migliori prezzi","robots":{"index":"index","follow":"follow","max-snippet":"max-snippet:-1","max-image-preview":"max-image-preview:large","max-video-preview":"max-video-preview:-1"},"canonical":"https:\/\/medicinasinc.com\/it\/product\/comprare-metossietamina\/","og_locale":"it_IT","og_type":"article","og_title":"Acquista Metoxetamina - Metoxetamina - Best Global Meds","og_description":"Acquista metoxetamina MXE in vendita nel Regno Unito, in Europa, AU. offriamo la transazione pi\u00f9 affidabile e vendiamo a prezzi molto convenienti. Ordina ora Metoxetamina MXE ai migliori prezzi","og_url":"https:\/\/medicinasinc.com\/it\/product\/comprare-metossietamina\/","og_site_name":"Medicinas Inc","article_modified_time":"2022-03-17T00:08:12+00:00","og_image":[{"width":750,"height":461,"url":"https:\/\/medicinasinc.com\/it\/wp-content\/uploads\/sites\/4\/2022\/02\/Buy-Methoxetamine.webp","type":"image\/webp"}],"twitter_card":"summary_large_image","twitter_misc":{"Tempo di lettura stimato":"2 minuti"},"schema":{"@context":"https:\/\/schema.org","@graph":[{"@type":"WebPage","@id":"https:\/\/medicinasinc.com\/it\/product\/comprare-metossietamina\/","url":"https:\/\/medicinasinc.com\/it\/product\/comprare-metossietamina\/","name":"Acquista Metoxetamina - Metoxetamina - Best Global Meds","isPartOf":{"@id":"https:\/\/medicinasinc.com\/it\/#website"},"primaryImageOfPage":{"@id":"https:\/\/medicinasinc.com\/it\/product\/comprare-metossietamina\/#primaryimage"},"image":{"@id":"https:\/\/medicinasinc.com\/it\/product\/comprare-metossietamina\/#primaryimage"},"thumbnailUrl":"https:\/\/medicinasinc.com\/it\/wp-content\/uploads\/sites\/4\/2022\/02\/Buy-Methoxetamine.webp","datePublished":"2022-02-22T04:00:21+00:00","dateModified":"2022-03-17T00:08:12+00:00","description":"Acquista metoxetamina MXE in vendita nel Regno Unito, in Europa, AU. offriamo la transazione pi\u00f9 affidabile e vendiamo a prezzi molto convenienti. Ordina ora Metoxetamina MXE ai migliori prezzi","breadcrumb":{"@id":"https:\/\/medicinasinc.com\/it\/product\/comprare-metossietamina\/#breadcrumb"},"inLanguage":"it-IT","potentialAction":[{"@type":"ReadAction","target":["https:\/\/medicinasinc.com\/it\/product\/comprare-metossietamina\/"]}]},{"@type":"ImageObject","inLanguage":"it-IT","@id":"https:\/\/medicinasinc.com\/it\/product\/comprare-metossietamina\/#primaryimage","url":"https:\/\/medicinasinc.com\/it\/wp-content\/uploads\/sites\/4\/2022\/02\/Buy-Methoxetamine.webp","contentUrl":"https:\/\/medicinasinc.com\/it\/wp-content\/uploads\/sites\/4\/2022\/02\/Buy-Methoxetamine.webp","width":750,"height":461},{"@type":"BreadcrumbList","@id":"https:\/\/medicinasinc.com\/it\/product\/comprare-metossietamina\/#breadcrumb","itemListElement":[{"@type":"ListItem","position":1,"name":"Negozio","item":"https:\/\/medicinasinc.com\/it\/negozio\/"},{"@type":"ListItem","position":2,"name":"Acquista metoxetamina"}]},{"@type":"WebSite","@id":"https:\/\/medicinasinc.com\/it\/#website","url":"https:\/\/medicinasinc.com\/it\/","name":"Medicinas Inc","description":"Health Medical Clinic","potentialAction":[{"@type":"SearchAction","target":{"@type":"EntryPoint","urlTemplate":"https:\/\/medicinasinc.com\/it\/?s={search_term_string}"},"query-input":{"@type":"PropertyValueSpecification","valueRequired":true,"valueName":"search_term_string"}}],"inLanguage":"it-IT"}]}},"_links":{"self":[{"href":"https:\/\/medicinasinc.com\/it\/wp-json\/wp\/v2\/product\/5677","targetHints":{"allow":["GET"]}}],"collection":[{"href":"https:\/\/medicinasinc.com\/it\/wp-json\/wp\/v2\/product"}],"about":[{"href":"https:\/\/medicinasinc.com\/it\/wp-json\/wp\/v2\/types\/product"}],"replies":[{"embeddable":true,"href":"https:\/\/medicinasinc.com\/it\/wp-json\/wp\/v2\/comments?post=5677"}],"wp:featuredmedia":[{"embeddable":true,"href":"https:\/\/medicinasinc.com\/it\/wp-json\/wp\/v2\/media\/5687"}],"wp:attachment":[{"href":"https:\/\/medicinasinc.com\/it\/wp-json\/wp\/v2\/media?parent=5677"}],"wp:term":[{"taxonomy":"product_brand","embeddable":true,"href":"https:\/\/medicinasinc.com\/it\/wp-json\/wp\/v2\/product_brand?post=5677"},{"taxonomy":"product_cat","embeddable":true,"href":"https:\/\/medicinasinc.com\/it\/wp-json\/wp\/v2\/product_cat?post=5677"},{"taxonomy":"product_tag","embeddable":true,"href":"https:\/\/medicinasinc.com\/it\/wp-json\/wp\/v2\/product_tag?post=5677"}],"curies":[{"name":"wp","href":"https:\/\/api.w.org\/{rel}","templated":true}]}}