{"id":5673,"date":"2022-02-22T03:54:58","date_gmt":"2022-02-22T03:54:58","guid":{"rendered":"https:\/\/medicinasinc.com\/it\/?post_type=product&#038;p=5673"},"modified":"2022-03-17T00:08:21","modified_gmt":"2022-03-17T00:08:21","slug":"comprare-alprox-2mg-pillole-xanax","status":"publish","type":"product","link":"https:\/\/medicinasinc.com\/it\/product\/comprare-alprox-2mg-pillole-xanax\/","title":{"rendered":"Acquista Alprox 2mg pillole (Xanax)"},"content":{"rendered":"<p>Le persone che desiderano acquistare online XANAX da 2 mg a buon mercato dovrebbero cercarli. Ordina XANAX 2 mg da Global Home Med a un prezzo basso e ricevilo direttamente a casa tua!<\/p>\n<p>L&#8217;alprazolam pu\u00f2 essere acquistato nel Regno Unito, quindi puoi farlo Una marca di Xanax chiamata Alprazolam ha 2 mg di droga in esso. \u00c8 pi\u00f9 efficace nel Regno Unito assumere la compressa da 2 mg di questo buon medicinale per l&#8217;ansia.<\/p>\n<p>Le persone che desiderano acquistare Xanax possono acquistarlo online. Barrette di Xanax in vendita \u2013 Acquista xanax 2mg online \u2013 acquista xanax 1mg online \u2013<\/p>\n<p>Xanax pu\u00f2 farti sentire assonnato e calmo, facendoti sentire rilassato e a tuo agio.<\/p>\n<p>Acquista Xanax 2Mg in il Regno Unito. Ordina Xanax Overnight in un modo sensato. Pignolo Wilburn fa esplodere la sua offerta di sublimazione Reddit per l&#8217;acquisto di Xanax online.<\/p>\n<p>Le persone possono acquistare Xanax a buon mercato senza una nota medica. Quando acquisti zoloft online, lo trovi nelle migliori farmacie online. Puoi anche acquistare xanax e fentermina a buon mercato online. In questa immagine, puoi vedere le barrette Xanax 2mg generiche che sembrano vere.<\/p>\n<p>Per trattare i disturbi di panico e l&#8217;ansia, acquistare Xanax 2mg Alprazolam 0,5mg, 1mg o 2mg Tablet \u00e8 usato. Le persone che hanno paura e sono stressate possono essere molto spaventate e stressate. \u00c8 meglio iniziare con una piccola quantit\u00e0 e poi aumentare gradualmente la quantit\u00e0. Non smetta immediatamente di prendere questo medicinale, perch\u00e9 potrebbe causare sintomi di astinenza come convulsioni, comportamento aggressivo, visione offuscata e altro, come quando smette di prenderlo.<\/p>\n<p>Prenda Alprazolam 0,5 MG Tablet con o senza cibo, ma non mangiare nulla prima di prenderlo. Non prenda pi\u00f9 di quanto le ha detto il medico. In caso di effetti collaterali negativi, consultare il medico. Assicurati di parlare con il tuo medico prima di interrompere l&#8217;assunzione del medicinale, perch\u00e9 potrebbe farti sentire male.<\/p>\n<p>Come funziona<br \/> Questo medicinale si lega ai canali del cloro e consente agli ioni di cloro di fluire in. Ci\u00f2 fa s\u00ec che la membrana del neurone diventi pi\u00f9 stabile e iperpolarizzata, il che impedisce alla cellula di eccitarsi di pi\u00f9.<\/p>\n","protected":false},"excerpt":{"rendered":"<p>Compra le pillole Alprox xanax 2mg in vendita nel Regno Unito, in Europa. acquista Alprox online, acquista xanax online, acquista online alprox, acquista xanax, Alprox 2mg, dove posso acquistare alprox online.<\/p>\n<p>Online, puoi acquistare pillole di Alprox 2mg in vendita a basso prezzo (Xanax). In questo caso, puoi ottenere Alprox online. Puoi anche acquistarlo online, acquistare Alprox online, acquistare xanax online e scoprire dove acquistarlo.<\/p>\n<p>Puoi acquistare Alprazolam Xanax 2 mg compresse dal nostro negozio globale di medicinali e riceverli rapidamente in qualsiasi paese del mondo! Qui troverai la migliore compressa di Alprazolam 2 MG che puoi acquistare.<\/p>\n<p>Acquista La compressa di Xanax 2 MG \u00e8 usata per trattare i disturbi di panico e l&#8217;ansia, come la paura estrema improvvisa e lo stress causato dallo stress. \u00c8 meglio iniziare con una piccola quantit\u00e0 e poi aumentarla gradualmente. Non interrompere immediatamente l&#8217;assunzione di questo medicinale, perch\u00e9 potrebbe causare sintomi di astinenza come convulsioni, comportamento aggressivo, visione offuscata e altro, se smetti di prenderlo troppo rapidamente.<\/p>\n","protected":false},"featured_media":5683,"comment_status":"open","ping_status":"closed","template":"","meta":[],"product_brand":[],"product_cat":[1117],"product_tag":[1189,3504,3506,3503,3505,1143,3523,3502,1168,1182,1194,3508,1192,3507,1188,3515,3509,3510,3513,3511,3512,3514,3516,3517,3518,3519,3520,3521,3522],"class_list":{"0":"post-5673","1":"product","2":"type-product","3":"status-publish","4":"has-post-thumbnail","6":"product_cat-comprare-pillole-sesso-dolore-per-dormire","7":"product_tag-acquisto-alprazolam-online","8":"product_tag-buy-xanax-2-mg-uk","9":"product_tag-compra-xanax-online","10":"product_tag-comprare-xanax-2-mg","11":"product_tag-comprare-xanax-2mg","12":"product_tag-alprazolam-in-vendita","13":"product_tag-xanax-bar-in-vendita","14":"product_tag-best-shop-xanax-2-mg-uk","15":"product_tag-buy-alprazolam-online","16":"product_tag-come-acquistare-alprazolam-online","17":"product_tag-dove-acquistare-alprazolam-online","18":"product_tag-dove-acquistare-xanax-2-mg-uk","19":"product_tag-il-miglior-posto-per-acquistare-alprazolam-online","20":"product_tag-order-xanax-2-mg-uk","21":"product_tag-ordine-alprazolam-online","22":"product_tag-xanax-2-mg-donna-incinta","23":"product_tag-xanax-2-mg-effetto","24":"product_tag-xanax-2-mg-europa","25":"product_tag-xanax-2-mg-google","26":"product_tag-xanax-2-mg-in-vendita","27":"product_tag-xanax-2-mg-in-vendita-uk","28":"product_tag-xanax-2-mg-online-uk","29":"product_tag-xanax-2-mg-reddit","30":"product_tag-xanax-2-mg-uk","31":"product_tag-xanax-2mg-acquista","32":"product_tag-xanax-2mg-effetto","33":"product_tag-xanax-2mg-in-vendita","34":"product_tag-xanax-2mg-ordine","35":"product_tag-xanax-2mg-reddit","37":"first","38":"instock","39":"shipping-taxable","40":"purchasable","41":"product-type-variable","42":"has-default-attributes"},"yoast_head":"<!-- This site is optimized with the Yoast SEO plugin v27.3 - https:\/\/yoast.com\/product\/yoast-seo-wordpress\/ -->\n<title>Acquista Alprox 2mg pillole (Xanax) - Xanax 2 mg - Best Global Meds<\/title>\n<meta name=\"description\" content=\"Acquista Alprox xanax 2mg pillole in vendita nel Regno Unito, in Europa. acquista Alprox online, acquista xanax online, acquista online alprox, acquistando xanax, ordina Alprox 2mg, dove posso acquistare alprox online.\" \/>\n<meta name=\"robots\" content=\"index, follow, max-snippet:-1, max-image-preview:large, max-video-preview:-1\" \/>\n<link rel=\"canonical\" href=\"https:\/\/medicinasinc.com\/it\/product\/comprare-alprox-2mg-pillole-xanax\/\" \/>\n<meta property=\"og:locale\" content=\"it_IT\" \/>\n<meta property=\"og:type\" content=\"article\" \/>\n<meta property=\"og:title\" content=\"Acquista Alprox 2mg pillole (Xanax) - Xanax 2 mg - Best Global Meds\" \/>\n<meta property=\"og:description\" content=\"Acquista Alprox xanax 2mg pillole in vendita nel Regno Unito, in Europa. acquista Alprox online, acquista xanax online, acquista online alprox, acquistando xanax, ordina Alprox 2mg, dove posso acquistare alprox online.\" \/>\n<meta property=\"og:url\" content=\"https:\/\/medicinasinc.com\/it\/product\/comprare-alprox-2mg-pillole-xanax\/\" \/>\n<meta property=\"og:site_name\" content=\"Medicinas Inc\" \/>\n<meta property=\"article:modified_time\" content=\"2022-03-17T00:08:21+00:00\" \/>\n<meta property=\"og:image\" content=\"https:\/\/medicinasinc.com\/it\/wp-content\/uploads\/sites\/4\/2022\/02\/Buy-xanax-2-mg.jpg\" \/>\n\t<meta property=\"og:image:width\" content=\"400\" \/>\n\t<meta property=\"og:image:height\" content=\"350\" \/>\n\t<meta property=\"og:image:type\" content=\"image\/jpeg\" \/>\n<meta name=\"twitter:card\" content=\"summary_large_image\" \/>\n<meta name=\"twitter:label1\" content=\"Tempo di lettura stimato\" \/>\n\t<meta name=\"twitter:data1\" content=\"2 minuti\" \/>\n<script type=\"application\/ld+json\" class=\"yoast-schema-graph\">{\"@context\":\"https:\\\/\\\/schema.org\",\"@graph\":[{\"@type\":\"WebPage\",\"@id\":\"https:\\\/\\\/medicinasinc.com\\\/it\\\/product\\\/comprare-alprox-2mg-pillole-xanax\\\/\",\"url\":\"https:\\\/\\\/medicinasinc.com\\\/it\\\/product\\\/comprare-alprox-2mg-pillole-xanax\\\/\",\"name\":\"Acquista Alprox 2mg pillole (Xanax) - Xanax 2 mg - Best Global Meds\",\"isPartOf\":{\"@id\":\"https:\\\/\\\/medicinasinc.com\\\/it\\\/#website\"},\"primaryImageOfPage\":{\"@id\":\"https:\\\/\\\/medicinasinc.com\\\/it\\\/product\\\/comprare-alprox-2mg-pillole-xanax\\\/#primaryimage\"},\"image\":{\"@id\":\"https:\\\/\\\/medicinasinc.com\\\/it\\\/product\\\/comprare-alprox-2mg-pillole-xanax\\\/#primaryimage\"},\"thumbnailUrl\":\"https:\\\/\\\/medicinasinc.com\\\/it\\\/wp-content\\\/uploads\\\/sites\\\/4\\\/2022\\\/02\\\/Buy-xanax-2-mg.jpg\",\"datePublished\":\"2022-02-22T03:54:58+00:00\",\"dateModified\":\"2022-03-17T00:08:21+00:00\",\"description\":\"Acquista Alprox xanax 2mg pillole in vendita nel Regno Unito, in Europa. acquista Alprox online, acquista xanax online, acquista online alprox, acquistando xanax, ordina Alprox 2mg, dove posso acquistare alprox online.\",\"breadcrumb\":{\"@id\":\"https:\\\/\\\/medicinasinc.com\\\/it\\\/product\\\/comprare-alprox-2mg-pillole-xanax\\\/#breadcrumb\"},\"inLanguage\":\"it-IT\",\"potentialAction\":[{\"@type\":\"ReadAction\",\"target\":[\"https:\\\/\\\/medicinasinc.com\\\/it\\\/product\\\/comprare-alprox-2mg-pillole-xanax\\\/\"]}]},{\"@type\":\"ImageObject\",\"inLanguage\":\"it-IT\",\"@id\":\"https:\\\/\\\/medicinasinc.com\\\/it\\\/product\\\/comprare-alprox-2mg-pillole-xanax\\\/#primaryimage\",\"url\":\"https:\\\/\\\/medicinasinc.com\\\/it\\\/wp-content\\\/uploads\\\/sites\\\/4\\\/2022\\\/02\\\/Buy-xanax-2-mg.jpg\",\"contentUrl\":\"https:\\\/\\\/medicinasinc.com\\\/it\\\/wp-content\\\/uploads\\\/sites\\\/4\\\/2022\\\/02\\\/Buy-xanax-2-mg.jpg\",\"width\":400,\"height\":350},{\"@type\":\"BreadcrumbList\",\"@id\":\"https:\\\/\\\/medicinasinc.com\\\/it\\\/product\\\/comprare-alprox-2mg-pillole-xanax\\\/#breadcrumb\",\"itemListElement\":[{\"@type\":\"ListItem\",\"position\":1,\"name\":\"Negozio\",\"item\":\"https:\\\/\\\/medicinasinc.com\\\/it\\\/negozio\\\/\"},{\"@type\":\"ListItem\",\"position\":2,\"name\":\"Acquista Alprox 2mg pillole (Xanax)\"}]},{\"@type\":\"WebSite\",\"@id\":\"https:\\\/\\\/medicinasinc.com\\\/it\\\/#website\",\"url\":\"https:\\\/\\\/medicinasinc.com\\\/it\\\/\",\"name\":\"Medicinas Inc\",\"description\":\"Health Medical Clinic\",\"potentialAction\":[{\"@type\":\"SearchAction\",\"target\":{\"@type\":\"EntryPoint\",\"urlTemplate\":\"https:\\\/\\\/medicinasinc.com\\\/it\\\/?s={search_term_string}\"},\"query-input\":{\"@type\":\"PropertyValueSpecification\",\"valueRequired\":true,\"valueName\":\"search_term_string\"}}],\"inLanguage\":\"it-IT\"}]}<\/script>\n<!-- \/ Yoast SEO plugin. -->","yoast_head_json":{"title":"Acquista Alprox 2mg pillole (Xanax) - Xanax 2 mg - Best Global Meds","description":"Acquista Alprox xanax 2mg pillole in vendita nel Regno Unito, in Europa. acquista Alprox online, acquista xanax online, acquista online alprox, acquistando xanax, ordina Alprox 2mg, dove posso acquistare alprox online.","robots":{"index":"index","follow":"follow","max-snippet":"max-snippet:-1","max-image-preview":"max-image-preview:large","max-video-preview":"max-video-preview:-1"},"canonical":"https:\/\/medicinasinc.com\/it\/product\/comprare-alprox-2mg-pillole-xanax\/","og_locale":"it_IT","og_type":"article","og_title":"Acquista Alprox 2mg pillole (Xanax) - Xanax 2 mg - Best Global Meds","og_description":"Acquista Alprox xanax 2mg pillole in vendita nel Regno Unito, in Europa. acquista Alprox online, acquista xanax online, acquista online alprox, acquistando xanax, ordina Alprox 2mg, dove posso acquistare alprox online.","og_url":"https:\/\/medicinasinc.com\/it\/product\/comprare-alprox-2mg-pillole-xanax\/","og_site_name":"Medicinas Inc","article_modified_time":"2022-03-17T00:08:21+00:00","og_image":[{"width":400,"height":350,"url":"https:\/\/medicinasinc.com\/it\/wp-content\/uploads\/sites\/4\/2022\/02\/Buy-xanax-2-mg.jpg","type":"image\/jpeg"}],"twitter_card":"summary_large_image","twitter_misc":{"Tempo di lettura stimato":"2 minuti"},"schema":{"@context":"https:\/\/schema.org","@graph":[{"@type":"WebPage","@id":"https:\/\/medicinasinc.com\/it\/product\/comprare-alprox-2mg-pillole-xanax\/","url":"https:\/\/medicinasinc.com\/it\/product\/comprare-alprox-2mg-pillole-xanax\/","name":"Acquista Alprox 2mg pillole (Xanax) - Xanax 2 mg - Best Global Meds","isPartOf":{"@id":"https:\/\/medicinasinc.com\/it\/#website"},"primaryImageOfPage":{"@id":"https:\/\/medicinasinc.com\/it\/product\/comprare-alprox-2mg-pillole-xanax\/#primaryimage"},"image":{"@id":"https:\/\/medicinasinc.com\/it\/product\/comprare-alprox-2mg-pillole-xanax\/#primaryimage"},"thumbnailUrl":"https:\/\/medicinasinc.com\/it\/wp-content\/uploads\/sites\/4\/2022\/02\/Buy-xanax-2-mg.jpg","datePublished":"2022-02-22T03:54:58+00:00","dateModified":"2022-03-17T00:08:21+00:00","description":"Acquista Alprox xanax 2mg pillole in vendita nel Regno Unito, in Europa. acquista Alprox online, acquista xanax online, acquista online alprox, acquistando xanax, ordina Alprox 2mg, dove posso acquistare alprox online.","breadcrumb":{"@id":"https:\/\/medicinasinc.com\/it\/product\/comprare-alprox-2mg-pillole-xanax\/#breadcrumb"},"inLanguage":"it-IT","potentialAction":[{"@type":"ReadAction","target":["https:\/\/medicinasinc.com\/it\/product\/comprare-alprox-2mg-pillole-xanax\/"]}]},{"@type":"ImageObject","inLanguage":"it-IT","@id":"https:\/\/medicinasinc.com\/it\/product\/comprare-alprox-2mg-pillole-xanax\/#primaryimage","url":"https:\/\/medicinasinc.com\/it\/wp-content\/uploads\/sites\/4\/2022\/02\/Buy-xanax-2-mg.jpg","contentUrl":"https:\/\/medicinasinc.com\/it\/wp-content\/uploads\/sites\/4\/2022\/02\/Buy-xanax-2-mg.jpg","width":400,"height":350},{"@type":"BreadcrumbList","@id":"https:\/\/medicinasinc.com\/it\/product\/comprare-alprox-2mg-pillole-xanax\/#breadcrumb","itemListElement":[{"@type":"ListItem","position":1,"name":"Negozio","item":"https:\/\/medicinasinc.com\/it\/negozio\/"},{"@type":"ListItem","position":2,"name":"Acquista Alprox 2mg pillole (Xanax)"}]},{"@type":"WebSite","@id":"https:\/\/medicinasinc.com\/it\/#website","url":"https:\/\/medicinasinc.com\/it\/","name":"Medicinas Inc","description":"Health Medical Clinic","potentialAction":[{"@type":"SearchAction","target":{"@type":"EntryPoint","urlTemplate":"https:\/\/medicinasinc.com\/it\/?s={search_term_string}"},"query-input":{"@type":"PropertyValueSpecification","valueRequired":true,"valueName":"search_term_string"}}],"inLanguage":"it-IT"}]}},"_links":{"self":[{"href":"https:\/\/medicinasinc.com\/it\/wp-json\/wp\/v2\/product\/5673","targetHints":{"allow":["GET"]}}],"collection":[{"href":"https:\/\/medicinasinc.com\/it\/wp-json\/wp\/v2\/product"}],"about":[{"href":"https:\/\/medicinasinc.com\/it\/wp-json\/wp\/v2\/types\/product"}],"replies":[{"embeddable":true,"href":"https:\/\/medicinasinc.com\/it\/wp-json\/wp\/v2\/comments?post=5673"}],"wp:featuredmedia":[{"embeddable":true,"href":"https:\/\/medicinasinc.com\/it\/wp-json\/wp\/v2\/media\/5683"}],"wp:attachment":[{"href":"https:\/\/medicinasinc.com\/it\/wp-json\/wp\/v2\/media?parent=5673"}],"wp:term":[{"taxonomy":"product_brand","embeddable":true,"href":"https:\/\/medicinasinc.com\/it\/wp-json\/wp\/v2\/product_brand?post=5673"},{"taxonomy":"product_cat","embeddable":true,"href":"https:\/\/medicinasinc.com\/it\/wp-json\/wp\/v2\/product_cat?post=5673"},{"taxonomy":"product_tag","embeddable":true,"href":"https:\/\/medicinasinc.com\/it\/wp-json\/wp\/v2\/product_tag?post=5673"}],"curies":[{"name":"wp","href":"https:\/\/api.w.org\/{rel}","templated":true}]}}